{"id":9964,"date":"2024-09-04T12:52:36","date_gmt":"2024-09-04T12:52:36","guid":{"rendered":"https:\/\/lanordica.fi\/?post_type=product&#038;p=9964"},"modified":"2025-02-20T09:44:05","modified_gmt":"2025-02-20T09:44:05","slug":"margaret-hybriditakka","status":"publish","type":"product","link":"https:\/\/lanordica.fi\/fi\/product\/margaret-hybriditakka\/","title":{"rendered":"Margaret &#8211; Hybriditakka Puu\/Pelletti"},"content":{"rendered":"<p>Mitat (L x K x S): <span class=\"valore \">890 x 1157 x 625 mm<\/span> mm<br \/>\nTeho: 4,1 &#8211; 10 kW<br \/>\nPaino: 270\u00a0 kg<br \/>\nPolttoaineen kulutus, Puu: <span class=\"valore \">2,4 kg\/h<\/span><br \/>\nPolttoaineen kulutus, Pelletti: <span class=\"valore \">0,9 &#8211; 2,4 kg\/h<br \/>\nPellettis\u00e4ili\u00f6n koko: 30 kg<\/span><br \/>\nTulipes\u00e4n koko: &#8211; mm<br \/>\nLuukun koko: &#8211; mm<br \/>\nUunin koko: &#8211; mm<br \/>\nL\u00e4mmitysala: 287 m\u00b3<br \/>\nHormiliitos: 120 mm<br \/>\nS\u00e4\u00e4dett\u00e4v\u00e4 ensi\u00f6ilma: kyll\u00e4<br \/>\nS\u00e4\u00e4dett\u00e4v\u00e4 toisioilma: kyll\u00e4<br \/>\nTertiaari-ilma: esis\u00e4\u00e4detty<br \/>\nJ\u00e4lkipoltto: kyll\u00e4<br \/>\nHy\u00f6tysuhde: 88 %<br \/>\nPolttoaineen kulutus: 2,3 kg\/h<br \/>\nSavukaasujen keskil\u00e4mp\u00f6tila: 216 \u00b0C<br \/>\nCO p\u00e4\u00e4st\u00f6t: 12,4 %<br \/>\nHiukkasp\u00e4\u00e4st\u00f6t: 150 mg\/m\u00b3 (13% O2)<\/p>\n<p>Suojaet\u00e4isyydet:<br \/>\nTaakse: 100 mm<br \/>\nSivuille: 250 mm<br \/>\nEteen: 1200\u00a0 mm<\/p>\n<p>K\u00e4ytt\u00f6ohje: Kyll\u00e4, alkuper\u00e4isen ohjeen Suomi-k\u00e4\u00e4nn\u00f6s<br \/>\n<a href=\"https:\/\/www.lanordica-extraflame.com\/en\/products\/hybride-stoves\/margaret\">Valmistajan alkuper\u00e4iset sivut<\/a><br \/>\n<a href=\"https:\/\/tulituote.com\/wp-content\/uploads\/2024\/09\/Margaret-DOP.pdf\">Margaret DOP<\/a><\/p>\n","protected":false},"excerpt":{"rendered":"<p>T\u00e4m\u00e4 tuote t\u00e4ytt\u00e4\u00e4 <a href=\"https:\/\/eur-lex.europa.eu\/legal-content\/FI\/TXT\/?uri=CELEX%3A32015R1185&amp;qid=1605877565931\">2022 Ekosuunnittelu vaatimukset<\/a><\/p>\n<p>Hybriditakka, jossa voit polttaa sek\u00e4 puuta, ett\u00e4 pelletti\u00e4!<\/p>\n<p>Tulipes\u00e4n luukku valurautaa, valurautaiset arinat ja keraamiset Nordiker tulipes\u00e4n sein\u00e4m\u00e4t. Ulos nostettava tuhka-astia. Huoneilmapuhallin, voit valita tehon tai \u00e4\u00e4nitason mukavuuden v\u00e4lilt\u00e4 (PRO AIR SETUP). Passiivitalotiivis rakenne. Et\u00e4ohjattavissa Wifi ja Alexa yhteensopivuus Total Control 3.0 sovelluksen avulla <a href=\"https:\/\/apps.apple.com\/us\/app\/total-control-3-0\/id1626859895\">App Store<\/a> tai <a href=\"https:\/\/play.google.com\/store\/apps\/details?id=com.extraflame.totalcontrol3&amp;hl=en&amp;pli=1\">Play kaupasta<\/a>. Viikko-ohjelmoinnin mahdollisuus. Ensi\u00f6 ja toisioilman automaattinen s\u00e4\u00e4t\u00f6 ja automaattine palautus (s\u00e4hk\u00f6katkojen aikana). Pellettis\u00e4ili\u00f6n tasoilmaisin (m\u00e4\u00e4r\u00e4). Keraaminen sytytysvastus (pitk\u00e4 k\u00e4ytt\u00f6ik\u00e4 ja nopea syttyminen).<br \/>\nVakiona kaukos\u00e4\u00e4din perusk\u00e4ytt\u00f6\u00f6n. Tyylik\u00e4s ja helppok\u00e4ytt\u00f6inen Black Mask n\u00e4ytt\u00f6paneeli.<\/p>\n<p><strong>Takuu 2+3 vuotta<\/strong> kaikille tuotteille jotka hankitaan t\u00e4lle sivulle listatusta myym\u00e4l\u00e4st\u00e4.<br \/>\nLis\u00e4takuun rekister\u00f6inti <a href=\"https:\/\/lanordica.fi\/rekisteroi-lanordican-lisatakuu\/\">t\u00e4st\u00e4<\/a><\/p>\n","protected":false},"featured_media":9966,"template":"","meta":{"_monsterinsights_skip_tracking":false,"_monsterinsights_sitenote_active":false,"_monsterinsights_sitenote_note":"","_monsterinsights_sitenote_category":0,"jetpack_publicize_message":"","jetpack_publicize_feature_enabled":true,"jetpack_social_post_already_shared":true,"jetpack_social_options":{"image_generator_settings":{"template":"highway","default_image_id":0,"font":"","enabled":false},"version":2},"_wpas_customize_per_network":false},"product_brand":[],"product_cat":[1573,1375,1372,1575],"product_tag":[1428,1572,1441,1478,1571,1570,1378,1379],"class_list":{"0":"post-9964","1":"product","2":"type-product","3":"status-publish","4":"has-post-thumbnail","6":"product_cat-hybridialy","7":"product_cat-pellettitakat","8":"product_cat-takat-ja-kamiinat","9":"product_cat-uutuudet","10":"product_tag-beige","11":"product_tag-hybridi","12":"product_tag-kamiina","13":"product_tag-pelletti","14":"product_tag-puu","15":"product_tag-ruoste","16":"product_tag-takka","17":"product_tag-vuolukivi","18":"product_shipping_class-puuhella","20":"first","21":"instock","22":"taxable","23":"shipping-taxable","24":"purchasable","25":"product-type-variable"},"yoast_head":"<!-- This site is optimized with the Yoast SEO plugin v27.5 - https:\/\/yoast.com\/product\/yoast-seo-wordpress\/ -->\n<title>Margaret - Hybriditakka Puu\/Pelletti - La Nordica - Suomi<\/title>\n<meta name=\"description\" content=\"Polta puuta tai pelletti\u00e4! Hybriditakka mahdollistaa l\u00e4mmityksen manuaalisesti puulla, tai automaattisesti pelletill\u00e4. Vakiona Wifi-yhteys ja Alexa ohjaus.\" \/>\n<meta name=\"robots\" content=\"index, follow, max-snippet:-1, max-image-preview:large, max-video-preview:-1\" \/>\n<link rel=\"canonical\" href=\"https:\/\/lanordica.fi\/fi\/product\/margaret-hybriditakka\/\" \/>\n<meta property=\"og:locale\" content=\"fi_FI\" \/>\n<meta property=\"og:type\" content=\"article\" \/>\n<meta property=\"og:title\" content=\"Margaret - Hybriditakka Puu\/Pelletti - La Nordica - Suomi\" \/>\n<meta property=\"og:description\" content=\"Polta puuta tai pelletti\u00e4! Hybriditakka mahdollistaa l\u00e4mmityksen manuaalisesti puulla, tai automaattisesti pelletill\u00e4. Vakiona Wifi-yhteys ja Alexa ohjaus.\" \/>\n<meta property=\"og:url\" content=\"https:\/\/lanordica.fi\/fi\/product\/margaret-hybriditakka\/\" \/>\n<meta property=\"og:site_name\" content=\"La Nordica - Suomi\" \/>\n<meta property=\"article:modified_time\" content=\"2025-02-20T09:44:05+00:00\" \/>\n<meta property=\"og:image\" content=\"https:\/\/lanordica.fi\/wp-content\/uploads\/2024\/09\/Hybriditakka-puu-pelletti-MARGARET-evolution.jpg\" \/>\n\t<meta property=\"og:image:width\" content=\"900\" \/>\n\t<meta property=\"og:image:height\" content=\"900\" \/>\n\t<meta property=\"og:image:type\" content=\"image\/jpeg\" \/>\n<meta name=\"twitter:card\" content=\"summary_large_image\" \/>\n<meta name=\"twitter:label1\" content=\"Arvioitu lukuaika\" \/>\n\t<meta name=\"twitter:data1\" content=\"1 minuutti\" \/>\n<script type=\"application\/ld+json\" class=\"yoast-schema-graph\">{\"@context\":\"https:\\\/\\\/schema.org\",\"@graph\":[{\"@type\":\"WebPage\",\"@id\":\"https:\\\/\\\/lanordica.fi\\\/product\\\/margaret-hybriditakka\\\/\",\"url\":\"https:\\\/\\\/lanordica.fi\\\/product\\\/margaret-hybriditakka\\\/\",\"name\":\"Margaret - Hybriditakka Puu\\\/Pelletti - La Nordica - Suomi\",\"isPartOf\":{\"@id\":\"https:\\\/\\\/lanordica.fi\\\/#website\"},\"primaryImageOfPage\":{\"@id\":\"https:\\\/\\\/lanordica.fi\\\/product\\\/margaret-hybriditakka\\\/#primaryimage\"},\"image\":{\"@id\":\"https:\\\/\\\/lanordica.fi\\\/product\\\/margaret-hybriditakka\\\/#primaryimage\"},\"thumbnailUrl\":\"https:\\\/\\\/i0.wp.com\\\/lanordica.fi\\\/wp-content\\\/uploads\\\/2024\\\/09\\\/Hybriditakka-puu-pelletti-MARGARET-evolution.jpg?fit=900%2C900&ssl=1\",\"datePublished\":\"2024-09-04T12:52:36+00:00\",\"dateModified\":\"2025-02-20T09:44:05+00:00\",\"description\":\"Polta puuta tai pelletti\u00e4! Hybriditakka mahdollistaa l\u00e4mmityksen manuaalisesti puulla, tai automaattisesti pelletill\u00e4. Vakiona Wifi-yhteys ja Alexa ohjaus.\",\"breadcrumb\":{\"@id\":\"https:\\\/\\\/lanordica.fi\\\/product\\\/margaret-hybriditakka\\\/#breadcrumb\"},\"inLanguage\":\"fi\",\"potentialAction\":[{\"@type\":\"ReadAction\",\"target\":[\"https:\\\/\\\/lanordica.fi\\\/product\\\/margaret-hybriditakka\\\/\"]}]},{\"@type\":\"ImageObject\",\"inLanguage\":\"fi\",\"@id\":\"https:\\\/\\\/lanordica.fi\\\/product\\\/margaret-hybriditakka\\\/#primaryimage\",\"url\":\"https:\\\/\\\/i0.wp.com\\\/lanordica.fi\\\/wp-content\\\/uploads\\\/2024\\\/09\\\/Hybriditakka-puu-pelletti-MARGARET-evolution.jpg?fit=900%2C900&ssl=1\",\"contentUrl\":\"https:\\\/\\\/i0.wp.com\\\/lanordica.fi\\\/wp-content\\\/uploads\\\/2024\\\/09\\\/Hybriditakka-puu-pelletti-MARGARET-evolution.jpg?fit=900%2C900&ssl=1\",\"width\":900,\"height\":900},{\"@type\":\"BreadcrumbList\",\"@id\":\"https:\\\/\\\/lanordica.fi\\\/product\\\/margaret-hybriditakka\\\/#breadcrumb\",\"itemListElement\":[{\"@type\":\"ListItem\",\"position\":1,\"name\":\"Home\",\"item\":\"https:\\\/\\\/lanordica.fi\\\/\"},{\"@type\":\"ListItem\",\"position\":2,\"name\":\"Kauppa\",\"item\":\"https:\\\/\\\/lanordica.fi\\\/shop\\\/\"},{\"@type\":\"ListItem\",\"position\":3,\"name\":\"Margaret &#8211; Hybriditakka Puu\\\/Pelletti\"}]},{\"@type\":\"WebSite\",\"@id\":\"https:\\\/\\\/lanordica.fi\\\/#website\",\"url\":\"https:\\\/\\\/lanordica.fi\\\/\",\"name\":\"La Nordica - Suomi\",\"description\":\"L\u00e4mp\u00f6\u00e4 kotiisi\",\"publisher\":{\"@id\":\"https:\\\/\\\/lanordica.fi\\\/#organization\"},\"potentialAction\":[{\"@type\":\"SearchAction\",\"target\":{\"@type\":\"EntryPoint\",\"urlTemplate\":\"https:\\\/\\\/lanordica.fi\\\/?s={search_term_string}\"},\"query-input\":{\"@type\":\"PropertyValueSpecification\",\"valueRequired\":true,\"valueName\":\"search_term_string\"}}],\"inLanguage\":\"fi\"},{\"@type\":\"Organization\",\"@id\":\"https:\\\/\\\/lanordica.fi\\\/#organization\",\"name\":\"La Nordica - Suomi\",\"url\":\"https:\\\/\\\/lanordica.fi\\\/\",\"logo\":{\"@type\":\"ImageObject\",\"inLanguage\":\"fi\",\"@id\":\"https:\\\/\\\/lanordica.fi\\\/#\\\/schema\\\/logo\\\/image\\\/\",\"url\":\"https:\\\/\\\/i0.wp.com\\\/lanordica.fi\\\/wp-content\\\/uploads\\\/2018\\\/03\\\/lanordica-fi.png?fit=768%2C282&ssl=1\",\"contentUrl\":\"https:\\\/\\\/i0.wp.com\\\/lanordica.fi\\\/wp-content\\\/uploads\\\/2018\\\/03\\\/lanordica-fi.png?fit=768%2C282&ssl=1\",\"width\":768,\"height\":282,\"caption\":\"La Nordica - Suomi\"},\"image\":{\"@id\":\"https:\\\/\\\/lanordica.fi\\\/#\\\/schema\\\/logo\\\/image\\\/\"}}]}<\/script>\n<!-- \/ Yoast SEO plugin. -->","yoast_head_json":{"title":"Margaret - Hybriditakka Puu\/Pelletti - La Nordica - Suomi","description":"Polta puuta tai pelletti\u00e4! Hybriditakka mahdollistaa l\u00e4mmityksen manuaalisesti puulla, tai automaattisesti pelletill\u00e4. Vakiona Wifi-yhteys ja Alexa ohjaus.","robots":{"index":"index","follow":"follow","max-snippet":"max-snippet:-1","max-image-preview":"max-image-preview:large","max-video-preview":"max-video-preview:-1"},"canonical":"https:\/\/lanordica.fi\/fi\/product\/margaret-hybriditakka\/","og_locale":"fi_FI","og_type":"article","og_title":"Margaret - Hybriditakka Puu\/Pelletti - La Nordica - Suomi","og_description":"Polta puuta tai pelletti\u00e4! Hybriditakka mahdollistaa l\u00e4mmityksen manuaalisesti puulla, tai automaattisesti pelletill\u00e4. Vakiona Wifi-yhteys ja Alexa ohjaus.","og_url":"https:\/\/lanordica.fi\/fi\/product\/margaret-hybriditakka\/","og_site_name":"La Nordica - Suomi","article_modified_time":"2025-02-20T09:44:05+00:00","og_image":[{"width":900,"height":900,"url":"https:\/\/lanordica.fi\/wp-content\/uploads\/2024\/09\/Hybriditakka-puu-pelletti-MARGARET-evolution.jpg","type":"image\/jpeg"}],"twitter_card":"summary_large_image","twitter_misc":{"Arvioitu lukuaika":"1 minuutti"},"schema":{"@context":"https:\/\/schema.org","@graph":[{"@type":"WebPage","@id":"https:\/\/lanordica.fi\/product\/margaret-hybriditakka\/","url":"https:\/\/lanordica.fi\/product\/margaret-hybriditakka\/","name":"Margaret - Hybriditakka Puu\/Pelletti - La Nordica - Suomi","isPartOf":{"@id":"https:\/\/lanordica.fi\/#website"},"primaryImageOfPage":{"@id":"https:\/\/lanordica.fi\/product\/margaret-hybriditakka\/#primaryimage"},"image":{"@id":"https:\/\/lanordica.fi\/product\/margaret-hybriditakka\/#primaryimage"},"thumbnailUrl":"https:\/\/i0.wp.com\/lanordica.fi\/wp-content\/uploads\/2024\/09\/Hybriditakka-puu-pelletti-MARGARET-evolution.jpg?fit=900%2C900&ssl=1","datePublished":"2024-09-04T12:52:36+00:00","dateModified":"2025-02-20T09:44:05+00:00","description":"Polta puuta tai pelletti\u00e4! Hybriditakka mahdollistaa l\u00e4mmityksen manuaalisesti puulla, tai automaattisesti pelletill\u00e4. Vakiona Wifi-yhteys ja Alexa ohjaus.","breadcrumb":{"@id":"https:\/\/lanordica.fi\/product\/margaret-hybriditakka\/#breadcrumb"},"inLanguage":"fi","potentialAction":[{"@type":"ReadAction","target":["https:\/\/lanordica.fi\/product\/margaret-hybriditakka\/"]}]},{"@type":"ImageObject","inLanguage":"fi","@id":"https:\/\/lanordica.fi\/product\/margaret-hybriditakka\/#primaryimage","url":"https:\/\/i0.wp.com\/lanordica.fi\/wp-content\/uploads\/2024\/09\/Hybriditakka-puu-pelletti-MARGARET-evolution.jpg?fit=900%2C900&ssl=1","contentUrl":"https:\/\/i0.wp.com\/lanordica.fi\/wp-content\/uploads\/2024\/09\/Hybriditakka-puu-pelletti-MARGARET-evolution.jpg?fit=900%2C900&ssl=1","width":900,"height":900},{"@type":"BreadcrumbList","@id":"https:\/\/lanordica.fi\/product\/margaret-hybriditakka\/#breadcrumb","itemListElement":[{"@type":"ListItem","position":1,"name":"Home","item":"https:\/\/lanordica.fi\/"},{"@type":"ListItem","position":2,"name":"Kauppa","item":"https:\/\/lanordica.fi\/shop\/"},{"@type":"ListItem","position":3,"name":"Margaret &#8211; Hybriditakka Puu\/Pelletti"}]},{"@type":"WebSite","@id":"https:\/\/lanordica.fi\/#website","url":"https:\/\/lanordica.fi\/","name":"La Nordica - Suomi","description":"L\u00e4mp\u00f6\u00e4 kotiisi","publisher":{"@id":"https:\/\/lanordica.fi\/#organization"},"potentialAction":[{"@type":"SearchAction","target":{"@type":"EntryPoint","urlTemplate":"https:\/\/lanordica.fi\/?s={search_term_string}"},"query-input":{"@type":"PropertyValueSpecification","valueRequired":true,"valueName":"search_term_string"}}],"inLanguage":"fi"},{"@type":"Organization","@id":"https:\/\/lanordica.fi\/#organization","name":"La Nordica - Suomi","url":"https:\/\/lanordica.fi\/","logo":{"@type":"ImageObject","inLanguage":"fi","@id":"https:\/\/lanordica.fi\/#\/schema\/logo\/image\/","url":"https:\/\/i0.wp.com\/lanordica.fi\/wp-content\/uploads\/2018\/03\/lanordica-fi.png?fit=768%2C282&ssl=1","contentUrl":"https:\/\/i0.wp.com\/lanordica.fi\/wp-content\/uploads\/2018\/03\/lanordica-fi.png?fit=768%2C282&ssl=1","width":768,"height":282,"caption":"La Nordica - Suomi"},"image":{"@id":"https:\/\/lanordica.fi\/#\/schema\/logo\/image\/"}}]}},"jetpack_publicize_connections":[],"jetpack_sharing_enabled":true,"jetpack_likes_enabled":true,"_links":{"self":[{"href":"https:\/\/lanordica.fi\/fi\/wp-json\/wp\/v2\/product\/9964","targetHints":{"allow":["GET"]}}],"collection":[{"href":"https:\/\/lanordica.fi\/fi\/wp-json\/wp\/v2\/product"}],"about":[{"href":"https:\/\/lanordica.fi\/fi\/wp-json\/wp\/v2\/types\/product"}],"version-history":[{"count":3,"href":"https:\/\/lanordica.fi\/fi\/wp-json\/wp\/v2\/product\/9964\/revisions"}],"predecessor-version":[{"id":11075,"href":"https:\/\/lanordica.fi\/fi\/wp-json\/wp\/v2\/product\/9964\/revisions\/11075"}],"wp:featuredmedia":[{"embeddable":true,"href":"https:\/\/lanordica.fi\/fi\/wp-json\/wp\/v2\/media\/9966"}],"wp:attachment":[{"href":"https:\/\/lanordica.fi\/fi\/wp-json\/wp\/v2\/media?parent=9964"}],"wp:term":[{"taxonomy":"product_brand","embeddable":true,"href":"https:\/\/lanordica.fi\/fi\/wp-json\/wp\/v2\/product_brand?post=9964"},{"taxonomy":"product_cat","embeddable":true,"href":"https:\/\/lanordica.fi\/fi\/wp-json\/wp\/v2\/product_cat?post=9964"},{"taxonomy":"product_tag","embeddable":true,"href":"https:\/\/lanordica.fi\/fi\/wp-json\/wp\/v2\/product_tag?post=9964"}],"curies":[{"name":"wp","href":"https:\/\/api.w.org\/{rel}","templated":true}]}}