{"id":980,"date":"2019-02-27T07:01:25","date_gmt":"2019-02-27T07:01:25","guid":{"rendered":"https:\/\/lanordica.fi\/?post_type=product&#038;p=980"},"modified":"2024-09-04T12:03:59","modified_gmt":"2024-09-04T12:03:59","slug":"candy-valurautakamiina","status":"publish","type":"product","link":"https:\/\/lanordica.fi\/fi\/product\/candy-valurautakamiina\/","title":{"rendered":"Candy 4.0 &#8211; valurautakamiina"},"content":{"rendered":"<p>Mitat (L x K x S):\u00a0 404 x 890 x 397 mm<br \/>\nTeho:\u00a0 6,2 kW<br \/>\nPaino: 85 kg<br \/>\nTulipes\u00e4n koko: 330 x 393 x 215 mm<br \/>\nLuukun koko: 233 x 315 mm<br \/>\nL\u00e4mmitysala:\u00a0 177 m\u00b3<br \/>\nHormiliitos: 120 mm p\u00e4\u00e4lt\u00e4<br \/>\nS\u00e4\u00e4dett\u00e4v\u00e4 ensi\u00f6ilma: kyll\u00e4<br \/>\nS\u00e4\u00e4dett\u00e4v\u00e4 toisioilma: kyll\u00e4<br \/>\nTertiaari-ilma:esis\u00e4\u00e4detty<br \/>\nJ\u00e4lkipoltto: kyll\u00e4<br \/>\nHy\u00f6tysuhde: 85,1 %<br \/>\nPolttoaineen kulutus:\u00a0 kg\/h<br \/>\nSavukaasujen keskil\u00e4mp\u00f6tila:\u00a0 \u00b0C<br \/>\nCO p\u00e4\u00e4st\u00f6t:\u00a0 %<br \/>\nHiukkasp\u00e4\u00e4st\u00f6t:\u00a0 g mg\/m\u00b3 (13% O2)<\/p>\n<p>Suojaet\u00e4isyydet:<br \/>\nTaakse: 500 mm<br \/>\nSivuille: 600 mm<br \/>\nEteen: 1000\u00a0 mm<\/p>\n<p>K\u00e4ytt\u00f6ohje: Kyll\u00e4, alkuper\u00e4isen ohjeen Suomi-k\u00e4\u00e4nn\u00f6s<br \/>\n<a href=\"https:\/\/www.lanordica-extraflame.com\/en\/products\/wood-stoves\/candy-40\">Valmistajan alkuper\u00e4iset sivut<\/a><br \/>\n<a href=\"https:\/\/www.lanordica-extraflame.com\/sites\/default\/files\/documenti_temp\/007193018-001_dop_candy_4.0.pdf\">Suoritustasoilmoitus.pdf<\/a><\/p>\n","protected":false},"excerpt":{"rendered":"<p>Pieni huippulaadukas kamiina korkealla tulipes\u00e4ll\u00e4. 6,2 kW huipputeho tuottaa nopeasti ja eritt\u00e4in tehokkaasti l\u00e4mp\u00f6\u00e4. Huippuunsa hiottu j\u00e4lkipoltto huolehtii ett\u00e4 puusta ei &#8221;j\u00e4\u00e4 j\u00e4lke\u00e4k\u00e4\u00e4n&#8221; eritt\u00e4in tehokkaalla yli 80 % hy\u00f6tysuhteellaan. Puu palaa my\u00f6s kauan hyvien ilmans\u00e4\u00e4t\u00f6jens\u00e4 ansiosta. Vain yl\u00e4l\u00e4ht\u00f6.<\/p>\n","protected":false},"featured_media":984,"template":"","meta":{"_monsterinsights_skip_tracking":false,"_monsterinsights_sitenote_active":false,"_monsterinsights_sitenote_note":"","_monsterinsights_sitenote_category":0,"jetpack_publicize_message":"","jetpack_publicize_feature_enabled":true,"jetpack_social_post_already_shared":true,"jetpack_social_options":{"image_generator_settings":{"template":"highway","default_image_id":0,"font":"","enabled":false},"version":2},"_wpas_customize_per_network":false},"product_brand":[],"product_cat":[1372],"product_tag":[1441,1397,1442],"class_list":{"0":"post-980","1":"product","2":"type-product","3":"status-publish","4":"has-post-thumbnail","6":"product_cat-takat-ja-kamiinat","7":"product_tag-kamiina","8":"product_tag-musta","9":"product_tag-valurauta","10":"product_shipping_class-takka-tai-kamiina","12":"first","13":"instock","14":"taxable","15":"shipping-taxable","16":"purchasable","17":"product-type-simple"},"yoast_head":"<!-- This site is optimized with the Yoast SEO plugin v27.5 - https:\/\/yoast.com\/product\/yoast-seo-wordpress\/ -->\n<title>Candy 4.0 - valurautakamiina - La Nordica - Suomi<\/title>\n<meta name=\"description\" content=\"Valurautainen Desing kamiina. Korkea tulipes\u00e4 ja iso lasiluukku poikkeavat normaaleista perinteisist\u00e4 kamiinoista.\" \/>\n<meta name=\"robots\" content=\"index, follow, max-snippet:-1, max-image-preview:large, max-video-preview:-1\" \/>\n<link rel=\"canonical\" href=\"https:\/\/lanordica.fi\/fi\/product\/candy-valurautakamiina\/\" \/>\n<meta property=\"og:locale\" content=\"fi_FI\" \/>\n<meta property=\"og:type\" content=\"article\" \/>\n<meta property=\"og:title\" content=\"Candy 4.0 - valurautakamiina - La Nordica - Suomi\" \/>\n<meta property=\"og:description\" content=\"Valurautainen Desing kamiina. Korkea tulipes\u00e4 ja iso lasiluukku poikkeavat normaaleista perinteisist\u00e4 kamiinoista.\" \/>\n<meta property=\"og:url\" content=\"https:\/\/lanordica.fi\/fi\/product\/candy-valurautakamiina\/\" \/>\n<meta property=\"og:site_name\" content=\"La Nordica - Suomi\" \/>\n<meta property=\"article:modified_time\" content=\"2024-09-04T12:03:59+00:00\" \/>\n<meta property=\"og:image\" content=\"https:\/\/lanordica.fi\/wp-content\/uploads\/2019\/02\/Candy-kamiina-pk.jpg\" \/>\n\t<meta property=\"og:image:width\" content=\"1200\" \/>\n\t<meta property=\"og:image:height\" content=\"1183\" \/>\n\t<meta property=\"og:image:type\" content=\"image\/jpeg\" \/>\n<meta name=\"twitter:card\" content=\"summary_large_image\" \/>\n<meta name=\"twitter:label1\" content=\"Arvioitu lukuaika\" \/>\n\t<meta name=\"twitter:data1\" content=\"1 minuutti\" \/>\n<script type=\"application\/ld+json\" class=\"yoast-schema-graph\">{\"@context\":\"https:\\\/\\\/schema.org\",\"@graph\":[{\"@type\":\"WebPage\",\"@id\":\"https:\\\/\\\/lanordica.fi\\\/product\\\/candy-valurautakamiina\\\/\",\"url\":\"https:\\\/\\\/lanordica.fi\\\/product\\\/candy-valurautakamiina\\\/\",\"name\":\"Candy 4.0 - valurautakamiina - La Nordica - Suomi\",\"isPartOf\":{\"@id\":\"https:\\\/\\\/lanordica.fi\\\/#website\"},\"primaryImageOfPage\":{\"@id\":\"https:\\\/\\\/lanordica.fi\\\/product\\\/candy-valurautakamiina\\\/#primaryimage\"},\"image\":{\"@id\":\"https:\\\/\\\/lanordica.fi\\\/product\\\/candy-valurautakamiina\\\/#primaryimage\"},\"thumbnailUrl\":\"https:\\\/\\\/i0.wp.com\\\/lanordica.fi\\\/wp-content\\\/uploads\\\/2019\\\/02\\\/Candy-kamiina-pk.jpg?fit=1200%2C1183&ssl=1\",\"datePublished\":\"2019-02-27T07:01:25+00:00\",\"dateModified\":\"2024-09-04T12:03:59+00:00\",\"description\":\"Valurautainen Desing kamiina. Korkea tulipes\u00e4 ja iso lasiluukku poikkeavat normaaleista perinteisist\u00e4 kamiinoista.\",\"breadcrumb\":{\"@id\":\"https:\\\/\\\/lanordica.fi\\\/product\\\/candy-valurautakamiina\\\/#breadcrumb\"},\"inLanguage\":\"fi\",\"potentialAction\":[{\"@type\":\"ReadAction\",\"target\":[\"https:\\\/\\\/lanordica.fi\\\/product\\\/candy-valurautakamiina\\\/\"]}]},{\"@type\":\"ImageObject\",\"inLanguage\":\"fi\",\"@id\":\"https:\\\/\\\/lanordica.fi\\\/product\\\/candy-valurautakamiina\\\/#primaryimage\",\"url\":\"https:\\\/\\\/i0.wp.com\\\/lanordica.fi\\\/wp-content\\\/uploads\\\/2019\\\/02\\\/Candy-kamiina-pk.jpg?fit=1200%2C1183&ssl=1\",\"contentUrl\":\"https:\\\/\\\/i0.wp.com\\\/lanordica.fi\\\/wp-content\\\/uploads\\\/2019\\\/02\\\/Candy-kamiina-pk.jpg?fit=1200%2C1183&ssl=1\",\"width\":1200,\"height\":1183},{\"@type\":\"BreadcrumbList\",\"@id\":\"https:\\\/\\\/lanordica.fi\\\/product\\\/candy-valurautakamiina\\\/#breadcrumb\",\"itemListElement\":[{\"@type\":\"ListItem\",\"position\":1,\"name\":\"Home\",\"item\":\"https:\\\/\\\/lanordica.fi\\\/\"},{\"@type\":\"ListItem\",\"position\":2,\"name\":\"Kauppa\",\"item\":\"https:\\\/\\\/lanordica.fi\\\/shop\\\/\"},{\"@type\":\"ListItem\",\"position\":3,\"name\":\"Candy 4.0 &#8211; valurautakamiina\"}]},{\"@type\":\"WebSite\",\"@id\":\"https:\\\/\\\/lanordica.fi\\\/#website\",\"url\":\"https:\\\/\\\/lanordica.fi\\\/\",\"name\":\"La Nordica - Suomi\",\"description\":\"L\u00e4mp\u00f6\u00e4 kotiisi\",\"publisher\":{\"@id\":\"https:\\\/\\\/lanordica.fi\\\/#organization\"},\"potentialAction\":[{\"@type\":\"SearchAction\",\"target\":{\"@type\":\"EntryPoint\",\"urlTemplate\":\"https:\\\/\\\/lanordica.fi\\\/?s={search_term_string}\"},\"query-input\":{\"@type\":\"PropertyValueSpecification\",\"valueRequired\":true,\"valueName\":\"search_term_string\"}}],\"inLanguage\":\"fi\"},{\"@type\":\"Organization\",\"@id\":\"https:\\\/\\\/lanordica.fi\\\/#organization\",\"name\":\"La Nordica - Suomi\",\"url\":\"https:\\\/\\\/lanordica.fi\\\/\",\"logo\":{\"@type\":\"ImageObject\",\"inLanguage\":\"fi\",\"@id\":\"https:\\\/\\\/lanordica.fi\\\/#\\\/schema\\\/logo\\\/image\\\/\",\"url\":\"https:\\\/\\\/i0.wp.com\\\/lanordica.fi\\\/wp-content\\\/uploads\\\/2018\\\/03\\\/lanordica-fi.png?fit=768%2C282&ssl=1\",\"contentUrl\":\"https:\\\/\\\/i0.wp.com\\\/lanordica.fi\\\/wp-content\\\/uploads\\\/2018\\\/03\\\/lanordica-fi.png?fit=768%2C282&ssl=1\",\"width\":768,\"height\":282,\"caption\":\"La Nordica - Suomi\"},\"image\":{\"@id\":\"https:\\\/\\\/lanordica.fi\\\/#\\\/schema\\\/logo\\\/image\\\/\"}}]}<\/script>\n<!-- \/ Yoast SEO plugin. -->","yoast_head_json":{"title":"Candy 4.0 - valurautakamiina - La Nordica - Suomi","description":"Valurautainen Desing kamiina. Korkea tulipes\u00e4 ja iso lasiluukku poikkeavat normaaleista perinteisist\u00e4 kamiinoista.","robots":{"index":"index","follow":"follow","max-snippet":"max-snippet:-1","max-image-preview":"max-image-preview:large","max-video-preview":"max-video-preview:-1"},"canonical":"https:\/\/lanordica.fi\/fi\/product\/candy-valurautakamiina\/","og_locale":"fi_FI","og_type":"article","og_title":"Candy 4.0 - valurautakamiina - La Nordica - Suomi","og_description":"Valurautainen Desing kamiina. Korkea tulipes\u00e4 ja iso lasiluukku poikkeavat normaaleista perinteisist\u00e4 kamiinoista.","og_url":"https:\/\/lanordica.fi\/fi\/product\/candy-valurautakamiina\/","og_site_name":"La Nordica - Suomi","article_modified_time":"2024-09-04T12:03:59+00:00","og_image":[{"width":1200,"height":1183,"url":"https:\/\/lanordica.fi\/wp-content\/uploads\/2019\/02\/Candy-kamiina-pk.jpg","type":"image\/jpeg"}],"twitter_card":"summary_large_image","twitter_misc":{"Arvioitu lukuaika":"1 minuutti"},"schema":{"@context":"https:\/\/schema.org","@graph":[{"@type":"WebPage","@id":"https:\/\/lanordica.fi\/product\/candy-valurautakamiina\/","url":"https:\/\/lanordica.fi\/product\/candy-valurautakamiina\/","name":"Candy 4.0 - valurautakamiina - La Nordica - Suomi","isPartOf":{"@id":"https:\/\/lanordica.fi\/#website"},"primaryImageOfPage":{"@id":"https:\/\/lanordica.fi\/product\/candy-valurautakamiina\/#primaryimage"},"image":{"@id":"https:\/\/lanordica.fi\/product\/candy-valurautakamiina\/#primaryimage"},"thumbnailUrl":"https:\/\/i0.wp.com\/lanordica.fi\/wp-content\/uploads\/2019\/02\/Candy-kamiina-pk.jpg?fit=1200%2C1183&ssl=1","datePublished":"2019-02-27T07:01:25+00:00","dateModified":"2024-09-04T12:03:59+00:00","description":"Valurautainen Desing kamiina. Korkea tulipes\u00e4 ja iso lasiluukku poikkeavat normaaleista perinteisist\u00e4 kamiinoista.","breadcrumb":{"@id":"https:\/\/lanordica.fi\/product\/candy-valurautakamiina\/#breadcrumb"},"inLanguage":"fi","potentialAction":[{"@type":"ReadAction","target":["https:\/\/lanordica.fi\/product\/candy-valurautakamiina\/"]}]},{"@type":"ImageObject","inLanguage":"fi","@id":"https:\/\/lanordica.fi\/product\/candy-valurautakamiina\/#primaryimage","url":"https:\/\/i0.wp.com\/lanordica.fi\/wp-content\/uploads\/2019\/02\/Candy-kamiina-pk.jpg?fit=1200%2C1183&ssl=1","contentUrl":"https:\/\/i0.wp.com\/lanordica.fi\/wp-content\/uploads\/2019\/02\/Candy-kamiina-pk.jpg?fit=1200%2C1183&ssl=1","width":1200,"height":1183},{"@type":"BreadcrumbList","@id":"https:\/\/lanordica.fi\/product\/candy-valurautakamiina\/#breadcrumb","itemListElement":[{"@type":"ListItem","position":1,"name":"Home","item":"https:\/\/lanordica.fi\/"},{"@type":"ListItem","position":2,"name":"Kauppa","item":"https:\/\/lanordica.fi\/shop\/"},{"@type":"ListItem","position":3,"name":"Candy 4.0 &#8211; valurautakamiina"}]},{"@type":"WebSite","@id":"https:\/\/lanordica.fi\/#website","url":"https:\/\/lanordica.fi\/","name":"La Nordica - Suomi","description":"L\u00e4mp\u00f6\u00e4 kotiisi","publisher":{"@id":"https:\/\/lanordica.fi\/#organization"},"potentialAction":[{"@type":"SearchAction","target":{"@type":"EntryPoint","urlTemplate":"https:\/\/lanordica.fi\/?s={search_term_string}"},"query-input":{"@type":"PropertyValueSpecification","valueRequired":true,"valueName":"search_term_string"}}],"inLanguage":"fi"},{"@type":"Organization","@id":"https:\/\/lanordica.fi\/#organization","name":"La Nordica - Suomi","url":"https:\/\/lanordica.fi\/","logo":{"@type":"ImageObject","inLanguage":"fi","@id":"https:\/\/lanordica.fi\/#\/schema\/logo\/image\/","url":"https:\/\/i0.wp.com\/lanordica.fi\/wp-content\/uploads\/2018\/03\/lanordica-fi.png?fit=768%2C282&ssl=1","contentUrl":"https:\/\/i0.wp.com\/lanordica.fi\/wp-content\/uploads\/2018\/03\/lanordica-fi.png?fit=768%2C282&ssl=1","width":768,"height":282,"caption":"La Nordica - Suomi"},"image":{"@id":"https:\/\/lanordica.fi\/#\/schema\/logo\/image\/"}}]}},"jetpack_publicize_connections":[],"jetpack_sharing_enabled":true,"jetpack_likes_enabled":true,"_links":{"self":[{"href":"https:\/\/lanordica.fi\/fi\/wp-json\/wp\/v2\/product\/980","targetHints":{"allow":["GET"]}}],"collection":[{"href":"https:\/\/lanordica.fi\/fi\/wp-json\/wp\/v2\/product"}],"about":[{"href":"https:\/\/lanordica.fi\/fi\/wp-json\/wp\/v2\/types\/product"}],"version-history":[{"count":3,"href":"https:\/\/lanordica.fi\/fi\/wp-json\/wp\/v2\/product\/980\/revisions"}],"predecessor-version":[{"id":7562,"href":"https:\/\/lanordica.fi\/fi\/wp-json\/wp\/v2\/product\/980\/revisions\/7562"}],"wp:featuredmedia":[{"embeddable":true,"href":"https:\/\/lanordica.fi\/fi\/wp-json\/wp\/v2\/media\/984"}],"wp:attachment":[{"href":"https:\/\/lanordica.fi\/fi\/wp-json\/wp\/v2\/media?parent=980"}],"wp:term":[{"taxonomy":"product_brand","embeddable":true,"href":"https:\/\/lanordica.fi\/fi\/wp-json\/wp\/v2\/product_brand?post=980"},{"taxonomy":"product_cat","embeddable":true,"href":"https:\/\/lanordica.fi\/fi\/wp-json\/wp\/v2\/product_cat?post=980"},{"taxonomy":"product_tag","embeddable":true,"href":"https:\/\/lanordica.fi\/fi\/wp-json\/wp\/v2\/product_tag?post=980"}],"curies":[{"name":"wp","href":"https:\/\/api.w.org\/{rel}","templated":true}]}}