{"id":964,"date":"2019-02-26T12:16:21","date_gmt":"2019-02-26T12:16:21","guid":{"rendered":"https:\/\/lanordica.fi\/?post_type=product&#038;p=964"},"modified":"2026-05-08T08:28:57","modified_gmt":"2026-05-08T08:28:57","slug":"jennifer-valurautakamiina","status":"publish","type":"product","link":"https:\/\/lanordica.fi\/fi\/product\/jennifer-valurautakamiina\/","title":{"rendered":"JENNIFER.16 &#8211; valurautakamiina"},"content":{"rendered":"<p>Mitat (L x K x S):\u00a0 702 x 870 x 426 mm<br \/>\nTeho:\u00a0 7,5 kW<br \/>\nPaino:\u00a0 141\u00a0 kg<br \/>\nTulipes\u00e4n koko: 530 x 450 x 290 mm<br \/>\nLuukun koko: 650 x 411 mm<br \/>\nL\u00e4mmitysala: 215 m\u00b3<br \/>\nHormiliitos: 150 mm p\u00e4\u00e4lt\u00e4<br \/>\nS\u00e4\u00e4dett\u00e4v\u00e4 ensi\u00f6ilma: kyll\u00e4<br \/>\nS\u00e4\u00e4dett\u00e4v\u00e4 toisioilma: kyll\u00e4<br \/>\nTertiaari-ilma:esis\u00e4\u00e4detty<br \/>\nJ\u00e4lkipoltto:kyll\u00e4<br \/>\nHy\u00f6tysuhde: 81,5 %<br \/>\nPolttoaineen kulutus: 2,2 kg\/h<br \/>\nSavukaasujen keskil\u00e4mp\u00f6tila: 270 \u02daC<br \/>\nCO p\u00e4\u00e4st\u00f6t: 0,089 %<br \/>\nHiukkasp\u00e4\u00e4st\u00f6t:\u00a0 g mg\/m\u00b3 (13% O2)<\/p>\n<p>Suojaet\u00e4isyys &#8211; pohja d<sub>B <\/sub>\u00a0= 0 mm<br \/>\nSuojaet\u00e4isyys &#8211; edess\u00e4 oleva lattia d<sub>F<\/sub> = 1200 mm<br \/>\nSuojaet\u00e4isyys &#8211; katto d<sub>C<\/sub> = 750 mm<br \/>\nSuojaet\u00e4isyys &#8211; taakse d<sub>R<\/sub> = 500 mm<br \/>\nSuojaet\u00e4isyys &#8211; sivu d<sub>S<\/sub> = 600 mm<br \/>\nSuojaet\u00e4isyys &#8211; sivun s\u00e4teilyalue d<sub>L<\/sub> = 1200 mm<br \/>\nSuojaet\u00e4isyys &#8211; eteen d<sub>P<\/sub> = 1200 mm<br \/>\n<em>Suojaet\u00e4isyydell\u00e4 tarkoitetaan et\u00e4isyytt\u00e4 palavaan materiaaliin<br \/>\nPalamaton materiaali ei vaadi suojaet\u00e4isyytt\u00e4<\/em><br \/>\n<em>*Edess\u00e4 olevan lattian osalta noudatetaan Suomen paloturvalakia (kipin\u00e4suoja 400 mm eteen, 100 mm sivuille luukusta). Vaikka tuotteelle olisi annettu suojaet\u00e4isyydeksi 0 mm, se ei kumoa paloturvalakiin m\u00e4\u00e4ritelty\u00e4 kipin\u00e4pellin vaatimusta.<\/em><\/p>\n<p>K\u00e4ytt\u00f6ohje: Kyll\u00e4, alkuper\u00e4isen ohjeen Suomi-k\u00e4\u00e4nn\u00f6s<br \/>\n<a href=\"https:\/\/www.lanordica-extraflame.com\/en\/la-nordica\/wood-stoves\/jennifer16\">Valmistajan alkuper\u00e4iset sivut<\/a><br \/>\n<a href=\"https:\/\/storage.onpage.it\/23681d3007dedf71ff05ff12be6c21972beab1e6\/004300974-000%20DOP%20JENNIFER.16%20.pdf\">Suoritustasoilmoitus.pdf<\/a><\/p>\n","protected":false},"excerpt":{"rendered":"<p>Jennifer on moderni , leve\u00e4luukkuinen kamiina. Ison tulipes\u00e4n ansiosta takassa voi polttaa jopa 50 cm pitki\u00e4 puita, jotka palavat hyv\u00e4n polttotekniikan ansiosta todella pitk\u00e4\u00e4n. Ulosvedett\u00e4v\u00e4 tuhka-astia lasiluukun takana piilossa. Kaarevan takaosan ansiosta tuote sopii asennettavaksi my\u00f6s nurkkaan. Ilmaj\u00e4\u00e4hdytetyn taustasein\u00e4n ansiosta tuotteeseen on saatu my\u00f6s kiertoilmaominaisuus, sek\u00e4 pienet turvaet\u00e4isyydet.<\/p>\n","protected":false},"featured_media":966,"template":"","meta":{"_monsterinsights_skip_tracking":false,"_monsterinsights_sitenote_active":false,"_monsterinsights_sitenote_note":"","_monsterinsights_sitenote_category":0,"jetpack_publicize_message":"","jetpack_publicize_feature_enabled":true,"jetpack_social_post_already_shared":true,"jetpack_social_options":{"image_generator_settings":{"template":"highway","default_image_id":0,"font":"","enabled":false},"version":2},"_wpas_customize_per_network":false},"product_brand":[],"product_cat":[1372],"product_tag":[1441,1397,1442],"class_list":{"0":"post-964","1":"product","2":"type-product","3":"status-publish","4":"has-post-thumbnail","6":"product_cat-takat-ja-kamiinat","7":"product_tag-kamiina","8":"product_tag-musta","9":"product_tag-valurauta","10":"product_shipping_class-takka-tai-kamiina","12":"first","13":"onbackorder","14":"taxable","15":"shipping-taxable","16":"purchasable","17":"product-type-simple"},"yoast_head":"<!-- This site is optimized with the Yoast SEO plugin v27.5 - https:\/\/yoast.com\/product\/yoast-seo-wordpress\/ -->\n<title>JENNIFER.16 - valurautakamiina - La Nordica - Suomi<\/title>\n<meta name=\"description\" content=\"Leve\u00e4 ja korkea valurautakamiina. Tulipes\u00e4 huimat 53 cm leve\u00e4! Tyylikk\u00e4\u00e4n sokkelin alla voi s\u00e4ilytt\u00e4\u00e4 polttopuita.\" \/>\n<meta name=\"robots\" content=\"index, follow, max-snippet:-1, max-image-preview:large, max-video-preview:-1\" \/>\n<link rel=\"canonical\" href=\"https:\/\/lanordica.fi\/fi\/product\/jennifer-valurautakamiina\/\" \/>\n<meta property=\"og:locale\" content=\"fi_FI\" \/>\n<meta property=\"og:type\" content=\"article\" \/>\n<meta property=\"og:title\" content=\"JENNIFER.16 - valurautakamiina - La Nordica - Suomi\" \/>\n<meta property=\"og:description\" content=\"Leve\u00e4 ja korkea valurautakamiina. Tulipes\u00e4 huimat 53 cm leve\u00e4! Tyylikk\u00e4\u00e4n sokkelin alla voi s\u00e4ilytt\u00e4\u00e4 polttopuita.\" \/>\n<meta property=\"og:url\" content=\"https:\/\/lanordica.fi\/fi\/product\/jennifer-valurautakamiina\/\" \/>\n<meta property=\"og:site_name\" content=\"La Nordica - Suomi\" \/>\n<meta property=\"article:modified_time\" content=\"2026-05-08T08:28:57+00:00\" \/>\n<meta property=\"og:image\" content=\"https:\/\/lanordica.fi\/wp-content\/uploads\/2019\/02\/Jennifer-valurautakamiina-pk.jpg\" \/>\n\t<meta property=\"og:image:width\" content=\"1200\" \/>\n\t<meta property=\"og:image:height\" content=\"1183\" \/>\n\t<meta property=\"og:image:type\" content=\"image\/jpeg\" \/>\n<meta name=\"twitter:card\" content=\"summary_large_image\" \/>\n<meta name=\"twitter:label1\" content=\"Arvioitu lukuaika\" \/>\n\t<meta name=\"twitter:data1\" content=\"2 minuuttia\" \/>\n<script type=\"application\/ld+json\" class=\"yoast-schema-graph\">{\"@context\":\"https:\\\/\\\/schema.org\",\"@graph\":[{\"@type\":\"WebPage\",\"@id\":\"https:\\\/\\\/lanordica.fi\\\/product\\\/jennifer-valurautakamiina\\\/\",\"url\":\"https:\\\/\\\/lanordica.fi\\\/product\\\/jennifer-valurautakamiina\\\/\",\"name\":\"JENNIFER.16 - valurautakamiina - La Nordica - Suomi\",\"isPartOf\":{\"@id\":\"https:\\\/\\\/lanordica.fi\\\/#website\"},\"primaryImageOfPage\":{\"@id\":\"https:\\\/\\\/lanordica.fi\\\/product\\\/jennifer-valurautakamiina\\\/#primaryimage\"},\"image\":{\"@id\":\"https:\\\/\\\/lanordica.fi\\\/product\\\/jennifer-valurautakamiina\\\/#primaryimage\"},\"thumbnailUrl\":\"https:\\\/\\\/i0.wp.com\\\/lanordica.fi\\\/wp-content\\\/uploads\\\/2019\\\/02\\\/Jennifer-valurautakamiina-pk.jpg?fit=1200%2C1183&ssl=1\",\"datePublished\":\"2019-02-26T12:16:21+00:00\",\"dateModified\":\"2026-05-08T08:28:57+00:00\",\"description\":\"Leve\u00e4 ja korkea valurautakamiina. Tulipes\u00e4 huimat 53 cm leve\u00e4! Tyylikk\u00e4\u00e4n sokkelin alla voi s\u00e4ilytt\u00e4\u00e4 polttopuita.\",\"breadcrumb\":{\"@id\":\"https:\\\/\\\/lanordica.fi\\\/product\\\/jennifer-valurautakamiina\\\/#breadcrumb\"},\"inLanguage\":\"fi\",\"potentialAction\":[{\"@type\":\"ReadAction\",\"target\":[\"https:\\\/\\\/lanordica.fi\\\/product\\\/jennifer-valurautakamiina\\\/\"]}]},{\"@type\":\"ImageObject\",\"inLanguage\":\"fi\",\"@id\":\"https:\\\/\\\/lanordica.fi\\\/product\\\/jennifer-valurautakamiina\\\/#primaryimage\",\"url\":\"https:\\\/\\\/i0.wp.com\\\/lanordica.fi\\\/wp-content\\\/uploads\\\/2019\\\/02\\\/Jennifer-valurautakamiina-pk.jpg?fit=1200%2C1183&ssl=1\",\"contentUrl\":\"https:\\\/\\\/i0.wp.com\\\/lanordica.fi\\\/wp-content\\\/uploads\\\/2019\\\/02\\\/Jennifer-valurautakamiina-pk.jpg?fit=1200%2C1183&ssl=1\",\"width\":1200,\"height\":1183},{\"@type\":\"BreadcrumbList\",\"@id\":\"https:\\\/\\\/lanordica.fi\\\/product\\\/jennifer-valurautakamiina\\\/#breadcrumb\",\"itemListElement\":[{\"@type\":\"ListItem\",\"position\":1,\"name\":\"Home\",\"item\":\"https:\\\/\\\/lanordica.fi\\\/\"},{\"@type\":\"ListItem\",\"position\":2,\"name\":\"Kauppa\",\"item\":\"https:\\\/\\\/lanordica.fi\\\/shop\\\/\"},{\"@type\":\"ListItem\",\"position\":3,\"name\":\"JENNIFER.16 &#8211; valurautakamiina\"}]},{\"@type\":\"WebSite\",\"@id\":\"https:\\\/\\\/lanordica.fi\\\/#website\",\"url\":\"https:\\\/\\\/lanordica.fi\\\/\",\"name\":\"La Nordica - Suomi\",\"description\":\"L\u00e4mp\u00f6\u00e4 kotiisi\",\"publisher\":{\"@id\":\"https:\\\/\\\/lanordica.fi\\\/#organization\"},\"potentialAction\":[{\"@type\":\"SearchAction\",\"target\":{\"@type\":\"EntryPoint\",\"urlTemplate\":\"https:\\\/\\\/lanordica.fi\\\/?s={search_term_string}\"},\"query-input\":{\"@type\":\"PropertyValueSpecification\",\"valueRequired\":true,\"valueName\":\"search_term_string\"}}],\"inLanguage\":\"fi\"},{\"@type\":\"Organization\",\"@id\":\"https:\\\/\\\/lanordica.fi\\\/#organization\",\"name\":\"La Nordica - Suomi\",\"url\":\"https:\\\/\\\/lanordica.fi\\\/\",\"logo\":{\"@type\":\"ImageObject\",\"inLanguage\":\"fi\",\"@id\":\"https:\\\/\\\/lanordica.fi\\\/#\\\/schema\\\/logo\\\/image\\\/\",\"url\":\"https:\\\/\\\/i0.wp.com\\\/lanordica.fi\\\/wp-content\\\/uploads\\\/2018\\\/03\\\/lanordica-fi.png?fit=768%2C282&ssl=1\",\"contentUrl\":\"https:\\\/\\\/i0.wp.com\\\/lanordica.fi\\\/wp-content\\\/uploads\\\/2018\\\/03\\\/lanordica-fi.png?fit=768%2C282&ssl=1\",\"width\":768,\"height\":282,\"caption\":\"La Nordica - Suomi\"},\"image\":{\"@id\":\"https:\\\/\\\/lanordica.fi\\\/#\\\/schema\\\/logo\\\/image\\\/\"}}]}<\/script>\n<!-- \/ Yoast SEO plugin. -->","yoast_head_json":{"title":"JENNIFER.16 - valurautakamiina - La Nordica - Suomi","description":"Leve\u00e4 ja korkea valurautakamiina. Tulipes\u00e4 huimat 53 cm leve\u00e4! Tyylikk\u00e4\u00e4n sokkelin alla voi s\u00e4ilytt\u00e4\u00e4 polttopuita.","robots":{"index":"index","follow":"follow","max-snippet":"max-snippet:-1","max-image-preview":"max-image-preview:large","max-video-preview":"max-video-preview:-1"},"canonical":"https:\/\/lanordica.fi\/fi\/product\/jennifer-valurautakamiina\/","og_locale":"fi_FI","og_type":"article","og_title":"JENNIFER.16 - valurautakamiina - La Nordica - Suomi","og_description":"Leve\u00e4 ja korkea valurautakamiina. Tulipes\u00e4 huimat 53 cm leve\u00e4! Tyylikk\u00e4\u00e4n sokkelin alla voi s\u00e4ilytt\u00e4\u00e4 polttopuita.","og_url":"https:\/\/lanordica.fi\/fi\/product\/jennifer-valurautakamiina\/","og_site_name":"La Nordica - Suomi","article_modified_time":"2026-05-08T08:28:57+00:00","og_image":[{"width":1200,"height":1183,"url":"https:\/\/lanordica.fi\/wp-content\/uploads\/2019\/02\/Jennifer-valurautakamiina-pk.jpg","type":"image\/jpeg"}],"twitter_card":"summary_large_image","twitter_misc":{"Arvioitu lukuaika":"2 minuuttia"},"schema":{"@context":"https:\/\/schema.org","@graph":[{"@type":"WebPage","@id":"https:\/\/lanordica.fi\/product\/jennifer-valurautakamiina\/","url":"https:\/\/lanordica.fi\/product\/jennifer-valurautakamiina\/","name":"JENNIFER.16 - valurautakamiina - La Nordica - Suomi","isPartOf":{"@id":"https:\/\/lanordica.fi\/#website"},"primaryImageOfPage":{"@id":"https:\/\/lanordica.fi\/product\/jennifer-valurautakamiina\/#primaryimage"},"image":{"@id":"https:\/\/lanordica.fi\/product\/jennifer-valurautakamiina\/#primaryimage"},"thumbnailUrl":"https:\/\/i0.wp.com\/lanordica.fi\/wp-content\/uploads\/2019\/02\/Jennifer-valurautakamiina-pk.jpg?fit=1200%2C1183&ssl=1","datePublished":"2019-02-26T12:16:21+00:00","dateModified":"2026-05-08T08:28:57+00:00","description":"Leve\u00e4 ja korkea valurautakamiina. Tulipes\u00e4 huimat 53 cm leve\u00e4! Tyylikk\u00e4\u00e4n sokkelin alla voi s\u00e4ilytt\u00e4\u00e4 polttopuita.","breadcrumb":{"@id":"https:\/\/lanordica.fi\/product\/jennifer-valurautakamiina\/#breadcrumb"},"inLanguage":"fi","potentialAction":[{"@type":"ReadAction","target":["https:\/\/lanordica.fi\/product\/jennifer-valurautakamiina\/"]}]},{"@type":"ImageObject","inLanguage":"fi","@id":"https:\/\/lanordica.fi\/product\/jennifer-valurautakamiina\/#primaryimage","url":"https:\/\/i0.wp.com\/lanordica.fi\/wp-content\/uploads\/2019\/02\/Jennifer-valurautakamiina-pk.jpg?fit=1200%2C1183&ssl=1","contentUrl":"https:\/\/i0.wp.com\/lanordica.fi\/wp-content\/uploads\/2019\/02\/Jennifer-valurautakamiina-pk.jpg?fit=1200%2C1183&ssl=1","width":1200,"height":1183},{"@type":"BreadcrumbList","@id":"https:\/\/lanordica.fi\/product\/jennifer-valurautakamiina\/#breadcrumb","itemListElement":[{"@type":"ListItem","position":1,"name":"Home","item":"https:\/\/lanordica.fi\/"},{"@type":"ListItem","position":2,"name":"Kauppa","item":"https:\/\/lanordica.fi\/shop\/"},{"@type":"ListItem","position":3,"name":"JENNIFER.16 &#8211; valurautakamiina"}]},{"@type":"WebSite","@id":"https:\/\/lanordica.fi\/#website","url":"https:\/\/lanordica.fi\/","name":"La Nordica - Suomi","description":"L\u00e4mp\u00f6\u00e4 kotiisi","publisher":{"@id":"https:\/\/lanordica.fi\/#organization"},"potentialAction":[{"@type":"SearchAction","target":{"@type":"EntryPoint","urlTemplate":"https:\/\/lanordica.fi\/?s={search_term_string}"},"query-input":{"@type":"PropertyValueSpecification","valueRequired":true,"valueName":"search_term_string"}}],"inLanguage":"fi"},{"@type":"Organization","@id":"https:\/\/lanordica.fi\/#organization","name":"La Nordica - Suomi","url":"https:\/\/lanordica.fi\/","logo":{"@type":"ImageObject","inLanguage":"fi","@id":"https:\/\/lanordica.fi\/#\/schema\/logo\/image\/","url":"https:\/\/i0.wp.com\/lanordica.fi\/wp-content\/uploads\/2018\/03\/lanordica-fi.png?fit=768%2C282&ssl=1","contentUrl":"https:\/\/i0.wp.com\/lanordica.fi\/wp-content\/uploads\/2018\/03\/lanordica-fi.png?fit=768%2C282&ssl=1","width":768,"height":282,"caption":"La Nordica - Suomi"},"image":{"@id":"https:\/\/lanordica.fi\/#\/schema\/logo\/image\/"}}]}},"jetpack_publicize_connections":[],"jetpack_sharing_enabled":true,"jetpack_likes_enabled":true,"_links":{"self":[{"href":"https:\/\/lanordica.fi\/fi\/wp-json\/wp\/v2\/product\/964","targetHints":{"allow":["GET"]}}],"collection":[{"href":"https:\/\/lanordica.fi\/fi\/wp-json\/wp\/v2\/product"}],"about":[{"href":"https:\/\/lanordica.fi\/fi\/wp-json\/wp\/v2\/types\/product"}],"version-history":[{"count":7,"href":"https:\/\/lanordica.fi\/fi\/wp-json\/wp\/v2\/product\/964\/revisions"}],"predecessor-version":[{"id":14108,"href":"https:\/\/lanordica.fi\/fi\/wp-json\/wp\/v2\/product\/964\/revisions\/14108"}],"wp:featuredmedia":[{"embeddable":true,"href":"https:\/\/lanordica.fi\/fi\/wp-json\/wp\/v2\/media\/966"}],"wp:attachment":[{"href":"https:\/\/lanordica.fi\/fi\/wp-json\/wp\/v2\/media?parent=964"}],"wp:term":[{"taxonomy":"product_brand","embeddable":true,"href":"https:\/\/lanordica.fi\/fi\/wp-json\/wp\/v2\/product_brand?post=964"},{"taxonomy":"product_cat","embeddable":true,"href":"https:\/\/lanordica.fi\/fi\/wp-json\/wp\/v2\/product_cat?post=964"},{"taxonomy":"product_tag","embeddable":true,"href":"https:\/\/lanordica.fi\/fi\/wp-json\/wp\/v2\/product_tag?post=964"}],"curies":[{"name":"wp","href":"https:\/\/api.w.org\/{rel}","templated":true}]}}