{"id":954,"date":"2019-02-26T08:46:27","date_gmt":"2019-02-26T08:46:27","guid":{"rendered":"https:\/\/lanordica.fi\/?post_type=product&#038;p=954"},"modified":"2026-05-08T09:24:55","modified_gmt":"2026-05-08T09:24:55","slug":"isotta-con-cerchi","status":"publish","type":"product","link":"https:\/\/lanordica.fi\/fi\/product\/isotta-con-cerchi\/","title":{"rendered":"Isotta Con Cerchi EVO &#8211; valurautakamiina keittolevyll\u00e4"},"content":{"rendered":"<p>Mitat (L x K x S): 790 x 830 x 660 mm<br \/>\nTeho: 11,9 kW<br \/>\nPaino: 216 kg<br \/>\nTulipes\u00e4n koko: 597 x 360 x 290 mm<br \/>\nLuukun koko: 519&#215;305 mm<br \/>\nL\u00e4mmitysala: 338 m\u00b3<br \/>\nHormiliitos: 150 mm takaa<br \/>\nS\u00e4\u00e4dett\u00e4v\u00e4 ensi\u00f6ilma: kyll\u00e4<br \/>\nS\u00e4\u00e4dett\u00e4v\u00e4 toisioilma: kyll\u00e4<br \/>\nTertiaari-ilma:esis\u00e4\u00e4detty<br \/>\nJ\u00e4lkipoltto:kyll\u00e4<br \/>\nHy\u00f6tysuhde: 82 %<br \/>\nPolttoaineen kulutus: 3,2 kg\/h<br \/>\nSavukaasujen keskil\u00e4mp\u00f6tila: 272 \u00b0C<br \/>\nCO p\u00e4\u00e4st\u00f6t: 0,01 %<br \/>\nHiukkasp\u00e4\u00e4st\u00f6t:\u00a0 10,3 mg\/m\u00b3 (13% O2)<\/p>\n<p>Suojaet\u00e4isyydet:<\/p>\n<p>Suojaet\u00e4isyys \u2013 pohja dB = 0 mm<br \/>\nSuojaet\u00e4isyys \u2013 edess\u00e4 oleva lattia dF = 700 mm<br \/>\nSuojaet\u00e4isyys \u2013 katto dC = 750 mm<br \/>\nSuojaet\u00e4isyys \u2013 taakse dR = 400 mm<br \/>\nSuojaet\u00e4isyys \u2013 sivu dS = 700 mm<br \/>\nSuojaet\u00e4isyys \u2013 sivun s\u00e4teilyalue dL = 0 mm<br \/>\nSuojaet\u00e4isyys \u2013 eteen dP = 1300 mm<\/p>\n<p>Suojaet\u00e4isyydell\u00e4 tarkoitetaan et\u00e4isyytt\u00e4 palavaan materiaaliin<br \/>\nPalamaton materiaali ei vaadi suojaet\u00e4isyytt\u00e4<br \/>\n*Edess\u00e4 olevan lattian osalta tulee noudattaa Suomen paloturvalakia (kipin\u00e4suoja 400 mm eteen, 100 mm sivuille luukusta). Vaikka tuotteelle olisi annettu suojaet\u00e4isyydeksi 0 mm, se ei kumoa paloturvalakiin m\u00e4\u00e4ritelty\u00e4 kipin\u00e4pellin vaatimusta.<\/p>\n<p>K\u00e4ytt\u00f6ohje: Kyll\u00e4, alkuper\u00e4isen ohjeen Suomi-k\u00e4\u00e4nn\u00f6s<br \/>\n<a href=\"https:\/\/www.lanordica-extraflame.com\/en\/products\/wood-stoves\/isotta-con-cerchi-evo\">Valmistajan alkuper\u00e4iset sivut<\/a><br \/>\n<a href=\"https:\/\/www.lanordica-extraflame.com\/sites\/default\/files\/documenti_temp\/000000188-002_dop_helga_evo.pdf\">Suoritustasoilmoitus.pdf<\/a><\/p>\n","protected":false},"excerpt":{"rendered":"<p>T\u00e4m\u00e4 tuote t\u00e4ytt\u00e4\u00e4 2022 Ekosuunnittelu vaatimukset<\/p>\n<p>Isotta on huippulaadukas iso kamiina, jonka p\u00e4\u00e4ll\u00e4 on huipputehokas keittotaso. Keittotaso voidaan peitt\u00e4\u00e4 k\u00e4tev\u00e4sti valurautaisella suojakannella.\u00a0 Erikoisuutena sivut\u00e4ytt\u00f6luukku, josta voidaan my\u00f6s lis\u00e4t\u00e4 polttopuita. Huikeat 11,9 kW huipputeho tuottaa nopeasti ja eritt\u00e4in tehokkaasti l\u00e4mp\u00f6\u00e4. Huippuunsa hiottu j\u00e4lkipoltto huolehtii ett\u00e4 puusta ei &#8221;j\u00e4\u00e4 j\u00e4lke\u00e4k\u00e4\u00e4n&#8221; eritt\u00e4in tehokkaalla yli 80 % hy\u00f6tysuhteellaan. Puu palaa my\u00f6s kauan hyvien ilmans\u00e4\u00e4t\u00f6jensa ansiosta. Vain takal\u00e4ht\u00f6, joka voidaan k\u00e4\u00e4nt\u00e4\u00e4 my\u00f6s yl\u00f6sp\u00e4in.<\/p>\n","protected":false},"featured_media":956,"template":"","meta":{"_monsterinsights_skip_tracking":false,"_monsterinsights_sitenote_active":false,"_monsterinsights_sitenote_note":"","_monsterinsights_sitenote_category":0,"jetpack_publicize_message":"","jetpack_publicize_feature_enabled":true,"jetpack_social_post_already_shared":true,"jetpack_social_options":{"image_generator_settings":{"template":"highway","default_image_id":0,"font":"","enabled":false},"version":2},"_wpas_customize_per_network":false},"product_brand":[],"product_cat":[1372],"product_tag":[1441,1398,1397,1461,1442],"class_list":{"0":"post-954","1":"product","2":"type-product","3":"status-publish","4":"has-post-thumbnail","6":"product_cat-takat-ja-kamiinat","7":"product_tag-kamiina","8":"product_tag-keittolevy","9":"product_tag-musta","10":"product_tag-takalahto","11":"product_tag-valurauta","12":"product_shipping_class-takka-tai-kamiina","14":"first","15":"instock","16":"taxable","17":"shipping-taxable","18":"purchasable","19":"product-type-simple"},"yoast_head":"<!-- This site is optimized with the Yoast SEO plugin v27.5 - https:\/\/yoast.com\/product\/yoast-seo-wordpress\/ -->\n<title>Isotta Con Cerchi EVO - valurautakamiina keittolevyll\u00e4 - La Nordica - Suomi<\/title>\n<meta name=\"description\" content=\"Isotta ja Isetta sarjan valurautaiset kamiinat polttavat polttopuuta puhtaasti ja pitk\u00e4\u00e4n. Isottamallissa sivuluukku.\" \/>\n<meta name=\"robots\" content=\"index, follow, max-snippet:-1, max-image-preview:large, max-video-preview:-1\" \/>\n<link rel=\"canonical\" href=\"https:\/\/lanordica.fi\/fi\/product\/isotta-con-cerchi\/\" \/>\n<meta property=\"og:locale\" content=\"fi_FI\" \/>\n<meta property=\"og:type\" content=\"article\" \/>\n<meta property=\"og:title\" content=\"Isotta Con Cerchi EVO - valurautakamiina keittolevyll\u00e4 - La Nordica - Suomi\" \/>\n<meta property=\"og:description\" content=\"Isotta ja Isetta sarjan valurautaiset kamiinat polttavat polttopuuta puhtaasti ja pitk\u00e4\u00e4n. Isottamallissa sivuluukku.\" \/>\n<meta property=\"og:url\" content=\"https:\/\/lanordica.fi\/fi\/product\/isotta-con-cerchi\/\" \/>\n<meta property=\"og:site_name\" content=\"La Nordica - Suomi\" \/>\n<meta property=\"article:modified_time\" content=\"2026-05-08T09:24:55+00:00\" \/>\n<meta property=\"og:image\" content=\"https:\/\/lanordica.fi\/wp-content\/uploads\/2019\/02\/Isotta-con-cerhi-pk.jpg\" \/>\n\t<meta property=\"og:image:width\" content=\"1200\" \/>\n\t<meta property=\"og:image:height\" content=\"1183\" \/>\n\t<meta property=\"og:image:type\" content=\"image\/jpeg\" \/>\n<meta name=\"twitter:card\" content=\"summary_large_image\" \/>\n<meta name=\"twitter:label1\" content=\"Arvioitu lukuaika\" \/>\n\t<meta name=\"twitter:data1\" content=\"2 minuuttia\" \/>\n<script type=\"application\/ld+json\" class=\"yoast-schema-graph\">{\"@context\":\"https:\\\/\\\/schema.org\",\"@graph\":[{\"@type\":\"WebPage\",\"@id\":\"https:\\\/\\\/lanordica.fi\\\/product\\\/isotta-con-cerchi\\\/\",\"url\":\"https:\\\/\\\/lanordica.fi\\\/product\\\/isotta-con-cerchi\\\/\",\"name\":\"Isotta Con Cerchi EVO - valurautakamiina keittolevyll\u00e4 - La Nordica - Suomi\",\"isPartOf\":{\"@id\":\"https:\\\/\\\/lanordica.fi\\\/#website\"},\"primaryImageOfPage\":{\"@id\":\"https:\\\/\\\/lanordica.fi\\\/product\\\/isotta-con-cerchi\\\/#primaryimage\"},\"image\":{\"@id\":\"https:\\\/\\\/lanordica.fi\\\/product\\\/isotta-con-cerchi\\\/#primaryimage\"},\"thumbnailUrl\":\"https:\\\/\\\/i0.wp.com\\\/lanordica.fi\\\/wp-content\\\/uploads\\\/2019\\\/02\\\/Isotta-con-cerhi-pk.jpg?fit=1200%2C1183&ssl=1\",\"datePublished\":\"2019-02-26T08:46:27+00:00\",\"dateModified\":\"2026-05-08T09:24:55+00:00\",\"description\":\"Isotta ja Isetta sarjan valurautaiset kamiinat polttavat polttopuuta puhtaasti ja pitk\u00e4\u00e4n. Isottamallissa sivuluukku.\",\"breadcrumb\":{\"@id\":\"https:\\\/\\\/lanordica.fi\\\/product\\\/isotta-con-cerchi\\\/#breadcrumb\"},\"inLanguage\":\"fi\",\"potentialAction\":[{\"@type\":\"ReadAction\",\"target\":[\"https:\\\/\\\/lanordica.fi\\\/product\\\/isotta-con-cerchi\\\/\"]}]},{\"@type\":\"ImageObject\",\"inLanguage\":\"fi\",\"@id\":\"https:\\\/\\\/lanordica.fi\\\/product\\\/isotta-con-cerchi\\\/#primaryimage\",\"url\":\"https:\\\/\\\/i0.wp.com\\\/lanordica.fi\\\/wp-content\\\/uploads\\\/2019\\\/02\\\/Isotta-con-cerhi-pk.jpg?fit=1200%2C1183&ssl=1\",\"contentUrl\":\"https:\\\/\\\/i0.wp.com\\\/lanordica.fi\\\/wp-content\\\/uploads\\\/2019\\\/02\\\/Isotta-con-cerhi-pk.jpg?fit=1200%2C1183&ssl=1\",\"width\":1200,\"height\":1183},{\"@type\":\"BreadcrumbList\",\"@id\":\"https:\\\/\\\/lanordica.fi\\\/product\\\/isotta-con-cerchi\\\/#breadcrumb\",\"itemListElement\":[{\"@type\":\"ListItem\",\"position\":1,\"name\":\"Home\",\"item\":\"https:\\\/\\\/lanordica.fi\\\/\"},{\"@type\":\"ListItem\",\"position\":2,\"name\":\"Kauppa\",\"item\":\"https:\\\/\\\/lanordica.fi\\\/shop\\\/\"},{\"@type\":\"ListItem\",\"position\":3,\"name\":\"Isotta Con Cerchi EVO &#8211; valurautakamiina keittolevyll\u00e4\"}]},{\"@type\":\"WebSite\",\"@id\":\"https:\\\/\\\/lanordica.fi\\\/#website\",\"url\":\"https:\\\/\\\/lanordica.fi\\\/\",\"name\":\"La Nordica - Suomi\",\"description\":\"L\u00e4mp\u00f6\u00e4 kotiisi\",\"publisher\":{\"@id\":\"https:\\\/\\\/lanordica.fi\\\/#organization\"},\"potentialAction\":[{\"@type\":\"SearchAction\",\"target\":{\"@type\":\"EntryPoint\",\"urlTemplate\":\"https:\\\/\\\/lanordica.fi\\\/?s={search_term_string}\"},\"query-input\":{\"@type\":\"PropertyValueSpecification\",\"valueRequired\":true,\"valueName\":\"search_term_string\"}}],\"inLanguage\":\"fi\"},{\"@type\":\"Organization\",\"@id\":\"https:\\\/\\\/lanordica.fi\\\/#organization\",\"name\":\"La Nordica - Suomi\",\"url\":\"https:\\\/\\\/lanordica.fi\\\/\",\"logo\":{\"@type\":\"ImageObject\",\"inLanguage\":\"fi\",\"@id\":\"https:\\\/\\\/lanordica.fi\\\/#\\\/schema\\\/logo\\\/image\\\/\",\"url\":\"https:\\\/\\\/i0.wp.com\\\/lanordica.fi\\\/wp-content\\\/uploads\\\/2018\\\/03\\\/lanordica-fi.png?fit=768%2C282&ssl=1\",\"contentUrl\":\"https:\\\/\\\/i0.wp.com\\\/lanordica.fi\\\/wp-content\\\/uploads\\\/2018\\\/03\\\/lanordica-fi.png?fit=768%2C282&ssl=1\",\"width\":768,\"height\":282,\"caption\":\"La Nordica - Suomi\"},\"image\":{\"@id\":\"https:\\\/\\\/lanordica.fi\\\/#\\\/schema\\\/logo\\\/image\\\/\"}}]}<\/script>\n<!-- \/ Yoast SEO plugin. -->","yoast_head_json":{"title":"Isotta Con Cerchi EVO - valurautakamiina keittolevyll\u00e4 - La Nordica - Suomi","description":"Isotta ja Isetta sarjan valurautaiset kamiinat polttavat polttopuuta puhtaasti ja pitk\u00e4\u00e4n. Isottamallissa sivuluukku.","robots":{"index":"index","follow":"follow","max-snippet":"max-snippet:-1","max-image-preview":"max-image-preview:large","max-video-preview":"max-video-preview:-1"},"canonical":"https:\/\/lanordica.fi\/fi\/product\/isotta-con-cerchi\/","og_locale":"fi_FI","og_type":"article","og_title":"Isotta Con Cerchi EVO - valurautakamiina keittolevyll\u00e4 - La Nordica - Suomi","og_description":"Isotta ja Isetta sarjan valurautaiset kamiinat polttavat polttopuuta puhtaasti ja pitk\u00e4\u00e4n. Isottamallissa sivuluukku.","og_url":"https:\/\/lanordica.fi\/fi\/product\/isotta-con-cerchi\/","og_site_name":"La Nordica - Suomi","article_modified_time":"2026-05-08T09:24:55+00:00","og_image":[{"width":1200,"height":1183,"url":"https:\/\/lanordica.fi\/wp-content\/uploads\/2019\/02\/Isotta-con-cerhi-pk.jpg","type":"image\/jpeg"}],"twitter_card":"summary_large_image","twitter_misc":{"Arvioitu lukuaika":"2 minuuttia"},"schema":{"@context":"https:\/\/schema.org","@graph":[{"@type":"WebPage","@id":"https:\/\/lanordica.fi\/product\/isotta-con-cerchi\/","url":"https:\/\/lanordica.fi\/product\/isotta-con-cerchi\/","name":"Isotta Con Cerchi EVO - valurautakamiina keittolevyll\u00e4 - La Nordica - Suomi","isPartOf":{"@id":"https:\/\/lanordica.fi\/#website"},"primaryImageOfPage":{"@id":"https:\/\/lanordica.fi\/product\/isotta-con-cerchi\/#primaryimage"},"image":{"@id":"https:\/\/lanordica.fi\/product\/isotta-con-cerchi\/#primaryimage"},"thumbnailUrl":"https:\/\/i0.wp.com\/lanordica.fi\/wp-content\/uploads\/2019\/02\/Isotta-con-cerhi-pk.jpg?fit=1200%2C1183&ssl=1","datePublished":"2019-02-26T08:46:27+00:00","dateModified":"2026-05-08T09:24:55+00:00","description":"Isotta ja Isetta sarjan valurautaiset kamiinat polttavat polttopuuta puhtaasti ja pitk\u00e4\u00e4n. Isottamallissa sivuluukku.","breadcrumb":{"@id":"https:\/\/lanordica.fi\/product\/isotta-con-cerchi\/#breadcrumb"},"inLanguage":"fi","potentialAction":[{"@type":"ReadAction","target":["https:\/\/lanordica.fi\/product\/isotta-con-cerchi\/"]}]},{"@type":"ImageObject","inLanguage":"fi","@id":"https:\/\/lanordica.fi\/product\/isotta-con-cerchi\/#primaryimage","url":"https:\/\/i0.wp.com\/lanordica.fi\/wp-content\/uploads\/2019\/02\/Isotta-con-cerhi-pk.jpg?fit=1200%2C1183&ssl=1","contentUrl":"https:\/\/i0.wp.com\/lanordica.fi\/wp-content\/uploads\/2019\/02\/Isotta-con-cerhi-pk.jpg?fit=1200%2C1183&ssl=1","width":1200,"height":1183},{"@type":"BreadcrumbList","@id":"https:\/\/lanordica.fi\/product\/isotta-con-cerchi\/#breadcrumb","itemListElement":[{"@type":"ListItem","position":1,"name":"Home","item":"https:\/\/lanordica.fi\/"},{"@type":"ListItem","position":2,"name":"Kauppa","item":"https:\/\/lanordica.fi\/shop\/"},{"@type":"ListItem","position":3,"name":"Isotta Con Cerchi EVO &#8211; valurautakamiina keittolevyll\u00e4"}]},{"@type":"WebSite","@id":"https:\/\/lanordica.fi\/#website","url":"https:\/\/lanordica.fi\/","name":"La Nordica - Suomi","description":"L\u00e4mp\u00f6\u00e4 kotiisi","publisher":{"@id":"https:\/\/lanordica.fi\/#organization"},"potentialAction":[{"@type":"SearchAction","target":{"@type":"EntryPoint","urlTemplate":"https:\/\/lanordica.fi\/?s={search_term_string}"},"query-input":{"@type":"PropertyValueSpecification","valueRequired":true,"valueName":"search_term_string"}}],"inLanguage":"fi"},{"@type":"Organization","@id":"https:\/\/lanordica.fi\/#organization","name":"La Nordica - Suomi","url":"https:\/\/lanordica.fi\/","logo":{"@type":"ImageObject","inLanguage":"fi","@id":"https:\/\/lanordica.fi\/#\/schema\/logo\/image\/","url":"https:\/\/i0.wp.com\/lanordica.fi\/wp-content\/uploads\/2018\/03\/lanordica-fi.png?fit=768%2C282&ssl=1","contentUrl":"https:\/\/i0.wp.com\/lanordica.fi\/wp-content\/uploads\/2018\/03\/lanordica-fi.png?fit=768%2C282&ssl=1","width":768,"height":282,"caption":"La Nordica - Suomi"},"image":{"@id":"https:\/\/lanordica.fi\/#\/schema\/logo\/image\/"}}]}},"jetpack_publicize_connections":[],"jetpack_sharing_enabled":true,"jetpack_likes_enabled":true,"_links":{"self":[{"href":"https:\/\/lanordica.fi\/fi\/wp-json\/wp\/v2\/product\/954","targetHints":{"allow":["GET"]}}],"collection":[{"href":"https:\/\/lanordica.fi\/fi\/wp-json\/wp\/v2\/product"}],"about":[{"href":"https:\/\/lanordica.fi\/fi\/wp-json\/wp\/v2\/types\/product"}],"version-history":[{"count":5,"href":"https:\/\/lanordica.fi\/fi\/wp-json\/wp\/v2\/product\/954\/revisions"}],"predecessor-version":[{"id":14131,"href":"https:\/\/lanordica.fi\/fi\/wp-json\/wp\/v2\/product\/954\/revisions\/14131"}],"wp:featuredmedia":[{"embeddable":true,"href":"https:\/\/lanordica.fi\/fi\/wp-json\/wp\/v2\/media\/956"}],"wp:attachment":[{"href":"https:\/\/lanordica.fi\/fi\/wp-json\/wp\/v2\/media?parent=954"}],"wp:term":[{"taxonomy":"product_brand","embeddable":true,"href":"https:\/\/lanordica.fi\/fi\/wp-json\/wp\/v2\/product_brand?post=954"},{"taxonomy":"product_cat","embeddable":true,"href":"https:\/\/lanordica.fi\/fi\/wp-json\/wp\/v2\/product_cat?post=954"},{"taxonomy":"product_tag","embeddable":true,"href":"https:\/\/lanordica.fi\/fi\/wp-json\/wp\/v2\/product_tag?post=954"}],"curies":[{"name":"wp","href":"https:\/\/api.w.org\/{rel}","templated":true}]}}