{"id":8621,"date":"2023-10-03T07:59:04","date_gmt":"2023-10-03T07:59:04","guid":{"rendered":"https:\/\/lanordica.fi\/?post_type=product&#038;p=8621"},"modified":"2024-09-04T12:13:41","modified_gmt":"2024-09-04T12:13:41","slug":"dante-puutilalla","status":"publish","type":"product","link":"https:\/\/lanordica.fi\/fi\/product\/dante-puutilalla\/","title":{"rendered":"Dante &#8211; Puutilalla"},"content":{"rendered":"<p><strong>Mitat:<\/strong>822 x 1480 x 553 mm<strong><br \/>\nNettopaino<\/strong>: 183 kg<br \/>\n<strong>Maksimi l\u00e4mmitystilavuus<\/strong>: 252 m\u00b3 (30 Kcal\/h x m\u00b3)<br \/>\n<strong>Globaali l\u00e4mp\u00f6teho (l\u00e4mp\u00f6sy\u00f6tt\u00f6)<\/strong>: 10,3 kW<br \/>\n<strong>Nimellinen l\u00e4mp\u00f6teho (l\u00e4mp\u00f6tuotto)<\/strong>: 8,8 kW<br \/>\n<strong>Ilmaan palautettu teho<\/strong>: 8,8 kW<br \/>\n<strong>Tunnittainen kulutus<\/strong>: 2,4 kg\/h<br \/>\n<strong>Hy\u00f6tysuhde<\/strong>: 85,5 %<br \/>\n<strong>Keskim\u00e4\u00e4r\u00e4inen CO2-p\u00e4\u00e4st\u00f6<\/strong>: 9,40 %<br \/>\n<strong>Keskim\u00e4\u00e4r\u00e4inen CO-p\u00e4\u00e4st\u00f6 (13% O2)<\/strong>: 848,0 mg\/m\u00b3<br \/>\n<strong>Keskim\u00e4\u00e4r\u00e4inen savukaasun l\u00e4mp\u00f6tila<\/strong>: 195,0 \u00b0C<br \/>\n<strong>Savukaasun massavirta<\/strong>: 7,6 g\/s<br \/>\n<strong>Keskim\u00e4\u00e4r\u00e4inen veto<\/strong>: 11 Pa<br \/>\n<strong>Ilmanottoaukko<\/strong>: 100 \u00d8 mm<br \/>\n<strong>Savukaasun poistoaukko<\/strong>: 160 \u00d8 mm<\/p>\n<p>Suojaet\u00e4isyydet:<br \/>\nTaakse: 200 mm<br \/>\nSivuille: 400 mm<br \/>\nEteen: 1200 mm<\/p>\n<p>K\u00e4ytt\u00f6ohje: Kyll\u00e4, alkuper\u00e4isen ohjeen Suomi-k\u00e4\u00e4nn\u00f6s<br \/>\n<a href=\"https:\/\/www.lanordica-extraflame.com\/en\/products\/wood-stoves\/dante-con-portalegna\">Valmistajan alkuper\u00e4iset sivut<\/a><br \/>\n<a href=\"https:\/\/www.lanordica-extraflame.com\/sites\/default\/files\/documenti_temp\/007193104-000_dop_dante_con_portalegna.pdf\">Suoritustasoilmoitus.pdf<\/a><\/p>\n","protected":false},"excerpt":{"rendered":"<p>Dante con Portalegna on La Nordica -merkin tulisija. ulkoinen ilmanotto ja matala tulipes\u00e4, joka tarjoaa erinomaisen n\u00e4kym\u00e4n liekkeihin. Lis\u00e4ksi siin\u00e4 on j\u00e4lkipolttoj\u00e4rjestelm\u00e4, joka v\u00e4hent\u00e4\u00e4 p\u00e4\u00e4st\u00f6j\u00e4, sek\u00e4 irrotettava tuhkalaatikko. Tulisijan rakenne on p\u00e4\u00e4llystetty maalatulla ter\u00e4ksell\u00e4, ja sen tulipes\u00e4 on valmistettu Nordiker-materiaalista. Ovi ja ritil\u00e4 ovat valurautaa, ja siin\u00e4 on s\u00e4\u00e4dett\u00e4v\u00e4 ensisijainen ja toissijainen ilma parempaan palamisen hallintaan. Oven voi asentaa kummalle puolelle tahansa.<\/p>\n<p>Dante con Portalegna &#8211; tulisija on saatavilla vapaasti seisovana versiona. Sen mitat ovat 822 x 1480 x 553 mm ja paino 183 kg. Lieden nimellisl\u00e4mp\u00f6teho on 8,8 kW, ja se kykenee l\u00e4mmitt\u00e4m\u00e4\u00e4n jopa 252 m\u00b3 tilaa. Sen hy\u00f6tysuhde on 85,5% ja savukaasun poistoputken halkaisija on 160 mm. Lieden tunnin kulutus on 2,4 kg\/h, ja sen energiamerkint\u00e4 on A+.<\/p>\n","protected":false},"featured_media":8630,"template":"","meta":{"_monsterinsights_skip_tracking":false,"_monsterinsights_sitenote_active":false,"_monsterinsights_sitenote_note":"","_monsterinsights_sitenote_category":0,"jetpack_publicize_message":"","jetpack_publicize_feature_enabled":true,"jetpack_social_post_already_shared":true,"jetpack_social_options":{"image_generator_settings":{"template":"highway","default_image_id":0,"font":"","enabled":false},"version":2},"_wpas_customize_per_network":false},"product_brand":[],"product_cat":[1372],"product_tag":[1441,1397,1466,1462],"class_list":{"0":"post-8621","1":"product","2":"type-product","3":"status-publish","4":"has-post-thumbnail","6":"product_cat-takat-ja-kamiinat","7":"product_tag-kamiina","8":"product_tag-musta","9":"product_tag-paaltalahto","10":"product_tag-ylalahto","12":"first","13":"onbackorder","14":"taxable","15":"shipping-taxable","16":"purchasable","17":"product-type-simple"},"yoast_head":"<!-- This site is optimized with the Yoast SEO plugin v27.5 - https:\/\/yoast.com\/product\/yoast-seo-wordpress\/ -->\n<title>Dante - Puutilalla - La Nordica - Suomi<\/title>\n<meta name=\"robots\" content=\"index, follow, max-snippet:-1, max-image-preview:large, max-video-preview:-1\" \/>\n<link rel=\"canonical\" href=\"https:\/\/lanordica.fi\/fi\/product\/dante-puutilalla\/\" \/>\n<meta property=\"og:locale\" content=\"fi_FI\" \/>\n<meta property=\"og:type\" content=\"article\" \/>\n<meta property=\"og:title\" content=\"Dante - Puutilalla - La Nordica - Suomi\" \/>\n<meta property=\"og:description\" content=\"Dante con Portalegna on La Nordica -merkin tulisija. ulkoinen ilmanotto ja matala tulipes\u00e4, joka tarjoaa erinomaisen n\u00e4kym\u00e4n liekkeihin. Lis\u00e4ksi siin\u00e4 on j\u00e4lkipolttoj\u00e4rjestelm\u00e4, joka v\u00e4hent\u00e4\u00e4 p\u00e4\u00e4st\u00f6j\u00e4, sek\u00e4 irrotettava tuhkalaatikko. Tulisijan rakenne on p\u00e4\u00e4llystetty maalatulla ter\u00e4ksell\u00e4, ja sen tulipes\u00e4 on valmistettu Nordiker-materiaalista. Ovi ja ritil\u00e4 ovat valurautaa, ja siin\u00e4 on s\u00e4\u00e4dett\u00e4v\u00e4 ensisijainen ja toissijainen ilma parempaan palamisen hallintaan. Oven voi asentaa kummalle puolelle tahansa.  Dante con Portalegna - tulisija on saatavilla vapaasti seisovana versiona. Sen mitat ovat 822 x 1480 x 553 mm ja paino 183 kg. Lieden nimellisl\u00e4mp\u00f6teho on 8,8 kW, ja se kykenee l\u00e4mmitt\u00e4m\u00e4\u00e4n jopa 252 m\u00b3 tilaa. Sen hy\u00f6tysuhde on 85,5% ja savukaasun poistoputken halkaisija on 160 mm. Lieden tunnin kulutus on 2,4 kg\/h, ja sen energiamerkint\u00e4 on A+.\" \/>\n<meta property=\"og:url\" content=\"https:\/\/lanordica.fi\/fi\/product\/dante-puutilalla\/\" \/>\n<meta property=\"og:site_name\" content=\"La Nordica - Suomi\" \/>\n<meta property=\"article:modified_time\" content=\"2024-09-04T12:13:41+00:00\" \/>\n<meta property=\"og:image\" content=\"https:\/\/lanordica.fi\/wp-content\/uploads\/2023\/10\/danteportalegna_boxprinc-min.jpg\" \/>\n\t<meta property=\"og:image:width\" content=\"582\" \/>\n\t<meta property=\"og:image:height\" content=\"542\" \/>\n\t<meta property=\"og:image:type\" content=\"image\/jpeg\" \/>\n<meta name=\"twitter:card\" content=\"summary_large_image\" \/>\n<meta name=\"twitter:label1\" content=\"Arvioitu lukuaika\" \/>\n\t<meta name=\"twitter:data1\" content=\"1 minuutti\" \/>\n<script type=\"application\/ld+json\" class=\"yoast-schema-graph\">{\"@context\":\"https:\\\/\\\/schema.org\",\"@graph\":[{\"@type\":\"WebPage\",\"@id\":\"https:\\\/\\\/lanordica.fi\\\/product\\\/dante-puutilalla\\\/\",\"url\":\"https:\\\/\\\/lanordica.fi\\\/product\\\/dante-puutilalla\\\/\",\"name\":\"Dante - Puutilalla - La Nordica - Suomi\",\"isPartOf\":{\"@id\":\"https:\\\/\\\/lanordica.fi\\\/#website\"},\"primaryImageOfPage\":{\"@id\":\"https:\\\/\\\/lanordica.fi\\\/product\\\/dante-puutilalla\\\/#primaryimage\"},\"image\":{\"@id\":\"https:\\\/\\\/lanordica.fi\\\/product\\\/dante-puutilalla\\\/#primaryimage\"},\"thumbnailUrl\":\"https:\\\/\\\/i0.wp.com\\\/lanordica.fi\\\/wp-content\\\/uploads\\\/2023\\\/10\\\/danteportalegna_boxprinc-min.jpg?fit=582%2C542&ssl=1\",\"datePublished\":\"2023-10-03T07:59:04+00:00\",\"dateModified\":\"2024-09-04T12:13:41+00:00\",\"breadcrumb\":{\"@id\":\"https:\\\/\\\/lanordica.fi\\\/product\\\/dante-puutilalla\\\/#breadcrumb\"},\"inLanguage\":\"fi\",\"potentialAction\":[{\"@type\":\"ReadAction\",\"target\":[\"https:\\\/\\\/lanordica.fi\\\/product\\\/dante-puutilalla\\\/\"]}]},{\"@type\":\"ImageObject\",\"inLanguage\":\"fi\",\"@id\":\"https:\\\/\\\/lanordica.fi\\\/product\\\/dante-puutilalla\\\/#primaryimage\",\"url\":\"https:\\\/\\\/i0.wp.com\\\/lanordica.fi\\\/wp-content\\\/uploads\\\/2023\\\/10\\\/danteportalegna_boxprinc-min.jpg?fit=582%2C542&ssl=1\",\"contentUrl\":\"https:\\\/\\\/i0.wp.com\\\/lanordica.fi\\\/wp-content\\\/uploads\\\/2023\\\/10\\\/danteportalegna_boxprinc-min.jpg?fit=582%2C542&ssl=1\",\"width\":582,\"height\":542},{\"@type\":\"BreadcrumbList\",\"@id\":\"https:\\\/\\\/lanordica.fi\\\/product\\\/dante-puutilalla\\\/#breadcrumb\",\"itemListElement\":[{\"@type\":\"ListItem\",\"position\":1,\"name\":\"Home\",\"item\":\"https:\\\/\\\/lanordica.fi\\\/\"},{\"@type\":\"ListItem\",\"position\":2,\"name\":\"Kauppa\",\"item\":\"https:\\\/\\\/lanordica.fi\\\/shop\\\/\"},{\"@type\":\"ListItem\",\"position\":3,\"name\":\"Dante &#8211; Puutilalla\"}]},{\"@type\":\"WebSite\",\"@id\":\"https:\\\/\\\/lanordica.fi\\\/#website\",\"url\":\"https:\\\/\\\/lanordica.fi\\\/\",\"name\":\"La Nordica - Suomi\",\"description\":\"L\u00e4mp\u00f6\u00e4 kotiisi\",\"publisher\":{\"@id\":\"https:\\\/\\\/lanordica.fi\\\/#organization\"},\"potentialAction\":[{\"@type\":\"SearchAction\",\"target\":{\"@type\":\"EntryPoint\",\"urlTemplate\":\"https:\\\/\\\/lanordica.fi\\\/?s={search_term_string}\"},\"query-input\":{\"@type\":\"PropertyValueSpecification\",\"valueRequired\":true,\"valueName\":\"search_term_string\"}}],\"inLanguage\":\"fi\"},{\"@type\":\"Organization\",\"@id\":\"https:\\\/\\\/lanordica.fi\\\/#organization\",\"name\":\"La Nordica - Suomi\",\"url\":\"https:\\\/\\\/lanordica.fi\\\/\",\"logo\":{\"@type\":\"ImageObject\",\"inLanguage\":\"fi\",\"@id\":\"https:\\\/\\\/lanordica.fi\\\/#\\\/schema\\\/logo\\\/image\\\/\",\"url\":\"https:\\\/\\\/i0.wp.com\\\/lanordica.fi\\\/wp-content\\\/uploads\\\/2018\\\/03\\\/lanordica-fi.png?fit=768%2C282&ssl=1\",\"contentUrl\":\"https:\\\/\\\/i0.wp.com\\\/lanordica.fi\\\/wp-content\\\/uploads\\\/2018\\\/03\\\/lanordica-fi.png?fit=768%2C282&ssl=1\",\"width\":768,\"height\":282,\"caption\":\"La Nordica - Suomi\"},\"image\":{\"@id\":\"https:\\\/\\\/lanordica.fi\\\/#\\\/schema\\\/logo\\\/image\\\/\"}}]}<\/script>\n<!-- \/ Yoast SEO plugin. -->","yoast_head_json":{"title":"Dante - Puutilalla - La Nordica - Suomi","robots":{"index":"index","follow":"follow","max-snippet":"max-snippet:-1","max-image-preview":"max-image-preview:large","max-video-preview":"max-video-preview:-1"},"canonical":"https:\/\/lanordica.fi\/fi\/product\/dante-puutilalla\/","og_locale":"fi_FI","og_type":"article","og_title":"Dante - Puutilalla - La Nordica - Suomi","og_description":"Dante con Portalegna on La Nordica -merkin tulisija. ulkoinen ilmanotto ja matala tulipes\u00e4, joka tarjoaa erinomaisen n\u00e4kym\u00e4n liekkeihin. Lis\u00e4ksi siin\u00e4 on j\u00e4lkipolttoj\u00e4rjestelm\u00e4, joka v\u00e4hent\u00e4\u00e4 p\u00e4\u00e4st\u00f6j\u00e4, sek\u00e4 irrotettava tuhkalaatikko. Tulisijan rakenne on p\u00e4\u00e4llystetty maalatulla ter\u00e4ksell\u00e4, ja sen tulipes\u00e4 on valmistettu Nordiker-materiaalista. Ovi ja ritil\u00e4 ovat valurautaa, ja siin\u00e4 on s\u00e4\u00e4dett\u00e4v\u00e4 ensisijainen ja toissijainen ilma parempaan palamisen hallintaan. Oven voi asentaa kummalle puolelle tahansa.  Dante con Portalegna - tulisija on saatavilla vapaasti seisovana versiona. Sen mitat ovat 822 x 1480 x 553 mm ja paino 183 kg. Lieden nimellisl\u00e4mp\u00f6teho on 8,8 kW, ja se kykenee l\u00e4mmitt\u00e4m\u00e4\u00e4n jopa 252 m\u00b3 tilaa. Sen hy\u00f6tysuhde on 85,5% ja savukaasun poistoputken halkaisija on 160 mm. Lieden tunnin kulutus on 2,4 kg\/h, ja sen energiamerkint\u00e4 on A+.","og_url":"https:\/\/lanordica.fi\/fi\/product\/dante-puutilalla\/","og_site_name":"La Nordica - Suomi","article_modified_time":"2024-09-04T12:13:41+00:00","og_image":[{"width":582,"height":542,"url":"https:\/\/lanordica.fi\/wp-content\/uploads\/2023\/10\/danteportalegna_boxprinc-min.jpg","type":"image\/jpeg"}],"twitter_card":"summary_large_image","twitter_misc":{"Arvioitu lukuaika":"1 minuutti"},"schema":{"@context":"https:\/\/schema.org","@graph":[{"@type":"WebPage","@id":"https:\/\/lanordica.fi\/product\/dante-puutilalla\/","url":"https:\/\/lanordica.fi\/product\/dante-puutilalla\/","name":"Dante - Puutilalla - La Nordica - Suomi","isPartOf":{"@id":"https:\/\/lanordica.fi\/#website"},"primaryImageOfPage":{"@id":"https:\/\/lanordica.fi\/product\/dante-puutilalla\/#primaryimage"},"image":{"@id":"https:\/\/lanordica.fi\/product\/dante-puutilalla\/#primaryimage"},"thumbnailUrl":"https:\/\/i0.wp.com\/lanordica.fi\/wp-content\/uploads\/2023\/10\/danteportalegna_boxprinc-min.jpg?fit=582%2C542&ssl=1","datePublished":"2023-10-03T07:59:04+00:00","dateModified":"2024-09-04T12:13:41+00:00","breadcrumb":{"@id":"https:\/\/lanordica.fi\/product\/dante-puutilalla\/#breadcrumb"},"inLanguage":"fi","potentialAction":[{"@type":"ReadAction","target":["https:\/\/lanordica.fi\/product\/dante-puutilalla\/"]}]},{"@type":"ImageObject","inLanguage":"fi","@id":"https:\/\/lanordica.fi\/product\/dante-puutilalla\/#primaryimage","url":"https:\/\/i0.wp.com\/lanordica.fi\/wp-content\/uploads\/2023\/10\/danteportalegna_boxprinc-min.jpg?fit=582%2C542&ssl=1","contentUrl":"https:\/\/i0.wp.com\/lanordica.fi\/wp-content\/uploads\/2023\/10\/danteportalegna_boxprinc-min.jpg?fit=582%2C542&ssl=1","width":582,"height":542},{"@type":"BreadcrumbList","@id":"https:\/\/lanordica.fi\/product\/dante-puutilalla\/#breadcrumb","itemListElement":[{"@type":"ListItem","position":1,"name":"Home","item":"https:\/\/lanordica.fi\/"},{"@type":"ListItem","position":2,"name":"Kauppa","item":"https:\/\/lanordica.fi\/shop\/"},{"@type":"ListItem","position":3,"name":"Dante &#8211; Puutilalla"}]},{"@type":"WebSite","@id":"https:\/\/lanordica.fi\/#website","url":"https:\/\/lanordica.fi\/","name":"La Nordica - Suomi","description":"L\u00e4mp\u00f6\u00e4 kotiisi","publisher":{"@id":"https:\/\/lanordica.fi\/#organization"},"potentialAction":[{"@type":"SearchAction","target":{"@type":"EntryPoint","urlTemplate":"https:\/\/lanordica.fi\/?s={search_term_string}"},"query-input":{"@type":"PropertyValueSpecification","valueRequired":true,"valueName":"search_term_string"}}],"inLanguage":"fi"},{"@type":"Organization","@id":"https:\/\/lanordica.fi\/#organization","name":"La Nordica - Suomi","url":"https:\/\/lanordica.fi\/","logo":{"@type":"ImageObject","inLanguage":"fi","@id":"https:\/\/lanordica.fi\/#\/schema\/logo\/image\/","url":"https:\/\/i0.wp.com\/lanordica.fi\/wp-content\/uploads\/2018\/03\/lanordica-fi.png?fit=768%2C282&ssl=1","contentUrl":"https:\/\/i0.wp.com\/lanordica.fi\/wp-content\/uploads\/2018\/03\/lanordica-fi.png?fit=768%2C282&ssl=1","width":768,"height":282,"caption":"La Nordica - Suomi"},"image":{"@id":"https:\/\/lanordica.fi\/#\/schema\/logo\/image\/"}}]}},"jetpack_publicize_connections":[],"jetpack_sharing_enabled":true,"jetpack_likes_enabled":true,"_links":{"self":[{"href":"https:\/\/lanordica.fi\/fi\/wp-json\/wp\/v2\/product\/8621","targetHints":{"allow":["GET"]}}],"collection":[{"href":"https:\/\/lanordica.fi\/fi\/wp-json\/wp\/v2\/product"}],"about":[{"href":"https:\/\/lanordica.fi\/fi\/wp-json\/wp\/v2\/types\/product"}],"version-history":[{"count":2,"href":"https:\/\/lanordica.fi\/fi\/wp-json\/wp\/v2\/product\/8621\/revisions"}],"predecessor-version":[{"id":8632,"href":"https:\/\/lanordica.fi\/fi\/wp-json\/wp\/v2\/product\/8621\/revisions\/8632"}],"wp:featuredmedia":[{"embeddable":true,"href":"https:\/\/lanordica.fi\/fi\/wp-json\/wp\/v2\/media\/8630"}],"wp:attachment":[{"href":"https:\/\/lanordica.fi\/fi\/wp-json\/wp\/v2\/media?parent=8621"}],"wp:term":[{"taxonomy":"product_brand","embeddable":true,"href":"https:\/\/lanordica.fi\/fi\/wp-json\/wp\/v2\/product_brand?post=8621"},{"taxonomy":"product_cat","embeddable":true,"href":"https:\/\/lanordica.fi\/fi\/wp-json\/wp\/v2\/product_cat?post=8621"},{"taxonomy":"product_tag","embeddable":true,"href":"https:\/\/lanordica.fi\/fi\/wp-json\/wp\/v2\/product_tag?post=8621"}],"curies":[{"name":"wp","href":"https:\/\/api.w.org\/{rel}","templated":true}]}}