{"id":8353,"date":"2023-06-13T07:55:58","date_gmt":"2023-06-13T07:55:58","guid":{"rendered":"https:\/\/lanordica.fi\/?post_type=product&#038;p=8353"},"modified":"2025-11-15T11:51:35","modified_gmt":"2025-11-15T11:51:35","slug":"nova-forno-keittolevylla-ja-uunilla","status":"publish","type":"product","link":"https:\/\/lanordica.fi\/fi\/product\/nova-forno-keittolevylla-ja-uunilla\/","title":{"rendered":"Nova Forno &#8211; Keittolevyll\u00e4 ja uunilla"},"content":{"rendered":"<p>Mitat (L x K x S): 559 x 1496 x 569 mm<br \/>\nTeho: 11,8\u00a0kW<br \/>\nPaino: 256 kg<br \/>\nTulipes\u00e4n koko: 357 x 450 x 362 mm<br \/>\nLuukun koko: 315 x 285 mm<br \/>\nUunin koko: 330 x 300 x 370<br \/>\nL\u00e4mmitysala: 338 m\u00b3<br \/>\nHormiliitos: 150 mm p\u00e4\u00e4lt\u00e4<br \/>\nS\u00e4\u00e4dett\u00e4v\u00e4 ensi\u00f6ilma: kyll\u00e4<br \/>\nS\u00e4\u00e4dett\u00e4v\u00e4 toisioilma: kyll\u00e4<br \/>\nTertiaari-ilma: esis\u00e4\u00e4detty<br \/>\nJ\u00e4lkipoltto: kyll\u00e4<br \/>\nHy\u00f6tysuhde: 86,4 %<br \/>\nPolttoaineen kulutus: 3,17 kg\/h<br \/>\nSavukaasujen keskil\u00e4mp\u00f6tila: 306 \u02daC<br \/>\nCO p\u00e4\u00e4st\u00f6t: &#8211; %<br \/>\nHiukkasp\u00e4\u00e4st\u00f6t: 0,03 &#8211; 369 mg\/m\u00b3 (13% O2)<\/p>\n<p>Suojaet\u00e4isyydet:<br \/>\nTaakse: 500 mm<br \/>\nSivuille: 600 mm<br \/>\nEteen: 1200 mm<\/p>\n<p>K\u00e4ytt\u00f6ohje: Kyll\u00e4, alkuper\u00e4isen ohjeen Suomi-k\u00e4\u00e4nn\u00f6s<br \/>\n<a href=\"https:\/\/www.lanordica-extraflame.com\/en\/products\/wood-stoves\/nova-forno\">Valmistajan alkuper\u00e4inen sivu<\/a><br \/>\n<a href=\"https:\/\/www.lanordica-extraflame.com\/sites\/default\/files\/documenti_temp\/007193115-002_dop_nova_forno.pdf\">Suoritustasomittaus<\/a><br \/>\n<a href=\"https:\/\/www.lanordica-extraflame.com\/sites\/default\/files\/documenti_temp\/005280238-000_deco_nova_forno.pdf\">Ecodesign<\/a><\/p>\n","protected":false},"excerpt":{"rendered":"<p><em>Esittelyss\u00e4 Nova Forno<\/em>, uusi standardi puul\u00e4mmitteisiss\u00e4 uuneissa. T\u00e4m\u00e4 tuote on paljon enemm\u00e4n kuin pelkk\u00e4 puuhella. Se on tyylik\u00e4s ja toimiva lis\u00e4 kotisi sisustukseen, joka tarjoaa nelj\u00e4 merkitt\u00e4v\u00e4\u00e4 etua:<\/p>\n<ol>\n<li><strong>Monipuolisuus<\/strong>: Nova Forno ei ainoastaan l\u00e4mmit\u00e4 kotiasi, vaan tarjoaa my\u00f6s suuren (37 litraa) emaloidun uunin, jossa voit valmistaa kaikenlaista ruokaa, jopa pizzan. T\u00e4m\u00e4 mahdollistaa mukavan ja k\u00e4yt\u00e4nn\u00f6llisen kokemuskeitti\u00f6n ilman tarvetta erilliselle keitti\u00f6uunille.<\/li>\n<li><strong>Tehokkuus<\/strong>: Nova Forno on eritt\u00e4in tehokas, 11,8 kW:n l\u00e4mmitysteholla ja 86,4 %:n tehokkuudella. Se voi l\u00e4mmitt\u00e4\u00e4 jopa 338 kuutiometrin tilan, mik\u00e4 tekee siit\u00e4 ihanteellisen suurille olohuoneille tai avoimille oleskelutiloille.<\/li>\n<li><strong>Helppok\u00e4ytt\u00f6isyys<\/strong>: Sen suunnittelussa on otettu huomioon k\u00e4yt\u00f6n helppous. Tuotteen alaosa avautuu helposti tuhkanpoistoa varten, ja Nordiker-polttokammio on helposti tarkastettavissa ja vaihdettavissa tarvittaessa.<\/li>\n<li><strong>Tyyli<\/strong>: Nova Forno on suunniteltu silm\u00e4ll\u00e4 pit\u00e4en tyylikkyytt\u00e4. Sen emaloitu rautainen yl\u00e4osa, ovi ja pohja sek\u00e4 kromattu uuniritil\u00e4 antavat sille tyylikk\u00e4\u00e4n ja modernin ilmeen, joka sopii mihin tahansa sisustukseen.<\/li>\n<\/ol>\n<p>Koe Nova Forno ja nauti sen tarjoamasta l\u00e4mm\u00f6st\u00e4, ruoanlaittomahdollisuuksista ja tyylikkyydest\u00e4. T\u00e4m\u00e4 tuote on todellinen statement-kappale, joka lis\u00e4\u00e4 kotisi toiminnallisuutta ja vie sen sisustuksen uudelle tasolle<\/p>\n","protected":false},"featured_media":8359,"template":"","meta":{"_monsterinsights_skip_tracking":false,"_monsterinsights_sitenote_active":false,"_monsterinsights_sitenote_note":"","_monsterinsights_sitenote_category":0,"jetpack_publicize_message":"","jetpack_publicize_feature_enabled":true,"jetpack_social_post_already_shared":true,"jetpack_social_options":{"image_generator_settings":{"template":"highway","default_image_id":0,"font":"","enabled":false},"version":2},"_wpas_customize_per_network":false},"product_brand":[],"product_cat":[1372],"product_tag":[1441,1398,1447,1448,1469,1427,1430],"class_list":{"0":"post-8353","1":"product","2":"type-product","3":"status-publish","4":"has-post-thumbnail","6":"product_cat-takat-ja-kamiinat","7":"product_tag-kamiina","8":"product_tag-keittolevy","9":"product_tag-keraaminen","10":"product_tag-keramiikka","11":"product_tag-punainen","12":"product_tag-valkoinen","13":"product_tag-valurautaluukut","15":"first","16":"instock","17":"taxable","18":"shipping-taxable","19":"purchasable","20":"product-type-variable"},"yoast_head":"<!-- This site is optimized with the Yoast SEO plugin v27.5 - https:\/\/yoast.com\/product\/yoast-seo-wordpress\/ -->\n<title>Nova Forno - Keittolevyll\u00e4 ja uunilla - La Nordica - Suomi<\/title>\n<meta name=\"robots\" content=\"index, follow, max-snippet:-1, max-image-preview:large, max-video-preview:-1\" \/>\n<link rel=\"canonical\" href=\"https:\/\/lanordica.fi\/fi\/product\/nova-forno-keittolevylla-ja-uunilla\/\" \/>\n<meta property=\"og:locale\" content=\"fi_FI\" \/>\n<meta property=\"og:type\" content=\"article\" \/>\n<meta property=\"og:title\" content=\"Nova Forno - Keittolevyll\u00e4 ja uunilla - La Nordica - Suomi\" \/>\n<meta property=\"og:description\" content=\"Esittelyss\u00e4 Nova Forno, uusi standardi puul\u00e4mmitteisiss\u00e4 uuneissa. T\u00e4m\u00e4 tuote on paljon enemm\u00e4n kuin pelkk\u00e4 puuhella. Se on tyylik\u00e4s ja toimiva lis\u00e4 kotisi sisustukseen, joka tarjoaa nelj\u00e4 merkitt\u00e4v\u00e4\u00e4 etua:   Monipuolisuus: Nova Forno ei ainoastaan l\u00e4mmit\u00e4 kotiasi, vaan tarjoaa my\u00f6s suuren (37 litraa) emaloidun uunin, jossa voit valmistaa kaikenlaista ruokaa, jopa pizzan. T\u00e4m\u00e4 mahdollistaa mukavan ja k\u00e4yt\u00e4nn\u00f6llisen kokemuskeitti\u00f6n ilman tarvetta erilliselle keitti\u00f6uunille.  Tehokkuus: Nova Forno on eritt\u00e4in tehokas, 11,8 kW:n l\u00e4mmitysteholla ja 86,4 %:n tehokkuudella. Se voi l\u00e4mmitt\u00e4\u00e4 jopa 338 kuutiometrin tilan, mik\u00e4 tekee siit\u00e4 ihanteellisen suurille olohuoneille tai avoimille oleskelutiloille.  Helppok\u00e4ytt\u00f6isyys: Sen suunnittelussa on otettu huomioon k\u00e4yt\u00f6n helppous. Tuotteen alaosa avautuu helposti tuhkanpoistoa varten, ja Nordiker-polttokammio on helposti tarkastettavissa ja vaihdettavissa tarvittaessa.  Tyyli: Nova Forno on suunniteltu silm\u00e4ll\u00e4 pit\u00e4en tyylikkyytt\u00e4. Sen emaloitu rautainen yl\u00e4osa, ovi ja pohja sek\u00e4 kromattu uuniritil\u00e4 antavat sille tyylikk\u00e4\u00e4n ja modernin ilmeen, joka sopii mihin tahansa sisustukseen.  Koe Nova Forno ja nauti sen tarjoamasta l\u00e4mm\u00f6st\u00e4, ruoanlaittomahdollisuuksista ja tyylikkyydest\u00e4. T\u00e4m\u00e4 tuote on todellinen statement-kappale, joka lis\u00e4\u00e4 kotisi toiminnallisuutta ja vie sen sisustuksen uudelle tasolle\" \/>\n<meta property=\"og:url\" content=\"https:\/\/lanordica.fi\/fi\/product\/nova-forno-keittolevylla-ja-uunilla\/\" \/>\n<meta property=\"og:site_name\" content=\"La Nordica - Suomi\" \/>\n<meta property=\"article:modified_time\" content=\"2025-11-15T11:51:35+00:00\" \/>\n<meta property=\"og:image\" content=\"https:\/\/lanordica.fi\/wp-content\/uploads\/2023\/06\/Nova-Forno-punainen-kaakeliuuni-lanordica.jpg\" \/>\n\t<meta property=\"og:image:width\" content=\"900\" \/>\n\t<meta property=\"og:image:height\" content=\"900\" \/>\n\t<meta property=\"og:image:type\" content=\"image\/jpeg\" \/>\n<meta name=\"twitter:card\" content=\"summary_large_image\" \/>\n<meta name=\"twitter:label1\" content=\"Arvioitu lukuaika\" \/>\n\t<meta name=\"twitter:data1\" content=\"1 minuutti\" \/>\n<script type=\"application\/ld+json\" class=\"yoast-schema-graph\">{\"@context\":\"https:\\\/\\\/schema.org\",\"@graph\":[{\"@type\":\"WebPage\",\"@id\":\"https:\\\/\\\/lanordica.fi\\\/product\\\/nova-forno-keittolevylla-ja-uunilla\\\/\",\"url\":\"https:\\\/\\\/lanordica.fi\\\/product\\\/nova-forno-keittolevylla-ja-uunilla\\\/\",\"name\":\"Nova Forno - Keittolevyll\u00e4 ja uunilla - La Nordica - Suomi\",\"isPartOf\":{\"@id\":\"https:\\\/\\\/lanordica.fi\\\/#website\"},\"primaryImageOfPage\":{\"@id\":\"https:\\\/\\\/lanordica.fi\\\/product\\\/nova-forno-keittolevylla-ja-uunilla\\\/#primaryimage\"},\"image\":{\"@id\":\"https:\\\/\\\/lanordica.fi\\\/product\\\/nova-forno-keittolevylla-ja-uunilla\\\/#primaryimage\"},\"thumbnailUrl\":\"https:\\\/\\\/i0.wp.com\\\/lanordica.fi\\\/wp-content\\\/uploads\\\/2023\\\/06\\\/Nova-Forno-punainen-kaakeliuuni-lanordica.jpg?fit=900%2C900&ssl=1\",\"datePublished\":\"2023-06-13T07:55:58+00:00\",\"dateModified\":\"2025-11-15T11:51:35+00:00\",\"breadcrumb\":{\"@id\":\"https:\\\/\\\/lanordica.fi\\\/product\\\/nova-forno-keittolevylla-ja-uunilla\\\/#breadcrumb\"},\"inLanguage\":\"fi\",\"potentialAction\":[{\"@type\":\"ReadAction\",\"target\":[\"https:\\\/\\\/lanordica.fi\\\/product\\\/nova-forno-keittolevylla-ja-uunilla\\\/\"]}]},{\"@type\":\"ImageObject\",\"inLanguage\":\"fi\",\"@id\":\"https:\\\/\\\/lanordica.fi\\\/product\\\/nova-forno-keittolevylla-ja-uunilla\\\/#primaryimage\",\"url\":\"https:\\\/\\\/i0.wp.com\\\/lanordica.fi\\\/wp-content\\\/uploads\\\/2023\\\/06\\\/Nova-Forno-punainen-kaakeliuuni-lanordica.jpg?fit=900%2C900&ssl=1\",\"contentUrl\":\"https:\\\/\\\/i0.wp.com\\\/lanordica.fi\\\/wp-content\\\/uploads\\\/2023\\\/06\\\/Nova-Forno-punainen-kaakeliuuni-lanordica.jpg?fit=900%2C900&ssl=1\",\"width\":900,\"height\":900},{\"@type\":\"BreadcrumbList\",\"@id\":\"https:\\\/\\\/lanordica.fi\\\/product\\\/nova-forno-keittolevylla-ja-uunilla\\\/#breadcrumb\",\"itemListElement\":[{\"@type\":\"ListItem\",\"position\":1,\"name\":\"Home\",\"item\":\"https:\\\/\\\/lanordica.fi\\\/\"},{\"@type\":\"ListItem\",\"position\":2,\"name\":\"Kauppa\",\"item\":\"https:\\\/\\\/lanordica.fi\\\/shop\\\/\"},{\"@type\":\"ListItem\",\"position\":3,\"name\":\"Nova Forno &#8211; Keittolevyll\u00e4 ja uunilla\"}]},{\"@type\":\"WebSite\",\"@id\":\"https:\\\/\\\/lanordica.fi\\\/#website\",\"url\":\"https:\\\/\\\/lanordica.fi\\\/\",\"name\":\"La Nordica - Suomi\",\"description\":\"L\u00e4mp\u00f6\u00e4 kotiisi\",\"publisher\":{\"@id\":\"https:\\\/\\\/lanordica.fi\\\/#organization\"},\"potentialAction\":[{\"@type\":\"SearchAction\",\"target\":{\"@type\":\"EntryPoint\",\"urlTemplate\":\"https:\\\/\\\/lanordica.fi\\\/?s={search_term_string}\"},\"query-input\":{\"@type\":\"PropertyValueSpecification\",\"valueRequired\":true,\"valueName\":\"search_term_string\"}}],\"inLanguage\":\"fi\"},{\"@type\":\"Organization\",\"@id\":\"https:\\\/\\\/lanordica.fi\\\/#organization\",\"name\":\"La Nordica - Suomi\",\"url\":\"https:\\\/\\\/lanordica.fi\\\/\",\"logo\":{\"@type\":\"ImageObject\",\"inLanguage\":\"fi\",\"@id\":\"https:\\\/\\\/lanordica.fi\\\/#\\\/schema\\\/logo\\\/image\\\/\",\"url\":\"https:\\\/\\\/i0.wp.com\\\/lanordica.fi\\\/wp-content\\\/uploads\\\/2018\\\/03\\\/lanordica-fi.png?fit=768%2C282&ssl=1\",\"contentUrl\":\"https:\\\/\\\/i0.wp.com\\\/lanordica.fi\\\/wp-content\\\/uploads\\\/2018\\\/03\\\/lanordica-fi.png?fit=768%2C282&ssl=1\",\"width\":768,\"height\":282,\"caption\":\"La Nordica - Suomi\"},\"image\":{\"@id\":\"https:\\\/\\\/lanordica.fi\\\/#\\\/schema\\\/logo\\\/image\\\/\"}}]}<\/script>\n<!-- \/ Yoast SEO plugin. -->","yoast_head_json":{"title":"Nova Forno - Keittolevyll\u00e4 ja uunilla - La Nordica - Suomi","robots":{"index":"index","follow":"follow","max-snippet":"max-snippet:-1","max-image-preview":"max-image-preview:large","max-video-preview":"max-video-preview:-1"},"canonical":"https:\/\/lanordica.fi\/fi\/product\/nova-forno-keittolevylla-ja-uunilla\/","og_locale":"fi_FI","og_type":"article","og_title":"Nova Forno - Keittolevyll\u00e4 ja uunilla - La Nordica - Suomi","og_description":"Esittelyss\u00e4 Nova Forno, uusi standardi puul\u00e4mmitteisiss\u00e4 uuneissa. T\u00e4m\u00e4 tuote on paljon enemm\u00e4n kuin pelkk\u00e4 puuhella. Se on tyylik\u00e4s ja toimiva lis\u00e4 kotisi sisustukseen, joka tarjoaa nelj\u00e4 merkitt\u00e4v\u00e4\u00e4 etua:   Monipuolisuus: Nova Forno ei ainoastaan l\u00e4mmit\u00e4 kotiasi, vaan tarjoaa my\u00f6s suuren (37 litraa) emaloidun uunin, jossa voit valmistaa kaikenlaista ruokaa, jopa pizzan. T\u00e4m\u00e4 mahdollistaa mukavan ja k\u00e4yt\u00e4nn\u00f6llisen kokemuskeitti\u00f6n ilman tarvetta erilliselle keitti\u00f6uunille.  Tehokkuus: Nova Forno on eritt\u00e4in tehokas, 11,8 kW:n l\u00e4mmitysteholla ja 86,4 %:n tehokkuudella. Se voi l\u00e4mmitt\u00e4\u00e4 jopa 338 kuutiometrin tilan, mik\u00e4 tekee siit\u00e4 ihanteellisen suurille olohuoneille tai avoimille oleskelutiloille.  Helppok\u00e4ytt\u00f6isyys: Sen suunnittelussa on otettu huomioon k\u00e4yt\u00f6n helppous. Tuotteen alaosa avautuu helposti tuhkanpoistoa varten, ja Nordiker-polttokammio on helposti tarkastettavissa ja vaihdettavissa tarvittaessa.  Tyyli: Nova Forno on suunniteltu silm\u00e4ll\u00e4 pit\u00e4en tyylikkyytt\u00e4. Sen emaloitu rautainen yl\u00e4osa, ovi ja pohja sek\u00e4 kromattu uuniritil\u00e4 antavat sille tyylikk\u00e4\u00e4n ja modernin ilmeen, joka sopii mihin tahansa sisustukseen.  Koe Nova Forno ja nauti sen tarjoamasta l\u00e4mm\u00f6st\u00e4, ruoanlaittomahdollisuuksista ja tyylikkyydest\u00e4. T\u00e4m\u00e4 tuote on todellinen statement-kappale, joka lis\u00e4\u00e4 kotisi toiminnallisuutta ja vie sen sisustuksen uudelle tasolle","og_url":"https:\/\/lanordica.fi\/fi\/product\/nova-forno-keittolevylla-ja-uunilla\/","og_site_name":"La Nordica - Suomi","article_modified_time":"2025-11-15T11:51:35+00:00","og_image":[{"width":900,"height":900,"url":"https:\/\/lanordica.fi\/wp-content\/uploads\/2023\/06\/Nova-Forno-punainen-kaakeliuuni-lanordica.jpg","type":"image\/jpeg"}],"twitter_card":"summary_large_image","twitter_misc":{"Arvioitu lukuaika":"1 minuutti"},"schema":{"@context":"https:\/\/schema.org","@graph":[{"@type":"WebPage","@id":"https:\/\/lanordica.fi\/product\/nova-forno-keittolevylla-ja-uunilla\/","url":"https:\/\/lanordica.fi\/product\/nova-forno-keittolevylla-ja-uunilla\/","name":"Nova Forno - Keittolevyll\u00e4 ja uunilla - La Nordica - Suomi","isPartOf":{"@id":"https:\/\/lanordica.fi\/#website"},"primaryImageOfPage":{"@id":"https:\/\/lanordica.fi\/product\/nova-forno-keittolevylla-ja-uunilla\/#primaryimage"},"image":{"@id":"https:\/\/lanordica.fi\/product\/nova-forno-keittolevylla-ja-uunilla\/#primaryimage"},"thumbnailUrl":"https:\/\/i0.wp.com\/lanordica.fi\/wp-content\/uploads\/2023\/06\/Nova-Forno-punainen-kaakeliuuni-lanordica.jpg?fit=900%2C900&ssl=1","datePublished":"2023-06-13T07:55:58+00:00","dateModified":"2025-11-15T11:51:35+00:00","breadcrumb":{"@id":"https:\/\/lanordica.fi\/product\/nova-forno-keittolevylla-ja-uunilla\/#breadcrumb"},"inLanguage":"fi","potentialAction":[{"@type":"ReadAction","target":["https:\/\/lanordica.fi\/product\/nova-forno-keittolevylla-ja-uunilla\/"]}]},{"@type":"ImageObject","inLanguage":"fi","@id":"https:\/\/lanordica.fi\/product\/nova-forno-keittolevylla-ja-uunilla\/#primaryimage","url":"https:\/\/i0.wp.com\/lanordica.fi\/wp-content\/uploads\/2023\/06\/Nova-Forno-punainen-kaakeliuuni-lanordica.jpg?fit=900%2C900&ssl=1","contentUrl":"https:\/\/i0.wp.com\/lanordica.fi\/wp-content\/uploads\/2023\/06\/Nova-Forno-punainen-kaakeliuuni-lanordica.jpg?fit=900%2C900&ssl=1","width":900,"height":900},{"@type":"BreadcrumbList","@id":"https:\/\/lanordica.fi\/product\/nova-forno-keittolevylla-ja-uunilla\/#breadcrumb","itemListElement":[{"@type":"ListItem","position":1,"name":"Home","item":"https:\/\/lanordica.fi\/"},{"@type":"ListItem","position":2,"name":"Kauppa","item":"https:\/\/lanordica.fi\/shop\/"},{"@type":"ListItem","position":3,"name":"Nova Forno &#8211; Keittolevyll\u00e4 ja uunilla"}]},{"@type":"WebSite","@id":"https:\/\/lanordica.fi\/#website","url":"https:\/\/lanordica.fi\/","name":"La Nordica - Suomi","description":"L\u00e4mp\u00f6\u00e4 kotiisi","publisher":{"@id":"https:\/\/lanordica.fi\/#organization"},"potentialAction":[{"@type":"SearchAction","target":{"@type":"EntryPoint","urlTemplate":"https:\/\/lanordica.fi\/?s={search_term_string}"},"query-input":{"@type":"PropertyValueSpecification","valueRequired":true,"valueName":"search_term_string"}}],"inLanguage":"fi"},{"@type":"Organization","@id":"https:\/\/lanordica.fi\/#organization","name":"La Nordica - Suomi","url":"https:\/\/lanordica.fi\/","logo":{"@type":"ImageObject","inLanguage":"fi","@id":"https:\/\/lanordica.fi\/#\/schema\/logo\/image\/","url":"https:\/\/i0.wp.com\/lanordica.fi\/wp-content\/uploads\/2018\/03\/lanordica-fi.png?fit=768%2C282&ssl=1","contentUrl":"https:\/\/i0.wp.com\/lanordica.fi\/wp-content\/uploads\/2018\/03\/lanordica-fi.png?fit=768%2C282&ssl=1","width":768,"height":282,"caption":"La Nordica - Suomi"},"image":{"@id":"https:\/\/lanordica.fi\/#\/schema\/logo\/image\/"}}]}},"jetpack_publicize_connections":[],"jetpack_sharing_enabled":true,"jetpack_likes_enabled":true,"_links":{"self":[{"href":"https:\/\/lanordica.fi\/fi\/wp-json\/wp\/v2\/product\/8353","targetHints":{"allow":["GET"]}}],"collection":[{"href":"https:\/\/lanordica.fi\/fi\/wp-json\/wp\/v2\/product"}],"about":[{"href":"https:\/\/lanordica.fi\/fi\/wp-json\/wp\/v2\/types\/product"}],"version-history":[{"count":2,"href":"https:\/\/lanordica.fi\/fi\/wp-json\/wp\/v2\/product\/8353\/revisions"}],"predecessor-version":[{"id":13763,"href":"https:\/\/lanordica.fi\/fi\/wp-json\/wp\/v2\/product\/8353\/revisions\/13763"}],"wp:featuredmedia":[{"embeddable":true,"href":"https:\/\/lanordica.fi\/fi\/wp-json\/wp\/v2\/media\/8359"}],"wp:attachment":[{"href":"https:\/\/lanordica.fi\/fi\/wp-json\/wp\/v2\/media?parent=8353"}],"wp:term":[{"taxonomy":"product_brand","embeddable":true,"href":"https:\/\/lanordica.fi\/fi\/wp-json\/wp\/v2\/product_brand?post=8353"},{"taxonomy":"product_cat","embeddable":true,"href":"https:\/\/lanordica.fi\/fi\/wp-json\/wp\/v2\/product_cat?post=8353"},{"taxonomy":"product_tag","embeddable":true,"href":"https:\/\/lanordica.fi\/fi\/wp-json\/wp\/v2\/product_tag?post=8353"}],"curies":[{"name":"wp","href":"https:\/\/api.w.org\/{rel}","templated":true}]}}