{"id":8335,"date":"2023-06-13T06:53:41","date_gmt":"2023-06-13T06:53:41","guid":{"rendered":"https:\/\/lanordica.fi\/?post_type=product&#038;p=8335"},"modified":"2025-11-15T11:51:40","modified_gmt":"2025-11-15T11:51:40","slug":"concita-2-0-valurautakamiina-kopio","status":"publish","type":"product","link":"https:\/\/lanordica.fi\/fi\/product\/concita-2-0-valurautakamiina-kopio\/","title":{"rendered":"Concita 2.0 Ter\u00e4s &#8211; Valurautakamiina"},"content":{"rendered":"<p>Mitat (L x K x S): <span class=\"valore \">559 x 1545 x 569 mm<\/span><br \/>\nTeho: 11,8 kW<br \/>\nPaino: 157 kg<br \/>\nTulipes\u00e4n koko: 357 x 450 x 362 mm<br \/>\nLuukun koko: 315 x 285 mm<br \/>\nL\u00e4mmitysala: 338\u00a0m\u00b3<br \/>\nHormiliitos: 150 mm p\u00e4\u00e4lt\u00e4<br \/>\nS\u00e4\u00e4dett\u00e4v\u00e4 ensi\u00f6ilma: kyll\u00e4<br \/>\nS\u00e4\u00e4dett\u00e4v\u00e4 toisioilma: kyll\u00e4<br \/>\nTertiaari-ilma: esis\u00e4\u00e4detty<br \/>\nJ\u00e4lkipoltto: kyll\u00e4<br \/>\nHy\u00f6tysuhde: 86,4 %<br \/>\nPolttoaineen kulutus: 2,25 kg\/h<br \/>\nSavukaasujen keskil\u00e4mp\u00f6tila: 214 \u00b0C<br \/>\nCO p\u00e4\u00e4st\u00f6t: 0,03 %<br \/>\nHiukkasp\u00e4\u00e4st\u00f6t:\u00a0 5,9 mg\/m\u00b3 (13% O2)<\/p>\n<p>Suojaet\u00e4isyydet:<br \/>\nTaakse: 500 mm<br \/>\nSivuille: 600 mm<br \/>\nEteen: 1200 mm<\/p>\n<p>K\u00e4ytt\u00f6ohje: Kyll\u00e4, alkuper\u00e4isen ohjeen Suomi-k\u00e4\u00e4nn\u00f6s<br \/>\n<a href=\"https:\/\/www.lanordica-extraflame.com\/en\/products\/wood-stoves\/concita-20-steel\">Valmistajan alkuper\u00e4iset sivut<\/a><br \/>\n<a href=\"https:\/\/www.lanordica-extraflame.com\/sites\/default\/files\/documenti_temp\/007193133-001_dop_concita_2.0_steel.pdf\">Suoritustasoilmoitus.pdf<\/a><\/p>\n","protected":false},"excerpt":{"rendered":"<p>La Nordica Extraflame Concita 2.0 Steel on eritt\u00e4in tyylik\u00e4s ja tehokas puul\u00e4mmitteinen takka, joka tuo l\u00e4mp\u00f6\u00e4 ja viihtyisyytt\u00e4 kotiisi. Sen moderni, ter\u00e4ksinen ulkopinta antaa jokaiselle sisustukselle hienostuneen ja ajattoman ilmeen.<\/p>\n<p>T\u00e4ss\u00e4 ovat nelj\u00e4 vakuuttavaa syyt\u00e4, miksi valita Concita 2.0 Steel:<\/p>\n<ol>\n<li><strong>Tehokkuus<\/strong>: Concita 2.0 Steel on eritt\u00e4in tehokas, 11,8 kW:n nimellisteholla ja se pystyy l\u00e4mmitt\u00e4m\u00e4\u00e4n jopa 338 m\u00b3 tilan. T\u00e4m\u00e4 takaa l\u00e4mpim\u00e4n ja viihtyis\u00e4n ymp\u00e4rist\u00f6n suurissakin tiloissa.<\/li>\n<li><strong>Energiatehokkuus<\/strong>: Takan energiamerkint\u00e4 on A, mik\u00e4 tarkoittaa, ett\u00e4 se k\u00e4ytt\u00e4\u00e4 polttopuuta eritt\u00e4in tehokkaasti. T\u00e4m\u00e4 v\u00e4hent\u00e4\u00e4 polttopuun kulutusta ja auttaa s\u00e4\u00e4st\u00e4m\u00e4\u00e4n kustannuksia.<\/li>\n<li><strong>Ymp\u00e4rist\u00f6yst\u00e4v\u00e4llisyys<\/strong>: Concita 2.0 Steel on varustettu j\u00e4lkipolttoj\u00e4rjestelm\u00e4ll\u00e4, joka v\u00e4hent\u00e4\u00e4 p\u00e4\u00e4st\u00f6j\u00e4 ja tekee takasta ymp\u00e4rist\u00f6yst\u00e4v\u00e4llisemm\u00e4n.<\/li>\n<li><strong>Design ja Laatu<\/strong>: Takan rakenne on valmistettu kest\u00e4v\u00e4st\u00e4 valuraudasta ja sen ulkopinta on emaloitu ter\u00e4s, joka antaa sille hienostuneen ja ajattoman ilmeen. Lis\u00e4ksi sen sisustus on valmistettu Nordiker-materiaalista, joka lis\u00e4\u00e4 sen kest\u00e4vyytt\u00e4 ja tekee siit\u00e4 pitk\u00e4ik\u00e4isen investoinnin<\/li>\n<\/ol>\n","protected":false},"featured_media":8341,"template":"","meta":{"_monsterinsights_skip_tracking":false,"_monsterinsights_sitenote_active":false,"_monsterinsights_sitenote_note":"","_monsterinsights_sitenote_category":0,"jetpack_publicize_message":"","jetpack_publicize_feature_enabled":true,"jetpack_social_post_already_shared":true,"jetpack_social_options":{"image_generator_settings":{"template":"highway","default_image_id":0,"font":"","enabled":false},"version":2},"_wpas_customize_per_network":false},"product_brand":[],"product_cat":[1372],"product_tag":[1428,1441,1398,1410,1447,1397],"class_list":{"0":"post-8335","1":"product","2":"type-product","3":"status-publish","4":"has-post-thumbnail","6":"product_cat-takat-ja-kamiinat","7":"product_tag-beige","8":"product_tag-kamiina","9":"product_tag-keittolevy","10":"product_tag-keittotaso","11":"product_tag-keraaminen","12":"product_tag-musta","13":"product_shipping_class-takka-tai-kamiina","15":"first","16":"instock","17":"taxable","18":"shipping-taxable","19":"purchasable","20":"product-type-variable"},"yoast_head":"<!-- This site is optimized with the Yoast SEO plugin v27.6 - https:\/\/yoast.com\/product\/yoast-seo-wordpress\/ -->\n<title>Concita 2.0 Ter\u00e4s - Valurautakamiina - La Nordica - Suomi<\/title>\n<meta name=\"description\" content=\"Tyylik\u00e4s kaakelikamiina romanttistyylisell\u00e4 muotoilulla. Iso tulipes\u00e4 joka polttaa puun viimeist\u00e4 hiilt\u00e4 my\u00f6den.\" \/>\n<meta name=\"robots\" content=\"index, follow, max-snippet:-1, max-image-preview:large, max-video-preview:-1\" \/>\n<link rel=\"canonical\" href=\"https:\/\/lanordica.fi\/fi\/product\/concita-2-0-valurautakamiina-kopio\/\" \/>\n<meta property=\"og:locale\" content=\"fi_FI\" \/>\n<meta property=\"og:type\" content=\"article\" \/>\n<meta property=\"og:title\" content=\"Concita 2.0 Ter\u00e4s - Valurautakamiina - La Nordica - Suomi\" \/>\n<meta property=\"og:description\" content=\"Tyylik\u00e4s kaakelikamiina romanttistyylisell\u00e4 muotoilulla. Iso tulipes\u00e4 joka polttaa puun viimeist\u00e4 hiilt\u00e4 my\u00f6den.\" \/>\n<meta property=\"og:url\" content=\"https:\/\/lanordica.fi\/fi\/product\/concita-2-0-valurautakamiina-kopio\/\" \/>\n<meta property=\"og:site_name\" content=\"La Nordica - Suomi\" \/>\n<meta property=\"article:modified_time\" content=\"2025-11-15T11:51:40+00:00\" \/>\n<meta property=\"og:image\" content=\"https:\/\/lanordica.fi\/wp-content\/uploads\/2023\/06\/Concita-teras-musta-kamiina-lanordica.jpg\" \/>\n\t<meta property=\"og:image:width\" content=\"900\" \/>\n\t<meta property=\"og:image:height\" content=\"900\" \/>\n\t<meta property=\"og:image:type\" content=\"image\/jpeg\" \/>\n<meta name=\"twitter:card\" content=\"summary_large_image\" \/>\n<meta name=\"twitter:label1\" content=\"Arvioitu lukuaika\" \/>\n\t<meta name=\"twitter:data1\" content=\"1 minuutti\" \/>\n<script type=\"application\/ld+json\" class=\"yoast-schema-graph\">{\"@context\":\"https:\\\/\\\/schema.org\",\"@graph\":[{\"@type\":\"WebPage\",\"@id\":\"https:\\\/\\\/lanordica.fi\\\/product\\\/concita-2-0-valurautakamiina-kopio\\\/\",\"url\":\"https:\\\/\\\/lanordica.fi\\\/product\\\/concita-2-0-valurautakamiina-kopio\\\/\",\"name\":\"Concita 2.0 Ter\u00e4s - Valurautakamiina - La Nordica - Suomi\",\"isPartOf\":{\"@id\":\"https:\\\/\\\/lanordica.fi\\\/#website\"},\"primaryImageOfPage\":{\"@id\":\"https:\\\/\\\/lanordica.fi\\\/product\\\/concita-2-0-valurautakamiina-kopio\\\/#primaryimage\"},\"image\":{\"@id\":\"https:\\\/\\\/lanordica.fi\\\/product\\\/concita-2-0-valurautakamiina-kopio\\\/#primaryimage\"},\"thumbnailUrl\":\"https:\\\/\\\/i0.wp.com\\\/lanordica.fi\\\/wp-content\\\/uploads\\\/2023\\\/06\\\/Concita-teras-musta-kamiina-lanordica.jpg?fit=900%2C900&ssl=1\",\"datePublished\":\"2023-06-13T06:53:41+00:00\",\"dateModified\":\"2025-11-15T11:51:40+00:00\",\"description\":\"Tyylik\u00e4s kaakelikamiina romanttistyylisell\u00e4 muotoilulla. Iso tulipes\u00e4 joka polttaa puun viimeist\u00e4 hiilt\u00e4 my\u00f6den.\",\"breadcrumb\":{\"@id\":\"https:\\\/\\\/lanordica.fi\\\/product\\\/concita-2-0-valurautakamiina-kopio\\\/#breadcrumb\"},\"inLanguage\":\"fi\",\"potentialAction\":[{\"@type\":\"ReadAction\",\"target\":[\"https:\\\/\\\/lanordica.fi\\\/product\\\/concita-2-0-valurautakamiina-kopio\\\/\"]}]},{\"@type\":\"ImageObject\",\"inLanguage\":\"fi\",\"@id\":\"https:\\\/\\\/lanordica.fi\\\/product\\\/concita-2-0-valurautakamiina-kopio\\\/#primaryimage\",\"url\":\"https:\\\/\\\/i0.wp.com\\\/lanordica.fi\\\/wp-content\\\/uploads\\\/2023\\\/06\\\/Concita-teras-musta-kamiina-lanordica.jpg?fit=900%2C900&ssl=1\",\"contentUrl\":\"https:\\\/\\\/i0.wp.com\\\/lanordica.fi\\\/wp-content\\\/uploads\\\/2023\\\/06\\\/Concita-teras-musta-kamiina-lanordica.jpg?fit=900%2C900&ssl=1\",\"width\":900,\"height\":900},{\"@type\":\"BreadcrumbList\",\"@id\":\"https:\\\/\\\/lanordica.fi\\\/product\\\/concita-2-0-valurautakamiina-kopio\\\/#breadcrumb\",\"itemListElement\":[{\"@type\":\"ListItem\",\"position\":1,\"name\":\"Home\",\"item\":\"https:\\\/\\\/lanordica.fi\\\/\"},{\"@type\":\"ListItem\",\"position\":2,\"name\":\"Kauppa\",\"item\":\"https:\\\/\\\/lanordica.fi\\\/shop\\\/\"},{\"@type\":\"ListItem\",\"position\":3,\"name\":\"Concita 2.0 Ter\u00e4s &#8211; Valurautakamiina\"}]},{\"@type\":\"WebSite\",\"@id\":\"https:\\\/\\\/lanordica.fi\\\/#website\",\"url\":\"https:\\\/\\\/lanordica.fi\\\/\",\"name\":\"La Nordica - Suomi\",\"description\":\"L\u00e4mp\u00f6\u00e4 kotiisi\",\"publisher\":{\"@id\":\"https:\\\/\\\/lanordica.fi\\\/#organization\"},\"potentialAction\":[{\"@type\":\"SearchAction\",\"target\":{\"@type\":\"EntryPoint\",\"urlTemplate\":\"https:\\\/\\\/lanordica.fi\\\/?s={search_term_string}\"},\"query-input\":{\"@type\":\"PropertyValueSpecification\",\"valueRequired\":true,\"valueName\":\"search_term_string\"}}],\"inLanguage\":\"fi\"},{\"@type\":\"Organization\",\"@id\":\"https:\\\/\\\/lanordica.fi\\\/#organization\",\"name\":\"La Nordica - Suomi\",\"url\":\"https:\\\/\\\/lanordica.fi\\\/\",\"logo\":{\"@type\":\"ImageObject\",\"inLanguage\":\"fi\",\"@id\":\"https:\\\/\\\/lanordica.fi\\\/#\\\/schema\\\/logo\\\/image\\\/\",\"url\":\"https:\\\/\\\/i0.wp.com\\\/lanordica.fi\\\/wp-content\\\/uploads\\\/2018\\\/03\\\/lanordica-fi.png?fit=768%2C282&ssl=1\",\"contentUrl\":\"https:\\\/\\\/i0.wp.com\\\/lanordica.fi\\\/wp-content\\\/uploads\\\/2018\\\/03\\\/lanordica-fi.png?fit=768%2C282&ssl=1\",\"width\":768,\"height\":282,\"caption\":\"La Nordica - Suomi\"},\"image\":{\"@id\":\"https:\\\/\\\/lanordica.fi\\\/#\\\/schema\\\/logo\\\/image\\\/\"}}]}<\/script>\n<!-- \/ Yoast SEO plugin. -->","yoast_head_json":{"title":"Concita 2.0 Ter\u00e4s - Valurautakamiina - La Nordica - Suomi","description":"Tyylik\u00e4s kaakelikamiina romanttistyylisell\u00e4 muotoilulla. Iso tulipes\u00e4 joka polttaa puun viimeist\u00e4 hiilt\u00e4 my\u00f6den.","robots":{"index":"index","follow":"follow","max-snippet":"max-snippet:-1","max-image-preview":"max-image-preview:large","max-video-preview":"max-video-preview:-1"},"canonical":"https:\/\/lanordica.fi\/fi\/product\/concita-2-0-valurautakamiina-kopio\/","og_locale":"fi_FI","og_type":"article","og_title":"Concita 2.0 Ter\u00e4s - Valurautakamiina - La Nordica - Suomi","og_description":"Tyylik\u00e4s kaakelikamiina romanttistyylisell\u00e4 muotoilulla. Iso tulipes\u00e4 joka polttaa puun viimeist\u00e4 hiilt\u00e4 my\u00f6den.","og_url":"https:\/\/lanordica.fi\/fi\/product\/concita-2-0-valurautakamiina-kopio\/","og_site_name":"La Nordica - Suomi","article_modified_time":"2025-11-15T11:51:40+00:00","og_image":[{"width":900,"height":900,"url":"https:\/\/lanordica.fi\/wp-content\/uploads\/2023\/06\/Concita-teras-musta-kamiina-lanordica.jpg","type":"image\/jpeg"}],"twitter_card":"summary_large_image","twitter_misc":{"Arvioitu lukuaika":"1 minuutti"},"schema":{"@context":"https:\/\/schema.org","@graph":[{"@type":"WebPage","@id":"https:\/\/lanordica.fi\/product\/concita-2-0-valurautakamiina-kopio\/","url":"https:\/\/lanordica.fi\/product\/concita-2-0-valurautakamiina-kopio\/","name":"Concita 2.0 Ter\u00e4s - Valurautakamiina - La Nordica - Suomi","isPartOf":{"@id":"https:\/\/lanordica.fi\/#website"},"primaryImageOfPage":{"@id":"https:\/\/lanordica.fi\/product\/concita-2-0-valurautakamiina-kopio\/#primaryimage"},"image":{"@id":"https:\/\/lanordica.fi\/product\/concita-2-0-valurautakamiina-kopio\/#primaryimage"},"thumbnailUrl":"https:\/\/i0.wp.com\/lanordica.fi\/wp-content\/uploads\/2023\/06\/Concita-teras-musta-kamiina-lanordica.jpg?fit=900%2C900&ssl=1","datePublished":"2023-06-13T06:53:41+00:00","dateModified":"2025-11-15T11:51:40+00:00","description":"Tyylik\u00e4s kaakelikamiina romanttistyylisell\u00e4 muotoilulla. Iso tulipes\u00e4 joka polttaa puun viimeist\u00e4 hiilt\u00e4 my\u00f6den.","breadcrumb":{"@id":"https:\/\/lanordica.fi\/product\/concita-2-0-valurautakamiina-kopio\/#breadcrumb"},"inLanguage":"fi","potentialAction":[{"@type":"ReadAction","target":["https:\/\/lanordica.fi\/product\/concita-2-0-valurautakamiina-kopio\/"]}]},{"@type":"ImageObject","inLanguage":"fi","@id":"https:\/\/lanordica.fi\/product\/concita-2-0-valurautakamiina-kopio\/#primaryimage","url":"https:\/\/i0.wp.com\/lanordica.fi\/wp-content\/uploads\/2023\/06\/Concita-teras-musta-kamiina-lanordica.jpg?fit=900%2C900&ssl=1","contentUrl":"https:\/\/i0.wp.com\/lanordica.fi\/wp-content\/uploads\/2023\/06\/Concita-teras-musta-kamiina-lanordica.jpg?fit=900%2C900&ssl=1","width":900,"height":900},{"@type":"BreadcrumbList","@id":"https:\/\/lanordica.fi\/product\/concita-2-0-valurautakamiina-kopio\/#breadcrumb","itemListElement":[{"@type":"ListItem","position":1,"name":"Home","item":"https:\/\/lanordica.fi\/"},{"@type":"ListItem","position":2,"name":"Kauppa","item":"https:\/\/lanordica.fi\/shop\/"},{"@type":"ListItem","position":3,"name":"Concita 2.0 Ter\u00e4s &#8211; Valurautakamiina"}]},{"@type":"WebSite","@id":"https:\/\/lanordica.fi\/#website","url":"https:\/\/lanordica.fi\/","name":"La Nordica - Suomi","description":"L\u00e4mp\u00f6\u00e4 kotiisi","publisher":{"@id":"https:\/\/lanordica.fi\/#organization"},"potentialAction":[{"@type":"SearchAction","target":{"@type":"EntryPoint","urlTemplate":"https:\/\/lanordica.fi\/?s={search_term_string}"},"query-input":{"@type":"PropertyValueSpecification","valueRequired":true,"valueName":"search_term_string"}}],"inLanguage":"fi"},{"@type":"Organization","@id":"https:\/\/lanordica.fi\/#organization","name":"La Nordica - Suomi","url":"https:\/\/lanordica.fi\/","logo":{"@type":"ImageObject","inLanguage":"fi","@id":"https:\/\/lanordica.fi\/#\/schema\/logo\/image\/","url":"https:\/\/i0.wp.com\/lanordica.fi\/wp-content\/uploads\/2018\/03\/lanordica-fi.png?fit=768%2C282&ssl=1","contentUrl":"https:\/\/i0.wp.com\/lanordica.fi\/wp-content\/uploads\/2018\/03\/lanordica-fi.png?fit=768%2C282&ssl=1","width":768,"height":282,"caption":"La Nordica - Suomi"},"image":{"@id":"https:\/\/lanordica.fi\/#\/schema\/logo\/image\/"}}]}},"jetpack_publicize_connections":[],"jetpack_sharing_enabled":true,"jetpack_likes_enabled":true,"_links":{"self":[{"href":"https:\/\/lanordica.fi\/fi\/wp-json\/wp\/v2\/product\/8335","targetHints":{"allow":["GET"]}}],"collection":[{"href":"https:\/\/lanordica.fi\/fi\/wp-json\/wp\/v2\/product"}],"about":[{"href":"https:\/\/lanordica.fi\/fi\/wp-json\/wp\/v2\/types\/product"}],"version-history":[{"count":4,"href":"https:\/\/lanordica.fi\/fi\/wp-json\/wp\/v2\/product\/8335\/revisions"}],"predecessor-version":[{"id":13762,"href":"https:\/\/lanordica.fi\/fi\/wp-json\/wp\/v2\/product\/8335\/revisions\/13762"}],"wp:featuredmedia":[{"embeddable":true,"href":"https:\/\/lanordica.fi\/fi\/wp-json\/wp\/v2\/media\/8341"}],"wp:attachment":[{"href":"https:\/\/lanordica.fi\/fi\/wp-json\/wp\/v2\/media?parent=8335"}],"wp:term":[{"taxonomy":"product_brand","embeddable":true,"href":"https:\/\/lanordica.fi\/fi\/wp-json\/wp\/v2\/product_brand?post=8335"},{"taxonomy":"product_cat","embeddable":true,"href":"https:\/\/lanordica.fi\/fi\/wp-json\/wp\/v2\/product_cat?post=8335"},{"taxonomy":"product_tag","embeddable":true,"href":"https:\/\/lanordica.fi\/fi\/wp-json\/wp\/v2\/product_tag?post=8335"}],"curies":[{"name":"wp","href":"https:\/\/api.w.org\/{rel}","templated":true}]}}