{"id":8313,"date":"2023-06-12T13:21:44","date_gmt":"2023-06-12T13:21:44","guid":{"rendered":"https:\/\/lanordica.fi\/?post_type=product&#038;p=8313"},"modified":"2024-08-28T11:09:40","modified_gmt":"2024-08-28T11:09:40","slug":"fedora-teras-valurautakamiina","status":"publish","type":"product","link":"https:\/\/lanordica.fi\/fi\/product\/fedora-teras-valurautakamiina\/","title":{"rendered":"Fedora Ter\u00e4s &#8211; Valurautakamiina"},"content":{"rendered":"<p>Mitat (L x K x S): <span class=\"valore \">559 x 1035 x 547 mm<\/span><br \/>\nTeho: 8,3 kW<br \/>\nPaino: 150 kg<br \/>\nTulipes\u00e4n koko: 377 x 368 x 362 mm<br \/>\nLuukun koko: 315 x 285 mm<br \/>\nL\u00e4mmitysala: 238 m\u00b3<br \/>\nHormiliitos: 130 mm p\u00e4\u00e4lt\u00e4<br \/>\nS\u00e4\u00e4dett\u00e4v\u00e4 ensi\u00f6ilma: kyll\u00e4<br \/>\nS\u00e4\u00e4dett\u00e4v\u00e4 toisioilma: kyll\u00e4<br \/>\nTertiaari-ilma: esis\u00e4\u00e4detty<br \/>\nJ\u00e4lkipoltto: kyll\u00e4<br \/>\nHy\u00f6tysuhde: 86,4 %<br \/>\nPolttoaineen kulutus: 2,25 kg\/h<br \/>\nSavukaasujen keskil\u00e4mp\u00f6tila: 214 \u00b0C<br \/>\nCO p\u00e4\u00e4st\u00f6t: 0,03 %<br \/>\nHiukkasp\u00e4\u00e4st\u00f6t:\u00a0 5,9 mg\/m\u00b3 (13% O2)<\/p>\n<p>Suojaet\u00e4isyydet:<br \/>\nTaakse: 300 mm<br \/>\nSivuille: 500 mm<br \/>\nEteen: 1200 mm<\/p>\n<p>K\u00e4ytt\u00f6ohje: Kyll\u00e4, alkuper\u00e4isen ohjeen Suomi-k\u00e4\u00e4nn\u00f6s<br \/>\n<a href=\"https:\/\/www.lanordica-extraflame.com\/en\/products\/wood-stoves\/fedora-steel\">Valmistajan alkuper\u00e4iset sivut<\/a><br \/>\n<a href=\"https:\/\/www.lanordica-extraflame.com\/sites\/default\/files\/documenti_temp\/007193134-000_dop_fedora_steel.pdf\">Suoritustasoilmoitus.pdf<\/a><\/p>\n","protected":false},"excerpt":{"rendered":"<p>Luodaan l\u00e4mmin ja viihtyis\u00e4 tunnelma kotiisi La Nordica Extraflamen Fedora Steel -puul\u00e4mmittimell\u00e4. T\u00e4ss\u00e4 ovat nelj\u00e4 syyt\u00e4, miksi Fedora Steel on t\u00e4ydellinen valinta sinulle:<\/p>\n<ol>\n<li><strong>Elegantti Design<\/strong>: Fedora Steel tarjoaa ylellisen muotoilun, jossa on valuraudasta valmistetut uunin sis\u00e4pinnat, emaloitu valurautaovet, kansi, alusta ja runko, sek\u00e4 keraamiset lasit. Sen viimeistely on tehty ter\u00e4ksest\u00e4, joka tuo modernin kosketuksen kotisi sisustukseen.<\/li>\n<li><strong>Erinomainen L\u00e4mmitysteho<\/strong>: 8,3 kW:n nimellisteholla ja 86,4 %:n tehokkuudella Fedora Steel tarjoaa erinomaisen l\u00e4mmityskapasiteetin, kykenee l\u00e4mmitt\u00e4m\u00e4\u00e4n jopa 238 kuutiometri\u00e4 tilaa.<\/li>\n<li><strong>Ymp\u00e4rist\u00f6yst\u00e4v\u00e4llinen<\/strong>: Fedora Steel on varustettu j\u00e4lkipolttoj\u00e4rjestelm\u00e4ll\u00e4, joka v\u00e4hent\u00e4\u00e4 p\u00e4\u00e4st\u00f6j\u00e4, ja se on saanut A+ energiamerkinn\u00e4n, joka kertoo sen energiatehokkuudesta ja ymp\u00e4rist\u00f6yst\u00e4v\u00e4llisyydest\u00e4.<\/li>\n<li><strong>Helppo K\u00e4ytt\u00f6 ja Huolto<\/strong>: Fedora Steel sis\u00e4lt\u00e4\u00e4 irrotettavan tuhkalaatikon, joka helpottaa takan puhdistusta ja huoltoa. Lis\u00e4ksi sen paino, 150 kg, tekee asennuksesta vaivatonta.<\/li>\n<\/ol>\n<p>Fedora Steel on siis t\u00e4ydellinen valinta sinulle, joka etsit yhdistelm\u00e4\u00e4 tyylikkyydest\u00e4, suorituskyvyst\u00e4 ja ymp\u00e4rist\u00f6yst\u00e4v\u00e4llisyydest\u00e4. Se on suunniteltu tuomaan l\u00e4mp\u00f6\u00e4 ja mukavuutta kotiisi, samalla kun se parantaa sisustuksesi estetiikkaa<\/p>\n","protected":false},"featured_media":8318,"template":"","meta":{"_monsterinsights_skip_tracking":false,"_monsterinsights_sitenote_active":false,"_monsterinsights_sitenote_note":"","_monsterinsights_sitenote_category":0,"jetpack_publicize_message":"","jetpack_publicize_feature_enabled":true,"jetpack_social_post_already_shared":true,"jetpack_social_options":{"image_generator_settings":{"template":"highway","default_image_id":0,"font":"","enabled":false},"version":2},"_wpas_customize_per_network":false},"product_brand":[],"product_cat":[1372],"product_tag":[1441,1398,1410,1447,1469,1427],"class_list":{"0":"post-8313","1":"product","2":"type-product","3":"status-publish","4":"has-post-thumbnail","6":"product_cat-takat-ja-kamiinat","7":"product_tag-kamiina","8":"product_tag-keittolevy","9":"product_tag-keittotaso","10":"product_tag-keraaminen","11":"product_tag-punainen","12":"product_tag-valkoinen","13":"product_shipping_class-takka-tai-kamiina","15":"first","16":"instock","17":"taxable","18":"shipping-taxable","19":"purchasable","20":"product-type-variable"},"yoast_head":"<!-- This site is optimized with the Yoast SEO plugin v27.5 - https:\/\/yoast.com\/product\/yoast-seo-wordpress\/ -->\n<title>Fedora Ter\u00e4s - Valurautakamiina - La Nordica - Suomi<\/title>\n<meta name=\"description\" content=\"Tyylik\u00e4s kaakelikamiina romanttistyylisell\u00e4 muotoilulla. Iso tulipes\u00e4 joka polttaa puun viimeist\u00e4 hiilt\u00e4 my\u00f6den.\" \/>\n<meta name=\"robots\" content=\"index, follow, max-snippet:-1, max-image-preview:large, max-video-preview:-1\" \/>\n<link rel=\"canonical\" href=\"https:\/\/lanordica.fi\/fi\/product\/fedora-teras-valurautakamiina\/\" \/>\n<meta property=\"og:locale\" content=\"fi_FI\" \/>\n<meta property=\"og:type\" content=\"article\" \/>\n<meta property=\"og:title\" content=\"Fedora Ter\u00e4s - Valurautakamiina - La Nordica - Suomi\" \/>\n<meta property=\"og:description\" content=\"Tyylik\u00e4s kaakelikamiina romanttistyylisell\u00e4 muotoilulla. Iso tulipes\u00e4 joka polttaa puun viimeist\u00e4 hiilt\u00e4 my\u00f6den.\" \/>\n<meta property=\"og:url\" content=\"https:\/\/lanordica.fi\/fi\/product\/fedora-teras-valurautakamiina\/\" \/>\n<meta property=\"og:site_name\" content=\"La Nordica - Suomi\" \/>\n<meta property=\"article:modified_time\" content=\"2024-08-28T11:09:40+00:00\" \/>\n<meta property=\"og:image\" content=\"https:\/\/lanordica.fi\/wp-content\/uploads\/2023\/06\/fedora-teras-musta-lanordica-kamiina.jpg\" \/>\n\t<meta property=\"og:image:width\" content=\"900\" \/>\n\t<meta property=\"og:image:height\" content=\"900\" \/>\n\t<meta property=\"og:image:type\" content=\"image\/jpeg\" \/>\n<meta name=\"twitter:card\" content=\"summary_large_image\" \/>\n<meta name=\"twitter:label1\" content=\"Arvioitu lukuaika\" \/>\n\t<meta name=\"twitter:data1\" content=\"1 minuutti\" \/>\n<script type=\"application\/ld+json\" class=\"yoast-schema-graph\">{\"@context\":\"https:\\\/\\\/schema.org\",\"@graph\":[{\"@type\":\"WebPage\",\"@id\":\"https:\\\/\\\/lanordica.fi\\\/product\\\/fedora-teras-valurautakamiina\\\/\",\"url\":\"https:\\\/\\\/lanordica.fi\\\/product\\\/fedora-teras-valurautakamiina\\\/\",\"name\":\"Fedora Ter\u00e4s - Valurautakamiina - La Nordica - Suomi\",\"isPartOf\":{\"@id\":\"https:\\\/\\\/lanordica.fi\\\/#website\"},\"primaryImageOfPage\":{\"@id\":\"https:\\\/\\\/lanordica.fi\\\/product\\\/fedora-teras-valurautakamiina\\\/#primaryimage\"},\"image\":{\"@id\":\"https:\\\/\\\/lanordica.fi\\\/product\\\/fedora-teras-valurautakamiina\\\/#primaryimage\"},\"thumbnailUrl\":\"https:\\\/\\\/i0.wp.com\\\/lanordica.fi\\\/wp-content\\\/uploads\\\/2023\\\/06\\\/fedora-teras-musta-lanordica-kamiina.jpg?fit=900%2C900&ssl=1\",\"datePublished\":\"2023-06-12T13:21:44+00:00\",\"dateModified\":\"2024-08-28T11:09:40+00:00\",\"description\":\"Tyylik\u00e4s kaakelikamiina romanttistyylisell\u00e4 muotoilulla. Iso tulipes\u00e4 joka polttaa puun viimeist\u00e4 hiilt\u00e4 my\u00f6den.\",\"breadcrumb\":{\"@id\":\"https:\\\/\\\/lanordica.fi\\\/product\\\/fedora-teras-valurautakamiina\\\/#breadcrumb\"},\"inLanguage\":\"fi\",\"potentialAction\":[{\"@type\":\"ReadAction\",\"target\":[\"https:\\\/\\\/lanordica.fi\\\/product\\\/fedora-teras-valurautakamiina\\\/\"]}]},{\"@type\":\"ImageObject\",\"inLanguage\":\"fi\",\"@id\":\"https:\\\/\\\/lanordica.fi\\\/product\\\/fedora-teras-valurautakamiina\\\/#primaryimage\",\"url\":\"https:\\\/\\\/i0.wp.com\\\/lanordica.fi\\\/wp-content\\\/uploads\\\/2023\\\/06\\\/fedora-teras-musta-lanordica-kamiina.jpg?fit=900%2C900&ssl=1\",\"contentUrl\":\"https:\\\/\\\/i0.wp.com\\\/lanordica.fi\\\/wp-content\\\/uploads\\\/2023\\\/06\\\/fedora-teras-musta-lanordica-kamiina.jpg?fit=900%2C900&ssl=1\",\"width\":900,\"height\":900},{\"@type\":\"BreadcrumbList\",\"@id\":\"https:\\\/\\\/lanordica.fi\\\/product\\\/fedora-teras-valurautakamiina\\\/#breadcrumb\",\"itemListElement\":[{\"@type\":\"ListItem\",\"position\":1,\"name\":\"Home\",\"item\":\"https:\\\/\\\/lanordica.fi\\\/\"},{\"@type\":\"ListItem\",\"position\":2,\"name\":\"Kauppa\",\"item\":\"https:\\\/\\\/lanordica.fi\\\/shop\\\/\"},{\"@type\":\"ListItem\",\"position\":3,\"name\":\"Fedora Ter\u00e4s &#8211; Valurautakamiina\"}]},{\"@type\":\"WebSite\",\"@id\":\"https:\\\/\\\/lanordica.fi\\\/#website\",\"url\":\"https:\\\/\\\/lanordica.fi\\\/\",\"name\":\"La Nordica - Suomi\",\"description\":\"L\u00e4mp\u00f6\u00e4 kotiisi\",\"publisher\":{\"@id\":\"https:\\\/\\\/lanordica.fi\\\/#organization\"},\"potentialAction\":[{\"@type\":\"SearchAction\",\"target\":{\"@type\":\"EntryPoint\",\"urlTemplate\":\"https:\\\/\\\/lanordica.fi\\\/?s={search_term_string}\"},\"query-input\":{\"@type\":\"PropertyValueSpecification\",\"valueRequired\":true,\"valueName\":\"search_term_string\"}}],\"inLanguage\":\"fi\"},{\"@type\":\"Organization\",\"@id\":\"https:\\\/\\\/lanordica.fi\\\/#organization\",\"name\":\"La Nordica - Suomi\",\"url\":\"https:\\\/\\\/lanordica.fi\\\/\",\"logo\":{\"@type\":\"ImageObject\",\"inLanguage\":\"fi\",\"@id\":\"https:\\\/\\\/lanordica.fi\\\/#\\\/schema\\\/logo\\\/image\\\/\",\"url\":\"https:\\\/\\\/i0.wp.com\\\/lanordica.fi\\\/wp-content\\\/uploads\\\/2018\\\/03\\\/lanordica-fi.png?fit=768%2C282&ssl=1\",\"contentUrl\":\"https:\\\/\\\/i0.wp.com\\\/lanordica.fi\\\/wp-content\\\/uploads\\\/2018\\\/03\\\/lanordica-fi.png?fit=768%2C282&ssl=1\",\"width\":768,\"height\":282,\"caption\":\"La Nordica - Suomi\"},\"image\":{\"@id\":\"https:\\\/\\\/lanordica.fi\\\/#\\\/schema\\\/logo\\\/image\\\/\"}}]}<\/script>\n<!-- \/ Yoast SEO plugin. -->","yoast_head_json":{"title":"Fedora Ter\u00e4s - Valurautakamiina - La Nordica - Suomi","description":"Tyylik\u00e4s kaakelikamiina romanttistyylisell\u00e4 muotoilulla. Iso tulipes\u00e4 joka polttaa puun viimeist\u00e4 hiilt\u00e4 my\u00f6den.","robots":{"index":"index","follow":"follow","max-snippet":"max-snippet:-1","max-image-preview":"max-image-preview:large","max-video-preview":"max-video-preview:-1"},"canonical":"https:\/\/lanordica.fi\/fi\/product\/fedora-teras-valurautakamiina\/","og_locale":"fi_FI","og_type":"article","og_title":"Fedora Ter\u00e4s - Valurautakamiina - La Nordica - Suomi","og_description":"Tyylik\u00e4s kaakelikamiina romanttistyylisell\u00e4 muotoilulla. Iso tulipes\u00e4 joka polttaa puun viimeist\u00e4 hiilt\u00e4 my\u00f6den.","og_url":"https:\/\/lanordica.fi\/fi\/product\/fedora-teras-valurautakamiina\/","og_site_name":"La Nordica - Suomi","article_modified_time":"2024-08-28T11:09:40+00:00","og_image":[{"width":900,"height":900,"url":"https:\/\/lanordica.fi\/wp-content\/uploads\/2023\/06\/fedora-teras-musta-lanordica-kamiina.jpg","type":"image\/jpeg"}],"twitter_card":"summary_large_image","twitter_misc":{"Arvioitu lukuaika":"1 minuutti"},"schema":{"@context":"https:\/\/schema.org","@graph":[{"@type":"WebPage","@id":"https:\/\/lanordica.fi\/product\/fedora-teras-valurautakamiina\/","url":"https:\/\/lanordica.fi\/product\/fedora-teras-valurautakamiina\/","name":"Fedora Ter\u00e4s - Valurautakamiina - La Nordica - Suomi","isPartOf":{"@id":"https:\/\/lanordica.fi\/#website"},"primaryImageOfPage":{"@id":"https:\/\/lanordica.fi\/product\/fedora-teras-valurautakamiina\/#primaryimage"},"image":{"@id":"https:\/\/lanordica.fi\/product\/fedora-teras-valurautakamiina\/#primaryimage"},"thumbnailUrl":"https:\/\/i0.wp.com\/lanordica.fi\/wp-content\/uploads\/2023\/06\/fedora-teras-musta-lanordica-kamiina.jpg?fit=900%2C900&ssl=1","datePublished":"2023-06-12T13:21:44+00:00","dateModified":"2024-08-28T11:09:40+00:00","description":"Tyylik\u00e4s kaakelikamiina romanttistyylisell\u00e4 muotoilulla. Iso tulipes\u00e4 joka polttaa puun viimeist\u00e4 hiilt\u00e4 my\u00f6den.","breadcrumb":{"@id":"https:\/\/lanordica.fi\/product\/fedora-teras-valurautakamiina\/#breadcrumb"},"inLanguage":"fi","potentialAction":[{"@type":"ReadAction","target":["https:\/\/lanordica.fi\/product\/fedora-teras-valurautakamiina\/"]}]},{"@type":"ImageObject","inLanguage":"fi","@id":"https:\/\/lanordica.fi\/product\/fedora-teras-valurautakamiina\/#primaryimage","url":"https:\/\/i0.wp.com\/lanordica.fi\/wp-content\/uploads\/2023\/06\/fedora-teras-musta-lanordica-kamiina.jpg?fit=900%2C900&ssl=1","contentUrl":"https:\/\/i0.wp.com\/lanordica.fi\/wp-content\/uploads\/2023\/06\/fedora-teras-musta-lanordica-kamiina.jpg?fit=900%2C900&ssl=1","width":900,"height":900},{"@type":"BreadcrumbList","@id":"https:\/\/lanordica.fi\/product\/fedora-teras-valurautakamiina\/#breadcrumb","itemListElement":[{"@type":"ListItem","position":1,"name":"Home","item":"https:\/\/lanordica.fi\/"},{"@type":"ListItem","position":2,"name":"Kauppa","item":"https:\/\/lanordica.fi\/shop\/"},{"@type":"ListItem","position":3,"name":"Fedora Ter\u00e4s &#8211; Valurautakamiina"}]},{"@type":"WebSite","@id":"https:\/\/lanordica.fi\/#website","url":"https:\/\/lanordica.fi\/","name":"La Nordica - Suomi","description":"L\u00e4mp\u00f6\u00e4 kotiisi","publisher":{"@id":"https:\/\/lanordica.fi\/#organization"},"potentialAction":[{"@type":"SearchAction","target":{"@type":"EntryPoint","urlTemplate":"https:\/\/lanordica.fi\/?s={search_term_string}"},"query-input":{"@type":"PropertyValueSpecification","valueRequired":true,"valueName":"search_term_string"}}],"inLanguage":"fi"},{"@type":"Organization","@id":"https:\/\/lanordica.fi\/#organization","name":"La Nordica - Suomi","url":"https:\/\/lanordica.fi\/","logo":{"@type":"ImageObject","inLanguage":"fi","@id":"https:\/\/lanordica.fi\/#\/schema\/logo\/image\/","url":"https:\/\/i0.wp.com\/lanordica.fi\/wp-content\/uploads\/2018\/03\/lanordica-fi.png?fit=768%2C282&ssl=1","contentUrl":"https:\/\/i0.wp.com\/lanordica.fi\/wp-content\/uploads\/2018\/03\/lanordica-fi.png?fit=768%2C282&ssl=1","width":768,"height":282,"caption":"La Nordica - Suomi"},"image":{"@id":"https:\/\/lanordica.fi\/#\/schema\/logo\/image\/"}}]}},"jetpack_publicize_connections":[],"jetpack_sharing_enabled":true,"jetpack_likes_enabled":true,"_links":{"self":[{"href":"https:\/\/lanordica.fi\/fi\/wp-json\/wp\/v2\/product\/8313","targetHints":{"allow":["GET"]}}],"collection":[{"href":"https:\/\/lanordica.fi\/fi\/wp-json\/wp\/v2\/product"}],"about":[{"href":"https:\/\/lanordica.fi\/fi\/wp-json\/wp\/v2\/types\/product"}],"version-history":[{"count":2,"href":"https:\/\/lanordica.fi\/fi\/wp-json\/wp\/v2\/product\/8313\/revisions"}],"predecessor-version":[{"id":8347,"href":"https:\/\/lanordica.fi\/fi\/wp-json\/wp\/v2\/product\/8313\/revisions\/8347"}],"wp:featuredmedia":[{"embeddable":true,"href":"https:\/\/lanordica.fi\/fi\/wp-json\/wp\/v2\/media\/8318"}],"wp:attachment":[{"href":"https:\/\/lanordica.fi\/fi\/wp-json\/wp\/v2\/media?parent=8313"}],"wp:term":[{"taxonomy":"product_brand","embeddable":true,"href":"https:\/\/lanordica.fi\/fi\/wp-json\/wp\/v2\/product_brand?post=8313"},{"taxonomy":"product_cat","embeddable":true,"href":"https:\/\/lanordica.fi\/fi\/wp-json\/wp\/v2\/product_cat?post=8313"},{"taxonomy":"product_tag","embeddable":true,"href":"https:\/\/lanordica.fi\/fi\/wp-json\/wp\/v2\/product_tag?post=8313"}],"curies":[{"name":"wp","href":"https:\/\/api.w.org\/{rel}","templated":true}]}}