{"id":8303,"date":"2023-06-12T13:09:56","date_gmt":"2023-06-12T13:09:56","guid":{"rendered":"https:\/\/lanordica.fi\/?post_type=product&#038;p=8303"},"modified":"2026-01-13T08:02:13","modified_gmt":"2026-01-13T08:02:13","slug":"emiliana-teras-valurautakamiina","status":"publish","type":"product","link":"https:\/\/lanordica.fi\/fi\/product\/emiliana-teras-valurautakamiina\/","title":{"rendered":"Emiliana Ter\u00e4s &#8211; Valurautakamiina"},"content":{"rendered":"<p>Mitat (L x K x S): 453 x 950 x 490 mm<br \/>\nTeho: 6,5 kW<br \/>\nPaino: 121 kg<br \/>\nTulipes\u00e4n koko: 273 x 330 x 320 mm<br \/>\nLuukun koko: 210 x 255 mm<br \/>\nL\u00e4mmitysala: 186 m\u00b3<br \/>\nHormiliitos: 120 mm p\u00e4\u00e4lt\u00e4<br \/>\nS\u00e4\u00e4dett\u00e4v\u00e4 ensi\u00f6ilma: kyll\u00e4<br \/>\nS\u00e4\u00e4dett\u00e4v\u00e4 toisioilma: kyll\u00e4<br \/>\nTertiaari-ilma: esis\u00e4\u00e4detty<br \/>\nJ\u00e4lkipoltto: kyll\u00e4<br \/>\nHy\u00f6tysuhde: 88,7 %<br \/>\nPolttoaineen kulutus: 1,7 kg\/h<br \/>\nSavukaasujen keskil\u00e4mp\u00f6tila: 207 \u02daC<br \/>\nCO p\u00e4\u00e4st\u00f6t: &#8211; %<br \/>\nHiukkasp\u00e4\u00e4st\u00f6t: 0,03 &#8211; 369 mg\/m\u00b3 (13% O2)<\/p>\n<p>Suojaet\u00e4isyydet:<br \/>\nTaakse: 300 mm<br \/>\nSivuille: 300 mm<br \/>\nEteen: 1000 mm<\/p>\n<p>K\u00e4ytt\u00f6ohje: Kyll\u00e4, alkuper\u00e4isen ohjeen Suomi-k\u00e4\u00e4nn\u00f6s<\/p>\n<p><a href=\"https:\/\/www.lanordica-extraflame.com\/en\/products\/wood-stoves\/emiliana-steel\">Valmistajan alkuper\u00e4inen sivu<\/a><br \/>\n<a href=\"https:\/\/www.lanordica-extraflame.com\/sites\/default\/files\/documenti_temp\/007193135-000_dop_emiliana_steel.pdf\">Suoritustasoilmoitus<\/a><br \/>\n<a href=\"https:\/\/www.lanordica-extraflame.com\/sites\/default\/files\/documenti_temp\/005280253-000_deco_emiliana_steel.pdf\">Ecodesign hyv\u00e4ksynt\u00e4<\/a><\/p>\n","protected":false},"excerpt":{"rendered":"<p>La Nordica Extraflamen Emiliana Steel -puul\u00e4mmitteinen takka, joka yhdist\u00e4\u00e4 elegantin muotoilun ja huippuluokan suorituskyvyn. T\u00e4ss\u00e4 on nelj\u00e4 syyt\u00e4, miksi sinun pit\u00e4isi valita Emiliana Steel:<\/p>\n<ol>\n<li><strong>Yhdistetty Kauneus ja K\u00e4yt\u00e4nn\u00f6llisyys<\/strong>: Emiliana Steel sis\u00e4lt\u00e4\u00e4 valuraudasta valmistetut uunin sis\u00e4pinnat, emaloidut valurautaovet, kannen, alustan ja rungon, s\u00e4\u00e4dett\u00e4v\u00e4t ensisijaiset ja toissijaiset ilmanottoaukot paremman palamisen hallintaan, sek\u00e4 keraamisen lasin. Ulkopinta on kauniisti emaloitu ter\u00e4s, joka lis\u00e4\u00e4 tyylikkyytt\u00e4.<\/li>\n<li><strong>Korkea Energiatehokkuus<\/strong>: 6,5 kW:n nimellisteholla ja 88,7 %:n tehokkuudella Emiliana Steel tarjoaa erinomaista l\u00e4mmitystehoa, pystyen l\u00e4mmitt\u00e4m\u00e4\u00e4n jopa 186 kuutiometri\u00e4 tilaa.<\/li>\n<li><strong>Ymp\u00e4rist\u00f6yst\u00e4v\u00e4llinen<\/strong>: Emiliana Steel on varustettu j\u00e4lkipolttoj\u00e4rjestelm\u00e4ll\u00e4, joka v\u00e4hent\u00e4\u00e4 p\u00e4\u00e4st\u00f6j\u00e4. T\u00e4m\u00e4 puul\u00e4mmitteinen takka on saanut A+ energiamerkinn\u00e4n, joka osoittaa sen olevan yksi markkinoiden energiatehokkaimmista ja ymp\u00e4rist\u00f6yst\u00e4v\u00e4llisimmist\u00e4 malleista.<\/li>\n<li><strong>Helppo K\u00e4ytt\u00f6 ja Huolto<\/strong>: Irrotettava tuhkalaatikko helpottaa takan puhdistusta ja huoltoa, ja sen kevyt 121 kg:n paino tekee asennuksesta vaivatonta.<\/li>\n<\/ol>\n<p>Emiliana Steel on t\u00e4ydellinen valinta kotiisi, jos arvostat sek\u00e4 toiminnallisuutta ett\u00e4 tyyli\u00e4. Sen upea muotoilu ja korkea suorituskyky tekev\u00e4t siit\u00e4 ihanteellisen valinnan kaikkiin koteihin, joissa halutaan nauttia l\u00e4mm\u00f6st\u00e4 ja mukavuudesta tyylikk\u00e4\u00e4ss\u00e4 paketissa\u200b<\/p>\n","protected":false},"featured_media":8309,"template":"","meta":{"_monsterinsights_skip_tracking":false,"_monsterinsights_sitenote_active":false,"_monsterinsights_sitenote_note":"","_monsterinsights_sitenote_category":0,"jetpack_publicize_message":"","jetpack_publicize_feature_enabled":true,"jetpack_social_post_already_shared":true,"jetpack_social_options":{"image_generator_settings":{"template":"highway","default_image_id":0,"font":"","enabled":false},"version":2},"_wpas_customize_per_network":false},"product_brand":[],"product_cat":[1372],"product_tag":[1441,1398,1448,1469,1427,1430],"class_list":{"0":"post-8303","1":"product","2":"type-product","3":"status-publish","4":"has-post-thumbnail","6":"product_cat-takat-ja-kamiinat","7":"product_tag-kamiina","8":"product_tag-keittolevy","9":"product_tag-keramiikka","10":"product_tag-punainen","11":"product_tag-valkoinen","12":"product_tag-valurautaluukut","13":"product_shipping_class-takka-tai-kamiina","15":"first","16":"instock","17":"taxable","18":"shipping-taxable","19":"purchasable","20":"product-type-variable"},"yoast_head":"<!-- This site is optimized with the Yoast SEO plugin v27.5 - https:\/\/yoast.com\/product\/yoast-seo-wordpress\/ -->\n<title>Emiliana Ter\u00e4s - Valurautakamiina - La Nordica - Suomi<\/title>\n<meta name=\"robots\" content=\"index, follow, max-snippet:-1, max-image-preview:large, max-video-preview:-1\" \/>\n<link rel=\"canonical\" href=\"https:\/\/lanordica.fi\/fi\/product\/emiliana-teras-valurautakamiina\/\" \/>\n<meta property=\"og:locale\" content=\"fi_FI\" \/>\n<meta property=\"og:type\" content=\"article\" \/>\n<meta property=\"og:title\" content=\"Emiliana Ter\u00e4s - Valurautakamiina - La Nordica - Suomi\" \/>\n<meta property=\"og:description\" content=\"La Nordica Extraflamen Emiliana Steel -puul\u00e4mmitteinen takka, joka yhdist\u00e4\u00e4 elegantin muotoilun ja huippuluokan suorituskyvyn. T\u00e4ss\u00e4 on nelj\u00e4 syyt\u00e4, miksi sinun pit\u00e4isi valita Emiliana Steel:   Yhdistetty Kauneus ja K\u00e4yt\u00e4nn\u00f6llisyys: Emiliana Steel sis\u00e4lt\u00e4\u00e4 valuraudasta valmistetut uunin sis\u00e4pinnat, emaloidut valurautaovet, kannen, alustan ja rungon, s\u00e4\u00e4dett\u00e4v\u00e4t ensisijaiset ja toissijaiset ilmanottoaukot paremman palamisen hallintaan, sek\u00e4 keraamisen lasin. Ulkopinta on kauniisti emaloitu ter\u00e4s, joka lis\u00e4\u00e4 tyylikkyytt\u00e4.  Korkea Energiatehokkuus: 6,5 kW:n nimellisteholla ja 88,7 %:n tehokkuudella Emiliana Steel tarjoaa erinomaista l\u00e4mmitystehoa, pystyen l\u00e4mmitt\u00e4m\u00e4\u00e4n jopa 186 kuutiometri\u00e4 tilaa.  Ymp\u00e4rist\u00f6yst\u00e4v\u00e4llinen: Emiliana Steel on varustettu j\u00e4lkipolttoj\u00e4rjestelm\u00e4ll\u00e4, joka v\u00e4hent\u00e4\u00e4 p\u00e4\u00e4st\u00f6j\u00e4. T\u00e4m\u00e4 puul\u00e4mmitteinen takka on saanut A+ energiamerkinn\u00e4n, joka osoittaa sen olevan yksi markkinoiden energiatehokkaimmista ja ymp\u00e4rist\u00f6yst\u00e4v\u00e4llisimmist\u00e4 malleista.  Helppo K\u00e4ytt\u00f6 ja Huolto: Irrotettava tuhkalaatikko helpottaa takan puhdistusta ja huoltoa, ja sen kevyt 121 kg:n paino tekee asennuksesta vaivatonta.  Emiliana Steel on t\u00e4ydellinen valinta kotiisi, jos arvostat sek\u00e4 toiminnallisuutta ett\u00e4 tyyli\u00e4. Sen upea muotoilu ja korkea suorituskyky tekev\u00e4t siit\u00e4 ihanteellisen valinnan kaikkiin koteihin, joissa halutaan nauttia l\u00e4mm\u00f6st\u00e4 ja mukavuudesta tyylikk\u00e4\u00e4ss\u00e4 paketissa\u200b\" \/>\n<meta property=\"og:url\" content=\"https:\/\/lanordica.fi\/fi\/product\/emiliana-teras-valurautakamiina\/\" \/>\n<meta property=\"og:site_name\" content=\"La Nordica - Suomi\" \/>\n<meta property=\"article:modified_time\" content=\"2026-01-13T08:02:13+00:00\" \/>\n<meta property=\"og:image\" content=\"https:\/\/lanordica.fi\/wp-content\/uploads\/2023\/06\/Emiliana-teras-musta-pk.jpg\" \/>\n\t<meta property=\"og:image:width\" content=\"900\" \/>\n\t<meta property=\"og:image:height\" content=\"900\" \/>\n\t<meta property=\"og:image:type\" content=\"image\/jpeg\" \/>\n<meta name=\"twitter:card\" content=\"summary_large_image\" \/>\n<meta name=\"twitter:label1\" content=\"Arvioitu lukuaika\" \/>\n\t<meta name=\"twitter:data1\" content=\"1 minuutti\" \/>\n<script type=\"application\/ld+json\" class=\"yoast-schema-graph\">{\"@context\":\"https:\\\/\\\/schema.org\",\"@graph\":[{\"@type\":\"WebPage\",\"@id\":\"https:\\\/\\\/lanordica.fi\\\/product\\\/emiliana-teras-valurautakamiina\\\/\",\"url\":\"https:\\\/\\\/lanordica.fi\\\/product\\\/emiliana-teras-valurautakamiina\\\/\",\"name\":\"Emiliana Ter\u00e4s - Valurautakamiina - La Nordica - Suomi\",\"isPartOf\":{\"@id\":\"https:\\\/\\\/lanordica.fi\\\/#website\"},\"primaryImageOfPage\":{\"@id\":\"https:\\\/\\\/lanordica.fi\\\/product\\\/emiliana-teras-valurautakamiina\\\/#primaryimage\"},\"image\":{\"@id\":\"https:\\\/\\\/lanordica.fi\\\/product\\\/emiliana-teras-valurautakamiina\\\/#primaryimage\"},\"thumbnailUrl\":\"https:\\\/\\\/i0.wp.com\\\/lanordica.fi\\\/wp-content\\\/uploads\\\/2023\\\/06\\\/Emiliana-teras-musta-pk.jpg?fit=900%2C900&ssl=1\",\"datePublished\":\"2023-06-12T13:09:56+00:00\",\"dateModified\":\"2026-01-13T08:02:13+00:00\",\"breadcrumb\":{\"@id\":\"https:\\\/\\\/lanordica.fi\\\/product\\\/emiliana-teras-valurautakamiina\\\/#breadcrumb\"},\"inLanguage\":\"fi\",\"potentialAction\":[{\"@type\":\"ReadAction\",\"target\":[\"https:\\\/\\\/lanordica.fi\\\/product\\\/emiliana-teras-valurautakamiina\\\/\"]}]},{\"@type\":\"ImageObject\",\"inLanguage\":\"fi\",\"@id\":\"https:\\\/\\\/lanordica.fi\\\/product\\\/emiliana-teras-valurautakamiina\\\/#primaryimage\",\"url\":\"https:\\\/\\\/i0.wp.com\\\/lanordica.fi\\\/wp-content\\\/uploads\\\/2023\\\/06\\\/Emiliana-teras-musta-pk.jpg?fit=900%2C900&ssl=1\",\"contentUrl\":\"https:\\\/\\\/i0.wp.com\\\/lanordica.fi\\\/wp-content\\\/uploads\\\/2023\\\/06\\\/Emiliana-teras-musta-pk.jpg?fit=900%2C900&ssl=1\",\"width\":900,\"height\":900},{\"@type\":\"BreadcrumbList\",\"@id\":\"https:\\\/\\\/lanordica.fi\\\/product\\\/emiliana-teras-valurautakamiina\\\/#breadcrumb\",\"itemListElement\":[{\"@type\":\"ListItem\",\"position\":1,\"name\":\"Home\",\"item\":\"https:\\\/\\\/lanordica.fi\\\/\"},{\"@type\":\"ListItem\",\"position\":2,\"name\":\"Kauppa\",\"item\":\"https:\\\/\\\/lanordica.fi\\\/shop\\\/\"},{\"@type\":\"ListItem\",\"position\":3,\"name\":\"Emiliana Ter\u00e4s &#8211; Valurautakamiina\"}]},{\"@type\":\"WebSite\",\"@id\":\"https:\\\/\\\/lanordica.fi\\\/#website\",\"url\":\"https:\\\/\\\/lanordica.fi\\\/\",\"name\":\"La Nordica - Suomi\",\"description\":\"L\u00e4mp\u00f6\u00e4 kotiisi\",\"publisher\":{\"@id\":\"https:\\\/\\\/lanordica.fi\\\/#organization\"},\"potentialAction\":[{\"@type\":\"SearchAction\",\"target\":{\"@type\":\"EntryPoint\",\"urlTemplate\":\"https:\\\/\\\/lanordica.fi\\\/?s={search_term_string}\"},\"query-input\":{\"@type\":\"PropertyValueSpecification\",\"valueRequired\":true,\"valueName\":\"search_term_string\"}}],\"inLanguage\":\"fi\"},{\"@type\":\"Organization\",\"@id\":\"https:\\\/\\\/lanordica.fi\\\/#organization\",\"name\":\"La Nordica - Suomi\",\"url\":\"https:\\\/\\\/lanordica.fi\\\/\",\"logo\":{\"@type\":\"ImageObject\",\"inLanguage\":\"fi\",\"@id\":\"https:\\\/\\\/lanordica.fi\\\/#\\\/schema\\\/logo\\\/image\\\/\",\"url\":\"https:\\\/\\\/i0.wp.com\\\/lanordica.fi\\\/wp-content\\\/uploads\\\/2018\\\/03\\\/lanordica-fi.png?fit=768%2C282&ssl=1\",\"contentUrl\":\"https:\\\/\\\/i0.wp.com\\\/lanordica.fi\\\/wp-content\\\/uploads\\\/2018\\\/03\\\/lanordica-fi.png?fit=768%2C282&ssl=1\",\"width\":768,\"height\":282,\"caption\":\"La Nordica - Suomi\"},\"image\":{\"@id\":\"https:\\\/\\\/lanordica.fi\\\/#\\\/schema\\\/logo\\\/image\\\/\"}}]}<\/script>\n<!-- \/ Yoast SEO plugin. -->","yoast_head_json":{"title":"Emiliana Ter\u00e4s - Valurautakamiina - La Nordica - Suomi","robots":{"index":"index","follow":"follow","max-snippet":"max-snippet:-1","max-image-preview":"max-image-preview:large","max-video-preview":"max-video-preview:-1"},"canonical":"https:\/\/lanordica.fi\/fi\/product\/emiliana-teras-valurautakamiina\/","og_locale":"fi_FI","og_type":"article","og_title":"Emiliana Ter\u00e4s - Valurautakamiina - La Nordica - Suomi","og_description":"La Nordica Extraflamen Emiliana Steel -puul\u00e4mmitteinen takka, joka yhdist\u00e4\u00e4 elegantin muotoilun ja huippuluokan suorituskyvyn. T\u00e4ss\u00e4 on nelj\u00e4 syyt\u00e4, miksi sinun pit\u00e4isi valita Emiliana Steel:   Yhdistetty Kauneus ja K\u00e4yt\u00e4nn\u00f6llisyys: Emiliana Steel sis\u00e4lt\u00e4\u00e4 valuraudasta valmistetut uunin sis\u00e4pinnat, emaloidut valurautaovet, kannen, alustan ja rungon, s\u00e4\u00e4dett\u00e4v\u00e4t ensisijaiset ja toissijaiset ilmanottoaukot paremman palamisen hallintaan, sek\u00e4 keraamisen lasin. Ulkopinta on kauniisti emaloitu ter\u00e4s, joka lis\u00e4\u00e4 tyylikkyytt\u00e4.  Korkea Energiatehokkuus: 6,5 kW:n nimellisteholla ja 88,7 %:n tehokkuudella Emiliana Steel tarjoaa erinomaista l\u00e4mmitystehoa, pystyen l\u00e4mmitt\u00e4m\u00e4\u00e4n jopa 186 kuutiometri\u00e4 tilaa.  Ymp\u00e4rist\u00f6yst\u00e4v\u00e4llinen: Emiliana Steel on varustettu j\u00e4lkipolttoj\u00e4rjestelm\u00e4ll\u00e4, joka v\u00e4hent\u00e4\u00e4 p\u00e4\u00e4st\u00f6j\u00e4. T\u00e4m\u00e4 puul\u00e4mmitteinen takka on saanut A+ energiamerkinn\u00e4n, joka osoittaa sen olevan yksi markkinoiden energiatehokkaimmista ja ymp\u00e4rist\u00f6yst\u00e4v\u00e4llisimmist\u00e4 malleista.  Helppo K\u00e4ytt\u00f6 ja Huolto: Irrotettava tuhkalaatikko helpottaa takan puhdistusta ja huoltoa, ja sen kevyt 121 kg:n paino tekee asennuksesta vaivatonta.  Emiliana Steel on t\u00e4ydellinen valinta kotiisi, jos arvostat sek\u00e4 toiminnallisuutta ett\u00e4 tyyli\u00e4. Sen upea muotoilu ja korkea suorituskyky tekev\u00e4t siit\u00e4 ihanteellisen valinnan kaikkiin koteihin, joissa halutaan nauttia l\u00e4mm\u00f6st\u00e4 ja mukavuudesta tyylikk\u00e4\u00e4ss\u00e4 paketissa\u200b","og_url":"https:\/\/lanordica.fi\/fi\/product\/emiliana-teras-valurautakamiina\/","og_site_name":"La Nordica - Suomi","article_modified_time":"2026-01-13T08:02:13+00:00","og_image":[{"width":900,"height":900,"url":"https:\/\/lanordica.fi\/wp-content\/uploads\/2023\/06\/Emiliana-teras-musta-pk.jpg","type":"image\/jpeg"}],"twitter_card":"summary_large_image","twitter_misc":{"Arvioitu lukuaika":"1 minuutti"},"schema":{"@context":"https:\/\/schema.org","@graph":[{"@type":"WebPage","@id":"https:\/\/lanordica.fi\/product\/emiliana-teras-valurautakamiina\/","url":"https:\/\/lanordica.fi\/product\/emiliana-teras-valurautakamiina\/","name":"Emiliana Ter\u00e4s - Valurautakamiina - La Nordica - Suomi","isPartOf":{"@id":"https:\/\/lanordica.fi\/#website"},"primaryImageOfPage":{"@id":"https:\/\/lanordica.fi\/product\/emiliana-teras-valurautakamiina\/#primaryimage"},"image":{"@id":"https:\/\/lanordica.fi\/product\/emiliana-teras-valurautakamiina\/#primaryimage"},"thumbnailUrl":"https:\/\/i0.wp.com\/lanordica.fi\/wp-content\/uploads\/2023\/06\/Emiliana-teras-musta-pk.jpg?fit=900%2C900&ssl=1","datePublished":"2023-06-12T13:09:56+00:00","dateModified":"2026-01-13T08:02:13+00:00","breadcrumb":{"@id":"https:\/\/lanordica.fi\/product\/emiliana-teras-valurautakamiina\/#breadcrumb"},"inLanguage":"fi","potentialAction":[{"@type":"ReadAction","target":["https:\/\/lanordica.fi\/product\/emiliana-teras-valurautakamiina\/"]}]},{"@type":"ImageObject","inLanguage":"fi","@id":"https:\/\/lanordica.fi\/product\/emiliana-teras-valurautakamiina\/#primaryimage","url":"https:\/\/i0.wp.com\/lanordica.fi\/wp-content\/uploads\/2023\/06\/Emiliana-teras-musta-pk.jpg?fit=900%2C900&ssl=1","contentUrl":"https:\/\/i0.wp.com\/lanordica.fi\/wp-content\/uploads\/2023\/06\/Emiliana-teras-musta-pk.jpg?fit=900%2C900&ssl=1","width":900,"height":900},{"@type":"BreadcrumbList","@id":"https:\/\/lanordica.fi\/product\/emiliana-teras-valurautakamiina\/#breadcrumb","itemListElement":[{"@type":"ListItem","position":1,"name":"Home","item":"https:\/\/lanordica.fi\/"},{"@type":"ListItem","position":2,"name":"Kauppa","item":"https:\/\/lanordica.fi\/shop\/"},{"@type":"ListItem","position":3,"name":"Emiliana Ter\u00e4s &#8211; Valurautakamiina"}]},{"@type":"WebSite","@id":"https:\/\/lanordica.fi\/#website","url":"https:\/\/lanordica.fi\/","name":"La Nordica - Suomi","description":"L\u00e4mp\u00f6\u00e4 kotiisi","publisher":{"@id":"https:\/\/lanordica.fi\/#organization"},"potentialAction":[{"@type":"SearchAction","target":{"@type":"EntryPoint","urlTemplate":"https:\/\/lanordica.fi\/?s={search_term_string}"},"query-input":{"@type":"PropertyValueSpecification","valueRequired":true,"valueName":"search_term_string"}}],"inLanguage":"fi"},{"@type":"Organization","@id":"https:\/\/lanordica.fi\/#organization","name":"La Nordica - Suomi","url":"https:\/\/lanordica.fi\/","logo":{"@type":"ImageObject","inLanguage":"fi","@id":"https:\/\/lanordica.fi\/#\/schema\/logo\/image\/","url":"https:\/\/i0.wp.com\/lanordica.fi\/wp-content\/uploads\/2018\/03\/lanordica-fi.png?fit=768%2C282&ssl=1","contentUrl":"https:\/\/i0.wp.com\/lanordica.fi\/wp-content\/uploads\/2018\/03\/lanordica-fi.png?fit=768%2C282&ssl=1","width":768,"height":282,"caption":"La Nordica - Suomi"},"image":{"@id":"https:\/\/lanordica.fi\/#\/schema\/logo\/image\/"}}]}},"jetpack_publicize_connections":[],"jetpack_sharing_enabled":true,"jetpack_likes_enabled":true,"_links":{"self":[{"href":"https:\/\/lanordica.fi\/fi\/wp-json\/wp\/v2\/product\/8303","targetHints":{"allow":["GET"]}}],"collection":[{"href":"https:\/\/lanordica.fi\/fi\/wp-json\/wp\/v2\/product"}],"about":[{"href":"https:\/\/lanordica.fi\/fi\/wp-json\/wp\/v2\/types\/product"}],"version-history":[{"count":5,"href":"https:\/\/lanordica.fi\/fi\/wp-json\/wp\/v2\/product\/8303\/revisions"}],"predecessor-version":[{"id":8350,"href":"https:\/\/lanordica.fi\/fi\/wp-json\/wp\/v2\/product\/8303\/revisions\/8350"}],"wp:featuredmedia":[{"embeddable":true,"href":"https:\/\/lanordica.fi\/fi\/wp-json\/wp\/v2\/media\/8309"}],"wp:attachment":[{"href":"https:\/\/lanordica.fi\/fi\/wp-json\/wp\/v2\/media?parent=8303"}],"wp:term":[{"taxonomy":"product_brand","embeddable":true,"href":"https:\/\/lanordica.fi\/fi\/wp-json\/wp\/v2\/product_brand?post=8303"},{"taxonomy":"product_cat","embeddable":true,"href":"https:\/\/lanordica.fi\/fi\/wp-json\/wp\/v2\/product_cat?post=8303"},{"taxonomy":"product_tag","embeddable":true,"href":"https:\/\/lanordica.fi\/fi\/wp-json\/wp\/v2\/product_tag?post=8303"}],"curies":[{"name":"wp","href":"https:\/\/api.w.org\/{rel}","templated":true}]}}