{"id":819,"date":"2018-09-10T12:42:19","date_gmt":"2018-09-10T12:42:19","guid":{"rendered":"https:\/\/lanordica.fi\/?post_type=product&#038;p=819"},"modified":"2025-04-15T07:19:22","modified_gmt":"2025-04-15T07:19:22","slug":"family-45-musta","status":"publish","type":"product","link":"https:\/\/lanordica.fi\/fi\/product\/family-45-musta\/","title":{"rendered":"Family 4,5"},"content":{"rendered":"<p>Mitat (L x K x S): 964 x 848\u00a0 x 641 mm<br \/>\nTeho: 7,5 kW<br \/>\nPaino: 135 kg<br \/>\nTulipes\u00e4n koko: 220 x 200 x 400 mm<br \/>\nLuukun koko: 217 x 190 mm<br \/>\nUunin koko: 330 x 295 x 415 mm<br \/>\nL\u00e4mmitysala: 215 m\u00b3<br \/>\nHormiliitos: 130 mm p\u00e4\u00e4lt\u00e4<br \/>\nS\u00e4\u00e4dett\u00e4v\u00e4 ensi\u00f6ilma: kyll\u00e4<br \/>\nS\u00e4\u00e4dett\u00e4v\u00e4 toisioilma: kyll\u00e4<br \/>\nTertiaari-ilma: esis\u00e4\u00e4detty<br \/>\nJ\u00e4lkipoltto: kyll\u00e4<br \/>\nHy\u00f6tysuhde: 81 %<br \/>\nPolttoaineen kulutus: 2,2 kg\/h<br \/>\nSavukaasujen keskil\u00e4mp\u00f6tila: 227 \u00b0C<br \/>\nCO p\u00e4\u00e4st\u00f6t: 0,08 %<br \/>\nHiukkasp\u00e4\u00e4st\u00f6t: 22 mg\/m\u00b3 (13% O2)<\/p>\n<p>Suojaet\u00e4isyydet:<br \/>\nTaakse: 600 mm<br \/>\nSivuille: 700 mm<br \/>\nEteen: 800\u00a0 mm<br \/>\nKattoon: 1350 mm<\/p>\n<p>K\u00e4ytt\u00f6ohje: Kyll\u00e4, alkuper\u00e4isen ohjeen Suomi-k\u00e4\u00e4nn\u00f6s<br \/>\n<a href=\"https:\/\/www.lanordica-extraflame.com\/en\/products\/woodburning-cookers\/family-45\">Valmistajan alkuper\u00e4iset sivut<\/a><br \/>\n<a href=\"https:\/\/www.lanordica-extraflame.com\/sites\/default\/files\/documenti_temp\/007193012-000_dop.pdf\">Suoritustasoilmoitus.pdf<\/a><\/p>\n<p><strong>Hellan mukana toimitetaan Uunipelti<\/strong><\/p>\n","protected":false},"excerpt":{"rendered":"<p>T\u00e4m\u00e4 tuote t\u00e4ytt\u00e4\u00e4 <a href=\"https:\/\/eur-lex.europa.eu\/legal-content\/FI\/TXT\/?uri=CELEX%3A32015R1185&amp;qid=1605877565931\">2022 Ekosuunnittelu vaatimukset<\/a><\/p>\n<p>Tuttu Huvila ja Huussi ohjelmasta!<\/p>\n<p>Tyylik\u00e4s romanttista ja modernia tyyli\u00e4 sekoittava tehokas perusmalli. Kuoret polttomaalattua ter\u00e4st\u00e4. Kansi ja tulipes\u00e4 valurautaa. Perinteiset rakoarinat parantavat syttymist\u00e4. Suoravetopelti mahdollistaa savun kulkemisen yl\u00f6sp\u00e4in, jolloin huonosti vet\u00e4v\u00e4 hormikin saadaan helposti &#8221;auki&#8221; ja vet\u00e4m\u00e4\u00e4n syksyn kosteissa keliolosuhteissa. Ensi\u00f6- ja toisioilmans\u00e4\u00e4d\u00f6ill\u00e4 mahdollista s\u00e4\u00e4t\u00e4\u00e4 puu palamaan nopeasti ja tehokkaasti, tai hitaasti ja puhtaasti, joka helpottaa paistouunin k\u00e4ytt\u00f6\u00e4. Tulipes\u00e4n luukussa tuplalasit. Kyljet ter\u00e4st\u00e4. S\u00e4ilytyslaatikko hellan alapuolella. Pehme\u00e4sti sulkeutuva uunin luukku. Hormiliitos vain p\u00e4\u00e4lt\u00e4.<\/p>\n<p>Takuu 2+3 vuotta kaikille tuotteille jotka hankitaan t\u00e4lle sivulle listatusta myym\u00e4l\u00e4st\u00e4.<br \/>\nLis\u00e4takuun rekister\u00f6inti <a href=\"https:\/\/lanordica.fi\/rekisteroi-lanordican-lisatakuu\/\">t\u00e4st\u00e4<\/a><\/p>\n","protected":false},"featured_media":821,"template":"","meta":{"_monsterinsights_skip_tracking":false,"_monsterinsights_sitenote_active":false,"_monsterinsights_sitenote_note":"","_monsterinsights_sitenote_category":0,"jetpack_publicize_message":"","jetpack_publicize_feature_enabled":true,"jetpack_social_post_already_shared":true,"jetpack_social_options":{"image_generator_settings":{"template":"highway","default_image_id":0,"font":"","enabled":false},"version":2},"_wpas_customize_per_network":false},"product_brand":[],"product_cat":[1373],"product_tag":[1428,1530,1398,1397,1466,1381,1389,1392,1427,1462],"class_list":{"0":"post-819","1":"product","2":"type-product","3":"status-publish","4":"has-post-thumbnail","6":"product_cat-puuhellat","7":"product_tag-beige","8":"product_tag-kahvi","9":"product_tag-keittolevy","10":"product_tag-musta","11":"product_tag-paaltalahto","12":"product_tag-puuhella","13":"product_tag-uuni","14":"product_tag-uunipelti","15":"product_tag-valkoinen","16":"product_tag-ylalahto","17":"product_shipping_class-puuhella","19":"first","20":"onbackorder","21":"taxable","22":"shipping-taxable","23":"purchasable","24":"product-type-variable"},"yoast_head":"<!-- This site is optimized with the Yoast SEO plugin v27.5 - https:\/\/yoast.com\/product\/yoast-seo-wordpress\/ -->\n<title>Family 4,5 puuhella - La Nordica - Huvila ja Huussi<\/title>\n<meta name=\"description\" content=\"Huvila ja huussi ohjelmastakin tuttu puuliesi. Soveltuu sis\u00e4lle keitti\u00f6\u00f6n tai vaikkapa ulos osaksi kes\u00e4keitti\u00f6 kokonaisuutta.\" \/>\n<meta name=\"robots\" content=\"index, follow, max-snippet:-1, max-image-preview:large, max-video-preview:-1\" \/>\n<link rel=\"canonical\" href=\"https:\/\/lanordica.fi\/fi\/product\/family-45-musta\/\" \/>\n<meta property=\"og:locale\" content=\"fi_FI\" \/>\n<meta property=\"og:type\" content=\"article\" \/>\n<meta property=\"og:title\" content=\"Family 4,5 puuhella - La Nordica - Huvila ja Huussi\" \/>\n<meta property=\"og:description\" content=\"Huvila ja huussi ohjelmastakin tuttu puuliesi. Soveltuu sis\u00e4lle keitti\u00f6\u00f6n tai vaikkapa ulos osaksi kes\u00e4keitti\u00f6 kokonaisuutta.\" \/>\n<meta property=\"og:url\" content=\"https:\/\/lanordica.fi\/fi\/product\/family-45-musta\/\" \/>\n<meta property=\"og:site_name\" content=\"La Nordica - Suomi\" \/>\n<meta property=\"article:modified_time\" content=\"2025-04-15T07:19:22+00:00\" \/>\n<meta property=\"og:image\" content=\"https:\/\/lanordica.fi\/wp-content\/uploads\/2018\/09\/family45-puuhella-musta.jpg\" \/>\n\t<meta property=\"og:image:width\" content=\"582\" \/>\n\t<meta property=\"og:image:height\" content=\"542\" \/>\n\t<meta property=\"og:image:type\" content=\"image\/jpeg\" \/>\n<meta name=\"twitter:card\" content=\"summary_large_image\" \/>\n<meta name=\"twitter:label1\" content=\"Arvioitu lukuaika\" \/>\n\t<meta name=\"twitter:data1\" content=\"1 minuutti\" \/>\n<script type=\"application\/ld+json\" class=\"yoast-schema-graph\">{\"@context\":\"https:\\\/\\\/schema.org\",\"@graph\":[{\"@type\":\"WebPage\",\"@id\":\"https:\\\/\\\/lanordica.fi\\\/product\\\/family-45-musta\\\/\",\"url\":\"https:\\\/\\\/lanordica.fi\\\/product\\\/family-45-musta\\\/\",\"name\":\"Family 4,5 puuhella - La Nordica - Huvila ja Huussi\",\"isPartOf\":{\"@id\":\"https:\\\/\\\/lanordica.fi\\\/#website\"},\"primaryImageOfPage\":{\"@id\":\"https:\\\/\\\/lanordica.fi\\\/product\\\/family-45-musta\\\/#primaryimage\"},\"image\":{\"@id\":\"https:\\\/\\\/lanordica.fi\\\/product\\\/family-45-musta\\\/#primaryimage\"},\"thumbnailUrl\":\"https:\\\/\\\/i0.wp.com\\\/lanordica.fi\\\/wp-content\\\/uploads\\\/2018\\\/09\\\/family45-puuhella-musta.jpg?fit=582%2C542&ssl=1\",\"datePublished\":\"2018-09-10T12:42:19+00:00\",\"dateModified\":\"2025-04-15T07:19:22+00:00\",\"description\":\"Huvila ja huussi ohjelmastakin tuttu puuliesi. Soveltuu sis\u00e4lle keitti\u00f6\u00f6n tai vaikkapa ulos osaksi kes\u00e4keitti\u00f6 kokonaisuutta.\",\"breadcrumb\":{\"@id\":\"https:\\\/\\\/lanordica.fi\\\/product\\\/family-45-musta\\\/#breadcrumb\"},\"inLanguage\":\"fi\",\"potentialAction\":[{\"@type\":\"ReadAction\",\"target\":[\"https:\\\/\\\/lanordica.fi\\\/product\\\/family-45-musta\\\/\"]}]},{\"@type\":\"ImageObject\",\"inLanguage\":\"fi\",\"@id\":\"https:\\\/\\\/lanordica.fi\\\/product\\\/family-45-musta\\\/#primaryimage\",\"url\":\"https:\\\/\\\/i0.wp.com\\\/lanordica.fi\\\/wp-content\\\/uploads\\\/2018\\\/09\\\/family45-puuhella-musta.jpg?fit=582%2C542&ssl=1\",\"contentUrl\":\"https:\\\/\\\/i0.wp.com\\\/lanordica.fi\\\/wp-content\\\/uploads\\\/2018\\\/09\\\/family45-puuhella-musta.jpg?fit=582%2C542&ssl=1\",\"width\":582,\"height\":542},{\"@type\":\"BreadcrumbList\",\"@id\":\"https:\\\/\\\/lanordica.fi\\\/product\\\/family-45-musta\\\/#breadcrumb\",\"itemListElement\":[{\"@type\":\"ListItem\",\"position\":1,\"name\":\"Home\",\"item\":\"https:\\\/\\\/lanordica.fi\\\/\"},{\"@type\":\"ListItem\",\"position\":2,\"name\":\"Kauppa\",\"item\":\"https:\\\/\\\/lanordica.fi\\\/shop\\\/\"},{\"@type\":\"ListItem\",\"position\":3,\"name\":\"Family 4,5\"}]},{\"@type\":\"WebSite\",\"@id\":\"https:\\\/\\\/lanordica.fi\\\/#website\",\"url\":\"https:\\\/\\\/lanordica.fi\\\/\",\"name\":\"La Nordica - Suomi\",\"description\":\"L\u00e4mp\u00f6\u00e4 kotiisi\",\"publisher\":{\"@id\":\"https:\\\/\\\/lanordica.fi\\\/#organization\"},\"potentialAction\":[{\"@type\":\"SearchAction\",\"target\":{\"@type\":\"EntryPoint\",\"urlTemplate\":\"https:\\\/\\\/lanordica.fi\\\/?s={search_term_string}\"},\"query-input\":{\"@type\":\"PropertyValueSpecification\",\"valueRequired\":true,\"valueName\":\"search_term_string\"}}],\"inLanguage\":\"fi\"},{\"@type\":\"Organization\",\"@id\":\"https:\\\/\\\/lanordica.fi\\\/#organization\",\"name\":\"La Nordica - Suomi\",\"url\":\"https:\\\/\\\/lanordica.fi\\\/\",\"logo\":{\"@type\":\"ImageObject\",\"inLanguage\":\"fi\",\"@id\":\"https:\\\/\\\/lanordica.fi\\\/#\\\/schema\\\/logo\\\/image\\\/\",\"url\":\"https:\\\/\\\/i0.wp.com\\\/lanordica.fi\\\/wp-content\\\/uploads\\\/2018\\\/03\\\/lanordica-fi.png?fit=768%2C282&ssl=1\",\"contentUrl\":\"https:\\\/\\\/i0.wp.com\\\/lanordica.fi\\\/wp-content\\\/uploads\\\/2018\\\/03\\\/lanordica-fi.png?fit=768%2C282&ssl=1\",\"width\":768,\"height\":282,\"caption\":\"La Nordica - Suomi\"},\"image\":{\"@id\":\"https:\\\/\\\/lanordica.fi\\\/#\\\/schema\\\/logo\\\/image\\\/\"}}]}<\/script>\n<!-- \/ Yoast SEO plugin. -->","yoast_head_json":{"title":"Family 4,5 puuhella - La Nordica - Huvila ja Huussi","description":"Huvila ja huussi ohjelmastakin tuttu puuliesi. Soveltuu sis\u00e4lle keitti\u00f6\u00f6n tai vaikkapa ulos osaksi kes\u00e4keitti\u00f6 kokonaisuutta.","robots":{"index":"index","follow":"follow","max-snippet":"max-snippet:-1","max-image-preview":"max-image-preview:large","max-video-preview":"max-video-preview:-1"},"canonical":"https:\/\/lanordica.fi\/fi\/product\/family-45-musta\/","og_locale":"fi_FI","og_type":"article","og_title":"Family 4,5 puuhella - La Nordica - Huvila ja Huussi","og_description":"Huvila ja huussi ohjelmastakin tuttu puuliesi. Soveltuu sis\u00e4lle keitti\u00f6\u00f6n tai vaikkapa ulos osaksi kes\u00e4keitti\u00f6 kokonaisuutta.","og_url":"https:\/\/lanordica.fi\/fi\/product\/family-45-musta\/","og_site_name":"La Nordica - Suomi","article_modified_time":"2025-04-15T07:19:22+00:00","og_image":[{"width":582,"height":542,"url":"https:\/\/lanordica.fi\/wp-content\/uploads\/2018\/09\/family45-puuhella-musta.jpg","type":"image\/jpeg"}],"twitter_card":"summary_large_image","twitter_misc":{"Arvioitu lukuaika":"1 minuutti"},"schema":{"@context":"https:\/\/schema.org","@graph":[{"@type":"WebPage","@id":"https:\/\/lanordica.fi\/product\/family-45-musta\/","url":"https:\/\/lanordica.fi\/product\/family-45-musta\/","name":"Family 4,5 puuhella - La Nordica - Huvila ja Huussi","isPartOf":{"@id":"https:\/\/lanordica.fi\/#website"},"primaryImageOfPage":{"@id":"https:\/\/lanordica.fi\/product\/family-45-musta\/#primaryimage"},"image":{"@id":"https:\/\/lanordica.fi\/product\/family-45-musta\/#primaryimage"},"thumbnailUrl":"https:\/\/i0.wp.com\/lanordica.fi\/wp-content\/uploads\/2018\/09\/family45-puuhella-musta.jpg?fit=582%2C542&ssl=1","datePublished":"2018-09-10T12:42:19+00:00","dateModified":"2025-04-15T07:19:22+00:00","description":"Huvila ja huussi ohjelmastakin tuttu puuliesi. Soveltuu sis\u00e4lle keitti\u00f6\u00f6n tai vaikkapa ulos osaksi kes\u00e4keitti\u00f6 kokonaisuutta.","breadcrumb":{"@id":"https:\/\/lanordica.fi\/product\/family-45-musta\/#breadcrumb"},"inLanguage":"fi","potentialAction":[{"@type":"ReadAction","target":["https:\/\/lanordica.fi\/product\/family-45-musta\/"]}]},{"@type":"ImageObject","inLanguage":"fi","@id":"https:\/\/lanordica.fi\/product\/family-45-musta\/#primaryimage","url":"https:\/\/i0.wp.com\/lanordica.fi\/wp-content\/uploads\/2018\/09\/family45-puuhella-musta.jpg?fit=582%2C542&ssl=1","contentUrl":"https:\/\/i0.wp.com\/lanordica.fi\/wp-content\/uploads\/2018\/09\/family45-puuhella-musta.jpg?fit=582%2C542&ssl=1","width":582,"height":542},{"@type":"BreadcrumbList","@id":"https:\/\/lanordica.fi\/product\/family-45-musta\/#breadcrumb","itemListElement":[{"@type":"ListItem","position":1,"name":"Home","item":"https:\/\/lanordica.fi\/"},{"@type":"ListItem","position":2,"name":"Kauppa","item":"https:\/\/lanordica.fi\/shop\/"},{"@type":"ListItem","position":3,"name":"Family 4,5"}]},{"@type":"WebSite","@id":"https:\/\/lanordica.fi\/#website","url":"https:\/\/lanordica.fi\/","name":"La Nordica - Suomi","description":"L\u00e4mp\u00f6\u00e4 kotiisi","publisher":{"@id":"https:\/\/lanordica.fi\/#organization"},"potentialAction":[{"@type":"SearchAction","target":{"@type":"EntryPoint","urlTemplate":"https:\/\/lanordica.fi\/?s={search_term_string}"},"query-input":{"@type":"PropertyValueSpecification","valueRequired":true,"valueName":"search_term_string"}}],"inLanguage":"fi"},{"@type":"Organization","@id":"https:\/\/lanordica.fi\/#organization","name":"La Nordica - Suomi","url":"https:\/\/lanordica.fi\/","logo":{"@type":"ImageObject","inLanguage":"fi","@id":"https:\/\/lanordica.fi\/#\/schema\/logo\/image\/","url":"https:\/\/i0.wp.com\/lanordica.fi\/wp-content\/uploads\/2018\/03\/lanordica-fi.png?fit=768%2C282&ssl=1","contentUrl":"https:\/\/i0.wp.com\/lanordica.fi\/wp-content\/uploads\/2018\/03\/lanordica-fi.png?fit=768%2C282&ssl=1","width":768,"height":282,"caption":"La Nordica - Suomi"},"image":{"@id":"https:\/\/lanordica.fi\/#\/schema\/logo\/image\/"}}]}},"jetpack_publicize_connections":[],"jetpack_sharing_enabled":true,"jetpack_likes_enabled":true,"_links":{"self":[{"href":"https:\/\/lanordica.fi\/fi\/wp-json\/wp\/v2\/product\/819","targetHints":{"allow":["GET"]}}],"collection":[{"href":"https:\/\/lanordica.fi\/fi\/wp-json\/wp\/v2\/product"}],"about":[{"href":"https:\/\/lanordica.fi\/fi\/wp-json\/wp\/v2\/types\/product"}],"version-history":[{"count":5,"href":"https:\/\/lanordica.fi\/fi\/wp-json\/wp\/v2\/product\/819\/revisions"}],"predecessor-version":[{"id":11588,"href":"https:\/\/lanordica.fi\/fi\/wp-json\/wp\/v2\/product\/819\/revisions\/11588"}],"wp:featuredmedia":[{"embeddable":true,"href":"https:\/\/lanordica.fi\/fi\/wp-json\/wp\/v2\/media\/821"}],"wp:attachment":[{"href":"https:\/\/lanordica.fi\/fi\/wp-json\/wp\/v2\/media?parent=819"}],"wp:term":[{"taxonomy":"product_brand","embeddable":true,"href":"https:\/\/lanordica.fi\/fi\/wp-json\/wp\/v2\/product_brand?post=819"},{"taxonomy":"product_cat","embeddable":true,"href":"https:\/\/lanordica.fi\/fi\/wp-json\/wp\/v2\/product_cat?post=819"},{"taxonomy":"product_tag","embeddable":true,"href":"https:\/\/lanordica.fi\/fi\/wp-json\/wp\/v2\/product_tag?post=819"}],"curies":[{"name":"wp","href":"https:\/\/api.w.org\/{rel}","templated":true}]}}