{"id":777,"date":"2018-08-16T06:25:32","date_gmt":"2018-08-16T06:25:32","guid":{"rendered":"https:\/\/lanordica.fi\/?post_type=product&#038;p=777"},"modified":"2022-08-08T07:31:06","modified_gmt":"2022-08-08T07:31:06","slug":"ohjausyksikko","status":"publish","type":"product","link":"https:\/\/lanordica.fi\/fi\/product\/ohjausyksikko\/","title":{"rendered":"Ohjausyksikk\u00f6 &#8211; Vesikiertotulisijat"},"content":{"rendered":"<p>Mitat: 85 x 115 x 45 mm<br \/>\nAnturit: 2 kpl PT1000<br \/>\nKieli: Suomi<br \/>\nPumpun jumiutumisen esto: kyll\u00e4<br \/>\nL\u00e4mmitystietojen tallennus: kyll\u00e4<br \/>\nK\u00e4ytt\u00f6\u00f6nottoapuri: kyll\u00e4<br \/>\nVikamuisti ja h\u00e4lytykset: kyll\u00e4<br \/>\nN\u00e4pp\u00e4inlukitus: kyll\u00e4<br \/>\nN\u00e4ytt\u00f6valo: sininen<br \/>\nAnturien pituus: 2 m, (jatkettavissa 2&#215;0,75mm\u00b2 johdolla)<\/p>\n","protected":false},"excerpt":{"rendered":"<p>Puulla l\u00e4mmitett\u00e4v\u00e4n vesikiertotulisijan ohjausyksikk\u00f6<\/p>\n<p>\u00c4lyk\u00e4s ohjausyksikk\u00f6, jossa kaksi anturia. Kahden anturin ansiosta, ohjausyksikk\u00f6 osaa laskea, mik\u00e4li varaajalta palaava vesi on kylmemp\u00e4\u00e4 kuin takalta l\u00e4htev\u00e4, jolloin ohjauslaite sammuttaa latauspumpun.<\/p>\n<p>N\u00e4yt\u00f6lt\u00e4 n\u00e4ht\u00e4viss\u00e4 tulisijan l\u00e4mp\u00f6tila, sek\u00e4 palaavan veden l\u00e4mp\u00f6tila. Lis\u00e4anturi voidaan kytke\u00e4 varaajan keskiosaan tai yl\u00e4osaan, jolloin saadaan paremmin hahmotettua l\u00e4mmityksen aikana, kuinka paljon l\u00e4mp\u00f6kerrostumaa varaajaan on syntynyt.<\/p>\n<p>Hyv\u00e4n\u00e4 ominaisuutena pumpun jumiutumisen esto kes\u00e4aikana.<\/p>\n","protected":false},"featured_media":778,"template":"","meta":{"_monsterinsights_skip_tracking":false,"_monsterinsights_sitenote_active":false,"_monsterinsights_sitenote_note":"","_monsterinsights_sitenote_category":0,"jetpack_publicize_message":"","jetpack_publicize_feature_enabled":true,"jetpack_social_post_already_shared":true,"jetpack_social_options":{"image_generator_settings":{"template":"highway","default_image_id":0,"font":"","enabled":false},"version":2},"_wpas_customize_per_network":false},"product_brand":[],"product_cat":[1391],"product_tag":[],"class_list":{"0":"post-777","1":"product","2":"type-product","3":"status-publish","4":"has-post-thumbnail","6":"product_cat-lisatarvikkeet","7":"product_shipping_class-posti-mh","9":"first","10":"onbackorder","11":"taxable","12":"shipping-taxable","13":"purchasable","14":"product-type-simple"},"yoast_head":"<!-- This site is optimized with the Yoast SEO plugin v27.5 - https:\/\/yoast.com\/product\/yoast-seo-wordpress\/ -->\n<title>Ohjausyksikk\u00f6 - Vesikiertotulisijat - La Nordica - Suomi<\/title>\n<meta name=\"description\" content=\"\u00c4lyk\u00e4s ohjausyksikk\u00f6, jossa kaksi anturia. Kahden anturin ansiosta, ohjausyksikk\u00f6 osaa laskea, mik\u00e4li varaajalta palaava vesi on kylmemp\u00e4\u00e4 kuin takalta l\u00e4htev\u00e4, jolloin ohjauslaite sammuttaa latauspumpun.\" \/>\n<meta name=\"robots\" content=\"index, follow, max-snippet:-1, max-image-preview:large, max-video-preview:-1\" \/>\n<link rel=\"canonical\" href=\"https:\/\/lanordica.fi\/fi\/product\/ohjausyksikko\/\" \/>\n<meta property=\"og:locale\" content=\"fi_FI\" \/>\n<meta property=\"og:type\" content=\"article\" \/>\n<meta property=\"og:title\" content=\"Ohjausyksikk\u00f6 - Vesikiertotulisijat - La Nordica - Suomi\" \/>\n<meta property=\"og:description\" content=\"\u00c4lyk\u00e4s ohjausyksikk\u00f6, jossa kaksi anturia. Kahden anturin ansiosta, ohjausyksikk\u00f6 osaa laskea, mik\u00e4li varaajalta palaava vesi on kylmemp\u00e4\u00e4 kuin takalta l\u00e4htev\u00e4, jolloin ohjauslaite sammuttaa latauspumpun.\" \/>\n<meta property=\"og:url\" content=\"https:\/\/lanordica.fi\/fi\/product\/ohjausyksikko\/\" \/>\n<meta property=\"og:site_name\" content=\"La Nordica - Suomi\" \/>\n<meta property=\"article:modified_time\" content=\"2022-08-08T07:31:06+00:00\" \/>\n<meta property=\"og:image\" content=\"https:\/\/lanordica.fi\/wp-content\/uploads\/2018\/08\/Super-TDC.jpg\" \/>\n\t<meta property=\"og:image:width\" content=\"648\" \/>\n\t<meta property=\"og:image:height\" content=\"694\" \/>\n\t<meta property=\"og:image:type\" content=\"image\/jpeg\" \/>\n<meta name=\"twitter:card\" content=\"summary_large_image\" \/>\n<script type=\"application\/ld+json\" class=\"yoast-schema-graph\">{\"@context\":\"https:\\\/\\\/schema.org\",\"@graph\":[{\"@type\":\"WebPage\",\"@id\":\"https:\\\/\\\/lanordica.fi\\\/product\\\/ohjausyksikko\\\/\",\"url\":\"https:\\\/\\\/lanordica.fi\\\/product\\\/ohjausyksikko\\\/\",\"name\":\"Ohjausyksikk\u00f6 - Vesikiertotulisijat - La Nordica - Suomi\",\"isPartOf\":{\"@id\":\"https:\\\/\\\/lanordica.fi\\\/#website\"},\"primaryImageOfPage\":{\"@id\":\"https:\\\/\\\/lanordica.fi\\\/product\\\/ohjausyksikko\\\/#primaryimage\"},\"image\":{\"@id\":\"https:\\\/\\\/lanordica.fi\\\/product\\\/ohjausyksikko\\\/#primaryimage\"},\"thumbnailUrl\":\"https:\\\/\\\/i0.wp.com\\\/lanordica.fi\\\/wp-content\\\/uploads\\\/2018\\\/08\\\/Super-TDC.jpg?fit=648%2C694&ssl=1\",\"datePublished\":\"2018-08-16T06:25:32+00:00\",\"dateModified\":\"2022-08-08T07:31:06+00:00\",\"description\":\"\u00c4lyk\u00e4s ohjausyksikk\u00f6, jossa kaksi anturia. Kahden anturin ansiosta, ohjausyksikk\u00f6 osaa laskea, mik\u00e4li varaajalta palaava vesi on kylmemp\u00e4\u00e4 kuin takalta l\u00e4htev\u00e4, jolloin ohjauslaite sammuttaa latauspumpun.\",\"breadcrumb\":{\"@id\":\"https:\\\/\\\/lanordica.fi\\\/product\\\/ohjausyksikko\\\/#breadcrumb\"},\"inLanguage\":\"fi\",\"potentialAction\":[{\"@type\":\"ReadAction\",\"target\":[\"https:\\\/\\\/lanordica.fi\\\/product\\\/ohjausyksikko\\\/\"]}]},{\"@type\":\"ImageObject\",\"inLanguage\":\"fi\",\"@id\":\"https:\\\/\\\/lanordica.fi\\\/product\\\/ohjausyksikko\\\/#primaryimage\",\"url\":\"https:\\\/\\\/i0.wp.com\\\/lanordica.fi\\\/wp-content\\\/uploads\\\/2018\\\/08\\\/Super-TDC.jpg?fit=648%2C694&ssl=1\",\"contentUrl\":\"https:\\\/\\\/i0.wp.com\\\/lanordica.fi\\\/wp-content\\\/uploads\\\/2018\\\/08\\\/Super-TDC.jpg?fit=648%2C694&ssl=1\",\"width\":648,\"height\":694},{\"@type\":\"BreadcrumbList\",\"@id\":\"https:\\\/\\\/lanordica.fi\\\/product\\\/ohjausyksikko\\\/#breadcrumb\",\"itemListElement\":[{\"@type\":\"ListItem\",\"position\":1,\"name\":\"Home\",\"item\":\"https:\\\/\\\/lanordica.fi\\\/\"},{\"@type\":\"ListItem\",\"position\":2,\"name\":\"Kauppa\",\"item\":\"https:\\\/\\\/lanordica.fi\\\/shop\\\/\"},{\"@type\":\"ListItem\",\"position\":3,\"name\":\"Ohjausyksikk\u00f6 &#8211; Vesikiertotulisijat\"}]},{\"@type\":\"WebSite\",\"@id\":\"https:\\\/\\\/lanordica.fi\\\/#website\",\"url\":\"https:\\\/\\\/lanordica.fi\\\/\",\"name\":\"La Nordica - Suomi\",\"description\":\"L\u00e4mp\u00f6\u00e4 kotiisi\",\"publisher\":{\"@id\":\"https:\\\/\\\/lanordica.fi\\\/#organization\"},\"potentialAction\":[{\"@type\":\"SearchAction\",\"target\":{\"@type\":\"EntryPoint\",\"urlTemplate\":\"https:\\\/\\\/lanordica.fi\\\/?s={search_term_string}\"},\"query-input\":{\"@type\":\"PropertyValueSpecification\",\"valueRequired\":true,\"valueName\":\"search_term_string\"}}],\"inLanguage\":\"fi\"},{\"@type\":\"Organization\",\"@id\":\"https:\\\/\\\/lanordica.fi\\\/#organization\",\"name\":\"La Nordica - Suomi\",\"url\":\"https:\\\/\\\/lanordica.fi\\\/\",\"logo\":{\"@type\":\"ImageObject\",\"inLanguage\":\"fi\",\"@id\":\"https:\\\/\\\/lanordica.fi\\\/#\\\/schema\\\/logo\\\/image\\\/\",\"url\":\"https:\\\/\\\/i0.wp.com\\\/lanordica.fi\\\/wp-content\\\/uploads\\\/2018\\\/03\\\/lanordica-fi.png?fit=768%2C282&ssl=1\",\"contentUrl\":\"https:\\\/\\\/i0.wp.com\\\/lanordica.fi\\\/wp-content\\\/uploads\\\/2018\\\/03\\\/lanordica-fi.png?fit=768%2C282&ssl=1\",\"width\":768,\"height\":282,\"caption\":\"La Nordica - Suomi\"},\"image\":{\"@id\":\"https:\\\/\\\/lanordica.fi\\\/#\\\/schema\\\/logo\\\/image\\\/\"}}]}<\/script>\n<!-- \/ Yoast SEO plugin. -->","yoast_head_json":{"title":"Ohjausyksikk\u00f6 - Vesikiertotulisijat - La Nordica - Suomi","description":"\u00c4lyk\u00e4s ohjausyksikk\u00f6, jossa kaksi anturia. Kahden anturin ansiosta, ohjausyksikk\u00f6 osaa laskea, mik\u00e4li varaajalta palaava vesi on kylmemp\u00e4\u00e4 kuin takalta l\u00e4htev\u00e4, jolloin ohjauslaite sammuttaa latauspumpun.","robots":{"index":"index","follow":"follow","max-snippet":"max-snippet:-1","max-image-preview":"max-image-preview:large","max-video-preview":"max-video-preview:-1"},"canonical":"https:\/\/lanordica.fi\/fi\/product\/ohjausyksikko\/","og_locale":"fi_FI","og_type":"article","og_title":"Ohjausyksikk\u00f6 - Vesikiertotulisijat - La Nordica - Suomi","og_description":"\u00c4lyk\u00e4s ohjausyksikk\u00f6, jossa kaksi anturia. Kahden anturin ansiosta, ohjausyksikk\u00f6 osaa laskea, mik\u00e4li varaajalta palaava vesi on kylmemp\u00e4\u00e4 kuin takalta l\u00e4htev\u00e4, jolloin ohjauslaite sammuttaa latauspumpun.","og_url":"https:\/\/lanordica.fi\/fi\/product\/ohjausyksikko\/","og_site_name":"La Nordica - Suomi","article_modified_time":"2022-08-08T07:31:06+00:00","og_image":[{"width":648,"height":694,"url":"https:\/\/lanordica.fi\/wp-content\/uploads\/2018\/08\/Super-TDC.jpg","type":"image\/jpeg"}],"twitter_card":"summary_large_image","schema":{"@context":"https:\/\/schema.org","@graph":[{"@type":"WebPage","@id":"https:\/\/lanordica.fi\/product\/ohjausyksikko\/","url":"https:\/\/lanordica.fi\/product\/ohjausyksikko\/","name":"Ohjausyksikk\u00f6 - Vesikiertotulisijat - La Nordica - Suomi","isPartOf":{"@id":"https:\/\/lanordica.fi\/#website"},"primaryImageOfPage":{"@id":"https:\/\/lanordica.fi\/product\/ohjausyksikko\/#primaryimage"},"image":{"@id":"https:\/\/lanordica.fi\/product\/ohjausyksikko\/#primaryimage"},"thumbnailUrl":"https:\/\/i0.wp.com\/lanordica.fi\/wp-content\/uploads\/2018\/08\/Super-TDC.jpg?fit=648%2C694&ssl=1","datePublished":"2018-08-16T06:25:32+00:00","dateModified":"2022-08-08T07:31:06+00:00","description":"\u00c4lyk\u00e4s ohjausyksikk\u00f6, jossa kaksi anturia. Kahden anturin ansiosta, ohjausyksikk\u00f6 osaa laskea, mik\u00e4li varaajalta palaava vesi on kylmemp\u00e4\u00e4 kuin takalta l\u00e4htev\u00e4, jolloin ohjauslaite sammuttaa latauspumpun.","breadcrumb":{"@id":"https:\/\/lanordica.fi\/product\/ohjausyksikko\/#breadcrumb"},"inLanguage":"fi","potentialAction":[{"@type":"ReadAction","target":["https:\/\/lanordica.fi\/product\/ohjausyksikko\/"]}]},{"@type":"ImageObject","inLanguage":"fi","@id":"https:\/\/lanordica.fi\/product\/ohjausyksikko\/#primaryimage","url":"https:\/\/i0.wp.com\/lanordica.fi\/wp-content\/uploads\/2018\/08\/Super-TDC.jpg?fit=648%2C694&ssl=1","contentUrl":"https:\/\/i0.wp.com\/lanordica.fi\/wp-content\/uploads\/2018\/08\/Super-TDC.jpg?fit=648%2C694&ssl=1","width":648,"height":694},{"@type":"BreadcrumbList","@id":"https:\/\/lanordica.fi\/product\/ohjausyksikko\/#breadcrumb","itemListElement":[{"@type":"ListItem","position":1,"name":"Home","item":"https:\/\/lanordica.fi\/"},{"@type":"ListItem","position":2,"name":"Kauppa","item":"https:\/\/lanordica.fi\/shop\/"},{"@type":"ListItem","position":3,"name":"Ohjausyksikk\u00f6 &#8211; Vesikiertotulisijat"}]},{"@type":"WebSite","@id":"https:\/\/lanordica.fi\/#website","url":"https:\/\/lanordica.fi\/","name":"La Nordica - Suomi","description":"L\u00e4mp\u00f6\u00e4 kotiisi","publisher":{"@id":"https:\/\/lanordica.fi\/#organization"},"potentialAction":[{"@type":"SearchAction","target":{"@type":"EntryPoint","urlTemplate":"https:\/\/lanordica.fi\/?s={search_term_string}"},"query-input":{"@type":"PropertyValueSpecification","valueRequired":true,"valueName":"search_term_string"}}],"inLanguage":"fi"},{"@type":"Organization","@id":"https:\/\/lanordica.fi\/#organization","name":"La Nordica - Suomi","url":"https:\/\/lanordica.fi\/","logo":{"@type":"ImageObject","inLanguage":"fi","@id":"https:\/\/lanordica.fi\/#\/schema\/logo\/image\/","url":"https:\/\/i0.wp.com\/lanordica.fi\/wp-content\/uploads\/2018\/03\/lanordica-fi.png?fit=768%2C282&ssl=1","contentUrl":"https:\/\/i0.wp.com\/lanordica.fi\/wp-content\/uploads\/2018\/03\/lanordica-fi.png?fit=768%2C282&ssl=1","width":768,"height":282,"caption":"La Nordica - Suomi"},"image":{"@id":"https:\/\/lanordica.fi\/#\/schema\/logo\/image\/"}}]}},"jetpack_publicize_connections":[],"jetpack_sharing_enabled":true,"jetpack_likes_enabled":true,"_links":{"self":[{"href":"https:\/\/lanordica.fi\/fi\/wp-json\/wp\/v2\/product\/777","targetHints":{"allow":["GET"]}}],"collection":[{"href":"https:\/\/lanordica.fi\/fi\/wp-json\/wp\/v2\/product"}],"about":[{"href":"https:\/\/lanordica.fi\/fi\/wp-json\/wp\/v2\/types\/product"}],"version-history":[{"count":3,"href":"https:\/\/lanordica.fi\/fi\/wp-json\/wp\/v2\/product\/777\/revisions"}],"predecessor-version":[{"id":7107,"href":"https:\/\/lanordica.fi\/fi\/wp-json\/wp\/v2\/product\/777\/revisions\/7107"}],"wp:featuredmedia":[{"embeddable":true,"href":"https:\/\/lanordica.fi\/fi\/wp-json\/wp\/v2\/media\/778"}],"wp:attachment":[{"href":"https:\/\/lanordica.fi\/fi\/wp-json\/wp\/v2\/media?parent=777"}],"wp:term":[{"taxonomy":"product_brand","embeddable":true,"href":"https:\/\/lanordica.fi\/fi\/wp-json\/wp\/v2\/product_brand?post=777"},{"taxonomy":"product_cat","embeddable":true,"href":"https:\/\/lanordica.fi\/fi\/wp-json\/wp\/v2\/product_cat?post=777"},{"taxonomy":"product_tag","embeddable":true,"href":"https:\/\/lanordica.fi\/fi\/wp-json\/wp\/v2\/product_tag?post=777"}],"curies":[{"name":"wp","href":"https:\/\/api.w.org\/{rel}","templated":true}]}}