{"id":7440,"date":"2022-05-03T07:52:19","date_gmt":"2022-05-03T07:52:19","guid":{"rendered":"https:\/\/lanordica.fi\/?post_type=product&#038;p=7440"},"modified":"2024-09-05T08:24:43","modified_gmt":"2024-09-05T08:24:43","slug":"pk15-pellettikattila","status":"publish","type":"product","link":"https:\/\/lanordica.fi\/fi\/product\/pk15-pellettikattila\/","title":{"rendered":"ExtraFlame PK15 pellettikattila"},"content":{"rendered":"<p><strong>T\u00e4m\u00e4 laite t\u00e4ytt\u00e4\u00e4 Ecodesing 2022 vaatimukset<\/strong><\/p>\n<p>Mitat (L x K x S): <span class=\"valore \">822 x 1400 x 745<\/span> mm<br \/>\nTeho veteen: 4,1 &#8211; 15 kW<br \/>\nTeho huoneilmaan: &#8211; kW<br \/>\nL\u00e4mp\u00f6energia vesikiertoon yhdell\u00e4 s\u00e4ili\u00f6ll\u00e4: 330 kWh<br \/>\nPellettis\u00e4ili\u00f6n koko: 75 kg \/ 121 l<br \/>\nPolttoaineen kulutus: 1 &#8211; 3,4 kg\/h<br \/>\nL\u00e4mmitysala: 430 m\u00b3<br \/>\nPaino: 295 kg<br \/>\nHormiliitos: 100 mm<br \/>\nPaloilmaputken koko: 60 mm<br \/>\nKaukos\u00e4\u00e4din: ei<br \/>\nEt\u00e4ohjaus puhalimella: Kyll\u00e4, Wifi<br \/>\nVirrankulutus k\u00e4ynnistyksess\u00e4: 400 W<br \/>\nVirrankulutus k\u00e4yt\u00f6ss\u00e4: 60 &#8211; 65 W<br \/>\nHy\u00f6tysuhde: 87,7 &#8211; 93 %<br \/>\nVuosihy\u00f6tysuhde: 78 %<br \/>\nCO p\u00e4\u00e4st\u00f6t: 6,3 &#8211; 14,10 %<br \/>\nSavukaasujen l\u00e4mp\u00f6tila max &#8211; min tehoilla: 63,6 &#8211; 99,8 \u00b0C<br \/>\nSavukaasujen maksil\u00e4mp\u00f6tila ennen h\u00e4t\u00e4katkaisua: 250 \u00b0C<br \/>\nAutomaattisytytys: kyll\u00e4<br \/>\nYlikuumenemistermostaatti: kyll\u00e4<br \/>\nViikko-ohjelmointi: kyll\u00e4<br \/>\nYlipaineventtiili 3 bar: Vakiona<br \/>\nAutomaattinen ilmaus: vakiona<br \/>\nLaitteen oma paisuntas\u00e4ili\u00f6: kyll\u00e4<br \/>\nLiit\u00e4nt\u00e4 varaajatermostaatille: kyll\u00e4<br \/>\nSuojaet\u00e4isyydet: Paikallisvaatimukset kattiloille (pannuhuone)<\/p>\n<p><a href=\"https:\/\/www.lanordica-extraflame.com\/sites\/default\/files\/documenti_temp\/004279049-001_doc_pk15_e147.pdf\">Vaatimustenmukaisuusvakuutus.pdf<\/a><br \/>\n<a href=\"https:\/\/www.lanordica-extraflame.com\/sites\/default\/files\/documenti_temp\/004281113-000_deco_pk15_e147.pdf\">Ecodesing.pdf<\/a><br \/>\n<a href=\"https:\/\/www.lanordica-extraflame.com\/sites\/default\/files\/documenti_temp\/004281060-000_istr.app_total_control_2.0.pdf\">Total Control 2.0 Applikaatio ohje (ENG).pdf<\/a><\/p>\n<p>K\u00e4ytt\u00f6ohje: Kyll\u00e4, alkuper\u00e4isen ohjeen Suomi-k\u00e4\u00e4nn\u00f6s<br \/>\n<a href=\"https:\/\/www.lanordica-extraflame.com\/en\/products\/pellet-boilers\/pk15\">Valmistajan alkuper\u00e4iset sivut<\/a><\/p>\n","protected":false},"excerpt":{"rendered":"<p>Pienikokoinen pellettikattila l\u00e4mmitt\u00e4m\u00e4\u00e4n mink\u00e4 tahansa kiinteist\u00f6n energia tai hybridivaraaja. Laitteessa sis\u00e4\u00e4nrakennettu poltin, s\u00e4ili\u00f6 ja kattilan l\u00e4mm\u00f6nvaihdin tekniikka. <strong>Uskomattomalla jopa 93 % hy\u00f6tysuhteella!<\/strong><br \/>\nSuositeltu varaajakoko 500 l<\/p>\n<p>Helppok\u00e4ytt\u00f6inen kosketusn\u00e4ytt\u00f6paneeli ilmoittaa nykyisen kattilan veden l\u00e4mp\u00f6tilan ja takan eri toiminnat ja tilat. Haluttua veden l\u00e4mp\u00f6tilaa voidaan s\u00e4\u00e4t\u00e4\u00e4 helposti + ja &#8211; n\u00e4pp\u00e4imill\u00e4. Tehoalueella 1-5 voit s\u00e4\u00e4t\u00e4\u00e4 takan tuottamaa tehoa helposti + ja &#8211; n\u00e4pp\u00e4imill\u00e4. Yksinkertainen ja helppo valikkorakenne. Takka mittaa paluuveden l\u00e4mp\u00f6tilaa ja toimii sen perusteella, tai <a href=\"https:\/\/lanordica.fi\/product\/varaajatermostaatti-vesikiertopellettitakoille\/\">erillisell\u00e4 varaajatermostaatilla<\/a>.<\/p>\n<p>Nopeuss\u00e4\u00e4tyv\u00e4 savukaasumoottori mittaa jatkuvasti nopeutta. Pellettis\u00e4ili\u00f6ss\u00e4 mekaaninen turvatermostaatti, joka pakkokatkaisee pelletinsy\u00f6t\u00f6n mik\u00e4li s\u00e4ili\u00f6n l\u00e4mp\u00f6tila nousee liian korkealle. S\u00e4ili\u00f6n m\u00e4\u00e4r\u00e4ilmoitin antaa ilmoituksen kun pelletti alkaa olla v\u00e4hiss\u00e4. Alipaineanturi tarkkailee hormin vetoa mittaamalla takan l\u00e4pi virtaavaa ilmaa. Viikko-ohjelmoinnilla mahdollisuus asettaa takka syttym\u00e4\u00e4n ja sammumaan haluttuina aikoina. Automaattinen sytytys sytytysvastuksen avulla, paina takka k\u00e4yntiin napista tai aseta haluttu huonel\u00e4mp\u00f6tila, jota takka noudattaa syttym\u00e4ll\u00e4 ja sammumalla tarpeen mukaan.<\/p>\n<ul>\n<li>Luukku, palotila ja polttomalja valurautaa<\/li>\n<li>Pois nostettava tuhkanker\u00e4ysastia<\/li>\n<li>Lamelli l\u00e4mm\u00f6nvaihdin \/ Tuubil\u00e4mm\u00f6nvaihdin<\/li>\n<li>Automaattinen puhdistus<\/li>\n<li>Pellettis\u00e4ili\u00f6 edess\u00e4<\/li>\n<li>Itsest\u00e4\u00e4n puhdistava polttomalja (harjaton moottori)<\/li>\n<li>Hormiliitoksen sijainti: Takaa, p\u00e4\u00e4lt\u00e4 tai sivusta<\/li>\n<li>Keraaminen sytytysvastus, syttyy nopeasti ja vastus kest\u00e4\u00e4 kauemmin!<\/li>\n<li>Nopeuss\u00e4\u00e4tyv\u00e4 PWM vesikiertopumppu<\/li>\n<li>Pellettis\u00e4ili\u00f6n tason anturi ja &#8221;pelletti lopussa&#8221; h\u00e4lytys<\/li>\n<li>Tulipes\u00e4n l\u00e4mp\u00f6tila-anturi<\/li>\n<li>Ylikuumenemis- ja ylipaineturvakytkimet<\/li>\n<li>Ylipaineventtiili 3 bar<\/li>\n<li>Laitteen oma paisunta-astia<\/li>\n<li>Laitteen oma ilmanpoistin<\/li>\n<li>Vesikiertoliitosten sijainti: Yl\u00f6s<\/li>\n<\/ul>\n<p><strong>Black Mask n\u00e4ytt\u00f6 ja Total Control 2.0 applikaatio<\/strong><\/p>\n<p>Helppok\u00e4ytt\u00f6inen iso Black Mask n\u00e4ytt\u00f6 sis\u00e4lt\u00e4\u00e4<strong> vakiona Wifi yhteyden<\/strong>, jolla voit yhdist\u00e4\u00e4 takkasi \u00e4lylaitteeseesi langattomasti Total Control 2.0 sovelluksella. Hanki sovellus <a href=\"https:\/\/play.google.com\/store\/apps\/details?id=com.extraflame.smartstove\">Play kaupasta<\/a> tai <a href=\"https:\/\/apps.apple.com\/app\/total-control-2-0\/id1441316740?l=en\">App Storesta<\/a><\/p>\n<p><strong>Takuu 2 vuotta<\/strong> (ei koske kuluvaa sytytysvastusta, eik\u00e4 piirikorttia joka voi vaurioitua esim. nopeista per\u00e4tt\u00e4isist\u00e4 s\u00e4hk\u00f6katkoista)<br \/>\n<strong>Asennuksen j\u00e4lkeen<\/strong> suosittelemme t\u00e4ytt\u00e4m\u00e4\u00e4n <a href=\"https:\/\/lanordica.fi\/kayttoonotto\/\">ExtraFlame k\u00e4ytt\u00f6\u00f6nottokaavakkeen<\/a> jotta voimme taata parhaan mahdollisen k\u00e4ytt\u00f6tuen.<\/p>\n<p>Varaajaan kytkett\u00e4ess\u00e4, suosittelemme <a href=\"https:\/\/lanordica.fi\/product\/varaajatermostaatti-vesikiertopellettitakoille\/\">Varaaja termostaatin<\/a> hankkimista<\/p>\n<p>&nbsp;<\/p>\n<p>&nbsp;<\/p>\n","protected":false},"featured_media":7443,"template":"","meta":{"_monsterinsights_skip_tracking":false,"_monsterinsights_sitenote_active":false,"_monsterinsights_sitenote_note":"","_monsterinsights_sitenote_category":0,"jetpack_publicize_message":"","jetpack_publicize_feature_enabled":true,"jetpack_social_post_already_shared":true,"jetpack_social_options":{"image_generator_settings":{"template":"highway","default_image_id":0,"font":"","enabled":false},"version":2},"_wpas_customize_per_network":false},"product_brand":[],"product_cat":[1387,1384],"product_tag":[1480,1547,1478,1548,1479,1482],"class_list":{"0":"post-7440","1":"product","2":"type-product","3":"status-publish","4":"has-post-thumbnail","6":"product_cat-vesikiertopellettikattilat","7":"product_cat-vesikiertopellettitakat","8":"product_tag-automaattisyotto","9":"product_tag-kattila","10":"product_tag-pelletti","11":"product_tag-pellettikattila","12":"product_tag-pellettitakka","13":"product_tag-vesikierto","14":"product_shipping_class-takka-tai-kamiina","16":"first","17":"onbackorder","18":"taxable","19":"shipping-taxable","20":"purchasable","21":"product-type-simple"},"yoast_head":"<!-- This site is optimized with the Yoast SEO plugin v27.5 - https:\/\/yoast.com\/product\/yoast-seo-wordpress\/ -->\n<title>ExtraFlame PK15 pellettikattila Pellettitakka - La Nordica - Suomi<\/title>\n<meta name=\"description\" content=\"Pienikokoinen pellettikattila l\u00e4mmitt\u00e4m\u00e4\u00e4n mink\u00e4 tahansa kiinteist\u00f6n energia tai hybridivaraaja.Suositeltu varaajakoko 500 l\" \/>\n<meta name=\"robots\" content=\"index, follow, max-snippet:-1, max-image-preview:large, max-video-preview:-1\" \/>\n<link rel=\"canonical\" href=\"https:\/\/lanordica.fi\/fi\/product\/pk15-pellettikattila\/\" \/>\n<meta property=\"og:locale\" content=\"fi_FI\" \/>\n<meta property=\"og:type\" content=\"article\" \/>\n<meta property=\"og:title\" content=\"ExtraFlame PK15 pellettikattila Pellettitakka - La Nordica - Suomi\" \/>\n<meta property=\"og:description\" content=\"Pienikokoinen pellettikattila l\u00e4mmitt\u00e4m\u00e4\u00e4n mink\u00e4 tahansa kiinteist\u00f6n energia tai hybridivaraaja.Suositeltu varaajakoko 500 l\" \/>\n<meta property=\"og:url\" content=\"https:\/\/lanordica.fi\/fi\/product\/pk15-pellettikattila\/\" \/>\n<meta property=\"og:site_name\" content=\"La Nordica - Suomi\" \/>\n<meta property=\"article:modified_time\" content=\"2024-09-05T08:24:43+00:00\" \/>\n<meta property=\"og:image\" content=\"https:\/\/lanordica.fi\/wp-content\/uploads\/2022\/05\/Extraflame-PK15kW-pellettikattila.jpg\" \/>\n\t<meta property=\"og:image:width\" content=\"900\" \/>\n\t<meta property=\"og:image:height\" content=\"900\" \/>\n\t<meta property=\"og:image:type\" content=\"image\/jpeg\" \/>\n<meta name=\"twitter:card\" content=\"summary_large_image\" \/>\n<meta name=\"twitter:label1\" content=\"Arvioitu lukuaika\" \/>\n\t<meta name=\"twitter:data1\" content=\"2 minuuttia\" \/>\n<script type=\"application\/ld+json\" class=\"yoast-schema-graph\">{\"@context\":\"https:\\\/\\\/schema.org\",\"@graph\":[{\"@type\":\"WebPage\",\"@id\":\"https:\\\/\\\/lanordica.fi\\\/product\\\/pk15-pellettikattila\\\/\",\"url\":\"https:\\\/\\\/lanordica.fi\\\/product\\\/pk15-pellettikattila\\\/\",\"name\":\"ExtraFlame PK15 pellettikattila Pellettitakka - La Nordica - Suomi\",\"isPartOf\":{\"@id\":\"https:\\\/\\\/lanordica.fi\\\/#website\"},\"primaryImageOfPage\":{\"@id\":\"https:\\\/\\\/lanordica.fi\\\/product\\\/pk15-pellettikattila\\\/#primaryimage\"},\"image\":{\"@id\":\"https:\\\/\\\/lanordica.fi\\\/product\\\/pk15-pellettikattila\\\/#primaryimage\"},\"thumbnailUrl\":\"https:\\\/\\\/i0.wp.com\\\/lanordica.fi\\\/wp-content\\\/uploads\\\/2022\\\/05\\\/Extraflame-PK15kW-pellettikattila.jpg?fit=900%2C900&ssl=1\",\"datePublished\":\"2022-05-03T07:52:19+00:00\",\"dateModified\":\"2024-09-05T08:24:43+00:00\",\"description\":\"Pienikokoinen pellettikattila l\u00e4mmitt\u00e4m\u00e4\u00e4n mink\u00e4 tahansa kiinteist\u00f6n energia tai hybridivaraaja.Suositeltu varaajakoko 500 l\",\"breadcrumb\":{\"@id\":\"https:\\\/\\\/lanordica.fi\\\/product\\\/pk15-pellettikattila\\\/#breadcrumb\"},\"inLanguage\":\"fi\",\"potentialAction\":[{\"@type\":\"ReadAction\",\"target\":[\"https:\\\/\\\/lanordica.fi\\\/product\\\/pk15-pellettikattila\\\/\"]}]},{\"@type\":\"ImageObject\",\"inLanguage\":\"fi\",\"@id\":\"https:\\\/\\\/lanordica.fi\\\/product\\\/pk15-pellettikattila\\\/#primaryimage\",\"url\":\"https:\\\/\\\/i0.wp.com\\\/lanordica.fi\\\/wp-content\\\/uploads\\\/2022\\\/05\\\/Extraflame-PK15kW-pellettikattila.jpg?fit=900%2C900&ssl=1\",\"contentUrl\":\"https:\\\/\\\/i0.wp.com\\\/lanordica.fi\\\/wp-content\\\/uploads\\\/2022\\\/05\\\/Extraflame-PK15kW-pellettikattila.jpg?fit=900%2C900&ssl=1\",\"width\":900,\"height\":900},{\"@type\":\"BreadcrumbList\",\"@id\":\"https:\\\/\\\/lanordica.fi\\\/product\\\/pk15-pellettikattila\\\/#breadcrumb\",\"itemListElement\":[{\"@type\":\"ListItem\",\"position\":1,\"name\":\"Home\",\"item\":\"https:\\\/\\\/lanordica.fi\\\/\"},{\"@type\":\"ListItem\",\"position\":2,\"name\":\"Kauppa\",\"item\":\"https:\\\/\\\/lanordica.fi\\\/shop\\\/\"},{\"@type\":\"ListItem\",\"position\":3,\"name\":\"ExtraFlame PK15 pellettikattila\"}]},{\"@type\":\"WebSite\",\"@id\":\"https:\\\/\\\/lanordica.fi\\\/#website\",\"url\":\"https:\\\/\\\/lanordica.fi\\\/\",\"name\":\"La Nordica - Suomi\",\"description\":\"L\u00e4mp\u00f6\u00e4 kotiisi\",\"publisher\":{\"@id\":\"https:\\\/\\\/lanordica.fi\\\/#organization\"},\"potentialAction\":[{\"@type\":\"SearchAction\",\"target\":{\"@type\":\"EntryPoint\",\"urlTemplate\":\"https:\\\/\\\/lanordica.fi\\\/?s={search_term_string}\"},\"query-input\":{\"@type\":\"PropertyValueSpecification\",\"valueRequired\":true,\"valueName\":\"search_term_string\"}}],\"inLanguage\":\"fi\"},{\"@type\":\"Organization\",\"@id\":\"https:\\\/\\\/lanordica.fi\\\/#organization\",\"name\":\"La Nordica - Suomi\",\"url\":\"https:\\\/\\\/lanordica.fi\\\/\",\"logo\":{\"@type\":\"ImageObject\",\"inLanguage\":\"fi\",\"@id\":\"https:\\\/\\\/lanordica.fi\\\/#\\\/schema\\\/logo\\\/image\\\/\",\"url\":\"https:\\\/\\\/i0.wp.com\\\/lanordica.fi\\\/wp-content\\\/uploads\\\/2018\\\/03\\\/lanordica-fi.png?fit=768%2C282&ssl=1\",\"contentUrl\":\"https:\\\/\\\/i0.wp.com\\\/lanordica.fi\\\/wp-content\\\/uploads\\\/2018\\\/03\\\/lanordica-fi.png?fit=768%2C282&ssl=1\",\"width\":768,\"height\":282,\"caption\":\"La Nordica - Suomi\"},\"image\":{\"@id\":\"https:\\\/\\\/lanordica.fi\\\/#\\\/schema\\\/logo\\\/image\\\/\"}}]}<\/script>\n<!-- \/ Yoast SEO plugin. -->","yoast_head_json":{"title":"ExtraFlame PK15 pellettikattila Pellettitakka - La Nordica - Suomi","description":"Pienikokoinen pellettikattila l\u00e4mmitt\u00e4m\u00e4\u00e4n mink\u00e4 tahansa kiinteist\u00f6n energia tai hybridivaraaja.Suositeltu varaajakoko 500 l","robots":{"index":"index","follow":"follow","max-snippet":"max-snippet:-1","max-image-preview":"max-image-preview:large","max-video-preview":"max-video-preview:-1"},"canonical":"https:\/\/lanordica.fi\/fi\/product\/pk15-pellettikattila\/","og_locale":"fi_FI","og_type":"article","og_title":"ExtraFlame PK15 pellettikattila Pellettitakka - La Nordica - Suomi","og_description":"Pienikokoinen pellettikattila l\u00e4mmitt\u00e4m\u00e4\u00e4n mink\u00e4 tahansa kiinteist\u00f6n energia tai hybridivaraaja.Suositeltu varaajakoko 500 l","og_url":"https:\/\/lanordica.fi\/fi\/product\/pk15-pellettikattila\/","og_site_name":"La Nordica - Suomi","article_modified_time":"2024-09-05T08:24:43+00:00","og_image":[{"width":900,"height":900,"url":"https:\/\/lanordica.fi\/wp-content\/uploads\/2022\/05\/Extraflame-PK15kW-pellettikattila.jpg","type":"image\/jpeg"}],"twitter_card":"summary_large_image","twitter_misc":{"Arvioitu lukuaika":"2 minuuttia"},"schema":{"@context":"https:\/\/schema.org","@graph":[{"@type":"WebPage","@id":"https:\/\/lanordica.fi\/product\/pk15-pellettikattila\/","url":"https:\/\/lanordica.fi\/product\/pk15-pellettikattila\/","name":"ExtraFlame PK15 pellettikattila Pellettitakka - La Nordica - Suomi","isPartOf":{"@id":"https:\/\/lanordica.fi\/#website"},"primaryImageOfPage":{"@id":"https:\/\/lanordica.fi\/product\/pk15-pellettikattila\/#primaryimage"},"image":{"@id":"https:\/\/lanordica.fi\/product\/pk15-pellettikattila\/#primaryimage"},"thumbnailUrl":"https:\/\/i0.wp.com\/lanordica.fi\/wp-content\/uploads\/2022\/05\/Extraflame-PK15kW-pellettikattila.jpg?fit=900%2C900&ssl=1","datePublished":"2022-05-03T07:52:19+00:00","dateModified":"2024-09-05T08:24:43+00:00","description":"Pienikokoinen pellettikattila l\u00e4mmitt\u00e4m\u00e4\u00e4n mink\u00e4 tahansa kiinteist\u00f6n energia tai hybridivaraaja.Suositeltu varaajakoko 500 l","breadcrumb":{"@id":"https:\/\/lanordica.fi\/product\/pk15-pellettikattila\/#breadcrumb"},"inLanguage":"fi","potentialAction":[{"@type":"ReadAction","target":["https:\/\/lanordica.fi\/product\/pk15-pellettikattila\/"]}]},{"@type":"ImageObject","inLanguage":"fi","@id":"https:\/\/lanordica.fi\/product\/pk15-pellettikattila\/#primaryimage","url":"https:\/\/i0.wp.com\/lanordica.fi\/wp-content\/uploads\/2022\/05\/Extraflame-PK15kW-pellettikattila.jpg?fit=900%2C900&ssl=1","contentUrl":"https:\/\/i0.wp.com\/lanordica.fi\/wp-content\/uploads\/2022\/05\/Extraflame-PK15kW-pellettikattila.jpg?fit=900%2C900&ssl=1","width":900,"height":900},{"@type":"BreadcrumbList","@id":"https:\/\/lanordica.fi\/product\/pk15-pellettikattila\/#breadcrumb","itemListElement":[{"@type":"ListItem","position":1,"name":"Home","item":"https:\/\/lanordica.fi\/"},{"@type":"ListItem","position":2,"name":"Kauppa","item":"https:\/\/lanordica.fi\/shop\/"},{"@type":"ListItem","position":3,"name":"ExtraFlame PK15 pellettikattila"}]},{"@type":"WebSite","@id":"https:\/\/lanordica.fi\/#website","url":"https:\/\/lanordica.fi\/","name":"La Nordica - Suomi","description":"L\u00e4mp\u00f6\u00e4 kotiisi","publisher":{"@id":"https:\/\/lanordica.fi\/#organization"},"potentialAction":[{"@type":"SearchAction","target":{"@type":"EntryPoint","urlTemplate":"https:\/\/lanordica.fi\/?s={search_term_string}"},"query-input":{"@type":"PropertyValueSpecification","valueRequired":true,"valueName":"search_term_string"}}],"inLanguage":"fi"},{"@type":"Organization","@id":"https:\/\/lanordica.fi\/#organization","name":"La Nordica - Suomi","url":"https:\/\/lanordica.fi\/","logo":{"@type":"ImageObject","inLanguage":"fi","@id":"https:\/\/lanordica.fi\/#\/schema\/logo\/image\/","url":"https:\/\/i0.wp.com\/lanordica.fi\/wp-content\/uploads\/2018\/03\/lanordica-fi.png?fit=768%2C282&ssl=1","contentUrl":"https:\/\/i0.wp.com\/lanordica.fi\/wp-content\/uploads\/2018\/03\/lanordica-fi.png?fit=768%2C282&ssl=1","width":768,"height":282,"caption":"La Nordica - Suomi"},"image":{"@id":"https:\/\/lanordica.fi\/#\/schema\/logo\/image\/"}}]}},"jetpack_publicize_connections":[],"jetpack_sharing_enabled":true,"jetpack_likes_enabled":true,"_links":{"self":[{"href":"https:\/\/lanordica.fi\/fi\/wp-json\/wp\/v2\/product\/7440","targetHints":{"allow":["GET"]}}],"collection":[{"href":"https:\/\/lanordica.fi\/fi\/wp-json\/wp\/v2\/product"}],"about":[{"href":"https:\/\/lanordica.fi\/fi\/wp-json\/wp\/v2\/types\/product"}],"version-history":[{"count":2,"href":"https:\/\/lanordica.fi\/fi\/wp-json\/wp\/v2\/product\/7440\/revisions"}],"predecessor-version":[{"id":7445,"href":"https:\/\/lanordica.fi\/fi\/wp-json\/wp\/v2\/product\/7440\/revisions\/7445"}],"wp:featuredmedia":[{"embeddable":true,"href":"https:\/\/lanordica.fi\/fi\/wp-json\/wp\/v2\/media\/7443"}],"wp:attachment":[{"href":"https:\/\/lanordica.fi\/fi\/wp-json\/wp\/v2\/media?parent=7440"}],"wp:term":[{"taxonomy":"product_brand","embeddable":true,"href":"https:\/\/lanordica.fi\/fi\/wp-json\/wp\/v2\/product_brand?post=7440"},{"taxonomy":"product_cat","embeddable":true,"href":"https:\/\/lanordica.fi\/fi\/wp-json\/wp\/v2\/product_cat?post=7440"},{"taxonomy":"product_tag","embeddable":true,"href":"https:\/\/lanordica.fi\/fi\/wp-json\/wp\/v2\/product_tag?post=7440"}],"curies":[{"name":"wp","href":"https:\/\/api.w.org\/{rel}","templated":true}]}}