{"id":6943,"date":"2022-02-10T10:10:10","date_gmt":"2022-02-10T10:10:10","guid":{"rendered":"https:\/\/lanordica.fi\/?post_type=product&#038;p=6943"},"modified":"2024-09-04T13:33:36","modified_gmt":"2024-09-04T13:33:36","slug":"teorema-plus","status":"publish","type":"product","link":"https:\/\/lanordica.fi\/fi\/product\/teorema-plus\/","title":{"rendered":"Teorema PLUS (Huonejako + Yl\u00e4liitos hormiin)"},"content":{"rendered":"<p>Mitat (L x K x S): 525 x 1054 x 579 mm<br \/>\nTeho: 3,5 &#8211; 12 kW<br \/>\nL\u00e4mp\u00f6energia yhdell\u00e4 s\u00e4ili\u00f6lll\u00e4: 117,9 kWh<br \/>\nL\u00e4mmitysaika min\/max): 33,7 h<br \/>\nPellettis\u00e4ili\u00f6n koko: 27 kg<br \/>\nPolttoaineen kulutus: 0,8 &#8211; 2,7 kg\/h<br \/>\nPaino: 177 kg<br \/>\nL\u00e4mmitysala: 344 m\u00b3<br \/>\nHormiliitos: 80 mm p\u00e4\u00e4lt\u00e4 tai takaa<br \/>\nPaloilmaputken koko: 48 mm takaa<br \/>\nKaukos\u00e4\u00e4din: Vakiona<br \/>\nVirrankulutus min\/max: 20-90 W<br \/>\nHy\u00f6tysuhde: 91 %<br \/>\nCO p\u00e4\u00e4st\u00f6t: 0,009 %<br \/>\nSavukaasujen l\u00e4mp\u00f6tila maksimiteholla: 158 \u00b0C<br \/>\nSavukaasujen maksil\u00e4mp\u00f6tila ennen h\u00e4t\u00e4katkaisua: 250 \u00b0C<br \/>\nAutomaattisytytys: kyll\u00e4<br \/>\nHuonetermostaatti: Vakiona<br \/>\nYlikuumenemistermostaatti: kyll\u00e4<br \/>\nViikko-ohjelmointi: kyll\u00e4<br \/>\nSuojaet\u00e4isyydet:<br \/>\nTaakse: 100 mm<br \/>\nSivuille: 200 mm<br \/>\nEteen: 800 mm<\/p>\n<p>K\u00e4ytt\u00f6ohje: Kyll\u00e4, alkuper\u00e4isen ohjeen Suomi-k\u00e4\u00e4nn\u00f6s<\/p>\n<p>Valmistajan alkuper\u00e4iset sivut: <a href=\"https:\/\/www.lanordica-extraflame.com\/en\/products\/pellet-stoves\/teorema\">https:\/\/www.lanordica-extraflame.com\/en\/products\/pellet-stoves\/teorema<\/a><\/p>\n","protected":false},"excerpt":{"rendered":"<p>Tehokas, laadukas, perusmallin pellettitakka, jossa huonejako. Kest\u00e4v\u00e4t ja tarvittaessa vaihdettavat tulipes\u00e4n valurautaiset sein\u00e4m\u00e4t sek\u00e4 polttomalja! Helppok\u00e4ytt\u00f6inen n\u00e4ytt\u00f6paneeli ilmoittaa nykyisen takan mittaaman huonel\u00e4mp\u00f6tilan, ja l\u00e4mp\u00f6tilaa voidaan s\u00e4\u00e4t\u00e4\u00e4 helposti + ja &#8211; n\u00e4pp\u00e4imill\u00e4. Tehoalueella 1-5 voit s\u00e4\u00e4t\u00e4\u00e4 takan tuottamaa kW tehoa helposti + ja &#8211; n\u00e4pp\u00e4imill\u00e4. Yksinkertainen ja helppo valikkorakenne.\u00a0 Takassa vakiona huonetermostaatti anturi. Turvaet\u00e4isyys taakse 100 mm, sivuille 100 mm ja eteen 800 mm.<\/p>\n<p>Vakiona <a href=\"https:\/\/lanordica.fi\/product\/ir-kaukosaadin\/\">IR kaukos\u00e4\u00e4din<\/a><\/p>\n<p>Tuotteen vakio-ominaisuksiin kuuluu Glass Cleaning system, jossa ilmavirtaukset on suunniteltu pit\u00e4m\u00e4\u00e4n takan tulipes\u00e4n lasin mahdollisimman kauan puhtaana. Nopeuss\u00e4\u00e4tyv\u00e4 savukaasumoottori mittaa jatkuvasti nopeutta. Pellettis\u00e4ili\u00f6ss\u00e4 mekaaninen turvatermostaatti, joka pakkokatkaisee pelletinsy\u00f6t\u00f6n mik\u00e4li s\u00e4ili\u00f6n l\u00e4mp\u00f6tila nousee liian korkealle. Alipaineanturi tarkkailee hormin vetoa mittaamalla takan l\u00e4pi virtaavaa ilmaa. Viikko-ohjelmoinnilla mahdollisuus asettaa takka syttym\u00e4\u00e4n ja sammumaan haluttuina aikoina. Automaattinen sytytys sytytysvastuksen avulla, paina takka k\u00e4yntiin napista tai aseta haluttu huonel\u00e4mp\u00f6tila, jota takka noudattaa syttym\u00e4ll\u00e4 ja sammumalla tarpeen mukaan.<\/p>\n<ul>\n<li>Luukku, palotila ja polttomalja valurautaa<\/li>\n<li>Lamelli l\u00e4mm\u00f6nvaihdin ja tuubil\u00e4mm\u00f6nvaihdin<\/li>\n<li>Pois nostettava tuhkanker\u00e4ysastia<\/li>\n<li>Extra-tilava pellettis\u00e4ili\u00f6n kapasiteetti +30 kg<\/li>\n<li>Etuhuoneilmapuhallus kahdella puhaltimella Comfort toiminnolla<\/li>\n<li><em>Wide vision<\/em> luukku<\/li>\n<li>Erkonominen kahva<\/li>\n<li>Hormiliitoksen sijainti: Takaa \/ P\u00e4\u00e4lt\u00e4<\/li>\n<li>Irrotettava tulipes\u00e4n tausta tai kylkielementit (nouhoukseen)<\/li>\n<\/ul>\n<p><strong>EASY toiminto<\/strong><br \/>\nMuuta helposti pelletinsy\u00f6tt\u00f6m\u00e4\u00e4r\u00e4\u00e4 n\u00e4ytt\u00f6paneelin EASY valikosta. Mik\u00e4li k\u00e4ytt\u00e4m\u00e4si pelletti on hienojakoista tai harvaa, voit asettaa valikosta toisen asetuksen ja takka s\u00e4\u00e4t\u00e4\u00e4 pelletin sy\u00f6t\u00f6n m\u00e4\u00e4r\u00e4\u00e4 ja savukaasumoottorin imutehoa automaattisesti oikeaan suuntaan <em>(katso kuva)<\/em>.<\/p>\n<p><strong>STAND-BY ja DELTA toimino<\/strong><br \/>\nVoit asettaa takkasi syttym\u00e4\u00e4n ja sammumaan haluamasi l\u00e4mp\u00f6tilan mukaan. Delta arvolla voit valita syttyyk\u00f6 takkasi 0,5 vai 5 asteen tarkkuudella asetetusta.<\/p>\n<p><strong>Wifi-Moduuli BLACK ja Total Control 2.0 applikaatio<br \/>\n<\/strong><\/p>\n<p>Uusimman sukupolven takoissa kommunikaatiomahdollisuus TOTAL CONTROL 2.0 \u00e4lypuhellinsovelluksen avulla, kun hankitaan lis\u00e4varusteena Black Wifi moduuli. Sovelluksen avulla voit ohjata takkaasi puhelimen avulla internetyhteyden kautta! Hanki sovellus <a href=\"https:\/\/play.google.com\/store\/apps\/details?id=com.extraflame.smartstove\">Play kaupasta<\/a> tai <a href=\"https:\/\/apps.apple.com\/app\/total-control-2-0\/id1441316740?l=en\">App Storesta<\/a><\/p>\n","protected":false},"featured_media":4661,"template":"","meta":{"_monsterinsights_skip_tracking":false,"_monsterinsights_sitenote_active":false,"_monsterinsights_sitenote_note":"","_monsterinsights_sitenote_category":0,"jetpack_publicize_message":"","jetpack_publicize_feature_enabled":true,"jetpack_social_post_already_shared":true,"jetpack_social_options":{"image_generator_settings":{"template":"highway","default_image_id":0,"font":"","enabled":false},"version":2},"_wpas_customize_per_network":false},"product_brand":[],"product_cat":[1375],"product_tag":[1480,1397,1478,1479,1469,1427],"class_list":{"0":"post-6943","1":"product","2":"type-product","3":"status-publish","4":"has-post-thumbnail","6":"product_cat-pellettitakat","7":"product_tag-automaattisyotto","8":"product_tag-musta","9":"product_tag-pelletti","10":"product_tag-pellettitakka","11":"product_tag-punainen","12":"product_tag-valkoinen","13":"product_shipping_class-takka-tai-kamiina","15":"first","16":"onbackorder","17":"taxable","18":"shipping-taxable","19":"purchasable","20":"product-type-variable"},"yoast_head":"<!-- This site is optimized with the Yoast SEO plugin v27.6 - https:\/\/yoast.com\/product\/yoast-seo-wordpress\/ -->\n<title>Pellettitakka Teorema PLUS (Huonejako + Yl\u00e4liitos hormiin) La Nordica - Suomi<\/title>\n<meta name=\"description\" content=\"Edullinen huonejaollinen pellettitakka huimalla 27 kg pellettis\u00e4ili\u00f6ll\u00e4! Helppok\u00e4ytt\u00f6inen valikkorakenne ja n\u00e4ytt\u00f6paneeli.\" \/>\n<meta name=\"robots\" content=\"index, follow, max-snippet:-1, max-image-preview:large, max-video-preview:-1\" \/>\n<link rel=\"canonical\" href=\"https:\/\/lanordica.fi\/fi\/product\/teorema-plus\/\" \/>\n<meta property=\"og:locale\" content=\"fi_FI\" \/>\n<meta property=\"og:type\" content=\"article\" \/>\n<meta property=\"og:title\" content=\"Pellettitakka Teorema PLUS (Huonejako + Yl\u00e4liitos hormiin) La Nordica - Suomi\" \/>\n<meta property=\"og:description\" content=\"Edullinen huonejaollinen pellettitakka huimalla 27 kg pellettis\u00e4ili\u00f6ll\u00e4! Helppok\u00e4ytt\u00f6inen valikkorakenne ja n\u00e4ytt\u00f6paneeli.\" \/>\n<meta property=\"og:url\" content=\"https:\/\/lanordica.fi\/fi\/product\/teorema-plus\/\" \/>\n<meta property=\"og:site_name\" content=\"La Nordica - Suomi\" \/>\n<meta property=\"article:modified_time\" content=\"2024-09-04T13:33:36+00:00\" \/>\n<meta property=\"og:image\" content=\"https:\/\/lanordica.fi\/wp-content\/uploads\/2021\/05\/teorema_av_rgb_582x542_6186.jpg\" \/>\n\t<meta property=\"og:image:width\" content=\"582\" \/>\n\t<meta property=\"og:image:height\" content=\"542\" \/>\n\t<meta property=\"og:image:type\" content=\"image\/jpeg\" \/>\n<meta name=\"twitter:card\" content=\"summary_large_image\" \/>\n<meta name=\"twitter:label1\" content=\"Arvioitu lukuaika\" \/>\n\t<meta name=\"twitter:data1\" content=\"1 minuutti\" \/>\n<script type=\"application\/ld+json\" class=\"yoast-schema-graph\">{\"@context\":\"https:\\\/\\\/schema.org\",\"@graph\":[{\"@type\":\"WebPage\",\"@id\":\"https:\\\/\\\/lanordica.fi\\\/product\\\/teorema-plus\\\/\",\"url\":\"https:\\\/\\\/lanordica.fi\\\/product\\\/teorema-plus\\\/\",\"name\":\"Pellettitakka Teorema PLUS (Huonejako + Yl\u00e4liitos hormiin) La Nordica - Suomi\",\"isPartOf\":{\"@id\":\"https:\\\/\\\/lanordica.fi\\\/#website\"},\"primaryImageOfPage\":{\"@id\":\"https:\\\/\\\/lanordica.fi\\\/product\\\/teorema-plus\\\/#primaryimage\"},\"image\":{\"@id\":\"https:\\\/\\\/lanordica.fi\\\/product\\\/teorema-plus\\\/#primaryimage\"},\"thumbnailUrl\":\"https:\\\/\\\/i0.wp.com\\\/lanordica.fi\\\/wp-content\\\/uploads\\\/2021\\\/05\\\/teorema_av_rgb_582x542_6186.jpg?fit=582%2C542&ssl=1\",\"datePublished\":\"2022-02-10T10:10:10+00:00\",\"dateModified\":\"2024-09-04T13:33:36+00:00\",\"description\":\"Edullinen huonejaollinen pellettitakka huimalla 27 kg pellettis\u00e4ili\u00f6ll\u00e4! Helppok\u00e4ytt\u00f6inen valikkorakenne ja n\u00e4ytt\u00f6paneeli.\",\"breadcrumb\":{\"@id\":\"https:\\\/\\\/lanordica.fi\\\/product\\\/teorema-plus\\\/#breadcrumb\"},\"inLanguage\":\"fi\",\"potentialAction\":[{\"@type\":\"ReadAction\",\"target\":[\"https:\\\/\\\/lanordica.fi\\\/product\\\/teorema-plus\\\/\"]}]},{\"@type\":\"ImageObject\",\"inLanguage\":\"fi\",\"@id\":\"https:\\\/\\\/lanordica.fi\\\/product\\\/teorema-plus\\\/#primaryimage\",\"url\":\"https:\\\/\\\/i0.wp.com\\\/lanordica.fi\\\/wp-content\\\/uploads\\\/2021\\\/05\\\/teorema_av_rgb_582x542_6186.jpg?fit=582%2C542&ssl=1\",\"contentUrl\":\"https:\\\/\\\/i0.wp.com\\\/lanordica.fi\\\/wp-content\\\/uploads\\\/2021\\\/05\\\/teorema_av_rgb_582x542_6186.jpg?fit=582%2C542&ssl=1\",\"width\":582,\"height\":542},{\"@type\":\"BreadcrumbList\",\"@id\":\"https:\\\/\\\/lanordica.fi\\\/product\\\/teorema-plus\\\/#breadcrumb\",\"itemListElement\":[{\"@type\":\"ListItem\",\"position\":1,\"name\":\"Home\",\"item\":\"https:\\\/\\\/lanordica.fi\\\/\"},{\"@type\":\"ListItem\",\"position\":2,\"name\":\"Kauppa\",\"item\":\"https:\\\/\\\/lanordica.fi\\\/shop\\\/\"},{\"@type\":\"ListItem\",\"position\":3,\"name\":\"Teorema PLUS (Huonejako + Yl\u00e4liitos hormiin)\"}]},{\"@type\":\"WebSite\",\"@id\":\"https:\\\/\\\/lanordica.fi\\\/#website\",\"url\":\"https:\\\/\\\/lanordica.fi\\\/\",\"name\":\"La Nordica - Suomi\",\"description\":\"L\u00e4mp\u00f6\u00e4 kotiisi\",\"publisher\":{\"@id\":\"https:\\\/\\\/lanordica.fi\\\/#organization\"},\"potentialAction\":[{\"@type\":\"SearchAction\",\"target\":{\"@type\":\"EntryPoint\",\"urlTemplate\":\"https:\\\/\\\/lanordica.fi\\\/?s={search_term_string}\"},\"query-input\":{\"@type\":\"PropertyValueSpecification\",\"valueRequired\":true,\"valueName\":\"search_term_string\"}}],\"inLanguage\":\"fi\"},{\"@type\":\"Organization\",\"@id\":\"https:\\\/\\\/lanordica.fi\\\/#organization\",\"name\":\"La Nordica - Suomi\",\"url\":\"https:\\\/\\\/lanordica.fi\\\/\",\"logo\":{\"@type\":\"ImageObject\",\"inLanguage\":\"fi\",\"@id\":\"https:\\\/\\\/lanordica.fi\\\/#\\\/schema\\\/logo\\\/image\\\/\",\"url\":\"https:\\\/\\\/i0.wp.com\\\/lanordica.fi\\\/wp-content\\\/uploads\\\/2018\\\/03\\\/lanordica-fi.png?fit=768%2C282&ssl=1\",\"contentUrl\":\"https:\\\/\\\/i0.wp.com\\\/lanordica.fi\\\/wp-content\\\/uploads\\\/2018\\\/03\\\/lanordica-fi.png?fit=768%2C282&ssl=1\",\"width\":768,\"height\":282,\"caption\":\"La Nordica - Suomi\"},\"image\":{\"@id\":\"https:\\\/\\\/lanordica.fi\\\/#\\\/schema\\\/logo\\\/image\\\/\"}}]}<\/script>\n<!-- \/ Yoast SEO plugin. -->","yoast_head_json":{"title":"Pellettitakka Teorema PLUS (Huonejako + Yl\u00e4liitos hormiin) La Nordica - Suomi","description":"Edullinen huonejaollinen pellettitakka huimalla 27 kg pellettis\u00e4ili\u00f6ll\u00e4! Helppok\u00e4ytt\u00f6inen valikkorakenne ja n\u00e4ytt\u00f6paneeli.","robots":{"index":"index","follow":"follow","max-snippet":"max-snippet:-1","max-image-preview":"max-image-preview:large","max-video-preview":"max-video-preview:-1"},"canonical":"https:\/\/lanordica.fi\/fi\/product\/teorema-plus\/","og_locale":"fi_FI","og_type":"article","og_title":"Pellettitakka Teorema PLUS (Huonejako + Yl\u00e4liitos hormiin) La Nordica - Suomi","og_description":"Edullinen huonejaollinen pellettitakka huimalla 27 kg pellettis\u00e4ili\u00f6ll\u00e4! Helppok\u00e4ytt\u00f6inen valikkorakenne ja n\u00e4ytt\u00f6paneeli.","og_url":"https:\/\/lanordica.fi\/fi\/product\/teorema-plus\/","og_site_name":"La Nordica - Suomi","article_modified_time":"2024-09-04T13:33:36+00:00","og_image":[{"width":582,"height":542,"url":"https:\/\/lanordica.fi\/wp-content\/uploads\/2021\/05\/teorema_av_rgb_582x542_6186.jpg","type":"image\/jpeg"}],"twitter_card":"summary_large_image","twitter_misc":{"Arvioitu lukuaika":"1 minuutti"},"schema":{"@context":"https:\/\/schema.org","@graph":[{"@type":"WebPage","@id":"https:\/\/lanordica.fi\/product\/teorema-plus\/","url":"https:\/\/lanordica.fi\/product\/teorema-plus\/","name":"Pellettitakka Teorema PLUS (Huonejako + Yl\u00e4liitos hormiin) La Nordica - Suomi","isPartOf":{"@id":"https:\/\/lanordica.fi\/#website"},"primaryImageOfPage":{"@id":"https:\/\/lanordica.fi\/product\/teorema-plus\/#primaryimage"},"image":{"@id":"https:\/\/lanordica.fi\/product\/teorema-plus\/#primaryimage"},"thumbnailUrl":"https:\/\/i0.wp.com\/lanordica.fi\/wp-content\/uploads\/2021\/05\/teorema_av_rgb_582x542_6186.jpg?fit=582%2C542&ssl=1","datePublished":"2022-02-10T10:10:10+00:00","dateModified":"2024-09-04T13:33:36+00:00","description":"Edullinen huonejaollinen pellettitakka huimalla 27 kg pellettis\u00e4ili\u00f6ll\u00e4! Helppok\u00e4ytt\u00f6inen valikkorakenne ja n\u00e4ytt\u00f6paneeli.","breadcrumb":{"@id":"https:\/\/lanordica.fi\/product\/teorema-plus\/#breadcrumb"},"inLanguage":"fi","potentialAction":[{"@type":"ReadAction","target":["https:\/\/lanordica.fi\/product\/teorema-plus\/"]}]},{"@type":"ImageObject","inLanguage":"fi","@id":"https:\/\/lanordica.fi\/product\/teorema-plus\/#primaryimage","url":"https:\/\/i0.wp.com\/lanordica.fi\/wp-content\/uploads\/2021\/05\/teorema_av_rgb_582x542_6186.jpg?fit=582%2C542&ssl=1","contentUrl":"https:\/\/i0.wp.com\/lanordica.fi\/wp-content\/uploads\/2021\/05\/teorema_av_rgb_582x542_6186.jpg?fit=582%2C542&ssl=1","width":582,"height":542},{"@type":"BreadcrumbList","@id":"https:\/\/lanordica.fi\/product\/teorema-plus\/#breadcrumb","itemListElement":[{"@type":"ListItem","position":1,"name":"Home","item":"https:\/\/lanordica.fi\/"},{"@type":"ListItem","position":2,"name":"Kauppa","item":"https:\/\/lanordica.fi\/shop\/"},{"@type":"ListItem","position":3,"name":"Teorema PLUS (Huonejako + Yl\u00e4liitos hormiin)"}]},{"@type":"WebSite","@id":"https:\/\/lanordica.fi\/#website","url":"https:\/\/lanordica.fi\/","name":"La Nordica - Suomi","description":"L\u00e4mp\u00f6\u00e4 kotiisi","publisher":{"@id":"https:\/\/lanordica.fi\/#organization"},"potentialAction":[{"@type":"SearchAction","target":{"@type":"EntryPoint","urlTemplate":"https:\/\/lanordica.fi\/?s={search_term_string}"},"query-input":{"@type":"PropertyValueSpecification","valueRequired":true,"valueName":"search_term_string"}}],"inLanguage":"fi"},{"@type":"Organization","@id":"https:\/\/lanordica.fi\/#organization","name":"La Nordica - Suomi","url":"https:\/\/lanordica.fi\/","logo":{"@type":"ImageObject","inLanguage":"fi","@id":"https:\/\/lanordica.fi\/#\/schema\/logo\/image\/","url":"https:\/\/i0.wp.com\/lanordica.fi\/wp-content\/uploads\/2018\/03\/lanordica-fi.png?fit=768%2C282&ssl=1","contentUrl":"https:\/\/i0.wp.com\/lanordica.fi\/wp-content\/uploads\/2018\/03\/lanordica-fi.png?fit=768%2C282&ssl=1","width":768,"height":282,"caption":"La Nordica - Suomi"},"image":{"@id":"https:\/\/lanordica.fi\/#\/schema\/logo\/image\/"}}]}},"jetpack_publicize_connections":[],"jetpack_sharing_enabled":true,"jetpack_likes_enabled":true,"_links":{"self":[{"href":"https:\/\/lanordica.fi\/fi\/wp-json\/wp\/v2\/product\/6943","targetHints":{"allow":["GET"]}}],"collection":[{"href":"https:\/\/lanordica.fi\/fi\/wp-json\/wp\/v2\/product"}],"about":[{"href":"https:\/\/lanordica.fi\/fi\/wp-json\/wp\/v2\/types\/product"}],"version-history":[{"count":2,"href":"https:\/\/lanordica.fi\/fi\/wp-json\/wp\/v2\/product\/6943\/revisions"}],"predecessor-version":[{"id":7684,"href":"https:\/\/lanordica.fi\/fi\/wp-json\/wp\/v2\/product\/6943\/revisions\/7684"}],"wp:featuredmedia":[{"embeddable":true,"href":"https:\/\/lanordica.fi\/fi\/wp-json\/wp\/v2\/media\/4661"}],"wp:attachment":[{"href":"https:\/\/lanordica.fi\/fi\/wp-json\/wp\/v2\/media?parent=6943"}],"wp:term":[{"taxonomy":"product_brand","embeddable":true,"href":"https:\/\/lanordica.fi\/fi\/wp-json\/wp\/v2\/product_brand?post=6943"},{"taxonomy":"product_cat","embeddable":true,"href":"https:\/\/lanordica.fi\/fi\/wp-json\/wp\/v2\/product_cat?post=6943"},{"taxonomy":"product_tag","embeddable":true,"href":"https:\/\/lanordica.fi\/fi\/wp-json\/wp\/v2\/product_tag?post=6943"}],"curies":[{"name":"wp","href":"https:\/\/api.w.org\/{rel}","templated":true}]}}