{"id":688,"date":"2018-05-08T07:49:34","date_gmt":"2018-05-08T07:49:34","guid":{"rendered":"https:\/\/lanordica.fi\/?post_type=product&#038;p=688"},"modified":"2025-05-12T12:24:17","modified_gmt":"2025-05-12T12:24:17","slug":"termorosa-xxl","status":"publish","type":"product","link":"https:\/\/lanordica.fi\/fi\/product\/termorosa-xxl\/","title":{"rendered":"TermoRosa XXL 4.0 (15 kW)"},"content":{"rendered":"<p>Mitat (L x K x S): 1074 x 861 x 685 mm<br \/>\nTeho veteen: 10,3 kW<br \/>\nTeho huoneeseen: 6,5 kW<br \/>\nPaino: 263 kg<br \/>\nTulipes\u00e4n koko: 257 x 350 x 407 mm<br \/>\nLuukun koko: 225 x 158 mm<br \/>\nUunin koko: 306 x 418 x 430 mm<br \/>\nL\u00e4mmitysala: 527 m\u00b3<br \/>\nHormiliitos: 160 mm, p\u00e4\u00e4lt\u00e4-takaa<br \/>\nS\u00e4\u00e4dett\u00e4v\u00e4 ensi\u00f6ilma: kyll\u00e4 \/ automaattinen<br \/>\nS\u00e4\u00e4dett\u00e4v\u00e4 toisioilma: kyll\u00e4<br \/>\nTertiaari-ilma: esis\u00e4\u00e4detty<br \/>\nJ\u00e4lkipoltto: kyll\u00e4<br \/>\nHy\u00f6tysuhde: 87,5 %<br \/>\nPolttoaineen kulutus: 4,5 kg\/h<br \/>\nSavukaasujen keskil\u00e4mp\u00f6tila: 177 \u00b0C<br \/>\nCO p\u00e4\u00e4st\u00f6t: 0,1 %<br \/>\nHiukkasp\u00e4\u00e4st\u00f6t: 21 mg\/m\u00b3 (13% O2)<\/p>\n<p>Suojaet\u00e4isyydet:<br \/>\nTaakse: 100 mm<br \/>\nSivuille: 300 mm<br \/>\nEteen: 1000 mm<\/p>\n<p>K\u00e4ytt\u00f6ohje: Kyll\u00e4, alkuper\u00e4isen ohjeen Suomi-k\u00e4\u00e4nn\u00f6s<br \/>\n<a href=\"https:\/\/www.lanordica-extraflame.com\/en\/products\/wood-stoves\/termorosa-xxl-dsa-40\">Valmistajan alkuper\u00e4iset sivut<\/a><br \/>\n<a href=\"https:\/\/www.lanordica-extraflame.com\/sites\/default\/files\/documenti_temp\/007193109-000_dop_termorosa_xxl_dsa_4.0.pdf\">Suoritustasoilmoitus.pdf<\/a><br \/>\n<a href=\"https:\/\/www.lanordica-extraflame.com\/sites\/default\/files\/documenti_temp\/005280203-000_deco_termorosa_xxl_dsa_4.0.pdf\">Ecodesing todistus.pdf<\/a><\/p>\n","protected":false},"excerpt":{"rendered":"<p>Tehokkaampi malli Termorosa vesikiertohellasta. Valurautaiset luukut ja keittotaso.<strong> 15 kW veteen antaa pienen puukattilan verran tehoa, ja teho riitt\u00e4\u00e4 isompiinkin l\u00e4mmitysaloihin!<\/strong> Iso 60 litrainen uuni. Automaattinen korvausilmans\u00e4\u00e4din jolla voit hienos\u00e4\u00e4t\u00e4\u00e4 haluttua l\u00e4mp\u00f6tilaa tulipes\u00e4ss\u00e4. Tulipes\u00e4ss\u00e4 kolmannen sukupolven huipputehokas j\u00e4lkipoltto. Keittotasossa kaksi nopeasti kuumenevaa keittolevy\u00e4. Hormiliit\u00e4nt\u00e4 keskelt\u00e4, valittavissa p\u00e4\u00e4lt\u00e4 tai takaa. J\u00e4\u00e4hdytetyt sivukuoret. Nostoarinat (<a href=\"https:\/\/lanordica.fi\/product\/nostoarinat-rosetta\/\">saatavilla lis\u00e4varusteena<\/a>) kes\u00e4 asennossa l\u00e4mmit\u00e4t keittotasolla nopeasti ruokaa l\u00e4mmitt\u00e4m\u00e4tt\u00e4 huonetta. Vakiona hellassa punaiset keraamiset koristelaatat, mukana toimitetaan my\u00f6s vaihdettavat mustat laatat.<\/p>\n<p>Suositus varaajan koko: 500 &#8211; 1000 l<\/p>\n<p>Suositellut lis\u00e4varusteet: <a href=\"https:\/\/lanordica.fi\/product\/ohjausyksikko\/\">Ohjausyksikk\u00f6<\/a>, <a href=\"https:\/\/lanordica.fi\/product\/latauspumppu\/\">Latauspumppu<\/a>, <a href=\"https:\/\/lanordica.fi\/product\/dsa\/\">DSA venttiili<\/a><\/p>\n","protected":false},"featured_media":7245,"template":"","meta":{"_monsterinsights_skip_tracking":false,"_monsterinsights_sitenote_active":false,"_monsterinsights_sitenote_note":"","_monsterinsights_sitenote_category":0,"jetpack_publicize_message":"","jetpack_publicize_feature_enabled":true,"jetpack_social_post_already_shared":true,"jetpack_social_options":{"image_generator_settings":{"template":"highway","default_image_id":0,"font":"","enabled":false},"version":2},"_wpas_customize_per_network":false},"product_brand":[],"product_cat":[1385],"product_tag":[1398,1410,1397,1477,1389,1482,1382,1490],"class_list":{"0":"post-688","1":"product","2":"type-product","3":"status-publish","4":"has-post-thumbnail","6":"product_cat-vesikiertopuuhellat","7":"product_tag-keittolevy","8":"product_tag-keittotaso","9":"product_tag-musta","10":"product_tag-paistouuni","11":"product_tag-uuni","12":"product_tag-vesikierto","13":"product_tag-vesikiertohella","14":"product_tag-vesikiertopuuhella","15":"product_shipping_class-takka-tai-kamiina","17":"first","18":"onbackorder","19":"taxable","20":"shipping-taxable","21":"purchasable","22":"product-type-simple"},"yoast_head":"<!-- This site is optimized with the Yoast SEO plugin v27.6 - https:\/\/yoast.com\/product\/yoast-seo-wordpress\/ -->\n<title>TermoRosa XXL 4.0 (15 kW) - La Nordica - Suomi<\/title>\n<meta name=\"description\" content=\"Tehokkaampi malli Termorosa vesikiertohellasta. Valurautaiset luukut ja keittotaso. 15 kW veteen antaa pienen puukattilan verran tehoa.\" \/>\n<meta name=\"robots\" content=\"index, follow, max-snippet:-1, max-image-preview:large, max-video-preview:-1\" \/>\n<link rel=\"canonical\" href=\"https:\/\/lanordica.fi\/fi\/product\/termorosa-xxl\/\" \/>\n<meta property=\"og:locale\" content=\"fi_FI\" \/>\n<meta property=\"og:type\" content=\"article\" \/>\n<meta property=\"og:title\" content=\"TermoRosa XXL 4.0 (15 kW) - La Nordica - Suomi\" \/>\n<meta property=\"og:description\" content=\"Tehokkaampi malli Termorosa vesikiertohellasta. Valurautaiset luukut ja keittotaso. 15 kW veteen antaa pienen puukattilan verran tehoa.\" \/>\n<meta property=\"og:url\" content=\"https:\/\/lanordica.fi\/fi\/product\/termorosa-xxl\/\" \/>\n<meta property=\"og:site_name\" content=\"La Nordica - Suomi\" \/>\n<meta property=\"article:modified_time\" content=\"2025-05-12T12:24:17+00:00\" \/>\n<meta property=\"og:image\" content=\"https:\/\/lanordica.fi\/wp-content\/uploads\/2018\/05\/Termorosa-4-0.jpg\" \/>\n\t<meta property=\"og:image:width\" content=\"900\" \/>\n\t<meta property=\"og:image:height\" content=\"900\" \/>\n\t<meta property=\"og:image:type\" content=\"image\/jpeg\" \/>\n<meta name=\"twitter:card\" content=\"summary_large_image\" \/>\n<meta name=\"twitter:label1\" content=\"Arvioitu lukuaika\" \/>\n\t<meta name=\"twitter:data1\" content=\"1 minuutti\" \/>\n<script type=\"application\/ld+json\" class=\"yoast-schema-graph\">{\"@context\":\"https:\\\/\\\/schema.org\",\"@graph\":[{\"@type\":\"WebPage\",\"@id\":\"https:\\\/\\\/lanordica.fi\\\/product\\\/termorosa-xxl\\\/\",\"url\":\"https:\\\/\\\/lanordica.fi\\\/product\\\/termorosa-xxl\\\/\",\"name\":\"TermoRosa XXL 4.0 (15 kW) - La Nordica - Suomi\",\"isPartOf\":{\"@id\":\"https:\\\/\\\/lanordica.fi\\\/#website\"},\"primaryImageOfPage\":{\"@id\":\"https:\\\/\\\/lanordica.fi\\\/product\\\/termorosa-xxl\\\/#primaryimage\"},\"image\":{\"@id\":\"https:\\\/\\\/lanordica.fi\\\/product\\\/termorosa-xxl\\\/#primaryimage\"},\"thumbnailUrl\":\"https:\\\/\\\/i0.wp.com\\\/lanordica.fi\\\/wp-content\\\/uploads\\\/2018\\\/05\\\/Termorosa-4-0.jpg?fit=900%2C900&ssl=1\",\"datePublished\":\"2018-05-08T07:49:34+00:00\",\"dateModified\":\"2025-05-12T12:24:17+00:00\",\"description\":\"Tehokkaampi malli Termorosa vesikiertohellasta. Valurautaiset luukut ja keittotaso. 15 kW veteen antaa pienen puukattilan verran tehoa.\",\"breadcrumb\":{\"@id\":\"https:\\\/\\\/lanordica.fi\\\/product\\\/termorosa-xxl\\\/#breadcrumb\"},\"inLanguage\":\"fi\",\"potentialAction\":[{\"@type\":\"ReadAction\",\"target\":[\"https:\\\/\\\/lanordica.fi\\\/product\\\/termorosa-xxl\\\/\"]}]},{\"@type\":\"ImageObject\",\"inLanguage\":\"fi\",\"@id\":\"https:\\\/\\\/lanordica.fi\\\/product\\\/termorosa-xxl\\\/#primaryimage\",\"url\":\"https:\\\/\\\/i0.wp.com\\\/lanordica.fi\\\/wp-content\\\/uploads\\\/2018\\\/05\\\/Termorosa-4-0.jpg?fit=900%2C900&ssl=1\",\"contentUrl\":\"https:\\\/\\\/i0.wp.com\\\/lanordica.fi\\\/wp-content\\\/uploads\\\/2018\\\/05\\\/Termorosa-4-0.jpg?fit=900%2C900&ssl=1\",\"width\":900,\"height\":900},{\"@type\":\"BreadcrumbList\",\"@id\":\"https:\\\/\\\/lanordica.fi\\\/product\\\/termorosa-xxl\\\/#breadcrumb\",\"itemListElement\":[{\"@type\":\"ListItem\",\"position\":1,\"name\":\"Home\",\"item\":\"https:\\\/\\\/lanordica.fi\\\/\"},{\"@type\":\"ListItem\",\"position\":2,\"name\":\"Kauppa\",\"item\":\"https:\\\/\\\/lanordica.fi\\\/shop\\\/\"},{\"@type\":\"ListItem\",\"position\":3,\"name\":\"TermoRosa XXL 4.0 (15 kW)\"}]},{\"@type\":\"WebSite\",\"@id\":\"https:\\\/\\\/lanordica.fi\\\/#website\",\"url\":\"https:\\\/\\\/lanordica.fi\\\/\",\"name\":\"La Nordica - Suomi\",\"description\":\"L\u00e4mp\u00f6\u00e4 kotiisi\",\"publisher\":{\"@id\":\"https:\\\/\\\/lanordica.fi\\\/#organization\"},\"potentialAction\":[{\"@type\":\"SearchAction\",\"target\":{\"@type\":\"EntryPoint\",\"urlTemplate\":\"https:\\\/\\\/lanordica.fi\\\/?s={search_term_string}\"},\"query-input\":{\"@type\":\"PropertyValueSpecification\",\"valueRequired\":true,\"valueName\":\"search_term_string\"}}],\"inLanguage\":\"fi\"},{\"@type\":\"Organization\",\"@id\":\"https:\\\/\\\/lanordica.fi\\\/#organization\",\"name\":\"La Nordica - Suomi\",\"url\":\"https:\\\/\\\/lanordica.fi\\\/\",\"logo\":{\"@type\":\"ImageObject\",\"inLanguage\":\"fi\",\"@id\":\"https:\\\/\\\/lanordica.fi\\\/#\\\/schema\\\/logo\\\/image\\\/\",\"url\":\"https:\\\/\\\/i0.wp.com\\\/lanordica.fi\\\/wp-content\\\/uploads\\\/2018\\\/03\\\/lanordica-fi.png?fit=768%2C282&ssl=1\",\"contentUrl\":\"https:\\\/\\\/i0.wp.com\\\/lanordica.fi\\\/wp-content\\\/uploads\\\/2018\\\/03\\\/lanordica-fi.png?fit=768%2C282&ssl=1\",\"width\":768,\"height\":282,\"caption\":\"La Nordica - Suomi\"},\"image\":{\"@id\":\"https:\\\/\\\/lanordica.fi\\\/#\\\/schema\\\/logo\\\/image\\\/\"}}]}<\/script>\n<!-- \/ Yoast SEO plugin. -->","yoast_head_json":{"title":"TermoRosa XXL 4.0 (15 kW) - La Nordica - Suomi","description":"Tehokkaampi malli Termorosa vesikiertohellasta. Valurautaiset luukut ja keittotaso. 15 kW veteen antaa pienen puukattilan verran tehoa.","robots":{"index":"index","follow":"follow","max-snippet":"max-snippet:-1","max-image-preview":"max-image-preview:large","max-video-preview":"max-video-preview:-1"},"canonical":"https:\/\/lanordica.fi\/fi\/product\/termorosa-xxl\/","og_locale":"fi_FI","og_type":"article","og_title":"TermoRosa XXL 4.0 (15 kW) - La Nordica - Suomi","og_description":"Tehokkaampi malli Termorosa vesikiertohellasta. Valurautaiset luukut ja keittotaso. 15 kW veteen antaa pienen puukattilan verran tehoa.","og_url":"https:\/\/lanordica.fi\/fi\/product\/termorosa-xxl\/","og_site_name":"La Nordica - Suomi","article_modified_time":"2025-05-12T12:24:17+00:00","og_image":[{"width":900,"height":900,"url":"https:\/\/lanordica.fi\/wp-content\/uploads\/2018\/05\/Termorosa-4-0.jpg","type":"image\/jpeg"}],"twitter_card":"summary_large_image","twitter_misc":{"Arvioitu lukuaika":"1 minuutti"},"schema":{"@context":"https:\/\/schema.org","@graph":[{"@type":"WebPage","@id":"https:\/\/lanordica.fi\/product\/termorosa-xxl\/","url":"https:\/\/lanordica.fi\/product\/termorosa-xxl\/","name":"TermoRosa XXL 4.0 (15 kW) - La Nordica - Suomi","isPartOf":{"@id":"https:\/\/lanordica.fi\/#website"},"primaryImageOfPage":{"@id":"https:\/\/lanordica.fi\/product\/termorosa-xxl\/#primaryimage"},"image":{"@id":"https:\/\/lanordica.fi\/product\/termorosa-xxl\/#primaryimage"},"thumbnailUrl":"https:\/\/i0.wp.com\/lanordica.fi\/wp-content\/uploads\/2018\/05\/Termorosa-4-0.jpg?fit=900%2C900&ssl=1","datePublished":"2018-05-08T07:49:34+00:00","dateModified":"2025-05-12T12:24:17+00:00","description":"Tehokkaampi malli Termorosa vesikiertohellasta. Valurautaiset luukut ja keittotaso. 15 kW veteen antaa pienen puukattilan verran tehoa.","breadcrumb":{"@id":"https:\/\/lanordica.fi\/product\/termorosa-xxl\/#breadcrumb"},"inLanguage":"fi","potentialAction":[{"@type":"ReadAction","target":["https:\/\/lanordica.fi\/product\/termorosa-xxl\/"]}]},{"@type":"ImageObject","inLanguage":"fi","@id":"https:\/\/lanordica.fi\/product\/termorosa-xxl\/#primaryimage","url":"https:\/\/i0.wp.com\/lanordica.fi\/wp-content\/uploads\/2018\/05\/Termorosa-4-0.jpg?fit=900%2C900&ssl=1","contentUrl":"https:\/\/i0.wp.com\/lanordica.fi\/wp-content\/uploads\/2018\/05\/Termorosa-4-0.jpg?fit=900%2C900&ssl=1","width":900,"height":900},{"@type":"BreadcrumbList","@id":"https:\/\/lanordica.fi\/product\/termorosa-xxl\/#breadcrumb","itemListElement":[{"@type":"ListItem","position":1,"name":"Home","item":"https:\/\/lanordica.fi\/"},{"@type":"ListItem","position":2,"name":"Kauppa","item":"https:\/\/lanordica.fi\/shop\/"},{"@type":"ListItem","position":3,"name":"TermoRosa XXL 4.0 (15 kW)"}]},{"@type":"WebSite","@id":"https:\/\/lanordica.fi\/#website","url":"https:\/\/lanordica.fi\/","name":"La Nordica - Suomi","description":"L\u00e4mp\u00f6\u00e4 kotiisi","publisher":{"@id":"https:\/\/lanordica.fi\/#organization"},"potentialAction":[{"@type":"SearchAction","target":{"@type":"EntryPoint","urlTemplate":"https:\/\/lanordica.fi\/?s={search_term_string}"},"query-input":{"@type":"PropertyValueSpecification","valueRequired":true,"valueName":"search_term_string"}}],"inLanguage":"fi"},{"@type":"Organization","@id":"https:\/\/lanordica.fi\/#organization","name":"La Nordica - Suomi","url":"https:\/\/lanordica.fi\/","logo":{"@type":"ImageObject","inLanguage":"fi","@id":"https:\/\/lanordica.fi\/#\/schema\/logo\/image\/","url":"https:\/\/i0.wp.com\/lanordica.fi\/wp-content\/uploads\/2018\/03\/lanordica-fi.png?fit=768%2C282&ssl=1","contentUrl":"https:\/\/i0.wp.com\/lanordica.fi\/wp-content\/uploads\/2018\/03\/lanordica-fi.png?fit=768%2C282&ssl=1","width":768,"height":282,"caption":"La Nordica - Suomi"},"image":{"@id":"https:\/\/lanordica.fi\/#\/schema\/logo\/image\/"}}]}},"jetpack_publicize_connections":[],"jetpack_sharing_enabled":true,"jetpack_likes_enabled":true,"_links":{"self":[{"href":"https:\/\/lanordica.fi\/fi\/wp-json\/wp\/v2\/product\/688","targetHints":{"allow":["GET"]}}],"collection":[{"href":"https:\/\/lanordica.fi\/fi\/wp-json\/wp\/v2\/product"}],"about":[{"href":"https:\/\/lanordica.fi\/fi\/wp-json\/wp\/v2\/types\/product"}],"version-history":[{"count":10,"href":"https:\/\/lanordica.fi\/fi\/wp-json\/wp\/v2\/product\/688\/revisions"}],"predecessor-version":[{"id":11921,"href":"https:\/\/lanordica.fi\/fi\/wp-json\/wp\/v2\/product\/688\/revisions\/11921"}],"wp:featuredmedia":[{"embeddable":true,"href":"https:\/\/lanordica.fi\/fi\/wp-json\/wp\/v2\/media\/7245"}],"wp:attachment":[{"href":"https:\/\/lanordica.fi\/fi\/wp-json\/wp\/v2\/media?parent=688"}],"wp:term":[{"taxonomy":"product_brand","embeddable":true,"href":"https:\/\/lanordica.fi\/fi\/wp-json\/wp\/v2\/product_brand?post=688"},{"taxonomy":"product_cat","embeddable":true,"href":"https:\/\/lanordica.fi\/fi\/wp-json\/wp\/v2\/product_cat?post=688"},{"taxonomy":"product_tag","embeddable":true,"href":"https:\/\/lanordica.fi\/fi\/wp-json\/wp\/v2\/product_tag?post=688"}],"curies":[{"name":"wp","href":"https:\/\/api.w.org\/{rel}","templated":true}]}}