{"id":6861,"date":"2022-01-21T11:23:34","date_gmt":"2022-01-21T11:23:34","guid":{"rendered":"https:\/\/lanordica.fi\/?post_type=product&#038;p=6861"},"modified":"2024-09-05T08:24:14","modified_gmt":"2024-09-05T08:24:14","slug":"raffaella-idro-18-kw-veteen","status":"publish","type":"product","link":"https:\/\/lanordica.fi\/fi\/product\/raffaella-idro-18-kw-veteen\/","title":{"rendered":"Raffaella Idro H18 &#8211; 18 kW veteen"},"content":{"rendered":"<p>Mitat (L x K x S):\u00a0 <span class=\"valore \">633 x 1176 x 626 mm<\/span><br \/>\nTeho huoneeseen: 1 &#8211; 3,7 kW<br \/>\nTeho veteen: 4,3 &#8211; 18 kW<br \/>\nL\u00e4mmitysteho valitaan n\u00e4ytt\u00f6paneelilta<br \/>\nVaraajan koko: 500 &#8211; 1000 l<br \/>\nVaraajalle\/patterikiertoon ajettava l\u00e4mp\u00f6tila valitaan n\u00e4ytt\u00f6paneelilta (mittaus paluuvedest\u00e4)<br \/>\nVaraajan l\u00e4mp\u00f6tilan mukaan syttyminen\/sammuminen vaatii erillisen varaajatermostaatin<br \/>\nL\u00e4mp\u00f6energia yhdell\u00e4 s\u00e4ili\u00f6lll\u00e4: 153,7 kWh<br \/>\nL\u00e4mmitysaika (min\/max): 29 h<br \/>\nPellettis\u00e4ili\u00f6n koko: 35 kg<br \/>\nPolttoaineen kulutus: 1,2 &#8211; 4,8 kg\/h<br \/>\nPaino: 214 kg<br \/>\nL\u00e4mmitysala: 623 m\u00b3<br \/>\nHormiliitos: 100 mm<br \/>\nPaloilmaputken koko: 50 mm<br \/>\nKaukos\u00e4\u00e4din: <a href=\"https:\/\/lanordica.fi\/product\/ir-kaukosaadin\/\">kyll\u00e4<\/a><br \/>\nVirrankulutus: 350 W<br \/>\nHy\u00f6tysuhde: 93,8 %<br \/>\nCO p\u00e4\u00e4st\u00f6t: 5,7 %<br \/>\nSavukaasujen l\u00e4mp\u00f6tila maksimiteholla: 137,8 \u00b0C<br \/>\nSavukaasujen h\u00e4t\u00e4katkaisun l\u00e4mp\u00f6tila: 250 \u00b0C<br \/>\nAutomaattisytytys: kyll\u00e4<br \/>\nHuoneilmapuhallin: Kyll\u00e4<br \/>\nYlikuumenemistermostaatti: kyll\u00e4<br \/>\nViikko-ohjelmointi: kyll\u00e4<\/p>\n<p>Suojaet\u00e4isyydet:<br \/>\nTaakse: 100 mm<br \/>\nSivuille: 100 mm<br \/>\nEteen: 800 mm<\/p>\n<p>K\u00e4ytt\u00f6ohje: Kyll\u00e4, alkuper\u00e4isen ohjeen Suomi-k\u00e4\u00e4nn\u00f6s<br \/>\n<a href=\"https:\/\/www.lanordica-extraflame.com\/en\/products\/pellet-stoves\/raffaella-idro-h18\">Valmistajan alkuper\u00e4iset sivut<\/a><br \/>\n<a href=\"https:\/\/www.lanordica-extraflame.com\/sites\/default\/files\/documenti_temp\/004280782-000_dop_raffaella_idro_h18_e183.pdf\">Suoritustasoilmoitus<\/a><br \/>\n<a href=\"https:\/\/www.lanordica-extraflame.com\/sites\/default\/files\/documenti_temp\/004280938-000_deco_raffaella_idro_h18_e183_0.pdf\">Ecodesing-todistus.pdf<\/a><\/p>\n<p>&nbsp;<\/p>\n","protected":false},"excerpt":{"rendered":"<p>Helppok\u00e4ytt\u00f6inen n\u00e4ytt\u00f6paneeli ilmoittaa nykyisen takan mittaaman veden l\u00e4mp\u00f6tilan, ja l\u00e4mp\u00f6tilaa voidaan s\u00e4\u00e4t\u00e4\u00e4 helposti + ja &#8211; n\u00e4pp\u00e4imill\u00e4. Tehoalueella 1-5 voit s\u00e4\u00e4t\u00e4\u00e4 takan tuottamaa l\u00e4mp\u00f6tehoa helposti + ja &#8211; n\u00e4pp\u00e4imill\u00e4. Yksinkertainen ja helppo valikkorakenne. Takka mittaa l\u00e4mp\u00f6tilaa paluuvedest\u00e4, ja s\u00e4\u00e4telee tehoa automaattisesti asetetun l\u00e4mp\u00f6tilan mukaan.<\/p>\n<p>Tuotteen vakio-ominaisuksiin kuuluu Glass Cleaning system, jossa ilmavirtaukset on suunniteltu pit\u00e4m\u00e4\u00e4n takan tulipes\u00e4n lasin mahdollisimman kauan puhtaana. Nopeuss\u00e4\u00e4tyv\u00e4 savukaasumoottori mittaa jatkuvasti nopeutta. Pellettis\u00e4ili\u00f6ss\u00e4 mekaaninen turvatermostaatti, joka pakkokatkaisee pelletinsy\u00f6t\u00f6n mik\u00e4li s\u00e4ili\u00f6n l\u00e4mp\u00f6tila nousee liian korkealle. Alipaineanturi tarkkailee hormin vetoa mittaamalla takan l\u00e4pi virtaavaa ilmaa. Viikko-ohjelmoinnilla mahdollisuus asettaa takka syttym\u00e4\u00e4n ja sammumaan haluttuina aikoina. Automaattinen sytytys sytytysvastuksen avulla, paina takka k\u00e4yntiin napista tai aseta haluttu huonel\u00e4mp\u00f6tila, jota takka noudattaa syttym\u00e4ll\u00e4 ja sammumalla tarpeen mukaan.<\/p>\n<ul>\n<li>L\u00e4mm\u00f6nvaihdin 10 mm paksua kattilater\u00e4st\u00e4<\/li>\n<li>Luukku, palotila ja polttomalja valurautaa<\/li>\n<li>Lamelli l\u00e4mm\u00f6nvaihdin \/ Tuubil\u00e4mm\u00f6nvaihdin<\/li>\n<li>Kaasutiivis pellettis\u00e4ili\u00f6<\/li>\n<li>Irrotettava tuhka-astia<\/li>\n<li>Etuhuoneilmapuhallus yhdell\u00e4 puhaltimella, sammutettavissa<\/li>\n<li>Hormiliitoksen sijainti: Takaa<\/li>\n<li>Keraaminen sytytysvastus, syttyy nopeasti ja vastus kest\u00e4\u00e4 kauemmin!<\/li>\n<li>Kiertovesipumppu PWM (kierrosluvun s\u00e4\u00e4t\u00f6) ohjauksella<\/li>\n<li>L\u00e4mp\u00f6tila ja paineturvakytkimet<\/li>\n<li>Ylipaineventtiili 3 bar<\/li>\n<li>Paisuntas\u00e4ili\u00f6 laitteen omalle vesitilalle (vaatii j\u00e4rjestelm\u00e4lle oman paisuntas\u00e4ili\u00f6n)<\/li>\n<li>Ilmanpoistin vakiona<\/li>\n<li>J\u00e4rjestelm\u00e4n paineilmaisin n\u00e4ytt\u00f6paneelilla<\/li>\n<li>Extra-tilava pellettis\u00e4ili\u00f6n kapasiteetti<\/li>\n<\/ul>\n<p><strong>EASY toiminto<\/strong><\/p>\n<p>Muuta helposti pelletinsy\u00f6tt\u00f6m\u00e4\u00e4r\u00e4\u00e4 n\u00e4ytt\u00f6paneelin EASY valikosta. Mik\u00e4li k\u00e4ytt\u00e4m\u00e4si pelletti on hienojakoista tai harvaa, voit asettaa valikosta toisen asetuksen ja takka s\u00e4\u00e4t\u00e4\u00e4 pelletin sy\u00f6t\u00f6n m\u00e4\u00e4r\u00e4\u00e4 ja savukaasumoottorin imutehoa automaattisesti oikeaan suuntaan <em>(katso kuva)<\/em>.<\/p>\n<p><strong>Takuu 2 vuotta<\/strong> (ei koske kuluvaa sytytysvastusta, eik\u00e4 piirikorttia joka voi vaurioitua esim. nopeista per\u00e4tt\u00e4isist\u00e4 s\u00e4hk\u00f6katkoista)<br \/>\n<strong>Asennuksen j\u00e4lkeen<\/strong> suosittelemme t\u00e4ytt\u00e4m\u00e4\u00e4n <a href=\"https:\/\/lanordica.fi\/kayttoonotto\/\">ExtraFlame k\u00e4ytt\u00f6\u00f6nottokaavakkeen<\/a> jotta voimme taata parhaan mahdollisen k\u00e4ytt\u00f6tuen.<\/p>\n<p>&nbsp;<\/p>\n<p>&nbsp;<\/p>\n","protected":false},"featured_media":6866,"template":"","meta":{"_monsterinsights_skip_tracking":false,"_monsterinsights_sitenote_active":false,"_monsterinsights_sitenote_note":"","_monsterinsights_sitenote_category":0,"jetpack_publicize_message":"","jetpack_publicize_feature_enabled":true,"jetpack_social_post_already_shared":true,"jetpack_social_options":{"image_generator_settings":{"template":"highway","default_image_id":0,"font":"","enabled":false},"version":2},"_wpas_customize_per_network":false},"product_brand":[],"product_cat":[1384],"product_tag":[1480,1465,1478,1479,1427,1482],"class_list":{"0":"post-6861","1":"product","2":"type-product","3":"status-publish","4":"has-post-thumbnail","6":"product_cat-vesikiertopellettitakat","7":"product_tag-automaattisyotto","8":"product_tag-harmaa","9":"product_tag-pelletti","10":"product_tag-pellettitakka","11":"product_tag-valkoinen","12":"product_tag-vesikierto","13":"product_shipping_class-takka-tai-kamiina","15":"first","16":"onbackorder","17":"taxable","18":"shipping-taxable","19":"purchasable","20":"product-type-variable"},"yoast_head":"<!-- This site is optimized with the Yoast SEO plugin v27.5 - https:\/\/yoast.com\/product\/yoast-seo-wordpress\/ -->\n<title>Raffaella Idro H18 - 18 kW veteen Pellettitakka - La Nordica - Suomi<\/title>\n<meta name=\"description\" content=\"Pellettitakka automaattiseen l\u00e4mmitykseen ymp\u00e4ri vuorokauden. Voidaan liitt\u00e4\u00e4 joko suoraan patterikiertoon tai energiavaraajaan.\" \/>\n<meta name=\"robots\" content=\"index, follow, max-snippet:-1, max-image-preview:large, max-video-preview:-1\" \/>\n<link rel=\"canonical\" href=\"https:\/\/lanordica.fi\/fi\/product\/raffaella-idro-18-kw-veteen\/\" \/>\n<meta property=\"og:locale\" content=\"fi_FI\" \/>\n<meta property=\"og:type\" content=\"article\" \/>\n<meta property=\"og:title\" content=\"Raffaella Idro H18 - 18 kW veteen Pellettitakka - La Nordica - Suomi\" \/>\n<meta property=\"og:description\" content=\"Pellettitakka automaattiseen l\u00e4mmitykseen ymp\u00e4ri vuorokauden. Voidaan liitt\u00e4\u00e4 joko suoraan patterikiertoon tai energiavaraajaan.\" \/>\n<meta property=\"og:url\" content=\"https:\/\/lanordica.fi\/fi\/product\/raffaella-idro-18-kw-veteen\/\" \/>\n<meta property=\"og:site_name\" content=\"La Nordica - Suomi\" \/>\n<meta property=\"article:modified_time\" content=\"2024-09-05T08:24:14+00:00\" \/>\n<meta property=\"og:image\" content=\"https:\/\/lanordica.fi\/wp-content\/uploads\/2022\/01\/Raffaella-Idro-vaalean-harmaa.jpg\" \/>\n\t<meta property=\"og:image:width\" content=\"900\" \/>\n\t<meta property=\"og:image:height\" content=\"900\" \/>\n\t<meta property=\"og:image:type\" content=\"image\/jpeg\" \/>\n<meta name=\"twitter:card\" content=\"summary_large_image\" \/>\n<meta name=\"twitter:label1\" content=\"Arvioitu lukuaika\" \/>\n\t<meta name=\"twitter:data1\" content=\"1 minuutti\" \/>\n<script type=\"application\/ld+json\" class=\"yoast-schema-graph\">{\"@context\":\"https:\\\/\\\/schema.org\",\"@graph\":[{\"@type\":\"WebPage\",\"@id\":\"https:\\\/\\\/lanordica.fi\\\/product\\\/raffaella-idro-18-kw-veteen\\\/\",\"url\":\"https:\\\/\\\/lanordica.fi\\\/product\\\/raffaella-idro-18-kw-veteen\\\/\",\"name\":\"Raffaella Idro H18 - 18 kW veteen Pellettitakka - La Nordica - Suomi\",\"isPartOf\":{\"@id\":\"https:\\\/\\\/lanordica.fi\\\/#website\"},\"primaryImageOfPage\":{\"@id\":\"https:\\\/\\\/lanordica.fi\\\/product\\\/raffaella-idro-18-kw-veteen\\\/#primaryimage\"},\"image\":{\"@id\":\"https:\\\/\\\/lanordica.fi\\\/product\\\/raffaella-idro-18-kw-veteen\\\/#primaryimage\"},\"thumbnailUrl\":\"https:\\\/\\\/i0.wp.com\\\/lanordica.fi\\\/wp-content\\\/uploads\\\/2022\\\/01\\\/Raffaella-Idro-vaalean-harmaa.jpg?fit=900%2C900&ssl=1\",\"datePublished\":\"2022-01-21T11:23:34+00:00\",\"dateModified\":\"2024-09-05T08:24:14+00:00\",\"description\":\"Pellettitakka automaattiseen l\u00e4mmitykseen ymp\u00e4ri vuorokauden. Voidaan liitt\u00e4\u00e4 joko suoraan patterikiertoon tai energiavaraajaan.\",\"breadcrumb\":{\"@id\":\"https:\\\/\\\/lanordica.fi\\\/product\\\/raffaella-idro-18-kw-veteen\\\/#breadcrumb\"},\"inLanguage\":\"fi\",\"potentialAction\":[{\"@type\":\"ReadAction\",\"target\":[\"https:\\\/\\\/lanordica.fi\\\/product\\\/raffaella-idro-18-kw-veteen\\\/\"]}]},{\"@type\":\"ImageObject\",\"inLanguage\":\"fi\",\"@id\":\"https:\\\/\\\/lanordica.fi\\\/product\\\/raffaella-idro-18-kw-veteen\\\/#primaryimage\",\"url\":\"https:\\\/\\\/i0.wp.com\\\/lanordica.fi\\\/wp-content\\\/uploads\\\/2022\\\/01\\\/Raffaella-Idro-vaalean-harmaa.jpg?fit=900%2C900&ssl=1\",\"contentUrl\":\"https:\\\/\\\/i0.wp.com\\\/lanordica.fi\\\/wp-content\\\/uploads\\\/2022\\\/01\\\/Raffaella-Idro-vaalean-harmaa.jpg?fit=900%2C900&ssl=1\",\"width\":900,\"height\":900,\"caption\":\"Automaattinen vesikiertopellettitakka varaaja tai patteril\u00e4mmitykseen\"},{\"@type\":\"BreadcrumbList\",\"@id\":\"https:\\\/\\\/lanordica.fi\\\/product\\\/raffaella-idro-18-kw-veteen\\\/#breadcrumb\",\"itemListElement\":[{\"@type\":\"ListItem\",\"position\":1,\"name\":\"Home\",\"item\":\"https:\\\/\\\/lanordica.fi\\\/\"},{\"@type\":\"ListItem\",\"position\":2,\"name\":\"Kauppa\",\"item\":\"https:\\\/\\\/lanordica.fi\\\/shop\\\/\"},{\"@type\":\"ListItem\",\"position\":3,\"name\":\"Raffaella Idro H18 &#8211; 18 kW veteen\"}]},{\"@type\":\"WebSite\",\"@id\":\"https:\\\/\\\/lanordica.fi\\\/#website\",\"url\":\"https:\\\/\\\/lanordica.fi\\\/\",\"name\":\"La Nordica - Suomi\",\"description\":\"L\u00e4mp\u00f6\u00e4 kotiisi\",\"publisher\":{\"@id\":\"https:\\\/\\\/lanordica.fi\\\/#organization\"},\"potentialAction\":[{\"@type\":\"SearchAction\",\"target\":{\"@type\":\"EntryPoint\",\"urlTemplate\":\"https:\\\/\\\/lanordica.fi\\\/?s={search_term_string}\"},\"query-input\":{\"@type\":\"PropertyValueSpecification\",\"valueRequired\":true,\"valueName\":\"search_term_string\"}}],\"inLanguage\":\"fi\"},{\"@type\":\"Organization\",\"@id\":\"https:\\\/\\\/lanordica.fi\\\/#organization\",\"name\":\"La Nordica - Suomi\",\"url\":\"https:\\\/\\\/lanordica.fi\\\/\",\"logo\":{\"@type\":\"ImageObject\",\"inLanguage\":\"fi\",\"@id\":\"https:\\\/\\\/lanordica.fi\\\/#\\\/schema\\\/logo\\\/image\\\/\",\"url\":\"https:\\\/\\\/i0.wp.com\\\/lanordica.fi\\\/wp-content\\\/uploads\\\/2018\\\/03\\\/lanordica-fi.png?fit=768%2C282&ssl=1\",\"contentUrl\":\"https:\\\/\\\/i0.wp.com\\\/lanordica.fi\\\/wp-content\\\/uploads\\\/2018\\\/03\\\/lanordica-fi.png?fit=768%2C282&ssl=1\",\"width\":768,\"height\":282,\"caption\":\"La Nordica - Suomi\"},\"image\":{\"@id\":\"https:\\\/\\\/lanordica.fi\\\/#\\\/schema\\\/logo\\\/image\\\/\"}}]}<\/script>\n<!-- \/ Yoast SEO plugin. -->","yoast_head_json":{"title":"Raffaella Idro H18 - 18 kW veteen Pellettitakka - La Nordica - Suomi","description":"Pellettitakka automaattiseen l\u00e4mmitykseen ymp\u00e4ri vuorokauden. Voidaan liitt\u00e4\u00e4 joko suoraan patterikiertoon tai energiavaraajaan.","robots":{"index":"index","follow":"follow","max-snippet":"max-snippet:-1","max-image-preview":"max-image-preview:large","max-video-preview":"max-video-preview:-1"},"canonical":"https:\/\/lanordica.fi\/fi\/product\/raffaella-idro-18-kw-veteen\/","og_locale":"fi_FI","og_type":"article","og_title":"Raffaella Idro H18 - 18 kW veteen Pellettitakka - La Nordica - Suomi","og_description":"Pellettitakka automaattiseen l\u00e4mmitykseen ymp\u00e4ri vuorokauden. Voidaan liitt\u00e4\u00e4 joko suoraan patterikiertoon tai energiavaraajaan.","og_url":"https:\/\/lanordica.fi\/fi\/product\/raffaella-idro-18-kw-veteen\/","og_site_name":"La Nordica - Suomi","article_modified_time":"2024-09-05T08:24:14+00:00","og_image":[{"width":900,"height":900,"url":"https:\/\/lanordica.fi\/wp-content\/uploads\/2022\/01\/Raffaella-Idro-vaalean-harmaa.jpg","type":"image\/jpeg"}],"twitter_card":"summary_large_image","twitter_misc":{"Arvioitu lukuaika":"1 minuutti"},"schema":{"@context":"https:\/\/schema.org","@graph":[{"@type":"WebPage","@id":"https:\/\/lanordica.fi\/product\/raffaella-idro-18-kw-veteen\/","url":"https:\/\/lanordica.fi\/product\/raffaella-idro-18-kw-veteen\/","name":"Raffaella Idro H18 - 18 kW veteen Pellettitakka - La Nordica - Suomi","isPartOf":{"@id":"https:\/\/lanordica.fi\/#website"},"primaryImageOfPage":{"@id":"https:\/\/lanordica.fi\/product\/raffaella-idro-18-kw-veteen\/#primaryimage"},"image":{"@id":"https:\/\/lanordica.fi\/product\/raffaella-idro-18-kw-veteen\/#primaryimage"},"thumbnailUrl":"https:\/\/i0.wp.com\/lanordica.fi\/wp-content\/uploads\/2022\/01\/Raffaella-Idro-vaalean-harmaa.jpg?fit=900%2C900&ssl=1","datePublished":"2022-01-21T11:23:34+00:00","dateModified":"2024-09-05T08:24:14+00:00","description":"Pellettitakka automaattiseen l\u00e4mmitykseen ymp\u00e4ri vuorokauden. Voidaan liitt\u00e4\u00e4 joko suoraan patterikiertoon tai energiavaraajaan.","breadcrumb":{"@id":"https:\/\/lanordica.fi\/product\/raffaella-idro-18-kw-veteen\/#breadcrumb"},"inLanguage":"fi","potentialAction":[{"@type":"ReadAction","target":["https:\/\/lanordica.fi\/product\/raffaella-idro-18-kw-veteen\/"]}]},{"@type":"ImageObject","inLanguage":"fi","@id":"https:\/\/lanordica.fi\/product\/raffaella-idro-18-kw-veteen\/#primaryimage","url":"https:\/\/i0.wp.com\/lanordica.fi\/wp-content\/uploads\/2022\/01\/Raffaella-Idro-vaalean-harmaa.jpg?fit=900%2C900&ssl=1","contentUrl":"https:\/\/i0.wp.com\/lanordica.fi\/wp-content\/uploads\/2022\/01\/Raffaella-Idro-vaalean-harmaa.jpg?fit=900%2C900&ssl=1","width":900,"height":900,"caption":"Automaattinen vesikiertopellettitakka varaaja tai patteril\u00e4mmitykseen"},{"@type":"BreadcrumbList","@id":"https:\/\/lanordica.fi\/product\/raffaella-idro-18-kw-veteen\/#breadcrumb","itemListElement":[{"@type":"ListItem","position":1,"name":"Home","item":"https:\/\/lanordica.fi\/"},{"@type":"ListItem","position":2,"name":"Kauppa","item":"https:\/\/lanordica.fi\/shop\/"},{"@type":"ListItem","position":3,"name":"Raffaella Idro H18 &#8211; 18 kW veteen"}]},{"@type":"WebSite","@id":"https:\/\/lanordica.fi\/#website","url":"https:\/\/lanordica.fi\/","name":"La Nordica - Suomi","description":"L\u00e4mp\u00f6\u00e4 kotiisi","publisher":{"@id":"https:\/\/lanordica.fi\/#organization"},"potentialAction":[{"@type":"SearchAction","target":{"@type":"EntryPoint","urlTemplate":"https:\/\/lanordica.fi\/?s={search_term_string}"},"query-input":{"@type":"PropertyValueSpecification","valueRequired":true,"valueName":"search_term_string"}}],"inLanguage":"fi"},{"@type":"Organization","@id":"https:\/\/lanordica.fi\/#organization","name":"La Nordica - Suomi","url":"https:\/\/lanordica.fi\/","logo":{"@type":"ImageObject","inLanguage":"fi","@id":"https:\/\/lanordica.fi\/#\/schema\/logo\/image\/","url":"https:\/\/i0.wp.com\/lanordica.fi\/wp-content\/uploads\/2018\/03\/lanordica-fi.png?fit=768%2C282&ssl=1","contentUrl":"https:\/\/i0.wp.com\/lanordica.fi\/wp-content\/uploads\/2018\/03\/lanordica-fi.png?fit=768%2C282&ssl=1","width":768,"height":282,"caption":"La Nordica - Suomi"},"image":{"@id":"https:\/\/lanordica.fi\/#\/schema\/logo\/image\/"}}]}},"jetpack_publicize_connections":[],"jetpack_sharing_enabled":true,"jetpack_likes_enabled":true,"_links":{"self":[{"href":"https:\/\/lanordica.fi\/fi\/wp-json\/wp\/v2\/product\/6861","targetHints":{"allow":["GET"]}}],"collection":[{"href":"https:\/\/lanordica.fi\/fi\/wp-json\/wp\/v2\/product"}],"about":[{"href":"https:\/\/lanordica.fi\/fi\/wp-json\/wp\/v2\/types\/product"}],"version-history":[{"count":3,"href":"https:\/\/lanordica.fi\/fi\/wp-json\/wp\/v2\/product\/6861\/revisions"}],"predecessor-version":[{"id":6883,"href":"https:\/\/lanordica.fi\/fi\/wp-json\/wp\/v2\/product\/6861\/revisions\/6883"}],"wp:featuredmedia":[{"embeddable":true,"href":"https:\/\/lanordica.fi\/fi\/wp-json\/wp\/v2\/media\/6866"}],"wp:attachment":[{"href":"https:\/\/lanordica.fi\/fi\/wp-json\/wp\/v2\/media?parent=6861"}],"wp:term":[{"taxonomy":"product_brand","embeddable":true,"href":"https:\/\/lanordica.fi\/fi\/wp-json\/wp\/v2\/product_brand?post=6861"},{"taxonomy":"product_cat","embeddable":true,"href":"https:\/\/lanordica.fi\/fi\/wp-json\/wp\/v2\/product_cat?post=6861"},{"taxonomy":"product_tag","embeddable":true,"href":"https:\/\/lanordica.fi\/fi\/wp-json\/wp\/v2\/product_tag?post=6861"}],"curies":[{"name":"wp","href":"https:\/\/api.w.org\/{rel}","templated":true}]}}