{"id":677,"date":"2018-05-07T10:53:52","date_gmt":"2018-05-07T10:53:52","guid":{"rendered":"https:\/\/lanordica.fi\/?post_type=product&#038;p=677"},"modified":"2024-08-28T11:57:47","modified_gmt":"2024-08-28T11:57:47","slug":"termocamino-wf25plus","status":"publish","type":"product","link":"https:\/\/lanordica.fi\/fi\/product\/termocamino-wf25plus\/","title":{"rendered":"Termocamio WF25  PLUS &#8211; 11,3 kW veteen"},"content":{"rendered":"<p>Mitat (L x K x S): 846&#215;1585\/1625&#215;667 mm<br \/>\nTeho:\u00a0 kW<br \/>\nPaino:\u00a0 kg<br \/>\nTulipes\u00e4n koko: 558x410x400 mm<br \/>\nLuukun koko: 650&#215;325 mm<br \/>\nL\u00e4mmitysala: 587 m\u00b3<br \/>\nHormiliitos: 200 mm p\u00e4\u00e4lt\u00e4<br \/>\nS\u00e4\u00e4dett\u00e4v\u00e4 ensi\u00f6ilma: kyll\u00e4<br \/>\nS\u00e4\u00e4dett\u00e4v\u00e4 toisioilma: esis\u00e4\u00e4detty<br \/>\nTertiaari-ilma: esis\u00e4\u00e4detty<br \/>\nJ\u00e4lkipoltto: kyll\u00e4<br \/>\nHy\u00f6tysuhde: 85,5 %<br \/>\nPolttoaineen kulutus: 5,4 kg\/h<br \/>\nSavukaasujen keskil\u00e4mp\u00f6tila: 200 \u00b0C<br \/>\nCO p\u00e4\u00e4st\u00f6t: 0,06 %<br \/>\nHiukkasp\u00e4\u00e4st\u00f6t: 16,3 mg\/m\u00b3 (13% O2)<\/p>\n<p>Suojaet\u00e4isyydet:<br \/>\nVaatii palamattoman muurin taakse, kotelointi A1 luokan materiaaleilla<\/p>\n<p>K\u00e4ytt\u00f6ohje: Kyll\u00e4, alkuper\u00e4isen ohjeen Suomi-k\u00e4\u00e4nn\u00f6s<br \/>\n<a href=\"https:\/\/www.lanordica-extraflame.com\/en\/products\/wood-fireplaces\/termocamino-wf-plus-dsa\">Valmistajan alkuper\u00e4iset sivut<\/a><br \/>\n<a href=\"https:\/\/www.lanordica-extraflame.com\/sites\/default\/files\/documenti_temp\/000000143-002_dop_termocamino_wf_plus_dsa_0.pdf\">Suoritustasoilmoitus.pdf<\/a><\/p>\n<p>&nbsp;<\/p>\n","protected":false},"excerpt":{"rendered":"<p>Takassa on kevennetty hissiluukku, joka voidaan avata my\u00f6s saranoidusti sivulle. Uudistettu tulipes\u00e4 keraamisilla pes\u00e4kuorilla. <em>Koko l\u00e4mm\u00f6nvaihdin on polttomaalattu<\/em>\u00a0takaamaan pitk\u00e4n i\u00e4n. Korvausilma voidaan tuoda ulkoa takan alle, jossa valmiina 100 mm liit\u00e4nt\u00e4yhde. Toisioilma ohjataan takan lasiluukun yl\u00e4puolelta, jolloin luukku pysyy puhtaana mahdollisimman pitk\u00e4\u00e4n.\u00a0<em>Korvausilma esil\u00e4mmitet\u00e4\u00e4n<\/em>\u00a0takan kylkikanavassa ennen tulipes\u00e4\u00e4n sy\u00f6tt\u00f6\u00e4 (katso viimeinen kuva). My\u00f6s tertiaari-ilma ohjataan takan sis\u00e4\u00e4n tulipes\u00e4n valurautaisen taustaelementin l\u00e4pi, jolloin pes\u00e4\u00e4n sy\u00f6tetty\u00a0<em>j\u00e4lkipolttoilma on jo valmiiksi kuumaa<\/em>, joka parantaa polttotekniikkaa entisest\u00e4\u00e4n. Valurauta-arinoiden alla tuhka-astia nostokahvalla. Ruostumaton, ontto ter\u00e4skahva ei kuumene k\u00e4yt\u00f6ss\u00e4. Kun tulipes\u00e4 ladaan t\u00e4yteen puita oikeaoppisesti, ja sytytys tehd\u00e4\u00e4n puiden p\u00e4\u00e4lt\u00e4, voidaan yhdest\u00e4 pes\u00e4llisest\u00e4 saada tehoja jopa 40 kWh! Suuresta lasiluukusta saat paljon tunnelmaa tulesta. Varaajan kooksi suositellaan 1000 l energiavaraajaa.\u00a0<strong>Takka on valmiiksi eristetty.<\/strong><\/p>\n","protected":false},"featured_media":7210,"template":"","meta":{"_monsterinsights_skip_tracking":false,"_monsterinsights_sitenote_active":false,"_monsterinsights_sitenote_note":"","_monsterinsights_sitenote_category":0,"jetpack_publicize_message":"","jetpack_publicize_feature_enabled":true,"jetpack_social_post_already_shared":true,"jetpack_social_options":{"image_generator_settings":{"template":"highway","default_image_id":0,"font":"","enabled":false},"version":2},"_wpas_customize_per_network":false},"product_brand":[],"product_cat":[1481],"product_tag":[1488,1485,1487,1484,1486],"class_list":{"0":"post-677","1":"product","2":"type-product","3":"status-publish","4":"has-post-thumbnail","6":"product_cat-vesikiertotakkasydamet","7":"product_tag-hissiluukku","8":"product_tag-vesi","9":"product_tag-vesikiertolammitys","10":"product_tag-vesikiertotakka","11":"product_tag-vesitakka","12":"product_shipping_class-takka-tai-kamiina","14":"first","15":"onbackorder","16":"taxable","17":"shipping-taxable","18":"purchasable","19":"product-type-simple"},"yoast_head":"<!-- This site is optimized with the Yoast SEO plugin v27.5 - https:\/\/yoast.com\/product\/yoast-seo-wordpress\/ -->\n<title>Termocamio WF25 PLUS - 11,3 kW veteen - La Nordica - Suomi<\/title>\n<meta name=\"description\" content=\"Takassa on kevennetty hissiluukku, joka voidaan avata my\u00f6s saranoidusti sivulle. Tulipes\u00e4 keraamisilla pes\u00e4kuorilla. L\u00e4mm\u00f6nvaihdin polttomaalattu\" \/>\n<meta name=\"robots\" content=\"index, follow, max-snippet:-1, max-image-preview:large, max-video-preview:-1\" \/>\n<link rel=\"canonical\" href=\"https:\/\/lanordica.fi\/fi\/product\/termocamino-wf25plus\/\" \/>\n<meta property=\"og:locale\" content=\"fi_FI\" \/>\n<meta property=\"og:type\" content=\"article\" \/>\n<meta property=\"og:title\" content=\"Termocamio WF25 PLUS - 11,3 kW veteen - La Nordica - Suomi\" \/>\n<meta property=\"og:description\" content=\"Takassa on kevennetty hissiluukku, joka voidaan avata my\u00f6s saranoidusti sivulle. Tulipes\u00e4 keraamisilla pes\u00e4kuorilla. L\u00e4mm\u00f6nvaihdin polttomaalattu\" \/>\n<meta property=\"og:url\" content=\"https:\/\/lanordica.fi\/fi\/product\/termocamino-wf25plus\/\" \/>\n<meta property=\"og:site_name\" content=\"La Nordica - Suomi\" \/>\n<meta property=\"article:modified_time\" content=\"2024-08-28T11:57:47+00:00\" \/>\n<meta property=\"og:image\" content=\"https:\/\/lanordica.fi\/wp-content\/uploads\/2018\/05\/TermoCamino-WF-Plus-Dsa_sco.jpg\" \/>\n\t<meta property=\"og:image:width\" content=\"584\" \/>\n\t<meta property=\"og:image:height\" content=\"542\" \/>\n\t<meta property=\"og:image:type\" content=\"image\/jpeg\" \/>\n<meta name=\"twitter:card\" content=\"summary_large_image\" \/>\n<meta name=\"twitter:label1\" content=\"Arvioitu lukuaika\" \/>\n\t<meta name=\"twitter:data1\" content=\"1 minuutti\" \/>\n<script type=\"application\/ld+json\" class=\"yoast-schema-graph\">{\"@context\":\"https:\\\/\\\/schema.org\",\"@graph\":[{\"@type\":\"WebPage\",\"@id\":\"https:\\\/\\\/lanordica.fi\\\/product\\\/termocamino-wf25plus\\\/\",\"url\":\"https:\\\/\\\/lanordica.fi\\\/product\\\/termocamino-wf25plus\\\/\",\"name\":\"Termocamio WF25 PLUS - 11,3 kW veteen - La Nordica - Suomi\",\"isPartOf\":{\"@id\":\"https:\\\/\\\/lanordica.fi\\\/#website\"},\"primaryImageOfPage\":{\"@id\":\"https:\\\/\\\/lanordica.fi\\\/product\\\/termocamino-wf25plus\\\/#primaryimage\"},\"image\":{\"@id\":\"https:\\\/\\\/lanordica.fi\\\/product\\\/termocamino-wf25plus\\\/#primaryimage\"},\"thumbnailUrl\":\"https:\\\/\\\/i0.wp.com\\\/lanordica.fi\\\/wp-content\\\/uploads\\\/2018\\\/05\\\/TermoCamino-WF-Plus-Dsa_sco.jpg?fit=584%2C542&ssl=1\",\"datePublished\":\"2018-05-07T10:53:52+00:00\",\"dateModified\":\"2024-08-28T11:57:47+00:00\",\"description\":\"Takassa on kevennetty hissiluukku, joka voidaan avata my\u00f6s saranoidusti sivulle. Tulipes\u00e4 keraamisilla pes\u00e4kuorilla. L\u00e4mm\u00f6nvaihdin polttomaalattu\",\"breadcrumb\":{\"@id\":\"https:\\\/\\\/lanordica.fi\\\/product\\\/termocamino-wf25plus\\\/#breadcrumb\"},\"inLanguage\":\"fi\",\"potentialAction\":[{\"@type\":\"ReadAction\",\"target\":[\"https:\\\/\\\/lanordica.fi\\\/product\\\/termocamino-wf25plus\\\/\"]}]},{\"@type\":\"ImageObject\",\"inLanguage\":\"fi\",\"@id\":\"https:\\\/\\\/lanordica.fi\\\/product\\\/termocamino-wf25plus\\\/#primaryimage\",\"url\":\"https:\\\/\\\/i0.wp.com\\\/lanordica.fi\\\/wp-content\\\/uploads\\\/2018\\\/05\\\/TermoCamino-WF-Plus-Dsa_sco.jpg?fit=584%2C542&ssl=1\",\"contentUrl\":\"https:\\\/\\\/i0.wp.com\\\/lanordica.fi\\\/wp-content\\\/uploads\\\/2018\\\/05\\\/TermoCamino-WF-Plus-Dsa_sco.jpg?fit=584%2C542&ssl=1\",\"width\":584,\"height\":542},{\"@type\":\"BreadcrumbList\",\"@id\":\"https:\\\/\\\/lanordica.fi\\\/product\\\/termocamino-wf25plus\\\/#breadcrumb\",\"itemListElement\":[{\"@type\":\"ListItem\",\"position\":1,\"name\":\"Home\",\"item\":\"https:\\\/\\\/lanordica.fi\\\/\"},{\"@type\":\"ListItem\",\"position\":2,\"name\":\"Kauppa\",\"item\":\"https:\\\/\\\/lanordica.fi\\\/shop\\\/\"},{\"@type\":\"ListItem\",\"position\":3,\"name\":\"Termocamio WF25 PLUS &#8211; 11,3 kW veteen\"}]},{\"@type\":\"WebSite\",\"@id\":\"https:\\\/\\\/lanordica.fi\\\/#website\",\"url\":\"https:\\\/\\\/lanordica.fi\\\/\",\"name\":\"La Nordica - Suomi\",\"description\":\"L\u00e4mp\u00f6\u00e4 kotiisi\",\"publisher\":{\"@id\":\"https:\\\/\\\/lanordica.fi\\\/#organization\"},\"potentialAction\":[{\"@type\":\"SearchAction\",\"target\":{\"@type\":\"EntryPoint\",\"urlTemplate\":\"https:\\\/\\\/lanordica.fi\\\/?s={search_term_string}\"},\"query-input\":{\"@type\":\"PropertyValueSpecification\",\"valueRequired\":true,\"valueName\":\"search_term_string\"}}],\"inLanguage\":\"fi\"},{\"@type\":\"Organization\",\"@id\":\"https:\\\/\\\/lanordica.fi\\\/#organization\",\"name\":\"La Nordica - Suomi\",\"url\":\"https:\\\/\\\/lanordica.fi\\\/\",\"logo\":{\"@type\":\"ImageObject\",\"inLanguage\":\"fi\",\"@id\":\"https:\\\/\\\/lanordica.fi\\\/#\\\/schema\\\/logo\\\/image\\\/\",\"url\":\"https:\\\/\\\/i0.wp.com\\\/lanordica.fi\\\/wp-content\\\/uploads\\\/2018\\\/03\\\/lanordica-fi.png?fit=768%2C282&ssl=1\",\"contentUrl\":\"https:\\\/\\\/i0.wp.com\\\/lanordica.fi\\\/wp-content\\\/uploads\\\/2018\\\/03\\\/lanordica-fi.png?fit=768%2C282&ssl=1\",\"width\":768,\"height\":282,\"caption\":\"La Nordica - Suomi\"},\"image\":{\"@id\":\"https:\\\/\\\/lanordica.fi\\\/#\\\/schema\\\/logo\\\/image\\\/\"}}]}<\/script>\n<!-- \/ Yoast SEO plugin. -->","yoast_head_json":{"title":"Termocamio WF25 PLUS - 11,3 kW veteen - La Nordica - Suomi","description":"Takassa on kevennetty hissiluukku, joka voidaan avata my\u00f6s saranoidusti sivulle. Tulipes\u00e4 keraamisilla pes\u00e4kuorilla. L\u00e4mm\u00f6nvaihdin polttomaalattu","robots":{"index":"index","follow":"follow","max-snippet":"max-snippet:-1","max-image-preview":"max-image-preview:large","max-video-preview":"max-video-preview:-1"},"canonical":"https:\/\/lanordica.fi\/fi\/product\/termocamino-wf25plus\/","og_locale":"fi_FI","og_type":"article","og_title":"Termocamio WF25 PLUS - 11,3 kW veteen - La Nordica - Suomi","og_description":"Takassa on kevennetty hissiluukku, joka voidaan avata my\u00f6s saranoidusti sivulle. Tulipes\u00e4 keraamisilla pes\u00e4kuorilla. L\u00e4mm\u00f6nvaihdin polttomaalattu","og_url":"https:\/\/lanordica.fi\/fi\/product\/termocamino-wf25plus\/","og_site_name":"La Nordica - Suomi","article_modified_time":"2024-08-28T11:57:47+00:00","og_image":[{"width":584,"height":542,"url":"https:\/\/lanordica.fi\/wp-content\/uploads\/2018\/05\/TermoCamino-WF-Plus-Dsa_sco.jpg","type":"image\/jpeg"}],"twitter_card":"summary_large_image","twitter_misc":{"Arvioitu lukuaika":"1 minuutti"},"schema":{"@context":"https:\/\/schema.org","@graph":[{"@type":"WebPage","@id":"https:\/\/lanordica.fi\/product\/termocamino-wf25plus\/","url":"https:\/\/lanordica.fi\/product\/termocamino-wf25plus\/","name":"Termocamio WF25 PLUS - 11,3 kW veteen - La Nordica - Suomi","isPartOf":{"@id":"https:\/\/lanordica.fi\/#website"},"primaryImageOfPage":{"@id":"https:\/\/lanordica.fi\/product\/termocamino-wf25plus\/#primaryimage"},"image":{"@id":"https:\/\/lanordica.fi\/product\/termocamino-wf25plus\/#primaryimage"},"thumbnailUrl":"https:\/\/i0.wp.com\/lanordica.fi\/wp-content\/uploads\/2018\/05\/TermoCamino-WF-Plus-Dsa_sco.jpg?fit=584%2C542&ssl=1","datePublished":"2018-05-07T10:53:52+00:00","dateModified":"2024-08-28T11:57:47+00:00","description":"Takassa on kevennetty hissiluukku, joka voidaan avata my\u00f6s saranoidusti sivulle. Tulipes\u00e4 keraamisilla pes\u00e4kuorilla. L\u00e4mm\u00f6nvaihdin polttomaalattu","breadcrumb":{"@id":"https:\/\/lanordica.fi\/product\/termocamino-wf25plus\/#breadcrumb"},"inLanguage":"fi","potentialAction":[{"@type":"ReadAction","target":["https:\/\/lanordica.fi\/product\/termocamino-wf25plus\/"]}]},{"@type":"ImageObject","inLanguage":"fi","@id":"https:\/\/lanordica.fi\/product\/termocamino-wf25plus\/#primaryimage","url":"https:\/\/i0.wp.com\/lanordica.fi\/wp-content\/uploads\/2018\/05\/TermoCamino-WF-Plus-Dsa_sco.jpg?fit=584%2C542&ssl=1","contentUrl":"https:\/\/i0.wp.com\/lanordica.fi\/wp-content\/uploads\/2018\/05\/TermoCamino-WF-Plus-Dsa_sco.jpg?fit=584%2C542&ssl=1","width":584,"height":542},{"@type":"BreadcrumbList","@id":"https:\/\/lanordica.fi\/product\/termocamino-wf25plus\/#breadcrumb","itemListElement":[{"@type":"ListItem","position":1,"name":"Home","item":"https:\/\/lanordica.fi\/"},{"@type":"ListItem","position":2,"name":"Kauppa","item":"https:\/\/lanordica.fi\/shop\/"},{"@type":"ListItem","position":3,"name":"Termocamio WF25 PLUS &#8211; 11,3 kW veteen"}]},{"@type":"WebSite","@id":"https:\/\/lanordica.fi\/#website","url":"https:\/\/lanordica.fi\/","name":"La Nordica - Suomi","description":"L\u00e4mp\u00f6\u00e4 kotiisi","publisher":{"@id":"https:\/\/lanordica.fi\/#organization"},"potentialAction":[{"@type":"SearchAction","target":{"@type":"EntryPoint","urlTemplate":"https:\/\/lanordica.fi\/?s={search_term_string}"},"query-input":{"@type":"PropertyValueSpecification","valueRequired":true,"valueName":"search_term_string"}}],"inLanguage":"fi"},{"@type":"Organization","@id":"https:\/\/lanordica.fi\/#organization","name":"La Nordica - Suomi","url":"https:\/\/lanordica.fi\/","logo":{"@type":"ImageObject","inLanguage":"fi","@id":"https:\/\/lanordica.fi\/#\/schema\/logo\/image\/","url":"https:\/\/i0.wp.com\/lanordica.fi\/wp-content\/uploads\/2018\/03\/lanordica-fi.png?fit=768%2C282&ssl=1","contentUrl":"https:\/\/i0.wp.com\/lanordica.fi\/wp-content\/uploads\/2018\/03\/lanordica-fi.png?fit=768%2C282&ssl=1","width":768,"height":282,"caption":"La Nordica - Suomi"},"image":{"@id":"https:\/\/lanordica.fi\/#\/schema\/logo\/image\/"}}]}},"jetpack_publicize_connections":[],"jetpack_sharing_enabled":true,"jetpack_likes_enabled":true,"_links":{"self":[{"href":"https:\/\/lanordica.fi\/fi\/wp-json\/wp\/v2\/product\/677","targetHints":{"allow":["GET"]}}],"collection":[{"href":"https:\/\/lanordica.fi\/fi\/wp-json\/wp\/v2\/product"}],"about":[{"href":"https:\/\/lanordica.fi\/fi\/wp-json\/wp\/v2\/types\/product"}],"version-history":[{"count":4,"href":"https:\/\/lanordica.fi\/fi\/wp-json\/wp\/v2\/product\/677\/revisions"}],"predecessor-version":[{"id":7214,"href":"https:\/\/lanordica.fi\/fi\/wp-json\/wp\/v2\/product\/677\/revisions\/7214"}],"wp:featuredmedia":[{"embeddable":true,"href":"https:\/\/lanordica.fi\/fi\/wp-json\/wp\/v2\/media\/7210"}],"wp:attachment":[{"href":"https:\/\/lanordica.fi\/fi\/wp-json\/wp\/v2\/media?parent=677"}],"wp:term":[{"taxonomy":"product_brand","embeddable":true,"href":"https:\/\/lanordica.fi\/fi\/wp-json\/wp\/v2\/product_brand?post=677"},{"taxonomy":"product_cat","embeddable":true,"href":"https:\/\/lanordica.fi\/fi\/wp-json\/wp\/v2\/product_cat?post=677"},{"taxonomy":"product_tag","embeddable":true,"href":"https:\/\/lanordica.fi\/fi\/wp-json\/wp\/v2\/product_tag?post=677"}],"curies":[{"name":"wp","href":"https:\/\/api.w.org\/{rel}","templated":true}]}}