{"id":652,"date":"2018-05-07T09:30:29","date_gmt":"2018-05-07T09:30:29","guid":{"rendered":"https:\/\/lanordica.fi\/?post_type=product&#038;p=652"},"modified":"2024-08-28T11:51:34","modified_gmt":"2024-08-28T11:51:34","slug":"termorossella","status":"publish","type":"product","link":"https:\/\/lanordica.fi\/fi\/product\/termorossella\/","title":{"rendered":"TermoRossella EVO 4.0"},"content":{"rendered":"<p>Mitat (L x K x S): 559x915x533 mm<br \/>\nTeho veteen: 8,5 kW<br \/>\nTeho huoneeseen: 3,3 kW<br \/>\nPaino: 162 kg &#8211; vuolukivi 175 kg<br \/>\nTulipes\u00e4n koko: 307x245x345 mm<br \/>\nLuukun koko: 355&#215;245 mm<br \/>\nUunin koko: ei uunia<br \/>\nL\u00e4mmitysala: 318 m\u00b3<br \/>\nHormiliitos: 130 mm p\u00e4\u00e4lt\u00e4<br \/>\nS\u00e4\u00e4dett\u00e4v\u00e4 ensi\u00f6ilma: kyll\u00e4, puoliautomaattinen<br \/>\nS\u00e4\u00e4dett\u00e4v\u00e4 toisioilma: kyll\u00e4<br \/>\nTertiaari-ilma: esis\u00e4\u00e4detty<br \/>\nJ\u00e4lkipoltto: kyll\u00e4<br \/>\nHy\u00f6tysuhde: 88 %<br \/>\nPolttoaineen kulutus: 3 kg\/h<br \/>\nSavukaasujen keskil\u00e4mp\u00f6tila: 185 \u00b0C<br \/>\nCO p\u00e4\u00e4st\u00f6t: 0,073 %<br \/>\nHiukkasp\u00e4\u00e4st\u00f6t:\u00a0 mg\/m\u00b3 (13% O2)<\/p>\n<p>Suojaet\u00e4isyydet:<br \/>\nTaakse: 200 mm<br \/>\nSivuille: 300 mm<br \/>\nEteen: 1000 mm<\/p>\n<p>K\u00e4ytt\u00f6ohje: Kyll\u00e4, alkuper\u00e4isen ohjeen Suomi-k\u00e4\u00e4nn\u00f6s<br \/>\n<a href=\"https:\/\/www.lanordica-extraflame.com\/en\/products\/wood-stoves\/termorossella-plus-evo-dsa-40\">Valmistajan alkuper\u00e4iset sivut<\/a><br \/>\n<a href=\"https:\/\/www.lanordica-extraflame.com\/sites\/default\/files\/documenti_temp\/007193092-000_dop_termorossella_plus_evo_dsa_4.0.pdf\">Suoritustasoilmoitus.pdf<\/a><br \/>\n<a href=\"https:\/\/www.lanordica-extraflame.com\/sites\/default\/files\/documenti_temp\/005280194-000_deco_termorossella_plus_evo_dsa_4.0.pdf\">Ecodesing todistus.pdf<\/a><\/p>\n<p><strong>Takuu 2+3 vuotta<\/strong> kaikille tuotteille jotka hankitaan t\u00e4lle sivulle listatusta myym\u00e4l\u00e4st\u00e4.<br \/>\nLis\u00e4takuun rekister\u00f6inti <a href=\"https:\/\/lanordica.fi\/rekisteroi-lanordican-lisatakuu\/\">t\u00e4st\u00e4<\/a><\/p>\n","protected":false},"excerpt":{"rendered":"<p>T\u00e4m\u00e4 tuote t\u00e4ytt\u00e4\u00e4 <a href=\"https:\/\/eur-lex.europa.eu\/legal-content\/FI\/TXT\/?uri=CELEX%3A32015R1185&amp;qid=1605877565931\">2022 Ekosuunnittelu vaatimukset<\/a><\/p>\n<p>Iso vesikiertokamiina ilmaj\u00e4\u00e4hdytetyill\u00e4 kyljill\u00e4! Takassa on automaattinen ilmans\u00e4\u00e4t\u00f6venttiili arinailmalle. P\u00e4\u00e4ll\u00e4 keittotaso, jossa voit l\u00e4mmitt\u00e4\u00e4 ruokia. Kookkaassa tulipes\u00e4ss\u00e4 on helppo pit\u00e4\u00e4 tulta pitk\u00e4\u00e4n, t\u00e4ysi pes\u00e4llinen isoja puita palaa useita tunteja. Tulipes\u00e4n arinat valurautaa. Arinat ja tulipes\u00e4n pohja suistaa keskelle. L\u00e4mm\u00f6nvaihdin 6 mm emaloitua kattilater\u00e4st\u00e4. Ulosvedett\u00e4v\u00e4 tuhka-astia sijaitsee tulipes\u00e4n luukun takana.<\/p>\n<p>Suositus varaajan koko: 500 l<\/p>\n<p><strong>Takuu 2+3 vuotta<\/strong> kaikille tuotteille jotka hankitaan t\u00e4lle sivulle listatusta myym\u00e4l\u00e4st\u00e4.<br \/>\nLis\u00e4takuun rekister\u00f6inti <a href=\"https:\/\/lanordica.fi\/rekisteroi-lanordican-lisatakuu\/\">t\u00e4st\u00e4<\/a><\/p>\n","protected":false},"featured_media":7155,"template":"","meta":{"_monsterinsights_skip_tracking":false,"_monsterinsights_sitenote_active":false,"_monsterinsights_sitenote_note":"","_monsterinsights_sitenote_category":0,"jetpack_publicize_message":"","jetpack_publicize_feature_enabled":true,"jetpack_social_post_already_shared":true,"jetpack_social_options":{"image_generator_settings":{"template":"highway","default_image_id":0,"font":"","enabled":false},"version":2},"_wpas_customize_per_network":false},"product_brand":[],"product_cat":[1386],"product_tag":[1428,1469,1485,1482,1483,1484,1379],"class_list":{"0":"post-652","1":"product","2":"type-product","3":"status-publish","4":"has-post-thumbnail","6":"product_cat-vesikiertokamiinat","7":"product_tag-beige","8":"product_tag-punainen","9":"product_tag-vesi","10":"product_tag-vesikierto","11":"product_tag-vesikiertokamiina","12":"product_tag-vesikiertotakka","13":"product_tag-vuolukivi","14":"product_shipping_class-takka-tai-kamiina","16":"first","17":"onbackorder","18":"taxable","19":"shipping-taxable","20":"purchasable","21":"product-type-variable"},"yoast_head":"<!-- This site is optimized with the Yoast SEO plugin v27.5 - https:\/\/yoast.com\/product\/yoast-seo-wordpress\/ -->\n<title>TermoRossella EVO 4.0 - La Nordica - Suomi<\/title>\n<meta name=\"description\" content=\"Iso vesikiertokamiina ilmaj\u00e4\u00e4hdytetyill\u00e4 kyljill\u00e4! Takassa on automaattinen ilmans\u00e4\u00e4t\u00f6venttiili arinailmalle. P\u00e4\u00e4ll\u00e4 l\u00e4mp\u00f6taso.\" \/>\n<meta name=\"robots\" content=\"index, follow, max-snippet:-1, max-image-preview:large, max-video-preview:-1\" \/>\n<link rel=\"canonical\" href=\"https:\/\/lanordica.fi\/fi\/product\/termorossella\/\" \/>\n<meta property=\"og:locale\" content=\"fi_FI\" \/>\n<meta property=\"og:type\" content=\"article\" \/>\n<meta property=\"og:title\" content=\"TermoRossella EVO 4.0 - La Nordica - Suomi\" \/>\n<meta property=\"og:description\" content=\"Iso vesikiertokamiina ilmaj\u00e4\u00e4hdytetyill\u00e4 kyljill\u00e4! Takassa on automaattinen ilmans\u00e4\u00e4t\u00f6venttiili arinailmalle. P\u00e4\u00e4ll\u00e4 l\u00e4mp\u00f6taso.\" \/>\n<meta property=\"og:url\" content=\"https:\/\/lanordica.fi\/fi\/product\/termorossella\/\" \/>\n<meta property=\"og:site_name\" content=\"La Nordica - Suomi\" \/>\n<meta property=\"article:modified_time\" content=\"2024-08-28T11:51:34+00:00\" \/>\n<meta property=\"og:image\" content=\"https:\/\/lanordica.fi\/wp-content\/uploads\/2018\/05\/termorossellaplusevo-vesikiertokamiina.jpg\" \/>\n\t<meta property=\"og:image:width\" content=\"582\" \/>\n\t<meta property=\"og:image:height\" content=\"542\" \/>\n\t<meta property=\"og:image:type\" content=\"image\/jpeg\" \/>\n<meta name=\"twitter:card\" content=\"summary_large_image\" \/>\n<meta name=\"twitter:label1\" content=\"Arvioitu lukuaika\" \/>\n\t<meta name=\"twitter:data1\" content=\"1 minuutti\" \/>\n<script type=\"application\/ld+json\" class=\"yoast-schema-graph\">{\"@context\":\"https:\\\/\\\/schema.org\",\"@graph\":[{\"@type\":\"WebPage\",\"@id\":\"https:\\\/\\\/lanordica.fi\\\/product\\\/termorossella\\\/\",\"url\":\"https:\\\/\\\/lanordica.fi\\\/product\\\/termorossella\\\/\",\"name\":\"TermoRossella EVO 4.0 - La Nordica - Suomi\",\"isPartOf\":{\"@id\":\"https:\\\/\\\/lanordica.fi\\\/#website\"},\"primaryImageOfPage\":{\"@id\":\"https:\\\/\\\/lanordica.fi\\\/product\\\/termorossella\\\/#primaryimage\"},\"image\":{\"@id\":\"https:\\\/\\\/lanordica.fi\\\/product\\\/termorossella\\\/#primaryimage\"},\"thumbnailUrl\":\"https:\\\/\\\/i0.wp.com\\\/lanordica.fi\\\/wp-content\\\/uploads\\\/2018\\\/05\\\/termorossellaplusevo-vesikiertokamiina.jpg?fit=582%2C542&ssl=1\",\"datePublished\":\"2018-05-07T09:30:29+00:00\",\"dateModified\":\"2024-08-28T11:51:34+00:00\",\"description\":\"Iso vesikiertokamiina ilmaj\u00e4\u00e4hdytetyill\u00e4 kyljill\u00e4! Takassa on automaattinen ilmans\u00e4\u00e4t\u00f6venttiili arinailmalle. P\u00e4\u00e4ll\u00e4 l\u00e4mp\u00f6taso.\",\"breadcrumb\":{\"@id\":\"https:\\\/\\\/lanordica.fi\\\/product\\\/termorossella\\\/#breadcrumb\"},\"inLanguage\":\"fi\",\"potentialAction\":[{\"@type\":\"ReadAction\",\"target\":[\"https:\\\/\\\/lanordica.fi\\\/product\\\/termorossella\\\/\"]}]},{\"@type\":\"ImageObject\",\"inLanguage\":\"fi\",\"@id\":\"https:\\\/\\\/lanordica.fi\\\/product\\\/termorossella\\\/#primaryimage\",\"url\":\"https:\\\/\\\/i0.wp.com\\\/lanordica.fi\\\/wp-content\\\/uploads\\\/2018\\\/05\\\/termorossellaplusevo-vesikiertokamiina.jpg?fit=582%2C542&ssl=1\",\"contentUrl\":\"https:\\\/\\\/i0.wp.com\\\/lanordica.fi\\\/wp-content\\\/uploads\\\/2018\\\/05\\\/termorossellaplusevo-vesikiertokamiina.jpg?fit=582%2C542&ssl=1\",\"width\":582,\"height\":542},{\"@type\":\"BreadcrumbList\",\"@id\":\"https:\\\/\\\/lanordica.fi\\\/product\\\/termorossella\\\/#breadcrumb\",\"itemListElement\":[{\"@type\":\"ListItem\",\"position\":1,\"name\":\"Home\",\"item\":\"https:\\\/\\\/lanordica.fi\\\/\"},{\"@type\":\"ListItem\",\"position\":2,\"name\":\"Kauppa\",\"item\":\"https:\\\/\\\/lanordica.fi\\\/shop\\\/\"},{\"@type\":\"ListItem\",\"position\":3,\"name\":\"TermoRossella EVO 4.0\"}]},{\"@type\":\"WebSite\",\"@id\":\"https:\\\/\\\/lanordica.fi\\\/#website\",\"url\":\"https:\\\/\\\/lanordica.fi\\\/\",\"name\":\"La Nordica - Suomi\",\"description\":\"L\u00e4mp\u00f6\u00e4 kotiisi\",\"publisher\":{\"@id\":\"https:\\\/\\\/lanordica.fi\\\/#organization\"},\"potentialAction\":[{\"@type\":\"SearchAction\",\"target\":{\"@type\":\"EntryPoint\",\"urlTemplate\":\"https:\\\/\\\/lanordica.fi\\\/?s={search_term_string}\"},\"query-input\":{\"@type\":\"PropertyValueSpecification\",\"valueRequired\":true,\"valueName\":\"search_term_string\"}}],\"inLanguage\":\"fi\"},{\"@type\":\"Organization\",\"@id\":\"https:\\\/\\\/lanordica.fi\\\/#organization\",\"name\":\"La Nordica - Suomi\",\"url\":\"https:\\\/\\\/lanordica.fi\\\/\",\"logo\":{\"@type\":\"ImageObject\",\"inLanguage\":\"fi\",\"@id\":\"https:\\\/\\\/lanordica.fi\\\/#\\\/schema\\\/logo\\\/image\\\/\",\"url\":\"https:\\\/\\\/i0.wp.com\\\/lanordica.fi\\\/wp-content\\\/uploads\\\/2018\\\/03\\\/lanordica-fi.png?fit=768%2C282&ssl=1\",\"contentUrl\":\"https:\\\/\\\/i0.wp.com\\\/lanordica.fi\\\/wp-content\\\/uploads\\\/2018\\\/03\\\/lanordica-fi.png?fit=768%2C282&ssl=1\",\"width\":768,\"height\":282,\"caption\":\"La Nordica - Suomi\"},\"image\":{\"@id\":\"https:\\\/\\\/lanordica.fi\\\/#\\\/schema\\\/logo\\\/image\\\/\"}}]}<\/script>\n<!-- \/ Yoast SEO plugin. -->","yoast_head_json":{"title":"TermoRossella EVO 4.0 - La Nordica - Suomi","description":"Iso vesikiertokamiina ilmaj\u00e4\u00e4hdytetyill\u00e4 kyljill\u00e4! Takassa on automaattinen ilmans\u00e4\u00e4t\u00f6venttiili arinailmalle. P\u00e4\u00e4ll\u00e4 l\u00e4mp\u00f6taso.","robots":{"index":"index","follow":"follow","max-snippet":"max-snippet:-1","max-image-preview":"max-image-preview:large","max-video-preview":"max-video-preview:-1"},"canonical":"https:\/\/lanordica.fi\/fi\/product\/termorossella\/","og_locale":"fi_FI","og_type":"article","og_title":"TermoRossella EVO 4.0 - La Nordica - Suomi","og_description":"Iso vesikiertokamiina ilmaj\u00e4\u00e4hdytetyill\u00e4 kyljill\u00e4! Takassa on automaattinen ilmans\u00e4\u00e4t\u00f6venttiili arinailmalle. P\u00e4\u00e4ll\u00e4 l\u00e4mp\u00f6taso.","og_url":"https:\/\/lanordica.fi\/fi\/product\/termorossella\/","og_site_name":"La Nordica - Suomi","article_modified_time":"2024-08-28T11:51:34+00:00","og_image":[{"width":582,"height":542,"url":"https:\/\/lanordica.fi\/wp-content\/uploads\/2018\/05\/termorossellaplusevo-vesikiertokamiina.jpg","type":"image\/jpeg"}],"twitter_card":"summary_large_image","twitter_misc":{"Arvioitu lukuaika":"1 minuutti"},"schema":{"@context":"https:\/\/schema.org","@graph":[{"@type":"WebPage","@id":"https:\/\/lanordica.fi\/product\/termorossella\/","url":"https:\/\/lanordica.fi\/product\/termorossella\/","name":"TermoRossella EVO 4.0 - La Nordica - Suomi","isPartOf":{"@id":"https:\/\/lanordica.fi\/#website"},"primaryImageOfPage":{"@id":"https:\/\/lanordica.fi\/product\/termorossella\/#primaryimage"},"image":{"@id":"https:\/\/lanordica.fi\/product\/termorossella\/#primaryimage"},"thumbnailUrl":"https:\/\/i0.wp.com\/lanordica.fi\/wp-content\/uploads\/2018\/05\/termorossellaplusevo-vesikiertokamiina.jpg?fit=582%2C542&ssl=1","datePublished":"2018-05-07T09:30:29+00:00","dateModified":"2024-08-28T11:51:34+00:00","description":"Iso vesikiertokamiina ilmaj\u00e4\u00e4hdytetyill\u00e4 kyljill\u00e4! Takassa on automaattinen ilmans\u00e4\u00e4t\u00f6venttiili arinailmalle. P\u00e4\u00e4ll\u00e4 l\u00e4mp\u00f6taso.","breadcrumb":{"@id":"https:\/\/lanordica.fi\/product\/termorossella\/#breadcrumb"},"inLanguage":"fi","potentialAction":[{"@type":"ReadAction","target":["https:\/\/lanordica.fi\/product\/termorossella\/"]}]},{"@type":"ImageObject","inLanguage":"fi","@id":"https:\/\/lanordica.fi\/product\/termorossella\/#primaryimage","url":"https:\/\/i0.wp.com\/lanordica.fi\/wp-content\/uploads\/2018\/05\/termorossellaplusevo-vesikiertokamiina.jpg?fit=582%2C542&ssl=1","contentUrl":"https:\/\/i0.wp.com\/lanordica.fi\/wp-content\/uploads\/2018\/05\/termorossellaplusevo-vesikiertokamiina.jpg?fit=582%2C542&ssl=1","width":582,"height":542},{"@type":"BreadcrumbList","@id":"https:\/\/lanordica.fi\/product\/termorossella\/#breadcrumb","itemListElement":[{"@type":"ListItem","position":1,"name":"Home","item":"https:\/\/lanordica.fi\/"},{"@type":"ListItem","position":2,"name":"Kauppa","item":"https:\/\/lanordica.fi\/shop\/"},{"@type":"ListItem","position":3,"name":"TermoRossella EVO 4.0"}]},{"@type":"WebSite","@id":"https:\/\/lanordica.fi\/#website","url":"https:\/\/lanordica.fi\/","name":"La Nordica - Suomi","description":"L\u00e4mp\u00f6\u00e4 kotiisi","publisher":{"@id":"https:\/\/lanordica.fi\/#organization"},"potentialAction":[{"@type":"SearchAction","target":{"@type":"EntryPoint","urlTemplate":"https:\/\/lanordica.fi\/?s={search_term_string}"},"query-input":{"@type":"PropertyValueSpecification","valueRequired":true,"valueName":"search_term_string"}}],"inLanguage":"fi"},{"@type":"Organization","@id":"https:\/\/lanordica.fi\/#organization","name":"La Nordica - Suomi","url":"https:\/\/lanordica.fi\/","logo":{"@type":"ImageObject","inLanguage":"fi","@id":"https:\/\/lanordica.fi\/#\/schema\/logo\/image\/","url":"https:\/\/i0.wp.com\/lanordica.fi\/wp-content\/uploads\/2018\/03\/lanordica-fi.png?fit=768%2C282&ssl=1","contentUrl":"https:\/\/i0.wp.com\/lanordica.fi\/wp-content\/uploads\/2018\/03\/lanordica-fi.png?fit=768%2C282&ssl=1","width":768,"height":282,"caption":"La Nordica - Suomi"},"image":{"@id":"https:\/\/lanordica.fi\/#\/schema\/logo\/image\/"}}]}},"jetpack_publicize_connections":[],"jetpack_sharing_enabled":true,"jetpack_likes_enabled":true,"_links":{"self":[{"href":"https:\/\/lanordica.fi\/fi\/wp-json\/wp\/v2\/product\/652","targetHints":{"allow":["GET"]}}],"collection":[{"href":"https:\/\/lanordica.fi\/fi\/wp-json\/wp\/v2\/product"}],"about":[{"href":"https:\/\/lanordica.fi\/fi\/wp-json\/wp\/v2\/types\/product"}],"version-history":[{"count":5,"href":"https:\/\/lanordica.fi\/fi\/wp-json\/wp\/v2\/product\/652\/revisions"}],"predecessor-version":[{"id":1019,"href":"https:\/\/lanordica.fi\/fi\/wp-json\/wp\/v2\/product\/652\/revisions\/1019"}],"wp:featuredmedia":[{"embeddable":true,"href":"https:\/\/lanordica.fi\/fi\/wp-json\/wp\/v2\/media\/7155"}],"wp:attachment":[{"href":"https:\/\/lanordica.fi\/fi\/wp-json\/wp\/v2\/media?parent=652"}],"wp:term":[{"taxonomy":"product_brand","embeddable":true,"href":"https:\/\/lanordica.fi\/fi\/wp-json\/wp\/v2\/product_brand?post=652"},{"taxonomy":"product_cat","embeddable":true,"href":"https:\/\/lanordica.fi\/fi\/wp-json\/wp\/v2\/product_cat?post=652"},{"taxonomy":"product_tag","embeddable":true,"href":"https:\/\/lanordica.fi\/fi\/wp-json\/wp\/v2\/product_tag?post=652"}],"curies":[{"name":"wp","href":"https:\/\/api.w.org\/{rel}","templated":true}]}}