{"id":623,"date":"2018-05-05T08:04:05","date_gmt":"2018-05-05T08:04:05","guid":{"rendered":"https:\/\/lanordica.fi\/?post_type=product&#038;p=623"},"modified":"2024-09-04T13:21:36","modified_gmt":"2024-09-04T13:21:36","slug":"ketty-musta","status":"publish","type":"product","link":"https:\/\/lanordica.fi\/fi\/product\/ketty-musta\/","title":{"rendered":"Ketty EVO"},"content":{"rendered":"<p>Mitat (L x K x S): 456 x 884 x 507 mm<br \/>\nTeho: 2,5 &#8211; 6,4 kW<br \/>\nL\u00e4mp\u00f6energia yhdell\u00e4 s\u00e4ili\u00f6lll\u00e4: 62,5 kWh<br \/>\nL\u00e4mmitysaika min\/max): 10-25 h<br \/>\nPellettis\u00e4ili\u00f6n koko: 15 kg<br \/>\nPolttoaineen kulutus: 0,6-1,5 kg\/h<br \/>\nPaino: 69 kg<br \/>\nL\u00e4mmitysala: 180 m\u00b3<br \/>\nHormiliitos: 80 mm takaa<br \/>\nPaloilmaputken koko: 50 mm takaa<br \/>\nKaukos\u00e4\u00e4din: Ei<br \/>\nVirrankulutus: 100-300 W<br \/>\nHy\u00f6tysuhde: 88,3 %<br \/>\nCO p\u00e4\u00e4st\u00f6t: 0,018 %<br \/>\nSavukaasujen l\u00e4mp\u00f6tila maksimiteholla: 137,7 \u00b0C<br \/>\nSavukaasujen maksil\u00e4mp\u00f6tila ennen h\u00e4t\u00e4katkaisua: 250 \u00b0C<br \/>\nSuojaet\u00e4isyydet:<br \/>\nTaakse: 100 mm<br \/>\nSivuille: 150 mm<br \/>\nEteen: 800 mm<\/p>\n<p>K\u00e4ytt\u00f6ohje: Kyll\u00e4, alkuper\u00e4inen 34 sivuinen Suomi-k\u00e4\u00e4nn\u00f6s<\/p>\n<p><a href=\"https:\/\/www.lanordica-extraflame.com\/en\/products\/pellet-stoves\/ketty-evo\">Valmistajan alkuper\u00e4iset sivut<\/a><\/p>\n","protected":false},"excerpt":{"rendered":"<p>P\u00e4ivitetty EVO versio, joka korvaa aiemmat versiot paremmalla polttotekniikalla, hy\u00f6tysuhteella, ja k\u00e4ytett\u00e4vyydell\u00e4\u00e4n. Ketty on pieni, laadukas ja edullinen, aito Italialainen pellettitakka. Kest\u00e4v\u00e4t ja tarvittaessa vaihdettavat tulipes\u00e4n valurautaiset sein\u00e4m\u00e4t sek\u00e4 polttomalja! Helppok\u00e4ytt\u00f6inen n\u00e4ytt\u00f6paneeli takan p\u00e4\u00e4ll\u00e4, josta haluttua huonel\u00e4mp\u00f6tilaa voi s\u00e4\u00e4t\u00e4\u00e4 + ja &#8211; n\u00e4pp\u00e4imist\u00e4.<\/p>\n<p>Tuotteen vakio-ominaisuksiin kuuluu Glass Cleaning system, jossa ilmavirtaukset on suunniteltu pit\u00e4m\u00e4\u00e4n takan tulipes\u00e4n lasin mahdollisimman kauan puhtaana. Nopeuss\u00e4\u00e4tyv\u00e4 savukaasumoottori mittaa jatkuvasti nopeutta. Pellettis\u00e4ili\u00f6ss\u00e4 mekaaninen turvatermostaatti, joka pakkokatkaisee pelletinsy\u00f6t\u00f6n mik\u00e4li s\u00e4ili\u00f6n l\u00e4mp\u00f6tila nousee liian korkealle. Alipaineanturi tarkkailee hormin vetoa mittaamalla takan l\u00e4pi virtaavaa ilmaa. Viikko-ohjelmoinnilla mahdollisuus asettaa takka syttym\u00e4\u00e4n ja sammumaan haluttuina aikoina. Automaattinen sytytys sytytysvastuksen avulla, paina takka k\u00e4yntiin napista tai aseta haluttu huonel\u00e4mp\u00f6tila, jota takka noudattaa syttym\u00e4ll\u00e4 ja sammumalla tarpeen mukaan.<\/p>\n<ul>\n<li>Luukku, palotila ja polttomalja valurautaa<\/li>\n<li>Pinta-alal\u00e4mm\u00f6nvaihdin<\/li>\n<li>Pois nostettava tuhkanker\u00e4ysastia<\/li>\n<li>Etuhuoneilmapuhallus yhdell\u00e4 mottorilla, Comfort toiminnolla<\/li>\n<li>Hormiliitoksen sijainti: Takaa<\/li>\n<li>Irrotettava tulipes\u00e4n tausta tai kylkielementit (nouhoukseen)<\/li>\n<\/ul>\n<p><strong>EASY toiminto<\/strong><br \/>\nMuuta helposti pelletinsy\u00f6tt\u00f6m\u00e4\u00e4r\u00e4\u00e4 n\u00e4ytt\u00f6paneelin EASY valikosta. Mik\u00e4li k\u00e4ytt\u00e4m\u00e4si pelletti on hienojakoista tai harvaa, voit asettaa valikosta toisen asetuksen ja takka s\u00e4\u00e4t\u00e4\u00e4 pelletin sy\u00f6t\u00f6n m\u00e4\u00e4r\u00e4\u00e4 ja savukaasumoottorin imutehoa automaattisesti oikeaan suuntaan <em>(katso kuva)<\/em>.<\/p>\n<p><strong>Ilmatiivis pellettis\u00e4ili\u00f6 <\/strong><br \/>\nIlmatiivis, alipainenaturilla varustettu pellettis\u00e4ili\u00f6 varmistaa ett\u00e4 takka on huipputurvallinen.<\/p>\n<p><strong>STAND-BY toiminto<\/strong><br \/>\nVoit asettaa takkasi syttym\u00e4\u00e4n ja sammumaan haluamasi l\u00e4mp\u00f6tilan mukaan.<\/p>\n<p><strong>COMFORT toiminto<\/strong><\/p>\n<p>Aseta takka hiljaiseen tilaan yhdell\u00e4 napin painalluksella<\/p>\n<p><strong>Wifi-Moduuli WHITE ja Total Control applikaatio<br \/>\n<\/strong><\/p>\n<p>Vanhemman sukupolven takkoihin kommunikaatiomahdollisuus TOTAL CONTROL \u00e4lypuhellinsovelluksen avulla, kun hankitaan lis\u00e4varusteena White Wifi moduuli. Moduuli on yhteensopiva vanhempien ja useiden jo poistuneiden tuotteiden kanssa. Sovelluksen avulla voit ohjata takkaasi puhelimen avulla internetyhteyden kautta! Hanki sovellus <a href=\"https:\/\/play.google.com\/store\/apps\/details?id=com.extraflame.smartstove&amp;hl=en\">Play kaupasta<\/a> tai <a href=\"https:\/\/apps.apple.com\/app\/total-control-la-nordica-extraflame\/id1010656330\">App Storesta<\/a><\/p>\n<p><strong>Takuu 2 vuotta<\/strong> (ei koske kuluvaa sytytysvastusta, eik\u00e4 piirikorttia joka voi vaurioitua esim. nopeista per\u00e4tt\u00e4isist\u00e4 s\u00e4hk\u00f6katkoista)<br \/>\n<strong>Asennuksen j\u00e4lkeen<\/strong> suosittelemme t\u00e4ytt\u00e4m\u00e4\u00e4n <a href=\"https:\/\/lanordica.fi\/kayttoonotto\/\">ExtraFlame k\u00e4ytt\u00f6\u00f6nottokaavakkeen<\/a> jotta voimme taata parhaan mahdollisen k\u00e4ytt\u00f6tuen.<\/p>\n<p>&nbsp;<\/p>\n<p>&nbsp;<\/p>\n","protected":false},"featured_media":3840,"template":"","meta":{"_monsterinsights_skip_tracking":false,"_monsterinsights_sitenote_active":false,"_monsterinsights_sitenote_note":"","_monsterinsights_sitenote_category":0,"jetpack_publicize_message":"","jetpack_publicize_feature_enabled":true,"jetpack_social_post_already_shared":true,"jetpack_social_options":{"image_generator_settings":{"template":"highway","default_image_id":0,"font":"","enabled":false},"version":2},"_wpas_customize_per_network":false},"product_brand":[],"product_cat":[1375],"product_tag":[1480,1428,1397,1478,1479,1469,1427],"class_list":{"0":"post-623","1":"product","2":"type-product","3":"status-publish","4":"has-post-thumbnail","6":"product_cat-pellettitakat","7":"product_tag-automaattisyotto","8":"product_tag-beige","9":"product_tag-musta","10":"product_tag-pelletti","11":"product_tag-pellettitakka","12":"product_tag-punainen","13":"product_tag-valkoinen","14":"product_shipping_class-takka-tai-kamiina","16":"first","17":"instock","18":"taxable","19":"shipping-taxable","20":"purchasable","21":"product-type-variable"},"yoast_head":"<!-- This site is optimized with the Yoast SEO plugin v27.5 - https:\/\/yoast.com\/product\/yoast-seo-wordpress\/ -->\n<title>Ketty Evo - Edullinen pellettitakkaLa Nordica ExtraFlame:lta<\/title>\n<meta name=\"description\" content=\"Ketty on pieni, laadukas ja edullinen, aito Italialainen pellettitakka. Kest\u00e4v\u00e4t ja tarvittaessa vaihdettavat tulipes\u00e4n valurautaiset osat.\" \/>\n<meta name=\"robots\" content=\"index, follow, max-snippet:-1, max-image-preview:large, max-video-preview:-1\" \/>\n<link rel=\"canonical\" href=\"https:\/\/lanordica.fi\/fi\/product\/ketty-musta\/\" \/>\n<meta property=\"og:locale\" content=\"fi_FI\" \/>\n<meta property=\"og:type\" content=\"article\" \/>\n<meta property=\"og:title\" content=\"Ketty Evo - Edullinen pellettitakkaLa Nordica ExtraFlame:lta\" \/>\n<meta property=\"og:description\" content=\"Ketty on pieni, laadukas ja edullinen, aito Italialainen pellettitakka. Kest\u00e4v\u00e4t ja tarvittaessa vaihdettavat tulipes\u00e4n valurautaiset osat.\" \/>\n<meta property=\"og:url\" content=\"https:\/\/lanordica.fi\/fi\/product\/ketty-musta\/\" \/>\n<meta property=\"og:site_name\" content=\"La Nordica - Suomi\" \/>\n<meta property=\"article:modified_time\" content=\"2024-09-04T13:21:36+00:00\" \/>\n<meta property=\"og:image\" content=\"https:\/\/lanordica.fi\/wp-content\/uploads\/2018\/05\/Ketty-pellettitakka-valkoinen.jpg\" \/>\n\t<meta property=\"og:image:width\" content=\"950\" \/>\n\t<meta property=\"og:image:height\" content=\"950\" \/>\n\t<meta property=\"og:image:type\" content=\"image\/jpeg\" \/>\n<meta name=\"twitter:card\" content=\"summary_large_image\" \/>\n<meta name=\"twitter:label1\" content=\"Arvioitu lukuaika\" \/>\n\t<meta name=\"twitter:data1\" content=\"1 minuutti\" \/>\n<script type=\"application\/ld+json\" class=\"yoast-schema-graph\">{\"@context\":\"https:\\\/\\\/schema.org\",\"@graph\":[{\"@type\":\"WebPage\",\"@id\":\"https:\\\/\\\/lanordica.fi\\\/product\\\/ketty-musta\\\/\",\"url\":\"https:\\\/\\\/lanordica.fi\\\/product\\\/ketty-musta\\\/\",\"name\":\"Ketty Evo - Edullinen pellettitakkaLa Nordica ExtraFlame:lta\",\"isPartOf\":{\"@id\":\"https:\\\/\\\/lanordica.fi\\\/#website\"},\"primaryImageOfPage\":{\"@id\":\"https:\\\/\\\/lanordica.fi\\\/product\\\/ketty-musta\\\/#primaryimage\"},\"image\":{\"@id\":\"https:\\\/\\\/lanordica.fi\\\/product\\\/ketty-musta\\\/#primaryimage\"},\"thumbnailUrl\":\"https:\\\/\\\/i0.wp.com\\\/lanordica.fi\\\/wp-content\\\/uploads\\\/2018\\\/05\\\/Ketty-pellettitakka-valkoinen.jpg?fit=950%2C950&ssl=1\",\"datePublished\":\"2018-05-05T08:04:05+00:00\",\"dateModified\":\"2024-09-04T13:21:36+00:00\",\"description\":\"Ketty on pieni, laadukas ja edullinen, aito Italialainen pellettitakka. Kest\u00e4v\u00e4t ja tarvittaessa vaihdettavat tulipes\u00e4n valurautaiset osat.\",\"breadcrumb\":{\"@id\":\"https:\\\/\\\/lanordica.fi\\\/product\\\/ketty-musta\\\/#breadcrumb\"},\"inLanguage\":\"fi\",\"potentialAction\":[{\"@type\":\"ReadAction\",\"target\":[\"https:\\\/\\\/lanordica.fi\\\/product\\\/ketty-musta\\\/\"]}]},{\"@type\":\"ImageObject\",\"inLanguage\":\"fi\",\"@id\":\"https:\\\/\\\/lanordica.fi\\\/product\\\/ketty-musta\\\/#primaryimage\",\"url\":\"https:\\\/\\\/i0.wp.com\\\/lanordica.fi\\\/wp-content\\\/uploads\\\/2018\\\/05\\\/Ketty-pellettitakka-valkoinen.jpg?fit=950%2C950&ssl=1\",\"contentUrl\":\"https:\\\/\\\/i0.wp.com\\\/lanordica.fi\\\/wp-content\\\/uploads\\\/2018\\\/05\\\/Ketty-pellettitakka-valkoinen.jpg?fit=950%2C950&ssl=1\",\"width\":950,\"height\":950},{\"@type\":\"BreadcrumbList\",\"@id\":\"https:\\\/\\\/lanordica.fi\\\/product\\\/ketty-musta\\\/#breadcrumb\",\"itemListElement\":[{\"@type\":\"ListItem\",\"position\":1,\"name\":\"Home\",\"item\":\"https:\\\/\\\/lanordica.fi\\\/\"},{\"@type\":\"ListItem\",\"position\":2,\"name\":\"Kauppa\",\"item\":\"https:\\\/\\\/lanordica.fi\\\/shop\\\/\"},{\"@type\":\"ListItem\",\"position\":3,\"name\":\"Ketty EVO\"}]},{\"@type\":\"WebSite\",\"@id\":\"https:\\\/\\\/lanordica.fi\\\/#website\",\"url\":\"https:\\\/\\\/lanordica.fi\\\/\",\"name\":\"La Nordica - Suomi\",\"description\":\"L\u00e4mp\u00f6\u00e4 kotiisi\",\"publisher\":{\"@id\":\"https:\\\/\\\/lanordica.fi\\\/#organization\"},\"potentialAction\":[{\"@type\":\"SearchAction\",\"target\":{\"@type\":\"EntryPoint\",\"urlTemplate\":\"https:\\\/\\\/lanordica.fi\\\/?s={search_term_string}\"},\"query-input\":{\"@type\":\"PropertyValueSpecification\",\"valueRequired\":true,\"valueName\":\"search_term_string\"}}],\"inLanguage\":\"fi\"},{\"@type\":\"Organization\",\"@id\":\"https:\\\/\\\/lanordica.fi\\\/#organization\",\"name\":\"La Nordica - Suomi\",\"url\":\"https:\\\/\\\/lanordica.fi\\\/\",\"logo\":{\"@type\":\"ImageObject\",\"inLanguage\":\"fi\",\"@id\":\"https:\\\/\\\/lanordica.fi\\\/#\\\/schema\\\/logo\\\/image\\\/\",\"url\":\"https:\\\/\\\/i0.wp.com\\\/lanordica.fi\\\/wp-content\\\/uploads\\\/2018\\\/03\\\/lanordica-fi.png?fit=768%2C282&ssl=1\",\"contentUrl\":\"https:\\\/\\\/i0.wp.com\\\/lanordica.fi\\\/wp-content\\\/uploads\\\/2018\\\/03\\\/lanordica-fi.png?fit=768%2C282&ssl=1\",\"width\":768,\"height\":282,\"caption\":\"La Nordica - Suomi\"},\"image\":{\"@id\":\"https:\\\/\\\/lanordica.fi\\\/#\\\/schema\\\/logo\\\/image\\\/\"}}]}<\/script>\n<!-- \/ Yoast SEO plugin. -->","yoast_head_json":{"title":"Ketty Evo - Edullinen pellettitakkaLa Nordica ExtraFlame:lta","description":"Ketty on pieni, laadukas ja edullinen, aito Italialainen pellettitakka. Kest\u00e4v\u00e4t ja tarvittaessa vaihdettavat tulipes\u00e4n valurautaiset osat.","robots":{"index":"index","follow":"follow","max-snippet":"max-snippet:-1","max-image-preview":"max-image-preview:large","max-video-preview":"max-video-preview:-1"},"canonical":"https:\/\/lanordica.fi\/fi\/product\/ketty-musta\/","og_locale":"fi_FI","og_type":"article","og_title":"Ketty Evo - Edullinen pellettitakkaLa Nordica ExtraFlame:lta","og_description":"Ketty on pieni, laadukas ja edullinen, aito Italialainen pellettitakka. Kest\u00e4v\u00e4t ja tarvittaessa vaihdettavat tulipes\u00e4n valurautaiset osat.","og_url":"https:\/\/lanordica.fi\/fi\/product\/ketty-musta\/","og_site_name":"La Nordica - Suomi","article_modified_time":"2024-09-04T13:21:36+00:00","og_image":[{"width":950,"height":950,"url":"https:\/\/lanordica.fi\/wp-content\/uploads\/2018\/05\/Ketty-pellettitakka-valkoinen.jpg","type":"image\/jpeg"}],"twitter_card":"summary_large_image","twitter_misc":{"Arvioitu lukuaika":"1 minuutti"},"schema":{"@context":"https:\/\/schema.org","@graph":[{"@type":"WebPage","@id":"https:\/\/lanordica.fi\/product\/ketty-musta\/","url":"https:\/\/lanordica.fi\/product\/ketty-musta\/","name":"Ketty Evo - Edullinen pellettitakkaLa Nordica ExtraFlame:lta","isPartOf":{"@id":"https:\/\/lanordica.fi\/#website"},"primaryImageOfPage":{"@id":"https:\/\/lanordica.fi\/product\/ketty-musta\/#primaryimage"},"image":{"@id":"https:\/\/lanordica.fi\/product\/ketty-musta\/#primaryimage"},"thumbnailUrl":"https:\/\/i0.wp.com\/lanordica.fi\/wp-content\/uploads\/2018\/05\/Ketty-pellettitakka-valkoinen.jpg?fit=950%2C950&ssl=1","datePublished":"2018-05-05T08:04:05+00:00","dateModified":"2024-09-04T13:21:36+00:00","description":"Ketty on pieni, laadukas ja edullinen, aito Italialainen pellettitakka. Kest\u00e4v\u00e4t ja tarvittaessa vaihdettavat tulipes\u00e4n valurautaiset osat.","breadcrumb":{"@id":"https:\/\/lanordica.fi\/product\/ketty-musta\/#breadcrumb"},"inLanguage":"fi","potentialAction":[{"@type":"ReadAction","target":["https:\/\/lanordica.fi\/product\/ketty-musta\/"]}]},{"@type":"ImageObject","inLanguage":"fi","@id":"https:\/\/lanordica.fi\/product\/ketty-musta\/#primaryimage","url":"https:\/\/i0.wp.com\/lanordica.fi\/wp-content\/uploads\/2018\/05\/Ketty-pellettitakka-valkoinen.jpg?fit=950%2C950&ssl=1","contentUrl":"https:\/\/i0.wp.com\/lanordica.fi\/wp-content\/uploads\/2018\/05\/Ketty-pellettitakka-valkoinen.jpg?fit=950%2C950&ssl=1","width":950,"height":950},{"@type":"BreadcrumbList","@id":"https:\/\/lanordica.fi\/product\/ketty-musta\/#breadcrumb","itemListElement":[{"@type":"ListItem","position":1,"name":"Home","item":"https:\/\/lanordica.fi\/"},{"@type":"ListItem","position":2,"name":"Kauppa","item":"https:\/\/lanordica.fi\/shop\/"},{"@type":"ListItem","position":3,"name":"Ketty EVO"}]},{"@type":"WebSite","@id":"https:\/\/lanordica.fi\/#website","url":"https:\/\/lanordica.fi\/","name":"La Nordica - Suomi","description":"L\u00e4mp\u00f6\u00e4 kotiisi","publisher":{"@id":"https:\/\/lanordica.fi\/#organization"},"potentialAction":[{"@type":"SearchAction","target":{"@type":"EntryPoint","urlTemplate":"https:\/\/lanordica.fi\/?s={search_term_string}"},"query-input":{"@type":"PropertyValueSpecification","valueRequired":true,"valueName":"search_term_string"}}],"inLanguage":"fi"},{"@type":"Organization","@id":"https:\/\/lanordica.fi\/#organization","name":"La Nordica - Suomi","url":"https:\/\/lanordica.fi\/","logo":{"@type":"ImageObject","inLanguage":"fi","@id":"https:\/\/lanordica.fi\/#\/schema\/logo\/image\/","url":"https:\/\/i0.wp.com\/lanordica.fi\/wp-content\/uploads\/2018\/03\/lanordica-fi.png?fit=768%2C282&ssl=1","contentUrl":"https:\/\/i0.wp.com\/lanordica.fi\/wp-content\/uploads\/2018\/03\/lanordica-fi.png?fit=768%2C282&ssl=1","width":768,"height":282,"caption":"La Nordica - Suomi"},"image":{"@id":"https:\/\/lanordica.fi\/#\/schema\/logo\/image\/"}}]}},"jetpack_publicize_connections":[],"jetpack_sharing_enabled":true,"jetpack_likes_enabled":true,"_links":{"self":[{"href":"https:\/\/lanordica.fi\/fi\/wp-json\/wp\/v2\/product\/623","targetHints":{"allow":["GET"]}}],"collection":[{"href":"https:\/\/lanordica.fi\/fi\/wp-json\/wp\/v2\/product"}],"about":[{"href":"https:\/\/lanordica.fi\/fi\/wp-json\/wp\/v2\/types\/product"}],"version-history":[{"count":7,"href":"https:\/\/lanordica.fi\/fi\/wp-json\/wp\/v2\/product\/623\/revisions"}],"predecessor-version":[{"id":3828,"href":"https:\/\/lanordica.fi\/fi\/wp-json\/wp\/v2\/product\/623\/revisions\/3828"}],"wp:featuredmedia":[{"embeddable":true,"href":"https:\/\/lanordica.fi\/fi\/wp-json\/wp\/v2\/media\/3840"}],"wp:attachment":[{"href":"https:\/\/lanordica.fi\/fi\/wp-json\/wp\/v2\/media?parent=623"}],"wp:term":[{"taxonomy":"product_brand","embeddable":true,"href":"https:\/\/lanordica.fi\/fi\/wp-json\/wp\/v2\/product_brand?post=623"},{"taxonomy":"product_cat","embeddable":true,"href":"https:\/\/lanordica.fi\/fi\/wp-json\/wp\/v2\/product_cat?post=623"},{"taxonomy":"product_tag","embeddable":true,"href":"https:\/\/lanordica.fi\/fi\/wp-json\/wp\/v2\/product_tag?post=623"}],"curies":[{"name":"wp","href":"https:\/\/api.w.org\/{rel}","templated":true}]}}