{"id":6223,"date":"2021-09-03T10:47:05","date_gmt":"2021-09-03T10:47:05","guid":{"rendered":"https:\/\/lanordica.fi\/?post_type=product&#038;p=6223"},"modified":"2024-09-04T13:26:57","modified_gmt":"2024-09-04T13:26:57","slug":"lucia","status":"publish","type":"product","link":"https:\/\/lanordica.fi\/fi\/product\/lucia\/","title":{"rendered":"Lucia"},"content":{"rendered":"<p>Mitat (L x K x S):\u00a0 556x1097x597 mm<br \/>\nTeho: 3,6-12,1 kW<br \/>\nL\u00e4mp\u00f6energia yhdell\u00e4 s\u00e4ili\u00f6lll\u00e4: 118 kWh<br \/>\nL\u00e4mmitysaika min\/max): 10 &#8211; 33,75 h<br \/>\nPellettis\u00e4ili\u00f6n koko: 27 kg \/ 43 l<br \/>\nPolttoaineen kulutus: 0,8 &#8211; 2,7 kg\/h<br \/>\nPaino: 181 kg<br \/>\nL\u00e4mmitysala: m\u00b3<br \/>\nHormiliitos: 80 mm takaa<br \/>\nPaloilmaputken koko: 50 mm takaa<br \/>\nKaukos\u00e4\u00e4din: kyll\u00e4 &#8211; <a href=\"https:\/\/lanordica.fi\/product\/ir-kaukosaadin\/\">IR kaukos\u00e4\u00e4din<\/a><br \/>\nVirrankulutus: 23 &#8211; 87 W<br \/>\nHy\u00f6tysuhde: 92,8 &#8211; 92,5 %<br \/>\nCO p\u00e4\u00e4st\u00f6t: 0,006 &#8211; 0,044 %<br \/>\nSavukaasujen l\u00e4mp\u00f6tila maksimiteholla: 138,2 \u00b0C<br \/>\nSavukaasujen maksil\u00e4mp\u00f6tila ennen h\u00e4t\u00e4katkaisua: 250 \u00b0C<br \/>\nAutomaattisytytys: kyll\u00e4<br \/>\nHuonetermostaatti: Vakiona<br \/>\nYlikuumenemistermostaatti: kyll\u00e4<br \/>\nViikko-ohjelmointi: kyll\u00e4<br \/>\nSuojaet\u00e4isyydet:<br \/>\nTaakse: 100 mm<br \/>\nSivuille: 200 mm<br \/>\nEteen: 800 mm<\/p>\n<p>K\u00e4ytt\u00f6ohje: Kyll\u00e4, alkuper\u00e4isen ohjeen Suomi-k\u00e4\u00e4nn\u00f6s<br \/>\n<a href=\"https:\/\/www.lanordica-extraflame.com\/en\/products\/pellet-stoves\/lucia\">Valmistajan alkuper\u00e4iset sivut<\/a><\/p>\n","protected":false},"excerpt":{"rendered":"<p>Huipputekninen n\u00e4ytt\u00f6paneeli ilmoittaa nykyisen takan mittaaman huonel\u00e4mp\u00f6tilan, ja l\u00e4mp\u00f6tilaa voidaan s\u00e4\u00e4t\u00e4\u00e4 helposti + ja &#8211; n\u00e4pp\u00e4imill\u00e4. Tehoalueella 1-5 voit s\u00e4\u00e4t\u00e4\u00e4 takan tuottamaa l\u00e4mp\u00f6tehoa helposti + ja &#8211; n\u00e4pp\u00e4imill\u00e4. Yksinkertainen ja helppo valikkorakenne. Rullaavat tekstit valikoissa. Takassa vakiona huonetermostaattianturi lyhyell\u00e4 johdolla (pituus jatkettavissa)<\/p>\n<p>Tuotteen vakio-ominaisuksiin kuuluu Glass Cleaning system, jossa ilmavirtaukset on suunniteltu pit\u00e4m\u00e4\u00e4n takan tulipes\u00e4n lasin mahdollisimman kauan puhtaana. Nopeuss\u00e4\u00e4tyv\u00e4 savukaasumoottori mittaa jatkuvasti nopeutta. Pellettis\u00e4ili\u00f6ss\u00e4 mekaaninen turvatermostaatti, joka pakkokatkaisee pelletinsy\u00f6t\u00f6n mik\u00e4li s\u00e4ili\u00f6n l\u00e4mp\u00f6tila nousee liian korkealle. Alipaineanturi tarkkailee hormin vetoa mittaamalla takan l\u00e4pi virtaavaa ilmaa. Viikko-ohjelmoinnilla mahdollisuus asettaa takka syttym\u00e4\u00e4n ja sammumaan haluttuina aikoina. Automaattinen sytytys sytytysvastuksen avulla, paina takka k\u00e4yntiin napista tai aseta haluttu huonel\u00e4mp\u00f6tila, jota takka noudattaa syttym\u00e4ll\u00e4 ja sammumalla tarpeen mukaan.<\/p>\n<ul>\n<li>Luukku, palotila ja polttomalja valurautaa<\/li>\n<li>Lamelli l\u00e4mm\u00f6nvaihdin \/ Tuubil\u00e4mm\u00f6nvaihdin<\/li>\n<li>Ilmatiivis pellettis\u00e4ili\u00f6<\/li>\n<li>Pois nostettava tuhkanker\u00e4ysastia<\/li>\n<li>Etuhuoneilmapuhallus yhdell\u00e4 puhaltimella, Comfort toiminnolla<\/li>\n<li><em>Wide vision<\/em> luukku<\/li>\n<li>Hormiliitoksen sijainti: Takaa<\/li>\n<li>Irrotettava tulipes\u00e4n tausta tai kylkielementit (nouhoukseen)<\/li>\n<\/ul>\n<p><strong>EASY toiminto<\/strong><\/p>\n<p>Muuta helposti pelletinsy\u00f6tt\u00f6m\u00e4\u00e4r\u00e4\u00e4 n\u00e4ytt\u00f6paneelin EASY valikosta. Mik\u00e4li k\u00e4ytt\u00e4m\u00e4si pelletti on hienojakoista tai harvaa, voit asettaa valikosta toisen asetuksen ja takka s\u00e4\u00e4t\u00e4\u00e4 pelletin sy\u00f6t\u00f6n m\u00e4\u00e4r\u00e4\u00e4 ja savukaasumoottorin imutehoa automaattisesti oikeaan suuntaan <em>(katso kuva)<\/em>.<\/p>\n<p><strong>STAND-BY ja DELTA asetukset<br \/>\n<\/strong><\/p>\n<p>Voit asettaa takkasi syttym\u00e4\u00e4n ja sammumaan haluamasi l\u00e4mp\u00f6tilan mukaan Stand-By toiminnolla. Delta arvolla voit valita syttyyk\u00f6 takkasi 0,5 \u00b0C &#8211; 5\u00b0C asteen tarkkuudella asetetusta huonel\u00e4mp\u00f6tilasta.<\/p>\n<p><strong>COMFORT toiminto<\/strong><\/p>\n<p>Aseta takka hiljaiseen tilaan yhdell\u00e4 napin painalluksella<\/p>\n<p><strong>Black Mask n\u00e4ytt\u00f6 ja Total Control 2.0 applikaatio<\/strong><\/p>\n<p>Helppok\u00e4ytt\u00f6inen iso Black Mask n\u00e4ytt\u00f6 sis\u00e4lt\u00e4\u00e4 vakiona Wifi yhteyden, jolla voit yhdist\u00e4\u00e4 takkasi \u00e4lylaitteeseesi langattomasti Total Control 2.0 sovelluksella. Hanki sovellus <a href=\"https:\/\/play.google.com\/store\/apps\/details?id=com.extraflame.smartstove\">Play kaupasta<\/a> tai <a href=\"https:\/\/apps.apple.com\/app\/total-control-2-0\/id1441316740?l=en\">App Storesta<\/a><\/p>\n<p>&nbsp;<\/p>\n<p>&nbsp;<\/p>\n<p>&nbsp;<\/p>\n","protected":false},"featured_media":6227,"template":"","meta":{"_monsterinsights_skip_tracking":false,"_monsterinsights_sitenote_active":false,"_monsterinsights_sitenote_note":"","_monsterinsights_sitenote_category":0,"jetpack_publicize_message":"","jetpack_publicize_feature_enabled":true,"jetpack_social_post_already_shared":true,"jetpack_social_options":{"image_generator_settings":{"template":"highway","default_image_id":0,"font":"","enabled":false},"version":2},"_wpas_customize_per_network":false},"product_brand":[],"product_cat":[1375],"product_tag":[1480,1428,1466,1478,1479,1469,1427,1462],"class_list":{"0":"post-6223","1":"product","2":"type-product","3":"status-publish","4":"has-post-thumbnail","6":"product_cat-pellettitakat","7":"product_tag-automaattisyotto","8":"product_tag-beige","9":"product_tag-paaltalahto","10":"product_tag-pelletti","11":"product_tag-pellettitakka","12":"product_tag-punainen","13":"product_tag-valkoinen","14":"product_tag-ylalahto","15":"product_shipping_class-takka-tai-kamiina","17":"first","18":"onbackorder","19":"taxable","20":"shipping-taxable","21":"purchasable","22":"product-type-variable"},"yoast_head":"<!-- This site is optimized with the Yoast SEO plugin v27.6 - https:\/\/yoast.com\/product\/yoast-seo-wordpress\/ -->\n<title>Lucia - La Nordica - Suomi<\/title>\n<meta name=\"description\" content=\"Pellettitakka automaattiseen l\u00e4mmitykseen ymp\u00e4ri vuorokauden. Mahdollisuus ohjelmoida syttym\u00e4\u00e4n ja sammumaan l\u00e4mp\u00f6tilan mukaan.\" \/>\n<meta name=\"robots\" content=\"index, follow, max-snippet:-1, max-image-preview:large, max-video-preview:-1\" \/>\n<link rel=\"canonical\" href=\"https:\/\/lanordica.fi\/fi\/product\/lucia\/\" \/>\n<meta property=\"og:locale\" content=\"fi_FI\" \/>\n<meta property=\"og:type\" content=\"article\" \/>\n<meta property=\"og:title\" content=\"Lucia - La Nordica - Suomi\" \/>\n<meta property=\"og:description\" content=\"Pellettitakka automaattiseen l\u00e4mmitykseen ymp\u00e4ri vuorokauden. Mahdollisuus ohjelmoida syttym\u00e4\u00e4n ja sammumaan l\u00e4mp\u00f6tilan mukaan.\" \/>\n<meta property=\"og:url\" content=\"https:\/\/lanordica.fi\/fi\/product\/lucia\/\" \/>\n<meta property=\"og:site_name\" content=\"La Nordica - Suomi\" \/>\n<meta property=\"article:modified_time\" content=\"2024-09-04T13:26:57+00:00\" \/>\n<meta property=\"og:image\" content=\"https:\/\/lanordica.fi\/wp-content\/uploads\/2021\/09\/lucia-automaattinen-pellettitakka-punainen.jpg\" \/>\n\t<meta property=\"og:image:width\" content=\"582\" \/>\n\t<meta property=\"og:image:height\" content=\"542\" \/>\n\t<meta property=\"og:image:type\" content=\"image\/jpeg\" \/>\n<meta name=\"twitter:card\" content=\"summary_large_image\" \/>\n<meta name=\"twitter:label1\" content=\"Arvioitu lukuaika\" \/>\n\t<meta name=\"twitter:data1\" content=\"1 minuutti\" \/>\n<script type=\"application\/ld+json\" class=\"yoast-schema-graph\">{\"@context\":\"https:\\\/\\\/schema.org\",\"@graph\":[{\"@type\":\"WebPage\",\"@id\":\"https:\\\/\\\/lanordica.fi\\\/product\\\/lucia\\\/\",\"url\":\"https:\\\/\\\/lanordica.fi\\\/product\\\/lucia\\\/\",\"name\":\"Lucia - La Nordica - Suomi\",\"isPartOf\":{\"@id\":\"https:\\\/\\\/lanordica.fi\\\/#website\"},\"primaryImageOfPage\":{\"@id\":\"https:\\\/\\\/lanordica.fi\\\/product\\\/lucia\\\/#primaryimage\"},\"image\":{\"@id\":\"https:\\\/\\\/lanordica.fi\\\/product\\\/lucia\\\/#primaryimage\"},\"thumbnailUrl\":\"https:\\\/\\\/i0.wp.com\\\/lanordica.fi\\\/wp-content\\\/uploads\\\/2021\\\/09\\\/lucia-automaattinen-pellettitakka-punainen.jpg?fit=582%2C542&ssl=1\",\"datePublished\":\"2021-09-03T10:47:05+00:00\",\"dateModified\":\"2024-09-04T13:26:57+00:00\",\"description\":\"Pellettitakka automaattiseen l\u00e4mmitykseen ymp\u00e4ri vuorokauden. Mahdollisuus ohjelmoida syttym\u00e4\u00e4n ja sammumaan l\u00e4mp\u00f6tilan mukaan.\",\"breadcrumb\":{\"@id\":\"https:\\\/\\\/lanordica.fi\\\/product\\\/lucia\\\/#breadcrumb\"},\"inLanguage\":\"fi\",\"potentialAction\":[{\"@type\":\"ReadAction\",\"target\":[\"https:\\\/\\\/lanordica.fi\\\/product\\\/lucia\\\/\"]}]},{\"@type\":\"ImageObject\",\"inLanguage\":\"fi\",\"@id\":\"https:\\\/\\\/lanordica.fi\\\/product\\\/lucia\\\/#primaryimage\",\"url\":\"https:\\\/\\\/i0.wp.com\\\/lanordica.fi\\\/wp-content\\\/uploads\\\/2021\\\/09\\\/lucia-automaattinen-pellettitakka-punainen.jpg?fit=582%2C542&ssl=1\",\"contentUrl\":\"https:\\\/\\\/i0.wp.com\\\/lanordica.fi\\\/wp-content\\\/uploads\\\/2021\\\/09\\\/lucia-automaattinen-pellettitakka-punainen.jpg?fit=582%2C542&ssl=1\",\"width\":582,\"height\":542},{\"@type\":\"BreadcrumbList\",\"@id\":\"https:\\\/\\\/lanordica.fi\\\/product\\\/lucia\\\/#breadcrumb\",\"itemListElement\":[{\"@type\":\"ListItem\",\"position\":1,\"name\":\"Home\",\"item\":\"https:\\\/\\\/lanordica.fi\\\/\"},{\"@type\":\"ListItem\",\"position\":2,\"name\":\"Kauppa\",\"item\":\"https:\\\/\\\/lanordica.fi\\\/shop\\\/\"},{\"@type\":\"ListItem\",\"position\":3,\"name\":\"Lucia\"}]},{\"@type\":\"WebSite\",\"@id\":\"https:\\\/\\\/lanordica.fi\\\/#website\",\"url\":\"https:\\\/\\\/lanordica.fi\\\/\",\"name\":\"La Nordica - Suomi\",\"description\":\"L\u00e4mp\u00f6\u00e4 kotiisi\",\"publisher\":{\"@id\":\"https:\\\/\\\/lanordica.fi\\\/#organization\"},\"potentialAction\":[{\"@type\":\"SearchAction\",\"target\":{\"@type\":\"EntryPoint\",\"urlTemplate\":\"https:\\\/\\\/lanordica.fi\\\/?s={search_term_string}\"},\"query-input\":{\"@type\":\"PropertyValueSpecification\",\"valueRequired\":true,\"valueName\":\"search_term_string\"}}],\"inLanguage\":\"fi\"},{\"@type\":\"Organization\",\"@id\":\"https:\\\/\\\/lanordica.fi\\\/#organization\",\"name\":\"La Nordica - Suomi\",\"url\":\"https:\\\/\\\/lanordica.fi\\\/\",\"logo\":{\"@type\":\"ImageObject\",\"inLanguage\":\"fi\",\"@id\":\"https:\\\/\\\/lanordica.fi\\\/#\\\/schema\\\/logo\\\/image\\\/\",\"url\":\"https:\\\/\\\/i0.wp.com\\\/lanordica.fi\\\/wp-content\\\/uploads\\\/2018\\\/03\\\/lanordica-fi.png?fit=768%2C282&ssl=1\",\"contentUrl\":\"https:\\\/\\\/i0.wp.com\\\/lanordica.fi\\\/wp-content\\\/uploads\\\/2018\\\/03\\\/lanordica-fi.png?fit=768%2C282&ssl=1\",\"width\":768,\"height\":282,\"caption\":\"La Nordica - Suomi\"},\"image\":{\"@id\":\"https:\\\/\\\/lanordica.fi\\\/#\\\/schema\\\/logo\\\/image\\\/\"}}]}<\/script>\n<!-- \/ Yoast SEO plugin. -->","yoast_head_json":{"title":"Lucia - La Nordica - Suomi","description":"Pellettitakka automaattiseen l\u00e4mmitykseen ymp\u00e4ri vuorokauden. Mahdollisuus ohjelmoida syttym\u00e4\u00e4n ja sammumaan l\u00e4mp\u00f6tilan mukaan.","robots":{"index":"index","follow":"follow","max-snippet":"max-snippet:-1","max-image-preview":"max-image-preview:large","max-video-preview":"max-video-preview:-1"},"canonical":"https:\/\/lanordica.fi\/fi\/product\/lucia\/","og_locale":"fi_FI","og_type":"article","og_title":"Lucia - La Nordica - Suomi","og_description":"Pellettitakka automaattiseen l\u00e4mmitykseen ymp\u00e4ri vuorokauden. Mahdollisuus ohjelmoida syttym\u00e4\u00e4n ja sammumaan l\u00e4mp\u00f6tilan mukaan.","og_url":"https:\/\/lanordica.fi\/fi\/product\/lucia\/","og_site_name":"La Nordica - Suomi","article_modified_time":"2024-09-04T13:26:57+00:00","og_image":[{"width":582,"height":542,"url":"https:\/\/lanordica.fi\/wp-content\/uploads\/2021\/09\/lucia-automaattinen-pellettitakka-punainen.jpg","type":"image\/jpeg"}],"twitter_card":"summary_large_image","twitter_misc":{"Arvioitu lukuaika":"1 minuutti"},"schema":{"@context":"https:\/\/schema.org","@graph":[{"@type":"WebPage","@id":"https:\/\/lanordica.fi\/product\/lucia\/","url":"https:\/\/lanordica.fi\/product\/lucia\/","name":"Lucia - La Nordica - Suomi","isPartOf":{"@id":"https:\/\/lanordica.fi\/#website"},"primaryImageOfPage":{"@id":"https:\/\/lanordica.fi\/product\/lucia\/#primaryimage"},"image":{"@id":"https:\/\/lanordica.fi\/product\/lucia\/#primaryimage"},"thumbnailUrl":"https:\/\/i0.wp.com\/lanordica.fi\/wp-content\/uploads\/2021\/09\/lucia-automaattinen-pellettitakka-punainen.jpg?fit=582%2C542&ssl=1","datePublished":"2021-09-03T10:47:05+00:00","dateModified":"2024-09-04T13:26:57+00:00","description":"Pellettitakka automaattiseen l\u00e4mmitykseen ymp\u00e4ri vuorokauden. Mahdollisuus ohjelmoida syttym\u00e4\u00e4n ja sammumaan l\u00e4mp\u00f6tilan mukaan.","breadcrumb":{"@id":"https:\/\/lanordica.fi\/product\/lucia\/#breadcrumb"},"inLanguage":"fi","potentialAction":[{"@type":"ReadAction","target":["https:\/\/lanordica.fi\/product\/lucia\/"]}]},{"@type":"ImageObject","inLanguage":"fi","@id":"https:\/\/lanordica.fi\/product\/lucia\/#primaryimage","url":"https:\/\/i0.wp.com\/lanordica.fi\/wp-content\/uploads\/2021\/09\/lucia-automaattinen-pellettitakka-punainen.jpg?fit=582%2C542&ssl=1","contentUrl":"https:\/\/i0.wp.com\/lanordica.fi\/wp-content\/uploads\/2021\/09\/lucia-automaattinen-pellettitakka-punainen.jpg?fit=582%2C542&ssl=1","width":582,"height":542},{"@type":"BreadcrumbList","@id":"https:\/\/lanordica.fi\/product\/lucia\/#breadcrumb","itemListElement":[{"@type":"ListItem","position":1,"name":"Home","item":"https:\/\/lanordica.fi\/"},{"@type":"ListItem","position":2,"name":"Kauppa","item":"https:\/\/lanordica.fi\/shop\/"},{"@type":"ListItem","position":3,"name":"Lucia"}]},{"@type":"WebSite","@id":"https:\/\/lanordica.fi\/#website","url":"https:\/\/lanordica.fi\/","name":"La Nordica - Suomi","description":"L\u00e4mp\u00f6\u00e4 kotiisi","publisher":{"@id":"https:\/\/lanordica.fi\/#organization"},"potentialAction":[{"@type":"SearchAction","target":{"@type":"EntryPoint","urlTemplate":"https:\/\/lanordica.fi\/?s={search_term_string}"},"query-input":{"@type":"PropertyValueSpecification","valueRequired":true,"valueName":"search_term_string"}}],"inLanguage":"fi"},{"@type":"Organization","@id":"https:\/\/lanordica.fi\/#organization","name":"La Nordica - Suomi","url":"https:\/\/lanordica.fi\/","logo":{"@type":"ImageObject","inLanguage":"fi","@id":"https:\/\/lanordica.fi\/#\/schema\/logo\/image\/","url":"https:\/\/i0.wp.com\/lanordica.fi\/wp-content\/uploads\/2018\/03\/lanordica-fi.png?fit=768%2C282&ssl=1","contentUrl":"https:\/\/i0.wp.com\/lanordica.fi\/wp-content\/uploads\/2018\/03\/lanordica-fi.png?fit=768%2C282&ssl=1","width":768,"height":282,"caption":"La Nordica - Suomi"},"image":{"@id":"https:\/\/lanordica.fi\/#\/schema\/logo\/image\/"}}]}},"jetpack_publicize_connections":[],"jetpack_sharing_enabled":true,"jetpack_likes_enabled":true,"_links":{"self":[{"href":"https:\/\/lanordica.fi\/fi\/wp-json\/wp\/v2\/product\/6223","targetHints":{"allow":["GET"]}}],"collection":[{"href":"https:\/\/lanordica.fi\/fi\/wp-json\/wp\/v2\/product"}],"about":[{"href":"https:\/\/lanordica.fi\/fi\/wp-json\/wp\/v2\/types\/product"}],"version-history":[{"count":2,"href":"https:\/\/lanordica.fi\/fi\/wp-json\/wp\/v2\/product\/6223\/revisions"}],"predecessor-version":[{"id":7683,"href":"https:\/\/lanordica.fi\/fi\/wp-json\/wp\/v2\/product\/6223\/revisions\/7683"}],"wp:featuredmedia":[{"embeddable":true,"href":"https:\/\/lanordica.fi\/fi\/wp-json\/wp\/v2\/media\/6227"}],"wp:attachment":[{"href":"https:\/\/lanordica.fi\/fi\/wp-json\/wp\/v2\/media?parent=6223"}],"wp:term":[{"taxonomy":"product_brand","embeddable":true,"href":"https:\/\/lanordica.fi\/fi\/wp-json\/wp\/v2\/product_brand?post=6223"},{"taxonomy":"product_cat","embeddable":true,"href":"https:\/\/lanordica.fi\/fi\/wp-json\/wp\/v2\/product_cat?post=6223"},{"taxonomy":"product_tag","embeddable":true,"href":"https:\/\/lanordica.fi\/fi\/wp-json\/wp\/v2\/product_tag?post=6223"}],"curies":[{"name":"wp","href":"https:\/\/api.w.org\/{rel}","templated":true}]}}