{"id":611,"date":"2018-05-04T13:24:23","date_gmt":"2018-05-04T13:24:23","guid":{"rendered":"https:\/\/lanordica.fi\/?post_type=product&#038;p=611"},"modified":"2026-05-08T08:27:02","modified_gmt":"2026-05-08T08:27:02","slug":"ester-forno-uuni","status":"publish","type":"product","link":"https:\/\/lanordica.fi\/fi\/product\/ester-forno-uuni\/","title":{"rendered":"Ester Forno EVO &#8211; Paistouunilla"},"content":{"rendered":"<p>Mitat (L x K x S):\u00a0 540 x 1300 x 478 mm<br \/>\nTeho:\u00a0 8,2 kW<br \/>\nPaino:\u00a0 317 kg<br \/>\nTulipes\u00e4n koko:\u00a0 295 x 390 x 300 mm<br \/>\nLuukun koko:\u00a0 300 x 415 mm<br \/>\nPaistouunin mitat: 268 x 238 x 338 mm<br \/>\nL\u00e4mmitysala: 235 m\u00b3<br \/>\nHormiliitos: 130 mm p\u00e4\u00e4lt\u00e4<br \/>\nS\u00e4\u00e4dett\u00e4v\u00e4 ensi\u00f6ilma: kyll\u00e4<br \/>\nS\u00e4\u00e4dett\u00e4v\u00e4 toisioilma: kyll\u00e4<br \/>\nTertiaari-ilma: esis\u00e4\u00e4detty<br \/>\nJ\u00e4lkipoltto: kyll\u00e4<br \/>\nHy\u00f6tysuhde: 86,7 %<br \/>\nPolttoaineen kulutus: 2,2 kg\/h<br \/>\nSavukaasujen keskil\u00e4mp\u00f6tila: 199 \u00b0C<br \/>\nCO p\u00e4\u00e4st\u00f6t: 0,07 %<br \/>\nHiukkasp\u00e4\u00e4st\u00f6t:\u00a0 14,3 mg\/m\u00b3 (13% O2)<\/p>\n<p>Suojaet\u00e4isyydet:<\/p>\n<p>Suojaet\u00e4isyys \u2013 pohja dB = 0 mm<br \/>\nSuojaet\u00e4isyys \u2013 edess\u00e4 oleva lattia dF = 700 mm<br \/>\nSuojaet\u00e4isyys \u2013 katto dC = 750 mm<br \/>\nSuojaet\u00e4isyys \u2013 taakse dR = 500 mm<br \/>\nSuojaet\u00e4isyys \u2013 sivu dS = 500 mm<br \/>\nSuojaet\u00e4isyys \u2013 sivun s\u00e4teilyalue dL = 0 mm<br \/>\nSuojaet\u00e4isyys \u2013 eteen dP = 1500 mm<\/p>\n<p>Suojaet\u00e4isyydell\u00e4 tarkoitetaan et\u00e4isyytt\u00e4 palavaan materiaaliin<br \/>\nPalamaton materiaali ei vaadi suojaet\u00e4isyytt\u00e4<br \/>\n*Edess\u00e4 olevan lattian osalta tulee noudattaa Suomen paloturvalakia (kipin\u00e4suoja 400 mm eteen, 100 mm sivuille luukusta). Vaikka tuotteelle olisi annettu suojaet\u00e4isyydeksi 0 mm, se ei kumoa paloturvalakiin m\u00e4\u00e4ritelty\u00e4 kipin\u00e4pellin vaatimusta.<\/p>\n<p>K\u00e4ytt\u00f6ohje: Kyll\u00e4, alkuper\u00e4isen ohjeen Suomi-k\u00e4\u00e4nn\u00f6s<br \/>\n<a href=\"https:\/\/www.lanordica-extraflame.com\/en\/products\/wood-stoves\/ester-forno-evo\">Valmistajan alkuper\u00e4iset sivut<\/a><br \/>\n<a href=\"https:\/\/www.lanordica-extraflame.com\/sites\/default\/files\/documenti_temp\/000000173-002_dop_ester_forno_evo.pdf\">Suoritustasoilmoitus.pdf<\/a><\/p>\n","protected":false},"excerpt":{"rendered":"<p>T\u00e4m\u00e4 tuote t\u00e4ytt\u00e4\u00e4 2022 Ekosuunnittelu vaatimukset<\/p>\n<p>K*Vuolukivikuorilla saatavilla niin kauan kun varastoa riitt\u00e4\u00e4. Uutuus, laavakivikuoret, jotka varaavat l\u00e4mp\u00f6\u00e4 yht\u00e4 hyvin kuin vuolukivisetkin! Kamiinan kokoinen kiertoilmatakka, jossa paksut kivikuoret pit\u00e4v\u00e4t takan l\u00e4mpim\u00e4n\u00e4 viel\u00e4 tulen sammuttuakin. Tulipes\u00e4n sein\u00e4m\u00e4t valmistettu keraamisista elementeist\u00e4. Rakoarinat valurautaa. Paloilman sy\u00f6tt\u00f6 tulipes\u00e4n takasein\u00e4lt\u00e4 yl\u00e4palotilaan mahdollistaa pitk\u00e4n palotapahtuman mini puum\u00e4\u00e4r\u00e4ll\u00e4.<\/p>\n<p>Takuu 2+3 vuotta kaikille tuotteille jotka hankitaan t\u00e4lle sivulle listatusta myym\u00e4l\u00e4st\u00e4.<br \/>\nLis\u00e4takuun rekister\u00f6inti <a href=\"https:\/\/lanordica.fi\/rekisteroi-lanordican-lisatakuu\/\">t\u00e4st\u00e4<\/a><\/p>\n","protected":false},"featured_media":8543,"template":"","meta":{"_monsterinsights_skip_tracking":false,"_monsterinsights_sitenote_active":false,"_monsterinsights_sitenote_note":"","_monsterinsights_sitenote_category":0,"jetpack_publicize_message":"","jetpack_publicize_feature_enabled":true,"jetpack_social_post_already_shared":true,"jetpack_social_options":{"image_generator_settings":{"template":"highway","default_image_id":0,"font":"","enabled":false},"version":2},"_wpas_customize_per_network":false},"product_brand":[],"product_cat":[1372],"product_tag":[1544,1477,1389,1380,1379],"class_list":{"0":"post-611","1":"product","2":"type-product","3":"status-publish","4":"has-post-thumbnail","6":"product_cat-takat-ja-kamiinat","7":"product_tag-kivi","8":"product_tag-paistouuni","9":"product_tag-uuni","10":"product_tag-varaava","11":"product_tag-vuolukivi","12":"product_shipping_class-takka-tai-kamiina","14":"first","15":"instock","16":"featured","17":"taxable","18":"shipping-taxable","19":"purchasable","20":"product-type-simple"},"yoast_head":"<!-- This site is optimized with the Yoast SEO plugin v27.6 - https:\/\/yoast.com\/product\/yoast-seo-wordpress\/ -->\n<title>Ester Forno EVO - Paistouunilla - La Nordica - Suomi<\/title>\n<meta name=\"description\" content=\"Vuolukivitakka paistouunilla. Tehokas l\u00e4mmitt\u00e4j\u00e4 joka my\u00f6s varaa l\u00e4mp\u00f6\u00e4, esimerkiksi vapaa-ajan asunnolle.\" \/>\n<meta name=\"robots\" content=\"index, follow, max-snippet:-1, max-image-preview:large, max-video-preview:-1\" \/>\n<link rel=\"canonical\" href=\"https:\/\/lanordica.fi\/fi\/product\/ester-forno-uuni\/\" \/>\n<meta property=\"og:locale\" content=\"fi_FI\" \/>\n<meta property=\"og:type\" content=\"article\" \/>\n<meta property=\"og:title\" content=\"Ester Forno EVO - Paistouunilla - La Nordica - Suomi\" \/>\n<meta property=\"og:description\" content=\"Vuolukivitakka paistouunilla. Tehokas l\u00e4mmitt\u00e4j\u00e4 joka my\u00f6s varaa l\u00e4mp\u00f6\u00e4, esimerkiksi vapaa-ajan asunnolle.\" \/>\n<meta property=\"og:url\" content=\"https:\/\/lanordica.fi\/fi\/product\/ester-forno-uuni\/\" \/>\n<meta property=\"og:site_name\" content=\"La Nordica - Suomi\" \/>\n<meta property=\"article:modified_time\" content=\"2026-05-08T08:27:02+00:00\" \/>\n<meta property=\"og:image\" content=\"https:\/\/lanordica.fi\/wp-content\/uploads\/2018\/05\/Ester-Forno-Vulcan-IK.jpg\" \/>\n\t<meta property=\"og:image:width\" content=\"900\" \/>\n\t<meta property=\"og:image:height\" content=\"900\" \/>\n\t<meta property=\"og:image:type\" content=\"image\/jpeg\" \/>\n<meta name=\"twitter:card\" content=\"summary_large_image\" \/>\n<meta name=\"twitter:label1\" content=\"Arvioitu lukuaika\" \/>\n\t<meta name=\"twitter:data1\" content=\"2 minuuttia\" \/>\n<script type=\"application\/ld+json\" class=\"yoast-schema-graph\">{\"@context\":\"https:\\\/\\\/schema.org\",\"@graph\":[{\"@type\":\"WebPage\",\"@id\":\"https:\\\/\\\/lanordica.fi\\\/product\\\/ester-forno-uuni\\\/\",\"url\":\"https:\\\/\\\/lanordica.fi\\\/product\\\/ester-forno-uuni\\\/\",\"name\":\"Ester Forno EVO - Paistouunilla - La Nordica - Suomi\",\"isPartOf\":{\"@id\":\"https:\\\/\\\/lanordica.fi\\\/#website\"},\"primaryImageOfPage\":{\"@id\":\"https:\\\/\\\/lanordica.fi\\\/product\\\/ester-forno-uuni\\\/#primaryimage\"},\"image\":{\"@id\":\"https:\\\/\\\/lanordica.fi\\\/product\\\/ester-forno-uuni\\\/#primaryimage\"},\"thumbnailUrl\":\"https:\\\/\\\/i0.wp.com\\\/lanordica.fi\\\/wp-content\\\/uploads\\\/2018\\\/05\\\/Ester-Forno-Vulcan-IK.jpg?fit=900%2C900&ssl=1\",\"datePublished\":\"2018-05-04T13:24:23+00:00\",\"dateModified\":\"2026-05-08T08:27:02+00:00\",\"description\":\"Vuolukivitakka paistouunilla. Tehokas l\u00e4mmitt\u00e4j\u00e4 joka my\u00f6s varaa l\u00e4mp\u00f6\u00e4, esimerkiksi vapaa-ajan asunnolle.\",\"breadcrumb\":{\"@id\":\"https:\\\/\\\/lanordica.fi\\\/product\\\/ester-forno-uuni\\\/#breadcrumb\"},\"inLanguage\":\"fi\",\"potentialAction\":[{\"@type\":\"ReadAction\",\"target\":[\"https:\\\/\\\/lanordica.fi\\\/product\\\/ester-forno-uuni\\\/\"]}]},{\"@type\":\"ImageObject\",\"inLanguage\":\"fi\",\"@id\":\"https:\\\/\\\/lanordica.fi\\\/product\\\/ester-forno-uuni\\\/#primaryimage\",\"url\":\"https:\\\/\\\/i0.wp.com\\\/lanordica.fi\\\/wp-content\\\/uploads\\\/2018\\\/05\\\/Ester-Forno-Vulcan-IK.jpg?fit=900%2C900&ssl=1\",\"contentUrl\":\"https:\\\/\\\/i0.wp.com\\\/lanordica.fi\\\/wp-content\\\/uploads\\\/2018\\\/05\\\/Ester-Forno-Vulcan-IK.jpg?fit=900%2C900&ssl=1\",\"width\":900,\"height\":900},{\"@type\":\"BreadcrumbList\",\"@id\":\"https:\\\/\\\/lanordica.fi\\\/product\\\/ester-forno-uuni\\\/#breadcrumb\",\"itemListElement\":[{\"@type\":\"ListItem\",\"position\":1,\"name\":\"Home\",\"item\":\"https:\\\/\\\/lanordica.fi\\\/\"},{\"@type\":\"ListItem\",\"position\":2,\"name\":\"Kauppa\",\"item\":\"https:\\\/\\\/lanordica.fi\\\/shop\\\/\"},{\"@type\":\"ListItem\",\"position\":3,\"name\":\"Ester Forno EVO &#8211; Paistouunilla\"}]},{\"@type\":\"WebSite\",\"@id\":\"https:\\\/\\\/lanordica.fi\\\/#website\",\"url\":\"https:\\\/\\\/lanordica.fi\\\/\",\"name\":\"La Nordica - Suomi\",\"description\":\"L\u00e4mp\u00f6\u00e4 kotiisi\",\"publisher\":{\"@id\":\"https:\\\/\\\/lanordica.fi\\\/#organization\"},\"potentialAction\":[{\"@type\":\"SearchAction\",\"target\":{\"@type\":\"EntryPoint\",\"urlTemplate\":\"https:\\\/\\\/lanordica.fi\\\/?s={search_term_string}\"},\"query-input\":{\"@type\":\"PropertyValueSpecification\",\"valueRequired\":true,\"valueName\":\"search_term_string\"}}],\"inLanguage\":\"fi\"},{\"@type\":\"Organization\",\"@id\":\"https:\\\/\\\/lanordica.fi\\\/#organization\",\"name\":\"La Nordica - Suomi\",\"url\":\"https:\\\/\\\/lanordica.fi\\\/\",\"logo\":{\"@type\":\"ImageObject\",\"inLanguage\":\"fi\",\"@id\":\"https:\\\/\\\/lanordica.fi\\\/#\\\/schema\\\/logo\\\/image\\\/\",\"url\":\"https:\\\/\\\/i0.wp.com\\\/lanordica.fi\\\/wp-content\\\/uploads\\\/2018\\\/03\\\/lanordica-fi.png?fit=768%2C282&ssl=1\",\"contentUrl\":\"https:\\\/\\\/i0.wp.com\\\/lanordica.fi\\\/wp-content\\\/uploads\\\/2018\\\/03\\\/lanordica-fi.png?fit=768%2C282&ssl=1\",\"width\":768,\"height\":282,\"caption\":\"La Nordica - Suomi\"},\"image\":{\"@id\":\"https:\\\/\\\/lanordica.fi\\\/#\\\/schema\\\/logo\\\/image\\\/\"}}]}<\/script>\n<!-- \/ Yoast SEO plugin. -->","yoast_head_json":{"title":"Ester Forno EVO - Paistouunilla - La Nordica - Suomi","description":"Vuolukivitakka paistouunilla. Tehokas l\u00e4mmitt\u00e4j\u00e4 joka my\u00f6s varaa l\u00e4mp\u00f6\u00e4, esimerkiksi vapaa-ajan asunnolle.","robots":{"index":"index","follow":"follow","max-snippet":"max-snippet:-1","max-image-preview":"max-image-preview:large","max-video-preview":"max-video-preview:-1"},"canonical":"https:\/\/lanordica.fi\/fi\/product\/ester-forno-uuni\/","og_locale":"fi_FI","og_type":"article","og_title":"Ester Forno EVO - Paistouunilla - La Nordica - Suomi","og_description":"Vuolukivitakka paistouunilla. Tehokas l\u00e4mmitt\u00e4j\u00e4 joka my\u00f6s varaa l\u00e4mp\u00f6\u00e4, esimerkiksi vapaa-ajan asunnolle.","og_url":"https:\/\/lanordica.fi\/fi\/product\/ester-forno-uuni\/","og_site_name":"La Nordica - Suomi","article_modified_time":"2026-05-08T08:27:02+00:00","og_image":[{"width":900,"height":900,"url":"https:\/\/lanordica.fi\/wp-content\/uploads\/2018\/05\/Ester-Forno-Vulcan-IK.jpg","type":"image\/jpeg"}],"twitter_card":"summary_large_image","twitter_misc":{"Arvioitu lukuaika":"2 minuuttia"},"schema":{"@context":"https:\/\/schema.org","@graph":[{"@type":"WebPage","@id":"https:\/\/lanordica.fi\/product\/ester-forno-uuni\/","url":"https:\/\/lanordica.fi\/product\/ester-forno-uuni\/","name":"Ester Forno EVO - Paistouunilla - La Nordica - Suomi","isPartOf":{"@id":"https:\/\/lanordica.fi\/#website"},"primaryImageOfPage":{"@id":"https:\/\/lanordica.fi\/product\/ester-forno-uuni\/#primaryimage"},"image":{"@id":"https:\/\/lanordica.fi\/product\/ester-forno-uuni\/#primaryimage"},"thumbnailUrl":"https:\/\/i0.wp.com\/lanordica.fi\/wp-content\/uploads\/2018\/05\/Ester-Forno-Vulcan-IK.jpg?fit=900%2C900&ssl=1","datePublished":"2018-05-04T13:24:23+00:00","dateModified":"2026-05-08T08:27:02+00:00","description":"Vuolukivitakka paistouunilla. Tehokas l\u00e4mmitt\u00e4j\u00e4 joka my\u00f6s varaa l\u00e4mp\u00f6\u00e4, esimerkiksi vapaa-ajan asunnolle.","breadcrumb":{"@id":"https:\/\/lanordica.fi\/product\/ester-forno-uuni\/#breadcrumb"},"inLanguage":"fi","potentialAction":[{"@type":"ReadAction","target":["https:\/\/lanordica.fi\/product\/ester-forno-uuni\/"]}]},{"@type":"ImageObject","inLanguage":"fi","@id":"https:\/\/lanordica.fi\/product\/ester-forno-uuni\/#primaryimage","url":"https:\/\/i0.wp.com\/lanordica.fi\/wp-content\/uploads\/2018\/05\/Ester-Forno-Vulcan-IK.jpg?fit=900%2C900&ssl=1","contentUrl":"https:\/\/i0.wp.com\/lanordica.fi\/wp-content\/uploads\/2018\/05\/Ester-Forno-Vulcan-IK.jpg?fit=900%2C900&ssl=1","width":900,"height":900},{"@type":"BreadcrumbList","@id":"https:\/\/lanordica.fi\/product\/ester-forno-uuni\/#breadcrumb","itemListElement":[{"@type":"ListItem","position":1,"name":"Home","item":"https:\/\/lanordica.fi\/"},{"@type":"ListItem","position":2,"name":"Kauppa","item":"https:\/\/lanordica.fi\/shop\/"},{"@type":"ListItem","position":3,"name":"Ester Forno EVO &#8211; Paistouunilla"}]},{"@type":"WebSite","@id":"https:\/\/lanordica.fi\/#website","url":"https:\/\/lanordica.fi\/","name":"La Nordica - Suomi","description":"L\u00e4mp\u00f6\u00e4 kotiisi","publisher":{"@id":"https:\/\/lanordica.fi\/#organization"},"potentialAction":[{"@type":"SearchAction","target":{"@type":"EntryPoint","urlTemplate":"https:\/\/lanordica.fi\/?s={search_term_string}"},"query-input":{"@type":"PropertyValueSpecification","valueRequired":true,"valueName":"search_term_string"}}],"inLanguage":"fi"},{"@type":"Organization","@id":"https:\/\/lanordica.fi\/#organization","name":"La Nordica - Suomi","url":"https:\/\/lanordica.fi\/","logo":{"@type":"ImageObject","inLanguage":"fi","@id":"https:\/\/lanordica.fi\/#\/schema\/logo\/image\/","url":"https:\/\/i0.wp.com\/lanordica.fi\/wp-content\/uploads\/2018\/03\/lanordica-fi.png?fit=768%2C282&ssl=1","contentUrl":"https:\/\/i0.wp.com\/lanordica.fi\/wp-content\/uploads\/2018\/03\/lanordica-fi.png?fit=768%2C282&ssl=1","width":768,"height":282,"caption":"La Nordica - Suomi"},"image":{"@id":"https:\/\/lanordica.fi\/#\/schema\/logo\/image\/"}}]}},"jetpack_publicize_connections":[],"jetpack_sharing_enabled":true,"jetpack_likes_enabled":true,"_links":{"self":[{"href":"https:\/\/lanordica.fi\/fi\/wp-json\/wp\/v2\/product\/611","targetHints":{"allow":["GET"]}}],"collection":[{"href":"https:\/\/lanordica.fi\/fi\/wp-json\/wp\/v2\/product"}],"about":[{"href":"https:\/\/lanordica.fi\/fi\/wp-json\/wp\/v2\/types\/product"}],"version-history":[{"count":8,"href":"https:\/\/lanordica.fi\/fi\/wp-json\/wp\/v2\/product\/611\/revisions"}],"predecessor-version":[{"id":14107,"href":"https:\/\/lanordica.fi\/fi\/wp-json\/wp\/v2\/product\/611\/revisions\/14107"}],"wp:featuredmedia":[{"embeddable":true,"href":"https:\/\/lanordica.fi\/fi\/wp-json\/wp\/v2\/media\/8543"}],"wp:attachment":[{"href":"https:\/\/lanordica.fi\/fi\/wp-json\/wp\/v2\/media?parent=611"}],"wp:term":[{"taxonomy":"product_brand","embeddable":true,"href":"https:\/\/lanordica.fi\/fi\/wp-json\/wp\/v2\/product_brand?post=611"},{"taxonomy":"product_cat","embeddable":true,"href":"https:\/\/lanordica.fi\/fi\/wp-json\/wp\/v2\/product_cat?post=611"},{"taxonomy":"product_tag","embeddable":true,"href":"https:\/\/lanordica.fi\/fi\/wp-json\/wp\/v2\/product_tag?post=611"}],"curies":[{"name":"wp","href":"https:\/\/api.w.org\/{rel}","templated":true}]}}