{"id":589,"date":"2018-05-04T12:30:42","date_gmt":"2018-05-04T12:30:42","guid":{"rendered":"https:\/\/lanordica.fi\/?post_type=product&#038;p=589"},"modified":"2026-05-08T09:17:49","modified_gmt":"2026-05-08T09:17:49","slug":"rossella-plus-forno","status":"publish","type":"product","link":"https:\/\/lanordica.fi\/fi\/product\/rossella-plus-forno\/","title":{"rendered":"ROSELLA PLUS FORNO.165 &#8211; Keittolevy ja uuni"},"content":{"rendered":"<p>Mitat (L x K x S):\u00a0 559 x 1359 x 536 mm<br \/>\nTeho:\u00a0 9,1 kW<br \/>\nPaino: 219 kg<br \/>\nTulipes\u00e4n koko: 374 x 420 x 370\u00a0 mm<br \/>\nLuukun koko: 355 x 245 mm<br \/>\nUunin koko: 330 x 300 x 370 mm<br \/>\nL\u00e4mmitysala: 229 m\u00b3<br \/>\nHormiliitos: 130 mm p\u00e4\u00e4lt\u00e4<br \/>\nS\u00e4\u00e4dett\u00e4v\u00e4 ensi\u00f6ilma: kyll\u00e4<br \/>\nS\u00e4\u00e4dett\u00e4v\u00e4 toisioilma: kyll\u00e4<br \/>\nTertiaari-ilma: esis\u00e4\u00e4detty<br \/>\nJ\u00e4lkipoltto: kyll\u00e4<br \/>\nHy\u00f6tysuhde: 80,9 %<br \/>\nPolttoaineen kulutus: 2,4 kg\/h<br \/>\nSavukaasujen keskil\u00e4mp\u00f6tila: 283 \u02daC<br \/>\nCO p\u00e4\u00e4st\u00f6t: 0,05 %<br \/>\nHiukkasp\u00e4\u00e4st\u00f6t: 25 mg\/m\u00b3 (13% O2)<\/p>\n<p>Suojaet\u00e4isyydet:<\/p>\n<p>Suojaet\u00e4isyys \u2013 pohja dB = 0 mm<br \/>\nSuojaet\u00e4isyys \u2013 edess\u00e4 oleva lattia dF = 1400 mm<br \/>\nSuojaet\u00e4isyys \u2013 katto dC = 750 mm<br \/>\nSuojaet\u00e4isyys \u2013 taakse dR = 300 mm<br \/>\nSuojaet\u00e4isyys \u2013 sivu dS = 400 mm<br \/>\nSuojaet\u00e4isyys \u2013 sivun s\u00e4teilyalue dL = 1400 mm<br \/>\nSuojaet\u00e4isyys \u2013 eteen dP = 1400 mm<\/p>\n<p>Suojaet\u00e4isyydell\u00e4 tarkoitetaan et\u00e4isyytt\u00e4 palavaan materiaaliin<br \/>\nPalamaton materiaali ei vaadi suojaet\u00e4isyytt\u00e4<br \/>\n*Edess\u00e4 olevan lattian osalta tulee noudattaa Suomen paloturvalakia (kipin\u00e4suoja 400 mm eteen, 100 mm sivuille luukusta). Vaikka tuotteelle olisi annettu suojaet\u00e4isyydeksi 0 mm, se ei kumoa paloturvalakiin m\u00e4\u00e4ritelty\u00e4 kipin\u00e4pellin vaatimusta.<\/p>\n<p>K\u00e4ytt\u00f6ohje: Kyll\u00e4, alkuper\u00e4isen ohjeen Suomi-k\u00e4\u00e4nn\u00f6s<br \/>\n<a href=\"https:\/\/www.lanordica-extraflame.com\/en\/products\/wood-stoves\/rossella-plus-forno-evo\">Valmistajan alkuper\u00e4iset sivut<\/a><br \/>\n<a href=\"https:\/\/www.lanordica-extraflame.com\/sites\/default\/files\/documenti_temp\/000000151-002_dop_rossella_plus_forno_evo.pdf\">Suoritustasoilmoitus.pdf<\/a><\/p>\n","protected":false},"excerpt":{"rendered":"<p>Iso takkakamiina ilmaj\u00e4\u00e4hdytetyill\u00e4 kyljill\u00e4 ja pienill\u00e4 turvaet\u00e4isyyksill\u00e4! Tulipes\u00e4n yl\u00e4puolella iso ja tehokas paistouuni. Kantena valurautainen keittotaso, jossa voit hauduttaa. Kookkaassa tulipes\u00e4ss\u00e4 on helppo pit\u00e4\u00e4 tulta pitk\u00e4\u00e4n, t\u00e4ysi pes\u00e4llinen isoja puita palaa useita tunteja. Tulipes\u00e4 kauttaaltaan valurautaa. Arinat ja tulipes\u00e4n pohja suistaa keskelle, ja ravisteltavalla arinalla voit sekoittaa tulipes\u00e4\u00e4 ilman, ett\u00e4 sinun t\u00e4ytyy avata tulipes\u00e4n luukkua. Ulosvedett\u00e4v\u00e4 tuhka-astia sijaitsee tulipes\u00e4n luukun takana.<\/p>\n","protected":false},"featured_media":594,"template":"","meta":{"_monsterinsights_skip_tracking":false,"_monsterinsights_sitenote_active":false,"_monsterinsights_sitenote_note":"","_monsterinsights_sitenote_category":0,"jetpack_publicize_message":"","jetpack_publicize_feature_enabled":true,"jetpack_social_post_already_shared":true,"jetpack_social_options":{"image_generator_settings":{"template":"highway","default_image_id":0,"font":"","enabled":false},"version":2},"_wpas_customize_per_network":false},"product_brand":[],"product_cat":[1372],"product_tag":[1428,1441,1398,1410,1447,1448,1477,1469,1389,1379],"class_list":{"0":"post-589","1":"product","2":"type-product","3":"status-publish","4":"has-post-thumbnail","6":"product_cat-takat-ja-kamiinat","7":"product_tag-beige","8":"product_tag-kamiina","9":"product_tag-keittolevy","10":"product_tag-keittotaso","11":"product_tag-keraaminen","12":"product_tag-keramiikka","13":"product_tag-paistouuni","14":"product_tag-punainen","15":"product_tag-uuni","16":"product_tag-vuolukivi","17":"product_shipping_class-takka-tai-kamiina","19":"first","20":"outofstock","21":"taxable","22":"shipping-taxable","23":"purchasable","24":"product-type-variable"},"yoast_head":"<!-- This site is optimized with the Yoast SEO plugin v27.5 - https:\/\/yoast.com\/product\/yoast-seo-wordpress\/ -->\n<title>ROSELLA PLUS FORNO.165 - Keittolevy ja uuni - La Nordica - Suomi<\/title>\n<meta name=\"description\" content=\"Kamiina paistouunilla ja keittotasolla. Vuolukiviset tai keraamiset kuoret. Kiertoilmatoiminto. Tulipes\u00e4 valurautaa.\" \/>\n<meta name=\"robots\" content=\"index, follow, max-snippet:-1, max-image-preview:large, max-video-preview:-1\" \/>\n<link rel=\"canonical\" href=\"https:\/\/lanordica.fi\/fi\/product\/rossella-plus-forno\/\" \/>\n<meta property=\"og:locale\" content=\"fi_FI\" \/>\n<meta property=\"og:type\" content=\"article\" \/>\n<meta property=\"og:title\" content=\"ROSELLA PLUS FORNO.165 - Keittolevy ja uuni - La Nordica - Suomi\" \/>\n<meta property=\"og:description\" content=\"Kamiina paistouunilla ja keittotasolla. Vuolukiviset tai keraamiset kuoret. Kiertoilmatoiminto. Tulipes\u00e4 valurautaa.\" \/>\n<meta property=\"og:url\" content=\"https:\/\/lanordica.fi\/fi\/product\/rossella-plus-forno\/\" \/>\n<meta property=\"og:site_name\" content=\"La Nordica - Suomi\" \/>\n<meta property=\"article:modified_time\" content=\"2026-05-08T09:17:49+00:00\" \/>\n<meta property=\"og:image\" content=\"https:\/\/lanordica.fi\/wp-content\/uploads\/2018\/05\/Rossella-Plus-Forno-vuolukivi.jpg\" \/>\n\t<meta property=\"og:image:width\" content=\"1200\" \/>\n\t<meta property=\"og:image:height\" content=\"1183\" \/>\n\t<meta property=\"og:image:type\" content=\"image\/jpeg\" \/>\n<meta name=\"twitter:card\" content=\"summary_large_image\" \/>\n<meta name=\"twitter:label1\" content=\"Arvioitu lukuaika\" \/>\n\t<meta name=\"twitter:data1\" content=\"2 minuuttia\" \/>\n<script type=\"application\/ld+json\" class=\"yoast-schema-graph\">{\"@context\":\"https:\\\/\\\/schema.org\",\"@graph\":[{\"@type\":\"WebPage\",\"@id\":\"https:\\\/\\\/lanordica.fi\\\/product\\\/rossella-plus-forno\\\/\",\"url\":\"https:\\\/\\\/lanordica.fi\\\/product\\\/rossella-plus-forno\\\/\",\"name\":\"ROSELLA PLUS FORNO.165 - Keittolevy ja uuni - La Nordica - Suomi\",\"isPartOf\":{\"@id\":\"https:\\\/\\\/lanordica.fi\\\/#website\"},\"primaryImageOfPage\":{\"@id\":\"https:\\\/\\\/lanordica.fi\\\/product\\\/rossella-plus-forno\\\/#primaryimage\"},\"image\":{\"@id\":\"https:\\\/\\\/lanordica.fi\\\/product\\\/rossella-plus-forno\\\/#primaryimage\"},\"thumbnailUrl\":\"https:\\\/\\\/i0.wp.com\\\/lanordica.fi\\\/wp-content\\\/uploads\\\/2018\\\/05\\\/Rossella-Plus-Forno-vuolukivi.jpg?fit=1200%2C1183&ssl=1\",\"datePublished\":\"2018-05-04T12:30:42+00:00\",\"dateModified\":\"2026-05-08T09:17:49+00:00\",\"description\":\"Kamiina paistouunilla ja keittotasolla. Vuolukiviset tai keraamiset kuoret. Kiertoilmatoiminto. Tulipes\u00e4 valurautaa.\",\"breadcrumb\":{\"@id\":\"https:\\\/\\\/lanordica.fi\\\/product\\\/rossella-plus-forno\\\/#breadcrumb\"},\"inLanguage\":\"fi\",\"potentialAction\":[{\"@type\":\"ReadAction\",\"target\":[\"https:\\\/\\\/lanordica.fi\\\/product\\\/rossella-plus-forno\\\/\"]}]},{\"@type\":\"ImageObject\",\"inLanguage\":\"fi\",\"@id\":\"https:\\\/\\\/lanordica.fi\\\/product\\\/rossella-plus-forno\\\/#primaryimage\",\"url\":\"https:\\\/\\\/i0.wp.com\\\/lanordica.fi\\\/wp-content\\\/uploads\\\/2018\\\/05\\\/Rossella-Plus-Forno-vuolukivi.jpg?fit=1200%2C1183&ssl=1\",\"contentUrl\":\"https:\\\/\\\/i0.wp.com\\\/lanordica.fi\\\/wp-content\\\/uploads\\\/2018\\\/05\\\/Rossella-Plus-Forno-vuolukivi.jpg?fit=1200%2C1183&ssl=1\",\"width\":1200,\"height\":1183},{\"@type\":\"BreadcrumbList\",\"@id\":\"https:\\\/\\\/lanordica.fi\\\/product\\\/rossella-plus-forno\\\/#breadcrumb\",\"itemListElement\":[{\"@type\":\"ListItem\",\"position\":1,\"name\":\"Home\",\"item\":\"https:\\\/\\\/lanordica.fi\\\/\"},{\"@type\":\"ListItem\",\"position\":2,\"name\":\"Kauppa\",\"item\":\"https:\\\/\\\/lanordica.fi\\\/shop\\\/\"},{\"@type\":\"ListItem\",\"position\":3,\"name\":\"ROSELLA PLUS FORNO.165 &#8211; Keittolevy ja uuni\"}]},{\"@type\":\"WebSite\",\"@id\":\"https:\\\/\\\/lanordica.fi\\\/#website\",\"url\":\"https:\\\/\\\/lanordica.fi\\\/\",\"name\":\"La Nordica - Suomi\",\"description\":\"L\u00e4mp\u00f6\u00e4 kotiisi\",\"publisher\":{\"@id\":\"https:\\\/\\\/lanordica.fi\\\/#organization\"},\"potentialAction\":[{\"@type\":\"SearchAction\",\"target\":{\"@type\":\"EntryPoint\",\"urlTemplate\":\"https:\\\/\\\/lanordica.fi\\\/?s={search_term_string}\"},\"query-input\":{\"@type\":\"PropertyValueSpecification\",\"valueRequired\":true,\"valueName\":\"search_term_string\"}}],\"inLanguage\":\"fi\"},{\"@type\":\"Organization\",\"@id\":\"https:\\\/\\\/lanordica.fi\\\/#organization\",\"name\":\"La Nordica - Suomi\",\"url\":\"https:\\\/\\\/lanordica.fi\\\/\",\"logo\":{\"@type\":\"ImageObject\",\"inLanguage\":\"fi\",\"@id\":\"https:\\\/\\\/lanordica.fi\\\/#\\\/schema\\\/logo\\\/image\\\/\",\"url\":\"https:\\\/\\\/i0.wp.com\\\/lanordica.fi\\\/wp-content\\\/uploads\\\/2018\\\/03\\\/lanordica-fi.png?fit=768%2C282&ssl=1\",\"contentUrl\":\"https:\\\/\\\/i0.wp.com\\\/lanordica.fi\\\/wp-content\\\/uploads\\\/2018\\\/03\\\/lanordica-fi.png?fit=768%2C282&ssl=1\",\"width\":768,\"height\":282,\"caption\":\"La Nordica - Suomi\"},\"image\":{\"@id\":\"https:\\\/\\\/lanordica.fi\\\/#\\\/schema\\\/logo\\\/image\\\/\"}}]}<\/script>\n<!-- \/ Yoast SEO plugin. -->","yoast_head_json":{"title":"ROSELLA PLUS FORNO.165 - Keittolevy ja uuni - La Nordica - Suomi","description":"Kamiina paistouunilla ja keittotasolla. Vuolukiviset tai keraamiset kuoret. Kiertoilmatoiminto. Tulipes\u00e4 valurautaa.","robots":{"index":"index","follow":"follow","max-snippet":"max-snippet:-1","max-image-preview":"max-image-preview:large","max-video-preview":"max-video-preview:-1"},"canonical":"https:\/\/lanordica.fi\/fi\/product\/rossella-plus-forno\/","og_locale":"fi_FI","og_type":"article","og_title":"ROSELLA PLUS FORNO.165 - Keittolevy ja uuni - La Nordica - Suomi","og_description":"Kamiina paistouunilla ja keittotasolla. Vuolukiviset tai keraamiset kuoret. Kiertoilmatoiminto. Tulipes\u00e4 valurautaa.","og_url":"https:\/\/lanordica.fi\/fi\/product\/rossella-plus-forno\/","og_site_name":"La Nordica - Suomi","article_modified_time":"2026-05-08T09:17:49+00:00","og_image":[{"width":1200,"height":1183,"url":"https:\/\/lanordica.fi\/wp-content\/uploads\/2018\/05\/Rossella-Plus-Forno-vuolukivi.jpg","type":"image\/jpeg"}],"twitter_card":"summary_large_image","twitter_misc":{"Arvioitu lukuaika":"2 minuuttia"},"schema":{"@context":"https:\/\/schema.org","@graph":[{"@type":"WebPage","@id":"https:\/\/lanordica.fi\/product\/rossella-plus-forno\/","url":"https:\/\/lanordica.fi\/product\/rossella-plus-forno\/","name":"ROSELLA PLUS FORNO.165 - Keittolevy ja uuni - La Nordica - Suomi","isPartOf":{"@id":"https:\/\/lanordica.fi\/#website"},"primaryImageOfPage":{"@id":"https:\/\/lanordica.fi\/product\/rossella-plus-forno\/#primaryimage"},"image":{"@id":"https:\/\/lanordica.fi\/product\/rossella-plus-forno\/#primaryimage"},"thumbnailUrl":"https:\/\/i0.wp.com\/lanordica.fi\/wp-content\/uploads\/2018\/05\/Rossella-Plus-Forno-vuolukivi.jpg?fit=1200%2C1183&ssl=1","datePublished":"2018-05-04T12:30:42+00:00","dateModified":"2026-05-08T09:17:49+00:00","description":"Kamiina paistouunilla ja keittotasolla. Vuolukiviset tai keraamiset kuoret. Kiertoilmatoiminto. Tulipes\u00e4 valurautaa.","breadcrumb":{"@id":"https:\/\/lanordica.fi\/product\/rossella-plus-forno\/#breadcrumb"},"inLanguage":"fi","potentialAction":[{"@type":"ReadAction","target":["https:\/\/lanordica.fi\/product\/rossella-plus-forno\/"]}]},{"@type":"ImageObject","inLanguage":"fi","@id":"https:\/\/lanordica.fi\/product\/rossella-plus-forno\/#primaryimage","url":"https:\/\/i0.wp.com\/lanordica.fi\/wp-content\/uploads\/2018\/05\/Rossella-Plus-Forno-vuolukivi.jpg?fit=1200%2C1183&ssl=1","contentUrl":"https:\/\/i0.wp.com\/lanordica.fi\/wp-content\/uploads\/2018\/05\/Rossella-Plus-Forno-vuolukivi.jpg?fit=1200%2C1183&ssl=1","width":1200,"height":1183},{"@type":"BreadcrumbList","@id":"https:\/\/lanordica.fi\/product\/rossella-plus-forno\/#breadcrumb","itemListElement":[{"@type":"ListItem","position":1,"name":"Home","item":"https:\/\/lanordica.fi\/"},{"@type":"ListItem","position":2,"name":"Kauppa","item":"https:\/\/lanordica.fi\/shop\/"},{"@type":"ListItem","position":3,"name":"ROSELLA PLUS FORNO.165 &#8211; Keittolevy ja uuni"}]},{"@type":"WebSite","@id":"https:\/\/lanordica.fi\/#website","url":"https:\/\/lanordica.fi\/","name":"La Nordica - Suomi","description":"L\u00e4mp\u00f6\u00e4 kotiisi","publisher":{"@id":"https:\/\/lanordica.fi\/#organization"},"potentialAction":[{"@type":"SearchAction","target":{"@type":"EntryPoint","urlTemplate":"https:\/\/lanordica.fi\/?s={search_term_string}"},"query-input":{"@type":"PropertyValueSpecification","valueRequired":true,"valueName":"search_term_string"}}],"inLanguage":"fi"},{"@type":"Organization","@id":"https:\/\/lanordica.fi\/#organization","name":"La Nordica - Suomi","url":"https:\/\/lanordica.fi\/","logo":{"@type":"ImageObject","inLanguage":"fi","@id":"https:\/\/lanordica.fi\/#\/schema\/logo\/image\/","url":"https:\/\/i0.wp.com\/lanordica.fi\/wp-content\/uploads\/2018\/03\/lanordica-fi.png?fit=768%2C282&ssl=1","contentUrl":"https:\/\/i0.wp.com\/lanordica.fi\/wp-content\/uploads\/2018\/03\/lanordica-fi.png?fit=768%2C282&ssl=1","width":768,"height":282,"caption":"La Nordica - Suomi"},"image":{"@id":"https:\/\/lanordica.fi\/#\/schema\/logo\/image\/"}}]}},"jetpack_publicize_connections":[],"jetpack_sharing_enabled":true,"jetpack_likes_enabled":true,"_links":{"self":[{"href":"https:\/\/lanordica.fi\/fi\/wp-json\/wp\/v2\/product\/589","targetHints":{"allow":["GET"]}}],"collection":[{"href":"https:\/\/lanordica.fi\/fi\/wp-json\/wp\/v2\/product"}],"about":[{"href":"https:\/\/lanordica.fi\/fi\/wp-json\/wp\/v2\/types\/product"}],"version-history":[{"count":8,"href":"https:\/\/lanordica.fi\/fi\/wp-json\/wp\/v2\/product\/589\/revisions"}],"predecessor-version":[{"id":14125,"href":"https:\/\/lanordica.fi\/fi\/wp-json\/wp\/v2\/product\/589\/revisions\/14125"}],"wp:featuredmedia":[{"embeddable":true,"href":"https:\/\/lanordica.fi\/fi\/wp-json\/wp\/v2\/media\/594"}],"wp:attachment":[{"href":"https:\/\/lanordica.fi\/fi\/wp-json\/wp\/v2\/media?parent=589"}],"wp:term":[{"taxonomy":"product_brand","embeddable":true,"href":"https:\/\/lanordica.fi\/fi\/wp-json\/wp\/v2\/product_brand?post=589"},{"taxonomy":"product_cat","embeddable":true,"href":"https:\/\/lanordica.fi\/fi\/wp-json\/wp\/v2\/product_cat?post=589"},{"taxonomy":"product_tag","embeddable":true,"href":"https:\/\/lanordica.fi\/fi\/wp-json\/wp\/v2\/product_tag?post=589"}],"curies":[{"name":"wp","href":"https:\/\/api.w.org\/{rel}","templated":true}]}}