{"id":5752,"date":"2021-07-16T08:19:24","date_gmt":"2021-07-16T08:19:24","guid":{"rendered":"https:\/\/lanordica.fi\/?post_type=product&#038;p=5752"},"modified":"2025-04-15T07:16:46","modified_gmt":"2025-04-15T07:16:46","slug":"verona-xxl-vuolukivi-uutuus","status":"publish","type":"product","link":"https:\/\/lanordica.fi\/fi\/product\/verona-xxl-vuolukivi-uutuus\/","title":{"rendered":"Verona XXL &#8211; Vuolukivi"},"content":{"rendered":"<p>Mitat (L x K x S): 800 x 850-910 x 644 mm (s\u00e4\u00e4t\u00f6jalat alla)<br \/>\nTeho: 7 kW<br \/>\nPaino: 220 kg<br \/>\nTulipes\u00e4n koko: 568 x 215 x 240 mm<br \/>\nLuukun koko: 500 x 160 mm<br \/>\nUunin koko: 547 x 275 x 450 mm<br \/>\nL\u00e4mmitysala: 200 m\u00b3<br \/>\nHormiliitos: 150 mm p\u00e4\u00e4lt\u00e4, takaa<br \/>\nS\u00e4\u00e4dett\u00e4v\u00e4 ensi\u00f6ilma: kyll\u00e4<br \/>\nS\u00e4\u00e4dett\u00e4v\u00e4 toisioilma: kyll\u00e4<br \/>\nTertiaari-ilma: esis\u00e4\u00e4detty<br \/>\nJ\u00e4lkipoltto: kyll\u00e4<br \/>\nHy\u00f6tysuhde: 85,1 %<br \/>\nPolttoaineen kulutus: 1,9 kg\/h<br \/>\nSavukaasujen keskil\u00e4mp\u00f6tila: 207 \u00b0C<br \/>\nCO p\u00e4\u00e4st\u00f6t: 0,084 %<br \/>\nHiukkasp\u00e4\u00e4st\u00f6t: 5,7 mg\/m\u00b3 (13% O2)<\/p>\n<p>Suojaet\u00e4isyydet:<br \/>\nTaakse: 300 mm*<br \/>\nEteen: 1000 mm*<br \/>\nSivulla: Keittolevyn alapuolella 50 mm, Keittolevyn yl\u00e4puolella\u00a0400\u00a0mm<br \/>\n*Hyv\u00e4ksynt\u00e4 k\u00e4ynniss\u00e4<\/p>\n<p>&nbsp;<\/p>\n<p>K\u00e4ytt\u00f6ohje: Kyll\u00e4, alkuper\u00e4isen ohjeen Suomi-k\u00e4\u00e4nn\u00f6s<br \/>\n<a href=\"https:\/\/www.lanordica-extraflame.com\/en\/products\/woodburning-cookers\/verona-xxl-petra-maiolica\">Valmistajan alkuper\u00e4iset sivut<\/a><br \/>\n<a href=\"https:\/\/www.lanordica-extraflame.com\/sites\/default\/files\/documenti_temp\/007193082-000_dop_verona_xxl.pdf\">Suoritustasoilmoitus.pdf<\/a><\/p>\n<p><strong>Hellan mukana toimitetaan uunipelti sek\u00e4 uuniritil\u00e4<\/strong><\/p>\n","protected":false},"excerpt":{"rendered":"<p>T\u00e4m\u00e4 tuote t\u00e4ytt\u00e4\u00e4 2022 Ekosuunnittelu vaatimukset<\/p>\n<p>Kalusteisiin integroitava Verona puuhella nyt <a href=\"https:\/\/lanordica.fi\/product\/verona-xxl-mailica\/\">keraamisilla<\/a> ja vuolukivikuorilla! 54 cm leve\u00e4 valurautainen ja keraaminen tulipes\u00e4. Tulipes\u00e4 yl\u00e4puolella ja tehokas paistouuni alhaalla. Tulipes\u00e4ss\u00e4 tuplalasi v\u00e4hent\u00e4m\u00e4ss\u00e4 kokkaajan jalkoihin s\u00e4teilev\u00e4\u00e4 l\u00e4mp\u00f6\u00e4. Valurautainen tehokas keittotaso p\u00e4\u00e4ll\u00e4. Suoravetopelti mahdollistaa savun kulkemisen jatkuvasti yl\u00f6sp\u00e4in sytytysvaiheessa, jolloin veto on hyv\u00e4 huonovetoisissakin hormeissa. Kun suoraveto k\u00e4\u00e4nnet\u00e4\u00e4n kierrolle, savukaasut kulkevat alla sijaitsevan paistouunin ymp\u00e4ri ennen hormiin poistumista. Paistouunissa mahdollisuus valolle, mik\u00e4li s\u00e4hk\u00f6liit\u00e4nt\u00e4 kytket\u00e4\u00e4n.<\/p>\n<p>Hormiliit\u00e4nn\u00e4t vakiona taakse ja p\u00e4\u00e4lle. Keraamikuorilla varustettua mallia ei ole mahdolista liitt\u00e4\u00e4 kyljest\u00e4. T\u00e4h\u00e4n tarkoitukseen soveltuu malli <a href=\"https:\/\/lanordica.fi\/product\/verona-xxl-ruostumaton-teras\/\">Verona XXL<\/a>. Turvaet\u00e4isyys sivuille 0 cm jo hellassa vakiona olevien suojaseinien ansiosta. Tarkista yl\u00e4puoliset suojaet\u00e4isyydet suojaet\u00e4isyyspiirrustuksesta.<\/p>\n<p>Tulipes\u00e4n ja uunin luukkujen\u00a0 k\u00e4tisyys vaihdettavissa. Mahdollisuus s\u00e4hk\u00f6kytkenn\u00e4lle, jolla saadaan uuniin valo (G9 kanta 25 W). S\u00e4\u00e4dett\u00e4v\u00e4t seisontajalat.<\/p>\n<p><strong>Takuu 2+3 vuotta<\/strong> kaikille tuotteille jotka hankitaan t\u00e4lle sivulle listatusta myym\u00e4l\u00e4st\u00e4.<br \/>\nLis\u00e4takuun rekister\u00f6inti <a href=\"https:\/\/lanordica.fi\/rekisteroi-lanordican-lisatakuu\/\">t\u00e4st\u00e4<\/a><\/p>\n","protected":false},"featured_media":5755,"template":"","meta":{"_monsterinsights_skip_tracking":false,"_monsterinsights_sitenote_active":false,"_monsterinsights_sitenote_note":"","_monsterinsights_sitenote_category":0,"jetpack_publicize_message":"","jetpack_publicize_feature_enabled":true,"jetpack_social_post_already_shared":true,"jetpack_social_options":{"image_generator_settings":{"template":"highway","default_image_id":0,"font":"","enabled":false},"version":2},"_wpas_customize_per_network":false},"product_brand":[],"product_cat":[1373],"product_tag":[1420,1414,1398,1415,1417,1419,1421,1381,1458,1418,1416,1408,1389,1392,1427],"class_list":{"0":"post-5752","1":"product","2":"type-product","3":"status-publish","4":"has-post-thumbnail","6":"product_cat-puuhellat","7":"product_tag-80cm","8":"product_tag-iso-uuni","9":"product_tag-keittolevy","10":"product_tag-keraaminen-keittotaso","11":"product_tag-kylkilahto","12":"product_tag-kylkiliitos","13":"product_tag-leveys-80","14":"product_tag-puuhella","15":"product_tag-ruostumaton-teras","16":"product_tag-sivulahto","17":"product_tag-sivuliitos","18":"product_tag-tuplalasi","19":"product_tag-uuni","20":"product_tag-uunipelti","21":"product_tag-valkoinen","22":"product_shipping_class-puuhella","24":"first","25":"onbackorder","26":"taxable","27":"shipping-taxable","28":"purchasable","29":"product-type-simple"},"yoast_head":"<!-- This site is optimized with the Yoast SEO plugin v27.5 - https:\/\/yoast.com\/product\/yoast-seo-wordpress\/ -->\n<title>Verona XXL - Vuolukivi - La Nordica - Suomi<\/title>\n<meta name=\"description\" content=\"Vuolukivikuorilla varustettu puuhella 54 cm leve\u00e4ll\u00e4 tulipes\u00e4ll\u00e4. Puuhella voidaan integroida keitti\u00f6kalusteisiin.\" \/>\n<meta name=\"robots\" content=\"index, follow, max-snippet:-1, max-image-preview:large, max-video-preview:-1\" \/>\n<link rel=\"canonical\" href=\"https:\/\/lanordica.fi\/fi\/product\/verona-xxl-vuolukivi-uutuus\/\" \/>\n<meta property=\"og:locale\" content=\"fi_FI\" \/>\n<meta property=\"og:type\" content=\"article\" \/>\n<meta property=\"og:title\" content=\"Verona XXL - Vuolukivi - La Nordica - Suomi\" \/>\n<meta property=\"og:description\" content=\"Vuolukivikuorilla varustettu puuhella 54 cm leve\u00e4ll\u00e4 tulipes\u00e4ll\u00e4. Puuhella voidaan integroida keitti\u00f6kalusteisiin.\" \/>\n<meta property=\"og:url\" content=\"https:\/\/lanordica.fi\/fi\/product\/verona-xxl-vuolukivi-uutuus\/\" \/>\n<meta property=\"og:site_name\" content=\"La Nordica - Suomi\" \/>\n<meta property=\"article:modified_time\" content=\"2025-04-15T07:16:46+00:00\" \/>\n<meta property=\"og:image\" content=\"https:\/\/lanordica.fi\/wp-content\/uploads\/2021\/07\/verona-xxl_vuolukivi.jpg\" \/>\n\t<meta property=\"og:image:width\" content=\"582\" \/>\n\t<meta property=\"og:image:height\" content=\"542\" \/>\n\t<meta property=\"og:image:type\" content=\"image\/jpeg\" \/>\n<meta name=\"twitter:card\" content=\"summary_large_image\" \/>\n<meta name=\"twitter:label1\" content=\"Arvioitu lukuaika\" \/>\n\t<meta name=\"twitter:data1\" content=\"1 minuutti\" \/>\n<script type=\"application\/ld+json\" class=\"yoast-schema-graph\">{\"@context\":\"https:\\\/\\\/schema.org\",\"@graph\":[{\"@type\":\"WebPage\",\"@id\":\"https:\\\/\\\/lanordica.fi\\\/product\\\/verona-xxl-vuolukivi-uutuus\\\/\",\"url\":\"https:\\\/\\\/lanordica.fi\\\/product\\\/verona-xxl-vuolukivi-uutuus\\\/\",\"name\":\"Verona XXL - Vuolukivi - La Nordica - Suomi\",\"isPartOf\":{\"@id\":\"https:\\\/\\\/lanordica.fi\\\/#website\"},\"primaryImageOfPage\":{\"@id\":\"https:\\\/\\\/lanordica.fi\\\/product\\\/verona-xxl-vuolukivi-uutuus\\\/#primaryimage\"},\"image\":{\"@id\":\"https:\\\/\\\/lanordica.fi\\\/product\\\/verona-xxl-vuolukivi-uutuus\\\/#primaryimage\"},\"thumbnailUrl\":\"https:\\\/\\\/i0.wp.com\\\/lanordica.fi\\\/wp-content\\\/uploads\\\/2021\\\/07\\\/verona-xxl_vuolukivi.jpg?fit=582%2C542&ssl=1\",\"datePublished\":\"2021-07-16T08:19:24+00:00\",\"dateModified\":\"2025-04-15T07:16:46+00:00\",\"description\":\"Vuolukivikuorilla varustettu puuhella 54 cm leve\u00e4ll\u00e4 tulipes\u00e4ll\u00e4. Puuhella voidaan integroida keitti\u00f6kalusteisiin.\",\"breadcrumb\":{\"@id\":\"https:\\\/\\\/lanordica.fi\\\/product\\\/verona-xxl-vuolukivi-uutuus\\\/#breadcrumb\"},\"inLanguage\":\"fi\",\"potentialAction\":[{\"@type\":\"ReadAction\",\"target\":[\"https:\\\/\\\/lanordica.fi\\\/product\\\/verona-xxl-vuolukivi-uutuus\\\/\"]}]},{\"@type\":\"ImageObject\",\"inLanguage\":\"fi\",\"@id\":\"https:\\\/\\\/lanordica.fi\\\/product\\\/verona-xxl-vuolukivi-uutuus\\\/#primaryimage\",\"url\":\"https:\\\/\\\/i0.wp.com\\\/lanordica.fi\\\/wp-content\\\/uploads\\\/2021\\\/07\\\/verona-xxl_vuolukivi.jpg?fit=582%2C542&ssl=1\",\"contentUrl\":\"https:\\\/\\\/i0.wp.com\\\/lanordica.fi\\\/wp-content\\\/uploads\\\/2021\\\/07\\\/verona-xxl_vuolukivi.jpg?fit=582%2C542&ssl=1\",\"width\":582,\"height\":542,\"caption\":\"Verona XXL versio vuolukivikuorilla\"},{\"@type\":\"BreadcrumbList\",\"@id\":\"https:\\\/\\\/lanordica.fi\\\/product\\\/verona-xxl-vuolukivi-uutuus\\\/#breadcrumb\",\"itemListElement\":[{\"@type\":\"ListItem\",\"position\":1,\"name\":\"Home\",\"item\":\"https:\\\/\\\/lanordica.fi\\\/\"},{\"@type\":\"ListItem\",\"position\":2,\"name\":\"Kauppa\",\"item\":\"https:\\\/\\\/lanordica.fi\\\/shop\\\/\"},{\"@type\":\"ListItem\",\"position\":3,\"name\":\"Verona XXL &#8211; Vuolukivi\"}]},{\"@type\":\"WebSite\",\"@id\":\"https:\\\/\\\/lanordica.fi\\\/#website\",\"url\":\"https:\\\/\\\/lanordica.fi\\\/\",\"name\":\"La Nordica - Suomi\",\"description\":\"L\u00e4mp\u00f6\u00e4 kotiisi\",\"publisher\":{\"@id\":\"https:\\\/\\\/lanordica.fi\\\/#organization\"},\"potentialAction\":[{\"@type\":\"SearchAction\",\"target\":{\"@type\":\"EntryPoint\",\"urlTemplate\":\"https:\\\/\\\/lanordica.fi\\\/?s={search_term_string}\"},\"query-input\":{\"@type\":\"PropertyValueSpecification\",\"valueRequired\":true,\"valueName\":\"search_term_string\"}}],\"inLanguage\":\"fi\"},{\"@type\":\"Organization\",\"@id\":\"https:\\\/\\\/lanordica.fi\\\/#organization\",\"name\":\"La Nordica - Suomi\",\"url\":\"https:\\\/\\\/lanordica.fi\\\/\",\"logo\":{\"@type\":\"ImageObject\",\"inLanguage\":\"fi\",\"@id\":\"https:\\\/\\\/lanordica.fi\\\/#\\\/schema\\\/logo\\\/image\\\/\",\"url\":\"https:\\\/\\\/i0.wp.com\\\/lanordica.fi\\\/wp-content\\\/uploads\\\/2018\\\/03\\\/lanordica-fi.png?fit=768%2C282&ssl=1\",\"contentUrl\":\"https:\\\/\\\/i0.wp.com\\\/lanordica.fi\\\/wp-content\\\/uploads\\\/2018\\\/03\\\/lanordica-fi.png?fit=768%2C282&ssl=1\",\"width\":768,\"height\":282,\"caption\":\"La Nordica - Suomi\"},\"image\":{\"@id\":\"https:\\\/\\\/lanordica.fi\\\/#\\\/schema\\\/logo\\\/image\\\/\"}}]}<\/script>\n<!-- \/ Yoast SEO plugin. -->","yoast_head_json":{"title":"Verona XXL - Vuolukivi - La Nordica - Suomi","description":"Vuolukivikuorilla varustettu puuhella 54 cm leve\u00e4ll\u00e4 tulipes\u00e4ll\u00e4. Puuhella voidaan integroida keitti\u00f6kalusteisiin.","robots":{"index":"index","follow":"follow","max-snippet":"max-snippet:-1","max-image-preview":"max-image-preview:large","max-video-preview":"max-video-preview:-1"},"canonical":"https:\/\/lanordica.fi\/fi\/product\/verona-xxl-vuolukivi-uutuus\/","og_locale":"fi_FI","og_type":"article","og_title":"Verona XXL - Vuolukivi - La Nordica - Suomi","og_description":"Vuolukivikuorilla varustettu puuhella 54 cm leve\u00e4ll\u00e4 tulipes\u00e4ll\u00e4. Puuhella voidaan integroida keitti\u00f6kalusteisiin.","og_url":"https:\/\/lanordica.fi\/fi\/product\/verona-xxl-vuolukivi-uutuus\/","og_site_name":"La Nordica - Suomi","article_modified_time":"2025-04-15T07:16:46+00:00","og_image":[{"width":582,"height":542,"url":"https:\/\/lanordica.fi\/wp-content\/uploads\/2021\/07\/verona-xxl_vuolukivi.jpg","type":"image\/jpeg"}],"twitter_card":"summary_large_image","twitter_misc":{"Arvioitu lukuaika":"1 minuutti"},"schema":{"@context":"https:\/\/schema.org","@graph":[{"@type":"WebPage","@id":"https:\/\/lanordica.fi\/product\/verona-xxl-vuolukivi-uutuus\/","url":"https:\/\/lanordica.fi\/product\/verona-xxl-vuolukivi-uutuus\/","name":"Verona XXL - Vuolukivi - La Nordica - Suomi","isPartOf":{"@id":"https:\/\/lanordica.fi\/#website"},"primaryImageOfPage":{"@id":"https:\/\/lanordica.fi\/product\/verona-xxl-vuolukivi-uutuus\/#primaryimage"},"image":{"@id":"https:\/\/lanordica.fi\/product\/verona-xxl-vuolukivi-uutuus\/#primaryimage"},"thumbnailUrl":"https:\/\/i0.wp.com\/lanordica.fi\/wp-content\/uploads\/2021\/07\/verona-xxl_vuolukivi.jpg?fit=582%2C542&ssl=1","datePublished":"2021-07-16T08:19:24+00:00","dateModified":"2025-04-15T07:16:46+00:00","description":"Vuolukivikuorilla varustettu puuhella 54 cm leve\u00e4ll\u00e4 tulipes\u00e4ll\u00e4. Puuhella voidaan integroida keitti\u00f6kalusteisiin.","breadcrumb":{"@id":"https:\/\/lanordica.fi\/product\/verona-xxl-vuolukivi-uutuus\/#breadcrumb"},"inLanguage":"fi","potentialAction":[{"@type":"ReadAction","target":["https:\/\/lanordica.fi\/product\/verona-xxl-vuolukivi-uutuus\/"]}]},{"@type":"ImageObject","inLanguage":"fi","@id":"https:\/\/lanordica.fi\/product\/verona-xxl-vuolukivi-uutuus\/#primaryimage","url":"https:\/\/i0.wp.com\/lanordica.fi\/wp-content\/uploads\/2021\/07\/verona-xxl_vuolukivi.jpg?fit=582%2C542&ssl=1","contentUrl":"https:\/\/i0.wp.com\/lanordica.fi\/wp-content\/uploads\/2021\/07\/verona-xxl_vuolukivi.jpg?fit=582%2C542&ssl=1","width":582,"height":542,"caption":"Verona XXL versio vuolukivikuorilla"},{"@type":"BreadcrumbList","@id":"https:\/\/lanordica.fi\/product\/verona-xxl-vuolukivi-uutuus\/#breadcrumb","itemListElement":[{"@type":"ListItem","position":1,"name":"Home","item":"https:\/\/lanordica.fi\/"},{"@type":"ListItem","position":2,"name":"Kauppa","item":"https:\/\/lanordica.fi\/shop\/"},{"@type":"ListItem","position":3,"name":"Verona XXL &#8211; Vuolukivi"}]},{"@type":"WebSite","@id":"https:\/\/lanordica.fi\/#website","url":"https:\/\/lanordica.fi\/","name":"La Nordica - Suomi","description":"L\u00e4mp\u00f6\u00e4 kotiisi","publisher":{"@id":"https:\/\/lanordica.fi\/#organization"},"potentialAction":[{"@type":"SearchAction","target":{"@type":"EntryPoint","urlTemplate":"https:\/\/lanordica.fi\/?s={search_term_string}"},"query-input":{"@type":"PropertyValueSpecification","valueRequired":true,"valueName":"search_term_string"}}],"inLanguage":"fi"},{"@type":"Organization","@id":"https:\/\/lanordica.fi\/#organization","name":"La Nordica - Suomi","url":"https:\/\/lanordica.fi\/","logo":{"@type":"ImageObject","inLanguage":"fi","@id":"https:\/\/lanordica.fi\/#\/schema\/logo\/image\/","url":"https:\/\/i0.wp.com\/lanordica.fi\/wp-content\/uploads\/2018\/03\/lanordica-fi.png?fit=768%2C282&ssl=1","contentUrl":"https:\/\/i0.wp.com\/lanordica.fi\/wp-content\/uploads\/2018\/03\/lanordica-fi.png?fit=768%2C282&ssl=1","width":768,"height":282,"caption":"La Nordica - Suomi"},"image":{"@id":"https:\/\/lanordica.fi\/#\/schema\/logo\/image\/"}}]}},"jetpack_publicize_connections":[],"jetpack_sharing_enabled":true,"jetpack_likes_enabled":true,"_links":{"self":[{"href":"https:\/\/lanordica.fi\/fi\/wp-json\/wp\/v2\/product\/5752","targetHints":{"allow":["GET"]}}],"collection":[{"href":"https:\/\/lanordica.fi\/fi\/wp-json\/wp\/v2\/product"}],"about":[{"href":"https:\/\/lanordica.fi\/fi\/wp-json\/wp\/v2\/types\/product"}],"version-history":[{"count":7,"href":"https:\/\/lanordica.fi\/fi\/wp-json\/wp\/v2\/product\/5752\/revisions"}],"predecessor-version":[{"id":11584,"href":"https:\/\/lanordica.fi\/fi\/wp-json\/wp\/v2\/product\/5752\/revisions\/11584"}],"wp:featuredmedia":[{"embeddable":true,"href":"https:\/\/lanordica.fi\/fi\/wp-json\/wp\/v2\/media\/5755"}],"wp:attachment":[{"href":"https:\/\/lanordica.fi\/fi\/wp-json\/wp\/v2\/media?parent=5752"}],"wp:term":[{"taxonomy":"product_brand","embeddable":true,"href":"https:\/\/lanordica.fi\/fi\/wp-json\/wp\/v2\/product_brand?post=5752"},{"taxonomy":"product_cat","embeddable":true,"href":"https:\/\/lanordica.fi\/fi\/wp-json\/wp\/v2\/product_cat?post=5752"},{"taxonomy":"product_tag","embeddable":true,"href":"https:\/\/lanordica.fi\/fi\/wp-json\/wp\/v2\/product_tag?post=5752"}],"curies":[{"name":"wp","href":"https:\/\/api.w.org\/{rel}","templated":true}]}}