{"id":519,"date":"2018-05-03T08:12:41","date_gmt":"2018-05-03T08:12:41","guid":{"rendered":"https:\/\/lanordica.fi\/?post_type=product&#038;p=519"},"modified":"2024-09-04T13:10:56","modified_gmt":"2024-09-04T13:10:56","slug":"kylkilahtosarja-vasemmalle-vicenza-musta","status":"publish","type":"product","link":"https:\/\/lanordica.fi\/fi\/product\/kylkilahtosarja-vasemmalle-vicenza-musta\/","title":{"rendered":"Kylkil\u00e4ht\u00f6sarjat &#8211; Vicenza EVO"},"content":{"rendered":"","protected":false},"excerpt":{"rendered":"<p>Hormiliit\u00e4nn\u00e4n muutossarjat, kun hormi liitet\u00e4\u00e4n tulisijaan kuljest\u00e4. Toimitetaan lis\u00e4tarvikkeena, jolloin alkuper\u00e4inen kylkipelti j\u00e4\u00e4 varalle. Valitse v\u00e4ri ja k\u00e4tisyys.<\/p>\n<p>Sopivuus:<\/p>\n<ul>\n<li><a href=\"https:\/\/lanordica.fi\/product\/vicenzav\/\">Vicenza Evo<\/a><\/li>\n<\/ul>\n","protected":false},"featured_media":512,"template":"","meta":{"_monsterinsights_skip_tracking":false,"_monsterinsights_sitenote_active":false,"_monsterinsights_sitenote_note":"","_monsterinsights_sitenote_category":0,"jetpack_publicize_message":"","jetpack_publicize_feature_enabled":true,"jetpack_social_post_already_shared":true,"jetpack_social_options":{"image_generator_settings":{"template":"highway","default_image_id":0,"font":"","enabled":false},"version":2},"_wpas_customize_per_network":false},"product_brand":[],"product_cat":[1391],"product_tag":[1417,1397,1458,1418,1422],"class_list":{"0":"post-519","1":"product","2":"type-product","3":"status-publish","4":"has-post-thumbnail","6":"product_cat-lisatarvikkeet","7":"product_tag-kylkilahto","8":"product_tag-musta","9":"product_tag-ruostumaton-teras","10":"product_tag-sivulahto","11":"product_tag-vicenza","12":"product_shipping_class-posti-mh","14":"first","15":"onbackorder","16":"taxable","17":"shipping-taxable","18":"purchasable","19":"product-type-variable"},"yoast_head":"<!-- This site is optimized with the Yoast SEO plugin v27.5 - https:\/\/yoast.com\/product\/yoast-seo-wordpress\/ -->\n<title>Kylkil\u00e4ht\u00f6sarjat - Vicenza EVO - La Nordica - Suomi<\/title>\n<meta name=\"robots\" content=\"index, follow, max-snippet:-1, max-image-preview:large, max-video-preview:-1\" \/>\n<link rel=\"canonical\" href=\"https:\/\/lanordica.fi\/fi\/product\/kylkilahtosarja-vasemmalle-vicenza-musta\/\" \/>\n<meta property=\"og:locale\" content=\"fi_FI\" \/>\n<meta property=\"og:type\" content=\"article\" \/>\n<meta property=\"og:title\" content=\"Kylkil\u00e4ht\u00f6sarjat - Vicenza EVO - La Nordica - Suomi\" \/>\n<meta property=\"og:description\" content=\"Hormiliit\u00e4nn\u00e4n muutossarjat, kun hormi liitet\u00e4\u00e4n tulisijaan kuljest\u00e4. Toimitetaan lis\u00e4tarvikkeena, jolloin alkuper\u00e4inen kylkipelti j\u00e4\u00e4 varalle. Valitse v\u00e4ri ja k\u00e4tisyys.  Sopivuus:   Vicenza Evo\" \/>\n<meta property=\"og:url\" content=\"https:\/\/lanordica.fi\/fi\/product\/kylkilahtosarja-vasemmalle-vicenza-musta\/\" \/>\n<meta property=\"og:site_name\" content=\"La Nordica - Suomi\" \/>\n<meta property=\"article:modified_time\" content=\"2024-09-04T13:10:56+00:00\" \/>\n<meta property=\"og:image\" content=\"https:\/\/lanordica.fi\/wp-content\/uploads\/2018\/05\/Fianco-VICENZA-dx.jpg\" \/>\n\t<meta property=\"og:image:width\" content=\"584\" \/>\n\t<meta property=\"og:image:height\" content=\"542\" \/>\n\t<meta property=\"og:image:type\" content=\"image\/jpeg\" \/>\n<meta name=\"twitter:card\" content=\"summary_large_image\" \/>\n<script type=\"application\/ld+json\" class=\"yoast-schema-graph\">{\"@context\":\"https:\\\/\\\/schema.org\",\"@graph\":[{\"@type\":\"WebPage\",\"@id\":\"https:\\\/\\\/lanordica.fi\\\/product\\\/kylkilahtosarja-vasemmalle-vicenza-musta\\\/\",\"url\":\"https:\\\/\\\/lanordica.fi\\\/product\\\/kylkilahtosarja-vasemmalle-vicenza-musta\\\/\",\"name\":\"Kylkil\u00e4ht\u00f6sarjat - Vicenza EVO - La Nordica - Suomi\",\"isPartOf\":{\"@id\":\"https:\\\/\\\/lanordica.fi\\\/#website\"},\"primaryImageOfPage\":{\"@id\":\"https:\\\/\\\/lanordica.fi\\\/product\\\/kylkilahtosarja-vasemmalle-vicenza-musta\\\/#primaryimage\"},\"image\":{\"@id\":\"https:\\\/\\\/lanordica.fi\\\/product\\\/kylkilahtosarja-vasemmalle-vicenza-musta\\\/#primaryimage\"},\"thumbnailUrl\":\"https:\\\/\\\/i0.wp.com\\\/lanordica.fi\\\/wp-content\\\/uploads\\\/2018\\\/05\\\/Fianco-VICENZA-dx.jpg?fit=584%2C542&ssl=1\",\"datePublished\":\"2018-05-03T08:12:41+00:00\",\"dateModified\":\"2024-09-04T13:10:56+00:00\",\"breadcrumb\":{\"@id\":\"https:\\\/\\\/lanordica.fi\\\/product\\\/kylkilahtosarja-vasemmalle-vicenza-musta\\\/#breadcrumb\"},\"inLanguage\":\"fi\",\"potentialAction\":[{\"@type\":\"ReadAction\",\"target\":[\"https:\\\/\\\/lanordica.fi\\\/product\\\/kylkilahtosarja-vasemmalle-vicenza-musta\\\/\"]}]},{\"@type\":\"ImageObject\",\"inLanguage\":\"fi\",\"@id\":\"https:\\\/\\\/lanordica.fi\\\/product\\\/kylkilahtosarja-vasemmalle-vicenza-musta\\\/#primaryimage\",\"url\":\"https:\\\/\\\/i0.wp.com\\\/lanordica.fi\\\/wp-content\\\/uploads\\\/2018\\\/05\\\/Fianco-VICENZA-dx.jpg?fit=584%2C542&ssl=1\",\"contentUrl\":\"https:\\\/\\\/i0.wp.com\\\/lanordica.fi\\\/wp-content\\\/uploads\\\/2018\\\/05\\\/Fianco-VICENZA-dx.jpg?fit=584%2C542&ssl=1\",\"width\":584,\"height\":542},{\"@type\":\"BreadcrumbList\",\"@id\":\"https:\\\/\\\/lanordica.fi\\\/product\\\/kylkilahtosarja-vasemmalle-vicenza-musta\\\/#breadcrumb\",\"itemListElement\":[{\"@type\":\"ListItem\",\"position\":1,\"name\":\"Home\",\"item\":\"https:\\\/\\\/lanordica.fi\\\/\"},{\"@type\":\"ListItem\",\"position\":2,\"name\":\"Kauppa\",\"item\":\"https:\\\/\\\/lanordica.fi\\\/shop\\\/\"},{\"@type\":\"ListItem\",\"position\":3,\"name\":\"Kylkil\u00e4ht\u00f6sarjat &#8211; Vicenza EVO\"}]},{\"@type\":\"WebSite\",\"@id\":\"https:\\\/\\\/lanordica.fi\\\/#website\",\"url\":\"https:\\\/\\\/lanordica.fi\\\/\",\"name\":\"La Nordica - Suomi\",\"description\":\"L\u00e4mp\u00f6\u00e4 kotiisi\",\"publisher\":{\"@id\":\"https:\\\/\\\/lanordica.fi\\\/#organization\"},\"potentialAction\":[{\"@type\":\"SearchAction\",\"target\":{\"@type\":\"EntryPoint\",\"urlTemplate\":\"https:\\\/\\\/lanordica.fi\\\/?s={search_term_string}\"},\"query-input\":{\"@type\":\"PropertyValueSpecification\",\"valueRequired\":true,\"valueName\":\"search_term_string\"}}],\"inLanguage\":\"fi\"},{\"@type\":\"Organization\",\"@id\":\"https:\\\/\\\/lanordica.fi\\\/#organization\",\"name\":\"La Nordica - Suomi\",\"url\":\"https:\\\/\\\/lanordica.fi\\\/\",\"logo\":{\"@type\":\"ImageObject\",\"inLanguage\":\"fi\",\"@id\":\"https:\\\/\\\/lanordica.fi\\\/#\\\/schema\\\/logo\\\/image\\\/\",\"url\":\"https:\\\/\\\/i0.wp.com\\\/lanordica.fi\\\/wp-content\\\/uploads\\\/2018\\\/03\\\/lanordica-fi.png?fit=768%2C282&ssl=1\",\"contentUrl\":\"https:\\\/\\\/i0.wp.com\\\/lanordica.fi\\\/wp-content\\\/uploads\\\/2018\\\/03\\\/lanordica-fi.png?fit=768%2C282&ssl=1\",\"width\":768,\"height\":282,\"caption\":\"La Nordica - Suomi\"},\"image\":{\"@id\":\"https:\\\/\\\/lanordica.fi\\\/#\\\/schema\\\/logo\\\/image\\\/\"}}]}<\/script>\n<!-- \/ Yoast SEO plugin. -->","yoast_head_json":{"title":"Kylkil\u00e4ht\u00f6sarjat - Vicenza EVO - La Nordica - Suomi","robots":{"index":"index","follow":"follow","max-snippet":"max-snippet:-1","max-image-preview":"max-image-preview:large","max-video-preview":"max-video-preview:-1"},"canonical":"https:\/\/lanordica.fi\/fi\/product\/kylkilahtosarja-vasemmalle-vicenza-musta\/","og_locale":"fi_FI","og_type":"article","og_title":"Kylkil\u00e4ht\u00f6sarjat - Vicenza EVO - La Nordica - Suomi","og_description":"Hormiliit\u00e4nn\u00e4n muutossarjat, kun hormi liitet\u00e4\u00e4n tulisijaan kuljest\u00e4. Toimitetaan lis\u00e4tarvikkeena, jolloin alkuper\u00e4inen kylkipelti j\u00e4\u00e4 varalle. Valitse v\u00e4ri ja k\u00e4tisyys.  Sopivuus:   Vicenza Evo","og_url":"https:\/\/lanordica.fi\/fi\/product\/kylkilahtosarja-vasemmalle-vicenza-musta\/","og_site_name":"La Nordica - Suomi","article_modified_time":"2024-09-04T13:10:56+00:00","og_image":[{"width":584,"height":542,"url":"https:\/\/lanordica.fi\/wp-content\/uploads\/2018\/05\/Fianco-VICENZA-dx.jpg","type":"image\/jpeg"}],"twitter_card":"summary_large_image","schema":{"@context":"https:\/\/schema.org","@graph":[{"@type":"WebPage","@id":"https:\/\/lanordica.fi\/product\/kylkilahtosarja-vasemmalle-vicenza-musta\/","url":"https:\/\/lanordica.fi\/product\/kylkilahtosarja-vasemmalle-vicenza-musta\/","name":"Kylkil\u00e4ht\u00f6sarjat - Vicenza EVO - La Nordica - Suomi","isPartOf":{"@id":"https:\/\/lanordica.fi\/#website"},"primaryImageOfPage":{"@id":"https:\/\/lanordica.fi\/product\/kylkilahtosarja-vasemmalle-vicenza-musta\/#primaryimage"},"image":{"@id":"https:\/\/lanordica.fi\/product\/kylkilahtosarja-vasemmalle-vicenza-musta\/#primaryimage"},"thumbnailUrl":"https:\/\/i0.wp.com\/lanordica.fi\/wp-content\/uploads\/2018\/05\/Fianco-VICENZA-dx.jpg?fit=584%2C542&ssl=1","datePublished":"2018-05-03T08:12:41+00:00","dateModified":"2024-09-04T13:10:56+00:00","breadcrumb":{"@id":"https:\/\/lanordica.fi\/product\/kylkilahtosarja-vasemmalle-vicenza-musta\/#breadcrumb"},"inLanguage":"fi","potentialAction":[{"@type":"ReadAction","target":["https:\/\/lanordica.fi\/product\/kylkilahtosarja-vasemmalle-vicenza-musta\/"]}]},{"@type":"ImageObject","inLanguage":"fi","@id":"https:\/\/lanordica.fi\/product\/kylkilahtosarja-vasemmalle-vicenza-musta\/#primaryimage","url":"https:\/\/i0.wp.com\/lanordica.fi\/wp-content\/uploads\/2018\/05\/Fianco-VICENZA-dx.jpg?fit=584%2C542&ssl=1","contentUrl":"https:\/\/i0.wp.com\/lanordica.fi\/wp-content\/uploads\/2018\/05\/Fianco-VICENZA-dx.jpg?fit=584%2C542&ssl=1","width":584,"height":542},{"@type":"BreadcrumbList","@id":"https:\/\/lanordica.fi\/product\/kylkilahtosarja-vasemmalle-vicenza-musta\/#breadcrumb","itemListElement":[{"@type":"ListItem","position":1,"name":"Home","item":"https:\/\/lanordica.fi\/"},{"@type":"ListItem","position":2,"name":"Kauppa","item":"https:\/\/lanordica.fi\/shop\/"},{"@type":"ListItem","position":3,"name":"Kylkil\u00e4ht\u00f6sarjat &#8211; Vicenza EVO"}]},{"@type":"WebSite","@id":"https:\/\/lanordica.fi\/#website","url":"https:\/\/lanordica.fi\/","name":"La Nordica - Suomi","description":"L\u00e4mp\u00f6\u00e4 kotiisi","publisher":{"@id":"https:\/\/lanordica.fi\/#organization"},"potentialAction":[{"@type":"SearchAction","target":{"@type":"EntryPoint","urlTemplate":"https:\/\/lanordica.fi\/?s={search_term_string}"},"query-input":{"@type":"PropertyValueSpecification","valueRequired":true,"valueName":"search_term_string"}}],"inLanguage":"fi"},{"@type":"Organization","@id":"https:\/\/lanordica.fi\/#organization","name":"La Nordica - Suomi","url":"https:\/\/lanordica.fi\/","logo":{"@type":"ImageObject","inLanguage":"fi","@id":"https:\/\/lanordica.fi\/#\/schema\/logo\/image\/","url":"https:\/\/i0.wp.com\/lanordica.fi\/wp-content\/uploads\/2018\/03\/lanordica-fi.png?fit=768%2C282&ssl=1","contentUrl":"https:\/\/i0.wp.com\/lanordica.fi\/wp-content\/uploads\/2018\/03\/lanordica-fi.png?fit=768%2C282&ssl=1","width":768,"height":282,"caption":"La Nordica - Suomi"},"image":{"@id":"https:\/\/lanordica.fi\/#\/schema\/logo\/image\/"}}]}},"jetpack_publicize_connections":[],"jetpack_sharing_enabled":true,"jetpack_likes_enabled":true,"_links":{"self":[{"href":"https:\/\/lanordica.fi\/fi\/wp-json\/wp\/v2\/product\/519","targetHints":{"allow":["GET"]}}],"collection":[{"href":"https:\/\/lanordica.fi\/fi\/wp-json\/wp\/v2\/product"}],"about":[{"href":"https:\/\/lanordica.fi\/fi\/wp-json\/wp\/v2\/types\/product"}],"version-history":[{"count":5,"href":"https:\/\/lanordica.fi\/fi\/wp-json\/wp\/v2\/product\/519\/revisions"}],"predecessor-version":[{"id":6063,"href":"https:\/\/lanordica.fi\/fi\/wp-json\/wp\/v2\/product\/519\/revisions\/6063"}],"wp:featuredmedia":[{"embeddable":true,"href":"https:\/\/lanordica.fi\/fi\/wp-json\/wp\/v2\/media\/512"}],"wp:attachment":[{"href":"https:\/\/lanordica.fi\/fi\/wp-json\/wp\/v2\/media?parent=519"}],"wp:term":[{"taxonomy":"product_brand","embeddable":true,"href":"https:\/\/lanordica.fi\/fi\/wp-json\/wp\/v2\/product_brand?post=519"},{"taxonomy":"product_cat","embeddable":true,"href":"https:\/\/lanordica.fi\/fi\/wp-json\/wp\/v2\/product_cat?post=519"},{"taxonomy":"product_tag","embeddable":true,"href":"https:\/\/lanordica.fi\/fi\/wp-json\/wp\/v2\/product_tag?post=519"}],"curies":[{"name":"wp","href":"https:\/\/api.w.org\/{rel}","templated":true}]}}