{"id":5086,"date":"2021-06-09T10:51:42","date_gmt":"2021-06-09T10:51:42","guid":{"rendered":"https:\/\/lanordica.fi\/?post_type=product&#038;p=5086"},"modified":"2026-05-11T07:10:45","modified_gmt":"2026-05-11T07:10:45","slug":"fedora","status":"publish","type":"product","link":"https:\/\/lanordica.fi\/fi\/product\/fedora\/","title":{"rendered":"Fedora &#8211; Kaakelikamiina"},"content":{"rendered":"<p>Mitat (L x K x S): <span class=\"valore \">559 x 1035 x 547 mm<\/span><br \/>\nTeho: 8,3 kW<br \/>\nPaino: 175 kg<br \/>\nTulipes\u00e4n koko: 377 x 368 x 362 mm<br \/>\nLuukun koko: 315 x 285 mm<br \/>\nL\u00e4mmitysala: 238 m\u00b3<br \/>\nHormiliitos: 130 mm p\u00e4\u00e4lt\u00e4<br \/>\nS\u00e4\u00e4dett\u00e4v\u00e4 ensi\u00f6ilma: kyll\u00e4<br \/>\nS\u00e4\u00e4dett\u00e4v\u00e4 toisioilma: kyll\u00e4<br \/>\nTertiaari-ilma: esis\u00e4\u00e4detty<br \/>\nJ\u00e4lkipoltto: kyll\u00e4<br \/>\nHy\u00f6tysuhde: 86,4 %<br \/>\nPolttoaineen kulutus: 2,25 kg\/h<br \/>\nSavukaasujen keskil\u00e4mp\u00f6tila: 214 \u00b0C<br \/>\nCO p\u00e4\u00e4st\u00f6t: 0,03 %<br \/>\nHiukkasp\u00e4\u00e4st\u00f6t:\u00a0 5,9 mg\/m\u00b3 (13% O2)<\/p>\n<p>Suojaet\u00e4isyydet:<\/p>\n<p>Suojaet\u00e4isyys \u2013 pohja dB = 0 mm<br \/>\nSuojaet\u00e4isyys \u2013 edess\u00e4 oleva lattia dF = 1200 mm<br \/>\nSuojaet\u00e4isyys \u2013 katto dC = 750 mm<br \/>\nSuojaet\u00e4isyys \u2013 taakse dR = 300 mm<br \/>\nSuojaet\u00e4isyys \u2013 sivu dS = 500 mm<br \/>\nSuojaet\u00e4isyys \u2013 sivun s\u00e4teilyalue dL = 1200 mm<br \/>\nSuojaet\u00e4isyys \u2013 eteen dP = 1200 mm<\/p>\n<p>Suojaet\u00e4isyydell\u00e4 tarkoitetaan et\u00e4isyytt\u00e4 palavaan materiaaliin<br \/>\nPalamaton materiaali ei vaadi suojaet\u00e4isyytt\u00e4<br \/>\n*Edess\u00e4 olevan lattian osalta tulee noudattaa Suomen paloturvalakia (kipin\u00e4suoja 400 mm eteen, 100 mm sivuille luukusta). Vaikka tuotteelle olisi annettu suojaet\u00e4isyydeksi 0 mm, se ei kumoa paloturvalakiin m\u00e4\u00e4ritelty\u00e4 kipin\u00e4pellin vaatimusta.<\/p>\n<p>K\u00e4ytt\u00f6ohje: Kyll\u00e4, alkuper\u00e4isen ohjeen Suomi-k\u00e4\u00e4nn\u00f6s<br \/>\n<a href=\"https:\/\/www.lanordica-extraflame.com\/en\/products\/wood-stoves\/fedora\">Valmistajan alkuper\u00e4iset sivut<\/a><br \/>\n<a href=\"https:\/\/www.lanordica-extraflame.com\/sites\/default\/files\/documenti_temp\/000000199-002_dop_fedora.pdf\">Suoritustasoilmoitus.pdf<\/a><\/p>\n","protected":false},"excerpt":{"rendered":"<p>T\u00e4m\u00e4 tuote t\u00e4ytt\u00e4\u00e4 2022 Ekosuunnittelu vaatimukset<\/p>\n<p>Romanttistyylinen kaakelikamiina, jossa kiertoilmaominaisuus. Luukut ja kansi valurautaa. Tulipes\u00e4 valurautaa. Rakoarina jossa ravistelumahdollisuus. Tulipes\u00e4 viist\u00e4\u00e4 keskelle, ja py\u00f6riv\u00e4ll\u00e4 arinalla voidaan ravistella tuhkat ilman luukun avaamista.<\/p>\n","protected":false},"featured_media":5092,"template":"","meta":{"_monsterinsights_skip_tracking":false,"_monsterinsights_sitenote_active":false,"_monsterinsights_sitenote_note":"","_monsterinsights_sitenote_category":0,"jetpack_publicize_message":"","jetpack_publicize_feature_enabled":true,"jetpack_social_post_already_shared":true,"jetpack_social_options":{"image_generator_settings":{"template":"highway","default_image_id":0,"font":"","enabled":false},"version":2},"_wpas_customize_per_network":false},"product_brand":[],"product_cat":[1372],"product_tag":[1441,1398,1410,1447,1448,1469,1427],"class_list":{"0":"post-5086","1":"product","2":"type-product","3":"status-publish","4":"has-post-thumbnail","6":"product_cat-takat-ja-kamiinat","7":"product_tag-kamiina","8":"product_tag-keittolevy","9":"product_tag-keittotaso","10":"product_tag-keraaminen","11":"product_tag-keramiikka","12":"product_tag-punainen","13":"product_tag-valkoinen","14":"product_shipping_class-takka-tai-kamiina","16":"first","17":"onbackorder","18":"taxable","19":"shipping-taxable","20":"purchasable","21":"product-type-variable"},"yoast_head":"<!-- This site is optimized with the Yoast SEO plugin v27.6 - https:\/\/yoast.com\/product\/yoast-seo-wordpress\/ -->\n<title>Fedora - Kaakelikamiina - La Nordica - Suomi<\/title>\n<meta name=\"description\" content=\"Tyylik\u00e4s kaakelikamiina romanttistyylisell\u00e4 muotoilulla. Iso tulipes\u00e4 joka polttaa puun viimeist\u00e4 hiilt\u00e4 my\u00f6den.\" \/>\n<meta name=\"robots\" content=\"index, follow, max-snippet:-1, max-image-preview:large, max-video-preview:-1\" \/>\n<link rel=\"canonical\" href=\"https:\/\/lanordica.fi\/fi\/product\/fedora\/\" \/>\n<meta property=\"og:locale\" content=\"fi_FI\" \/>\n<meta property=\"og:type\" content=\"article\" \/>\n<meta property=\"og:title\" content=\"Fedora - Kaakelikamiina - La Nordica - Suomi\" \/>\n<meta property=\"og:description\" content=\"Tyylik\u00e4s kaakelikamiina romanttistyylisell\u00e4 muotoilulla. Iso tulipes\u00e4 joka polttaa puun viimeist\u00e4 hiilt\u00e4 my\u00f6den.\" \/>\n<meta property=\"og:url\" content=\"https:\/\/lanordica.fi\/fi\/product\/fedora\/\" \/>\n<meta property=\"og:site_name\" content=\"La Nordica - Suomi\" \/>\n<meta property=\"article:modified_time\" content=\"2026-05-11T07:10:45+00:00\" \/>\n<meta property=\"og:image\" content=\"https:\/\/lanordica.fi\/wp-content\/uploads\/2021\/06\/fedora_bianco_box.jpg\" \/>\n\t<meta property=\"og:image:width\" content=\"582\" \/>\n\t<meta property=\"og:image:height\" content=\"542\" \/>\n\t<meta property=\"og:image:type\" content=\"image\/jpeg\" \/>\n<meta name=\"twitter:card\" content=\"summary_large_image\" \/>\n<meta name=\"twitter:label1\" content=\"Arvioitu lukuaika\" \/>\n\t<meta name=\"twitter:data1\" content=\"2 minuuttia\" \/>\n<script type=\"application\/ld+json\" class=\"yoast-schema-graph\">{\"@context\":\"https:\\\/\\\/schema.org\",\"@graph\":[{\"@type\":\"WebPage\",\"@id\":\"https:\\\/\\\/lanordica.fi\\\/product\\\/fedora\\\/\",\"url\":\"https:\\\/\\\/lanordica.fi\\\/product\\\/fedora\\\/\",\"name\":\"Fedora - Kaakelikamiina - La Nordica - Suomi\",\"isPartOf\":{\"@id\":\"https:\\\/\\\/lanordica.fi\\\/#website\"},\"primaryImageOfPage\":{\"@id\":\"https:\\\/\\\/lanordica.fi\\\/product\\\/fedora\\\/#primaryimage\"},\"image\":{\"@id\":\"https:\\\/\\\/lanordica.fi\\\/product\\\/fedora\\\/#primaryimage\"},\"thumbnailUrl\":\"https:\\\/\\\/i0.wp.com\\\/lanordica.fi\\\/wp-content\\\/uploads\\\/2021\\\/06\\\/fedora_bianco_box.jpg?fit=582%2C542&ssl=1\",\"datePublished\":\"2021-06-09T10:51:42+00:00\",\"dateModified\":\"2026-05-11T07:10:45+00:00\",\"description\":\"Tyylik\u00e4s kaakelikamiina romanttistyylisell\u00e4 muotoilulla. Iso tulipes\u00e4 joka polttaa puun viimeist\u00e4 hiilt\u00e4 my\u00f6den.\",\"breadcrumb\":{\"@id\":\"https:\\\/\\\/lanordica.fi\\\/product\\\/fedora\\\/#breadcrumb\"},\"inLanguage\":\"fi\",\"potentialAction\":[{\"@type\":\"ReadAction\",\"target\":[\"https:\\\/\\\/lanordica.fi\\\/product\\\/fedora\\\/\"]}]},{\"@type\":\"ImageObject\",\"inLanguage\":\"fi\",\"@id\":\"https:\\\/\\\/lanordica.fi\\\/product\\\/fedora\\\/#primaryimage\",\"url\":\"https:\\\/\\\/i0.wp.com\\\/lanordica.fi\\\/wp-content\\\/uploads\\\/2021\\\/06\\\/fedora_bianco_box.jpg?fit=582%2C542&ssl=1\",\"contentUrl\":\"https:\\\/\\\/i0.wp.com\\\/lanordica.fi\\\/wp-content\\\/uploads\\\/2021\\\/06\\\/fedora_bianco_box.jpg?fit=582%2C542&ssl=1\",\"width\":582,\"height\":542},{\"@type\":\"BreadcrumbList\",\"@id\":\"https:\\\/\\\/lanordica.fi\\\/product\\\/fedora\\\/#breadcrumb\",\"itemListElement\":[{\"@type\":\"ListItem\",\"position\":1,\"name\":\"Home\",\"item\":\"https:\\\/\\\/lanordica.fi\\\/\"},{\"@type\":\"ListItem\",\"position\":2,\"name\":\"Kauppa\",\"item\":\"https:\\\/\\\/lanordica.fi\\\/shop\\\/\"},{\"@type\":\"ListItem\",\"position\":3,\"name\":\"Fedora &#8211; Kaakelikamiina\"}]},{\"@type\":\"WebSite\",\"@id\":\"https:\\\/\\\/lanordica.fi\\\/#website\",\"url\":\"https:\\\/\\\/lanordica.fi\\\/\",\"name\":\"La Nordica - Suomi\",\"description\":\"L\u00e4mp\u00f6\u00e4 kotiisi\",\"publisher\":{\"@id\":\"https:\\\/\\\/lanordica.fi\\\/#organization\"},\"potentialAction\":[{\"@type\":\"SearchAction\",\"target\":{\"@type\":\"EntryPoint\",\"urlTemplate\":\"https:\\\/\\\/lanordica.fi\\\/?s={search_term_string}\"},\"query-input\":{\"@type\":\"PropertyValueSpecification\",\"valueRequired\":true,\"valueName\":\"search_term_string\"}}],\"inLanguage\":\"fi\"},{\"@type\":\"Organization\",\"@id\":\"https:\\\/\\\/lanordica.fi\\\/#organization\",\"name\":\"La Nordica - Suomi\",\"url\":\"https:\\\/\\\/lanordica.fi\\\/\",\"logo\":{\"@type\":\"ImageObject\",\"inLanguage\":\"fi\",\"@id\":\"https:\\\/\\\/lanordica.fi\\\/#\\\/schema\\\/logo\\\/image\\\/\",\"url\":\"https:\\\/\\\/i0.wp.com\\\/lanordica.fi\\\/wp-content\\\/uploads\\\/2018\\\/03\\\/lanordica-fi.png?fit=768%2C282&ssl=1\",\"contentUrl\":\"https:\\\/\\\/i0.wp.com\\\/lanordica.fi\\\/wp-content\\\/uploads\\\/2018\\\/03\\\/lanordica-fi.png?fit=768%2C282&ssl=1\",\"width\":768,\"height\":282,\"caption\":\"La Nordica - Suomi\"},\"image\":{\"@id\":\"https:\\\/\\\/lanordica.fi\\\/#\\\/schema\\\/logo\\\/image\\\/\"}}]}<\/script>\n<!-- \/ Yoast SEO plugin. -->","yoast_head_json":{"title":"Fedora - Kaakelikamiina - La Nordica - Suomi","description":"Tyylik\u00e4s kaakelikamiina romanttistyylisell\u00e4 muotoilulla. Iso tulipes\u00e4 joka polttaa puun viimeist\u00e4 hiilt\u00e4 my\u00f6den.","robots":{"index":"index","follow":"follow","max-snippet":"max-snippet:-1","max-image-preview":"max-image-preview:large","max-video-preview":"max-video-preview:-1"},"canonical":"https:\/\/lanordica.fi\/fi\/product\/fedora\/","og_locale":"fi_FI","og_type":"article","og_title":"Fedora - Kaakelikamiina - La Nordica - Suomi","og_description":"Tyylik\u00e4s kaakelikamiina romanttistyylisell\u00e4 muotoilulla. Iso tulipes\u00e4 joka polttaa puun viimeist\u00e4 hiilt\u00e4 my\u00f6den.","og_url":"https:\/\/lanordica.fi\/fi\/product\/fedora\/","og_site_name":"La Nordica - Suomi","article_modified_time":"2026-05-11T07:10:45+00:00","og_image":[{"width":582,"height":542,"url":"https:\/\/lanordica.fi\/wp-content\/uploads\/2021\/06\/fedora_bianco_box.jpg","type":"image\/jpeg"}],"twitter_card":"summary_large_image","twitter_misc":{"Arvioitu lukuaika":"2 minuuttia"},"schema":{"@context":"https:\/\/schema.org","@graph":[{"@type":"WebPage","@id":"https:\/\/lanordica.fi\/product\/fedora\/","url":"https:\/\/lanordica.fi\/product\/fedora\/","name":"Fedora - Kaakelikamiina - La Nordica - Suomi","isPartOf":{"@id":"https:\/\/lanordica.fi\/#website"},"primaryImageOfPage":{"@id":"https:\/\/lanordica.fi\/product\/fedora\/#primaryimage"},"image":{"@id":"https:\/\/lanordica.fi\/product\/fedora\/#primaryimage"},"thumbnailUrl":"https:\/\/i0.wp.com\/lanordica.fi\/wp-content\/uploads\/2021\/06\/fedora_bianco_box.jpg?fit=582%2C542&ssl=1","datePublished":"2021-06-09T10:51:42+00:00","dateModified":"2026-05-11T07:10:45+00:00","description":"Tyylik\u00e4s kaakelikamiina romanttistyylisell\u00e4 muotoilulla. Iso tulipes\u00e4 joka polttaa puun viimeist\u00e4 hiilt\u00e4 my\u00f6den.","breadcrumb":{"@id":"https:\/\/lanordica.fi\/product\/fedora\/#breadcrumb"},"inLanguage":"fi","potentialAction":[{"@type":"ReadAction","target":["https:\/\/lanordica.fi\/product\/fedora\/"]}]},{"@type":"ImageObject","inLanguage":"fi","@id":"https:\/\/lanordica.fi\/product\/fedora\/#primaryimage","url":"https:\/\/i0.wp.com\/lanordica.fi\/wp-content\/uploads\/2021\/06\/fedora_bianco_box.jpg?fit=582%2C542&ssl=1","contentUrl":"https:\/\/i0.wp.com\/lanordica.fi\/wp-content\/uploads\/2021\/06\/fedora_bianco_box.jpg?fit=582%2C542&ssl=1","width":582,"height":542},{"@type":"BreadcrumbList","@id":"https:\/\/lanordica.fi\/product\/fedora\/#breadcrumb","itemListElement":[{"@type":"ListItem","position":1,"name":"Home","item":"https:\/\/lanordica.fi\/"},{"@type":"ListItem","position":2,"name":"Kauppa","item":"https:\/\/lanordica.fi\/shop\/"},{"@type":"ListItem","position":3,"name":"Fedora &#8211; Kaakelikamiina"}]},{"@type":"WebSite","@id":"https:\/\/lanordica.fi\/#website","url":"https:\/\/lanordica.fi\/","name":"La Nordica - Suomi","description":"L\u00e4mp\u00f6\u00e4 kotiisi","publisher":{"@id":"https:\/\/lanordica.fi\/#organization"},"potentialAction":[{"@type":"SearchAction","target":{"@type":"EntryPoint","urlTemplate":"https:\/\/lanordica.fi\/?s={search_term_string}"},"query-input":{"@type":"PropertyValueSpecification","valueRequired":true,"valueName":"search_term_string"}}],"inLanguage":"fi"},{"@type":"Organization","@id":"https:\/\/lanordica.fi\/#organization","name":"La Nordica - Suomi","url":"https:\/\/lanordica.fi\/","logo":{"@type":"ImageObject","inLanguage":"fi","@id":"https:\/\/lanordica.fi\/#\/schema\/logo\/image\/","url":"https:\/\/i0.wp.com\/lanordica.fi\/wp-content\/uploads\/2018\/03\/lanordica-fi.png?fit=768%2C282&ssl=1","contentUrl":"https:\/\/i0.wp.com\/lanordica.fi\/wp-content\/uploads\/2018\/03\/lanordica-fi.png?fit=768%2C282&ssl=1","width":768,"height":282,"caption":"La Nordica - Suomi"},"image":{"@id":"https:\/\/lanordica.fi\/#\/schema\/logo\/image\/"}}]}},"jetpack_publicize_connections":[],"jetpack_sharing_enabled":true,"jetpack_likes_enabled":true,"_links":{"self":[{"href":"https:\/\/lanordica.fi\/fi\/wp-json\/wp\/v2\/product\/5086","targetHints":{"allow":["GET"]}}],"collection":[{"href":"https:\/\/lanordica.fi\/fi\/wp-json\/wp\/v2\/product"}],"about":[{"href":"https:\/\/lanordica.fi\/fi\/wp-json\/wp\/v2\/types\/product"}],"version-history":[{"count":8,"href":"https:\/\/lanordica.fi\/fi\/wp-json\/wp\/v2\/product\/5086\/revisions"}],"predecessor-version":[{"id":14149,"href":"https:\/\/lanordica.fi\/fi\/wp-json\/wp\/v2\/product\/5086\/revisions\/14149"}],"wp:featuredmedia":[{"embeddable":true,"href":"https:\/\/lanordica.fi\/fi\/wp-json\/wp\/v2\/media\/5092"}],"wp:attachment":[{"href":"https:\/\/lanordica.fi\/fi\/wp-json\/wp\/v2\/media?parent=5086"}],"wp:term":[{"taxonomy":"product_brand","embeddable":true,"href":"https:\/\/lanordica.fi\/fi\/wp-json\/wp\/v2\/product_brand?post=5086"},{"taxonomy":"product_cat","embeddable":true,"href":"https:\/\/lanordica.fi\/fi\/wp-json\/wp\/v2\/product_cat?post=5086"},{"taxonomy":"product_tag","embeddable":true,"href":"https:\/\/lanordica.fi\/fi\/wp-json\/wp\/v2\/product_tag?post=5086"}],"curies":[{"name":"wp","href":"https:\/\/api.w.org\/{rel}","templated":true}]}}