{"id":477,"date":"2018-04-25T12:16:11","date_gmt":"2018-04-25T12:16:11","guid":{"rendered":"https:\/\/lanordica.fi\/?post_type=product&#038;p=477"},"modified":"2026-05-08T12:01:27","modified_gmt":"2026-05-08T12:01:27","slug":"tea-musta-keittotasolla","status":"publish","type":"product","link":"https:\/\/lanordica.fi\/fi\/product\/tea-musta-keittotasolla\/","title":{"rendered":"Tea .16 &#8211; Keittolevyll\u00e4"},"content":{"rendered":"<p>Mitat (L x K x S): 414 x 832 x 419 mm<br \/>\nTeho: 7 kW<br \/>\nPaino: 79 kg<br \/>\nTulipes\u00e4n koko: 228 x 365 x 278 mm<br \/>\nLuukun koko: 220 x 215 mm<br \/>\nL\u00e4mmitysala: 201 m\u00b3<br \/>\nHormiliitos: 120 mm, p\u00e4\u00e4lt\u00e4<br \/>\nS\u00e4\u00e4dett\u00e4v\u00e4 ensi\u00f6ilma: kyll\u00e4<br \/>\nS\u00e4\u00e4dett\u00e4v\u00e4 toisioilma: kyll\u00e4<br \/>\nTertiaari-ilma: esis\u00e4\u00e4detty<br \/>\nJ\u00e4lkipoltto: kyll\u00e4<br \/>\nHy\u00f6tysuhde: 86 %<br \/>\nPolttoaineen kulutus: 1,8 kg\/h<br \/>\nSavukaasujen keskil\u00e4mp\u00f6tila: 187,3 \u00b0C<br \/>\nCO p\u00e4\u00e4st\u00f6t: 0,033 %<br \/>\nHiukkasp\u00e4\u00e4st\u00f6t:\u00a0 13,0 mg\/m\u00b3 (13% O2)<\/p>\n<p>Suojaet\u00e4isyys &#8211; pohja d<sub>B <\/sub>\u00a0= 0 mm<br \/>\nSuojaet\u00e4isyys &#8211; edess\u00e4 oleva lattia d<sub>F<\/sub> = 1000 mm<br \/>\nSuojaet\u00e4isyys &#8211; katto d<sub>C<\/sub> = 750 mm<br \/>\nSuojaet\u00e4isyys &#8211; taakse d<sub>R<\/sub> = 300 mm<br \/>\nSuojaet\u00e4isyys &#8211; sivu d<sub>S<\/sub> = 300 mm<br \/>\nSuojaet\u00e4isyys &#8211; sivun s\u00e4teilyalue d<sub>L<\/sub> = 1000 mm<br \/>\nSuojaet\u00e4isyys &#8211; eteen d<sub>P<\/sub> = 1000 mm<\/p>\n<p><em>Suojaet\u00e4isyydell\u00e4 tarkoitetaan et\u00e4isyytt\u00e4 palavaan materiaaliin<br \/>\nPalamaton materiaali ei vaadi suojaet\u00e4isyytt\u00e4<br \/>\n*Edess\u00e4 olevan lattian osalta tulee noudattaa Suomen paloturvalakia (kipin\u00e4suoja 400 mm eteen, 100 mm sivuille luukusta). Vaikka tuotteelle olisi annettu suojaet\u00e4isyydeksi 0 mm, se ei kumoa paloturvalakiin m\u00e4\u00e4ritelty\u00e4 kipin\u00e4pellin vaatimusta.<\/em><\/p>\n<p>K\u00e4ytt\u00f6ohje: Kyll\u00e4, alkuper\u00e4isen ohjeen Suomi-k\u00e4\u00e4nn\u00f6s<br \/>\n<a href=\"https:\/\/www.lanordica-extraflame.com\/en\/la-nordica\/wood-stoves\/tea-50\">Valmistajan alkuper\u00e4iset sivut<\/a><br \/>\n<a href=\"https:\/\/storage.onpage.it\/e9ea8b539da795ad9df091ddfb0fd16baa4ed067\/007193185-000_dop_tea_5.0.pdf\">Suoritustasoilmoitus.pdf<\/a><br \/>\n<a href=\"https:\/\/storage.onpage.it\/52ae012d77cee87330b7c9aa23402f1c2171ccc7\/005280303-000_deco_tea_5.0.pdf\">Ecodesing tuotekortti.pdf<\/a><\/p>\n","protected":false},"excerpt":{"rendered":"<p><strong>Uusi Tea .16!<\/strong><br \/>\nMukana Suomenkielinen ohje (v04-2025), joka on yhten\u00e4istetty Suomen paloturvalain mukaan. T\u00e4ytt\u00e4\u00e4 uuden <strong>EN 16510<\/strong> standardin (1.10.2025).<br \/>\nLis\u00e4takuu <a href=\"https:\/\/lanordica.fi\/rekisteroi-lanordican-lisatakuu\/\">+3v rekister\u00f6intiin t\u00e4st\u00e4<\/a> (vain valtuutetuilta kauppailta hankitut tuotteet)<br \/>\nMukana patakinnas sek\u00e4 hellakoukku!<\/p>\n<p>Huippulaadukas pieni takka. Takan ter\u00e4skuorien ja tulipes\u00e4n v\u00e4liss\u00e4 on ilmavaippa, joka luovuttaa l\u00e4mp\u00f6\u00e4 huoneistoon kiertoilmatoiminnalla. L\u00e4mp\u00f6 nousee takan valurautaisen kannen tuuletusaukoista. P\u00e4\u00e4ll\u00e4 keittotaso, jossa voit l\u00e4mmitt\u00e4\u00e4 teeveden tai pannukahvit. Valurautainen tukeva luukku on pitk\u00e4ik\u00e4inen, kuten valurautaiset arinatkin. Tulipes\u00e4n alapohja on keskelle viist\u00e4v\u00e4, jolloin tuhka valuu paremmin tulipes\u00e4n keskell\u00e4 sijaitseville py\u00f6riville arinoille. Kuoret polttomaalattua ter\u00e4st\u00e4, jolloin ne ovat eritt\u00e4in helppo puhdistaa ja kest\u00e4v\u00e4t kovaakin kulutusta. Ulosvedett\u00e4v\u00e4 tuhka-astia luukun takana. Arinailma helpottaa sytytyst\u00e4 ja toisioilmans\u00e4\u00e4d\u00f6ll\u00e4 hallitaan polttotapahtuma joko nopeaksi ja tehokkaaksi tai pitk\u00e4lle\/hitaalle poltolle. Hormil\u00e4ht\u00f6 yl\u00f6sp\u00e4in. Seisontajalat mahdollistavat kylm\u00e4n kamiinan pohjan<\/p>\n","protected":false},"featured_media":13401,"template":"","meta":{"_monsterinsights_skip_tracking":false,"_monsterinsights_sitenote_active":false,"_monsterinsights_sitenote_note":"","_monsterinsights_sitenote_category":0,"jetpack_publicize_message":"","jetpack_publicize_feature_enabled":true,"jetpack_social_post_already_shared":true,"jetpack_social_options":{"image_generator_settings":{"template":"highway","default_image_id":0,"font":"","enabled":false},"version":2},"_wpas_customize_per_network":false},"product_brand":[],"product_cat":[1372],"product_tag":[1441,1398,1410,1397,1427,1442],"class_list":{"0":"post-477","1":"product","2":"type-product","3":"status-publish","4":"has-post-thumbnail","6":"product_cat-takat-ja-kamiinat","7":"product_tag-kamiina","8":"product_tag-keittolevy","9":"product_tag-keittotaso","10":"product_tag-musta","11":"product_tag-valkoinen","12":"product_tag-valurauta","13":"product_shipping_class-takka-tai-kamiina","15":"first","16":"instock","17":"sale","18":"featured","19":"taxable","20":"shipping-taxable","21":"purchasable","22":"product-type-variable"},"yoast_head":"<!-- This site is optimized with the Yoast SEO plugin v27.5 - https:\/\/yoast.com\/product\/yoast-seo-wordpress\/ -->\n<title>Tea .16 - Keittolevyll\u00e4 - La Nordica - Suomi<\/title>\n<meta name=\"description\" content=\"Pieni kamiina pienill\u00e4 turvaet\u00e4isyyksill\u00e4. Tuuletettu ter\u00e4svaippa ei kuumene hehkuvan kuumaksi. Valuratainen tulipes\u00e4n luukku.\" \/>\n<meta name=\"robots\" content=\"index, follow, max-snippet:-1, max-image-preview:large, max-video-preview:-1\" \/>\n<link rel=\"canonical\" href=\"https:\/\/lanordica.fi\/fi\/product\/tea-musta-keittotasolla\/\" \/>\n<meta property=\"og:locale\" content=\"fi_FI\" \/>\n<meta property=\"og:type\" content=\"article\" \/>\n<meta property=\"og:title\" content=\"Tea .16 - Keittolevyll\u00e4 - La Nordica - Suomi\" \/>\n<meta property=\"og:description\" content=\"Pieni kamiina pienill\u00e4 turvaet\u00e4isyyksill\u00e4. Tuuletettu ter\u00e4svaippa ei kuumene hehkuvan kuumaksi. Valuratainen tulipes\u00e4n luukku.\" \/>\n<meta property=\"og:url\" content=\"https:\/\/lanordica.fi\/fi\/product\/tea-musta-keittotasolla\/\" \/>\n<meta property=\"og:site_name\" content=\"La Nordica - Suomi\" \/>\n<meta property=\"article:modified_time\" content=\"2026-05-08T12:01:27+00:00\" \/>\n<meta property=\"og:image\" content=\"https:\/\/lanordica.fi\/wp-content\/uploads\/2018\/04\/Tea-valkoinen-16510.jpg\" \/>\n\t<meta property=\"og:image:width\" content=\"900\" \/>\n\t<meta property=\"og:image:height\" content=\"900\" \/>\n\t<meta property=\"og:image:type\" content=\"image\/jpeg\" \/>\n<meta name=\"twitter:card\" content=\"summary_large_image\" \/>\n<meta name=\"twitter:label1\" content=\"Arvioitu lukuaika\" \/>\n\t<meta name=\"twitter:data1\" content=\"2 minuuttia\" \/>\n<script type=\"application\/ld+json\" class=\"yoast-schema-graph\">{\"@context\":\"https:\\\/\\\/schema.org\",\"@graph\":[{\"@type\":\"WebPage\",\"@id\":\"https:\\\/\\\/lanordica.fi\\\/product\\\/tea-musta-keittotasolla\\\/\",\"url\":\"https:\\\/\\\/lanordica.fi\\\/product\\\/tea-musta-keittotasolla\\\/\",\"name\":\"Tea .16 - Keittolevyll\u00e4 - La Nordica - Suomi\",\"isPartOf\":{\"@id\":\"https:\\\/\\\/lanordica.fi\\\/#website\"},\"primaryImageOfPage\":{\"@id\":\"https:\\\/\\\/lanordica.fi\\\/product\\\/tea-musta-keittotasolla\\\/#primaryimage\"},\"image\":{\"@id\":\"https:\\\/\\\/lanordica.fi\\\/product\\\/tea-musta-keittotasolla\\\/#primaryimage\"},\"thumbnailUrl\":\"https:\\\/\\\/i0.wp.com\\\/lanordica.fi\\\/wp-content\\\/uploads\\\/2018\\\/04\\\/Tea-valkoinen-16510.jpg?fit=900%2C900&ssl=1\",\"datePublished\":\"2018-04-25T12:16:11+00:00\",\"dateModified\":\"2026-05-08T12:01:27+00:00\",\"description\":\"Pieni kamiina pienill\u00e4 turvaet\u00e4isyyksill\u00e4. Tuuletettu ter\u00e4svaippa ei kuumene hehkuvan kuumaksi. Valuratainen tulipes\u00e4n luukku.\",\"breadcrumb\":{\"@id\":\"https:\\\/\\\/lanordica.fi\\\/product\\\/tea-musta-keittotasolla\\\/#breadcrumb\"},\"inLanguage\":\"fi\",\"potentialAction\":[{\"@type\":\"ReadAction\",\"target\":[\"https:\\\/\\\/lanordica.fi\\\/product\\\/tea-musta-keittotasolla\\\/\"]}]},{\"@type\":\"ImageObject\",\"inLanguage\":\"fi\",\"@id\":\"https:\\\/\\\/lanordica.fi\\\/product\\\/tea-musta-keittotasolla\\\/#primaryimage\",\"url\":\"https:\\\/\\\/i0.wp.com\\\/lanordica.fi\\\/wp-content\\\/uploads\\\/2018\\\/04\\\/Tea-valkoinen-16510.jpg?fit=900%2C900&ssl=1\",\"contentUrl\":\"https:\\\/\\\/i0.wp.com\\\/lanordica.fi\\\/wp-content\\\/uploads\\\/2018\\\/04\\\/Tea-valkoinen-16510.jpg?fit=900%2C900&ssl=1\",\"width\":900,\"height\":900},{\"@type\":\"BreadcrumbList\",\"@id\":\"https:\\\/\\\/lanordica.fi\\\/product\\\/tea-musta-keittotasolla\\\/#breadcrumb\",\"itemListElement\":[{\"@type\":\"ListItem\",\"position\":1,\"name\":\"Home\",\"item\":\"https:\\\/\\\/lanordica.fi\\\/\"},{\"@type\":\"ListItem\",\"position\":2,\"name\":\"Kauppa\",\"item\":\"https:\\\/\\\/lanordica.fi\\\/shop\\\/\"},{\"@type\":\"ListItem\",\"position\":3,\"name\":\"Tea .16 &#8211; Keittolevyll\u00e4\"}]},{\"@type\":\"WebSite\",\"@id\":\"https:\\\/\\\/lanordica.fi\\\/#website\",\"url\":\"https:\\\/\\\/lanordica.fi\\\/\",\"name\":\"La Nordica - Suomi\",\"description\":\"L\u00e4mp\u00f6\u00e4 kotiisi\",\"publisher\":{\"@id\":\"https:\\\/\\\/lanordica.fi\\\/#organization\"},\"potentialAction\":[{\"@type\":\"SearchAction\",\"target\":{\"@type\":\"EntryPoint\",\"urlTemplate\":\"https:\\\/\\\/lanordica.fi\\\/?s={search_term_string}\"},\"query-input\":{\"@type\":\"PropertyValueSpecification\",\"valueRequired\":true,\"valueName\":\"search_term_string\"}}],\"inLanguage\":\"fi\"},{\"@type\":\"Organization\",\"@id\":\"https:\\\/\\\/lanordica.fi\\\/#organization\",\"name\":\"La Nordica - Suomi\",\"url\":\"https:\\\/\\\/lanordica.fi\\\/\",\"logo\":{\"@type\":\"ImageObject\",\"inLanguage\":\"fi\",\"@id\":\"https:\\\/\\\/lanordica.fi\\\/#\\\/schema\\\/logo\\\/image\\\/\",\"url\":\"https:\\\/\\\/i0.wp.com\\\/lanordica.fi\\\/wp-content\\\/uploads\\\/2018\\\/03\\\/lanordica-fi.png?fit=768%2C282&ssl=1\",\"contentUrl\":\"https:\\\/\\\/i0.wp.com\\\/lanordica.fi\\\/wp-content\\\/uploads\\\/2018\\\/03\\\/lanordica-fi.png?fit=768%2C282&ssl=1\",\"width\":768,\"height\":282,\"caption\":\"La Nordica - Suomi\"},\"image\":{\"@id\":\"https:\\\/\\\/lanordica.fi\\\/#\\\/schema\\\/logo\\\/image\\\/\"}}]}<\/script>\n<!-- \/ Yoast SEO plugin. -->","yoast_head_json":{"title":"Tea .16 - Keittolevyll\u00e4 - La Nordica - Suomi","description":"Pieni kamiina pienill\u00e4 turvaet\u00e4isyyksill\u00e4. Tuuletettu ter\u00e4svaippa ei kuumene hehkuvan kuumaksi. Valuratainen tulipes\u00e4n luukku.","robots":{"index":"index","follow":"follow","max-snippet":"max-snippet:-1","max-image-preview":"max-image-preview:large","max-video-preview":"max-video-preview:-1"},"canonical":"https:\/\/lanordica.fi\/fi\/product\/tea-musta-keittotasolla\/","og_locale":"fi_FI","og_type":"article","og_title":"Tea .16 - Keittolevyll\u00e4 - La Nordica - Suomi","og_description":"Pieni kamiina pienill\u00e4 turvaet\u00e4isyyksill\u00e4. Tuuletettu ter\u00e4svaippa ei kuumene hehkuvan kuumaksi. Valuratainen tulipes\u00e4n luukku.","og_url":"https:\/\/lanordica.fi\/fi\/product\/tea-musta-keittotasolla\/","og_site_name":"La Nordica - Suomi","article_modified_time":"2026-05-08T12:01:27+00:00","og_image":[{"width":900,"height":900,"url":"https:\/\/lanordica.fi\/wp-content\/uploads\/2018\/04\/Tea-valkoinen-16510.jpg","type":"image\/jpeg"}],"twitter_card":"summary_large_image","twitter_misc":{"Arvioitu lukuaika":"2 minuuttia"},"schema":{"@context":"https:\/\/schema.org","@graph":[{"@type":"WebPage","@id":"https:\/\/lanordica.fi\/product\/tea-musta-keittotasolla\/","url":"https:\/\/lanordica.fi\/product\/tea-musta-keittotasolla\/","name":"Tea .16 - Keittolevyll\u00e4 - La Nordica - Suomi","isPartOf":{"@id":"https:\/\/lanordica.fi\/#website"},"primaryImageOfPage":{"@id":"https:\/\/lanordica.fi\/product\/tea-musta-keittotasolla\/#primaryimage"},"image":{"@id":"https:\/\/lanordica.fi\/product\/tea-musta-keittotasolla\/#primaryimage"},"thumbnailUrl":"https:\/\/i0.wp.com\/lanordica.fi\/wp-content\/uploads\/2018\/04\/Tea-valkoinen-16510.jpg?fit=900%2C900&ssl=1","datePublished":"2018-04-25T12:16:11+00:00","dateModified":"2026-05-08T12:01:27+00:00","description":"Pieni kamiina pienill\u00e4 turvaet\u00e4isyyksill\u00e4. Tuuletettu ter\u00e4svaippa ei kuumene hehkuvan kuumaksi. Valuratainen tulipes\u00e4n luukku.","breadcrumb":{"@id":"https:\/\/lanordica.fi\/product\/tea-musta-keittotasolla\/#breadcrumb"},"inLanguage":"fi","potentialAction":[{"@type":"ReadAction","target":["https:\/\/lanordica.fi\/product\/tea-musta-keittotasolla\/"]}]},{"@type":"ImageObject","inLanguage":"fi","@id":"https:\/\/lanordica.fi\/product\/tea-musta-keittotasolla\/#primaryimage","url":"https:\/\/i0.wp.com\/lanordica.fi\/wp-content\/uploads\/2018\/04\/Tea-valkoinen-16510.jpg?fit=900%2C900&ssl=1","contentUrl":"https:\/\/i0.wp.com\/lanordica.fi\/wp-content\/uploads\/2018\/04\/Tea-valkoinen-16510.jpg?fit=900%2C900&ssl=1","width":900,"height":900},{"@type":"BreadcrumbList","@id":"https:\/\/lanordica.fi\/product\/tea-musta-keittotasolla\/#breadcrumb","itemListElement":[{"@type":"ListItem","position":1,"name":"Home","item":"https:\/\/lanordica.fi\/"},{"@type":"ListItem","position":2,"name":"Kauppa","item":"https:\/\/lanordica.fi\/shop\/"},{"@type":"ListItem","position":3,"name":"Tea .16 &#8211; Keittolevyll\u00e4"}]},{"@type":"WebSite","@id":"https:\/\/lanordica.fi\/#website","url":"https:\/\/lanordica.fi\/","name":"La Nordica - Suomi","description":"L\u00e4mp\u00f6\u00e4 kotiisi","publisher":{"@id":"https:\/\/lanordica.fi\/#organization"},"potentialAction":[{"@type":"SearchAction","target":{"@type":"EntryPoint","urlTemplate":"https:\/\/lanordica.fi\/?s={search_term_string}"},"query-input":{"@type":"PropertyValueSpecification","valueRequired":true,"valueName":"search_term_string"}}],"inLanguage":"fi"},{"@type":"Organization","@id":"https:\/\/lanordica.fi\/#organization","name":"La Nordica - Suomi","url":"https:\/\/lanordica.fi\/","logo":{"@type":"ImageObject","inLanguage":"fi","@id":"https:\/\/lanordica.fi\/#\/schema\/logo\/image\/","url":"https:\/\/i0.wp.com\/lanordica.fi\/wp-content\/uploads\/2018\/03\/lanordica-fi.png?fit=768%2C282&ssl=1","contentUrl":"https:\/\/i0.wp.com\/lanordica.fi\/wp-content\/uploads\/2018\/03\/lanordica-fi.png?fit=768%2C282&ssl=1","width":768,"height":282,"caption":"La Nordica - Suomi"},"image":{"@id":"https:\/\/lanordica.fi\/#\/schema\/logo\/image\/"}}]}},"jetpack_publicize_connections":[],"jetpack_sharing_enabled":true,"jetpack_likes_enabled":true,"_links":{"self":[{"href":"https:\/\/lanordica.fi\/fi\/wp-json\/wp\/v2\/product\/477","targetHints":{"allow":["GET"]}}],"collection":[{"href":"https:\/\/lanordica.fi\/fi\/wp-json\/wp\/v2\/product"}],"about":[{"href":"https:\/\/lanordica.fi\/fi\/wp-json\/wp\/v2\/types\/product"}],"version-history":[{"count":16,"href":"https:\/\/lanordica.fi\/fi\/wp-json\/wp\/v2\/product\/477\/revisions"}],"predecessor-version":[{"id":14142,"href":"https:\/\/lanordica.fi\/fi\/wp-json\/wp\/v2\/product\/477\/revisions\/14142"}],"wp:featuredmedia":[{"embeddable":true,"href":"https:\/\/lanordica.fi\/fi\/wp-json\/wp\/v2\/media\/13401"}],"wp:attachment":[{"href":"https:\/\/lanordica.fi\/fi\/wp-json\/wp\/v2\/media?parent=477"}],"wp:term":[{"taxonomy":"product_brand","embeddable":true,"href":"https:\/\/lanordica.fi\/fi\/wp-json\/wp\/v2\/product_brand?post=477"},{"taxonomy":"product_cat","embeddable":true,"href":"https:\/\/lanordica.fi\/fi\/wp-json\/wp\/v2\/product_cat?post=477"},{"taxonomy":"product_tag","embeddable":true,"href":"https:\/\/lanordica.fi\/fi\/wp-json\/wp\/v2\/product_tag?post=477"}],"curies":[{"name":"wp","href":"https:\/\/api.w.org\/{rel}","templated":true}]}}