{"id":4648,"date":"2021-05-21T12:19:10","date_gmt":"2021-05-21T12:19:10","guid":{"rendered":"https:\/\/lanordica.fi\/?post_type=product&#038;p=4648"},"modified":"2022-10-04T07:37:53","modified_gmt":"2022-10-04T07:37:53","slug":"ef-kaukosaadin","status":"publish","type":"product","link":"https:\/\/lanordica.fi\/fi\/product\/ef-kaukosaadin\/","title":{"rendered":"Perusmallin kaukos\u00e4\u00e4din &#8211; ExtraFlame"},"content":{"rendered":"<p>Yhteensopivat tuotteet<\/p>\n<p><a href=\"https:\/\/lanordica.fi\/product\/luisella\/\">Luisella<\/a> (vakiovaruste)<br \/>\nSerafina (lis\u00e4varuste)<br \/>\n<a href=\"https:\/\/lanordica.fi\/product\/ketty-musta\/\">Ketty<\/a> (lis\u00e4varuste)<br \/>\n<a href=\"https:\/\/lanordica.fi\/product\/giusy-evo\/\">Giusy Evo<\/a> (lis\u00e4varuste)<\/p>\n","protected":false},"excerpt":{"rendered":"<p>Perusmalleihin sopiva kaukos\u00e4\u00e4din. Infrapunayhteys. Kaukos\u00e4\u00e4timess\u00e4 samat n\u00e4pp\u00e4imet kuin takan n\u00e4ytt\u00f6paneelissa.<\/p>\n","protected":false},"featured_media":4649,"template":"","meta":{"_monsterinsights_skip_tracking":false,"_monsterinsights_sitenote_active":false,"_monsterinsights_sitenote_note":"","_monsterinsights_sitenote_category":0,"jetpack_publicize_message":"","jetpack_publicize_feature_enabled":true,"jetpack_social_post_already_shared":true,"jetpack_social_options":{"image_generator_settings":{"template":"highway","default_image_id":0,"font":"","enabled":false},"version":2},"_wpas_customize_per_network":false},"product_brand":[],"product_cat":[1391,1375],"product_tag":[1524,1525,1523,1478,1479],"class_list":{"0":"post-4648","1":"product","2":"type-product","3":"status-publish","4":"has-post-thumbnail","6":"product_cat-lisatarvikkeet","7":"product_cat-pellettitakat","8":"product_tag-etaohjaus","9":"product_tag-kaukosaadin","10":"product_tag-ohjaus","11":"product_tag-pelletti","12":"product_tag-pellettitakka","13":"product_shipping_class-takka-tai-kamiina","15":"first","16":"onbackorder","17":"taxable","18":"shipping-taxable","19":"purchasable","20":"product-type-simple"},"yoast_head":"<!-- This site is optimized with the Yoast SEO plugin v27.5 - https:\/\/yoast.com\/product\/yoast-seo-wordpress\/ -->\n<title>IR kaukos\u00e4\u00e4din Perusmallin kaukos\u00e4\u00e4din - ExtraFlame La Nordica - Suomi<\/title>\n<meta name=\"description\" content=\"Kaukos\u00e4\u00e4din ExtraFlame pellettitakkoihin. Katso yhteensopivuus alla n\u00e4kyv\u00e4st\u00e4 listasta. Sopii perusmalleihin.\" \/>\n<meta name=\"robots\" content=\"index, follow, max-snippet:-1, max-image-preview:large, max-video-preview:-1\" \/>\n<link rel=\"canonical\" href=\"https:\/\/lanordica.fi\/fi\/product\/ef-kaukosaadin\/\" \/>\n<meta property=\"og:locale\" content=\"fi_FI\" \/>\n<meta property=\"og:type\" content=\"article\" \/>\n<meta property=\"og:title\" content=\"IR kaukos\u00e4\u00e4din Perusmallin kaukos\u00e4\u00e4din - ExtraFlame La Nordica - Suomi\" \/>\n<meta property=\"og:description\" content=\"Kaukos\u00e4\u00e4din ExtraFlame pellettitakkoihin. Katso yhteensopivuus alla n\u00e4kyv\u00e4st\u00e4 listasta. Sopii perusmalleihin.\" \/>\n<meta property=\"og:url\" content=\"https:\/\/lanordica.fi\/fi\/product\/ef-kaukosaadin\/\" \/>\n<meta property=\"og:site_name\" content=\"La Nordica - Suomi\" \/>\n<meta property=\"article:modified_time\" content=\"2022-10-04T07:37:53+00:00\" \/>\n<meta property=\"og:image\" content=\"https:\/\/lanordica.fi\/wp-content\/uploads\/2021\/05\/extraflame-peruskaukosaadin.jpg\" \/>\n\t<meta property=\"og:image:width\" content=\"950\" \/>\n\t<meta property=\"og:image:height\" content=\"950\" \/>\n\t<meta property=\"og:image:type\" content=\"image\/jpeg\" \/>\n<meta name=\"twitter:card\" content=\"summary_large_image\" \/>\n<meta name=\"twitter:label1\" content=\"Arvioitu lukuaika\" \/>\n\t<meta name=\"twitter:data1\" content=\"1 minuutti\" \/>\n<script type=\"application\/ld+json\" class=\"yoast-schema-graph\">{\"@context\":\"https:\\\/\\\/schema.org\",\"@graph\":[{\"@type\":\"WebPage\",\"@id\":\"https:\\\/\\\/lanordica.fi\\\/product\\\/ef-kaukosaadin\\\/\",\"url\":\"https:\\\/\\\/lanordica.fi\\\/product\\\/ef-kaukosaadin\\\/\",\"name\":\"IR kaukos\u00e4\u00e4din Perusmallin kaukos\u00e4\u00e4din - ExtraFlame La Nordica - Suomi\",\"isPartOf\":{\"@id\":\"https:\\\/\\\/lanordica.fi\\\/#website\"},\"primaryImageOfPage\":{\"@id\":\"https:\\\/\\\/lanordica.fi\\\/product\\\/ef-kaukosaadin\\\/#primaryimage\"},\"image\":{\"@id\":\"https:\\\/\\\/lanordica.fi\\\/product\\\/ef-kaukosaadin\\\/#primaryimage\"},\"thumbnailUrl\":\"https:\\\/\\\/i0.wp.com\\\/lanordica.fi\\\/wp-content\\\/uploads\\\/2021\\\/05\\\/extraflame-peruskaukosaadin.jpg?fit=950%2C950&ssl=1\",\"datePublished\":\"2021-05-21T12:19:10+00:00\",\"dateModified\":\"2022-10-04T07:37:53+00:00\",\"description\":\"Kaukos\u00e4\u00e4din ExtraFlame pellettitakkoihin. Katso yhteensopivuus alla n\u00e4kyv\u00e4st\u00e4 listasta. Sopii perusmalleihin.\",\"breadcrumb\":{\"@id\":\"https:\\\/\\\/lanordica.fi\\\/product\\\/ef-kaukosaadin\\\/#breadcrumb\"},\"inLanguage\":\"fi\",\"potentialAction\":[{\"@type\":\"ReadAction\",\"target\":[\"https:\\\/\\\/lanordica.fi\\\/product\\\/ef-kaukosaadin\\\/\"]}]},{\"@type\":\"ImageObject\",\"inLanguage\":\"fi\",\"@id\":\"https:\\\/\\\/lanordica.fi\\\/product\\\/ef-kaukosaadin\\\/#primaryimage\",\"url\":\"https:\\\/\\\/i0.wp.com\\\/lanordica.fi\\\/wp-content\\\/uploads\\\/2021\\\/05\\\/extraflame-peruskaukosaadin.jpg?fit=950%2C950&ssl=1\",\"contentUrl\":\"https:\\\/\\\/i0.wp.com\\\/lanordica.fi\\\/wp-content\\\/uploads\\\/2021\\\/05\\\/extraflame-peruskaukosaadin.jpg?fit=950%2C950&ssl=1\",\"width\":950,\"height\":950,\"caption\":\"Kaukos\u00e4\u00e4din ExtraFlame pellettitakkoihin. Katso yhteensopivuuslista\"},{\"@type\":\"BreadcrumbList\",\"@id\":\"https:\\\/\\\/lanordica.fi\\\/product\\\/ef-kaukosaadin\\\/#breadcrumb\",\"itemListElement\":[{\"@type\":\"ListItem\",\"position\":1,\"name\":\"Home\",\"item\":\"https:\\\/\\\/lanordica.fi\\\/\"},{\"@type\":\"ListItem\",\"position\":2,\"name\":\"Kauppa\",\"item\":\"https:\\\/\\\/lanordica.fi\\\/shop\\\/\"},{\"@type\":\"ListItem\",\"position\":3,\"name\":\"Perusmallin kaukos\u00e4\u00e4din &#8211; ExtraFlame\"}]},{\"@type\":\"WebSite\",\"@id\":\"https:\\\/\\\/lanordica.fi\\\/#website\",\"url\":\"https:\\\/\\\/lanordica.fi\\\/\",\"name\":\"La Nordica - Suomi\",\"description\":\"L\u00e4mp\u00f6\u00e4 kotiisi\",\"publisher\":{\"@id\":\"https:\\\/\\\/lanordica.fi\\\/#organization\"},\"potentialAction\":[{\"@type\":\"SearchAction\",\"target\":{\"@type\":\"EntryPoint\",\"urlTemplate\":\"https:\\\/\\\/lanordica.fi\\\/?s={search_term_string}\"},\"query-input\":{\"@type\":\"PropertyValueSpecification\",\"valueRequired\":true,\"valueName\":\"search_term_string\"}}],\"inLanguage\":\"fi\"},{\"@type\":\"Organization\",\"@id\":\"https:\\\/\\\/lanordica.fi\\\/#organization\",\"name\":\"La Nordica - Suomi\",\"url\":\"https:\\\/\\\/lanordica.fi\\\/\",\"logo\":{\"@type\":\"ImageObject\",\"inLanguage\":\"fi\",\"@id\":\"https:\\\/\\\/lanordica.fi\\\/#\\\/schema\\\/logo\\\/image\\\/\",\"url\":\"https:\\\/\\\/i0.wp.com\\\/lanordica.fi\\\/wp-content\\\/uploads\\\/2018\\\/03\\\/lanordica-fi.png?fit=768%2C282&ssl=1\",\"contentUrl\":\"https:\\\/\\\/i0.wp.com\\\/lanordica.fi\\\/wp-content\\\/uploads\\\/2018\\\/03\\\/lanordica-fi.png?fit=768%2C282&ssl=1\",\"width\":768,\"height\":282,\"caption\":\"La Nordica - Suomi\"},\"image\":{\"@id\":\"https:\\\/\\\/lanordica.fi\\\/#\\\/schema\\\/logo\\\/image\\\/\"}}]}<\/script>\n<!-- \/ Yoast SEO plugin. -->","yoast_head_json":{"title":"IR kaukos\u00e4\u00e4din Perusmallin kaukos\u00e4\u00e4din - ExtraFlame La Nordica - Suomi","description":"Kaukos\u00e4\u00e4din ExtraFlame pellettitakkoihin. Katso yhteensopivuus alla n\u00e4kyv\u00e4st\u00e4 listasta. Sopii perusmalleihin.","robots":{"index":"index","follow":"follow","max-snippet":"max-snippet:-1","max-image-preview":"max-image-preview:large","max-video-preview":"max-video-preview:-1"},"canonical":"https:\/\/lanordica.fi\/fi\/product\/ef-kaukosaadin\/","og_locale":"fi_FI","og_type":"article","og_title":"IR kaukos\u00e4\u00e4din Perusmallin kaukos\u00e4\u00e4din - ExtraFlame La Nordica - Suomi","og_description":"Kaukos\u00e4\u00e4din ExtraFlame pellettitakkoihin. Katso yhteensopivuus alla n\u00e4kyv\u00e4st\u00e4 listasta. Sopii perusmalleihin.","og_url":"https:\/\/lanordica.fi\/fi\/product\/ef-kaukosaadin\/","og_site_name":"La Nordica - Suomi","article_modified_time":"2022-10-04T07:37:53+00:00","og_image":[{"width":950,"height":950,"url":"https:\/\/lanordica.fi\/wp-content\/uploads\/2021\/05\/extraflame-peruskaukosaadin.jpg","type":"image\/jpeg"}],"twitter_card":"summary_large_image","twitter_misc":{"Arvioitu lukuaika":"1 minuutti"},"schema":{"@context":"https:\/\/schema.org","@graph":[{"@type":"WebPage","@id":"https:\/\/lanordica.fi\/product\/ef-kaukosaadin\/","url":"https:\/\/lanordica.fi\/product\/ef-kaukosaadin\/","name":"IR kaukos\u00e4\u00e4din Perusmallin kaukos\u00e4\u00e4din - ExtraFlame La Nordica - Suomi","isPartOf":{"@id":"https:\/\/lanordica.fi\/#website"},"primaryImageOfPage":{"@id":"https:\/\/lanordica.fi\/product\/ef-kaukosaadin\/#primaryimage"},"image":{"@id":"https:\/\/lanordica.fi\/product\/ef-kaukosaadin\/#primaryimage"},"thumbnailUrl":"https:\/\/i0.wp.com\/lanordica.fi\/wp-content\/uploads\/2021\/05\/extraflame-peruskaukosaadin.jpg?fit=950%2C950&ssl=1","datePublished":"2021-05-21T12:19:10+00:00","dateModified":"2022-10-04T07:37:53+00:00","description":"Kaukos\u00e4\u00e4din ExtraFlame pellettitakkoihin. Katso yhteensopivuus alla n\u00e4kyv\u00e4st\u00e4 listasta. Sopii perusmalleihin.","breadcrumb":{"@id":"https:\/\/lanordica.fi\/product\/ef-kaukosaadin\/#breadcrumb"},"inLanguage":"fi","potentialAction":[{"@type":"ReadAction","target":["https:\/\/lanordica.fi\/product\/ef-kaukosaadin\/"]}]},{"@type":"ImageObject","inLanguage":"fi","@id":"https:\/\/lanordica.fi\/product\/ef-kaukosaadin\/#primaryimage","url":"https:\/\/i0.wp.com\/lanordica.fi\/wp-content\/uploads\/2021\/05\/extraflame-peruskaukosaadin.jpg?fit=950%2C950&ssl=1","contentUrl":"https:\/\/i0.wp.com\/lanordica.fi\/wp-content\/uploads\/2021\/05\/extraflame-peruskaukosaadin.jpg?fit=950%2C950&ssl=1","width":950,"height":950,"caption":"Kaukos\u00e4\u00e4din ExtraFlame pellettitakkoihin. Katso yhteensopivuuslista"},{"@type":"BreadcrumbList","@id":"https:\/\/lanordica.fi\/product\/ef-kaukosaadin\/#breadcrumb","itemListElement":[{"@type":"ListItem","position":1,"name":"Home","item":"https:\/\/lanordica.fi\/"},{"@type":"ListItem","position":2,"name":"Kauppa","item":"https:\/\/lanordica.fi\/shop\/"},{"@type":"ListItem","position":3,"name":"Perusmallin kaukos\u00e4\u00e4din &#8211; ExtraFlame"}]},{"@type":"WebSite","@id":"https:\/\/lanordica.fi\/#website","url":"https:\/\/lanordica.fi\/","name":"La Nordica - Suomi","description":"L\u00e4mp\u00f6\u00e4 kotiisi","publisher":{"@id":"https:\/\/lanordica.fi\/#organization"},"potentialAction":[{"@type":"SearchAction","target":{"@type":"EntryPoint","urlTemplate":"https:\/\/lanordica.fi\/?s={search_term_string}"},"query-input":{"@type":"PropertyValueSpecification","valueRequired":true,"valueName":"search_term_string"}}],"inLanguage":"fi"},{"@type":"Organization","@id":"https:\/\/lanordica.fi\/#organization","name":"La Nordica - Suomi","url":"https:\/\/lanordica.fi\/","logo":{"@type":"ImageObject","inLanguage":"fi","@id":"https:\/\/lanordica.fi\/#\/schema\/logo\/image\/","url":"https:\/\/i0.wp.com\/lanordica.fi\/wp-content\/uploads\/2018\/03\/lanordica-fi.png?fit=768%2C282&ssl=1","contentUrl":"https:\/\/i0.wp.com\/lanordica.fi\/wp-content\/uploads\/2018\/03\/lanordica-fi.png?fit=768%2C282&ssl=1","width":768,"height":282,"caption":"La Nordica - Suomi"},"image":{"@id":"https:\/\/lanordica.fi\/#\/schema\/logo\/image\/"}}]}},"jetpack_publicize_connections":[],"jetpack_sharing_enabled":true,"jetpack_likes_enabled":false,"_links":{"self":[{"href":"https:\/\/lanordica.fi\/fi\/wp-json\/wp\/v2\/product\/4648","targetHints":{"allow":["GET"]}}],"collection":[{"href":"https:\/\/lanordica.fi\/fi\/wp-json\/wp\/v2\/product"}],"about":[{"href":"https:\/\/lanordica.fi\/fi\/wp-json\/wp\/v2\/types\/product"}],"version-history":[{"count":5,"href":"https:\/\/lanordica.fi\/fi\/wp-json\/wp\/v2\/product\/4648\/revisions"}],"predecessor-version":[{"id":7555,"href":"https:\/\/lanordica.fi\/fi\/wp-json\/wp\/v2\/product\/4648\/revisions\/7555"}],"wp:featuredmedia":[{"embeddable":true,"href":"https:\/\/lanordica.fi\/fi\/wp-json\/wp\/v2\/media\/4649"}],"wp:attachment":[{"href":"https:\/\/lanordica.fi\/fi\/wp-json\/wp\/v2\/media?parent=4648"}],"wp:term":[{"taxonomy":"product_brand","embeddable":true,"href":"https:\/\/lanordica.fi\/fi\/wp-json\/wp\/v2\/product_brand?post=4648"},{"taxonomy":"product_cat","embeddable":true,"href":"https:\/\/lanordica.fi\/fi\/wp-json\/wp\/v2\/product_cat?post=4648"},{"taxonomy":"product_tag","embeddable":true,"href":"https:\/\/lanordica.fi\/fi\/wp-json\/wp\/v2\/product_tag?post=4648"}],"curies":[{"name":"wp","href":"https:\/\/api.w.org\/{rel}","templated":true}]}}