{"id":4273,"date":"2021-05-12T11:48:49","date_gmt":"2021-05-12T11:48:49","guid":{"rendered":"https:\/\/lanordica.fi\/?post_type=product&#038;p=4273"},"modified":"2022-10-04T07:38:12","modified_gmt":"2022-10-04T07:38:12","slug":"wifi-moduuli-black","status":"publish","type":"product","link":"https:\/\/lanordica.fi\/fi\/product\/wifi-moduuli-black\/","title":{"rendered":"Wifi moduuli Black &#8211; ExtraFlame"},"content":{"rendered":"<p><span style=\"color: #000000;\">Total Control sovellukset sovelluskaupoista: <\/span><a href=\"https:\/\/play.google.com\/store\/apps\/details?id=com.extraflame.smartstove&amp;hl=en\"><img data-recalc-dims=\"1\" decoding=\"async\" data-attachment-id=\"3173\" data-permalink=\"https:\/\/lanordica.fi\/fi\/?attachment_id=3173\" data-orig-file=\"https:\/\/i0.wp.com\/lanordica.fi\/wp-content\/uploads\/2020\/06\/google-store_0.jpg?fit=353%2C124&amp;ssl=1\" data-orig-size=\"353,124\" data-comments-opened=\"1\" data-image-meta=\"{&quot;aperture&quot;:&quot;0&quot;,&quot;credit&quot;:&quot;&quot;,&quot;camera&quot;:&quot;&quot;,&quot;caption&quot;:&quot;&quot;,&quot;created_timestamp&quot;:&quot;0&quot;,&quot;copyright&quot;:&quot;&quot;,&quot;focal_length&quot;:&quot;0&quot;,&quot;iso&quot;:&quot;0&quot;,&quot;shutter_speed&quot;:&quot;0&quot;,&quot;title&quot;:&quot;&quot;,&quot;orientation&quot;:&quot;0&quot;}\" data-image-title=\"google-store_0\" data-image-description=\"\" data-image-caption=\"\" data-large-file=\"https:\/\/i0.wp.com\/lanordica.fi\/wp-content\/uploads\/2020\/06\/google-store_0.jpg?fit=353%2C124&amp;ssl=1\" class=\"alignnone wp-image-3173\" src=\"https:\/\/i0.wp.com\/lanordica.fi\/wp-content\/uploads\/2020\/06\/google-store_0.jpg?resize=114%2C40&#038;ssl=1\" alt=\"\" width=\"114\" height=\"40\" srcset=\"https:\/\/i0.wp.com\/lanordica.fi\/wp-content\/uploads\/2020\/06\/google-store_0.jpg?w=353&amp;ssl=1 353w, https:\/\/i0.wp.com\/lanordica.fi\/wp-content\/uploads\/2020\/06\/google-store_0.jpg?resize=300%2C105&amp;ssl=1 300w\" sizes=\"(max-width: 114px) 100vw, 114px\" \/><\/a><a href=\"https:\/\/apps.apple.com\/app\/total-control-2-0\/id1441316740?l=en\"><img data-recalc-dims=\"1\" decoding=\"async\" data-attachment-id=\"3174\" data-permalink=\"https:\/\/lanordica.fi\/fi\/?attachment_id=3174\" data-orig-file=\"https:\/\/i0.wp.com\/lanordica.fi\/wp-content\/uploads\/2020\/06\/appstore_0.jpg?fit=353%2C124&amp;ssl=1\" data-orig-size=\"353,124\" data-comments-opened=\"1\" data-image-meta=\"{&quot;aperture&quot;:&quot;0&quot;,&quot;credit&quot;:&quot;&quot;,&quot;camera&quot;:&quot;&quot;,&quot;caption&quot;:&quot;&quot;,&quot;created_timestamp&quot;:&quot;0&quot;,&quot;copyright&quot;:&quot;&quot;,&quot;focal_length&quot;:&quot;0&quot;,&quot;iso&quot;:&quot;0&quot;,&quot;shutter_speed&quot;:&quot;0&quot;,&quot;title&quot;:&quot;&quot;,&quot;orientation&quot;:&quot;0&quot;}\" data-image-title=\"appstore_0\" data-image-description=\"\" data-image-caption=\"\" data-large-file=\"https:\/\/i0.wp.com\/lanordica.fi\/wp-content\/uploads\/2020\/06\/appstore_0.jpg?fit=353%2C124&amp;ssl=1\" class=\"wp-image-3174 alignnone\" src=\"https:\/\/i0.wp.com\/lanordica.fi\/wp-content\/uploads\/2020\/06\/appstore_0.jpg?resize=111%2C39&#038;ssl=1\" alt=\"\" width=\"111\" height=\"39\" srcset=\"https:\/\/i0.wp.com\/lanordica.fi\/wp-content\/uploads\/2020\/06\/appstore_0.jpg?w=353&amp;ssl=1 353w, https:\/\/i0.wp.com\/lanordica.fi\/wp-content\/uploads\/2020\/06\/appstore_0.jpg?resize=300%2C105&amp;ssl=1 300w\" sizes=\"(max-width: 111px) 100vw, 111px\" \/><\/a><\/p>\n<p>Voit tarkastaa tuotteesi yhteensopivuuden sy\u00f6tt\u00e4m\u00e4ll\u00e4 tuotekoodin (tarra takan takana tai pellettikannen alla) sivuilla: <a href=\"https:\/\/compatibility.extraflame.it\/form.php?lingua=en\">https:\/\/compatibility.extraflame.it\/form.php?lingua=en<\/a><\/p>\n","protected":false},"excerpt":{"rendered":"<p><strong>Wifi-Moduuli BLACK ja Total Control applikaatio<\/strong><\/p>\n<p>Uudemman sukupolven takkoihin kommunikaatiomahdollisuus TOTAL CONTROL \u00e4lypuhellinsovelluksen avulla, kun hankitaan lis\u00e4varusteena Black Wifi moduuli. Sovelluksen avulla voit ohjata takkaasi puhelimen avulla internetyhteyden kautta!<\/p>\n<p>Hanki sovellus <a href=\"https:\/\/play.google.com\/store\/apps\/details?id=com.extraflame.smartstove&amp;hl=en\">Play kaupasta<\/a> tai <a href=\"https:\/\/apps.apple.com\/app\/total-control-la-nordica-extraflame\/id1010656330\">App Storesta<\/a><\/p>\n<p>Yhteensopivuus:<\/p>\n<ul>\n<li><a href=\"https:\/\/lanordica.fi\/product\/amika\/\">Amika<\/a><\/li>\n<li><a href=\"https:\/\/lanordica.fi\/product\/debby-teras\/\">Debby ter\u00e4s<\/a><\/li>\n<li><a href=\"https:\/\/lanordica.fi\/product\/debby-vuolukivi\/\">Debby vuolukivi<\/a><\/li>\n<li>Klaudia<\/li>\n<li><a href=\"https:\/\/lanordica.fi\/product\/teorema\/\">Teorema Evo<\/a><\/li>\n<li><a href=\"https:\/\/lanordica.fi\/product\/dahiana\/\">Dahiana<\/a><\/li>\n<li><a href=\"https:\/\/lanordica.fi\/product\/teorema\/\">Teorema<\/a><\/li>\n<li>Klaudia Plus<\/li>\n<li>Marilena Plus<\/li>\n<li><a href=\"https:\/\/lanordica.fi\/product\/dahiana-plus-huonejako\/\">Dahiana Plus<\/a><\/li>\n<li>Teorema Plus<\/li>\n<li>Raffaella Idro H2O<\/li>\n<\/ul>\n<p>&nbsp;<\/p>\n","protected":false},"featured_media":4280,"template":"","meta":{"_monsterinsights_skip_tracking":false,"_monsterinsights_sitenote_active":false,"_monsterinsights_sitenote_note":"","_monsterinsights_sitenote_category":0,"jetpack_publicize_message":"","jetpack_publicize_feature_enabled":true,"jetpack_social_post_already_shared":true,"jetpack_social_options":{"image_generator_settings":{"template":"highway","default_image_id":0,"font":"","enabled":false},"version":2},"_wpas_customize_per_network":false},"product_brand":[],"product_cat":[1391,1375],"product_tag":[1524,1523,1478,1479,1522],"class_list":{"0":"post-4273","1":"product","2":"type-product","3":"status-publish","4":"has-post-thumbnail","6":"product_cat-lisatarvikkeet","7":"product_cat-pellettitakat","8":"product_tag-etaohjaus","9":"product_tag-ohjaus","10":"product_tag-pelletti","11":"product_tag-pellettitakka","12":"product_tag-wifi","13":"product_shipping_class-takka-tai-kamiina","15":"first","16":"onbackorder","17":"taxable","18":"shipping-taxable","19":"purchasable","20":"product-type-simple"},"yoast_head":"<!-- This site is optimized with the Yoast SEO plugin v27.5 - https:\/\/yoast.com\/product\/yoast-seo-wordpress\/ -->\n<title>Wifi ohjaus pellettitakkaan Wifi moduuli Black - ExtraFlame La Nordica - Suomi<\/title>\n<meta name=\"description\" content=\"Wifiohjaus ExtraFlame pellettitakkoihin, joissa mahdollisuus liitt\u00e4\u00e4 BLACK Wifi-moduuli.\" \/>\n<meta name=\"robots\" content=\"index, follow, max-snippet:-1, max-image-preview:large, max-video-preview:-1\" \/>\n<link rel=\"canonical\" href=\"https:\/\/lanordica.fi\/fi\/product\/wifi-moduuli-black\/\" \/>\n<meta property=\"og:locale\" content=\"fi_FI\" \/>\n<meta property=\"og:type\" content=\"article\" \/>\n<meta property=\"og:title\" content=\"Wifi ohjaus pellettitakkaan Wifi moduuli Black - ExtraFlame La Nordica - Suomi\" \/>\n<meta property=\"og:description\" content=\"Wifiohjaus ExtraFlame pellettitakkoihin, joissa mahdollisuus liitt\u00e4\u00e4 BLACK Wifi-moduuli.\" \/>\n<meta property=\"og:url\" content=\"https:\/\/lanordica.fi\/fi\/product\/wifi-moduuli-black\/\" \/>\n<meta property=\"og:site_name\" content=\"La Nordica - Suomi\" \/>\n<meta property=\"article:modified_time\" content=\"2022-10-04T07:38:12+00:00\" \/>\n<meta property=\"og:image\" content=\"https:\/\/lanordica.fi\/wp-content\/uploads\/2021\/05\/Wifibox-Black.jpg\" \/>\n\t<meta property=\"og:image:width\" content=\"950\" \/>\n\t<meta property=\"og:image:height\" content=\"950\" \/>\n\t<meta property=\"og:image:type\" content=\"image\/jpeg\" \/>\n<meta name=\"twitter:card\" content=\"summary_large_image\" \/>\n<meta name=\"twitter:label1\" content=\"Arvioitu lukuaika\" \/>\n\t<meta name=\"twitter:data1\" content=\"1 minuutti\" \/>\n<script type=\"application\/ld+json\" class=\"yoast-schema-graph\">{\"@context\":\"https:\\\/\\\/schema.org\",\"@graph\":[{\"@type\":\"WebPage\",\"@id\":\"https:\\\/\\\/lanordica.fi\\\/product\\\/wifi-moduuli-black\\\/\",\"url\":\"https:\\\/\\\/lanordica.fi\\\/product\\\/wifi-moduuli-black\\\/\",\"name\":\"Wifi ohjaus pellettitakkaan Wifi moduuli Black - ExtraFlame La Nordica - Suomi\",\"isPartOf\":{\"@id\":\"https:\\\/\\\/lanordica.fi\\\/#website\"},\"primaryImageOfPage\":{\"@id\":\"https:\\\/\\\/lanordica.fi\\\/product\\\/wifi-moduuli-black\\\/#primaryimage\"},\"image\":{\"@id\":\"https:\\\/\\\/lanordica.fi\\\/product\\\/wifi-moduuli-black\\\/#primaryimage\"},\"thumbnailUrl\":\"https:\\\/\\\/i0.wp.com\\\/lanordica.fi\\\/wp-content\\\/uploads\\\/2021\\\/05\\\/Wifibox-Black.jpg?fit=950%2C950&ssl=1\",\"datePublished\":\"2021-05-12T11:48:49+00:00\",\"dateModified\":\"2022-10-04T07:38:12+00:00\",\"description\":\"Wifiohjaus ExtraFlame pellettitakkoihin, joissa mahdollisuus liitt\u00e4\u00e4 BLACK Wifi-moduuli.\",\"breadcrumb\":{\"@id\":\"https:\\\/\\\/lanordica.fi\\\/product\\\/wifi-moduuli-black\\\/#breadcrumb\"},\"inLanguage\":\"fi\",\"potentialAction\":[{\"@type\":\"ReadAction\",\"target\":[\"https:\\\/\\\/lanordica.fi\\\/product\\\/wifi-moduuli-black\\\/\"]}]},{\"@type\":\"ImageObject\",\"inLanguage\":\"fi\",\"@id\":\"https:\\\/\\\/lanordica.fi\\\/product\\\/wifi-moduuli-black\\\/#primaryimage\",\"url\":\"https:\\\/\\\/i0.wp.com\\\/lanordica.fi\\\/wp-content\\\/uploads\\\/2021\\\/05\\\/Wifibox-Black.jpg?fit=950%2C950&ssl=1\",\"contentUrl\":\"https:\\\/\\\/i0.wp.com\\\/lanordica.fi\\\/wp-content\\\/uploads\\\/2021\\\/05\\\/Wifibox-Black.jpg?fit=950%2C950&ssl=1\",\"width\":950,\"height\":950},{\"@type\":\"BreadcrumbList\",\"@id\":\"https:\\\/\\\/lanordica.fi\\\/product\\\/wifi-moduuli-black\\\/#breadcrumb\",\"itemListElement\":[{\"@type\":\"ListItem\",\"position\":1,\"name\":\"Home\",\"item\":\"https:\\\/\\\/lanordica.fi\\\/\"},{\"@type\":\"ListItem\",\"position\":2,\"name\":\"Kauppa\",\"item\":\"https:\\\/\\\/lanordica.fi\\\/shop\\\/\"},{\"@type\":\"ListItem\",\"position\":3,\"name\":\"Wifi moduuli Black &#8211; ExtraFlame\"}]},{\"@type\":\"WebSite\",\"@id\":\"https:\\\/\\\/lanordica.fi\\\/#website\",\"url\":\"https:\\\/\\\/lanordica.fi\\\/\",\"name\":\"La Nordica - Suomi\",\"description\":\"L\u00e4mp\u00f6\u00e4 kotiisi\",\"publisher\":{\"@id\":\"https:\\\/\\\/lanordica.fi\\\/#organization\"},\"potentialAction\":[{\"@type\":\"SearchAction\",\"target\":{\"@type\":\"EntryPoint\",\"urlTemplate\":\"https:\\\/\\\/lanordica.fi\\\/?s={search_term_string}\"},\"query-input\":{\"@type\":\"PropertyValueSpecification\",\"valueRequired\":true,\"valueName\":\"search_term_string\"}}],\"inLanguage\":\"fi\"},{\"@type\":\"Organization\",\"@id\":\"https:\\\/\\\/lanordica.fi\\\/#organization\",\"name\":\"La Nordica - Suomi\",\"url\":\"https:\\\/\\\/lanordica.fi\\\/\",\"logo\":{\"@type\":\"ImageObject\",\"inLanguage\":\"fi\",\"@id\":\"https:\\\/\\\/lanordica.fi\\\/#\\\/schema\\\/logo\\\/image\\\/\",\"url\":\"https:\\\/\\\/i0.wp.com\\\/lanordica.fi\\\/wp-content\\\/uploads\\\/2018\\\/03\\\/lanordica-fi.png?fit=768%2C282&ssl=1\",\"contentUrl\":\"https:\\\/\\\/i0.wp.com\\\/lanordica.fi\\\/wp-content\\\/uploads\\\/2018\\\/03\\\/lanordica-fi.png?fit=768%2C282&ssl=1\",\"width\":768,\"height\":282,\"caption\":\"La Nordica - Suomi\"},\"image\":{\"@id\":\"https:\\\/\\\/lanordica.fi\\\/#\\\/schema\\\/logo\\\/image\\\/\"}}]}<\/script>\n<!-- \/ Yoast SEO plugin. -->","yoast_head_json":{"title":"Wifi ohjaus pellettitakkaan Wifi moduuli Black - ExtraFlame La Nordica - Suomi","description":"Wifiohjaus ExtraFlame pellettitakkoihin, joissa mahdollisuus liitt\u00e4\u00e4 BLACK Wifi-moduuli.","robots":{"index":"index","follow":"follow","max-snippet":"max-snippet:-1","max-image-preview":"max-image-preview:large","max-video-preview":"max-video-preview:-1"},"canonical":"https:\/\/lanordica.fi\/fi\/product\/wifi-moduuli-black\/","og_locale":"fi_FI","og_type":"article","og_title":"Wifi ohjaus pellettitakkaan Wifi moduuli Black - ExtraFlame La Nordica - Suomi","og_description":"Wifiohjaus ExtraFlame pellettitakkoihin, joissa mahdollisuus liitt\u00e4\u00e4 BLACK Wifi-moduuli.","og_url":"https:\/\/lanordica.fi\/fi\/product\/wifi-moduuli-black\/","og_site_name":"La Nordica - Suomi","article_modified_time":"2022-10-04T07:38:12+00:00","og_image":[{"width":950,"height":950,"url":"https:\/\/lanordica.fi\/wp-content\/uploads\/2021\/05\/Wifibox-Black.jpg","type":"image\/jpeg"}],"twitter_card":"summary_large_image","twitter_misc":{"Arvioitu lukuaika":"1 minuutti"},"schema":{"@context":"https:\/\/schema.org","@graph":[{"@type":"WebPage","@id":"https:\/\/lanordica.fi\/product\/wifi-moduuli-black\/","url":"https:\/\/lanordica.fi\/product\/wifi-moduuli-black\/","name":"Wifi ohjaus pellettitakkaan Wifi moduuli Black - ExtraFlame La Nordica - Suomi","isPartOf":{"@id":"https:\/\/lanordica.fi\/#website"},"primaryImageOfPage":{"@id":"https:\/\/lanordica.fi\/product\/wifi-moduuli-black\/#primaryimage"},"image":{"@id":"https:\/\/lanordica.fi\/product\/wifi-moduuli-black\/#primaryimage"},"thumbnailUrl":"https:\/\/i0.wp.com\/lanordica.fi\/wp-content\/uploads\/2021\/05\/Wifibox-Black.jpg?fit=950%2C950&ssl=1","datePublished":"2021-05-12T11:48:49+00:00","dateModified":"2022-10-04T07:38:12+00:00","description":"Wifiohjaus ExtraFlame pellettitakkoihin, joissa mahdollisuus liitt\u00e4\u00e4 BLACK Wifi-moduuli.","breadcrumb":{"@id":"https:\/\/lanordica.fi\/product\/wifi-moduuli-black\/#breadcrumb"},"inLanguage":"fi","potentialAction":[{"@type":"ReadAction","target":["https:\/\/lanordica.fi\/product\/wifi-moduuli-black\/"]}]},{"@type":"ImageObject","inLanguage":"fi","@id":"https:\/\/lanordica.fi\/product\/wifi-moduuli-black\/#primaryimage","url":"https:\/\/i0.wp.com\/lanordica.fi\/wp-content\/uploads\/2021\/05\/Wifibox-Black.jpg?fit=950%2C950&ssl=1","contentUrl":"https:\/\/i0.wp.com\/lanordica.fi\/wp-content\/uploads\/2021\/05\/Wifibox-Black.jpg?fit=950%2C950&ssl=1","width":950,"height":950},{"@type":"BreadcrumbList","@id":"https:\/\/lanordica.fi\/product\/wifi-moduuli-black\/#breadcrumb","itemListElement":[{"@type":"ListItem","position":1,"name":"Home","item":"https:\/\/lanordica.fi\/"},{"@type":"ListItem","position":2,"name":"Kauppa","item":"https:\/\/lanordica.fi\/shop\/"},{"@type":"ListItem","position":3,"name":"Wifi moduuli Black &#8211; ExtraFlame"}]},{"@type":"WebSite","@id":"https:\/\/lanordica.fi\/#website","url":"https:\/\/lanordica.fi\/","name":"La Nordica - Suomi","description":"L\u00e4mp\u00f6\u00e4 kotiisi","publisher":{"@id":"https:\/\/lanordica.fi\/#organization"},"potentialAction":[{"@type":"SearchAction","target":{"@type":"EntryPoint","urlTemplate":"https:\/\/lanordica.fi\/?s={search_term_string}"},"query-input":{"@type":"PropertyValueSpecification","valueRequired":true,"valueName":"search_term_string"}}],"inLanguage":"fi"},{"@type":"Organization","@id":"https:\/\/lanordica.fi\/#organization","name":"La Nordica - Suomi","url":"https:\/\/lanordica.fi\/","logo":{"@type":"ImageObject","inLanguage":"fi","@id":"https:\/\/lanordica.fi\/#\/schema\/logo\/image\/","url":"https:\/\/i0.wp.com\/lanordica.fi\/wp-content\/uploads\/2018\/03\/lanordica-fi.png?fit=768%2C282&ssl=1","contentUrl":"https:\/\/i0.wp.com\/lanordica.fi\/wp-content\/uploads\/2018\/03\/lanordica-fi.png?fit=768%2C282&ssl=1","width":768,"height":282,"caption":"La Nordica - Suomi"},"image":{"@id":"https:\/\/lanordica.fi\/#\/schema\/logo\/image\/"}}]}},"jetpack_publicize_connections":[],"jetpack_sharing_enabled":true,"jetpack_likes_enabled":false,"_links":{"self":[{"href":"https:\/\/lanordica.fi\/fi\/wp-json\/wp\/v2\/product\/4273","targetHints":{"allow":["GET"]}}],"collection":[{"href":"https:\/\/lanordica.fi\/fi\/wp-json\/wp\/v2\/product"}],"about":[{"href":"https:\/\/lanordica.fi\/fi\/wp-json\/wp\/v2\/types\/product"}],"version-history":[{"count":5,"href":"https:\/\/lanordica.fi\/fi\/wp-json\/wp\/v2\/product\/4273\/revisions"}],"predecessor-version":[{"id":6515,"href":"https:\/\/lanordica.fi\/fi\/wp-json\/wp\/v2\/product\/4273\/revisions\/6515"}],"wp:featuredmedia":[{"embeddable":true,"href":"https:\/\/lanordica.fi\/fi\/wp-json\/wp\/v2\/media\/4280"}],"wp:attachment":[{"href":"https:\/\/lanordica.fi\/fi\/wp-json\/wp\/v2\/media?parent=4273"}],"wp:term":[{"taxonomy":"product_brand","embeddable":true,"href":"https:\/\/lanordica.fi\/fi\/wp-json\/wp\/v2\/product_brand?post=4273"},{"taxonomy":"product_cat","embeddable":true,"href":"https:\/\/lanordica.fi\/fi\/wp-json\/wp\/v2\/product_cat?post=4273"},{"taxonomy":"product_tag","embeddable":true,"href":"https:\/\/lanordica.fi\/fi\/wp-json\/wp\/v2\/product_tag?post=4273"}],"curies":[{"name":"wp","href":"https:\/\/api.w.org\/{rel}","templated":true}]}}