{"id":3485,"date":"2020-11-11T11:00:03","date_gmt":"2020-11-11T11:00:03","guid":{"rendered":"https:\/\/lanordica.fi\/?post_type=product&#038;p=3485"},"modified":"2024-02-21T11:35:05","modified_gmt":"2024-02-21T11:35:05","slug":"schiedel-permeter-smooth-130-mm-hormin-lahtokappale","status":"publish","type":"product","link":"https:\/\/lanordica.fi\/fi\/product\/schiedel-permeter-smooth-130-mm-hormin-lahtokappale\/","title":{"rendered":"Schiedel Permeter Smooth 130 mm hormin aloituskappale"},"content":{"rendered":"<p>Versioiden sopivuus:<\/p>\n<p>130 mm l\u00e4ht\u00f6kappaleella (130 mm aloituskappale):<\/p>\n<ul>\n<li style=\"list-style-type: none;\">\n<ul>\n<li><a href=\"https:\/\/lanordica.fi\/product\/rosetta-oikea-vuolukivi-2\/\">Rosetta<\/a><\/li>\n<li><a href=\"https:\/\/lanordica.fi\/product\/rosetta-maiolica-punainen\/\">Rosetta Maiolica<\/a><\/li>\n<li><a href=\"https:\/\/lanordica.fi\/product\/liu-infinity-valkoinen-kaakeliuuni-uutuus\/\">Liu<\/a><\/li>\n<li><a href=\"https:\/\/lanordica.fi\/product\/rossella-plus-vuolukivi-keittolevy\/\">Rossella Plus<\/a><\/li>\n<li><a href=\"https:\/\/lanordica.fi\/product\/rossella-plus-forno-vuolukivi-keittolevy-ja-uuni\/\">Rossella Plus Forno<\/a><\/li>\n<li><a href=\"https:\/\/lanordica.fi\/product\/ester\/\">Ester<\/a><\/li>\n<li><a href=\"https:\/\/lanordica.fi\/product\/ester-forno-uuni\/\">Ester Forno<\/a><\/li>\n<li><a href=\"https:\/\/lanordica.fi\/product\/sovrana-evo-musta\/\">Sovrana EVO<\/a><\/li>\n<li><a href=\"https:\/\/lanordica.fi\/product\/sovrana-easy-musta\/\">Sovrana Easy<\/a><\/li>\n<li><a href=\"https:\/\/lanordica.fi\/product\/family-45-musta\/\">Family 4,5<\/a><\/li>\n<\/ul>\n<\/li>\n<\/ul>\n<p>120 mm l\u00e4ht\u00f6kappalleella (130 mm aloituskappale 149493 + 130 mm holkki):<\/p>\n<ul>\n<li style=\"list-style-type: none;\">\n<ul>\n<li><a href=\"https:\/\/lanordica.fi\/product\/tea-valkoinen-keittotasolla\/\">Tea<\/a><\/li>\n<li><a href=\"https:\/\/lanordica.fi\/product\/super-junior-musta-keittotaso\/\">Super Junior<\/a><\/li>\n<li><a href=\"https:\/\/lanordica.fi\/product\/gemma-liberty-punainen-keittolevy\/\">Gemma<\/a><\/li>\n<li><a href=\"https:\/\/lanordica.fi\/product\/gemma-forno-vuolukivi-keittolevy-ja-uuni\/\">Gemma Forno<\/a><\/li>\n<li><a href=\"https:\/\/lanordica.fi\/product\/brigitta\/\">Brigitta<\/a><\/li>\n<\/ul>\n<\/li>\n<\/ul>\n","protected":false},"excerpt":{"rendered":"<p>Schiedel Permeter Smooth 130 mm (PMS50 tuotenumero 149493) alkuper\u00e4inen tehtaan aloituskappale, La Nordica tuotteisiin sopivalla sovitteella. Aloituskappaleesta 183 mm on erist\u00e4m\u00e4t\u00f6nt\u00e4 osaa, jolloin se sopii erinomaisesti keittolevyllisiin malleihin (ei vie pannulta, kattilalta tai haudutusastialta tilaa). Mik\u00e4li tuotteessa on 130 mm l\u00e4ht\u00f6, sopii l\u00e4ht\u00f6kappale suoraan. Turvaet\u00e4isyydet tulee ottaa huomioon erist\u00e4m\u00e4tt\u00f6m\u00e4ss\u00e4 liitosputkessa.<\/p>\n<p>Kaksi eri pakettia:<\/p>\n<ul>\n<li>130 mm l\u00e4ht\u00f6ihin: Aloituskappale (tuotenumero 149493)<\/li>\n<li>120 mm l\u00e4ht\u00f6ihin: Aloituskappale (tuotenumero 149493) + 130 mm valurautainen korvausholkki 120 mm tilalle<\/li>\n<\/ul>\n","protected":false},"featured_media":3487,"template":"","meta":{"_monsterinsights_skip_tracking":false,"_monsterinsights_sitenote_active":false,"_monsterinsights_sitenote_note":"","_monsterinsights_sitenote_category":0,"jetpack_publicize_message":"","jetpack_publicize_feature_enabled":true,"jetpack_social_post_already_shared":true,"jetpack_social_options":{"image_generator_settings":{"template":"highway","default_image_id":0,"font":"","enabled":false},"version":2},"_wpas_customize_per_network":false},"product_brand":[],"product_cat":[1391],"product_tag":[],"class_list":{"0":"post-3485","1":"product","2":"type-product","3":"status-publish","4":"has-post-thumbnail","6":"product_cat-lisatarvikkeet","7":"product_shipping_class-posti-mh","9":"first","10":"onbackorder","11":"taxable","12":"shipping-taxable","13":"purchasable","14":"product-type-variable"},"yoast_head":"<!-- This site is optimized with the Yoast SEO plugin v27.6 - https:\/\/yoast.com\/product\/yoast-seo-wordpress\/ -->\n<title>Schiedel Permeter Smooth 130 mm hormin aloituskappale - La Nordica - Suomi<\/title>\n<meta name=\"robots\" content=\"index, follow, max-snippet:-1, max-image-preview:large, max-video-preview:-1\" \/>\n<link rel=\"canonical\" href=\"https:\/\/lanordica.fi\/fi\/product\/schiedel-permeter-smooth-130-mm-hormin-lahtokappale\/\" \/>\n<meta property=\"og:locale\" content=\"fi_FI\" \/>\n<meta property=\"og:type\" content=\"article\" \/>\n<meta property=\"og:title\" content=\"Schiedel Permeter Smooth 130 mm hormin aloituskappale - La Nordica - Suomi\" \/>\n<meta property=\"og:description\" content=\"Schiedel Permeter Smooth 130 mm (PMS50 tuotenumero 149493) alkuper\u00e4inen tehtaan aloituskappale, La Nordica tuotteisiin sopivalla sovitteella. Aloituskappaleesta 183 mm on erist\u00e4m\u00e4t\u00f6nt\u00e4 osaa, jolloin se sopii erinomaisesti keittolevyllisiin malleihin (ei vie pannulta, kattilalta tai haudutusastialta tilaa). Mik\u00e4li tuotteessa on 130 mm l\u00e4ht\u00f6, sopii l\u00e4ht\u00f6kappale suoraan. Turvaet\u00e4isyydet tulee ottaa huomioon erist\u00e4m\u00e4tt\u00f6m\u00e4ss\u00e4 liitosputkessa.  Kaksi eri pakettia:   130 mm l\u00e4ht\u00f6ihin: Aloituskappale (tuotenumero 149493)  120 mm l\u00e4ht\u00f6ihin: Aloituskappale (tuotenumero 149493) + 130 mm valurautainen korvausholkki 120 mm tilalle\" \/>\n<meta property=\"og:url\" content=\"https:\/\/lanordica.fi\/fi\/product\/schiedel-permeter-smooth-130-mm-hormin-lahtokappale\/\" \/>\n<meta property=\"og:site_name\" content=\"La Nordica - Suomi\" \/>\n<meta property=\"article:modified_time\" content=\"2024-02-21T11:35:05+00:00\" \/>\n<meta property=\"og:image\" content=\"https:\/\/lanordica.fi\/wp-content\/uploads\/2020\/11\/Schiedel-PMS50-130-120mm-lahtokappale.jpg\" \/>\n\t<meta property=\"og:image:width\" content=\"900\" \/>\n\t<meta property=\"og:image:height\" content=\"939\" \/>\n\t<meta property=\"og:image:type\" content=\"image\/jpeg\" \/>\n<meta name=\"twitter:card\" content=\"summary_large_image\" \/>\n<meta name=\"twitter:label1\" content=\"Arvioitu lukuaika\" \/>\n\t<meta name=\"twitter:data1\" content=\"1 minuutti\" \/>\n<script type=\"application\/ld+json\" class=\"yoast-schema-graph\">{\"@context\":\"https:\\\/\\\/schema.org\",\"@graph\":[{\"@type\":\"WebPage\",\"@id\":\"https:\\\/\\\/lanordica.fi\\\/product\\\/schiedel-permeter-smooth-130-mm-hormin-lahtokappale\\\/\",\"url\":\"https:\\\/\\\/lanordica.fi\\\/product\\\/schiedel-permeter-smooth-130-mm-hormin-lahtokappale\\\/\",\"name\":\"Schiedel Permeter Smooth 130 mm hormin aloituskappale - La Nordica - Suomi\",\"isPartOf\":{\"@id\":\"https:\\\/\\\/lanordica.fi\\\/#website\"},\"primaryImageOfPage\":{\"@id\":\"https:\\\/\\\/lanordica.fi\\\/product\\\/schiedel-permeter-smooth-130-mm-hormin-lahtokappale\\\/#primaryimage\"},\"image\":{\"@id\":\"https:\\\/\\\/lanordica.fi\\\/product\\\/schiedel-permeter-smooth-130-mm-hormin-lahtokappale\\\/#primaryimage\"},\"thumbnailUrl\":\"https:\\\/\\\/i0.wp.com\\\/lanordica.fi\\\/wp-content\\\/uploads\\\/2020\\\/11\\\/Schiedel-PMS50-130-120mm-lahtokappale.jpg?fit=900%2C939&ssl=1\",\"datePublished\":\"2020-11-11T11:00:03+00:00\",\"dateModified\":\"2024-02-21T11:35:05+00:00\",\"breadcrumb\":{\"@id\":\"https:\\\/\\\/lanordica.fi\\\/product\\\/schiedel-permeter-smooth-130-mm-hormin-lahtokappale\\\/#breadcrumb\"},\"inLanguage\":\"fi\",\"potentialAction\":[{\"@type\":\"ReadAction\",\"target\":[\"https:\\\/\\\/lanordica.fi\\\/product\\\/schiedel-permeter-smooth-130-mm-hormin-lahtokappale\\\/\"]}]},{\"@type\":\"ImageObject\",\"inLanguage\":\"fi\",\"@id\":\"https:\\\/\\\/lanordica.fi\\\/product\\\/schiedel-permeter-smooth-130-mm-hormin-lahtokappale\\\/#primaryimage\",\"url\":\"https:\\\/\\\/i0.wp.com\\\/lanordica.fi\\\/wp-content\\\/uploads\\\/2020\\\/11\\\/Schiedel-PMS50-130-120mm-lahtokappale.jpg?fit=900%2C939&ssl=1\",\"contentUrl\":\"https:\\\/\\\/i0.wp.com\\\/lanordica.fi\\\/wp-content\\\/uploads\\\/2020\\\/11\\\/Schiedel-PMS50-130-120mm-lahtokappale.jpg?fit=900%2C939&ssl=1\",\"width\":900,\"height\":939,\"caption\":\"Sopii La Nordica tulisijoihin, joissa 130 mm tai 120 mm l\u00e4ht\u00f6kappale\"},{\"@type\":\"BreadcrumbList\",\"@id\":\"https:\\\/\\\/lanordica.fi\\\/product\\\/schiedel-permeter-smooth-130-mm-hormin-lahtokappale\\\/#breadcrumb\",\"itemListElement\":[{\"@type\":\"ListItem\",\"position\":1,\"name\":\"Home\",\"item\":\"https:\\\/\\\/lanordica.fi\\\/\"},{\"@type\":\"ListItem\",\"position\":2,\"name\":\"Kauppa\",\"item\":\"https:\\\/\\\/lanordica.fi\\\/shop\\\/\"},{\"@type\":\"ListItem\",\"position\":3,\"name\":\"Schiedel Permeter Smooth 130 mm hormin aloituskappale\"}]},{\"@type\":\"WebSite\",\"@id\":\"https:\\\/\\\/lanordica.fi\\\/#website\",\"url\":\"https:\\\/\\\/lanordica.fi\\\/\",\"name\":\"La Nordica - Suomi\",\"description\":\"L\u00e4mp\u00f6\u00e4 kotiisi\",\"publisher\":{\"@id\":\"https:\\\/\\\/lanordica.fi\\\/#organization\"},\"potentialAction\":[{\"@type\":\"SearchAction\",\"target\":{\"@type\":\"EntryPoint\",\"urlTemplate\":\"https:\\\/\\\/lanordica.fi\\\/?s={search_term_string}\"},\"query-input\":{\"@type\":\"PropertyValueSpecification\",\"valueRequired\":true,\"valueName\":\"search_term_string\"}}],\"inLanguage\":\"fi\"},{\"@type\":\"Organization\",\"@id\":\"https:\\\/\\\/lanordica.fi\\\/#organization\",\"name\":\"La Nordica - Suomi\",\"url\":\"https:\\\/\\\/lanordica.fi\\\/\",\"logo\":{\"@type\":\"ImageObject\",\"inLanguage\":\"fi\",\"@id\":\"https:\\\/\\\/lanordica.fi\\\/#\\\/schema\\\/logo\\\/image\\\/\",\"url\":\"https:\\\/\\\/i0.wp.com\\\/lanordica.fi\\\/wp-content\\\/uploads\\\/2018\\\/03\\\/lanordica-fi.png?fit=768%2C282&ssl=1\",\"contentUrl\":\"https:\\\/\\\/i0.wp.com\\\/lanordica.fi\\\/wp-content\\\/uploads\\\/2018\\\/03\\\/lanordica-fi.png?fit=768%2C282&ssl=1\",\"width\":768,\"height\":282,\"caption\":\"La Nordica - Suomi\"},\"image\":{\"@id\":\"https:\\\/\\\/lanordica.fi\\\/#\\\/schema\\\/logo\\\/image\\\/\"}}]}<\/script>\n<!-- \/ Yoast SEO plugin. -->","yoast_head_json":{"title":"Schiedel Permeter Smooth 130 mm hormin aloituskappale - La Nordica - Suomi","robots":{"index":"index","follow":"follow","max-snippet":"max-snippet:-1","max-image-preview":"max-image-preview:large","max-video-preview":"max-video-preview:-1"},"canonical":"https:\/\/lanordica.fi\/fi\/product\/schiedel-permeter-smooth-130-mm-hormin-lahtokappale\/","og_locale":"fi_FI","og_type":"article","og_title":"Schiedel Permeter Smooth 130 mm hormin aloituskappale - La Nordica - Suomi","og_description":"Schiedel Permeter Smooth 130 mm (PMS50 tuotenumero 149493) alkuper\u00e4inen tehtaan aloituskappale, La Nordica tuotteisiin sopivalla sovitteella. Aloituskappaleesta 183 mm on erist\u00e4m\u00e4t\u00f6nt\u00e4 osaa, jolloin se sopii erinomaisesti keittolevyllisiin malleihin (ei vie pannulta, kattilalta tai haudutusastialta tilaa). Mik\u00e4li tuotteessa on 130 mm l\u00e4ht\u00f6, sopii l\u00e4ht\u00f6kappale suoraan. Turvaet\u00e4isyydet tulee ottaa huomioon erist\u00e4m\u00e4tt\u00f6m\u00e4ss\u00e4 liitosputkessa.  Kaksi eri pakettia:   130 mm l\u00e4ht\u00f6ihin: Aloituskappale (tuotenumero 149493)  120 mm l\u00e4ht\u00f6ihin: Aloituskappale (tuotenumero 149493) + 130 mm valurautainen korvausholkki 120 mm tilalle","og_url":"https:\/\/lanordica.fi\/fi\/product\/schiedel-permeter-smooth-130-mm-hormin-lahtokappale\/","og_site_name":"La Nordica - Suomi","article_modified_time":"2024-02-21T11:35:05+00:00","og_image":[{"width":900,"height":939,"url":"https:\/\/lanordica.fi\/wp-content\/uploads\/2020\/11\/Schiedel-PMS50-130-120mm-lahtokappale.jpg","type":"image\/jpeg"}],"twitter_card":"summary_large_image","twitter_misc":{"Arvioitu lukuaika":"1 minuutti"},"schema":{"@context":"https:\/\/schema.org","@graph":[{"@type":"WebPage","@id":"https:\/\/lanordica.fi\/product\/schiedel-permeter-smooth-130-mm-hormin-lahtokappale\/","url":"https:\/\/lanordica.fi\/product\/schiedel-permeter-smooth-130-mm-hormin-lahtokappale\/","name":"Schiedel Permeter Smooth 130 mm hormin aloituskappale - La Nordica - Suomi","isPartOf":{"@id":"https:\/\/lanordica.fi\/#website"},"primaryImageOfPage":{"@id":"https:\/\/lanordica.fi\/product\/schiedel-permeter-smooth-130-mm-hormin-lahtokappale\/#primaryimage"},"image":{"@id":"https:\/\/lanordica.fi\/product\/schiedel-permeter-smooth-130-mm-hormin-lahtokappale\/#primaryimage"},"thumbnailUrl":"https:\/\/i0.wp.com\/lanordica.fi\/wp-content\/uploads\/2020\/11\/Schiedel-PMS50-130-120mm-lahtokappale.jpg?fit=900%2C939&ssl=1","datePublished":"2020-11-11T11:00:03+00:00","dateModified":"2024-02-21T11:35:05+00:00","breadcrumb":{"@id":"https:\/\/lanordica.fi\/product\/schiedel-permeter-smooth-130-mm-hormin-lahtokappale\/#breadcrumb"},"inLanguage":"fi","potentialAction":[{"@type":"ReadAction","target":["https:\/\/lanordica.fi\/product\/schiedel-permeter-smooth-130-mm-hormin-lahtokappale\/"]}]},{"@type":"ImageObject","inLanguage":"fi","@id":"https:\/\/lanordica.fi\/product\/schiedel-permeter-smooth-130-mm-hormin-lahtokappale\/#primaryimage","url":"https:\/\/i0.wp.com\/lanordica.fi\/wp-content\/uploads\/2020\/11\/Schiedel-PMS50-130-120mm-lahtokappale.jpg?fit=900%2C939&ssl=1","contentUrl":"https:\/\/i0.wp.com\/lanordica.fi\/wp-content\/uploads\/2020\/11\/Schiedel-PMS50-130-120mm-lahtokappale.jpg?fit=900%2C939&ssl=1","width":900,"height":939,"caption":"Sopii La Nordica tulisijoihin, joissa 130 mm tai 120 mm l\u00e4ht\u00f6kappale"},{"@type":"BreadcrumbList","@id":"https:\/\/lanordica.fi\/product\/schiedel-permeter-smooth-130-mm-hormin-lahtokappale\/#breadcrumb","itemListElement":[{"@type":"ListItem","position":1,"name":"Home","item":"https:\/\/lanordica.fi\/"},{"@type":"ListItem","position":2,"name":"Kauppa","item":"https:\/\/lanordica.fi\/shop\/"},{"@type":"ListItem","position":3,"name":"Schiedel Permeter Smooth 130 mm hormin aloituskappale"}]},{"@type":"WebSite","@id":"https:\/\/lanordica.fi\/#website","url":"https:\/\/lanordica.fi\/","name":"La Nordica - Suomi","description":"L\u00e4mp\u00f6\u00e4 kotiisi","publisher":{"@id":"https:\/\/lanordica.fi\/#organization"},"potentialAction":[{"@type":"SearchAction","target":{"@type":"EntryPoint","urlTemplate":"https:\/\/lanordica.fi\/?s={search_term_string}"},"query-input":{"@type":"PropertyValueSpecification","valueRequired":true,"valueName":"search_term_string"}}],"inLanguage":"fi"},{"@type":"Organization","@id":"https:\/\/lanordica.fi\/#organization","name":"La Nordica - Suomi","url":"https:\/\/lanordica.fi\/","logo":{"@type":"ImageObject","inLanguage":"fi","@id":"https:\/\/lanordica.fi\/#\/schema\/logo\/image\/","url":"https:\/\/i0.wp.com\/lanordica.fi\/wp-content\/uploads\/2018\/03\/lanordica-fi.png?fit=768%2C282&ssl=1","contentUrl":"https:\/\/i0.wp.com\/lanordica.fi\/wp-content\/uploads\/2018\/03\/lanordica-fi.png?fit=768%2C282&ssl=1","width":768,"height":282,"caption":"La Nordica - Suomi"},"image":{"@id":"https:\/\/lanordica.fi\/#\/schema\/logo\/image\/"}}]}},"jetpack_publicize_connections":[],"jetpack_sharing_enabled":true,"jetpack_likes_enabled":true,"_links":{"self":[{"href":"https:\/\/lanordica.fi\/fi\/wp-json\/wp\/v2\/product\/3485","targetHints":{"allow":["GET"]}}],"collection":[{"href":"https:\/\/lanordica.fi\/fi\/wp-json\/wp\/v2\/product"}],"about":[{"href":"https:\/\/lanordica.fi\/fi\/wp-json\/wp\/v2\/types\/product"}],"version-history":[{"count":12,"href":"https:\/\/lanordica.fi\/fi\/wp-json\/wp\/v2\/product\/3485\/revisions"}],"predecessor-version":[{"id":9143,"href":"https:\/\/lanordica.fi\/fi\/wp-json\/wp\/v2\/product\/3485\/revisions\/9143"}],"wp:featuredmedia":[{"embeddable":true,"href":"https:\/\/lanordica.fi\/fi\/wp-json\/wp\/v2\/media\/3487"}],"wp:attachment":[{"href":"https:\/\/lanordica.fi\/fi\/wp-json\/wp\/v2\/media?parent=3485"}],"wp:term":[{"taxonomy":"product_brand","embeddable":true,"href":"https:\/\/lanordica.fi\/fi\/wp-json\/wp\/v2\/product_brand?post=3485"},{"taxonomy":"product_cat","embeddable":true,"href":"https:\/\/lanordica.fi\/fi\/wp-json\/wp\/v2\/product_cat?post=3485"},{"taxonomy":"product_tag","embeddable":true,"href":"https:\/\/lanordica.fi\/fi\/wp-json\/wp\/v2\/product_tag?post=3485"}],"curies":[{"name":"wp","href":"https:\/\/api.w.org\/{rel}","templated":true}]}}