{"id":3347,"date":"2020-10-20T06:05:53","date_gmt":"2020-10-20T06:05:53","guid":{"rendered":"https:\/\/lanordica.fi\/?post_type=product&#038;p=3347"},"modified":"2026-05-08T08:04:31","modified_gmt":"2026-05-08T08:04:31","slug":"verona-xxl","status":"publish","type":"product","link":"https:\/\/lanordica.fi\/fi\/product\/verona-xxl\/","title":{"rendered":"Verona XXL"},"content":{"rendered":"<p>Mitat (L x K x S): 800 x 850-910 x 644 mm (s\u00e4\u00e4t\u00f6jalat alla)<br \/>\nTeho: 7 kW<br \/>\nPaino: 175 kg<br \/>\nTulipes\u00e4n koko: 568 x 215 x 240 mm<br \/>\nLuukun koko: 500 x 160 mm<br \/>\nUunin koko: 547 x 275 x 450 mm<br \/>\nL\u00e4mmitysala: 229 m\u00b3<br \/>\nHormiliitos: 150 mm p\u00e4\u00e4lt\u00e4, takaa tai <a href=\"https:\/\/lanordica.fi\/product\/kylkilahtosarja-oikealle-verona-ruostumaton-teras\/\">sivulta<\/a><br \/>\nS\u00e4\u00e4dett\u00e4v\u00e4 ensi\u00f6ilma: kyll\u00e4<br \/>\nS\u00e4\u00e4dett\u00e4v\u00e4 toisioilma: kyll\u00e4<br \/>\nTertiaari-ilma: esis\u00e4\u00e4detty<br \/>\nJ\u00e4lkipoltto: kyll\u00e4<br \/>\nHy\u00f6tysuhde: 85,1 %<br \/>\nPolttoaineen kulutus: 1,9 kg\/h<br \/>\nSavukaasujen keskil\u00e4mp\u00f6tila: 207 \u00b0C<br \/>\nCO p\u00e4\u00e4st\u00f6t: 0,084 %<br \/>\nHiukkasp\u00e4\u00e4st\u00f6t: 5,7 mg\/m\u00b3 (13% O2)<\/p>\n<p>Suojaet\u00e4isyydet:<\/p>\n<p>Suojaet\u00e4isyys \u2013 pohja dB = 0 mm<br \/>\nSuojaet\u00e4isyys \u2013 edess\u00e4 oleva lattia dF = 1000 mm<br \/>\nSuojaet\u00e4isyys \u2013 katto dC = 750 mm<br \/>\nSuojaet\u00e4isyys \u2013 taakse dR = 300 mm<br \/>\nSuojaet\u00e4isyys \u2013 sivu dS = B:0\/D:400* mm<br \/>\nSuojaet\u00e4isyys \u2013 sivun s\u00e4teilyalue dL = 1000 mm<br \/>\nSuojaet\u00e4isyys \u2013 eteen dP = 1000 mm<\/p>\n<p>Suojaet\u00e4isyydell\u00e4 tarkoitetaan et\u00e4isyytt\u00e4 palavaan materiaaliin<br \/>\nPalamaton materiaali ei vaadi suojaet\u00e4isyytt\u00e4<br \/>\n*Edess\u00e4 olevan lattian osalta tulee noudattaa Suomen paloturvalakia (kipin\u00e4suoja 400 mm eteen, 100 mm sivuille luukusta). Vaikka tuotteelle olisi annettu suojaet\u00e4isyydeksi 0 mm, se ei kumoa paloturvalakiin m\u00e4\u00e4ritelty\u00e4 kipin\u00e4pellin vaatimusta.<\/p>\n<p>K\u00e4ytt\u00f6ohje: Kyll\u00e4, alkuper\u00e4isen ohjeen Suomi-k\u00e4\u00e4nn\u00f6s<br \/>\n<a href=\"https:\/\/www.lanordica-extraflame.com\/en\/products\/woodburning-cookers\/verona-xxl\">Valmistajan alkuper\u00e4iset sivut<\/a><br \/>\n<a href=\"https:\/\/www.lanordica-extraflame.com\/sites\/default\/files\/documenti_temp\/007193082-000_dop_verona_xxl.pdf\">Suoritustasoilmoitus.pdf<\/a><\/p>\n<p><strong>Hellan mukana toimitetaan uunipelti sek\u00e4 uuniritil\u00e4<\/strong><\/p>\n","protected":false},"excerpt":{"rendered":"<p>T\u00e4m\u00e4 tuote t\u00e4ytt\u00e4\u00e4 2022 Ekosuunnittelu vaatimukset<\/p>\n<p>Kalusteisiin integroitava puuhella. Uudessa XXL versiossa 54 cm leve\u00e4 tulipes\u00e4!\u00a0 Tulipes\u00e4 yl\u00e4puolella ja tehokas paistouuni alhaalla. Tulipes\u00e4ss\u00e4 tuplalasi v\u00e4hent\u00e4m\u00e4ss\u00e4 kokin jalkoihin s\u00e4teilev\u00e4\u00e4 l\u00e4mp\u00f6\u00e4. Valurautainen tehokas keittotaso p\u00e4\u00e4ll\u00e4. Suoravetopelti mahdollistaa savun kulkemisen jatkuvasti yl\u00f6sp\u00e4in sytytysvaiheessa, jolloin veto on hyv\u00e4 huonovetoisissakin hormeissa. Kun suoraveto k\u00e4\u00e4nnet\u00e4\u00e4n kierrolle, savukaasut kulkevat alla sijaitsevan paistouunin ymp\u00e4ri ennen hormiin poistumista. Paistouunissa mahdollisuus valolle, mik\u00e4li s\u00e4hk\u00f6liit\u00e4nt\u00e4 kytket\u00e4\u00e4n.<\/p>\n<p>Hormiliit\u00e4nn\u00e4t vakiona taakse ja p\u00e4\u00e4lle, sek\u00e4 lis\u00e4varusteena saatavilla vasemmalle ja oikealle <a href=\"https:\/\/lanordica.fi\/product\/kylkilahtosarja\/\">kylkil\u00e4ht\u00f6sarja<\/a>. Turvaet\u00e4isyys sivuille 0 cm jo hellassa vakiona olevien suojaseinien ansiosta. Tarkista yl\u00e4puoliset suojaet\u00e4isyydet suojaet\u00e4isyyspiirrustuksesta.<\/p>\n<p>Tulipes\u00e4n ja uunin luukkujen\u00a0 k\u00e4tisyys vaihdettavissa. Mahdollisuus s\u00e4hk\u00f6kytkenn\u00e4lle, jolla saadaan uuniin valo (G9 kanta 25 W). S\u00e4\u00e4dett\u00e4v\u00e4t seisontajalat.<\/p>\n<p><strong>Takuu 2+3 vuotta<\/strong> kaikille tuotteille jotka hankitaan t\u00e4lle sivulle listatusta myym\u00e4l\u00e4st\u00e4.<br \/>\nLis\u00e4takuun rekister\u00f6inti <a href=\"https:\/\/lanordica.fi\/rekisteroi-lanordican-lisatakuu\/\">t\u00e4st\u00e4<\/a><\/p>\n","protected":false},"featured_media":3355,"template":"","meta":{"_monsterinsights_skip_tracking":false,"_monsterinsights_sitenote_active":false,"_monsterinsights_sitenote_note":"","_monsterinsights_sitenote_category":0,"jetpack_publicize_message":"","jetpack_publicize_feature_enabled":true,"jetpack_social_post_already_shared":true,"jetpack_social_options":{"image_generator_settings":{"template":"highway","default_image_id":0,"font":"","enabled":false},"version":2},"_wpas_customize_per_network":false},"product_brand":[],"product_cat":[1373],"product_tag":[1420,1414,1398,1415,1417,1419,1421,1397,1381,1457,1458,1418,1416,1408,1389,1392],"class_list":{"0":"post-3347","1":"product","2":"type-product","3":"status-publish","4":"has-post-thumbnail","6":"product_cat-puuhellat","7":"product_tag-80cm","8":"product_tag-iso-uuni","9":"product_tag-keittolevy","10":"product_tag-keraaminen-keittotaso","11":"product_tag-kylkilahto","12":"product_tag-kylkiliitos","13":"product_tag-leveys-80","14":"product_tag-musta","15":"product_tag-puuhella","16":"product_tag-rst","17":"product_tag-ruostumaton-teras","18":"product_tag-sivulahto","19":"product_tag-sivuliitos","20":"product_tag-tuplalasi","21":"product_tag-uuni","22":"product_tag-uunipelti","23":"product_shipping_class-puuhella","25":"first","26":"instock","27":"taxable","28":"shipping-taxable","29":"purchasable","30":"product-type-variable"},"yoast_head":"<!-- This site is optimized with the Yoast SEO plugin v27.5 - https:\/\/yoast.com\/product\/yoast-seo-wordpress\/ -->\n<title>Verona XXL - La Nordica - Suomi<\/title>\n<meta name=\"description\" content=\"La Nordica puuhella uutuus! 54 cm leve\u00e4 tulipes\u00e4. Puuhella voidaan integroida keitti\u00f6kalusteisiin 0 cm turvaet\u00e4isyyden ansiosta.\" \/>\n<meta name=\"robots\" content=\"index, follow, max-snippet:-1, max-image-preview:large, max-video-preview:-1\" \/>\n<link rel=\"canonical\" href=\"https:\/\/lanordica.fi\/fi\/product\/verona-xxl\/\" \/>\n<meta property=\"og:locale\" content=\"fi_FI\" \/>\n<meta property=\"og:type\" content=\"article\" \/>\n<meta property=\"og:title\" content=\"Verona XXL - La Nordica - Suomi\" \/>\n<meta property=\"og:description\" content=\"La Nordica puuhella uutuus! 54 cm leve\u00e4 tulipes\u00e4. Puuhella voidaan integroida keitti\u00f6kalusteisiin 0 cm turvaet\u00e4isyyden ansiosta.\" \/>\n<meta property=\"og:url\" content=\"https:\/\/lanordica.fi\/fi\/product\/verona-xxl\/\" \/>\n<meta property=\"og:site_name\" content=\"La Nordica - Suomi\" \/>\n<meta property=\"article:modified_time\" content=\"2026-05-08T08:04:31+00:00\" \/>\n<meta property=\"og:image\" content=\"https:\/\/lanordica.fi\/wp-content\/uploads\/2020\/10\/Verona-XXL-RST-integroitava-puuhella.jpg\" \/>\n\t<meta property=\"og:image:width\" content=\"856\" \/>\n\t<meta property=\"og:image:height\" content=\"798\" \/>\n\t<meta property=\"og:image:type\" content=\"image\/jpeg\" \/>\n<meta name=\"twitter:card\" content=\"summary_large_image\" \/>\n<meta name=\"twitter:label1\" content=\"Arvioitu lukuaika\" \/>\n\t<meta name=\"twitter:data1\" content=\"2 minuuttia\" \/>\n<script type=\"application\/ld+json\" class=\"yoast-schema-graph\">{\"@context\":\"https:\\\/\\\/schema.org\",\"@graph\":[{\"@type\":\"WebPage\",\"@id\":\"https:\\\/\\\/lanordica.fi\\\/product\\\/verona-xxl\\\/\",\"url\":\"https:\\\/\\\/lanordica.fi\\\/product\\\/verona-xxl\\\/\",\"name\":\"Verona XXL - La Nordica - Suomi\",\"isPartOf\":{\"@id\":\"https:\\\/\\\/lanordica.fi\\\/#website\"},\"primaryImageOfPage\":{\"@id\":\"https:\\\/\\\/lanordica.fi\\\/product\\\/verona-xxl\\\/#primaryimage\"},\"image\":{\"@id\":\"https:\\\/\\\/lanordica.fi\\\/product\\\/verona-xxl\\\/#primaryimage\"},\"thumbnailUrl\":\"https:\\\/\\\/i0.wp.com\\\/lanordica.fi\\\/wp-content\\\/uploads\\\/2020\\\/10\\\/Verona-XXL-RST-integroitava-puuhella.jpg?fit=856%2C798&ssl=1\",\"datePublished\":\"2020-10-20T06:05:53+00:00\",\"dateModified\":\"2026-05-08T08:04:31+00:00\",\"description\":\"La Nordica puuhella uutuus! 54 cm leve\u00e4 tulipes\u00e4. Puuhella voidaan integroida keitti\u00f6kalusteisiin 0 cm turvaet\u00e4isyyden ansiosta.\",\"breadcrumb\":{\"@id\":\"https:\\\/\\\/lanordica.fi\\\/product\\\/verona-xxl\\\/#breadcrumb\"},\"inLanguage\":\"fi\",\"potentialAction\":[{\"@type\":\"ReadAction\",\"target\":[\"https:\\\/\\\/lanordica.fi\\\/product\\\/verona-xxl\\\/\"]}]},{\"@type\":\"ImageObject\",\"inLanguage\":\"fi\",\"@id\":\"https:\\\/\\\/lanordica.fi\\\/product\\\/verona-xxl\\\/#primaryimage\",\"url\":\"https:\\\/\\\/i0.wp.com\\\/lanordica.fi\\\/wp-content\\\/uploads\\\/2020\\\/10\\\/Verona-XXL-RST-integroitava-puuhella.jpg?fit=856%2C798&ssl=1\",\"contentUrl\":\"https:\\\/\\\/i0.wp.com\\\/lanordica.fi\\\/wp-content\\\/uploads\\\/2020\\\/10\\\/Verona-XXL-RST-integroitava-puuhella.jpg?fit=856%2C798&ssl=1\",\"width\":856,\"height\":798},{\"@type\":\"BreadcrumbList\",\"@id\":\"https:\\\/\\\/lanordica.fi\\\/product\\\/verona-xxl\\\/#breadcrumb\",\"itemListElement\":[{\"@type\":\"ListItem\",\"position\":1,\"name\":\"Home\",\"item\":\"https:\\\/\\\/lanordica.fi\\\/\"},{\"@type\":\"ListItem\",\"position\":2,\"name\":\"Kauppa\",\"item\":\"https:\\\/\\\/lanordica.fi\\\/shop\\\/\"},{\"@type\":\"ListItem\",\"position\":3,\"name\":\"Verona XXL\"}]},{\"@type\":\"WebSite\",\"@id\":\"https:\\\/\\\/lanordica.fi\\\/#website\",\"url\":\"https:\\\/\\\/lanordica.fi\\\/\",\"name\":\"La Nordica - Suomi\",\"description\":\"L\u00e4mp\u00f6\u00e4 kotiisi\",\"publisher\":{\"@id\":\"https:\\\/\\\/lanordica.fi\\\/#organization\"},\"potentialAction\":[{\"@type\":\"SearchAction\",\"target\":{\"@type\":\"EntryPoint\",\"urlTemplate\":\"https:\\\/\\\/lanordica.fi\\\/?s={search_term_string}\"},\"query-input\":{\"@type\":\"PropertyValueSpecification\",\"valueRequired\":true,\"valueName\":\"search_term_string\"}}],\"inLanguage\":\"fi\"},{\"@type\":\"Organization\",\"@id\":\"https:\\\/\\\/lanordica.fi\\\/#organization\",\"name\":\"La Nordica - Suomi\",\"url\":\"https:\\\/\\\/lanordica.fi\\\/\",\"logo\":{\"@type\":\"ImageObject\",\"inLanguage\":\"fi\",\"@id\":\"https:\\\/\\\/lanordica.fi\\\/#\\\/schema\\\/logo\\\/image\\\/\",\"url\":\"https:\\\/\\\/i0.wp.com\\\/lanordica.fi\\\/wp-content\\\/uploads\\\/2018\\\/03\\\/lanordica-fi.png?fit=768%2C282&ssl=1\",\"contentUrl\":\"https:\\\/\\\/i0.wp.com\\\/lanordica.fi\\\/wp-content\\\/uploads\\\/2018\\\/03\\\/lanordica-fi.png?fit=768%2C282&ssl=1\",\"width\":768,\"height\":282,\"caption\":\"La Nordica - Suomi\"},\"image\":{\"@id\":\"https:\\\/\\\/lanordica.fi\\\/#\\\/schema\\\/logo\\\/image\\\/\"}}]}<\/script>\n<!-- \/ Yoast SEO plugin. -->","yoast_head_json":{"title":"Verona XXL - La Nordica - Suomi","description":"La Nordica puuhella uutuus! 54 cm leve\u00e4 tulipes\u00e4. Puuhella voidaan integroida keitti\u00f6kalusteisiin 0 cm turvaet\u00e4isyyden ansiosta.","robots":{"index":"index","follow":"follow","max-snippet":"max-snippet:-1","max-image-preview":"max-image-preview:large","max-video-preview":"max-video-preview:-1"},"canonical":"https:\/\/lanordica.fi\/fi\/product\/verona-xxl\/","og_locale":"fi_FI","og_type":"article","og_title":"Verona XXL - La Nordica - Suomi","og_description":"La Nordica puuhella uutuus! 54 cm leve\u00e4 tulipes\u00e4. Puuhella voidaan integroida keitti\u00f6kalusteisiin 0 cm turvaet\u00e4isyyden ansiosta.","og_url":"https:\/\/lanordica.fi\/fi\/product\/verona-xxl\/","og_site_name":"La Nordica - Suomi","article_modified_time":"2026-05-08T08:04:31+00:00","og_image":[{"width":856,"height":798,"url":"https:\/\/lanordica.fi\/wp-content\/uploads\/2020\/10\/Verona-XXL-RST-integroitava-puuhella.jpg","type":"image\/jpeg"}],"twitter_card":"summary_large_image","twitter_misc":{"Arvioitu lukuaika":"2 minuuttia"},"schema":{"@context":"https:\/\/schema.org","@graph":[{"@type":"WebPage","@id":"https:\/\/lanordica.fi\/product\/verona-xxl\/","url":"https:\/\/lanordica.fi\/product\/verona-xxl\/","name":"Verona XXL - La Nordica - Suomi","isPartOf":{"@id":"https:\/\/lanordica.fi\/#website"},"primaryImageOfPage":{"@id":"https:\/\/lanordica.fi\/product\/verona-xxl\/#primaryimage"},"image":{"@id":"https:\/\/lanordica.fi\/product\/verona-xxl\/#primaryimage"},"thumbnailUrl":"https:\/\/i0.wp.com\/lanordica.fi\/wp-content\/uploads\/2020\/10\/Verona-XXL-RST-integroitava-puuhella.jpg?fit=856%2C798&ssl=1","datePublished":"2020-10-20T06:05:53+00:00","dateModified":"2026-05-08T08:04:31+00:00","description":"La Nordica puuhella uutuus! 54 cm leve\u00e4 tulipes\u00e4. Puuhella voidaan integroida keitti\u00f6kalusteisiin 0 cm turvaet\u00e4isyyden ansiosta.","breadcrumb":{"@id":"https:\/\/lanordica.fi\/product\/verona-xxl\/#breadcrumb"},"inLanguage":"fi","potentialAction":[{"@type":"ReadAction","target":["https:\/\/lanordica.fi\/product\/verona-xxl\/"]}]},{"@type":"ImageObject","inLanguage":"fi","@id":"https:\/\/lanordica.fi\/product\/verona-xxl\/#primaryimage","url":"https:\/\/i0.wp.com\/lanordica.fi\/wp-content\/uploads\/2020\/10\/Verona-XXL-RST-integroitava-puuhella.jpg?fit=856%2C798&ssl=1","contentUrl":"https:\/\/i0.wp.com\/lanordica.fi\/wp-content\/uploads\/2020\/10\/Verona-XXL-RST-integroitava-puuhella.jpg?fit=856%2C798&ssl=1","width":856,"height":798},{"@type":"BreadcrumbList","@id":"https:\/\/lanordica.fi\/product\/verona-xxl\/#breadcrumb","itemListElement":[{"@type":"ListItem","position":1,"name":"Home","item":"https:\/\/lanordica.fi\/"},{"@type":"ListItem","position":2,"name":"Kauppa","item":"https:\/\/lanordica.fi\/shop\/"},{"@type":"ListItem","position":3,"name":"Verona XXL"}]},{"@type":"WebSite","@id":"https:\/\/lanordica.fi\/#website","url":"https:\/\/lanordica.fi\/","name":"La Nordica - Suomi","description":"L\u00e4mp\u00f6\u00e4 kotiisi","publisher":{"@id":"https:\/\/lanordica.fi\/#organization"},"potentialAction":[{"@type":"SearchAction","target":{"@type":"EntryPoint","urlTemplate":"https:\/\/lanordica.fi\/?s={search_term_string}"},"query-input":{"@type":"PropertyValueSpecification","valueRequired":true,"valueName":"search_term_string"}}],"inLanguage":"fi"},{"@type":"Organization","@id":"https:\/\/lanordica.fi\/#organization","name":"La Nordica - Suomi","url":"https:\/\/lanordica.fi\/","logo":{"@type":"ImageObject","inLanguage":"fi","@id":"https:\/\/lanordica.fi\/#\/schema\/logo\/image\/","url":"https:\/\/i0.wp.com\/lanordica.fi\/wp-content\/uploads\/2018\/03\/lanordica-fi.png?fit=768%2C282&ssl=1","contentUrl":"https:\/\/i0.wp.com\/lanordica.fi\/wp-content\/uploads\/2018\/03\/lanordica-fi.png?fit=768%2C282&ssl=1","width":768,"height":282,"caption":"La Nordica - Suomi"},"image":{"@id":"https:\/\/lanordica.fi\/#\/schema\/logo\/image\/"}}]}},"jetpack_publicize_connections":[],"jetpack_sharing_enabled":true,"jetpack_likes_enabled":true,"_links":{"self":[{"href":"https:\/\/lanordica.fi\/fi\/wp-json\/wp\/v2\/product\/3347","targetHints":{"allow":["GET"]}}],"collection":[{"href":"https:\/\/lanordica.fi\/fi\/wp-json\/wp\/v2\/product"}],"about":[{"href":"https:\/\/lanordica.fi\/fi\/wp-json\/wp\/v2\/types\/product"}],"version-history":[{"count":14,"href":"https:\/\/lanordica.fi\/fi\/wp-json\/wp\/v2\/product\/3347\/revisions"}],"predecessor-version":[{"id":14102,"href":"https:\/\/lanordica.fi\/fi\/wp-json\/wp\/v2\/product\/3347\/revisions\/14102"}],"wp:featuredmedia":[{"embeddable":true,"href":"https:\/\/lanordica.fi\/fi\/wp-json\/wp\/v2\/media\/3355"}],"wp:attachment":[{"href":"https:\/\/lanordica.fi\/fi\/wp-json\/wp\/v2\/media?parent=3347"}],"wp:term":[{"taxonomy":"product_brand","embeddable":true,"href":"https:\/\/lanordica.fi\/fi\/wp-json\/wp\/v2\/product_brand?post=3347"},{"taxonomy":"product_cat","embeddable":true,"href":"https:\/\/lanordica.fi\/fi\/wp-json\/wp\/v2\/product_cat?post=3347"},{"taxonomy":"product_tag","embeddable":true,"href":"https:\/\/lanordica.fi\/fi\/wp-json\/wp\/v2\/product_tag?post=3347"}],"curies":[{"name":"wp","href":"https:\/\/api.w.org\/{rel}","templated":true}]}}