{"id":296,"date":"2018-04-11T14:10:37","date_gmt":"2018-04-11T14:10:37","guid":{"rendered":"https:\/\/lanordica.fi\/?post_type=product&#038;p=296"},"modified":"2024-05-02T11:14:15","modified_gmt":"2024-05-02T11:14:15","slug":"keraaminen-keittotaso-vicenza","status":"publish","type":"product","link":"https:\/\/lanordica.fi\/fi\/product\/keraaminen-keittotaso-vicenza\/","title":{"rendered":"Keraaminen keittotaso &#8211; Vicenza EVO"},"content":{"rendered":"<p>&nbsp;<\/p>\n<p>&nbsp;<\/p>\n","protected":false},"excerpt":{"rendered":"<p>Keraamisen keittotason muutossarja. Toimitetaan lis\u00e4tarvikkeena, jolloin alkuper\u00e4inen valurautataso j\u00e4\u00e4 aina varalle.<\/p>\n<ul>\n<li>Sopivuus: <a href=\"https:\/\/lanordica.fi\/product\/vicenzav\/\">Vicenza EVO<\/a> mallit<\/li>\n<\/ul>\n<p><img decoding=\"async\" class=\"alignnone wp-image-315\" src=\"https:\/\/lanordica.fi\/wp-content\/uploads\/2018\/04\/pdf-logo.jpg\" alt=\"\" width=\"35\" height=\"35\" srcset=\"https:\/\/i0.wp.com\/lanordica.fi\/wp-content\/uploads\/2018\/04\/pdf-logo.jpg?w=259&amp;ssl=1 259w, https:\/\/i0.wp.com\/lanordica.fi\/wp-content\/uploads\/2018\/04\/pdf-logo.jpg?resize=150%2C150&amp;ssl=1 150w, https:\/\/i0.wp.com\/lanordica.fi\/wp-content\/uploads\/2018\/04\/pdf-logo.jpg?resize=250%2C250&amp;ssl=1 250w, https:\/\/i0.wp.com\/lanordica.fi\/wp-content\/uploads\/2018\/04\/pdf-logo.jpg?resize=100%2C100&amp;ssl=1 100w\" sizes=\"(max-width: 35px) 100vw, 35px\" \/> <a href=\"https:\/\/lanordica.fi\/wp-content\/uploads\/2018\/04\/keraaminen-keittotaso-ohje.pdf\">Keraamisen-keittotason-asennusohje.pdf<\/a><\/p>\n","protected":false},"featured_media":268,"template":"","meta":{"_monsterinsights_skip_tracking":false,"_monsterinsights_sitenote_active":false,"_monsterinsights_sitenote_note":"","_monsterinsights_sitenote_category":0,"jetpack_publicize_message":"","jetpack_publicize_feature_enabled":true,"jetpack_social_post_already_shared":true,"jetpack_social_options":{"image_generator_settings":{"template":"highway","default_image_id":0,"font":"","enabled":false},"version":2},"_wpas_customize_per_network":false},"product_brand":[],"product_cat":[1391],"product_tag":[1410,1415,1427,1422],"class_list":{"0":"post-296","1":"product","2":"type-product","3":"status-publish","4":"has-post-thumbnail","6":"product_cat-lisatarvikkeet","7":"product_tag-keittotaso","8":"product_tag-keraaminen-keittotaso","9":"product_tag-valkoinen","10":"product_tag-vicenza","11":"product_shipping_class-posti-mh","13":"first","14":"onbackorder","15":"taxable","16":"shipping-taxable","17":"purchasable","18":"product-type-simple"},"yoast_head":"<!-- This site is optimized with the Yoast SEO plugin v27.5 - https:\/\/yoast.com\/product\/yoast-seo-wordpress\/ -->\n<title>Keraaminen keittotaso - Vicenza EVO - La Nordica - Suomi<\/title>\n<meta name=\"description\" content=\"Vicenca puuhella keraaminen keittotaso on tehokas ja helposti puhdistettava, ja ennenkaikkea tyylik\u00e4s lis\u00e4varuste!\" \/>\n<meta name=\"robots\" content=\"index, follow, max-snippet:-1, max-image-preview:large, max-video-preview:-1\" \/>\n<link rel=\"canonical\" href=\"https:\/\/lanordica.fi\/fi\/product\/keraaminen-keittotaso-vicenza\/\" \/>\n<meta property=\"og:locale\" content=\"fi_FI\" \/>\n<meta property=\"og:type\" content=\"article\" \/>\n<meta property=\"og:title\" content=\"Keraaminen keittotaso - Vicenza EVO - La Nordica - Suomi\" \/>\n<meta property=\"og:description\" content=\"Vicenca puuhella keraaminen keittotaso on tehokas ja helposti puhdistettava, ja ennenkaikkea tyylik\u00e4s lis\u00e4varuste!\" \/>\n<meta property=\"og:url\" content=\"https:\/\/lanordica.fi\/fi\/product\/keraaminen-keittotaso-vicenza\/\" \/>\n<meta property=\"og:site_name\" content=\"La Nordica - Suomi\" \/>\n<meta property=\"article:modified_time\" content=\"2024-05-02T11:14:15+00:00\" \/>\n<meta property=\"og:image\" content=\"https:\/\/lanordica.fi\/wp-content\/uploads\/2018\/04\/La_Nordica_Vicenza_keraamitaso_4299.jpg\" \/>\n\t<meta property=\"og:image:width\" content=\"584\" \/>\n\t<meta property=\"og:image:height\" content=\"542\" \/>\n\t<meta property=\"og:image:type\" content=\"image\/jpeg\" \/>\n<meta name=\"twitter:card\" content=\"summary_large_image\" \/>\n<meta name=\"twitter:label1\" content=\"Arvioitu lukuaika\" \/>\n\t<meta name=\"twitter:data1\" content=\"1 minuutti\" \/>\n<script type=\"application\/ld+json\" class=\"yoast-schema-graph\">{\"@context\":\"https:\\\/\\\/schema.org\",\"@graph\":[{\"@type\":\"WebPage\",\"@id\":\"https:\\\/\\\/lanordica.fi\\\/product\\\/keraaminen-keittotaso-vicenza\\\/\",\"url\":\"https:\\\/\\\/lanordica.fi\\\/product\\\/keraaminen-keittotaso-vicenza\\\/\",\"name\":\"Keraaminen keittotaso - Vicenza EVO - La Nordica - Suomi\",\"isPartOf\":{\"@id\":\"https:\\\/\\\/lanordica.fi\\\/#website\"},\"primaryImageOfPage\":{\"@id\":\"https:\\\/\\\/lanordica.fi\\\/product\\\/keraaminen-keittotaso-vicenza\\\/#primaryimage\"},\"image\":{\"@id\":\"https:\\\/\\\/lanordica.fi\\\/product\\\/keraaminen-keittotaso-vicenza\\\/#primaryimage\"},\"thumbnailUrl\":\"https:\\\/\\\/i0.wp.com\\\/lanordica.fi\\\/wp-content\\\/uploads\\\/2018\\\/04\\\/La_Nordica_Vicenza_keraamitaso_4299.jpg?fit=584%2C542&ssl=1\",\"datePublished\":\"2018-04-11T14:10:37+00:00\",\"dateModified\":\"2024-05-02T11:14:15+00:00\",\"description\":\"Vicenca puuhella keraaminen keittotaso on tehokas ja helposti puhdistettava, ja ennenkaikkea tyylik\u00e4s lis\u00e4varuste!\",\"breadcrumb\":{\"@id\":\"https:\\\/\\\/lanordica.fi\\\/product\\\/keraaminen-keittotaso-vicenza\\\/#breadcrumb\"},\"inLanguage\":\"fi\",\"potentialAction\":[{\"@type\":\"ReadAction\",\"target\":[\"https:\\\/\\\/lanordica.fi\\\/product\\\/keraaminen-keittotaso-vicenza\\\/\"]}]},{\"@type\":\"ImageObject\",\"inLanguage\":\"fi\",\"@id\":\"https:\\\/\\\/lanordica.fi\\\/product\\\/keraaminen-keittotaso-vicenza\\\/#primaryimage\",\"url\":\"https:\\\/\\\/i0.wp.com\\\/lanordica.fi\\\/wp-content\\\/uploads\\\/2018\\\/04\\\/La_Nordica_Vicenza_keraamitaso_4299.jpg?fit=584%2C542&ssl=1\",\"contentUrl\":\"https:\\\/\\\/i0.wp.com\\\/lanordica.fi\\\/wp-content\\\/uploads\\\/2018\\\/04\\\/La_Nordica_Vicenza_keraamitaso_4299.jpg?fit=584%2C542&ssl=1\",\"width\":584,\"height\":542},{\"@type\":\"BreadcrumbList\",\"@id\":\"https:\\\/\\\/lanordica.fi\\\/product\\\/keraaminen-keittotaso-vicenza\\\/#breadcrumb\",\"itemListElement\":[{\"@type\":\"ListItem\",\"position\":1,\"name\":\"Home\",\"item\":\"https:\\\/\\\/lanordica.fi\\\/\"},{\"@type\":\"ListItem\",\"position\":2,\"name\":\"Kauppa\",\"item\":\"https:\\\/\\\/lanordica.fi\\\/shop\\\/\"},{\"@type\":\"ListItem\",\"position\":3,\"name\":\"Keraaminen keittotaso &#8211; Vicenza EVO\"}]},{\"@type\":\"WebSite\",\"@id\":\"https:\\\/\\\/lanordica.fi\\\/#website\",\"url\":\"https:\\\/\\\/lanordica.fi\\\/\",\"name\":\"La Nordica - Suomi\",\"description\":\"L\u00e4mp\u00f6\u00e4 kotiisi\",\"publisher\":{\"@id\":\"https:\\\/\\\/lanordica.fi\\\/#organization\"},\"potentialAction\":[{\"@type\":\"SearchAction\",\"target\":{\"@type\":\"EntryPoint\",\"urlTemplate\":\"https:\\\/\\\/lanordica.fi\\\/?s={search_term_string}\"},\"query-input\":{\"@type\":\"PropertyValueSpecification\",\"valueRequired\":true,\"valueName\":\"search_term_string\"}}],\"inLanguage\":\"fi\"},{\"@type\":\"Organization\",\"@id\":\"https:\\\/\\\/lanordica.fi\\\/#organization\",\"name\":\"La Nordica - Suomi\",\"url\":\"https:\\\/\\\/lanordica.fi\\\/\",\"logo\":{\"@type\":\"ImageObject\",\"inLanguage\":\"fi\",\"@id\":\"https:\\\/\\\/lanordica.fi\\\/#\\\/schema\\\/logo\\\/image\\\/\",\"url\":\"https:\\\/\\\/i0.wp.com\\\/lanordica.fi\\\/wp-content\\\/uploads\\\/2018\\\/03\\\/lanordica-fi.png?fit=768%2C282&ssl=1\",\"contentUrl\":\"https:\\\/\\\/i0.wp.com\\\/lanordica.fi\\\/wp-content\\\/uploads\\\/2018\\\/03\\\/lanordica-fi.png?fit=768%2C282&ssl=1\",\"width\":768,\"height\":282,\"caption\":\"La Nordica - Suomi\"},\"image\":{\"@id\":\"https:\\\/\\\/lanordica.fi\\\/#\\\/schema\\\/logo\\\/image\\\/\"}}]}<\/script>\n<!-- \/ Yoast SEO plugin. -->","yoast_head_json":{"title":"Keraaminen keittotaso - Vicenza EVO - La Nordica - Suomi","description":"Vicenca puuhella keraaminen keittotaso on tehokas ja helposti puhdistettava, ja ennenkaikkea tyylik\u00e4s lis\u00e4varuste!","robots":{"index":"index","follow":"follow","max-snippet":"max-snippet:-1","max-image-preview":"max-image-preview:large","max-video-preview":"max-video-preview:-1"},"canonical":"https:\/\/lanordica.fi\/fi\/product\/keraaminen-keittotaso-vicenza\/","og_locale":"fi_FI","og_type":"article","og_title":"Keraaminen keittotaso - Vicenza EVO - La Nordica - Suomi","og_description":"Vicenca puuhella keraaminen keittotaso on tehokas ja helposti puhdistettava, ja ennenkaikkea tyylik\u00e4s lis\u00e4varuste!","og_url":"https:\/\/lanordica.fi\/fi\/product\/keraaminen-keittotaso-vicenza\/","og_site_name":"La Nordica - Suomi","article_modified_time":"2024-05-02T11:14:15+00:00","og_image":[{"width":584,"height":542,"url":"https:\/\/lanordica.fi\/wp-content\/uploads\/2018\/04\/La_Nordica_Vicenza_keraamitaso_4299.jpg","type":"image\/jpeg"}],"twitter_card":"summary_large_image","twitter_misc":{"Arvioitu lukuaika":"1 minuutti"},"schema":{"@context":"https:\/\/schema.org","@graph":[{"@type":"WebPage","@id":"https:\/\/lanordica.fi\/product\/keraaminen-keittotaso-vicenza\/","url":"https:\/\/lanordica.fi\/product\/keraaminen-keittotaso-vicenza\/","name":"Keraaminen keittotaso - Vicenza EVO - La Nordica - Suomi","isPartOf":{"@id":"https:\/\/lanordica.fi\/#website"},"primaryImageOfPage":{"@id":"https:\/\/lanordica.fi\/product\/keraaminen-keittotaso-vicenza\/#primaryimage"},"image":{"@id":"https:\/\/lanordica.fi\/product\/keraaminen-keittotaso-vicenza\/#primaryimage"},"thumbnailUrl":"https:\/\/i0.wp.com\/lanordica.fi\/wp-content\/uploads\/2018\/04\/La_Nordica_Vicenza_keraamitaso_4299.jpg?fit=584%2C542&ssl=1","datePublished":"2018-04-11T14:10:37+00:00","dateModified":"2024-05-02T11:14:15+00:00","description":"Vicenca puuhella keraaminen keittotaso on tehokas ja helposti puhdistettava, ja ennenkaikkea tyylik\u00e4s lis\u00e4varuste!","breadcrumb":{"@id":"https:\/\/lanordica.fi\/product\/keraaminen-keittotaso-vicenza\/#breadcrumb"},"inLanguage":"fi","potentialAction":[{"@type":"ReadAction","target":["https:\/\/lanordica.fi\/product\/keraaminen-keittotaso-vicenza\/"]}]},{"@type":"ImageObject","inLanguage":"fi","@id":"https:\/\/lanordica.fi\/product\/keraaminen-keittotaso-vicenza\/#primaryimage","url":"https:\/\/i0.wp.com\/lanordica.fi\/wp-content\/uploads\/2018\/04\/La_Nordica_Vicenza_keraamitaso_4299.jpg?fit=584%2C542&ssl=1","contentUrl":"https:\/\/i0.wp.com\/lanordica.fi\/wp-content\/uploads\/2018\/04\/La_Nordica_Vicenza_keraamitaso_4299.jpg?fit=584%2C542&ssl=1","width":584,"height":542},{"@type":"BreadcrumbList","@id":"https:\/\/lanordica.fi\/product\/keraaminen-keittotaso-vicenza\/#breadcrumb","itemListElement":[{"@type":"ListItem","position":1,"name":"Home","item":"https:\/\/lanordica.fi\/"},{"@type":"ListItem","position":2,"name":"Kauppa","item":"https:\/\/lanordica.fi\/shop\/"},{"@type":"ListItem","position":3,"name":"Keraaminen keittotaso &#8211; Vicenza EVO"}]},{"@type":"WebSite","@id":"https:\/\/lanordica.fi\/#website","url":"https:\/\/lanordica.fi\/","name":"La Nordica - Suomi","description":"L\u00e4mp\u00f6\u00e4 kotiisi","publisher":{"@id":"https:\/\/lanordica.fi\/#organization"},"potentialAction":[{"@type":"SearchAction","target":{"@type":"EntryPoint","urlTemplate":"https:\/\/lanordica.fi\/?s={search_term_string}"},"query-input":{"@type":"PropertyValueSpecification","valueRequired":true,"valueName":"search_term_string"}}],"inLanguage":"fi"},{"@type":"Organization","@id":"https:\/\/lanordica.fi\/#organization","name":"La Nordica - Suomi","url":"https:\/\/lanordica.fi\/","logo":{"@type":"ImageObject","inLanguage":"fi","@id":"https:\/\/lanordica.fi\/#\/schema\/logo\/image\/","url":"https:\/\/i0.wp.com\/lanordica.fi\/wp-content\/uploads\/2018\/03\/lanordica-fi.png?fit=768%2C282&ssl=1","contentUrl":"https:\/\/i0.wp.com\/lanordica.fi\/wp-content\/uploads\/2018\/03\/lanordica-fi.png?fit=768%2C282&ssl=1","width":768,"height":282,"caption":"La Nordica - Suomi"},"image":{"@id":"https:\/\/lanordica.fi\/#\/schema\/logo\/image\/"}}]}},"jetpack_publicize_connections":[],"jetpack_sharing_enabled":true,"jetpack_likes_enabled":true,"_links":{"self":[{"href":"https:\/\/lanordica.fi\/fi\/wp-json\/wp\/v2\/product\/296","targetHints":{"allow":["GET"]}}],"collection":[{"href":"https:\/\/lanordica.fi\/fi\/wp-json\/wp\/v2\/product"}],"about":[{"href":"https:\/\/lanordica.fi\/fi\/wp-json\/wp\/v2\/types\/product"}],"version-history":[{"count":3,"href":"https:\/\/lanordica.fi\/fi\/wp-json\/wp\/v2\/product\/296\/revisions"}],"predecessor-version":[{"id":9511,"href":"https:\/\/lanordica.fi\/fi\/wp-json\/wp\/v2\/product\/296\/revisions\/9511"}],"wp:featuredmedia":[{"embeddable":true,"href":"https:\/\/lanordica.fi\/fi\/wp-json\/wp\/v2\/media\/268"}],"wp:attachment":[{"href":"https:\/\/lanordica.fi\/fi\/wp-json\/wp\/v2\/media?parent=296"}],"wp:term":[{"taxonomy":"product_brand","embeddable":true,"href":"https:\/\/lanordica.fi\/fi\/wp-json\/wp\/v2\/product_brand?post=296"},{"taxonomy":"product_cat","embeddable":true,"href":"https:\/\/lanordica.fi\/fi\/wp-json\/wp\/v2\/product_cat?post=296"},{"taxonomy":"product_tag","embeddable":true,"href":"https:\/\/lanordica.fi\/fi\/wp-json\/wp\/v2\/product_tag?post=296"}],"curies":[{"name":"wp","href":"https:\/\/api.w.org\/{rel}","templated":true}]}}