{"id":2935,"date":"2020-06-04T09:10:15","date_gmt":"2020-06-04T09:10:15","guid":{"rendered":"https:\/\/lanordica.fi\/?post_type=product&#038;p=2935"},"modified":"2024-09-04T13:38:35","modified_gmt":"2024-09-04T13:38:35","slug":"debby-teras","status":"publish","type":"product","link":"https:\/\/lanordica.fi\/fi\/product\/debby-teras\/","title":{"rendered":"Debby &#8211; ter\u00e4s"},"content":{"rendered":"<p>Mitat (L x K x S): 456x884x507 mm<br \/>\nTeho: 3,8 &#8211; 9 kW<br \/>\nL\u00e4mp\u00f6energia yhdell\u00e4 s\u00e4ili\u00f6lll\u00e4: 76 kWh<br \/>\nL\u00e4mmitysaika ilman sammutuksia min\/max): 20 &#8211; 9 h<br \/>\nPellettis\u00e4ili\u00f6n koko: 18 kg<br \/>\nPolttoaineen kulutus: 0,9 &#8211; 2,0 kg\/h<br \/>\nPaino: 141 kg<br \/>\nL\u00e4mmitysala: 100 &#8211; 258 m\u00b3<br \/>\nHormiliitos: 80 mm p\u00e4\u00e4lt\u00e4 tai takaa<br \/>\nPaloilmaputken koko: 50 mm takaa<br \/>\nKaukos\u00e4\u00e4din: Vakiona<br \/>\nVirrankulutus: 100-300 W<br \/>\nHy\u00f6tysuhde: 87 %<br \/>\nCO p\u00e4\u00e4st\u00f6t: 0,007<br \/>\nSavukaasujen l\u00e4mp\u00f6tila maksimiteholla: 123,7 \u00b0C<br \/>\nSavukaasujen maksil\u00e4mp\u00f6tila ennen h\u00e4t\u00e4katkaisua: 250 \u00b0C<br \/>\nSuojaet\u00e4isyydet:<br \/>\nTaakse: 100 mm<br \/>\nSivuille: 100 mm<br \/>\nEteen: 800 mm<\/p>\n<p>K\u00e4ytt\u00f6ohje: Kyll\u00e4, alkuper\u00e4isen ohjeen Suomi-k\u00e4\u00e4nn\u00f6s<br \/>\n<a href=\"https:\/\/www.lanordica-extraflame.com\/en\/products\/pellet-stoves\/debby\">Valmistajan alkuper\u00e4iset sivut<\/a><br \/>\n<a href=\"https:\/\/www.lanordica-extraflame.com\/sites\/default\/files\/documenti_temp\/004280024-000_dop_debby_e158.pdf\">Suoritustasoilmoitus<\/a><br \/>\n<a href=\"https:\/\/www.lanordica-extraflame.com\/sites\/default\/files\/documenti_temp\/004280918-000_deco_debby_e158_0.pdf\">Ecodesing todistus<\/a><\/p>\n","protected":false},"excerpt":{"rendered":"<p>Evolution linjaston tuotemalli. Pellettitakkojen aatelia! Hiljainen<\/p>\n<p><span style=\"color: #000000;\">Skandinaaviseen makuun ja passiivitaloihin suunniteltu py\u00f6re\u00e4 pellettitakka, jossa hormiliitos on my\u00f6s yl\u00f6sp\u00e4in. Tuplalasi tulipes\u00e4lle on turvallinen my\u00f6s perheen pienimmille. Valurautaiset tulipes\u00e4n osat ovat kest\u00e4v\u00e4t, ja ne on suunniteltu helpoiksi purkaa puhdistuksen ajaksi. Ter\u00e4skuoret keraamisella Maiolica kannella. Takkaa voidaan ohjata puhelinsovelluksella erillisell\u00e4 WIFI lis\u00e4varusteella, TOTAL CONTROL sovelluksella.<\/span><\/p>\n<p><iframe title=\"YouTube video player\" src=\"https:\/\/www.youtube.com\/embed\/lKnbXp_M0OU\" width=\"448\" height=\"252\" frameborder=\"0\" allowfullscreen=\"allowfullscreen\"><\/iframe><\/p>\n<p>Helppok\u00e4ytt\u00f6inen n\u00e4ytt\u00f6paneeli ilmoittaa nykyisen takan mittaaman huonel\u00e4mp\u00f6tilan, ja l\u00e4mp\u00f6tilaa voidaan s\u00e4\u00e4t\u00e4\u00e4 helposti + ja &#8211; n\u00e4pp\u00e4imill\u00e4. Tehoalueella 1-5 voit s\u00e4\u00e4t\u00e4\u00e4 takan tuottamaa l\u00e4mp\u00f6tehoa helposti + ja &#8211; n\u00e4pp\u00e4imill\u00e4. Yksinkertainen ja helppo valikkorakenne. Rullaavat tekstit valikoissa. Takassa vakiona huonetermostaattianturi lyhyell\u00e4 johdolla (pituus jatkettavissa)<\/p>\n<p>Tuotteen vakio-ominaisuksiin kuuluu Glass Cleaning system, jossa ilmavirtaukset on suunniteltu pit\u00e4m\u00e4\u00e4n takan tulipes\u00e4n lasin mahdollisimman kauan puhtaana. Nopeuss\u00e4\u00e4tyv\u00e4 savukaasumoottori mittaa jatkuvasti nopeutta. Pellettis\u00e4ili\u00f6ss\u00e4 mekaaninen turvatermostaatti, joka pakkokatkaisee pelletinsy\u00f6t\u00f6n mik\u00e4li s\u00e4ili\u00f6n l\u00e4mp\u00f6tila nousee liian korkealle. Alipaineanturi tarkkailee hormin vetoa mittaamalla takan l\u00e4pi virtaavaa ilmaa. Viikko-ohjelmoinnilla mahdollisuus asettaa takka syttym\u00e4\u00e4n ja sammumaan haluttuina aikoina. Automaattinen sytytys sytytysvastuksen avulla, paina takka k\u00e4yntiin napista tai aseta haluttu huonel\u00e4mp\u00f6tila, jota takka noudattaa syttym\u00e4ll\u00e4 ja sammumalla tarpeen mukaan.<\/p>\n<ul>\n<li>Luukku, palotila ja polttomalja valurautaa<\/li>\n<li>Pois nostettava tuhkanker\u00e4ysastia<\/li>\n<li>Lamelli l\u00e4mm\u00f6nvaihdin \/ Tuubil\u00e4mm\u00f6nvaihdin<\/li>\n<li>Etuhuoneilmapuhallus yhdell\u00e4 puhaltimella, Comfort toiminnolla<\/li>\n<li>T-hormiliitos vakiona, hormiliitos ylh\u00e4\u00e4ll\u00e4 p\u00e4\u00e4lt\u00e4 tai takaa<\/li>\n<li>Irrotettava tulipes\u00e4n tausta tai kylkielementit (nouhoukseen)<\/li>\n<li><em>Wide vision<\/em> luukku<\/li>\n<li>Erkonominen kahva<\/li>\n<li><strong>Keraaminen sytytysvastus, syttyy nopeasti ja vastus kest\u00e4\u00e4 kauemmin!<\/strong><\/li>\n<li>Tuplalasi, ulompi koristeluukku ja sisempi tulipes\u00e4n lasi<\/li>\n<li>Ilmatiivis pellettis\u00e4ili\u00f6<\/li>\n<\/ul>\n<p><span style=\"color: #000000;\"><strong>Termostaattikaukos\u00e4\u00e4din LCD n\u00e4ytt\u00f6paneelilla<br \/>\n<\/strong><\/span><\/p>\n<p><span style=\"color: #000000;\">Mukana vakiona toimitettavalla kaukos\u00e4\u00e4timell\u00e4 valitset paikan josta takka mittaa l\u00e4mp\u00f6tilasi. Oli haluamasi 24 \u00b0C sitten olohuoneessa nojatuolissa, tai 22 \u00b0C makuuhuoneessasi, tuot vain kaukos\u00e4\u00e4timen mukanasi, ja takka mittaa asettamasi l\u00e4mp\u00f6tilan kaukos\u00e4\u00e4timen langattomasta termostaatista.<\/span><\/p>\n<p><span style=\"color: #000000;\"><strong>Ilmatiivis pellettis\u00e4ili\u00f6 ja tulipes\u00e4<br \/>\n<\/strong><\/span><\/p>\n<p><span style=\"color: #000000;\">Ilmatiivis, alipainenaturilla varustettu pellettis\u00e4ili\u00f6 varmistaa ett\u00e4 takka on huipputurvallinen. <\/span><\/p>\n<p><span style=\"color: #000000;\"><strong>STAND-BY ja DELTA toimino<br \/>\n<\/strong><\/span><\/p>\n<p><span style=\"color: #000000;\">Voit asettaa takkasi syttym\u00e4\u00e4n ja sammumaan haluamasi l\u00e4mp\u00f6tilan mukaan. Delta arvolla voit valita syttyyk\u00f6 takkasi 0,5 vai 5 asteen tarkkuudella asetetusta. <\/span><\/p>\n<p><span style=\"color: #000000;\"><strong>Keraaminen sytytysvastus<br \/>\n<\/strong><\/span><\/p>\n<p><span style=\"color: #000000;\">Uuden sukupolven keraaminen sytytysvastus kuumenee 500 \u00b0C jopa 3 minuutissa! Vastuksen kesto on my\u00f6s moninkertainen verrattuna vanhaan metallirunkovastukseen. <\/span><\/p>\n<p><span style=\"color: #000000;\"><strong>Comfort toiminto<br \/>\n<\/strong><\/span><\/p>\n<p><span style=\"color: #000000;\">Comfort toiminnolla takka asettuu hiljaisimmalle mahdolliselle toimintamoodille, jolloin se ei h\u00e4iritse sinun suosikki rauhoittumishetke\u00e4si. <\/span><\/p>\n<p><strong><span style=\"color: #000000;\">Wifi-Moduuli BLACK ja Total Control 2.0 applikaatio<\/span><br \/>\n<\/strong><\/p>\n<p>Uusimman sukupolven takoissa kommunikaatiomahdollisuus TOTAL CONTROL 2.0 \u00e4lypuhellinsovelluksen avulla, kun hankitaan lis\u00e4varusteena Black Wifi moduuli. Sovelluksen avulla voit ohjata takkaasi puhelimen avulla internetyhteyden kautta! Hanki sovellus <a href=\"https:\/\/play.google.com\/store\/apps\/details?id=com.extraflame.smartstove\">Play kaupasta<\/a> tai <a href=\"https:\/\/apps.apple.com\/app\/total-control-2-0\/id1441316740?l=en\">App Storesta<\/a><\/p>\n","protected":false},"featured_media":7706,"template":"","meta":{"_monsterinsights_skip_tracking":false,"_monsterinsights_sitenote_active":false,"_monsterinsights_sitenote_note":"","_monsterinsights_sitenote_category":0,"jetpack_publicize_message":"","jetpack_publicize_feature_enabled":true,"jetpack_social_post_already_shared":true,"jetpack_social_options":{"image_generator_settings":{"template":"highway","default_image_id":0,"font":"","enabled":false},"version":2},"_wpas_customize_per_network":false},"product_brand":[],"product_cat":[1375],"product_tag":[1480,1397,1478,1479,1545,1427],"class_list":{"0":"post-2935","1":"product","2":"type-product","3":"status-publish","4":"has-post-thumbnail","6":"product_cat-pellettitakat","7":"product_tag-automaattisyotto","8":"product_tag-musta","9":"product_tag-pelletti","10":"product_tag-pellettitakka","11":"product_tag-teras","12":"product_tag-valkoinen","13":"product_shipping_class-takka-tai-kamiina","15":"first","16":"instock","17":"taxable","18":"shipping-taxable","19":"purchasable","20":"product-type-variable"},"yoast_head":"<!-- This site is optimized with the Yoast SEO plugin v27.5 - https:\/\/yoast.com\/product\/yoast-seo-wordpress\/ -->\n<title>Pellettitakka Debby - ter\u00e4s La Nordica - Suomi<\/title>\n<meta name=\"description\" content=\"Huippulaadukas pellettitakka, jossa hormil\u00e4ht\u00f6 yl\u00f6sp\u00e4in. Takka voidaan asentaa ter\u00e4shormilla kohteeseen jossa ei aiemmin ole savuhormia.\" \/>\n<meta name=\"robots\" content=\"index, follow, max-snippet:-1, max-image-preview:large, max-video-preview:-1\" \/>\n<link rel=\"canonical\" href=\"https:\/\/lanordica.fi\/fi\/product\/debby-teras\/\" \/>\n<meta property=\"og:locale\" content=\"fi_FI\" \/>\n<meta property=\"og:type\" content=\"article\" \/>\n<meta property=\"og:title\" content=\"Pellettitakka Debby - ter\u00e4s La Nordica - Suomi\" \/>\n<meta property=\"og:description\" content=\"Huippulaadukas pellettitakka, jossa hormil\u00e4ht\u00f6 yl\u00f6sp\u00e4in. Takka voidaan asentaa ter\u00e4shormilla kohteeseen jossa ei aiemmin ole savuhormia.\" \/>\n<meta property=\"og:url\" content=\"https:\/\/lanordica.fi\/fi\/product\/debby-teras\/\" \/>\n<meta property=\"og:site_name\" content=\"La Nordica - Suomi\" \/>\n<meta property=\"article:modified_time\" content=\"2024-09-04T13:38:35+00:00\" \/>\n<meta property=\"og:image\" content=\"https:\/\/lanordica.fi\/wp-content\/uploads\/2020\/06\/debby-teras-evolution.jpg\" \/>\n\t<meta property=\"og:image:width\" content=\"900\" \/>\n\t<meta property=\"og:image:height\" content=\"900\" \/>\n\t<meta property=\"og:image:type\" content=\"image\/jpeg\" \/>\n<meta name=\"twitter:card\" content=\"summary_large_image\" \/>\n<meta name=\"twitter:label1\" content=\"Arvioitu lukuaika\" \/>\n\t<meta name=\"twitter:data1\" content=\"1 minuutti\" \/>\n<script type=\"application\/ld+json\" class=\"yoast-schema-graph\">{\"@context\":\"https:\\\/\\\/schema.org\",\"@graph\":[{\"@type\":\"WebPage\",\"@id\":\"https:\\\/\\\/lanordica.fi\\\/product\\\/debby-teras\\\/\",\"url\":\"https:\\\/\\\/lanordica.fi\\\/product\\\/debby-teras\\\/\",\"name\":\"Pellettitakka Debby - ter\u00e4s La Nordica - Suomi\",\"isPartOf\":{\"@id\":\"https:\\\/\\\/lanordica.fi\\\/#website\"},\"primaryImageOfPage\":{\"@id\":\"https:\\\/\\\/lanordica.fi\\\/product\\\/debby-teras\\\/#primaryimage\"},\"image\":{\"@id\":\"https:\\\/\\\/lanordica.fi\\\/product\\\/debby-teras\\\/#primaryimage\"},\"thumbnailUrl\":\"https:\\\/\\\/i0.wp.com\\\/lanordica.fi\\\/wp-content\\\/uploads\\\/2020\\\/06\\\/debby-teras-evolution.jpg?fit=900%2C900&ssl=1\",\"datePublished\":\"2020-06-04T09:10:15+00:00\",\"dateModified\":\"2024-09-04T13:38:35+00:00\",\"description\":\"Huippulaadukas pellettitakka, jossa hormil\u00e4ht\u00f6 yl\u00f6sp\u00e4in. Takka voidaan asentaa ter\u00e4shormilla kohteeseen jossa ei aiemmin ole savuhormia.\",\"breadcrumb\":{\"@id\":\"https:\\\/\\\/lanordica.fi\\\/product\\\/debby-teras\\\/#breadcrumb\"},\"inLanguage\":\"fi\",\"potentialAction\":[{\"@type\":\"ReadAction\",\"target\":[\"https:\\\/\\\/lanordica.fi\\\/product\\\/debby-teras\\\/\"]}]},{\"@type\":\"ImageObject\",\"inLanguage\":\"fi\",\"@id\":\"https:\\\/\\\/lanordica.fi\\\/product\\\/debby-teras\\\/#primaryimage\",\"url\":\"https:\\\/\\\/i0.wp.com\\\/lanordica.fi\\\/wp-content\\\/uploads\\\/2020\\\/06\\\/debby-teras-evolution.jpg?fit=900%2C900&ssl=1\",\"contentUrl\":\"https:\\\/\\\/i0.wp.com\\\/lanordica.fi\\\/wp-content\\\/uploads\\\/2020\\\/06\\\/debby-teras-evolution.jpg?fit=900%2C900&ssl=1\",\"width\":900,\"height\":900},{\"@type\":\"BreadcrumbList\",\"@id\":\"https:\\\/\\\/lanordica.fi\\\/product\\\/debby-teras\\\/#breadcrumb\",\"itemListElement\":[{\"@type\":\"ListItem\",\"position\":1,\"name\":\"Home\",\"item\":\"https:\\\/\\\/lanordica.fi\\\/\"},{\"@type\":\"ListItem\",\"position\":2,\"name\":\"Kauppa\",\"item\":\"https:\\\/\\\/lanordica.fi\\\/shop\\\/\"},{\"@type\":\"ListItem\",\"position\":3,\"name\":\"Debby &#8211; ter\u00e4s\"}]},{\"@type\":\"WebSite\",\"@id\":\"https:\\\/\\\/lanordica.fi\\\/#website\",\"url\":\"https:\\\/\\\/lanordica.fi\\\/\",\"name\":\"La Nordica - Suomi\",\"description\":\"L\u00e4mp\u00f6\u00e4 kotiisi\",\"publisher\":{\"@id\":\"https:\\\/\\\/lanordica.fi\\\/#organization\"},\"potentialAction\":[{\"@type\":\"SearchAction\",\"target\":{\"@type\":\"EntryPoint\",\"urlTemplate\":\"https:\\\/\\\/lanordica.fi\\\/?s={search_term_string}\"},\"query-input\":{\"@type\":\"PropertyValueSpecification\",\"valueRequired\":true,\"valueName\":\"search_term_string\"}}],\"inLanguage\":\"fi\"},{\"@type\":\"Organization\",\"@id\":\"https:\\\/\\\/lanordica.fi\\\/#organization\",\"name\":\"La Nordica - Suomi\",\"url\":\"https:\\\/\\\/lanordica.fi\\\/\",\"logo\":{\"@type\":\"ImageObject\",\"inLanguage\":\"fi\",\"@id\":\"https:\\\/\\\/lanordica.fi\\\/#\\\/schema\\\/logo\\\/image\\\/\",\"url\":\"https:\\\/\\\/i0.wp.com\\\/lanordica.fi\\\/wp-content\\\/uploads\\\/2018\\\/03\\\/lanordica-fi.png?fit=768%2C282&ssl=1\",\"contentUrl\":\"https:\\\/\\\/i0.wp.com\\\/lanordica.fi\\\/wp-content\\\/uploads\\\/2018\\\/03\\\/lanordica-fi.png?fit=768%2C282&ssl=1\",\"width\":768,\"height\":282,\"caption\":\"La Nordica - Suomi\"},\"image\":{\"@id\":\"https:\\\/\\\/lanordica.fi\\\/#\\\/schema\\\/logo\\\/image\\\/\"}}]}<\/script>\n<!-- \/ Yoast SEO plugin. -->","yoast_head_json":{"title":"Pellettitakka Debby - ter\u00e4s La Nordica - Suomi","description":"Huippulaadukas pellettitakka, jossa hormil\u00e4ht\u00f6 yl\u00f6sp\u00e4in. Takka voidaan asentaa ter\u00e4shormilla kohteeseen jossa ei aiemmin ole savuhormia.","robots":{"index":"index","follow":"follow","max-snippet":"max-snippet:-1","max-image-preview":"max-image-preview:large","max-video-preview":"max-video-preview:-1"},"canonical":"https:\/\/lanordica.fi\/fi\/product\/debby-teras\/","og_locale":"fi_FI","og_type":"article","og_title":"Pellettitakka Debby - ter\u00e4s La Nordica - Suomi","og_description":"Huippulaadukas pellettitakka, jossa hormil\u00e4ht\u00f6 yl\u00f6sp\u00e4in. Takka voidaan asentaa ter\u00e4shormilla kohteeseen jossa ei aiemmin ole savuhormia.","og_url":"https:\/\/lanordica.fi\/fi\/product\/debby-teras\/","og_site_name":"La Nordica - Suomi","article_modified_time":"2024-09-04T13:38:35+00:00","og_image":[{"width":900,"height":900,"url":"https:\/\/lanordica.fi\/wp-content\/uploads\/2020\/06\/debby-teras-evolution.jpg","type":"image\/jpeg"}],"twitter_card":"summary_large_image","twitter_misc":{"Arvioitu lukuaika":"1 minuutti"},"schema":{"@context":"https:\/\/schema.org","@graph":[{"@type":"WebPage","@id":"https:\/\/lanordica.fi\/product\/debby-teras\/","url":"https:\/\/lanordica.fi\/product\/debby-teras\/","name":"Pellettitakka Debby - ter\u00e4s La Nordica - Suomi","isPartOf":{"@id":"https:\/\/lanordica.fi\/#website"},"primaryImageOfPage":{"@id":"https:\/\/lanordica.fi\/product\/debby-teras\/#primaryimage"},"image":{"@id":"https:\/\/lanordica.fi\/product\/debby-teras\/#primaryimage"},"thumbnailUrl":"https:\/\/i0.wp.com\/lanordica.fi\/wp-content\/uploads\/2020\/06\/debby-teras-evolution.jpg?fit=900%2C900&ssl=1","datePublished":"2020-06-04T09:10:15+00:00","dateModified":"2024-09-04T13:38:35+00:00","description":"Huippulaadukas pellettitakka, jossa hormil\u00e4ht\u00f6 yl\u00f6sp\u00e4in. Takka voidaan asentaa ter\u00e4shormilla kohteeseen jossa ei aiemmin ole savuhormia.","breadcrumb":{"@id":"https:\/\/lanordica.fi\/product\/debby-teras\/#breadcrumb"},"inLanguage":"fi","potentialAction":[{"@type":"ReadAction","target":["https:\/\/lanordica.fi\/product\/debby-teras\/"]}]},{"@type":"ImageObject","inLanguage":"fi","@id":"https:\/\/lanordica.fi\/product\/debby-teras\/#primaryimage","url":"https:\/\/i0.wp.com\/lanordica.fi\/wp-content\/uploads\/2020\/06\/debby-teras-evolution.jpg?fit=900%2C900&ssl=1","contentUrl":"https:\/\/i0.wp.com\/lanordica.fi\/wp-content\/uploads\/2020\/06\/debby-teras-evolution.jpg?fit=900%2C900&ssl=1","width":900,"height":900},{"@type":"BreadcrumbList","@id":"https:\/\/lanordica.fi\/product\/debby-teras\/#breadcrumb","itemListElement":[{"@type":"ListItem","position":1,"name":"Home","item":"https:\/\/lanordica.fi\/"},{"@type":"ListItem","position":2,"name":"Kauppa","item":"https:\/\/lanordica.fi\/shop\/"},{"@type":"ListItem","position":3,"name":"Debby &#8211; ter\u00e4s"}]},{"@type":"WebSite","@id":"https:\/\/lanordica.fi\/#website","url":"https:\/\/lanordica.fi\/","name":"La Nordica - Suomi","description":"L\u00e4mp\u00f6\u00e4 kotiisi","publisher":{"@id":"https:\/\/lanordica.fi\/#organization"},"potentialAction":[{"@type":"SearchAction","target":{"@type":"EntryPoint","urlTemplate":"https:\/\/lanordica.fi\/?s={search_term_string}"},"query-input":{"@type":"PropertyValueSpecification","valueRequired":true,"valueName":"search_term_string"}}],"inLanguage":"fi"},{"@type":"Organization","@id":"https:\/\/lanordica.fi\/#organization","name":"La Nordica - Suomi","url":"https:\/\/lanordica.fi\/","logo":{"@type":"ImageObject","inLanguage":"fi","@id":"https:\/\/lanordica.fi\/#\/schema\/logo\/image\/","url":"https:\/\/i0.wp.com\/lanordica.fi\/wp-content\/uploads\/2018\/03\/lanordica-fi.png?fit=768%2C282&ssl=1","contentUrl":"https:\/\/i0.wp.com\/lanordica.fi\/wp-content\/uploads\/2018\/03\/lanordica-fi.png?fit=768%2C282&ssl=1","width":768,"height":282,"caption":"La Nordica - Suomi"},"image":{"@id":"https:\/\/lanordica.fi\/#\/schema\/logo\/image\/"}}]}},"jetpack_publicize_connections":[],"jetpack_sharing_enabled":true,"jetpack_likes_enabled":true,"_links":{"self":[{"href":"https:\/\/lanordica.fi\/fi\/wp-json\/wp\/v2\/product\/2935","targetHints":{"allow":["GET"]}}],"collection":[{"href":"https:\/\/lanordica.fi\/fi\/wp-json\/wp\/v2\/product"}],"about":[{"href":"https:\/\/lanordica.fi\/fi\/wp-json\/wp\/v2\/types\/product"}],"version-history":[{"count":8,"href":"https:\/\/lanordica.fi\/fi\/wp-json\/wp\/v2\/product\/2935\/revisions"}],"predecessor-version":[{"id":7708,"href":"https:\/\/lanordica.fi\/fi\/wp-json\/wp\/v2\/product\/2935\/revisions\/7708"}],"wp:featuredmedia":[{"embeddable":true,"href":"https:\/\/lanordica.fi\/fi\/wp-json\/wp\/v2\/media\/7706"}],"wp:attachment":[{"href":"https:\/\/lanordica.fi\/fi\/wp-json\/wp\/v2\/media?parent=2935"}],"wp:term":[{"taxonomy":"product_brand","embeddable":true,"href":"https:\/\/lanordica.fi\/fi\/wp-json\/wp\/v2\/product_brand?post=2935"},{"taxonomy":"product_cat","embeddable":true,"href":"https:\/\/lanordica.fi\/fi\/wp-json\/wp\/v2\/product_cat?post=2935"},{"taxonomy":"product_tag","embeddable":true,"href":"https:\/\/lanordica.fi\/fi\/wp-json\/wp\/v2\/product_tag?post=2935"}],"curies":[{"name":"wp","href":"https:\/\/api.w.org\/{rel}","templated":true}]}}