{"id":2774,"date":"2020-05-04T11:37:01","date_gmt":"2020-05-04T11:37:01","guid":{"rendered":"https:\/\/lanordica.fi\/?post_type=product&#038;p=2774"},"modified":"2025-11-18T10:31:21","modified_gmt":"2025-11-18T10:31:21","slug":"haudutusastia","status":"publish","type":"product","link":"https:\/\/lanordica.fi\/fi\/product\/haudutusastia\/","title":{"rendered":"Haudutusastia"},"content":{"rendered":"","protected":false},"excerpt":{"rendered":"<p>Rosetta, Rosa ja Sovrana helloissa on valurautakannessa haudutusastialle valmistettu paikka. Kun poistat valurautaisen suojapalan, voit asettaa astian sille tarkoitettuun paikkaan. Haudutusastian pohja on muotoiltu uppoamaan osaksi hellan sis\u00e4lle, jolloin hellan l\u00e4mp\u00f6 siirtyy tehokkaasti astiaan.<\/p>\n<p>Sopivuus seuraaviin malleihin:<\/p>\n<ul>\n<li><a href=\"https:\/\/lanordica.fi\/product\/rosa-vuolukivi\/\">Rosa 4.0<\/a><\/li>\n<li><a href=\"https:\/\/lanordica.fi\/product\/rosa-maiolica-valkoinen\/\">Rosa 4.0 Maiolica<\/a><\/li>\n<li><a href=\"https:\/\/lanordica.fi\/product\/rosetta-vasen\/\">Rosetta BII vasen<\/a><\/li>\n<li><a href=\"https:\/\/lanordica.fi\/product\/rosetta-oikea\/\">Rosetta BII oikea<\/a><\/li>\n<li><a href=\"https:\/\/lanordica.fi\/product\/rosetta-maiolica-punainen\/\">Rosetta BII Maiolica<\/a><\/li>\n<li><a href=\"https:\/\/lanordica.fi\/product\/rosa-maiolica-ruskea\/\">Sovrana Easy Evo 2.0<\/a><\/li>\n<\/ul>\n","protected":false},"featured_media":13764,"template":"","meta":{"_monsterinsights_skip_tracking":false,"_monsterinsights_sitenote_active":false,"_monsterinsights_sitenote_note":"","_monsterinsights_sitenote_category":0,"jetpack_publicize_message":"","jetpack_publicize_feature_enabled":true,"jetpack_social_post_already_shared":true,"jetpack_social_options":{"image_generator_settings":{"template":"highway","default_image_id":0,"font":"","enabled":false},"version":2},"_wpas_customize_per_network":false},"product_brand":[],"product_cat":[1391],"product_tag":[1521,1520],"class_list":{"0":"post-2774","1":"product","2":"type-product","3":"status-publish","4":"has-post-thumbnail","6":"product_cat-lisatarvikkeet","7":"product_tag-haudutus","8":"product_tag-haudutusastia","9":"product_shipping_class-posti-mh","11":"first","12":"onbackorder","13":"taxable","14":"shipping-taxable","15":"purchasable","16":"product-type-simple"},"yoast_head":"<!-- This site is optimized with the Yoast SEO plugin v27.6 - https:\/\/yoast.com\/product\/yoast-seo-wordpress\/ -->\n<title>Haudutusastia - La Nordica - Suomi<\/title>\n<meta name=\"robots\" content=\"index, follow, max-snippet:-1, max-image-preview:large, max-video-preview:-1\" \/>\n<link rel=\"canonical\" href=\"https:\/\/lanordica.fi\/fi\/product\/haudutusastia\/\" \/>\n<meta property=\"og:locale\" content=\"fi_FI\" \/>\n<meta property=\"og:type\" content=\"article\" \/>\n<meta property=\"og:title\" content=\"Haudutusastia - La Nordica - Suomi\" \/>\n<meta property=\"og:description\" content=\"Rosetta, Rosa ja Sovrana helloissa on valurautakannessa haudutusastialle valmistettu paikka. Kun poistat valurautaisen suojapalan, voit asettaa astian sille tarkoitettuun paikkaan. Haudutusastian pohja on muotoiltu uppoamaan osaksi hellan sis\u00e4lle, jolloin hellan l\u00e4mp\u00f6 siirtyy tehokkaasti astiaan.  Sopivuus seuraaviin malleihin:   Rosa 4.0  Rosa 4.0 Maiolica  Rosetta BII vasen  Rosetta BII oikea  Rosetta BII Maiolica  Sovrana Easy Evo 2.0\" \/>\n<meta property=\"og:url\" content=\"https:\/\/lanordica.fi\/fi\/product\/haudutusastia\/\" \/>\n<meta property=\"og:site_name\" content=\"La Nordica - Suomi\" \/>\n<meta property=\"article:modified_time\" content=\"2025-11-18T10:31:21+00:00\" \/>\n<meta property=\"og:image\" content=\"https:\/\/lanordica.fi\/wp-content\/uploads\/2020\/05\/Vasca-Inox-35-1013950-1.webp\" \/>\n\t<meta property=\"og:image:width\" content=\"646\" \/>\n\t<meta property=\"og:image:height\" content=\"860\" \/>\n\t<meta property=\"og:image:type\" content=\"image\/webp\" \/>\n<meta name=\"twitter:card\" content=\"summary_large_image\" \/>\n<meta name=\"twitter:label1\" content=\"Arvioitu lukuaika\" \/>\n\t<meta name=\"twitter:data1\" content=\"1 minuutti\" \/>\n<script type=\"application\/ld+json\" class=\"yoast-schema-graph\">{\"@context\":\"https:\\\/\\\/schema.org\",\"@graph\":[{\"@type\":\"WebPage\",\"@id\":\"https:\\\/\\\/lanordica.fi\\\/product\\\/haudutusastia\\\/\",\"url\":\"https:\\\/\\\/lanordica.fi\\\/product\\\/haudutusastia\\\/\",\"name\":\"Haudutusastia - La Nordica - Suomi\",\"isPartOf\":{\"@id\":\"https:\\\/\\\/lanordica.fi\\\/#website\"},\"primaryImageOfPage\":{\"@id\":\"https:\\\/\\\/lanordica.fi\\\/product\\\/haudutusastia\\\/#primaryimage\"},\"image\":{\"@id\":\"https:\\\/\\\/lanordica.fi\\\/product\\\/haudutusastia\\\/#primaryimage\"},\"thumbnailUrl\":\"https:\\\/\\\/i0.wp.com\\\/lanordica.fi\\\/wp-content\\\/uploads\\\/2020\\\/05\\\/Vasca-Inox-35-1013950-1.webp?fit=646%2C860&ssl=1\",\"datePublished\":\"2020-05-04T11:37:01+00:00\",\"dateModified\":\"2025-11-18T10:31:21+00:00\",\"breadcrumb\":{\"@id\":\"https:\\\/\\\/lanordica.fi\\\/product\\\/haudutusastia\\\/#breadcrumb\"},\"inLanguage\":\"fi\",\"potentialAction\":[{\"@type\":\"ReadAction\",\"target\":[\"https:\\\/\\\/lanordica.fi\\\/product\\\/haudutusastia\\\/\"]}]},{\"@type\":\"ImageObject\",\"inLanguage\":\"fi\",\"@id\":\"https:\\\/\\\/lanordica.fi\\\/product\\\/haudutusastia\\\/#primaryimage\",\"url\":\"https:\\\/\\\/i0.wp.com\\\/lanordica.fi\\\/wp-content\\\/uploads\\\/2020\\\/05\\\/Vasca-Inox-35-1013950-1.webp?fit=646%2C860&ssl=1\",\"contentUrl\":\"https:\\\/\\\/i0.wp.com\\\/lanordica.fi\\\/wp-content\\\/uploads\\\/2020\\\/05\\\/Vasca-Inox-35-1013950-1.webp?fit=646%2C860&ssl=1\",\"width\":646,\"height\":860},{\"@type\":\"BreadcrumbList\",\"@id\":\"https:\\\/\\\/lanordica.fi\\\/product\\\/haudutusastia\\\/#breadcrumb\",\"itemListElement\":[{\"@type\":\"ListItem\",\"position\":1,\"name\":\"Home\",\"item\":\"https:\\\/\\\/lanordica.fi\\\/\"},{\"@type\":\"ListItem\",\"position\":2,\"name\":\"Kauppa\",\"item\":\"https:\\\/\\\/lanordica.fi\\\/shop\\\/\"},{\"@type\":\"ListItem\",\"position\":3,\"name\":\"Haudutusastia\"}]},{\"@type\":\"WebSite\",\"@id\":\"https:\\\/\\\/lanordica.fi\\\/#website\",\"url\":\"https:\\\/\\\/lanordica.fi\\\/\",\"name\":\"La Nordica - Suomi\",\"description\":\"L\u00e4mp\u00f6\u00e4 kotiisi\",\"publisher\":{\"@id\":\"https:\\\/\\\/lanordica.fi\\\/#organization\"},\"potentialAction\":[{\"@type\":\"SearchAction\",\"target\":{\"@type\":\"EntryPoint\",\"urlTemplate\":\"https:\\\/\\\/lanordica.fi\\\/?s={search_term_string}\"},\"query-input\":{\"@type\":\"PropertyValueSpecification\",\"valueRequired\":true,\"valueName\":\"search_term_string\"}}],\"inLanguage\":\"fi\"},{\"@type\":\"Organization\",\"@id\":\"https:\\\/\\\/lanordica.fi\\\/#organization\",\"name\":\"La Nordica - Suomi\",\"url\":\"https:\\\/\\\/lanordica.fi\\\/\",\"logo\":{\"@type\":\"ImageObject\",\"inLanguage\":\"fi\",\"@id\":\"https:\\\/\\\/lanordica.fi\\\/#\\\/schema\\\/logo\\\/image\\\/\",\"url\":\"https:\\\/\\\/i0.wp.com\\\/lanordica.fi\\\/wp-content\\\/uploads\\\/2018\\\/03\\\/lanordica-fi.png?fit=768%2C282&ssl=1\",\"contentUrl\":\"https:\\\/\\\/i0.wp.com\\\/lanordica.fi\\\/wp-content\\\/uploads\\\/2018\\\/03\\\/lanordica-fi.png?fit=768%2C282&ssl=1\",\"width\":768,\"height\":282,\"caption\":\"La Nordica - Suomi\"},\"image\":{\"@id\":\"https:\\\/\\\/lanordica.fi\\\/#\\\/schema\\\/logo\\\/image\\\/\"}}]}<\/script>\n<!-- \/ Yoast SEO plugin. -->","yoast_head_json":{"title":"Haudutusastia - La Nordica - Suomi","robots":{"index":"index","follow":"follow","max-snippet":"max-snippet:-1","max-image-preview":"max-image-preview:large","max-video-preview":"max-video-preview:-1"},"canonical":"https:\/\/lanordica.fi\/fi\/product\/haudutusastia\/","og_locale":"fi_FI","og_type":"article","og_title":"Haudutusastia - La Nordica - Suomi","og_description":"Rosetta, Rosa ja Sovrana helloissa on valurautakannessa haudutusastialle valmistettu paikka. Kun poistat valurautaisen suojapalan, voit asettaa astian sille tarkoitettuun paikkaan. Haudutusastian pohja on muotoiltu uppoamaan osaksi hellan sis\u00e4lle, jolloin hellan l\u00e4mp\u00f6 siirtyy tehokkaasti astiaan.  Sopivuus seuraaviin malleihin:   Rosa 4.0  Rosa 4.0 Maiolica  Rosetta BII vasen  Rosetta BII oikea  Rosetta BII Maiolica  Sovrana Easy Evo 2.0","og_url":"https:\/\/lanordica.fi\/fi\/product\/haudutusastia\/","og_site_name":"La Nordica - Suomi","article_modified_time":"2025-11-18T10:31:21+00:00","og_image":[{"width":646,"height":860,"url":"https:\/\/lanordica.fi\/wp-content\/uploads\/2020\/05\/Vasca-Inox-35-1013950-1.webp","type":"image\/webp"}],"twitter_card":"summary_large_image","twitter_misc":{"Arvioitu lukuaika":"1 minuutti"},"schema":{"@context":"https:\/\/schema.org","@graph":[{"@type":"WebPage","@id":"https:\/\/lanordica.fi\/product\/haudutusastia\/","url":"https:\/\/lanordica.fi\/product\/haudutusastia\/","name":"Haudutusastia - La Nordica - Suomi","isPartOf":{"@id":"https:\/\/lanordica.fi\/#website"},"primaryImageOfPage":{"@id":"https:\/\/lanordica.fi\/product\/haudutusastia\/#primaryimage"},"image":{"@id":"https:\/\/lanordica.fi\/product\/haudutusastia\/#primaryimage"},"thumbnailUrl":"https:\/\/i0.wp.com\/lanordica.fi\/wp-content\/uploads\/2020\/05\/Vasca-Inox-35-1013950-1.webp?fit=646%2C860&ssl=1","datePublished":"2020-05-04T11:37:01+00:00","dateModified":"2025-11-18T10:31:21+00:00","breadcrumb":{"@id":"https:\/\/lanordica.fi\/product\/haudutusastia\/#breadcrumb"},"inLanguage":"fi","potentialAction":[{"@type":"ReadAction","target":["https:\/\/lanordica.fi\/product\/haudutusastia\/"]}]},{"@type":"ImageObject","inLanguage":"fi","@id":"https:\/\/lanordica.fi\/product\/haudutusastia\/#primaryimage","url":"https:\/\/i0.wp.com\/lanordica.fi\/wp-content\/uploads\/2020\/05\/Vasca-Inox-35-1013950-1.webp?fit=646%2C860&ssl=1","contentUrl":"https:\/\/i0.wp.com\/lanordica.fi\/wp-content\/uploads\/2020\/05\/Vasca-Inox-35-1013950-1.webp?fit=646%2C860&ssl=1","width":646,"height":860},{"@type":"BreadcrumbList","@id":"https:\/\/lanordica.fi\/product\/haudutusastia\/#breadcrumb","itemListElement":[{"@type":"ListItem","position":1,"name":"Home","item":"https:\/\/lanordica.fi\/"},{"@type":"ListItem","position":2,"name":"Kauppa","item":"https:\/\/lanordica.fi\/shop\/"},{"@type":"ListItem","position":3,"name":"Haudutusastia"}]},{"@type":"WebSite","@id":"https:\/\/lanordica.fi\/#website","url":"https:\/\/lanordica.fi\/","name":"La Nordica - Suomi","description":"L\u00e4mp\u00f6\u00e4 kotiisi","publisher":{"@id":"https:\/\/lanordica.fi\/#organization"},"potentialAction":[{"@type":"SearchAction","target":{"@type":"EntryPoint","urlTemplate":"https:\/\/lanordica.fi\/?s={search_term_string}"},"query-input":{"@type":"PropertyValueSpecification","valueRequired":true,"valueName":"search_term_string"}}],"inLanguage":"fi"},{"@type":"Organization","@id":"https:\/\/lanordica.fi\/#organization","name":"La Nordica - Suomi","url":"https:\/\/lanordica.fi\/","logo":{"@type":"ImageObject","inLanguage":"fi","@id":"https:\/\/lanordica.fi\/#\/schema\/logo\/image\/","url":"https:\/\/i0.wp.com\/lanordica.fi\/wp-content\/uploads\/2018\/03\/lanordica-fi.png?fit=768%2C282&ssl=1","contentUrl":"https:\/\/i0.wp.com\/lanordica.fi\/wp-content\/uploads\/2018\/03\/lanordica-fi.png?fit=768%2C282&ssl=1","width":768,"height":282,"caption":"La Nordica - Suomi"},"image":{"@id":"https:\/\/lanordica.fi\/#\/schema\/logo\/image\/"}}]}},"jetpack_publicize_connections":[],"jetpack_sharing_enabled":true,"jetpack_likes_enabled":true,"_links":{"self":[{"href":"https:\/\/lanordica.fi\/fi\/wp-json\/wp\/v2\/product\/2774","targetHints":{"allow":["GET"]}}],"collection":[{"href":"https:\/\/lanordica.fi\/fi\/wp-json\/wp\/v2\/product"}],"about":[{"href":"https:\/\/lanordica.fi\/fi\/wp-json\/wp\/v2\/types\/product"}],"version-history":[{"count":2,"href":"https:\/\/lanordica.fi\/fi\/wp-json\/wp\/v2\/product\/2774\/revisions"}],"predecessor-version":[{"id":6051,"href":"https:\/\/lanordica.fi\/fi\/wp-json\/wp\/v2\/product\/2774\/revisions\/6051"}],"wp:featuredmedia":[{"embeddable":true,"href":"https:\/\/lanordica.fi\/fi\/wp-json\/wp\/v2\/media\/13764"}],"wp:attachment":[{"href":"https:\/\/lanordica.fi\/fi\/wp-json\/wp\/v2\/media?parent=2774"}],"wp:term":[{"taxonomy":"product_brand","embeddable":true,"href":"https:\/\/lanordica.fi\/fi\/wp-json\/wp\/v2\/product_brand?post=2774"},{"taxonomy":"product_cat","embeddable":true,"href":"https:\/\/lanordica.fi\/fi\/wp-json\/wp\/v2\/product_cat?post=2774"},{"taxonomy":"product_tag","embeddable":true,"href":"https:\/\/lanordica.fi\/fi\/wp-json\/wp\/v2\/product_tag?post=2774"}],"curies":[{"name":"wp","href":"https:\/\/api.w.org\/{rel}","templated":true}]}}