{"id":266,"date":"2018-04-11T08:32:35","date_gmt":"2018-04-11T08:32:35","guid":{"rendered":"https:\/\/lanordica.fi\/?post_type=product&#038;p=266"},"modified":"2026-05-08T07:53:12","modified_gmt":"2026-05-08T07:53:12","slug":"vicenza","status":"publish","type":"product","link":"https:\/\/lanordica.fi\/fi\/product\/vicenza\/","title":{"rendered":"Vicenza EVO"},"content":{"rendered":"<p>Mitat (L x K x S): 598 x 850-910 x 639 mm<br \/>\nTeho: 6 kW<br \/>\nPaino: 137 kg<br \/>\nTulipes\u00e4n koko: 220 x 147 x 337 mm<br \/>\nLuukun koko: 225 x 160 mm<br \/>\nUunin koko: 220 x 147 x 337 mm<br \/>\nL\u00e4mmitysala: 172 m\u00b3<br \/>\nHormiliitos: 120 mm p\u00e4\u00e4lt\u00e4<br \/>\nS\u00e4\u00e4dett\u00e4v\u00e4 ensi\u00f6ilma: kyll\u00e4<br \/>\nS\u00e4\u00e4dett\u00e4v\u00e4 toisioilma: kyll\u00e4<br \/>\nTertiaari-ilma: esis\u00e4\u00e4detty<br \/>\nJ\u00e4lkipoltto: kyll\u00e4<br \/>\nHy\u00f6tysuhde: 86 %<br \/>\nPolttoaineen kulutus: 1,7 kg\/h<br \/>\nSavukaasujen keskil\u00e4mp\u00f6tila: 164 \u00b0C<br \/>\nCO p\u00e4\u00e4st\u00f6t: 0,059 %<br \/>\nHiukkasp\u00e4\u00e4st\u00f6t: 23 mg\/m\u00b3 (13% O2)<\/p>\n<p>Suojaet\u00e4isyydet:<\/p>\n<p>Suojaet\u00e4isyys \u2013 pohja dB = 0 mm<br \/>\nSuojaet\u00e4isyys \u2013 edess\u00e4 oleva lattia dF = 0 mm<br \/>\nSuojaet\u00e4isyys \u2013 katto dC = 750 mm<br \/>\nSuojaet\u00e4isyys \u2013 taakse dR = C1:50\/C2:250* mm<br \/>\nSuojaet\u00e4isyys \u2013 sivu dS = B:0\/D:400* mm<br \/>\nSuojaet\u00e4isyys \u2013 sivun s\u00e4teilyalue dL = 0 mm<br \/>\nSuojaet\u00e4isyys \u2013 eteen dP = 1000 mm<\/p>\n<p>Suojaet\u00e4isyydell\u00e4 tarkoitetaan et\u00e4isyytt\u00e4 palavaan materiaaliin<br \/>\nPalamaton materiaali ei vaadi suojaet\u00e4isyytt\u00e4<br \/>\n*Edess\u00e4 olevan lattian osalta tulee noudattaa Suomen paloturvalakia (kipin\u00e4suoja 400 mm eteen, 100 mm sivuille luukusta). Vaikka tuotteelle olisi annettu suojaet\u00e4isyydeksi 0 mm, se ei kumoa paloturvalakiin m\u00e4\u00e4ritelty\u00e4 kipin\u00e4pellin vaatimusta.<\/p>\n<p>&nbsp;<\/p>\n<p>K\u00e4ytt\u00f6ohje: Kyll\u00e4, alkuper\u00e4isen ohjeen Suomi-k\u00e4\u00e4nn\u00f6s<br \/>\n<a href=\"https:\/\/www.lanordica-extraflame.com\/en\/products\/woodburning-cookers\/vicenza-evo\">Valmistajan alkuper\u00e4iset sivut<\/a><br \/>\n<a href=\"https:\/\/www.lanordica-extraflame.com\/sites\/default\/files\/documenti_temp\/007193016-000_dop_vicenza_evo.pdf\">Suoritustasoilmoitus.pdf<\/a><\/p>\n<p><strong>Hellan mukana toimitetaan uunipelti sek\u00e4 uuniritil\u00e4<\/strong><\/p>\n","protected":false},"excerpt":{"rendered":"<p>T\u00e4m\u00e4 tuote t\u00e4ytt\u00e4\u00e4 2022 Ekosuunnittelu vaatimukset<\/p>\n<p>Kalusteisiin integroitava puuhella. Tulipes\u00e4 yl\u00e4puolella puolella ja tehokas paistouuni alhaalla. Tulipes\u00e4ss\u00e4 triplalasi. Valurautainen keittotaso p\u00e4\u00e4ll\u00e4, ja lis\u00e4varusteena saatavilla <a href=\"https:\/\/lanordica.fi\/product\/keraaminen-keittotaso-vicenza\/\">keraaminen keittotaso<\/a>. Hormiliit\u00e4nn\u00e4t p\u00e4\u00e4lt\u00e4 tai takaa, ja lis\u00e4varusteena <a href=\"https:\/\/lanordica.fi\/product\/kylkilahtosarja-vasemmalle-vicenza-musta\/\">muutossarja oikealle<\/a>, <a href=\"https:\/\/lanordica.fi\/product\/kylkilahtosarja-vasemmalle-vicenza-ruostumaton-teras\/\">vasemmalle<\/a>. Turvaet\u00e4isyys sivuille 0 cm, katso kuvasta keittotason yl\u00e4puolinen turvaet\u00e4isyys. V\u00e4ri saatavilla ruostumattomana tai mustana. Alla s\u00e4ilytyslaatikko. Automaattinen ensi\u00f6ilmans\u00e4\u00e4t\u00f6 kapillaaris\u00e4\u00e4timell\u00e4. Molempien luukkujen k\u00e4tisyys vaihdettavissa. Mahdollisuus s\u00e4hk\u00f6kytkenn\u00e4lle vakiona, jolla saadaan uuniin valo.<\/p>\n<p>Takuu 2+3 vuotta kaikille tuotteille jotka hankitaan t\u00e4lle sivulle listatusta myym\u00e4l\u00e4st\u00e4.<br \/>\nLis\u00e4takuun rekister\u00f6inti <a href=\"https:\/\/lanordica.fi\/rekisteroi-lanordican-lisatakuu\/\">t\u00e4st\u00e4<\/a><\/p>\n","protected":false},"featured_media":1017,"template":"","meta":{"_monsterinsights_skip_tracking":false,"_monsterinsights_sitenote_active":false,"_monsterinsights_sitenote_note":"","_monsterinsights_sitenote_category":0,"jetpack_publicize_message":"","jetpack_publicize_feature_enabled":true,"jetpack_social_post_already_shared":true,"jetpack_social_options":{"image_generator_settings":{"template":"highway","default_image_id":0,"font":"","enabled":false},"version":2},"_wpas_customize_per_network":false},"product_brand":[],"product_cat":[1373],"product_tag":[1414,1398,1415,1417,1419,1397,1381,1457,1458,1418,1416,1413,1408,1389,1392],"class_list":{"0":"post-266","1":"product","2":"type-product","3":"status-publish","4":"has-post-thumbnail","6":"product_cat-puuhellat","7":"product_tag-iso-uuni","8":"product_tag-keittolevy","9":"product_tag-keraaminen-keittotaso","10":"product_tag-kylkilahto","11":"product_tag-kylkiliitos","12":"product_tag-musta","13":"product_tag-puuhella","14":"product_tag-rst","15":"product_tag-ruostumaton-teras","16":"product_tag-sivulahto","17":"product_tag-sivuliitos","18":"product_tag-triplalasi","19":"product_tag-tuplalasi","20":"product_tag-uuni","21":"product_tag-uunipelti","22":"product_shipping_class-puuhella","24":"first","25":"instock","26":"taxable","27":"shipping-taxable","28":"purchasable","29":"product-type-variable"},"yoast_head":"<!-- This site is optimized with the Yoast SEO plugin v27.5 - https:\/\/yoast.com\/product\/yoast-seo-wordpress\/ -->\n<title>Vicenza EVO integroitava puuhella - La Nordica - Suomi<\/title>\n<meta name=\"description\" content=\"Kalusteisiin integroitava puuhella. Tulipes\u00e4 yl\u00e4puolella puolella ja tehokas paistouuni alhaalla. Tulipes\u00e4ss\u00e4 triplalasi.\" \/>\n<meta name=\"robots\" content=\"index, follow, max-snippet:-1, max-image-preview:large, max-video-preview:-1\" \/>\n<link rel=\"canonical\" href=\"https:\/\/lanordica.fi\/fi\/product\/vicenza\/\" \/>\n<meta property=\"og:locale\" content=\"fi_FI\" \/>\n<meta property=\"og:type\" content=\"article\" \/>\n<meta property=\"og:title\" content=\"Vicenza EVO integroitava puuhella - La Nordica - Suomi\" \/>\n<meta property=\"og:description\" content=\"Kalusteisiin integroitava puuhella. Tulipes\u00e4 yl\u00e4puolella puolella ja tehokas paistouuni alhaalla. Tulipes\u00e4ss\u00e4 triplalasi.\" \/>\n<meta property=\"og:url\" content=\"https:\/\/lanordica.fi\/fi\/product\/vicenza\/\" \/>\n<meta property=\"og:site_name\" content=\"La Nordica - Suomi\" \/>\n<meta property=\"article:modified_time\" content=\"2026-05-08T07:53:12+00:00\" \/>\n<meta property=\"og:image\" content=\"https:\/\/lanordica.fi\/wp-content\/uploads\/2018\/04\/Vicenza-Evo-musta.jpg\" \/>\n\t<meta property=\"og:image:width\" content=\"1200\" \/>\n\t<meta property=\"og:image:height\" content=\"1183\" \/>\n\t<meta property=\"og:image:type\" content=\"image\/jpeg\" \/>\n<meta name=\"twitter:card\" content=\"summary_large_image\" \/>\n<meta name=\"twitter:label1\" content=\"Arvioitu lukuaika\" \/>\n\t<meta name=\"twitter:data1\" content=\"2 minuuttia\" \/>\n<script type=\"application\/ld+json\" class=\"yoast-schema-graph\">{\"@context\":\"https:\\\/\\\/schema.org\",\"@graph\":[{\"@type\":\"WebPage\",\"@id\":\"https:\\\/\\\/lanordica.fi\\\/product\\\/vicenza\\\/\",\"url\":\"https:\\\/\\\/lanordica.fi\\\/product\\\/vicenza\\\/\",\"name\":\"Vicenza EVO integroitava puuhella - La Nordica - Suomi\",\"isPartOf\":{\"@id\":\"https:\\\/\\\/lanordica.fi\\\/#website\"},\"primaryImageOfPage\":{\"@id\":\"https:\\\/\\\/lanordica.fi\\\/product\\\/vicenza\\\/#primaryimage\"},\"image\":{\"@id\":\"https:\\\/\\\/lanordica.fi\\\/product\\\/vicenza\\\/#primaryimage\"},\"thumbnailUrl\":\"https:\\\/\\\/i0.wp.com\\\/lanordica.fi\\\/wp-content\\\/uploads\\\/2018\\\/04\\\/Vicenza-Evo-musta.jpg?fit=1200%2C1183&ssl=1\",\"datePublished\":\"2018-04-11T08:32:35+00:00\",\"dateModified\":\"2026-05-08T07:53:12+00:00\",\"description\":\"Kalusteisiin integroitava puuhella. Tulipes\u00e4 yl\u00e4puolella puolella ja tehokas paistouuni alhaalla. Tulipes\u00e4ss\u00e4 triplalasi.\",\"breadcrumb\":{\"@id\":\"https:\\\/\\\/lanordica.fi\\\/product\\\/vicenza\\\/#breadcrumb\"},\"inLanguage\":\"fi\",\"potentialAction\":[{\"@type\":\"ReadAction\",\"target\":[\"https:\\\/\\\/lanordica.fi\\\/product\\\/vicenza\\\/\"]}]},{\"@type\":\"ImageObject\",\"inLanguage\":\"fi\",\"@id\":\"https:\\\/\\\/lanordica.fi\\\/product\\\/vicenza\\\/#primaryimage\",\"url\":\"https:\\\/\\\/i0.wp.com\\\/lanordica.fi\\\/wp-content\\\/uploads\\\/2018\\\/04\\\/Vicenza-Evo-musta.jpg?fit=1200%2C1183&ssl=1\",\"contentUrl\":\"https:\\\/\\\/i0.wp.com\\\/lanordica.fi\\\/wp-content\\\/uploads\\\/2018\\\/04\\\/Vicenza-Evo-musta.jpg?fit=1200%2C1183&ssl=1\",\"width\":1200,\"height\":1183},{\"@type\":\"BreadcrumbList\",\"@id\":\"https:\\\/\\\/lanordica.fi\\\/product\\\/vicenza\\\/#breadcrumb\",\"itemListElement\":[{\"@type\":\"ListItem\",\"position\":1,\"name\":\"Home\",\"item\":\"https:\\\/\\\/lanordica.fi\\\/\"},{\"@type\":\"ListItem\",\"position\":2,\"name\":\"Kauppa\",\"item\":\"https:\\\/\\\/lanordica.fi\\\/shop\\\/\"},{\"@type\":\"ListItem\",\"position\":3,\"name\":\"Vicenza EVO\"}]},{\"@type\":\"WebSite\",\"@id\":\"https:\\\/\\\/lanordica.fi\\\/#website\",\"url\":\"https:\\\/\\\/lanordica.fi\\\/\",\"name\":\"La Nordica - Suomi\",\"description\":\"L\u00e4mp\u00f6\u00e4 kotiisi\",\"publisher\":{\"@id\":\"https:\\\/\\\/lanordica.fi\\\/#organization\"},\"potentialAction\":[{\"@type\":\"SearchAction\",\"target\":{\"@type\":\"EntryPoint\",\"urlTemplate\":\"https:\\\/\\\/lanordica.fi\\\/?s={search_term_string}\"},\"query-input\":{\"@type\":\"PropertyValueSpecification\",\"valueRequired\":true,\"valueName\":\"search_term_string\"}}],\"inLanguage\":\"fi\"},{\"@type\":\"Organization\",\"@id\":\"https:\\\/\\\/lanordica.fi\\\/#organization\",\"name\":\"La Nordica - Suomi\",\"url\":\"https:\\\/\\\/lanordica.fi\\\/\",\"logo\":{\"@type\":\"ImageObject\",\"inLanguage\":\"fi\",\"@id\":\"https:\\\/\\\/lanordica.fi\\\/#\\\/schema\\\/logo\\\/image\\\/\",\"url\":\"https:\\\/\\\/i0.wp.com\\\/lanordica.fi\\\/wp-content\\\/uploads\\\/2018\\\/03\\\/lanordica-fi.png?fit=768%2C282&ssl=1\",\"contentUrl\":\"https:\\\/\\\/i0.wp.com\\\/lanordica.fi\\\/wp-content\\\/uploads\\\/2018\\\/03\\\/lanordica-fi.png?fit=768%2C282&ssl=1\",\"width\":768,\"height\":282,\"caption\":\"La Nordica - Suomi\"},\"image\":{\"@id\":\"https:\\\/\\\/lanordica.fi\\\/#\\\/schema\\\/logo\\\/image\\\/\"}}]}<\/script>\n<!-- \/ Yoast SEO plugin. -->","yoast_head_json":{"title":"Vicenza EVO integroitava puuhella - La Nordica - Suomi","description":"Kalusteisiin integroitava puuhella. Tulipes\u00e4 yl\u00e4puolella puolella ja tehokas paistouuni alhaalla. Tulipes\u00e4ss\u00e4 triplalasi.","robots":{"index":"index","follow":"follow","max-snippet":"max-snippet:-1","max-image-preview":"max-image-preview:large","max-video-preview":"max-video-preview:-1"},"canonical":"https:\/\/lanordica.fi\/fi\/product\/vicenza\/","og_locale":"fi_FI","og_type":"article","og_title":"Vicenza EVO integroitava puuhella - La Nordica - Suomi","og_description":"Kalusteisiin integroitava puuhella. Tulipes\u00e4 yl\u00e4puolella puolella ja tehokas paistouuni alhaalla. Tulipes\u00e4ss\u00e4 triplalasi.","og_url":"https:\/\/lanordica.fi\/fi\/product\/vicenza\/","og_site_name":"La Nordica - Suomi","article_modified_time":"2026-05-08T07:53:12+00:00","og_image":[{"width":1200,"height":1183,"url":"https:\/\/lanordica.fi\/wp-content\/uploads\/2018\/04\/Vicenza-Evo-musta.jpg","type":"image\/jpeg"}],"twitter_card":"summary_large_image","twitter_misc":{"Arvioitu lukuaika":"2 minuuttia"},"schema":{"@context":"https:\/\/schema.org","@graph":[{"@type":"WebPage","@id":"https:\/\/lanordica.fi\/product\/vicenza\/","url":"https:\/\/lanordica.fi\/product\/vicenza\/","name":"Vicenza EVO integroitava puuhella - La Nordica - Suomi","isPartOf":{"@id":"https:\/\/lanordica.fi\/#website"},"primaryImageOfPage":{"@id":"https:\/\/lanordica.fi\/product\/vicenza\/#primaryimage"},"image":{"@id":"https:\/\/lanordica.fi\/product\/vicenza\/#primaryimage"},"thumbnailUrl":"https:\/\/i0.wp.com\/lanordica.fi\/wp-content\/uploads\/2018\/04\/Vicenza-Evo-musta.jpg?fit=1200%2C1183&ssl=1","datePublished":"2018-04-11T08:32:35+00:00","dateModified":"2026-05-08T07:53:12+00:00","description":"Kalusteisiin integroitava puuhella. Tulipes\u00e4 yl\u00e4puolella puolella ja tehokas paistouuni alhaalla. Tulipes\u00e4ss\u00e4 triplalasi.","breadcrumb":{"@id":"https:\/\/lanordica.fi\/product\/vicenza\/#breadcrumb"},"inLanguage":"fi","potentialAction":[{"@type":"ReadAction","target":["https:\/\/lanordica.fi\/product\/vicenza\/"]}]},{"@type":"ImageObject","inLanguage":"fi","@id":"https:\/\/lanordica.fi\/product\/vicenza\/#primaryimage","url":"https:\/\/i0.wp.com\/lanordica.fi\/wp-content\/uploads\/2018\/04\/Vicenza-Evo-musta.jpg?fit=1200%2C1183&ssl=1","contentUrl":"https:\/\/i0.wp.com\/lanordica.fi\/wp-content\/uploads\/2018\/04\/Vicenza-Evo-musta.jpg?fit=1200%2C1183&ssl=1","width":1200,"height":1183},{"@type":"BreadcrumbList","@id":"https:\/\/lanordica.fi\/product\/vicenza\/#breadcrumb","itemListElement":[{"@type":"ListItem","position":1,"name":"Home","item":"https:\/\/lanordica.fi\/"},{"@type":"ListItem","position":2,"name":"Kauppa","item":"https:\/\/lanordica.fi\/shop\/"},{"@type":"ListItem","position":3,"name":"Vicenza EVO"}]},{"@type":"WebSite","@id":"https:\/\/lanordica.fi\/#website","url":"https:\/\/lanordica.fi\/","name":"La Nordica - Suomi","description":"L\u00e4mp\u00f6\u00e4 kotiisi","publisher":{"@id":"https:\/\/lanordica.fi\/#organization"},"potentialAction":[{"@type":"SearchAction","target":{"@type":"EntryPoint","urlTemplate":"https:\/\/lanordica.fi\/?s={search_term_string}"},"query-input":{"@type":"PropertyValueSpecification","valueRequired":true,"valueName":"search_term_string"}}],"inLanguage":"fi"},{"@type":"Organization","@id":"https:\/\/lanordica.fi\/#organization","name":"La Nordica - Suomi","url":"https:\/\/lanordica.fi\/","logo":{"@type":"ImageObject","inLanguage":"fi","@id":"https:\/\/lanordica.fi\/#\/schema\/logo\/image\/","url":"https:\/\/i0.wp.com\/lanordica.fi\/wp-content\/uploads\/2018\/03\/lanordica-fi.png?fit=768%2C282&ssl=1","contentUrl":"https:\/\/i0.wp.com\/lanordica.fi\/wp-content\/uploads\/2018\/03\/lanordica-fi.png?fit=768%2C282&ssl=1","width":768,"height":282,"caption":"La Nordica - Suomi"},"image":{"@id":"https:\/\/lanordica.fi\/#\/schema\/logo\/image\/"}}]}},"jetpack_publicize_connections":[],"jetpack_sharing_enabled":true,"jetpack_likes_enabled":true,"_links":{"self":[{"href":"https:\/\/lanordica.fi\/fi\/wp-json\/wp\/v2\/product\/266","targetHints":{"allow":["GET"]}}],"collection":[{"href":"https:\/\/lanordica.fi\/fi\/wp-json\/wp\/v2\/product"}],"about":[{"href":"https:\/\/lanordica.fi\/fi\/wp-json\/wp\/v2\/types\/product"}],"version-history":[{"count":9,"href":"https:\/\/lanordica.fi\/fi\/wp-json\/wp\/v2\/product\/266\/revisions"}],"predecessor-version":[{"id":14100,"href":"https:\/\/lanordica.fi\/fi\/wp-json\/wp\/v2\/product\/266\/revisions\/14100"}],"wp:featuredmedia":[{"embeddable":true,"href":"https:\/\/lanordica.fi\/fi\/wp-json\/wp\/v2\/media\/1017"}],"wp:attachment":[{"href":"https:\/\/lanordica.fi\/fi\/wp-json\/wp\/v2\/media?parent=266"}],"wp:term":[{"taxonomy":"product_brand","embeddable":true,"href":"https:\/\/lanordica.fi\/fi\/wp-json\/wp\/v2\/product_brand?post=266"},{"taxonomy":"product_cat","embeddable":true,"href":"https:\/\/lanordica.fi\/fi\/wp-json\/wp\/v2\/product_cat?post=266"},{"taxonomy":"product_tag","embeddable":true,"href":"https:\/\/lanordica.fi\/fi\/wp-json\/wp\/v2\/product_tag?post=266"}],"curies":[{"name":"wp","href":"https:\/\/api.w.org\/{rel}","templated":true}]}}