{"id":250,"date":"2018-04-10T13:56:39","date_gmt":"2018-04-10T13:56:39","guid":{"rendered":"https:\/\/lanordica.fi\/?post_type=product&#038;p=250"},"modified":"2026-05-08T08:16:19","modified_gmt":"2026-05-08T08:16:19","slug":"rosa-xxl","status":"publish","type":"product","link":"https:\/\/lanordica.fi\/fi\/product\/rosa-xxl\/","title":{"rendered":"Rosa XXL &#8211; musta ter\u00e4s"},"content":{"rendered":"<p>Mitat (L x K x S): 1074 x 861 x 669 mm<br \/>\nTeho: 8,5 kW<br \/>\nPaino: 202 kg<br \/>\nTulipes\u00e4n koko: 296 x 306 x 460 mm<br \/>\nLuukun koko: 225 x 210 mm<br \/>\nUunin koko: 436 x 418 x 430 mm<br \/>\nL\u00e4mmitysala: 244 m\u00b3<br \/>\nHormiliitos: 150 mm, p\u00e4\u00e4lt\u00e4 tai takaa keskell\u00e4<br \/>\nS\u00e4\u00e4dett\u00e4v\u00e4 ensi\u00f6ilma: kyll\u00e4<br \/>\nS\u00e4\u00e4dett\u00e4v\u00e4 toisioilma: kyll\u00e4<br \/>\nTertiaari-ilma: esis\u00e4\u00e4detty<br \/>\nJ\u00e4lkipoltto: kyll\u00e4<br \/>\nHy\u00f6tysuhde: 85 %<br \/>\nPolttoaineen kulutus: 2,3 kg\/h<br \/>\nSavukaasujen keskil\u00e4mp\u00f6tila: 232 \u02daC<br \/>\nCO p\u00e4\u00e4st\u00f6t: 0,11 %<br \/>\nHiukkasp\u00e4\u00e4st\u00f6t: 30 mg\/m\u00b3 (13% O2)<\/p>\n<p>Suojaet\u00e4isyydet:<\/p>\n<p>Suojaet\u00e4isyys \u2013 pohja dB = 0 mm<br \/>\nSuojaet\u00e4isyys \u2013 edess\u00e4 oleva lattia dF = 0 mm<br \/>\nSuojaet\u00e4isyys \u2013 katto dC = 750 mm<br \/>\nSuojaet\u00e4isyys \u2013 taakse dR = 500 mm<br \/>\nSuojaet\u00e4isyys \u2013 sivu dS = 500 mm<br \/>\nSuojaet\u00e4isyys \u2013 sivun s\u00e4teilyalue dL = 0 mm<br \/>\nSuojaet\u00e4isyys \u2013 eteen dP = 1000 mm<\/p>\n<p>Suojaet\u00e4isyydell\u00e4 tarkoitetaan et\u00e4isyytt\u00e4 palavaan materiaaliin<br \/>\nPalamaton materiaali ei vaadi suojaet\u00e4isyytt\u00e4<br \/>\n*Edess\u00e4 olevan lattian osalta tulee noudattaa Suomen paloturvalakia (kipin\u00e4suoja 400 mm eteen, 100 mm sivuille luukusta). Vaikka tuotteelle olisi annettu suojaet\u00e4isyydeksi 0 mm, se ei kumoa paloturvalakiin m\u00e4\u00e4ritelty\u00e4 kipin\u00e4pellin vaatimusta.<\/p>\n<p>K\u00e4ytt\u00f6ohje: Kyll\u00e4, alkuper\u00e4isen ohjeen Suomi-k\u00e4\u00e4nn\u00f6s<br \/>\n<a href=\"https:\/\/www.lanordica-extraflame.com\/en\/products\/woodburning-cookers\/rosa-xxl\">Valmistajan alkuper\u00e4iset sivut<\/a><br \/>\n<a href=\"https:\/\/www.lanordica-extraflame.com\/sites\/default\/files\/documenti_temp\/000000165-002_dop_rosa_xxl.pdf\">Suoritustasoilmoitus.pdf<\/a><\/p>\n<p><strong>Hellan mukana toimitetaan uunipelti sek\u00e4 uuniritil\u00e4<\/strong><\/p>\n","protected":false},"excerpt":{"rendered":"<p>T\u00e4m\u00e4 tuote t\u00e4ytt\u00e4\u00e4 2022 Ekosuunnittelu vaatimukset<\/p>\n<p>Isokokoinen puuhella eritt\u00e4in suurella paistouunilla. Tulipes\u00e4n luukussa j\u00e4\u00e4hdytetty tuplalasi. P\u00e4\u00e4ll\u00e4 kaksi keittolevy\u00e4. Kuumentumattomat luukun kahvat. Tehokas polttotapahtuma mahdollistaa pitk\u00e4n ja puhtaan polton. S\u00e4\u00e4dett\u00e4v\u00e4 toissijainen paloilma pit\u00e4\u00e4 lasiluukun puhtaana. Tulipes\u00e4n alapuolella ulosvedett\u00e4v\u00e4 tuhka-astia. Hellan alla ulosvedett\u00e4v\u00e4 s\u00e4ilytystila. Irrotettavat turvakahvat kiert\u00e4v\u00e4t hellan ymp\u00e4ri. Hormiliitos keskell\u00e4, p\u00e4\u00e4lt\u00e4 tai takaa. Uunin alapuolella olevat keraamiset koristelaatat voidaan vaihtaa mukana toimitettaviin mustiin laattoihin.<\/p>\n<p>Mukana toimitetaan mustat 10x10cm vaihtolaatat uunin luukkuun punaisten tilalle.<\/p>\n<p><strong>Takuu 2+3 vuotta<\/strong> kaikille tuotteille jotka hankitaan t\u00e4lle sivulle listatusta myym\u00e4l\u00e4st\u00e4.<br \/>\nLis\u00e4takuun rekister\u00f6inti <a href=\"https:\/\/lanordica.fi\/rekisteroi-lanordican-lisatakuu\/\">t\u00e4st\u00e4<\/a><\/p>\n","protected":false},"featured_media":252,"template":"","meta":{"_monsterinsights_skip_tracking":false,"_monsterinsights_sitenote_active":false,"_monsterinsights_sitenote_note":"","_monsterinsights_sitenote_category":0,"jetpack_publicize_message":"","jetpack_publicize_feature_enabled":true,"jetpack_social_post_already_shared":true,"jetpack_social_options":{"image_generator_settings":{"template":"highway","default_image_id":0,"font":"","enabled":false},"version":2},"_wpas_customize_per_network":false},"product_brand":[],"product_cat":[1373],"product_tag":[1398,1397,1466,1381,1411,1461,1545,1408,1389,1392,1453,1462],"class_list":{"0":"post-250","1":"product","2":"type-product","3":"status-publish","4":"has-post-thumbnail","6":"product_cat-puuhellat","7":"product_tag-keittolevy","8":"product_tag-musta","9":"product_tag-paaltalahto","10":"product_tag-puuhella","11":"product_tag-rosa-xxl","12":"product_tag-takalahto","13":"product_tag-teras","14":"product_tag-tuplalasi","15":"product_tag-uuni","16":"product_tag-uunipelti","17":"product_tag-xxl","18":"product_tag-ylalahto","19":"product_shipping_class-puuhella","21":"first","22":"instock","23":"taxable","24":"shipping-taxable","25":"purchasable","26":"product-type-simple"},"yoast_head":"<!-- This site is optimized with the Yoast SEO plugin v27.5 - https:\/\/yoast.com\/product\/yoast-seo-wordpress\/ -->\n<title>Rosa XXL - musta ter\u00e4s puuliesi - La Nordica - Suomi<\/title>\n<meta name=\"description\" content=\"XXL puuhella versioissa on markkinoiden suurimmat paistouunit. Paistouuni l\u00e4mpenee nopeasti yli 200 \u00b0C l\u00e4mp\u00f6tilaan.\" \/>\n<meta name=\"robots\" content=\"index, follow, max-snippet:-1, max-image-preview:large, max-video-preview:-1\" \/>\n<link rel=\"canonical\" href=\"https:\/\/lanordica.fi\/fi\/product\/rosa-xxl\/\" \/>\n<meta property=\"og:locale\" content=\"fi_FI\" \/>\n<meta property=\"og:type\" content=\"article\" \/>\n<meta property=\"og:title\" content=\"Rosa XXL - musta ter\u00e4s puuliesi - La Nordica - Suomi\" \/>\n<meta property=\"og:description\" content=\"XXL puuhella versioissa on markkinoiden suurimmat paistouunit. Paistouuni l\u00e4mpenee nopeasti yli 200 \u00b0C l\u00e4mp\u00f6tilaan.\" \/>\n<meta property=\"og:url\" content=\"https:\/\/lanordica.fi\/fi\/product\/rosa-xxl\/\" \/>\n<meta property=\"og:site_name\" content=\"La Nordica - Suomi\" \/>\n<meta property=\"article:modified_time\" content=\"2026-05-08T08:16:19+00:00\" \/>\n<meta property=\"og:image\" content=\"https:\/\/lanordica.fi\/wp-content\/uploads\/2018\/04\/Rosa-XXL-mustilla.jpg\" \/>\n\t<meta property=\"og:image:width\" content=\"1200\" \/>\n\t<meta property=\"og:image:height\" content=\"1183\" \/>\n\t<meta property=\"og:image:type\" content=\"image\/jpeg\" \/>\n<meta name=\"twitter:card\" content=\"summary_large_image\" \/>\n<meta name=\"twitter:label1\" content=\"Arvioitu lukuaika\" \/>\n\t<meta name=\"twitter:data1\" content=\"2 minuuttia\" \/>\n<script type=\"application\/ld+json\" class=\"yoast-schema-graph\">{\"@context\":\"https:\\\/\\\/schema.org\",\"@graph\":[{\"@type\":\"WebPage\",\"@id\":\"https:\\\/\\\/lanordica.fi\\\/product\\\/rosa-xxl\\\/\",\"url\":\"https:\\\/\\\/lanordica.fi\\\/product\\\/rosa-xxl\\\/\",\"name\":\"Rosa XXL - musta ter\u00e4s puuliesi - La Nordica - Suomi\",\"isPartOf\":{\"@id\":\"https:\\\/\\\/lanordica.fi\\\/#website\"},\"primaryImageOfPage\":{\"@id\":\"https:\\\/\\\/lanordica.fi\\\/product\\\/rosa-xxl\\\/#primaryimage\"},\"image\":{\"@id\":\"https:\\\/\\\/lanordica.fi\\\/product\\\/rosa-xxl\\\/#primaryimage\"},\"thumbnailUrl\":\"https:\\\/\\\/i0.wp.com\\\/lanordica.fi\\\/wp-content\\\/uploads\\\/2018\\\/04\\\/Rosa-XXL-mustilla.jpg?fit=1200%2C1183&ssl=1\",\"datePublished\":\"2018-04-10T13:56:39+00:00\",\"dateModified\":\"2026-05-08T08:16:19+00:00\",\"description\":\"XXL puuhella versioissa on markkinoiden suurimmat paistouunit. Paistouuni l\u00e4mpenee nopeasti yli 200 \u00b0C l\u00e4mp\u00f6tilaan.\",\"breadcrumb\":{\"@id\":\"https:\\\/\\\/lanordica.fi\\\/product\\\/rosa-xxl\\\/#breadcrumb\"},\"inLanguage\":\"fi\",\"potentialAction\":[{\"@type\":\"ReadAction\",\"target\":[\"https:\\\/\\\/lanordica.fi\\\/product\\\/rosa-xxl\\\/\"]}]},{\"@type\":\"ImageObject\",\"inLanguage\":\"fi\",\"@id\":\"https:\\\/\\\/lanordica.fi\\\/product\\\/rosa-xxl\\\/#primaryimage\",\"url\":\"https:\\\/\\\/i0.wp.com\\\/lanordica.fi\\\/wp-content\\\/uploads\\\/2018\\\/04\\\/Rosa-XXL-mustilla.jpg?fit=1200%2C1183&ssl=1\",\"contentUrl\":\"https:\\\/\\\/i0.wp.com\\\/lanordica.fi\\\/wp-content\\\/uploads\\\/2018\\\/04\\\/Rosa-XXL-mustilla.jpg?fit=1200%2C1183&ssl=1\",\"width\":1200,\"height\":1183},{\"@type\":\"BreadcrumbList\",\"@id\":\"https:\\\/\\\/lanordica.fi\\\/product\\\/rosa-xxl\\\/#breadcrumb\",\"itemListElement\":[{\"@type\":\"ListItem\",\"position\":1,\"name\":\"Home\",\"item\":\"https:\\\/\\\/lanordica.fi\\\/\"},{\"@type\":\"ListItem\",\"position\":2,\"name\":\"Kauppa\",\"item\":\"https:\\\/\\\/lanordica.fi\\\/shop\\\/\"},{\"@type\":\"ListItem\",\"position\":3,\"name\":\"Rosa XXL &#8211; musta ter\u00e4s\"}]},{\"@type\":\"WebSite\",\"@id\":\"https:\\\/\\\/lanordica.fi\\\/#website\",\"url\":\"https:\\\/\\\/lanordica.fi\\\/\",\"name\":\"La Nordica - Suomi\",\"description\":\"L\u00e4mp\u00f6\u00e4 kotiisi\",\"publisher\":{\"@id\":\"https:\\\/\\\/lanordica.fi\\\/#organization\"},\"potentialAction\":[{\"@type\":\"SearchAction\",\"target\":{\"@type\":\"EntryPoint\",\"urlTemplate\":\"https:\\\/\\\/lanordica.fi\\\/?s={search_term_string}\"},\"query-input\":{\"@type\":\"PropertyValueSpecification\",\"valueRequired\":true,\"valueName\":\"search_term_string\"}}],\"inLanguage\":\"fi\"},{\"@type\":\"Organization\",\"@id\":\"https:\\\/\\\/lanordica.fi\\\/#organization\",\"name\":\"La Nordica - Suomi\",\"url\":\"https:\\\/\\\/lanordica.fi\\\/\",\"logo\":{\"@type\":\"ImageObject\",\"inLanguage\":\"fi\",\"@id\":\"https:\\\/\\\/lanordica.fi\\\/#\\\/schema\\\/logo\\\/image\\\/\",\"url\":\"https:\\\/\\\/i0.wp.com\\\/lanordica.fi\\\/wp-content\\\/uploads\\\/2018\\\/03\\\/lanordica-fi.png?fit=768%2C282&ssl=1\",\"contentUrl\":\"https:\\\/\\\/i0.wp.com\\\/lanordica.fi\\\/wp-content\\\/uploads\\\/2018\\\/03\\\/lanordica-fi.png?fit=768%2C282&ssl=1\",\"width\":768,\"height\":282,\"caption\":\"La Nordica - Suomi\"},\"image\":{\"@id\":\"https:\\\/\\\/lanordica.fi\\\/#\\\/schema\\\/logo\\\/image\\\/\"}}]}<\/script>\n<!-- \/ Yoast SEO plugin. -->","yoast_head_json":{"title":"Rosa XXL - musta ter\u00e4s puuliesi - La Nordica - Suomi","description":"XXL puuhella versioissa on markkinoiden suurimmat paistouunit. Paistouuni l\u00e4mpenee nopeasti yli 200 \u00b0C l\u00e4mp\u00f6tilaan.","robots":{"index":"index","follow":"follow","max-snippet":"max-snippet:-1","max-image-preview":"max-image-preview:large","max-video-preview":"max-video-preview:-1"},"canonical":"https:\/\/lanordica.fi\/fi\/product\/rosa-xxl\/","og_locale":"fi_FI","og_type":"article","og_title":"Rosa XXL - musta ter\u00e4s puuliesi - La Nordica - Suomi","og_description":"XXL puuhella versioissa on markkinoiden suurimmat paistouunit. Paistouuni l\u00e4mpenee nopeasti yli 200 \u00b0C l\u00e4mp\u00f6tilaan.","og_url":"https:\/\/lanordica.fi\/fi\/product\/rosa-xxl\/","og_site_name":"La Nordica - Suomi","article_modified_time":"2026-05-08T08:16:19+00:00","og_image":[{"width":1200,"height":1183,"url":"https:\/\/lanordica.fi\/wp-content\/uploads\/2018\/04\/Rosa-XXL-mustilla.jpg","type":"image\/jpeg"}],"twitter_card":"summary_large_image","twitter_misc":{"Arvioitu lukuaika":"2 minuuttia"},"schema":{"@context":"https:\/\/schema.org","@graph":[{"@type":"WebPage","@id":"https:\/\/lanordica.fi\/product\/rosa-xxl\/","url":"https:\/\/lanordica.fi\/product\/rosa-xxl\/","name":"Rosa XXL - musta ter\u00e4s puuliesi - La Nordica - Suomi","isPartOf":{"@id":"https:\/\/lanordica.fi\/#website"},"primaryImageOfPage":{"@id":"https:\/\/lanordica.fi\/product\/rosa-xxl\/#primaryimage"},"image":{"@id":"https:\/\/lanordica.fi\/product\/rosa-xxl\/#primaryimage"},"thumbnailUrl":"https:\/\/i0.wp.com\/lanordica.fi\/wp-content\/uploads\/2018\/04\/Rosa-XXL-mustilla.jpg?fit=1200%2C1183&ssl=1","datePublished":"2018-04-10T13:56:39+00:00","dateModified":"2026-05-08T08:16:19+00:00","description":"XXL puuhella versioissa on markkinoiden suurimmat paistouunit. Paistouuni l\u00e4mpenee nopeasti yli 200 \u00b0C l\u00e4mp\u00f6tilaan.","breadcrumb":{"@id":"https:\/\/lanordica.fi\/product\/rosa-xxl\/#breadcrumb"},"inLanguage":"fi","potentialAction":[{"@type":"ReadAction","target":["https:\/\/lanordica.fi\/product\/rosa-xxl\/"]}]},{"@type":"ImageObject","inLanguage":"fi","@id":"https:\/\/lanordica.fi\/product\/rosa-xxl\/#primaryimage","url":"https:\/\/i0.wp.com\/lanordica.fi\/wp-content\/uploads\/2018\/04\/Rosa-XXL-mustilla.jpg?fit=1200%2C1183&ssl=1","contentUrl":"https:\/\/i0.wp.com\/lanordica.fi\/wp-content\/uploads\/2018\/04\/Rosa-XXL-mustilla.jpg?fit=1200%2C1183&ssl=1","width":1200,"height":1183},{"@type":"BreadcrumbList","@id":"https:\/\/lanordica.fi\/product\/rosa-xxl\/#breadcrumb","itemListElement":[{"@type":"ListItem","position":1,"name":"Home","item":"https:\/\/lanordica.fi\/"},{"@type":"ListItem","position":2,"name":"Kauppa","item":"https:\/\/lanordica.fi\/shop\/"},{"@type":"ListItem","position":3,"name":"Rosa XXL &#8211; musta ter\u00e4s"}]},{"@type":"WebSite","@id":"https:\/\/lanordica.fi\/#website","url":"https:\/\/lanordica.fi\/","name":"La Nordica - Suomi","description":"L\u00e4mp\u00f6\u00e4 kotiisi","publisher":{"@id":"https:\/\/lanordica.fi\/#organization"},"potentialAction":[{"@type":"SearchAction","target":{"@type":"EntryPoint","urlTemplate":"https:\/\/lanordica.fi\/?s={search_term_string}"},"query-input":{"@type":"PropertyValueSpecification","valueRequired":true,"valueName":"search_term_string"}}],"inLanguage":"fi"},{"@type":"Organization","@id":"https:\/\/lanordica.fi\/#organization","name":"La Nordica - Suomi","url":"https:\/\/lanordica.fi\/","logo":{"@type":"ImageObject","inLanguage":"fi","@id":"https:\/\/lanordica.fi\/#\/schema\/logo\/image\/","url":"https:\/\/i0.wp.com\/lanordica.fi\/wp-content\/uploads\/2018\/03\/lanordica-fi.png?fit=768%2C282&ssl=1","contentUrl":"https:\/\/i0.wp.com\/lanordica.fi\/wp-content\/uploads\/2018\/03\/lanordica-fi.png?fit=768%2C282&ssl=1","width":768,"height":282,"caption":"La Nordica - Suomi"},"image":{"@id":"https:\/\/lanordica.fi\/#\/schema\/logo\/image\/"}}]}},"jetpack_publicize_connections":[],"jetpack_sharing_enabled":true,"jetpack_likes_enabled":true,"_links":{"self":[{"href":"https:\/\/lanordica.fi\/fi\/wp-json\/wp\/v2\/product\/250","targetHints":{"allow":["GET"]}}],"collection":[{"href":"https:\/\/lanordica.fi\/fi\/wp-json\/wp\/v2\/product"}],"about":[{"href":"https:\/\/lanordica.fi\/fi\/wp-json\/wp\/v2\/types\/product"}],"version-history":[{"count":7,"href":"https:\/\/lanordica.fi\/fi\/wp-json\/wp\/v2\/product\/250\/revisions"}],"predecessor-version":[{"id":14103,"href":"https:\/\/lanordica.fi\/fi\/wp-json\/wp\/v2\/product\/250\/revisions\/14103"}],"wp:featuredmedia":[{"embeddable":true,"href":"https:\/\/lanordica.fi\/fi\/wp-json\/wp\/v2\/media\/252"}],"wp:attachment":[{"href":"https:\/\/lanordica.fi\/fi\/wp-json\/wp\/v2\/media?parent=250"}],"wp:term":[{"taxonomy":"product_brand","embeddable":true,"href":"https:\/\/lanordica.fi\/fi\/wp-json\/wp\/v2\/product_brand?post=250"},{"taxonomy":"product_cat","embeddable":true,"href":"https:\/\/lanordica.fi\/fi\/wp-json\/wp\/v2\/product_cat?post=250"},{"taxonomy":"product_tag","embeddable":true,"href":"https:\/\/lanordica.fi\/fi\/wp-json\/wp\/v2\/product_tag?post=250"}],"curies":[{"name":"wp","href":"https:\/\/api.w.org\/{rel}","templated":true}]}}