{"id":232,"date":"2018-04-10T12:38:32","date_gmt":"2018-04-10T12:38:32","guid":{"rendered":"https:\/\/lanordicasuomi.com\/?post_type=product&#038;p=232"},"modified":"2025-04-15T07:25:32","modified_gmt":"2025-04-15T07:25:32","slug":"rosa-reverse-beige","status":"publish","type":"product","link":"https:\/\/lanordica.fi\/fi\/product\/rosa-reverse-beige\/","title":{"rendered":"Rosa Reverse &#8211; Oikea"},"content":{"rendered":"<p>Mitat (L x K x S):\u00a0 1030 x 851 x 666 mm<br \/>\nTeho: 8,1 kW<br \/>\nPaino: 183 kg<br \/>\nTulipes\u00e4n koko: 374\u00a0 x 290\u00a0 x 320 mm<br \/>\nLuukun koko: 349 X 235 mm<br \/>\nUunin koko: 245\u00a0 x 300 x 384 mm<br \/>\nL\u00e4mmitysala: 232 m\u00b3<br \/>\nHormiliitos: 150 mm p\u00e4\u00e4lt\u00e4 ja takaa<br \/>\nS\u00e4\u00e4dett\u00e4v\u00e4 ensi\u00f6ilma: kyll\u00e4<br \/>\nS\u00e4\u00e4dett\u00e4v\u00e4 toisioilma: kyll\u00e4<br \/>\nTertiaari-ilma: esis\u00e4\u00e4detty<br \/>\nJ\u00e4lkipoltto: kyll\u00e4<br \/>\nHy\u00f6tysuhde: 81,1 %<br \/>\nPolttoaineen kulutus: 2,3 kg\/h<br \/>\nSavukaasujen keskil\u00e4mp\u00f6tila: 237 \u00b0C<br \/>\nCO p\u00e4\u00e4st\u00f6t: 0,07 %<br \/>\nHiukkasp\u00e4\u00e4st\u00f6t: 15 mg\/m\u00b3 (13% O2)<\/p>\n<p>Suojaet\u00e4isyydet:<br \/>\nTaakse: 400 mm<br \/>\nSivuille: 300 mm<br \/>\nEteen: 1000 mm<\/p>\n<p>K\u00e4ytt\u00f6ohje: Kyll\u00e4, alkuper\u00e4isen ohjeen Suomi-k\u00e4\u00e4nn\u00f6s<br \/>\n<a href=\"https:\/\/www.lanordica-extraflame.com\/en\/products\/woodburning-cookers\/rosa-reverse\">Valmistajan alkuper\u00e4iset sivut<\/a><br \/>\n<a href=\"https:\/\/www.lanordica-extraflame.com\/sites\/default\/files\/documenti_temp\/000000159-002_dop_rosa_reverse.pdf\">Suoritustasoilmoitus.pdf<\/a><\/p>\n<p><strong>Hellan mukana toimitetaan Uunipelti<\/strong><\/p>\n","protected":false},"excerpt":{"rendered":"<p>T\u00e4m\u00e4 tuote t\u00e4ytt\u00e4\u00e4 2022 Ekosuunnittelu vaatimukset<\/p>\n<p>Tulipes\u00e4 kuin takassa! Yhdist\u00e4 takkatunnelma ja puuhellan ominaisuudet samassa tuotteessa. Rosa puuhella jossa todella kookas tulipes\u00e4 ja pieni paistouuni. Luukut ovat valurautaa. Tulipes\u00e4 on j\u00e4m\u00e4kk\u00e4\u00e4 valurautaa. Tulipes\u00e4n pohja suistaa keskelle, jossa rakoarina. Hellan alla s\u00e4ilytystila puille tai kattiloille. Uunin alla haudutustila esim. pakastettujen laatikkoruokien sulatukseen. Keittotasolla nopeasti l\u00e4mpenev\u00e4t irralliset keittorinkulat. Keitt\u00e4\u00e4 voi miss\u00e4 tahansa l\u00e4hes hellan kannen kokoisella keittotasolla. Hormiliitos p\u00e4\u00e4lt\u00e4 tai takaa oikeassa reunassa.<\/p>\n<p><strong>Takuu 2+3 vuotta<\/strong> kaikille tuotteille jotka hankitaan t\u00e4lle sivulle listatusta myym\u00e4l\u00e4st\u00e4.<br \/>\nLis\u00e4takuun rekister\u00f6inti <a href=\"https:\/\/lanordica.fi\/rekisteroi-lanordican-lisatakuu\/\">t\u00e4st\u00e4<\/a><\/p>\n","protected":false},"featured_media":230,"template":"","meta":{"_monsterinsights_skip_tracking":false,"_monsterinsights_sitenote_active":false,"_monsterinsights_sitenote_note":"","_monsterinsights_sitenote_category":0,"jetpack_publicize_message":"","jetpack_publicize_feature_enabled":true,"jetpack_social_post_already_shared":true,"jetpack_social_options":{"image_generator_settings":{"template":"highway","default_image_id":0,"font":"","enabled":false},"version":2},"_wpas_customize_per_network":false},"product_brand":[],"product_cat":[1373],"product_tag":[1428,1405,1398,1466,1469,1381,1461,1389,1392,1462],"class_list":{"0":"post-232","1":"product","2":"type-product","3":"status-publish","4":"has-post-thumbnail","6":"product_cat-puuhellat","7":"product_tag-beige","8":"product_tag-kaakeli","9":"product_tag-keittolevy","10":"product_tag-paaltalahto","11":"product_tag-punainen","12":"product_tag-puuhella","13":"product_tag-takalahto","14":"product_tag-uuni","15":"product_tag-uunipelti","16":"product_tag-ylalahto","17":"product_shipping_class-puuhella","19":"first","20":"onbackorder","21":"taxable","22":"shipping-taxable","23":"purchasable","24":"product-type-variable"},"yoast_head":"<!-- This site is optimized with the Yoast SEO plugin v27.6 - https:\/\/yoast.com\/product\/yoast-seo-wordpress\/ -->\n<title>Rosa Reverse - Oikea - La Nordica - Suomi<\/title>\n<meta name=\"description\" content=\"Kookas tulipes\u00e4 ja paistouuni. Hormil\u00e4ht\u00f6 oikealta. Valurautainen keittotaso. Kylkikuoret Italialaista k\u00e4sin valmistettua keramiikkaa.\" \/>\n<meta name=\"robots\" content=\"index, follow, max-snippet:-1, max-image-preview:large, max-video-preview:-1\" \/>\n<link rel=\"canonical\" href=\"https:\/\/lanordica.fi\/fi\/product\/rosa-reverse-beige\/\" \/>\n<meta property=\"og:locale\" content=\"fi_FI\" \/>\n<meta property=\"og:type\" content=\"article\" \/>\n<meta property=\"og:title\" content=\"Rosa Reverse - Oikea - La Nordica - Suomi\" \/>\n<meta property=\"og:description\" content=\"Kookas tulipes\u00e4 ja paistouuni. Hormil\u00e4ht\u00f6 oikealta. Valurautainen keittotaso. Kylkikuoret Italialaista k\u00e4sin valmistettua keramiikkaa.\" \/>\n<meta property=\"og:url\" content=\"https:\/\/lanordica.fi\/fi\/product\/rosa-reverse-beige\/\" \/>\n<meta property=\"og:site_name\" content=\"La Nordica - Suomi\" \/>\n<meta property=\"article:modified_time\" content=\"2025-04-15T07:25:32+00:00\" \/>\n<meta property=\"og:image\" content=\"https:\/\/lanordica.fi\/wp-content\/uploads\/2018\/04\/Rosa-Reverse_PE_scont.jpg\" \/>\n\t<meta property=\"og:image:width\" content=\"2306\" \/>\n\t<meta property=\"og:image:height\" content=\"2000\" \/>\n\t<meta property=\"og:image:type\" content=\"image\/jpeg\" \/>\n<meta name=\"twitter:card\" content=\"summary_large_image\" \/>\n<meta name=\"twitter:label1\" content=\"Arvioitu lukuaika\" \/>\n\t<meta name=\"twitter:data1\" content=\"1 minuutti\" \/>\n<script type=\"application\/ld+json\" class=\"yoast-schema-graph\">{\"@context\":\"https:\\\/\\\/schema.org\",\"@graph\":[{\"@type\":\"WebPage\",\"@id\":\"https:\\\/\\\/lanordica.fi\\\/product\\\/rosa-reverse-beige\\\/\",\"url\":\"https:\\\/\\\/lanordica.fi\\\/product\\\/rosa-reverse-beige\\\/\",\"name\":\"Rosa Reverse - Oikea - La Nordica - Suomi\",\"isPartOf\":{\"@id\":\"https:\\\/\\\/lanordica.fi\\\/#website\"},\"primaryImageOfPage\":{\"@id\":\"https:\\\/\\\/lanordica.fi\\\/product\\\/rosa-reverse-beige\\\/#primaryimage\"},\"image\":{\"@id\":\"https:\\\/\\\/lanordica.fi\\\/product\\\/rosa-reverse-beige\\\/#primaryimage\"},\"thumbnailUrl\":\"https:\\\/\\\/i0.wp.com\\\/lanordica.fi\\\/wp-content\\\/uploads\\\/2018\\\/04\\\/Rosa-Reverse_PE_scont.jpg?fit=2306%2C2000&ssl=1\",\"datePublished\":\"2018-04-10T12:38:32+00:00\",\"dateModified\":\"2025-04-15T07:25:32+00:00\",\"description\":\"Kookas tulipes\u00e4 ja paistouuni. Hormil\u00e4ht\u00f6 oikealta. Valurautainen keittotaso. Kylkikuoret Italialaista k\u00e4sin valmistettua keramiikkaa.\",\"breadcrumb\":{\"@id\":\"https:\\\/\\\/lanordica.fi\\\/product\\\/rosa-reverse-beige\\\/#breadcrumb\"},\"inLanguage\":\"fi\",\"potentialAction\":[{\"@type\":\"ReadAction\",\"target\":[\"https:\\\/\\\/lanordica.fi\\\/product\\\/rosa-reverse-beige\\\/\"]}]},{\"@type\":\"ImageObject\",\"inLanguage\":\"fi\",\"@id\":\"https:\\\/\\\/lanordica.fi\\\/product\\\/rosa-reverse-beige\\\/#primaryimage\",\"url\":\"https:\\\/\\\/i0.wp.com\\\/lanordica.fi\\\/wp-content\\\/uploads\\\/2018\\\/04\\\/Rosa-Reverse_PE_scont.jpg?fit=2306%2C2000&ssl=1\",\"contentUrl\":\"https:\\\/\\\/i0.wp.com\\\/lanordica.fi\\\/wp-content\\\/uploads\\\/2018\\\/04\\\/Rosa-Reverse_PE_scont.jpg?fit=2306%2C2000&ssl=1\",\"width\":2306,\"height\":2000},{\"@type\":\"BreadcrumbList\",\"@id\":\"https:\\\/\\\/lanordica.fi\\\/product\\\/rosa-reverse-beige\\\/#breadcrumb\",\"itemListElement\":[{\"@type\":\"ListItem\",\"position\":1,\"name\":\"Home\",\"item\":\"https:\\\/\\\/lanordica.fi\\\/\"},{\"@type\":\"ListItem\",\"position\":2,\"name\":\"Kauppa\",\"item\":\"https:\\\/\\\/lanordica.fi\\\/shop\\\/\"},{\"@type\":\"ListItem\",\"position\":3,\"name\":\"Rosa Reverse &#8211; Oikea\"}]},{\"@type\":\"WebSite\",\"@id\":\"https:\\\/\\\/lanordica.fi\\\/#website\",\"url\":\"https:\\\/\\\/lanordica.fi\\\/\",\"name\":\"La Nordica - Suomi\",\"description\":\"L\u00e4mp\u00f6\u00e4 kotiisi\",\"publisher\":{\"@id\":\"https:\\\/\\\/lanordica.fi\\\/#organization\"},\"potentialAction\":[{\"@type\":\"SearchAction\",\"target\":{\"@type\":\"EntryPoint\",\"urlTemplate\":\"https:\\\/\\\/lanordica.fi\\\/?s={search_term_string}\"},\"query-input\":{\"@type\":\"PropertyValueSpecification\",\"valueRequired\":true,\"valueName\":\"search_term_string\"}}],\"inLanguage\":\"fi\"},{\"@type\":\"Organization\",\"@id\":\"https:\\\/\\\/lanordica.fi\\\/#organization\",\"name\":\"La Nordica - Suomi\",\"url\":\"https:\\\/\\\/lanordica.fi\\\/\",\"logo\":{\"@type\":\"ImageObject\",\"inLanguage\":\"fi\",\"@id\":\"https:\\\/\\\/lanordica.fi\\\/#\\\/schema\\\/logo\\\/image\\\/\",\"url\":\"https:\\\/\\\/i0.wp.com\\\/lanordica.fi\\\/wp-content\\\/uploads\\\/2018\\\/03\\\/lanordica-fi.png?fit=768%2C282&ssl=1\",\"contentUrl\":\"https:\\\/\\\/i0.wp.com\\\/lanordica.fi\\\/wp-content\\\/uploads\\\/2018\\\/03\\\/lanordica-fi.png?fit=768%2C282&ssl=1\",\"width\":768,\"height\":282,\"caption\":\"La Nordica - Suomi\"},\"image\":{\"@id\":\"https:\\\/\\\/lanordica.fi\\\/#\\\/schema\\\/logo\\\/image\\\/\"}}]}<\/script>\n<!-- \/ Yoast SEO plugin. -->","yoast_head_json":{"title":"Rosa Reverse - Oikea - La Nordica - Suomi","description":"Kookas tulipes\u00e4 ja paistouuni. Hormil\u00e4ht\u00f6 oikealta. Valurautainen keittotaso. Kylkikuoret Italialaista k\u00e4sin valmistettua keramiikkaa.","robots":{"index":"index","follow":"follow","max-snippet":"max-snippet:-1","max-image-preview":"max-image-preview:large","max-video-preview":"max-video-preview:-1"},"canonical":"https:\/\/lanordica.fi\/fi\/product\/rosa-reverse-beige\/","og_locale":"fi_FI","og_type":"article","og_title":"Rosa Reverse - Oikea - La Nordica - Suomi","og_description":"Kookas tulipes\u00e4 ja paistouuni. Hormil\u00e4ht\u00f6 oikealta. Valurautainen keittotaso. Kylkikuoret Italialaista k\u00e4sin valmistettua keramiikkaa.","og_url":"https:\/\/lanordica.fi\/fi\/product\/rosa-reverse-beige\/","og_site_name":"La Nordica - Suomi","article_modified_time":"2025-04-15T07:25:32+00:00","og_image":[{"width":2306,"height":2000,"url":"https:\/\/lanordica.fi\/wp-content\/uploads\/2018\/04\/Rosa-Reverse_PE_scont.jpg","type":"image\/jpeg"}],"twitter_card":"summary_large_image","twitter_misc":{"Arvioitu lukuaika":"1 minuutti"},"schema":{"@context":"https:\/\/schema.org","@graph":[{"@type":"WebPage","@id":"https:\/\/lanordica.fi\/product\/rosa-reverse-beige\/","url":"https:\/\/lanordica.fi\/product\/rosa-reverse-beige\/","name":"Rosa Reverse - Oikea - La Nordica - Suomi","isPartOf":{"@id":"https:\/\/lanordica.fi\/#website"},"primaryImageOfPage":{"@id":"https:\/\/lanordica.fi\/product\/rosa-reverse-beige\/#primaryimage"},"image":{"@id":"https:\/\/lanordica.fi\/product\/rosa-reverse-beige\/#primaryimage"},"thumbnailUrl":"https:\/\/i0.wp.com\/lanordica.fi\/wp-content\/uploads\/2018\/04\/Rosa-Reverse_PE_scont.jpg?fit=2306%2C2000&ssl=1","datePublished":"2018-04-10T12:38:32+00:00","dateModified":"2025-04-15T07:25:32+00:00","description":"Kookas tulipes\u00e4 ja paistouuni. Hormil\u00e4ht\u00f6 oikealta. Valurautainen keittotaso. Kylkikuoret Italialaista k\u00e4sin valmistettua keramiikkaa.","breadcrumb":{"@id":"https:\/\/lanordica.fi\/product\/rosa-reverse-beige\/#breadcrumb"},"inLanguage":"fi","potentialAction":[{"@type":"ReadAction","target":["https:\/\/lanordica.fi\/product\/rosa-reverse-beige\/"]}]},{"@type":"ImageObject","inLanguage":"fi","@id":"https:\/\/lanordica.fi\/product\/rosa-reverse-beige\/#primaryimage","url":"https:\/\/i0.wp.com\/lanordica.fi\/wp-content\/uploads\/2018\/04\/Rosa-Reverse_PE_scont.jpg?fit=2306%2C2000&ssl=1","contentUrl":"https:\/\/i0.wp.com\/lanordica.fi\/wp-content\/uploads\/2018\/04\/Rosa-Reverse_PE_scont.jpg?fit=2306%2C2000&ssl=1","width":2306,"height":2000},{"@type":"BreadcrumbList","@id":"https:\/\/lanordica.fi\/product\/rosa-reverse-beige\/#breadcrumb","itemListElement":[{"@type":"ListItem","position":1,"name":"Home","item":"https:\/\/lanordica.fi\/"},{"@type":"ListItem","position":2,"name":"Kauppa","item":"https:\/\/lanordica.fi\/shop\/"},{"@type":"ListItem","position":3,"name":"Rosa Reverse &#8211; Oikea"}]},{"@type":"WebSite","@id":"https:\/\/lanordica.fi\/#website","url":"https:\/\/lanordica.fi\/","name":"La Nordica - Suomi","description":"L\u00e4mp\u00f6\u00e4 kotiisi","publisher":{"@id":"https:\/\/lanordica.fi\/#organization"},"potentialAction":[{"@type":"SearchAction","target":{"@type":"EntryPoint","urlTemplate":"https:\/\/lanordica.fi\/?s={search_term_string}"},"query-input":{"@type":"PropertyValueSpecification","valueRequired":true,"valueName":"search_term_string"}}],"inLanguage":"fi"},{"@type":"Organization","@id":"https:\/\/lanordica.fi\/#organization","name":"La Nordica - Suomi","url":"https:\/\/lanordica.fi\/","logo":{"@type":"ImageObject","inLanguage":"fi","@id":"https:\/\/lanordica.fi\/#\/schema\/logo\/image\/","url":"https:\/\/i0.wp.com\/lanordica.fi\/wp-content\/uploads\/2018\/03\/lanordica-fi.png?fit=768%2C282&ssl=1","contentUrl":"https:\/\/i0.wp.com\/lanordica.fi\/wp-content\/uploads\/2018\/03\/lanordica-fi.png?fit=768%2C282&ssl=1","width":768,"height":282,"caption":"La Nordica - Suomi"},"image":{"@id":"https:\/\/lanordica.fi\/#\/schema\/logo\/image\/"}}]}},"jetpack_publicize_connections":[],"jetpack_sharing_enabled":true,"jetpack_likes_enabled":true,"_links":{"self":[{"href":"https:\/\/lanordica.fi\/fi\/wp-json\/wp\/v2\/product\/232","targetHints":{"allow":["GET"]}}],"collection":[{"href":"https:\/\/lanordica.fi\/fi\/wp-json\/wp\/v2\/product"}],"about":[{"href":"https:\/\/lanordica.fi\/fi\/wp-json\/wp\/v2\/types\/product"}],"version-history":[{"count":5,"href":"https:\/\/lanordica.fi\/fi\/wp-json\/wp\/v2\/product\/232\/revisions"}],"predecessor-version":[{"id":11601,"href":"https:\/\/lanordica.fi\/fi\/wp-json\/wp\/v2\/product\/232\/revisions\/11601"}],"wp:featuredmedia":[{"embeddable":true,"href":"https:\/\/lanordica.fi\/fi\/wp-json\/wp\/v2\/media\/230"}],"wp:attachment":[{"href":"https:\/\/lanordica.fi\/fi\/wp-json\/wp\/v2\/media?parent=232"}],"wp:term":[{"taxonomy":"product_brand","embeddable":true,"href":"https:\/\/lanordica.fi\/fi\/wp-json\/wp\/v2\/product_brand?post=232"},{"taxonomy":"product_cat","embeddable":true,"href":"https:\/\/lanordica.fi\/fi\/wp-json\/wp\/v2\/product_cat?post=232"},{"taxonomy":"product_tag","embeddable":true,"href":"https:\/\/lanordica.fi\/fi\/wp-json\/wp\/v2\/product_tag?post=232"}],"curies":[{"name":"wp","href":"https:\/\/api.w.org\/{rel}","templated":true}]}}