{"id":1652,"date":"2020-01-16T08:22:27","date_gmt":"2020-01-16T08:22:27","guid":{"rendered":"https:\/\/lanordica.fi\/?post_type=product&#038;p=1652"},"modified":"2025-12-31T08:46:01","modified_gmt":"2025-12-31T08:46:01","slug":"130-mm-tulisijan-hormiliitosputket","status":"publish","type":"product","link":"https:\/\/lanordica.fi\/fi\/product\/130-mm-tulisijan-hormiliitosputket\/","title":{"rendered":"130 mm tulisijan hormiliitosputket"},"content":{"rendered":"<p>Mustaksi maalatut hormiliitosputket, jotka on suunniteltu tulisijak\u00e4ytt\u00f6\u00f6n.<\/p>\n<p>Saatavilla suoria 25 cm sek\u00e4 50 cm pituuksia ja kulmapalat 45 \u00b0 ja 90 \u00b0 (2&#215;45\u00b0). Peiterengas peitt\u00e4\u00e4 asennusaukon. Kun hormiliitosputket asennetaan tiilihormiin, asennusaukko voidaan tehd\u00e4 15 mm suurempana kuin liitosputki, jolloin asennus on helppoa tiivistett\u00e4ess\u00e4 liitosputki esim. keraamisella villalla. Tulisijak\u00e4yt\u00f6ss\u00e4 l\u00e4hes mahdoton polttaa putkea poikki. Sopii my\u00f6s kiuask\u00e4ytt\u00f6\u00f6n erinomaisesti materiaalin vahvuuden ansiosta!<\/p>\n<p>Materiaali: 2 mm maalattu ter\u00e4s<br \/>\nAsennus: Uros\/Naaras ponteilla<\/p>\n<p>Valitse valikosta osa, ja n\u00e4et mittapiirustuksen.<\/p>\n<p>Huomioita: Ensimm\u00e4isell\u00e4 k\u00e4ytt\u00f6kerralla maali kuumenee ja kovettuu j\u00e4\u00e4htyess\u00e4\u00e4n. Kovettumisprosessissa tuotteesta irtoaa hajuja ja k\u00e4ryj\u00e4, tuuleta huoneisto hyvin ensimm\u00e4isell\u00e4 k\u00e4ytt\u00f6kerralla. K\u00e4sittele osia varovaisesti ennen asennusta jotta v\u00e4ltyt naarmuttamasta tuotetta.<\/p>\n<p>Katso kaikki lis\u00e4tarvikkeet <a href=\"https:\/\/lanordica.fi\/product-category\/lisatarvikkeet\/\">t\u00e4st\u00e4<\/a><\/p>\n<p>Valmisusmaa: Tanska. <a href=\"https:\/\/termatech.com\/en\/\">www-sivut<\/a><\/p>\n","protected":false},"excerpt":{"rendered":"<p>Hormiliitosputket<\/p>\n","protected":false},"featured_media":1633,"template":"","meta":{"_monsterinsights_skip_tracking":false,"_monsterinsights_sitenote_active":false,"_monsterinsights_sitenote_note":"","_monsterinsights_sitenote_category":0,"jetpack_publicize_message":"","jetpack_publicize_feature_enabled":true,"jetpack_social_post_already_shared":true,"jetpack_social_options":{"image_generator_settings":{"template":"highway","default_image_id":0,"font":"","enabled":false},"version":2},"_wpas_customize_per_network":false},"product_brand":[],"product_cat":[1391],"product_tag":[1516,1513,1515,1512,1514],"class_list":{"0":"post-1652","1":"product","2":"type-product","3":"status-publish","4":"has-post-thumbnail","6":"product_cat-lisatarvikkeet","7":"product_tag-130mm","8":"product_tag-hormiliitos","9":"product_tag-hormiliitosputket","10":"product_tag-liitosputki","11":"product_tag-takan-liitosputki","12":"product_shipping_class-posti-mh","14":"first","15":"onbackorder","16":"taxable","17":"shipping-taxable","18":"purchasable","19":"product-type-variable"},"yoast_head":"<!-- This site is optimized with the Yoast SEO plugin v27.5 - https:\/\/yoast.com\/product\/yoast-seo-wordpress\/ -->\n<title>130 mm tulisijan hormiliitosputket - La Nordica - Suomi<\/title>\n<meta name=\"description\" content=\"Erist\u00e4m\u00e4tt\u00f6m\u00e4t liitosputket kaikkiin tulisijoihin ja kiukaisiin. Useita eri kokoja, kulmia ja osia, joilla voidaan rakentaa tarvittu liitosputkisto.\" \/>\n<meta name=\"robots\" content=\"index, follow, max-snippet:-1, max-image-preview:large, max-video-preview:-1\" \/>\n<link rel=\"canonical\" href=\"https:\/\/lanordica.fi\/fi\/product\/130-mm-tulisijan-hormiliitosputket\/\" \/>\n<meta property=\"og:locale\" content=\"fi_FI\" \/>\n<meta property=\"og:type\" content=\"article\" \/>\n<meta property=\"og:title\" content=\"130 mm tulisijan hormiliitosputket - La Nordica - Suomi\" \/>\n<meta property=\"og:description\" content=\"Erist\u00e4m\u00e4tt\u00f6m\u00e4t liitosputket kaikkiin tulisijoihin ja kiukaisiin. Useita eri kokoja, kulmia ja osia, joilla voidaan rakentaa tarvittu liitosputkisto.\" \/>\n<meta property=\"og:url\" content=\"https:\/\/lanordica.fi\/fi\/product\/130-mm-tulisijan-hormiliitosputket\/\" \/>\n<meta property=\"og:site_name\" content=\"La Nordica - Suomi\" \/>\n<meta property=\"article:modified_time\" content=\"2025-12-31T08:46:01+00:00\" \/>\n<meta property=\"og:image\" content=\"https:\/\/lanordica.fi\/wp-content\/uploads\/2020\/01\/Liitosputket.png\" \/>\n\t<meta property=\"og:image:width\" content=\"550\" \/>\n\t<meta property=\"og:image:height\" content=\"424\" \/>\n\t<meta property=\"og:image:type\" content=\"image\/png\" \/>\n<meta name=\"twitter:card\" content=\"summary_large_image\" \/>\n<meta name=\"twitter:label1\" content=\"Arvioitu lukuaika\" \/>\n\t<meta name=\"twitter:data1\" content=\"1 minuutti\" \/>\n<script type=\"application\/ld+json\" class=\"yoast-schema-graph\">{\"@context\":\"https:\\\/\\\/schema.org\",\"@graph\":[{\"@type\":\"WebPage\",\"@id\":\"https:\\\/\\\/lanordica.fi\\\/product\\\/130-mm-tulisijan-hormiliitosputket\\\/\",\"url\":\"https:\\\/\\\/lanordica.fi\\\/product\\\/130-mm-tulisijan-hormiliitosputket\\\/\",\"name\":\"130 mm tulisijan hormiliitosputket - La Nordica - Suomi\",\"isPartOf\":{\"@id\":\"https:\\\/\\\/lanordica.fi\\\/#website\"},\"primaryImageOfPage\":{\"@id\":\"https:\\\/\\\/lanordica.fi\\\/product\\\/130-mm-tulisijan-hormiliitosputket\\\/#primaryimage\"},\"image\":{\"@id\":\"https:\\\/\\\/lanordica.fi\\\/product\\\/130-mm-tulisijan-hormiliitosputket\\\/#primaryimage\"},\"thumbnailUrl\":\"https:\\\/\\\/i0.wp.com\\\/lanordica.fi\\\/wp-content\\\/uploads\\\/2020\\\/01\\\/Liitosputket.png?fit=550%2C424&ssl=1\",\"datePublished\":\"2020-01-16T08:22:27+00:00\",\"dateModified\":\"2025-12-31T08:46:01+00:00\",\"description\":\"Erist\u00e4m\u00e4tt\u00f6m\u00e4t liitosputket kaikkiin tulisijoihin ja kiukaisiin. Useita eri kokoja, kulmia ja osia, joilla voidaan rakentaa tarvittu liitosputkisto.\",\"breadcrumb\":{\"@id\":\"https:\\\/\\\/lanordica.fi\\\/product\\\/130-mm-tulisijan-hormiliitosputket\\\/#breadcrumb\"},\"inLanguage\":\"fi\",\"potentialAction\":[{\"@type\":\"ReadAction\",\"target\":[\"https:\\\/\\\/lanordica.fi\\\/product\\\/130-mm-tulisijan-hormiliitosputket\\\/\"]}]},{\"@type\":\"ImageObject\",\"inLanguage\":\"fi\",\"@id\":\"https:\\\/\\\/lanordica.fi\\\/product\\\/130-mm-tulisijan-hormiliitosputket\\\/#primaryimage\",\"url\":\"https:\\\/\\\/i0.wp.com\\\/lanordica.fi\\\/wp-content\\\/uploads\\\/2020\\\/01\\\/Liitosputket.png?fit=550%2C424&ssl=1\",\"contentUrl\":\"https:\\\/\\\/i0.wp.com\\\/lanordica.fi\\\/wp-content\\\/uploads\\\/2020\\\/01\\\/Liitosputket.png?fit=550%2C424&ssl=1\",\"width\":550,\"height\":424,\"caption\":\"Hormiliitosputket takkoihin ja tulisijoihin\"},{\"@type\":\"BreadcrumbList\",\"@id\":\"https:\\\/\\\/lanordica.fi\\\/product\\\/130-mm-tulisijan-hormiliitosputket\\\/#breadcrumb\",\"itemListElement\":[{\"@type\":\"ListItem\",\"position\":1,\"name\":\"Home\",\"item\":\"https:\\\/\\\/lanordica.fi\\\/\"},{\"@type\":\"ListItem\",\"position\":2,\"name\":\"Kauppa\",\"item\":\"https:\\\/\\\/lanordica.fi\\\/shop\\\/\"},{\"@type\":\"ListItem\",\"position\":3,\"name\":\"130 mm tulisijan hormiliitosputket\"}]},{\"@type\":\"WebSite\",\"@id\":\"https:\\\/\\\/lanordica.fi\\\/#website\",\"url\":\"https:\\\/\\\/lanordica.fi\\\/\",\"name\":\"La Nordica - Suomi\",\"description\":\"L\u00e4mp\u00f6\u00e4 kotiisi\",\"publisher\":{\"@id\":\"https:\\\/\\\/lanordica.fi\\\/#organization\"},\"potentialAction\":[{\"@type\":\"SearchAction\",\"target\":{\"@type\":\"EntryPoint\",\"urlTemplate\":\"https:\\\/\\\/lanordica.fi\\\/?s={search_term_string}\"},\"query-input\":{\"@type\":\"PropertyValueSpecification\",\"valueRequired\":true,\"valueName\":\"search_term_string\"}}],\"inLanguage\":\"fi\"},{\"@type\":\"Organization\",\"@id\":\"https:\\\/\\\/lanordica.fi\\\/#organization\",\"name\":\"La Nordica - Suomi\",\"url\":\"https:\\\/\\\/lanordica.fi\\\/\",\"logo\":{\"@type\":\"ImageObject\",\"inLanguage\":\"fi\",\"@id\":\"https:\\\/\\\/lanordica.fi\\\/#\\\/schema\\\/logo\\\/image\\\/\",\"url\":\"https:\\\/\\\/i0.wp.com\\\/lanordica.fi\\\/wp-content\\\/uploads\\\/2018\\\/03\\\/lanordica-fi.png?fit=768%2C282&ssl=1\",\"contentUrl\":\"https:\\\/\\\/i0.wp.com\\\/lanordica.fi\\\/wp-content\\\/uploads\\\/2018\\\/03\\\/lanordica-fi.png?fit=768%2C282&ssl=1\",\"width\":768,\"height\":282,\"caption\":\"La Nordica - Suomi\"},\"image\":{\"@id\":\"https:\\\/\\\/lanordica.fi\\\/#\\\/schema\\\/logo\\\/image\\\/\"}}]}<\/script>\n<!-- \/ Yoast SEO plugin. -->","yoast_head_json":{"title":"130 mm tulisijan hormiliitosputket - La Nordica - Suomi","description":"Erist\u00e4m\u00e4tt\u00f6m\u00e4t liitosputket kaikkiin tulisijoihin ja kiukaisiin. Useita eri kokoja, kulmia ja osia, joilla voidaan rakentaa tarvittu liitosputkisto.","robots":{"index":"index","follow":"follow","max-snippet":"max-snippet:-1","max-image-preview":"max-image-preview:large","max-video-preview":"max-video-preview:-1"},"canonical":"https:\/\/lanordica.fi\/fi\/product\/130-mm-tulisijan-hormiliitosputket\/","og_locale":"fi_FI","og_type":"article","og_title":"130 mm tulisijan hormiliitosputket - La Nordica - Suomi","og_description":"Erist\u00e4m\u00e4tt\u00f6m\u00e4t liitosputket kaikkiin tulisijoihin ja kiukaisiin. Useita eri kokoja, kulmia ja osia, joilla voidaan rakentaa tarvittu liitosputkisto.","og_url":"https:\/\/lanordica.fi\/fi\/product\/130-mm-tulisijan-hormiliitosputket\/","og_site_name":"La Nordica - Suomi","article_modified_time":"2025-12-31T08:46:01+00:00","og_image":[{"width":550,"height":424,"url":"https:\/\/lanordica.fi\/wp-content\/uploads\/2020\/01\/Liitosputket.png","type":"image\/png"}],"twitter_card":"summary_large_image","twitter_misc":{"Arvioitu lukuaika":"1 minuutti"},"schema":{"@context":"https:\/\/schema.org","@graph":[{"@type":"WebPage","@id":"https:\/\/lanordica.fi\/product\/130-mm-tulisijan-hormiliitosputket\/","url":"https:\/\/lanordica.fi\/product\/130-mm-tulisijan-hormiliitosputket\/","name":"130 mm tulisijan hormiliitosputket - La Nordica - Suomi","isPartOf":{"@id":"https:\/\/lanordica.fi\/#website"},"primaryImageOfPage":{"@id":"https:\/\/lanordica.fi\/product\/130-mm-tulisijan-hormiliitosputket\/#primaryimage"},"image":{"@id":"https:\/\/lanordica.fi\/product\/130-mm-tulisijan-hormiliitosputket\/#primaryimage"},"thumbnailUrl":"https:\/\/i0.wp.com\/lanordica.fi\/wp-content\/uploads\/2020\/01\/Liitosputket.png?fit=550%2C424&ssl=1","datePublished":"2020-01-16T08:22:27+00:00","dateModified":"2025-12-31T08:46:01+00:00","description":"Erist\u00e4m\u00e4tt\u00f6m\u00e4t liitosputket kaikkiin tulisijoihin ja kiukaisiin. Useita eri kokoja, kulmia ja osia, joilla voidaan rakentaa tarvittu liitosputkisto.","breadcrumb":{"@id":"https:\/\/lanordica.fi\/product\/130-mm-tulisijan-hormiliitosputket\/#breadcrumb"},"inLanguage":"fi","potentialAction":[{"@type":"ReadAction","target":["https:\/\/lanordica.fi\/product\/130-mm-tulisijan-hormiliitosputket\/"]}]},{"@type":"ImageObject","inLanguage":"fi","@id":"https:\/\/lanordica.fi\/product\/130-mm-tulisijan-hormiliitosputket\/#primaryimage","url":"https:\/\/i0.wp.com\/lanordica.fi\/wp-content\/uploads\/2020\/01\/Liitosputket.png?fit=550%2C424&ssl=1","contentUrl":"https:\/\/i0.wp.com\/lanordica.fi\/wp-content\/uploads\/2020\/01\/Liitosputket.png?fit=550%2C424&ssl=1","width":550,"height":424,"caption":"Hormiliitosputket takkoihin ja tulisijoihin"},{"@type":"BreadcrumbList","@id":"https:\/\/lanordica.fi\/product\/130-mm-tulisijan-hormiliitosputket\/#breadcrumb","itemListElement":[{"@type":"ListItem","position":1,"name":"Home","item":"https:\/\/lanordica.fi\/"},{"@type":"ListItem","position":2,"name":"Kauppa","item":"https:\/\/lanordica.fi\/shop\/"},{"@type":"ListItem","position":3,"name":"130 mm tulisijan hormiliitosputket"}]},{"@type":"WebSite","@id":"https:\/\/lanordica.fi\/#website","url":"https:\/\/lanordica.fi\/","name":"La Nordica - Suomi","description":"L\u00e4mp\u00f6\u00e4 kotiisi","publisher":{"@id":"https:\/\/lanordica.fi\/#organization"},"potentialAction":[{"@type":"SearchAction","target":{"@type":"EntryPoint","urlTemplate":"https:\/\/lanordica.fi\/?s={search_term_string}"},"query-input":{"@type":"PropertyValueSpecification","valueRequired":true,"valueName":"search_term_string"}}],"inLanguage":"fi"},{"@type":"Organization","@id":"https:\/\/lanordica.fi\/#organization","name":"La Nordica - Suomi","url":"https:\/\/lanordica.fi\/","logo":{"@type":"ImageObject","inLanguage":"fi","@id":"https:\/\/lanordica.fi\/#\/schema\/logo\/image\/","url":"https:\/\/i0.wp.com\/lanordica.fi\/wp-content\/uploads\/2018\/03\/lanordica-fi.png?fit=768%2C282&ssl=1","contentUrl":"https:\/\/i0.wp.com\/lanordica.fi\/wp-content\/uploads\/2018\/03\/lanordica-fi.png?fit=768%2C282&ssl=1","width":768,"height":282,"caption":"La Nordica - Suomi"},"image":{"@id":"https:\/\/lanordica.fi\/#\/schema\/logo\/image\/"}}]}},"jetpack_publicize_connections":[],"jetpack_sharing_enabled":true,"jetpack_likes_enabled":true,"_links":{"self":[{"href":"https:\/\/lanordica.fi\/fi\/wp-json\/wp\/v2\/product\/1652","targetHints":{"allow":["GET"]}}],"collection":[{"href":"https:\/\/lanordica.fi\/fi\/wp-json\/wp\/v2\/product"}],"about":[{"href":"https:\/\/lanordica.fi\/fi\/wp-json\/wp\/v2\/types\/product"}],"version-history":[{"count":1,"href":"https:\/\/lanordica.fi\/fi\/wp-json\/wp\/v2\/product\/1652\/revisions"}],"predecessor-version":[{"id":7559,"href":"https:\/\/lanordica.fi\/fi\/wp-json\/wp\/v2\/product\/1652\/revisions\/7559"}],"wp:featuredmedia":[{"embeddable":true,"href":"https:\/\/lanordica.fi\/fi\/wp-json\/wp\/v2\/media\/1633"}],"wp:attachment":[{"href":"https:\/\/lanordica.fi\/fi\/wp-json\/wp\/v2\/media?parent=1652"}],"wp:term":[{"taxonomy":"product_brand","embeddable":true,"href":"https:\/\/lanordica.fi\/fi\/wp-json\/wp\/v2\/product_brand?post=1652"},{"taxonomy":"product_cat","embeddable":true,"href":"https:\/\/lanordica.fi\/fi\/wp-json\/wp\/v2\/product_cat?post=1652"},{"taxonomy":"product_tag","embeddable":true,"href":"https:\/\/lanordica.fi\/fi\/wp-json\/wp\/v2\/product_tag?post=1652"}],"curies":[{"name":"wp","href":"https:\/\/api.w.org\/{rel}","templated":true}]}}