{"id":163,"date":"2018-03-28T13:18:05","date_gmt":"2018-03-28T13:18:05","guid":{"rendered":"https:\/\/lanordicasuomi.com\/?post_type=product&#038;p=163"},"modified":"2026-05-08T09:14:25","modified_gmt":"2026-05-08T09:14:25","slug":"rosetta-oikea","status":"publish","type":"product","link":"https:\/\/lanordica.fi\/fi\/product\/rosetta-oikea\/","title":{"rendered":"Rosetta 5.0 oikea"},"content":{"rendered":"<p>Katso my\u00f6s <a href=\"https:\/\/lanordica.fi\/product\/rosetta-vasen-vuolukivi\/\">vasenk\u00e4tinen<\/a> versio<\/p>\n<p>Mitat (L x K x S): <span class=\"valore \">885 x 843 x 572<\/span> mm<br \/>\nTeho: 7,2 kW<br \/>\nPaino: 153 kg (167 kg vuolukivi)<br \/>\nTulipes\u00e4n koko: 230 x 270 x 382 mm<br \/>\nLuukun koko: 209 x 265 mm<br \/>\nUunin koko: 245 x 300 x 384 mm<br \/>\nL\u00e4mmitysala: 206 m\u00b3<br \/>\nHormiliitos: 130 mm p\u00e4\u00e4lt\u00e4 ja takaa, oikea reuna<br \/>\nS\u00e4\u00e4dett\u00e4v\u00e4 ensi\u00f6ilma: kyll\u00e4<br \/>\nS\u00e4\u00e4dett\u00e4v\u00e4 toisioilma: kyll\u00e4<br \/>\nTertiaari-ilma: esis\u00e4\u00e4detty<br \/>\nJ\u00e4lkipoltto: kyll\u00e4<br \/>\nHy\u00f6tysuhde: 82 %<br \/>\nPolttoaineen kulutus: 2 kg\/h<br \/>\nSavukaasujen keskil\u00e4mp\u00f6tila: 217 \u00b0C<br \/>\nCO p\u00e4\u00e4st\u00f6t: 0,08 %<br \/>\nHiukkasp\u00e4\u00e4st\u00f6t:\u00a0 g mg\/m\u00b3 (13% O2)<br \/>\nT\u00dcV hyv\u00e4ksynt\u00e4: T\u00dcV Rheinland Energy GmbH &#8211; NB 2456<br \/>\nTestiraporttinumero: K10462013T1<\/p>\n<p>Suojaet\u00e4isyydet:<\/p>\n<p>Suojaet\u00e4isyys \u2013 pohja dB = 0 mm<br \/>\nSuojaet\u00e4isyys \u2013 edess\u00e4 oleva lattia dF = 1000 mm<br \/>\nSuojaet\u00e4isyys \u2013 katto dC = 750 mm<br \/>\nSuojaet\u00e4isyys \u2013 taakse dR = 400 mm<br \/>\nSuojaet\u00e4isyys \u2013 sivu dS = 400 mm<br \/>\nSuojaet\u00e4isyys \u2013 sivun s\u00e4teilyalue dL = 1000 mm<br \/>\nSuojaet\u00e4isyys \u2013 eteen dP = 1000 mm<\/p>\n<p>Suojaet\u00e4isyydell\u00e4 tarkoitetaan et\u00e4isyytt\u00e4 palavaan materiaaliin<br \/>\nPalamaton materiaali ei vaadi suojaet\u00e4isyytt\u00e4<br \/>\n*Edess\u00e4 olevan lattian osalta tulee noudattaa Suomen paloturvalakia (kipin\u00e4suoja 400 mm eteen, 100 mm sivuille luukusta). Vaikka tuotteelle olisi annettu suojaet\u00e4isyydeksi 0 mm, se ei kumoa paloturvalakiin m\u00e4\u00e4ritelty\u00e4 kipin\u00e4pellin vaatimusta.<\/p>\n<p>K\u00e4ytt\u00f6ohje: Kyll\u00e4, alkuper\u00e4isen ohjeen Suomi-k\u00e4\u00e4nn\u00f6s<br \/>\n<a href=\"https:\/\/www.lanordica-extraflame.com\/en\/products\/woodburning-cookers\/rosetta-bii\">Valmistajan alkuper\u00e4iset sivut<\/a><br \/>\n<a href=\"https:\/\/www.lanordica-extraflame.com\/sites\/default\/files\/documenti_temp\/000000152-002_dop_rosetta_bii_0.pdf\">Suoritustasoilmoitus.pdf<\/a><\/p>\n<p><strong>Hellan mukana toimitetaan Uunipelti<\/strong><\/p>\n","protected":false},"excerpt":{"rendered":"<p>Uusi BII malli on v\u00e4h\u00e4p\u00e4\u00e4st\u00f6inen 82 % hy\u00f6tysuhteella toimiva malli, joka t\u00e4ytt\u00e4\u00e4 2022 Ekodirektiivin vaatimukset.<\/p>\n<p>Rosetta on La Nordican myydyin puuhella. Sopivan kokonsa ansiosta se sopii hyvin useaan paikkaan. Saatavilla<a href=\"https:\/\/lanordica.fi\/product\/rosetta-vasen-vuolukivi\/\"> vasemman<\/a> sek\u00e4 oikeanpuoleisella hormiliit\u00e4nn\u00e4ll\u00e4. Tulipes\u00e4ss\u00e4 iso lasiluukku, josta tuli tuo paljon l\u00e4mp\u00f6\u00e4 ja tunnelmaa. Paistouuni l\u00e4mpenee oikeanlaisilla sytytyspuilla yli 200 \u00b0C noin 20 minuutin aikana. Uunin maksimi testattu l\u00e4mp\u00f6tila on noin 300 \u00b0C (riitt\u00e4v\u00e4 veto ja pieni\u00e4 polttopuita). Ravisteltavat valurautaiset arinat, joiden alla on ulosvedett\u00e4v\u00e4 iso tuhka-astia. Saatavilla my\u00f6s <a href=\"https:\/\/lanordica.fi\/product\/nostoarinat-rosetta\/\">nostoarinat<\/a> lis\u00e4varusteena. Hiottu iso valurautainen keittotaso, jossa nopeasti l\u00e4mpenev\u00e4t keittorinkulat. Keittorinkuloita voidaan nostaa pois, ja aukkoon voidaan asettaa vaikkapa kupera wok pannu! Luukut, kansi ja tulipes\u00e4 ovat valurautaa. Alla ulosvedett\u00e4v\u00e4 s\u00e4ilytyslaatikko. Nuohousluukku kannessa. Uunin pohja irrotettavissa nuohouksen ajaksi. Suoravetopelti varmistaa hyv\u00e4n vedon jopa paikoissa jossa hormi vet\u00e4\u00e4 huonosti. Suoravedolla savukaasut saavat kulkea yl\u00f6sp\u00e4in hormiin asti. Kun suoravetopelti suljetaan, k\u00e4\u00e4ntyy kierto paistouunin ymp\u00e4rille. Uunin alapuolella haudutusluukku, ns &#8221;l\u00e4mpi\u00f6&#8221;.<\/p>\n<p>Tulipes\u00e4ss\u00e4 huippuunsa hiottu polttotekniikka, jolla poltat isojakin puita mahdollisimman pitk\u00e4\u00e4n!<\/p>\n<p>Takuu 2+3 vuotta kaikille tuotteille jotka hankitaan t\u00e4lle sivulle listatusta myym\u00e4l\u00e4st\u00e4.<br \/>\nLis\u00e4takuun rekister\u00f6inti <a href=\"https:\/\/lanordica.fi\/rekisteroi-lanordican-lisatakuu\/\">t\u00e4st\u00e4<\/a><\/p>\n","protected":false},"featured_media":10457,"template":"","meta":{"_monsterinsights_skip_tracking":false,"_monsterinsights_sitenote_active":false,"_monsterinsights_sitenote_note":"","_monsterinsights_sitenote_category":0,"jetpack_publicize_message":"","jetpack_publicize_feature_enabled":true,"jetpack_social_post_already_shared":true,"jetpack_social_options":{"image_generator_settings":{"template":"highway","default_image_id":0,"font":"","enabled":false},"version":2},"_wpas_customize_per_network":false},"product_brand":[],"product_cat":[1373],"product_tag":[1428,1398,1397,1466,1469,1381,1396,1461,1389,1392,1427,1379,1462],"class_list":{"0":"post-163","1":"product","2":"type-product","3":"status-publish","4":"has-post-thumbnail","6":"product_cat-puuhellat","7":"product_tag-beige","8":"product_tag-keittolevy","9":"product_tag-musta","10":"product_tag-paaltalahto","11":"product_tag-punainen","12":"product_tag-puuhella","13":"product_tag-rosetta","14":"product_tag-takalahto","15":"product_tag-uuni","16":"product_tag-uunipelti","17":"product_tag-valkoinen","18":"product_tag-vuolukivi","19":"product_tag-ylalahto","20":"product_shipping_class-puuhella","22":"first","23":"instock","24":"taxable","25":"shipping-taxable","26":"purchasable","27":"product-type-variable"},"yoast_head":"<!-- This site is optimized with the Yoast SEO plugin v27.6 - https:\/\/yoast.com\/product\/yoast-seo-wordpress\/ -->\n<title>Rosetta BII puuhella, oikeank\u00e4tinen - La Nordica - Suomi<\/title>\n<meta name=\"description\" content=\"Uusi BII malli t\u00e4ytt\u00e4\u00e4 2022 ekosuunnitteluvaatimukset. La Nordican suosituin puuhella! Huippuunsa hiottu 82 % hy\u00f6tysuhde polttotekniikassa\" \/>\n<meta name=\"robots\" content=\"index, follow, max-snippet:-1, max-image-preview:large, max-video-preview:-1\" \/>\n<link rel=\"canonical\" href=\"https:\/\/lanordica.fi\/fi\/product\/rosetta-oikea\/\" \/>\n<meta property=\"og:locale\" content=\"fi_FI\" \/>\n<meta property=\"og:type\" content=\"article\" \/>\n<meta property=\"og:title\" content=\"Rosetta BII puuhella, oikeank\u00e4tinen - La Nordica - Suomi\" \/>\n<meta property=\"og:description\" content=\"Uusi BII malli t\u00e4ytt\u00e4\u00e4 2022 ekosuunnitteluvaatimukset. La Nordican suosituin puuhella! Huippuunsa hiottu 82 % hy\u00f6tysuhde polttotekniikassa\" \/>\n<meta property=\"og:url\" content=\"https:\/\/lanordica.fi\/fi\/product\/rosetta-oikea\/\" \/>\n<meta property=\"og:site_name\" content=\"La Nordica - Suomi\" \/>\n<meta property=\"article:modified_time\" content=\"2026-05-08T09:14:25+00:00\" \/>\n<meta property=\"og:image\" content=\"https:\/\/lanordica.fi\/wp-content\/uploads\/2018\/03\/Rosetta-vuolukivi-oikea-puuhella.jpg\" \/>\n\t<meta property=\"og:image:width\" content=\"900\" \/>\n\t<meta property=\"og:image:height\" content=\"838\" \/>\n\t<meta property=\"og:image:type\" content=\"image\/jpeg\" \/>\n<meta name=\"twitter:card\" content=\"summary_large_image\" \/>\n<meta name=\"twitter:label1\" content=\"Arvioitu lukuaika\" \/>\n\t<meta name=\"twitter:data1\" content=\"2 minuuttia\" \/>\n<script type=\"application\/ld+json\" class=\"yoast-schema-graph\">{\"@context\":\"https:\\\/\\\/schema.org\",\"@graph\":[{\"@type\":\"WebPage\",\"@id\":\"https:\\\/\\\/lanordica.fi\\\/product\\\/rosetta-oikea\\\/\",\"url\":\"https:\\\/\\\/lanordica.fi\\\/product\\\/rosetta-oikea\\\/\",\"name\":\"Rosetta BII puuhella, oikeank\u00e4tinen - La Nordica - Suomi\",\"isPartOf\":{\"@id\":\"https:\\\/\\\/lanordica.fi\\\/#website\"},\"primaryImageOfPage\":{\"@id\":\"https:\\\/\\\/lanordica.fi\\\/product\\\/rosetta-oikea\\\/#primaryimage\"},\"image\":{\"@id\":\"https:\\\/\\\/lanordica.fi\\\/product\\\/rosetta-oikea\\\/#primaryimage\"},\"thumbnailUrl\":\"https:\\\/\\\/i0.wp.com\\\/lanordica.fi\\\/wp-content\\\/uploads\\\/2018\\\/03\\\/Rosetta-vuolukivi-oikea-puuhella.jpg?fit=900%2C838&ssl=1\",\"datePublished\":\"2018-03-28T13:18:05+00:00\",\"dateModified\":\"2026-05-08T09:14:25+00:00\",\"description\":\"Uusi BII malli t\u00e4ytt\u00e4\u00e4 2022 ekosuunnitteluvaatimukset. La Nordican suosituin puuhella! Huippuunsa hiottu 82 % hy\u00f6tysuhde polttotekniikassa\",\"breadcrumb\":{\"@id\":\"https:\\\/\\\/lanordica.fi\\\/product\\\/rosetta-oikea\\\/#breadcrumb\"},\"inLanguage\":\"fi\",\"potentialAction\":[{\"@type\":\"ReadAction\",\"target\":[\"https:\\\/\\\/lanordica.fi\\\/product\\\/rosetta-oikea\\\/\"]}]},{\"@type\":\"ImageObject\",\"inLanguage\":\"fi\",\"@id\":\"https:\\\/\\\/lanordica.fi\\\/product\\\/rosetta-oikea\\\/#primaryimage\",\"url\":\"https:\\\/\\\/i0.wp.com\\\/lanordica.fi\\\/wp-content\\\/uploads\\\/2018\\\/03\\\/Rosetta-vuolukivi-oikea-puuhella.jpg?fit=900%2C838&ssl=1\",\"contentUrl\":\"https:\\\/\\\/i0.wp.com\\\/lanordica.fi\\\/wp-content\\\/uploads\\\/2018\\\/03\\\/Rosetta-vuolukivi-oikea-puuhella.jpg?fit=900%2C838&ssl=1\",\"width\":900,\"height\":838},{\"@type\":\"BreadcrumbList\",\"@id\":\"https:\\\/\\\/lanordica.fi\\\/product\\\/rosetta-oikea\\\/#breadcrumb\",\"itemListElement\":[{\"@type\":\"ListItem\",\"position\":1,\"name\":\"Home\",\"item\":\"https:\\\/\\\/lanordica.fi\\\/\"},{\"@type\":\"ListItem\",\"position\":2,\"name\":\"Kauppa\",\"item\":\"https:\\\/\\\/lanordica.fi\\\/shop\\\/\"},{\"@type\":\"ListItem\",\"position\":3,\"name\":\"Rosetta 5.0 oikea\"}]},{\"@type\":\"WebSite\",\"@id\":\"https:\\\/\\\/lanordica.fi\\\/#website\",\"url\":\"https:\\\/\\\/lanordica.fi\\\/\",\"name\":\"La Nordica - Suomi\",\"description\":\"L\u00e4mp\u00f6\u00e4 kotiisi\",\"publisher\":{\"@id\":\"https:\\\/\\\/lanordica.fi\\\/#organization\"},\"potentialAction\":[{\"@type\":\"SearchAction\",\"target\":{\"@type\":\"EntryPoint\",\"urlTemplate\":\"https:\\\/\\\/lanordica.fi\\\/?s={search_term_string}\"},\"query-input\":{\"@type\":\"PropertyValueSpecification\",\"valueRequired\":true,\"valueName\":\"search_term_string\"}}],\"inLanguage\":\"fi\"},{\"@type\":\"Organization\",\"@id\":\"https:\\\/\\\/lanordica.fi\\\/#organization\",\"name\":\"La Nordica - Suomi\",\"url\":\"https:\\\/\\\/lanordica.fi\\\/\",\"logo\":{\"@type\":\"ImageObject\",\"inLanguage\":\"fi\",\"@id\":\"https:\\\/\\\/lanordica.fi\\\/#\\\/schema\\\/logo\\\/image\\\/\",\"url\":\"https:\\\/\\\/i0.wp.com\\\/lanordica.fi\\\/wp-content\\\/uploads\\\/2018\\\/03\\\/lanordica-fi.png?fit=768%2C282&ssl=1\",\"contentUrl\":\"https:\\\/\\\/i0.wp.com\\\/lanordica.fi\\\/wp-content\\\/uploads\\\/2018\\\/03\\\/lanordica-fi.png?fit=768%2C282&ssl=1\",\"width\":768,\"height\":282,\"caption\":\"La Nordica - Suomi\"},\"image\":{\"@id\":\"https:\\\/\\\/lanordica.fi\\\/#\\\/schema\\\/logo\\\/image\\\/\"}}]}<\/script>\n<!-- \/ Yoast SEO plugin. -->","yoast_head_json":{"title":"Rosetta BII puuhella, oikeank\u00e4tinen - La Nordica - Suomi","description":"Uusi BII malli t\u00e4ytt\u00e4\u00e4 2022 ekosuunnitteluvaatimukset. La Nordican suosituin puuhella! Huippuunsa hiottu 82 % hy\u00f6tysuhde polttotekniikassa","robots":{"index":"index","follow":"follow","max-snippet":"max-snippet:-1","max-image-preview":"max-image-preview:large","max-video-preview":"max-video-preview:-1"},"canonical":"https:\/\/lanordica.fi\/fi\/product\/rosetta-oikea\/","og_locale":"fi_FI","og_type":"article","og_title":"Rosetta BII puuhella, oikeank\u00e4tinen - La Nordica - Suomi","og_description":"Uusi BII malli t\u00e4ytt\u00e4\u00e4 2022 ekosuunnitteluvaatimukset. La Nordican suosituin puuhella! Huippuunsa hiottu 82 % hy\u00f6tysuhde polttotekniikassa","og_url":"https:\/\/lanordica.fi\/fi\/product\/rosetta-oikea\/","og_site_name":"La Nordica - Suomi","article_modified_time":"2026-05-08T09:14:25+00:00","og_image":[{"width":900,"height":838,"url":"https:\/\/lanordica.fi\/wp-content\/uploads\/2018\/03\/Rosetta-vuolukivi-oikea-puuhella.jpg","type":"image\/jpeg"}],"twitter_card":"summary_large_image","twitter_misc":{"Arvioitu lukuaika":"2 minuuttia"},"schema":{"@context":"https:\/\/schema.org","@graph":[{"@type":"WebPage","@id":"https:\/\/lanordica.fi\/product\/rosetta-oikea\/","url":"https:\/\/lanordica.fi\/product\/rosetta-oikea\/","name":"Rosetta BII puuhella, oikeank\u00e4tinen - La Nordica - Suomi","isPartOf":{"@id":"https:\/\/lanordica.fi\/#website"},"primaryImageOfPage":{"@id":"https:\/\/lanordica.fi\/product\/rosetta-oikea\/#primaryimage"},"image":{"@id":"https:\/\/lanordica.fi\/product\/rosetta-oikea\/#primaryimage"},"thumbnailUrl":"https:\/\/i0.wp.com\/lanordica.fi\/wp-content\/uploads\/2018\/03\/Rosetta-vuolukivi-oikea-puuhella.jpg?fit=900%2C838&ssl=1","datePublished":"2018-03-28T13:18:05+00:00","dateModified":"2026-05-08T09:14:25+00:00","description":"Uusi BII malli t\u00e4ytt\u00e4\u00e4 2022 ekosuunnitteluvaatimukset. La Nordican suosituin puuhella! Huippuunsa hiottu 82 % hy\u00f6tysuhde polttotekniikassa","breadcrumb":{"@id":"https:\/\/lanordica.fi\/product\/rosetta-oikea\/#breadcrumb"},"inLanguage":"fi","potentialAction":[{"@type":"ReadAction","target":["https:\/\/lanordica.fi\/product\/rosetta-oikea\/"]}]},{"@type":"ImageObject","inLanguage":"fi","@id":"https:\/\/lanordica.fi\/product\/rosetta-oikea\/#primaryimage","url":"https:\/\/i0.wp.com\/lanordica.fi\/wp-content\/uploads\/2018\/03\/Rosetta-vuolukivi-oikea-puuhella.jpg?fit=900%2C838&ssl=1","contentUrl":"https:\/\/i0.wp.com\/lanordica.fi\/wp-content\/uploads\/2018\/03\/Rosetta-vuolukivi-oikea-puuhella.jpg?fit=900%2C838&ssl=1","width":900,"height":838},{"@type":"BreadcrumbList","@id":"https:\/\/lanordica.fi\/product\/rosetta-oikea\/#breadcrumb","itemListElement":[{"@type":"ListItem","position":1,"name":"Home","item":"https:\/\/lanordica.fi\/"},{"@type":"ListItem","position":2,"name":"Kauppa","item":"https:\/\/lanordica.fi\/shop\/"},{"@type":"ListItem","position":3,"name":"Rosetta 5.0 oikea"}]},{"@type":"WebSite","@id":"https:\/\/lanordica.fi\/#website","url":"https:\/\/lanordica.fi\/","name":"La Nordica - Suomi","description":"L\u00e4mp\u00f6\u00e4 kotiisi","publisher":{"@id":"https:\/\/lanordica.fi\/#organization"},"potentialAction":[{"@type":"SearchAction","target":{"@type":"EntryPoint","urlTemplate":"https:\/\/lanordica.fi\/?s={search_term_string}"},"query-input":{"@type":"PropertyValueSpecification","valueRequired":true,"valueName":"search_term_string"}}],"inLanguage":"fi"},{"@type":"Organization","@id":"https:\/\/lanordica.fi\/#organization","name":"La Nordica - Suomi","url":"https:\/\/lanordica.fi\/","logo":{"@type":"ImageObject","inLanguage":"fi","@id":"https:\/\/lanordica.fi\/#\/schema\/logo\/image\/","url":"https:\/\/i0.wp.com\/lanordica.fi\/wp-content\/uploads\/2018\/03\/lanordica-fi.png?fit=768%2C282&ssl=1","contentUrl":"https:\/\/i0.wp.com\/lanordica.fi\/wp-content\/uploads\/2018\/03\/lanordica-fi.png?fit=768%2C282&ssl=1","width":768,"height":282,"caption":"La Nordica - Suomi"},"image":{"@id":"https:\/\/lanordica.fi\/#\/schema\/logo\/image\/"}}]}},"jetpack_publicize_connections":[],"jetpack_sharing_enabled":true,"jetpack_likes_enabled":true,"_links":{"self":[{"href":"https:\/\/lanordica.fi\/fi\/wp-json\/wp\/v2\/product\/163","targetHints":{"allow":["GET"]}}],"collection":[{"href":"https:\/\/lanordica.fi\/fi\/wp-json\/wp\/v2\/product"}],"about":[{"href":"https:\/\/lanordica.fi\/fi\/wp-json\/wp\/v2\/types\/product"}],"version-history":[{"count":8,"href":"https:\/\/lanordica.fi\/fi\/wp-json\/wp\/v2\/product\/163\/revisions"}],"predecessor-version":[{"id":14122,"href":"https:\/\/lanordica.fi\/fi\/wp-json\/wp\/v2\/product\/163\/revisions\/14122"}],"wp:featuredmedia":[{"embeddable":true,"href":"https:\/\/lanordica.fi\/fi\/wp-json\/wp\/v2\/media\/10457"}],"wp:attachment":[{"href":"https:\/\/lanordica.fi\/fi\/wp-json\/wp\/v2\/media?parent=163"}],"wp:term":[{"taxonomy":"product_brand","embeddable":true,"href":"https:\/\/lanordica.fi\/fi\/wp-json\/wp\/v2\/product_brand?post=163"},{"taxonomy":"product_cat","embeddable":true,"href":"https:\/\/lanordica.fi\/fi\/wp-json\/wp\/v2\/product_cat?post=163"},{"taxonomy":"product_tag","embeddable":true,"href":"https:\/\/lanordica.fi\/fi\/wp-json\/wp\/v2\/product_tag?post=163"}],"curies":[{"name":"wp","href":"https:\/\/api.w.org\/{rel}","templated":true}]}}