{"id":13890,"date":"2026-02-02T13:01:36","date_gmt":"2026-02-02T13:01:36","guid":{"rendered":"https:\/\/lanordica.fi\/?post_type=product&#038;p=13890"},"modified":"2026-02-02T13:03:16","modified_gmt":"2026-02-02T13:03:16","slug":"extraflame-pellettitakan-kierre-sytytysvastus-300-w","status":"publish","type":"product","link":"https:\/\/lanordica.fi\/fi\/product\/extraflame-pellettitakan-kierre-sytytysvastus-300-w\/","title":{"rendered":"ExtraFlame pellettitakan KIERRE sytytysvastus 300 W"},"content":{"rendered":"<p>Alkuper\u00e4inen ExtraFlame varaosa.<\/p>\n<p>Katso my\u00f6s PERUS <a href=\"https:\/\/tulituote.com\/tuotteet\/varaosat\/extraflame-pellettitakan-sytytysvastus-300-w\">sytytysvastus ilman kierrekiinnityst\u00e4<\/a>.<\/p>\n","protected":false},"excerpt":{"rendered":"<p>Sytytysvastus malleihin joissa kierrekiinnitys.<\/p>\n<p>Sopii malleihin:<\/p>\n<ul>\n<li>Gabriella Plus<\/li>\n<li>Giusy 5.0<\/li>\n<li>Giusy EVO Plus 2.0<\/li>\n<li>Giusy Evo 2.0<\/li>\n<li>Giusy Plus 5.0<\/li>\n<li>Ketty 5.0<\/li>\n<li>Ketty Evo 2.0<\/li>\n<li>Klaudia<\/li>\n<li>Klaudia Plus<\/li>\n<li>Sabry<\/li>\n<li>Serafina Evo<\/li>\n<\/ul>\n","protected":false},"featured_media":13903,"template":"","meta":{"_monsterinsights_skip_tracking":false,"_monsterinsights_sitenote_active":false,"_monsterinsights_sitenote_note":"","_monsterinsights_sitenote_category":0,"jetpack_publicize_message":"","jetpack_publicize_feature_enabled":true,"jetpack_social_post_already_shared":true,"jetpack_social_options":{"image_generator_settings":{"template":"highway","default_image_id":0,"font":"","enabled":false},"version":2},"_wpas_customize_per_network":false},"product_brand":[],"product_cat":[1586,1580],"product_tag":[1592,1479,1594,1595,1583],"class_list":{"0":"post-13890","1":"product","2":"type-product","3":"status-publish","4":"has-post-thumbnail","6":"product_cat-extraflame-varaosat","7":"product_cat-varaosat","8":"product_tag-extraflame","9":"product_tag-pellettitakka","10":"product_tag-sytytin","11":"product_tag-sytytyspuikko","12":"product_tag-sytytysvastus","13":"product_shipping_class-posti-pakettiautomaatti-s-11-x-32-x-42-cm-max-35kg","15":"first","16":"instock","17":"taxable","18":"shipping-taxable","19":"purchasable","20":"product-type-simple"},"yoast_head":"<!-- This site is optimized with the Yoast SEO plugin v27.5 - https:\/\/yoast.com\/product\/yoast-seo-wordpress\/ -->\n<title>ExtraFlame pellettitakan KIERRE sytytysvastus 300 W - La Nordica - Suomi<\/title>\n<meta name=\"robots\" content=\"index, follow, max-snippet:-1, max-image-preview:large, max-video-preview:-1\" \/>\n<link rel=\"canonical\" href=\"https:\/\/lanordica.fi\/fi\/product\/extraflame-pellettitakan-kierre-sytytysvastus-300-w\/\" \/>\n<meta property=\"og:locale\" content=\"fi_FI\" \/>\n<meta property=\"og:type\" content=\"article\" \/>\n<meta property=\"og:title\" content=\"ExtraFlame pellettitakan KIERRE sytytysvastus 300 W - La Nordica - Suomi\" \/>\n<meta property=\"og:description\" content=\"Sytytysvastus malleihin joissa kierrekiinnitys.  Sopii malleihin:   Gabriella Plus  Giusy 5.0  Giusy EVO Plus 2.0  Giusy Evo 2.0  Giusy Plus 5.0  Ketty 5.0  Ketty Evo 2.0  Klaudia  Klaudia Plus  Sabry  Serafina Evo\" \/>\n<meta property=\"og:url\" content=\"https:\/\/lanordica.fi\/fi\/product\/extraflame-pellettitakan-kierre-sytytysvastus-300-w\/\" \/>\n<meta property=\"og:site_name\" content=\"La Nordica - Suomi\" \/>\n<meta property=\"article:modified_time\" content=\"2026-02-02T13:03:16+00:00\" \/>\n<meta property=\"og:image\" content=\"https:\/\/lanordica.fi\/wp-content\/uploads\/2026\/02\/extraflame-sytytysvastus-kierteilla.jpg\" \/>\n\t<meta property=\"og:image:width\" content=\"900\" \/>\n\t<meta property=\"og:image:height\" content=\"900\" \/>\n\t<meta property=\"og:image:type\" content=\"image\/jpeg\" \/>\n<meta name=\"twitter:card\" content=\"summary_large_image\" \/>\n<script type=\"application\/ld+json\" class=\"yoast-schema-graph\">{\"@context\":\"https:\\\/\\\/schema.org\",\"@graph\":[{\"@type\":\"WebPage\",\"@id\":\"https:\\\/\\\/lanordica.fi\\\/product\\\/extraflame-pellettitakan-kierre-sytytysvastus-300-w\\\/\",\"url\":\"https:\\\/\\\/lanordica.fi\\\/product\\\/extraflame-pellettitakan-kierre-sytytysvastus-300-w\\\/\",\"name\":\"ExtraFlame pellettitakan KIERRE sytytysvastus 300 W - La Nordica - Suomi\",\"isPartOf\":{\"@id\":\"https:\\\/\\\/lanordica.fi\\\/#website\"},\"primaryImageOfPage\":{\"@id\":\"https:\\\/\\\/lanordica.fi\\\/product\\\/extraflame-pellettitakan-kierre-sytytysvastus-300-w\\\/#primaryimage\"},\"image\":{\"@id\":\"https:\\\/\\\/lanordica.fi\\\/product\\\/extraflame-pellettitakan-kierre-sytytysvastus-300-w\\\/#primaryimage\"},\"thumbnailUrl\":\"https:\\\/\\\/i0.wp.com\\\/lanordica.fi\\\/wp-content\\\/uploads\\\/2026\\\/02\\\/extraflame-sytytysvastus-kierteilla.jpg?fit=900%2C900&ssl=1\",\"datePublished\":\"2026-02-02T13:01:36+00:00\",\"dateModified\":\"2026-02-02T13:03:16+00:00\",\"breadcrumb\":{\"@id\":\"https:\\\/\\\/lanordica.fi\\\/product\\\/extraflame-pellettitakan-kierre-sytytysvastus-300-w\\\/#breadcrumb\"},\"inLanguage\":\"fi\",\"potentialAction\":[{\"@type\":\"ReadAction\",\"target\":[\"https:\\\/\\\/lanordica.fi\\\/product\\\/extraflame-pellettitakan-kierre-sytytysvastus-300-w\\\/\"]}]},{\"@type\":\"ImageObject\",\"inLanguage\":\"fi\",\"@id\":\"https:\\\/\\\/lanordica.fi\\\/product\\\/extraflame-pellettitakan-kierre-sytytysvastus-300-w\\\/#primaryimage\",\"url\":\"https:\\\/\\\/i0.wp.com\\\/lanordica.fi\\\/wp-content\\\/uploads\\\/2026\\\/02\\\/extraflame-sytytysvastus-kierteilla.jpg?fit=900%2C900&ssl=1\",\"contentUrl\":\"https:\\\/\\\/i0.wp.com\\\/lanordica.fi\\\/wp-content\\\/uploads\\\/2026\\\/02\\\/extraflame-sytytysvastus-kierteilla.jpg?fit=900%2C900&ssl=1\",\"width\":900,\"height\":900},{\"@type\":\"BreadcrumbList\",\"@id\":\"https:\\\/\\\/lanordica.fi\\\/product\\\/extraflame-pellettitakan-kierre-sytytysvastus-300-w\\\/#breadcrumb\",\"itemListElement\":[{\"@type\":\"ListItem\",\"position\":1,\"name\":\"Home\",\"item\":\"https:\\\/\\\/lanordica.fi\\\/\"},{\"@type\":\"ListItem\",\"position\":2,\"name\":\"Kauppa\",\"item\":\"https:\\\/\\\/lanordica.fi\\\/shop\\\/\"},{\"@type\":\"ListItem\",\"position\":3,\"name\":\"ExtraFlame pellettitakan KIERRE sytytysvastus 300 W\"}]},{\"@type\":\"WebSite\",\"@id\":\"https:\\\/\\\/lanordica.fi\\\/#website\",\"url\":\"https:\\\/\\\/lanordica.fi\\\/\",\"name\":\"La Nordica - Suomi\",\"description\":\"L\u00e4mp\u00f6\u00e4 kotiisi\",\"publisher\":{\"@id\":\"https:\\\/\\\/lanordica.fi\\\/#organization\"},\"potentialAction\":[{\"@type\":\"SearchAction\",\"target\":{\"@type\":\"EntryPoint\",\"urlTemplate\":\"https:\\\/\\\/lanordica.fi\\\/?s={search_term_string}\"},\"query-input\":{\"@type\":\"PropertyValueSpecification\",\"valueRequired\":true,\"valueName\":\"search_term_string\"}}],\"inLanguage\":\"fi\"},{\"@type\":\"Organization\",\"@id\":\"https:\\\/\\\/lanordica.fi\\\/#organization\",\"name\":\"La Nordica - Suomi\",\"url\":\"https:\\\/\\\/lanordica.fi\\\/\",\"logo\":{\"@type\":\"ImageObject\",\"inLanguage\":\"fi\",\"@id\":\"https:\\\/\\\/lanordica.fi\\\/#\\\/schema\\\/logo\\\/image\\\/\",\"url\":\"https:\\\/\\\/i0.wp.com\\\/lanordica.fi\\\/wp-content\\\/uploads\\\/2018\\\/03\\\/lanordica-fi.png?fit=768%2C282&ssl=1\",\"contentUrl\":\"https:\\\/\\\/i0.wp.com\\\/lanordica.fi\\\/wp-content\\\/uploads\\\/2018\\\/03\\\/lanordica-fi.png?fit=768%2C282&ssl=1\",\"width\":768,\"height\":282,\"caption\":\"La Nordica - Suomi\"},\"image\":{\"@id\":\"https:\\\/\\\/lanordica.fi\\\/#\\\/schema\\\/logo\\\/image\\\/\"}}]}<\/script>\n<!-- \/ Yoast SEO plugin. -->","yoast_head_json":{"title":"ExtraFlame pellettitakan KIERRE sytytysvastus 300 W - La Nordica - Suomi","robots":{"index":"index","follow":"follow","max-snippet":"max-snippet:-1","max-image-preview":"max-image-preview:large","max-video-preview":"max-video-preview:-1"},"canonical":"https:\/\/lanordica.fi\/fi\/product\/extraflame-pellettitakan-kierre-sytytysvastus-300-w\/","og_locale":"fi_FI","og_type":"article","og_title":"ExtraFlame pellettitakan KIERRE sytytysvastus 300 W - La Nordica - Suomi","og_description":"Sytytysvastus malleihin joissa kierrekiinnitys.  Sopii malleihin:   Gabriella Plus  Giusy 5.0  Giusy EVO Plus 2.0  Giusy Evo 2.0  Giusy Plus 5.0  Ketty 5.0  Ketty Evo 2.0  Klaudia  Klaudia Plus  Sabry  Serafina Evo","og_url":"https:\/\/lanordica.fi\/fi\/product\/extraflame-pellettitakan-kierre-sytytysvastus-300-w\/","og_site_name":"La Nordica - Suomi","article_modified_time":"2026-02-02T13:03:16+00:00","og_image":[{"width":900,"height":900,"url":"https:\/\/lanordica.fi\/wp-content\/uploads\/2026\/02\/extraflame-sytytysvastus-kierteilla.jpg","type":"image\/jpeg"}],"twitter_card":"summary_large_image","schema":{"@context":"https:\/\/schema.org","@graph":[{"@type":"WebPage","@id":"https:\/\/lanordica.fi\/product\/extraflame-pellettitakan-kierre-sytytysvastus-300-w\/","url":"https:\/\/lanordica.fi\/product\/extraflame-pellettitakan-kierre-sytytysvastus-300-w\/","name":"ExtraFlame pellettitakan KIERRE sytytysvastus 300 W - La Nordica - Suomi","isPartOf":{"@id":"https:\/\/lanordica.fi\/#website"},"primaryImageOfPage":{"@id":"https:\/\/lanordica.fi\/product\/extraflame-pellettitakan-kierre-sytytysvastus-300-w\/#primaryimage"},"image":{"@id":"https:\/\/lanordica.fi\/product\/extraflame-pellettitakan-kierre-sytytysvastus-300-w\/#primaryimage"},"thumbnailUrl":"https:\/\/i0.wp.com\/lanordica.fi\/wp-content\/uploads\/2026\/02\/extraflame-sytytysvastus-kierteilla.jpg?fit=900%2C900&ssl=1","datePublished":"2026-02-02T13:01:36+00:00","dateModified":"2026-02-02T13:03:16+00:00","breadcrumb":{"@id":"https:\/\/lanordica.fi\/product\/extraflame-pellettitakan-kierre-sytytysvastus-300-w\/#breadcrumb"},"inLanguage":"fi","potentialAction":[{"@type":"ReadAction","target":["https:\/\/lanordica.fi\/product\/extraflame-pellettitakan-kierre-sytytysvastus-300-w\/"]}]},{"@type":"ImageObject","inLanguage":"fi","@id":"https:\/\/lanordica.fi\/product\/extraflame-pellettitakan-kierre-sytytysvastus-300-w\/#primaryimage","url":"https:\/\/i0.wp.com\/lanordica.fi\/wp-content\/uploads\/2026\/02\/extraflame-sytytysvastus-kierteilla.jpg?fit=900%2C900&ssl=1","contentUrl":"https:\/\/i0.wp.com\/lanordica.fi\/wp-content\/uploads\/2026\/02\/extraflame-sytytysvastus-kierteilla.jpg?fit=900%2C900&ssl=1","width":900,"height":900},{"@type":"BreadcrumbList","@id":"https:\/\/lanordica.fi\/product\/extraflame-pellettitakan-kierre-sytytysvastus-300-w\/#breadcrumb","itemListElement":[{"@type":"ListItem","position":1,"name":"Home","item":"https:\/\/lanordica.fi\/"},{"@type":"ListItem","position":2,"name":"Kauppa","item":"https:\/\/lanordica.fi\/shop\/"},{"@type":"ListItem","position":3,"name":"ExtraFlame pellettitakan KIERRE sytytysvastus 300 W"}]},{"@type":"WebSite","@id":"https:\/\/lanordica.fi\/#website","url":"https:\/\/lanordica.fi\/","name":"La Nordica - Suomi","description":"L\u00e4mp\u00f6\u00e4 kotiisi","publisher":{"@id":"https:\/\/lanordica.fi\/#organization"},"potentialAction":[{"@type":"SearchAction","target":{"@type":"EntryPoint","urlTemplate":"https:\/\/lanordica.fi\/?s={search_term_string}"},"query-input":{"@type":"PropertyValueSpecification","valueRequired":true,"valueName":"search_term_string"}}],"inLanguage":"fi"},{"@type":"Organization","@id":"https:\/\/lanordica.fi\/#organization","name":"La Nordica - Suomi","url":"https:\/\/lanordica.fi\/","logo":{"@type":"ImageObject","inLanguage":"fi","@id":"https:\/\/lanordica.fi\/#\/schema\/logo\/image\/","url":"https:\/\/i0.wp.com\/lanordica.fi\/wp-content\/uploads\/2018\/03\/lanordica-fi.png?fit=768%2C282&ssl=1","contentUrl":"https:\/\/i0.wp.com\/lanordica.fi\/wp-content\/uploads\/2018\/03\/lanordica-fi.png?fit=768%2C282&ssl=1","width":768,"height":282,"caption":"La Nordica - Suomi"},"image":{"@id":"https:\/\/lanordica.fi\/#\/schema\/logo\/image\/"}}]}},"jetpack_publicize_connections":[],"jetpack_sharing_enabled":true,"jetpack_likes_enabled":true,"_links":{"self":[{"href":"https:\/\/lanordica.fi\/fi\/wp-json\/wp\/v2\/product\/13890","targetHints":{"allow":["GET"]}}],"collection":[{"href":"https:\/\/lanordica.fi\/fi\/wp-json\/wp\/v2\/product"}],"about":[{"href":"https:\/\/lanordica.fi\/fi\/wp-json\/wp\/v2\/types\/product"}],"version-history":[{"count":1,"href":"https:\/\/lanordica.fi\/fi\/wp-json\/wp\/v2\/product\/13890\/revisions"}],"predecessor-version":[{"id":13904,"href":"https:\/\/lanordica.fi\/fi\/wp-json\/wp\/v2\/product\/13890\/revisions\/13904"}],"wp:featuredmedia":[{"embeddable":true,"href":"https:\/\/lanordica.fi\/fi\/wp-json\/wp\/v2\/media\/13903"}],"wp:attachment":[{"href":"https:\/\/lanordica.fi\/fi\/wp-json\/wp\/v2\/media?parent=13890"}],"wp:term":[{"taxonomy":"product_brand","embeddable":true,"href":"https:\/\/lanordica.fi\/fi\/wp-json\/wp\/v2\/product_brand?post=13890"},{"taxonomy":"product_cat","embeddable":true,"href":"https:\/\/lanordica.fi\/fi\/wp-json\/wp\/v2\/product_cat?post=13890"},{"taxonomy":"product_tag","embeddable":true,"href":"https:\/\/lanordica.fi\/fi\/wp-json\/wp\/v2\/product_tag?post=13890"}],"curies":[{"name":"wp","href":"https:\/\/api.w.org\/{rel}","templated":true}]}}