{"id":13887,"date":"2026-02-02T13:01:36","date_gmt":"2026-02-02T13:01:36","guid":{"rendered":"https:\/\/lanordica.fi\/?post_type=product&#038;p=13887"},"modified":"2026-02-02T13:03:15","modified_gmt":"2026-02-02T13:03:15","slug":"extraflame-pellettitakan-syottomoottori","status":"publish","type":"product","link":"https:\/\/lanordica.fi\/fi\/product\/extraflame-pellettitakan-syottomoottori\/","title":{"rendered":"ExtraFlame pellettitakan sy\u00f6tt\u00f6moottori"},"content":{"rendered":"<p>Alkuper\u00e4inen ExtraFlame varaosa.<\/p>\n<p>230 V<br \/>\nNopeus: 2 kierrosta minuutissa (2RPM)<br \/>\nVirrankulutus: 2,8 W<br \/>\nV\u00e4\u00e4nt\u00f6: 13 Nm<br \/>\nKiinnitysakselin halkaisija: 9,5 mm<\/p>\n","protected":false},"excerpt":{"rendered":"<p>Sy\u00f6tt\u00f6moottori joka py\u00f6ritt\u00e4\u00e4 pellettis\u00e4ili\u00f6n sy\u00f6tt\u00f6ruuvia. Vaihteisto ja moottori toimitetaan aina yhdess\u00e4.<\/p>\n<p>Sopii kaikkiin malleihin, poislukien isot vett\u00e4 l\u00e4mmitt\u00e4v\u00e4t yli 20 kW tehoiset mallit, kuten Lucrezia idro, ja Melinda Idro tietys vuosimallit<\/p>\n","protected":false},"featured_media":13895,"template":"","meta":{"_monsterinsights_skip_tracking":false,"_monsterinsights_sitenote_active":false,"_monsterinsights_sitenote_note":"","_monsterinsights_sitenote_category":0,"jetpack_publicize_message":"","jetpack_publicize_feature_enabled":true,"jetpack_social_post_already_shared":true,"jetpack_social_options":{"image_generator_settings":{"template":"highway","default_image_id":0,"font":"","enabled":false},"version":2},"_wpas_customize_per_network":false},"product_brand":[],"product_cat":[1586,1580],"product_tag":[1592,1597,1479,1598],"class_list":{"0":"post-13887","1":"product","2":"type-product","3":"status-publish","4":"has-post-thumbnail","6":"product_cat-extraflame-varaosat","7":"product_cat-varaosat","8":"product_tag-extraflame","9":"product_tag-pelletinsyotto","10":"product_tag-pellettitakka","11":"product_tag-syottomoottori","12":"product_shipping_class-posti-pakettiautomaatti-s-11-x-32-x-42-cm-max-35kg","14":"first","15":"instock","16":"taxable","17":"shipping-taxable","18":"purchasable","19":"product-type-variable"},"yoast_head":"<!-- This site is optimized with the Yoast SEO plugin v27.6 - https:\/\/yoast.com\/product\/yoast-seo-wordpress\/ -->\n<title>ExtraFlame pellettitakan sy\u00f6tt\u00f6moottori - La Nordica - Suomi<\/title>\n<meta name=\"robots\" content=\"index, follow, max-snippet:-1, max-image-preview:large, max-video-preview:-1\" \/>\n<link rel=\"canonical\" href=\"https:\/\/lanordica.fi\/fi\/product\/extraflame-pellettitakan-syottomoottori\/\" \/>\n<meta property=\"og:locale\" content=\"fi_FI\" \/>\n<meta property=\"og:type\" content=\"article\" \/>\n<meta property=\"og:title\" content=\"ExtraFlame pellettitakan sy\u00f6tt\u00f6moottori - La Nordica - Suomi\" \/>\n<meta property=\"og:description\" content=\"Sy\u00f6tt\u00f6moottori joka py\u00f6ritt\u00e4\u00e4 pellettis\u00e4ili\u00f6n sy\u00f6tt\u00f6ruuvia. Vaihteisto ja moottori toimitetaan aina yhdess\u00e4.  Sopii kaikkiin malleihin, poislukien isot vett\u00e4 l\u00e4mmitt\u00e4v\u00e4t yli 20 kW tehoiset mallit, kuten Lucrezia idro, ja Melinda Idro tietys vuosimallit\" \/>\n<meta property=\"og:url\" content=\"https:\/\/lanordica.fi\/fi\/product\/extraflame-pellettitakan-syottomoottori\/\" \/>\n<meta property=\"og:site_name\" content=\"La Nordica - Suomi\" \/>\n<meta property=\"article:modified_time\" content=\"2026-02-02T13:03:15+00:00\" \/>\n<meta property=\"og:image\" content=\"https:\/\/lanordica.fi\/wp-content\/uploads\/2026\/02\/ExtraFlame-syottomoottori.jpg\" \/>\n\t<meta property=\"og:image:width\" content=\"752\" \/>\n\t<meta property=\"og:image:height\" content=\"745\" \/>\n\t<meta property=\"og:image:type\" content=\"image\/jpeg\" \/>\n<meta name=\"twitter:card\" content=\"summary_large_image\" \/>\n<script type=\"application\/ld+json\" class=\"yoast-schema-graph\">{\"@context\":\"https:\\\/\\\/schema.org\",\"@graph\":[{\"@type\":\"WebPage\",\"@id\":\"https:\\\/\\\/lanordica.fi\\\/product\\\/extraflame-pellettitakan-syottomoottori\\\/\",\"url\":\"https:\\\/\\\/lanordica.fi\\\/product\\\/extraflame-pellettitakan-syottomoottori\\\/\",\"name\":\"ExtraFlame pellettitakan sy\u00f6tt\u00f6moottori - La Nordica - Suomi\",\"isPartOf\":{\"@id\":\"https:\\\/\\\/lanordica.fi\\\/#website\"},\"primaryImageOfPage\":{\"@id\":\"https:\\\/\\\/lanordica.fi\\\/product\\\/extraflame-pellettitakan-syottomoottori\\\/#primaryimage\"},\"image\":{\"@id\":\"https:\\\/\\\/lanordica.fi\\\/product\\\/extraflame-pellettitakan-syottomoottori\\\/#primaryimage\"},\"thumbnailUrl\":\"https:\\\/\\\/i0.wp.com\\\/lanordica.fi\\\/wp-content\\\/uploads\\\/2026\\\/02\\\/ExtraFlame-syottomoottori.jpg?fit=752%2C745&ssl=1\",\"datePublished\":\"2026-02-02T13:01:36+00:00\",\"dateModified\":\"2026-02-02T13:03:15+00:00\",\"breadcrumb\":{\"@id\":\"https:\\\/\\\/lanordica.fi\\\/product\\\/extraflame-pellettitakan-syottomoottori\\\/#breadcrumb\"},\"inLanguage\":\"fi\",\"potentialAction\":[{\"@type\":\"ReadAction\",\"target\":[\"https:\\\/\\\/lanordica.fi\\\/product\\\/extraflame-pellettitakan-syottomoottori\\\/\"]}]},{\"@type\":\"ImageObject\",\"inLanguage\":\"fi\",\"@id\":\"https:\\\/\\\/lanordica.fi\\\/product\\\/extraflame-pellettitakan-syottomoottori\\\/#primaryimage\",\"url\":\"https:\\\/\\\/i0.wp.com\\\/lanordica.fi\\\/wp-content\\\/uploads\\\/2026\\\/02\\\/ExtraFlame-syottomoottori.jpg?fit=752%2C745&ssl=1\",\"contentUrl\":\"https:\\\/\\\/i0.wp.com\\\/lanordica.fi\\\/wp-content\\\/uploads\\\/2026\\\/02\\\/ExtraFlame-syottomoottori.jpg?fit=752%2C745&ssl=1\",\"width\":752,\"height\":745},{\"@type\":\"BreadcrumbList\",\"@id\":\"https:\\\/\\\/lanordica.fi\\\/product\\\/extraflame-pellettitakan-syottomoottori\\\/#breadcrumb\",\"itemListElement\":[{\"@type\":\"ListItem\",\"position\":1,\"name\":\"Home\",\"item\":\"https:\\\/\\\/lanordica.fi\\\/\"},{\"@type\":\"ListItem\",\"position\":2,\"name\":\"Kauppa\",\"item\":\"https:\\\/\\\/lanordica.fi\\\/shop\\\/\"},{\"@type\":\"ListItem\",\"position\":3,\"name\":\"ExtraFlame pellettitakan sy\u00f6tt\u00f6moottori\"}]},{\"@type\":\"WebSite\",\"@id\":\"https:\\\/\\\/lanordica.fi\\\/#website\",\"url\":\"https:\\\/\\\/lanordica.fi\\\/\",\"name\":\"La Nordica - Suomi\",\"description\":\"L\u00e4mp\u00f6\u00e4 kotiisi\",\"publisher\":{\"@id\":\"https:\\\/\\\/lanordica.fi\\\/#organization\"},\"potentialAction\":[{\"@type\":\"SearchAction\",\"target\":{\"@type\":\"EntryPoint\",\"urlTemplate\":\"https:\\\/\\\/lanordica.fi\\\/?s={search_term_string}\"},\"query-input\":{\"@type\":\"PropertyValueSpecification\",\"valueRequired\":true,\"valueName\":\"search_term_string\"}}],\"inLanguage\":\"fi\"},{\"@type\":\"Organization\",\"@id\":\"https:\\\/\\\/lanordica.fi\\\/#organization\",\"name\":\"La Nordica - Suomi\",\"url\":\"https:\\\/\\\/lanordica.fi\\\/\",\"logo\":{\"@type\":\"ImageObject\",\"inLanguage\":\"fi\",\"@id\":\"https:\\\/\\\/lanordica.fi\\\/#\\\/schema\\\/logo\\\/image\\\/\",\"url\":\"https:\\\/\\\/i0.wp.com\\\/lanordica.fi\\\/wp-content\\\/uploads\\\/2018\\\/03\\\/lanordica-fi.png?fit=768%2C282&ssl=1\",\"contentUrl\":\"https:\\\/\\\/i0.wp.com\\\/lanordica.fi\\\/wp-content\\\/uploads\\\/2018\\\/03\\\/lanordica-fi.png?fit=768%2C282&ssl=1\",\"width\":768,\"height\":282,\"caption\":\"La Nordica - Suomi\"},\"image\":{\"@id\":\"https:\\\/\\\/lanordica.fi\\\/#\\\/schema\\\/logo\\\/image\\\/\"}}]}<\/script>\n<!-- \/ Yoast SEO plugin. -->","yoast_head_json":{"title":"ExtraFlame pellettitakan sy\u00f6tt\u00f6moottori - La Nordica - Suomi","robots":{"index":"index","follow":"follow","max-snippet":"max-snippet:-1","max-image-preview":"max-image-preview:large","max-video-preview":"max-video-preview:-1"},"canonical":"https:\/\/lanordica.fi\/fi\/product\/extraflame-pellettitakan-syottomoottori\/","og_locale":"fi_FI","og_type":"article","og_title":"ExtraFlame pellettitakan sy\u00f6tt\u00f6moottori - La Nordica - Suomi","og_description":"Sy\u00f6tt\u00f6moottori joka py\u00f6ritt\u00e4\u00e4 pellettis\u00e4ili\u00f6n sy\u00f6tt\u00f6ruuvia. Vaihteisto ja moottori toimitetaan aina yhdess\u00e4.  Sopii kaikkiin malleihin, poislukien isot vett\u00e4 l\u00e4mmitt\u00e4v\u00e4t yli 20 kW tehoiset mallit, kuten Lucrezia idro, ja Melinda Idro tietys vuosimallit","og_url":"https:\/\/lanordica.fi\/fi\/product\/extraflame-pellettitakan-syottomoottori\/","og_site_name":"La Nordica - Suomi","article_modified_time":"2026-02-02T13:03:15+00:00","og_image":[{"width":752,"height":745,"url":"https:\/\/lanordica.fi\/wp-content\/uploads\/2026\/02\/ExtraFlame-syottomoottori.jpg","type":"image\/jpeg"}],"twitter_card":"summary_large_image","schema":{"@context":"https:\/\/schema.org","@graph":[{"@type":"WebPage","@id":"https:\/\/lanordica.fi\/product\/extraflame-pellettitakan-syottomoottori\/","url":"https:\/\/lanordica.fi\/product\/extraflame-pellettitakan-syottomoottori\/","name":"ExtraFlame pellettitakan sy\u00f6tt\u00f6moottori - La Nordica - Suomi","isPartOf":{"@id":"https:\/\/lanordica.fi\/#website"},"primaryImageOfPage":{"@id":"https:\/\/lanordica.fi\/product\/extraflame-pellettitakan-syottomoottori\/#primaryimage"},"image":{"@id":"https:\/\/lanordica.fi\/product\/extraflame-pellettitakan-syottomoottori\/#primaryimage"},"thumbnailUrl":"https:\/\/i0.wp.com\/lanordica.fi\/wp-content\/uploads\/2026\/02\/ExtraFlame-syottomoottori.jpg?fit=752%2C745&ssl=1","datePublished":"2026-02-02T13:01:36+00:00","dateModified":"2026-02-02T13:03:15+00:00","breadcrumb":{"@id":"https:\/\/lanordica.fi\/product\/extraflame-pellettitakan-syottomoottori\/#breadcrumb"},"inLanguage":"fi","potentialAction":[{"@type":"ReadAction","target":["https:\/\/lanordica.fi\/product\/extraflame-pellettitakan-syottomoottori\/"]}]},{"@type":"ImageObject","inLanguage":"fi","@id":"https:\/\/lanordica.fi\/product\/extraflame-pellettitakan-syottomoottori\/#primaryimage","url":"https:\/\/i0.wp.com\/lanordica.fi\/wp-content\/uploads\/2026\/02\/ExtraFlame-syottomoottori.jpg?fit=752%2C745&ssl=1","contentUrl":"https:\/\/i0.wp.com\/lanordica.fi\/wp-content\/uploads\/2026\/02\/ExtraFlame-syottomoottori.jpg?fit=752%2C745&ssl=1","width":752,"height":745},{"@type":"BreadcrumbList","@id":"https:\/\/lanordica.fi\/product\/extraflame-pellettitakan-syottomoottori\/#breadcrumb","itemListElement":[{"@type":"ListItem","position":1,"name":"Home","item":"https:\/\/lanordica.fi\/"},{"@type":"ListItem","position":2,"name":"Kauppa","item":"https:\/\/lanordica.fi\/shop\/"},{"@type":"ListItem","position":3,"name":"ExtraFlame pellettitakan sy\u00f6tt\u00f6moottori"}]},{"@type":"WebSite","@id":"https:\/\/lanordica.fi\/#website","url":"https:\/\/lanordica.fi\/","name":"La Nordica - Suomi","description":"L\u00e4mp\u00f6\u00e4 kotiisi","publisher":{"@id":"https:\/\/lanordica.fi\/#organization"},"potentialAction":[{"@type":"SearchAction","target":{"@type":"EntryPoint","urlTemplate":"https:\/\/lanordica.fi\/?s={search_term_string}"},"query-input":{"@type":"PropertyValueSpecification","valueRequired":true,"valueName":"search_term_string"}}],"inLanguage":"fi"},{"@type":"Organization","@id":"https:\/\/lanordica.fi\/#organization","name":"La Nordica - Suomi","url":"https:\/\/lanordica.fi\/","logo":{"@type":"ImageObject","inLanguage":"fi","@id":"https:\/\/lanordica.fi\/#\/schema\/logo\/image\/","url":"https:\/\/i0.wp.com\/lanordica.fi\/wp-content\/uploads\/2018\/03\/lanordica-fi.png?fit=768%2C282&ssl=1","contentUrl":"https:\/\/i0.wp.com\/lanordica.fi\/wp-content\/uploads\/2018\/03\/lanordica-fi.png?fit=768%2C282&ssl=1","width":768,"height":282,"caption":"La Nordica - Suomi"},"image":{"@id":"https:\/\/lanordica.fi\/#\/schema\/logo\/image\/"}}]}},"jetpack_publicize_connections":[],"jetpack_sharing_enabled":true,"jetpack_likes_enabled":true,"_links":{"self":[{"href":"https:\/\/lanordica.fi\/fi\/wp-json\/wp\/v2\/product\/13887","targetHints":{"allow":["GET"]}}],"collection":[{"href":"https:\/\/lanordica.fi\/fi\/wp-json\/wp\/v2\/product"}],"about":[{"href":"https:\/\/lanordica.fi\/fi\/wp-json\/wp\/v2\/types\/product"}],"version-history":[{"count":1,"href":"https:\/\/lanordica.fi\/fi\/wp-json\/wp\/v2\/product\/13887\/revisions"}],"predecessor-version":[{"id":13896,"href":"https:\/\/lanordica.fi\/fi\/wp-json\/wp\/v2\/product\/13887\/revisions\/13896"}],"wp:featuredmedia":[{"embeddable":true,"href":"https:\/\/lanordica.fi\/fi\/wp-json\/wp\/v2\/media\/13895"}],"wp:attachment":[{"href":"https:\/\/lanordica.fi\/fi\/wp-json\/wp\/v2\/media?parent=13887"}],"wp:term":[{"taxonomy":"product_brand","embeddable":true,"href":"https:\/\/lanordica.fi\/fi\/wp-json\/wp\/v2\/product_brand?post=13887"},{"taxonomy":"product_cat","embeddable":true,"href":"https:\/\/lanordica.fi\/fi\/wp-json\/wp\/v2\/product_cat?post=13887"},{"taxonomy":"product_tag","embeddable":true,"href":"https:\/\/lanordica.fi\/fi\/wp-json\/wp\/v2\/product_tag?post=13887"}],"curies":[{"name":"wp","href":"https:\/\/api.w.org\/{rel}","templated":true}]}}