{"id":13724,"date":"2025-11-13T11:00:07","date_gmt":"2025-11-13T11:00:07","guid":{"rendered":"https:\/\/lanordica.fi\/?post_type=product&#038;p=13724"},"modified":"2026-02-17T19:05:26","modified_gmt":"2026-02-17T19:05:26","slug":"130-mm-aloituskappale","status":"publish","type":"product","link":"https:\/\/lanordica.fi\/fi\/product\/130-mm-aloituskappale\/","title":{"rendered":"Vaihtoyhde 130 mm &#8211; Valurauta"},"content":{"rendered":"","protected":false},"excerpt":{"rendered":"<p>Mik\u00e4li tuotteessa on 120 mm l\u00e4ht\u00f6, voidaan siihen vaihtaa 130 mm l\u00e4ht\u00f6yhde.<\/p>\n<p>L\u00e4ht\u00f6kappaleen yhteensopivuus (alkup 120 mm tilalle):<\/p>\n<ul>\n<li><a href=\"https:\/\/lanordica.fi\/product\/tea-valkoinen-keittotasolla\/\">Tea<\/a><\/li>\n<li><a href=\"https:\/\/lanordica.fi\/product\/super-junior-musta-keittotaso\/\">Super Junior<\/a><\/li>\n<li><a href=\"https:\/\/lanordica.fi\/product\/gemma-liberty-punainen-keittolevy\/\">Gemma<\/a><\/li>\n<li><a href=\"https:\/\/lanordica.fi\/product\/gemma-forno-vuolukivi-keittolevy-ja-uuni\/\">Gemma Forno<\/a><\/li>\n<li><a href=\"https:\/\/lanordica.fi\/product\/brigitta\/\">Brigitta<\/a><\/li>\n<\/ul>\n","protected":false},"featured_media":13729,"template":"","meta":{"_monsterinsights_skip_tracking":false,"_monsterinsights_sitenote_active":false,"_monsterinsights_sitenote_note":"","_monsterinsights_sitenote_category":0,"jetpack_publicize_message":"","jetpack_publicize_feature_enabled":true,"jetpack_social_post_already_shared":true,"jetpack_social_options":{"image_generator_settings":{"template":"highway","default_image_id":0,"font":"","enabled":false},"version":2},"_wpas_customize_per_network":false},"product_brand":[],"product_cat":[1391],"product_tag":[1516],"class_list":{"0":"post-13724","1":"product","2":"type-product","3":"status-publish","4":"has-post-thumbnail","6":"product_cat-lisatarvikkeet","7":"product_tag-130mm","8":"product_shipping_class-posti-mh","10":"first","11":"instock","12":"taxable","13":"shipping-taxable","14":"purchasable","15":"product-type-simple"},"yoast_head":"<!-- This site is optimized with the Yoast SEO plugin v27.5 - https:\/\/yoast.com\/product\/yoast-seo-wordpress\/ -->\n<title>Vaihtoyhde 130 mm - Valurauta - La Nordica - Suomi<\/title>\n<meta name=\"description\" content=\"130 mm vaihtol\u00e4ht\u00f6kappale tuotteisiin joissa on 120 mm l\u00e4ht\u00f6kappale\" \/>\n<meta name=\"robots\" content=\"index, follow, max-snippet:-1, max-image-preview:large, max-video-preview:-1\" \/>\n<link rel=\"canonical\" href=\"https:\/\/lanordica.fi\/fi\/product\/130-mm-aloituskappale\/\" \/>\n<meta property=\"og:locale\" content=\"fi_FI\" \/>\n<meta property=\"og:type\" content=\"article\" \/>\n<meta property=\"og:title\" content=\"Vaihtoyhde 130 mm - Valurauta - La Nordica - Suomi\" \/>\n<meta property=\"og:description\" content=\"130 mm vaihtol\u00e4ht\u00f6kappale tuotteisiin joissa on 120 mm l\u00e4ht\u00f6kappale\" \/>\n<meta property=\"og:url\" content=\"https:\/\/lanordica.fi\/fi\/product\/130-mm-aloituskappale\/\" \/>\n<meta property=\"og:site_name\" content=\"La Nordica - Suomi\" \/>\n<meta property=\"article:modified_time\" content=\"2026-02-17T19:05:26+00:00\" \/>\n<meta property=\"og:image\" content=\"https:\/\/lanordica.fi\/wp-content\/uploads\/2025\/11\/Lanordica-valurautayhde-130mm-1036018.jpg\" \/>\n\t<meta property=\"og:image:width\" content=\"900\" \/>\n\t<meta property=\"og:image:height\" content=\"900\" \/>\n\t<meta property=\"og:image:type\" content=\"image\/jpeg\" \/>\n<meta name=\"twitter:card\" content=\"summary_large_image\" \/>\n<meta name=\"twitter:label1\" content=\"Arvioitu lukuaika\" \/>\n\t<meta name=\"twitter:data1\" content=\"1 minuutti\" \/>\n<script type=\"application\/ld+json\" class=\"yoast-schema-graph\">{\"@context\":\"https:\\\/\\\/schema.org\",\"@graph\":[{\"@type\":\"WebPage\",\"@id\":\"https:\\\/\\\/lanordica.fi\\\/product\\\/130-mm-aloituskappale\\\/\",\"url\":\"https:\\\/\\\/lanordica.fi\\\/product\\\/130-mm-aloituskappale\\\/\",\"name\":\"Vaihtoyhde 130 mm - Valurauta - La Nordica - Suomi\",\"isPartOf\":{\"@id\":\"https:\\\/\\\/lanordica.fi\\\/#website\"},\"primaryImageOfPage\":{\"@id\":\"https:\\\/\\\/lanordica.fi\\\/product\\\/130-mm-aloituskappale\\\/#primaryimage\"},\"image\":{\"@id\":\"https:\\\/\\\/lanordica.fi\\\/product\\\/130-mm-aloituskappale\\\/#primaryimage\"},\"thumbnailUrl\":\"https:\\\/\\\/i0.wp.com\\\/lanordica.fi\\\/wp-content\\\/uploads\\\/2025\\\/11\\\/Lanordica-valurautayhde-130mm-1036018.jpg?fit=900%2C900&ssl=1\",\"datePublished\":\"2025-11-13T11:00:07+00:00\",\"dateModified\":\"2026-02-17T19:05:26+00:00\",\"description\":\"130 mm vaihtol\u00e4ht\u00f6kappale tuotteisiin joissa on 120 mm l\u00e4ht\u00f6kappale\",\"breadcrumb\":{\"@id\":\"https:\\\/\\\/lanordica.fi\\\/product\\\/130-mm-aloituskappale\\\/#breadcrumb\"},\"inLanguage\":\"fi\",\"potentialAction\":[{\"@type\":\"ReadAction\",\"target\":[\"https:\\\/\\\/lanordica.fi\\\/product\\\/130-mm-aloituskappale\\\/\"]}]},{\"@type\":\"ImageObject\",\"inLanguage\":\"fi\",\"@id\":\"https:\\\/\\\/lanordica.fi\\\/product\\\/130-mm-aloituskappale\\\/#primaryimage\",\"url\":\"https:\\\/\\\/i0.wp.com\\\/lanordica.fi\\\/wp-content\\\/uploads\\\/2025\\\/11\\\/Lanordica-valurautayhde-130mm-1036018.jpg?fit=900%2C900&ssl=1\",\"contentUrl\":\"https:\\\/\\\/i0.wp.com\\\/lanordica.fi\\\/wp-content\\\/uploads\\\/2025\\\/11\\\/Lanordica-valurautayhde-130mm-1036018.jpg?fit=900%2C900&ssl=1\",\"width\":900,\"height\":900},{\"@type\":\"BreadcrumbList\",\"@id\":\"https:\\\/\\\/lanordica.fi\\\/product\\\/130-mm-aloituskappale\\\/#breadcrumb\",\"itemListElement\":[{\"@type\":\"ListItem\",\"position\":1,\"name\":\"Home\",\"item\":\"https:\\\/\\\/lanordica.fi\\\/\"},{\"@type\":\"ListItem\",\"position\":2,\"name\":\"Kauppa\",\"item\":\"https:\\\/\\\/lanordica.fi\\\/shop\\\/\"},{\"@type\":\"ListItem\",\"position\":3,\"name\":\"Vaihtoyhde 130 mm &#8211; Valurauta\"}]},{\"@type\":\"WebSite\",\"@id\":\"https:\\\/\\\/lanordica.fi\\\/#website\",\"url\":\"https:\\\/\\\/lanordica.fi\\\/\",\"name\":\"La Nordica - Suomi\",\"description\":\"L\u00e4mp\u00f6\u00e4 kotiisi\",\"publisher\":{\"@id\":\"https:\\\/\\\/lanordica.fi\\\/#organization\"},\"potentialAction\":[{\"@type\":\"SearchAction\",\"target\":{\"@type\":\"EntryPoint\",\"urlTemplate\":\"https:\\\/\\\/lanordica.fi\\\/?s={search_term_string}\"},\"query-input\":{\"@type\":\"PropertyValueSpecification\",\"valueRequired\":true,\"valueName\":\"search_term_string\"}}],\"inLanguage\":\"fi\"},{\"@type\":\"Organization\",\"@id\":\"https:\\\/\\\/lanordica.fi\\\/#organization\",\"name\":\"La Nordica - Suomi\",\"url\":\"https:\\\/\\\/lanordica.fi\\\/\",\"logo\":{\"@type\":\"ImageObject\",\"inLanguage\":\"fi\",\"@id\":\"https:\\\/\\\/lanordica.fi\\\/#\\\/schema\\\/logo\\\/image\\\/\",\"url\":\"https:\\\/\\\/i0.wp.com\\\/lanordica.fi\\\/wp-content\\\/uploads\\\/2018\\\/03\\\/lanordica-fi.png?fit=768%2C282&ssl=1\",\"contentUrl\":\"https:\\\/\\\/i0.wp.com\\\/lanordica.fi\\\/wp-content\\\/uploads\\\/2018\\\/03\\\/lanordica-fi.png?fit=768%2C282&ssl=1\",\"width\":768,\"height\":282,\"caption\":\"La Nordica - Suomi\"},\"image\":{\"@id\":\"https:\\\/\\\/lanordica.fi\\\/#\\\/schema\\\/logo\\\/image\\\/\"}}]}<\/script>\n<!-- \/ Yoast SEO plugin. -->","yoast_head_json":{"title":"Vaihtoyhde 130 mm - Valurauta - La Nordica - Suomi","description":"130 mm vaihtol\u00e4ht\u00f6kappale tuotteisiin joissa on 120 mm l\u00e4ht\u00f6kappale","robots":{"index":"index","follow":"follow","max-snippet":"max-snippet:-1","max-image-preview":"max-image-preview:large","max-video-preview":"max-video-preview:-1"},"canonical":"https:\/\/lanordica.fi\/fi\/product\/130-mm-aloituskappale\/","og_locale":"fi_FI","og_type":"article","og_title":"Vaihtoyhde 130 mm - Valurauta - La Nordica - Suomi","og_description":"130 mm vaihtol\u00e4ht\u00f6kappale tuotteisiin joissa on 120 mm l\u00e4ht\u00f6kappale","og_url":"https:\/\/lanordica.fi\/fi\/product\/130-mm-aloituskappale\/","og_site_name":"La Nordica - Suomi","article_modified_time":"2026-02-17T19:05:26+00:00","og_image":[{"width":900,"height":900,"url":"https:\/\/lanordica.fi\/wp-content\/uploads\/2025\/11\/Lanordica-valurautayhde-130mm-1036018.jpg","type":"image\/jpeg"}],"twitter_card":"summary_large_image","twitter_misc":{"Arvioitu lukuaika":"1 minuutti"},"schema":{"@context":"https:\/\/schema.org","@graph":[{"@type":"WebPage","@id":"https:\/\/lanordica.fi\/product\/130-mm-aloituskappale\/","url":"https:\/\/lanordica.fi\/product\/130-mm-aloituskappale\/","name":"Vaihtoyhde 130 mm - Valurauta - La Nordica - Suomi","isPartOf":{"@id":"https:\/\/lanordica.fi\/#website"},"primaryImageOfPage":{"@id":"https:\/\/lanordica.fi\/product\/130-mm-aloituskappale\/#primaryimage"},"image":{"@id":"https:\/\/lanordica.fi\/product\/130-mm-aloituskappale\/#primaryimage"},"thumbnailUrl":"https:\/\/i0.wp.com\/lanordica.fi\/wp-content\/uploads\/2025\/11\/Lanordica-valurautayhde-130mm-1036018.jpg?fit=900%2C900&ssl=1","datePublished":"2025-11-13T11:00:07+00:00","dateModified":"2026-02-17T19:05:26+00:00","description":"130 mm vaihtol\u00e4ht\u00f6kappale tuotteisiin joissa on 120 mm l\u00e4ht\u00f6kappale","breadcrumb":{"@id":"https:\/\/lanordica.fi\/product\/130-mm-aloituskappale\/#breadcrumb"},"inLanguage":"fi","potentialAction":[{"@type":"ReadAction","target":["https:\/\/lanordica.fi\/product\/130-mm-aloituskappale\/"]}]},{"@type":"ImageObject","inLanguage":"fi","@id":"https:\/\/lanordica.fi\/product\/130-mm-aloituskappale\/#primaryimage","url":"https:\/\/i0.wp.com\/lanordica.fi\/wp-content\/uploads\/2025\/11\/Lanordica-valurautayhde-130mm-1036018.jpg?fit=900%2C900&ssl=1","contentUrl":"https:\/\/i0.wp.com\/lanordica.fi\/wp-content\/uploads\/2025\/11\/Lanordica-valurautayhde-130mm-1036018.jpg?fit=900%2C900&ssl=1","width":900,"height":900},{"@type":"BreadcrumbList","@id":"https:\/\/lanordica.fi\/product\/130-mm-aloituskappale\/#breadcrumb","itemListElement":[{"@type":"ListItem","position":1,"name":"Home","item":"https:\/\/lanordica.fi\/"},{"@type":"ListItem","position":2,"name":"Kauppa","item":"https:\/\/lanordica.fi\/shop\/"},{"@type":"ListItem","position":3,"name":"Vaihtoyhde 130 mm &#8211; Valurauta"}]},{"@type":"WebSite","@id":"https:\/\/lanordica.fi\/#website","url":"https:\/\/lanordica.fi\/","name":"La Nordica - Suomi","description":"L\u00e4mp\u00f6\u00e4 kotiisi","publisher":{"@id":"https:\/\/lanordica.fi\/#organization"},"potentialAction":[{"@type":"SearchAction","target":{"@type":"EntryPoint","urlTemplate":"https:\/\/lanordica.fi\/?s={search_term_string}"},"query-input":{"@type":"PropertyValueSpecification","valueRequired":true,"valueName":"search_term_string"}}],"inLanguage":"fi"},{"@type":"Organization","@id":"https:\/\/lanordica.fi\/#organization","name":"La Nordica - Suomi","url":"https:\/\/lanordica.fi\/","logo":{"@type":"ImageObject","inLanguage":"fi","@id":"https:\/\/lanordica.fi\/#\/schema\/logo\/image\/","url":"https:\/\/i0.wp.com\/lanordica.fi\/wp-content\/uploads\/2018\/03\/lanordica-fi.png?fit=768%2C282&ssl=1","contentUrl":"https:\/\/i0.wp.com\/lanordica.fi\/wp-content\/uploads\/2018\/03\/lanordica-fi.png?fit=768%2C282&ssl=1","width":768,"height":282,"caption":"La Nordica - Suomi"},"image":{"@id":"https:\/\/lanordica.fi\/#\/schema\/logo\/image\/"}}]}},"jetpack_publicize_connections":[],"jetpack_sharing_enabled":true,"jetpack_likes_enabled":true,"_links":{"self":[{"href":"https:\/\/lanordica.fi\/fi\/wp-json\/wp\/v2\/product\/13724","targetHints":{"allow":["GET"]}}],"collection":[{"href":"https:\/\/lanordica.fi\/fi\/wp-json\/wp\/v2\/product"}],"about":[{"href":"https:\/\/lanordica.fi\/fi\/wp-json\/wp\/v2\/types\/product"}],"version-history":[{"count":3,"href":"https:\/\/lanordica.fi\/fi\/wp-json\/wp\/v2\/product\/13724\/revisions"}],"predecessor-version":[{"id":13730,"href":"https:\/\/lanordica.fi\/fi\/wp-json\/wp\/v2\/product\/13724\/revisions\/13730"}],"wp:featuredmedia":[{"embeddable":true,"href":"https:\/\/lanordica.fi\/fi\/wp-json\/wp\/v2\/media\/13729"}],"wp:attachment":[{"href":"https:\/\/lanordica.fi\/fi\/wp-json\/wp\/v2\/media?parent=13724"}],"wp:term":[{"taxonomy":"product_brand","embeddable":true,"href":"https:\/\/lanordica.fi\/fi\/wp-json\/wp\/v2\/product_brand?post=13724"},{"taxonomy":"product_cat","embeddable":true,"href":"https:\/\/lanordica.fi\/fi\/wp-json\/wp\/v2\/product_cat?post=13724"},{"taxonomy":"product_tag","embeddable":true,"href":"https:\/\/lanordica.fi\/fi\/wp-json\/wp\/v2\/product_tag?post=13724"}],"curies":[{"name":"wp","href":"https:\/\/api.w.org\/{rel}","templated":true}]}}