{"id":13636,"date":"2025-10-30T12:51:43","date_gmt":"2025-10-30T12:51:43","guid":{"rendered":"https:\/\/lanordica.fi\/?post_type=product&#038;p=13636"},"modified":"2025-11-03T13:20:12","modified_gmt":"2025-11-03T13:20:12","slug":"lumen-1200-sahkotakka","status":"publish","type":"product","link":"https:\/\/lanordica.fi\/fi\/product\/lumen-1200-sahkotakka\/","title":{"rendered":"Lumen 1200 &#8211; S\u00e4hk\u00f6takka"},"content":{"rendered":"<p>Mitat LxKxS syd\u00e4n: 1200 x 569 x 319 mm<br \/>\nMitat LxKxS kuoret: 1700 x 631 x 403 mm<br \/>\nL\u00e4mmitysteho: 0 &#8211; 1000 &#8211; 2000 W<br \/>\nTunnelmavalaistuksen virrankulutus: 9 W<br \/>\nSyd\u00e4men paino: 54 kg<br \/>\nPaino kuorien kanssa: 73 kg<br \/>\nAleksa ohjaus: kyll\u00e4<br \/>\nMobiili applikaatio Wifi: <a href=\"https:\/\/www.lanordica-extraflame.com\/en\/tips-and-solutions\/control-your-stove-with-the-total-control-app\">Kyll\u00e4, Total Control 3<\/a><\/p>\n<div style=\"position: relative; width: 100%; max-width: 400px; margin: auto;\">\n<div style=\"position: relative; padding-top: 177.78%; height: 0; overflow: hidden; border-radius: 12px; box-shadow: 0 0 10px rgba(0,0,0,0.15);\"><iframe style=\"position: absolute; top: 0; left: 0; width: 100%; height: 100%; border: 0;\" title=\"YouTube Shorts video\" src=\"https:\/\/www.youtube.com\/embed\/J2iFVHkTHIw\" allowfullscreen=\"allowfullscreen\"><\/iframe><\/div>\n<\/div>\n","protected":false},"excerpt":{"rendered":"<p data-start=\"0\" data-end=\"56\"><strong data-start=\"0\" data-end=\"56\">Lumen-sarjan s\u00e4hk\u00f6inen takka \u2013 Tuli uudessa muodossa<\/strong><\/p>\n<p data-start=\"58\" data-end=\"248\">Lumen-sarjan s\u00e4hk\u00f6inen takka tuo uskomattoman aidon tulen ja tunnelman ilman halkoja, hormeja tai asennusvaivaa. Se yhdist\u00e4\u00e4 modernin teknologian ja tulen ikiaikaisen vieh\u00e4tyksen \u2013 elegantisti ja helposti.<\/p>\n<p data-start=\"250\" data-end=\"278\"><strong data-start=\"250\" data-end=\"278\">Ominaisuudet<\/strong><\/p>\n<p>Ohjaus kaukos\u00e4\u00e4timest\u00e4, Total Control 3 mobiili applikaatiolla tai Alexan kautta. Kolme eri kuorivaihtoehtoa, tai rakenna itse kuoret mist\u00e4 materiaalista tahansa! Kannakointi sein\u00e4\u00e4n kiinnikerungolla, kiinnit\u00e4 runko sein\u00e4\u00e4n ja nosta tuote paikoilleen! Tehokas puhallusl\u00e4mmitin, joka on l\u00e4mmin sekunneissa! <strong>Aidot k\u00e4sin asetellut polttopuut <\/strong>(epoksivalettu tulipes\u00e4n pohjalle) ovat Italiassa tarkkaan valittu, kuivattu, ja hiilostettu aidon tunnelman luomiseksi. Uskomattoman aidon n\u00e4k\u00f6inen hiillos tulipes\u00e4n pohjalla. Liekin nopeus s\u00e4\u00e4dett\u00e4viss\u00e4 kolmeen eri nopeuteen. Tulipes\u00e4n hehkuva valaistus s\u00e4\u00e4dett\u00e4viss\u00e4. Tuote voidaan vakiona asentaa lasiluukku vain eteen, my\u00f6s toiselle sivulle tai kolmeen suuntaan.<\/p>\n<p><strong>Kuoret<\/strong><\/p>\n<p>Valitse valmiit kivij\u00e4ljitelm\u00e4kuoret takan ymp\u00e4rille helppoon asennukseen ja viimeistelyyn. Kolme eri v\u00e4rivaihtoehtoa, Kalkkikivi, kivi ja antrasiitti. Tai valmista itse takan kuori haluamastasi materiaalista!<\/p>\n<p data-start=\"492\" data-end=\"539\" data-is-last-node=\"\" data-is-only-node=\"\">\n","protected":false},"featured_media":13642,"template":"","meta":{"_monsterinsights_skip_tracking":false,"_monsterinsights_sitenote_active":false,"_monsterinsights_sitenote_note":"","_monsterinsights_sitenote_category":0,"jetpack_publicize_message":"","jetpack_publicize_feature_enabled":true,"jetpack_social_post_already_shared":true,"jetpack_social_options":{"image_generator_settings":{"template":"highway","default_image_id":0,"font":"","enabled":false},"version":2},"_wpas_customize_per_network":false},"product_brand":[],"product_cat":[1587],"product_tag":[1588],"class_list":{"0":"post-13636","1":"product","2":"type-product","3":"status-publish","4":"has-post-thumbnail","6":"product_cat-sahkotakat","7":"product_tag-sahkotakka","8":"product_shipping_class-takka-tai-kamiina","10":"first","11":"instock","12":"taxable","13":"shipping-taxable","14":"purchasable","15":"product-type-variable"},"yoast_head":"<!-- This site is optimized with the Yoast SEO plugin v27.5 - https:\/\/yoast.com\/product\/yoast-seo-wordpress\/ -->\n<title>Lumen 1200 - S\u00e4hk\u00f6takka - La Nordica - Suomi<\/title>\n<meta name=\"description\" content=\"Upean aito tuli! Italiassa valmistettu 1200 mm leve\u00e4 s\u00e4hk\u00f6takka aidoilla polttopuilla, uskomattoman upealla liekill\u00e4 ja hiillos valaistuksella.\" \/>\n<meta name=\"robots\" content=\"index, follow, max-snippet:-1, max-image-preview:large, max-video-preview:-1\" \/>\n<link rel=\"canonical\" href=\"https:\/\/lanordica.fi\/fi\/product\/lumen-1200-sahkotakka\/\" \/>\n<meta property=\"og:locale\" content=\"fi_FI\" \/>\n<meta property=\"og:type\" content=\"article\" \/>\n<meta property=\"og:title\" content=\"Lumen 1200 - S\u00e4hk\u00f6takka - La Nordica - Suomi\" \/>\n<meta property=\"og:description\" content=\"Upean aito tuli! Italiassa valmistettu 1200 mm leve\u00e4 s\u00e4hk\u00f6takka aidoilla polttopuilla, uskomattoman upealla liekill\u00e4 ja hiillos valaistuksella.\" \/>\n<meta property=\"og:url\" content=\"https:\/\/lanordica.fi\/fi\/product\/lumen-1200-sahkotakka\/\" \/>\n<meta property=\"og:site_name\" content=\"La Nordica - Suomi\" \/>\n<meta property=\"article:modified_time\" content=\"2025-11-03T13:20:12+00:00\" \/>\n<meta property=\"og:image\" content=\"https:\/\/lanordica.fi\/wp-content\/uploads\/2025\/10\/lumen-1200-sahkotakka-olohuone.jpg\" \/>\n\t<meta property=\"og:image:width\" content=\"900\" \/>\n\t<meta property=\"og:image:height\" content=\"900\" \/>\n\t<meta property=\"og:image:type\" content=\"image\/jpeg\" \/>\n<meta name=\"twitter:card\" content=\"summary_large_image\" \/>\n<meta name=\"twitter:label1\" content=\"Arvioitu lukuaika\" \/>\n\t<meta name=\"twitter:data1\" content=\"1 minuutti\" \/>\n<script type=\"application\/ld+json\" class=\"yoast-schema-graph\">{\"@context\":\"https:\\\/\\\/schema.org\",\"@graph\":[{\"@type\":\"WebPage\",\"@id\":\"https:\\\/\\\/lanordica.fi\\\/product\\\/lumen-1200-sahkotakka\\\/\",\"url\":\"https:\\\/\\\/lanordica.fi\\\/product\\\/lumen-1200-sahkotakka\\\/\",\"name\":\"Lumen 1200 - S\u00e4hk\u00f6takka - La Nordica - Suomi\",\"isPartOf\":{\"@id\":\"https:\\\/\\\/lanordica.fi\\\/#website\"},\"primaryImageOfPage\":{\"@id\":\"https:\\\/\\\/lanordica.fi\\\/product\\\/lumen-1200-sahkotakka\\\/#primaryimage\"},\"image\":{\"@id\":\"https:\\\/\\\/lanordica.fi\\\/product\\\/lumen-1200-sahkotakka\\\/#primaryimage\"},\"thumbnailUrl\":\"https:\\\/\\\/i0.wp.com\\\/lanordica.fi\\\/wp-content\\\/uploads\\\/2025\\\/10\\\/lumen-1200-sahkotakka-olohuone.jpg?fit=900%2C900&ssl=1\",\"datePublished\":\"2025-10-30T12:51:43+00:00\",\"dateModified\":\"2025-11-03T13:20:12+00:00\",\"description\":\"Upean aito tuli! Italiassa valmistettu 1200 mm leve\u00e4 s\u00e4hk\u00f6takka aidoilla polttopuilla, uskomattoman upealla liekill\u00e4 ja hiillos valaistuksella.\",\"breadcrumb\":{\"@id\":\"https:\\\/\\\/lanordica.fi\\\/product\\\/lumen-1200-sahkotakka\\\/#breadcrumb\"},\"inLanguage\":\"fi\",\"potentialAction\":[{\"@type\":\"ReadAction\",\"target\":[\"https:\\\/\\\/lanordica.fi\\\/product\\\/lumen-1200-sahkotakka\\\/\"]}]},{\"@type\":\"ImageObject\",\"inLanguage\":\"fi\",\"@id\":\"https:\\\/\\\/lanordica.fi\\\/product\\\/lumen-1200-sahkotakka\\\/#primaryimage\",\"url\":\"https:\\\/\\\/i0.wp.com\\\/lanordica.fi\\\/wp-content\\\/uploads\\\/2025\\\/10\\\/lumen-1200-sahkotakka-olohuone.jpg?fit=900%2C900&ssl=1\",\"contentUrl\":\"https:\\\/\\\/i0.wp.com\\\/lanordica.fi\\\/wp-content\\\/uploads\\\/2025\\\/10\\\/lumen-1200-sahkotakka-olohuone.jpg?fit=900%2C900&ssl=1\",\"width\":900,\"height\":900},{\"@type\":\"BreadcrumbList\",\"@id\":\"https:\\\/\\\/lanordica.fi\\\/product\\\/lumen-1200-sahkotakka\\\/#breadcrumb\",\"itemListElement\":[{\"@type\":\"ListItem\",\"position\":1,\"name\":\"Home\",\"item\":\"https:\\\/\\\/lanordica.fi\\\/\"},{\"@type\":\"ListItem\",\"position\":2,\"name\":\"Kauppa\",\"item\":\"https:\\\/\\\/lanordica.fi\\\/shop\\\/\"},{\"@type\":\"ListItem\",\"position\":3,\"name\":\"Lumen 1200 &#8211; S\u00e4hk\u00f6takka\"}]},{\"@type\":\"WebSite\",\"@id\":\"https:\\\/\\\/lanordica.fi\\\/#website\",\"url\":\"https:\\\/\\\/lanordica.fi\\\/\",\"name\":\"La Nordica - Suomi\",\"description\":\"L\u00e4mp\u00f6\u00e4 kotiisi\",\"publisher\":{\"@id\":\"https:\\\/\\\/lanordica.fi\\\/#organization\"},\"potentialAction\":[{\"@type\":\"SearchAction\",\"target\":{\"@type\":\"EntryPoint\",\"urlTemplate\":\"https:\\\/\\\/lanordica.fi\\\/?s={search_term_string}\"},\"query-input\":{\"@type\":\"PropertyValueSpecification\",\"valueRequired\":true,\"valueName\":\"search_term_string\"}}],\"inLanguage\":\"fi\"},{\"@type\":\"Organization\",\"@id\":\"https:\\\/\\\/lanordica.fi\\\/#organization\",\"name\":\"La Nordica - Suomi\",\"url\":\"https:\\\/\\\/lanordica.fi\\\/\",\"logo\":{\"@type\":\"ImageObject\",\"inLanguage\":\"fi\",\"@id\":\"https:\\\/\\\/lanordica.fi\\\/#\\\/schema\\\/logo\\\/image\\\/\",\"url\":\"https:\\\/\\\/i0.wp.com\\\/lanordica.fi\\\/wp-content\\\/uploads\\\/2018\\\/03\\\/lanordica-fi.png?fit=768%2C282&ssl=1\",\"contentUrl\":\"https:\\\/\\\/i0.wp.com\\\/lanordica.fi\\\/wp-content\\\/uploads\\\/2018\\\/03\\\/lanordica-fi.png?fit=768%2C282&ssl=1\",\"width\":768,\"height\":282,\"caption\":\"La Nordica - Suomi\"},\"image\":{\"@id\":\"https:\\\/\\\/lanordica.fi\\\/#\\\/schema\\\/logo\\\/image\\\/\"}}]}<\/script>\n<!-- \/ Yoast SEO plugin. -->","yoast_head_json":{"title":"Lumen 1200 - S\u00e4hk\u00f6takka - La Nordica - Suomi","description":"Upean aito tuli! Italiassa valmistettu 1200 mm leve\u00e4 s\u00e4hk\u00f6takka aidoilla polttopuilla, uskomattoman upealla liekill\u00e4 ja hiillos valaistuksella.","robots":{"index":"index","follow":"follow","max-snippet":"max-snippet:-1","max-image-preview":"max-image-preview:large","max-video-preview":"max-video-preview:-1"},"canonical":"https:\/\/lanordica.fi\/fi\/product\/lumen-1200-sahkotakka\/","og_locale":"fi_FI","og_type":"article","og_title":"Lumen 1200 - S\u00e4hk\u00f6takka - La Nordica - Suomi","og_description":"Upean aito tuli! Italiassa valmistettu 1200 mm leve\u00e4 s\u00e4hk\u00f6takka aidoilla polttopuilla, uskomattoman upealla liekill\u00e4 ja hiillos valaistuksella.","og_url":"https:\/\/lanordica.fi\/fi\/product\/lumen-1200-sahkotakka\/","og_site_name":"La Nordica - Suomi","article_modified_time":"2025-11-03T13:20:12+00:00","og_image":[{"width":900,"height":900,"url":"https:\/\/lanordica.fi\/wp-content\/uploads\/2025\/10\/lumen-1200-sahkotakka-olohuone.jpg","type":"image\/jpeg"}],"twitter_card":"summary_large_image","twitter_misc":{"Arvioitu lukuaika":"1 minuutti"},"schema":{"@context":"https:\/\/schema.org","@graph":[{"@type":"WebPage","@id":"https:\/\/lanordica.fi\/product\/lumen-1200-sahkotakka\/","url":"https:\/\/lanordica.fi\/product\/lumen-1200-sahkotakka\/","name":"Lumen 1200 - S\u00e4hk\u00f6takka - La Nordica - Suomi","isPartOf":{"@id":"https:\/\/lanordica.fi\/#website"},"primaryImageOfPage":{"@id":"https:\/\/lanordica.fi\/product\/lumen-1200-sahkotakka\/#primaryimage"},"image":{"@id":"https:\/\/lanordica.fi\/product\/lumen-1200-sahkotakka\/#primaryimage"},"thumbnailUrl":"https:\/\/i0.wp.com\/lanordica.fi\/wp-content\/uploads\/2025\/10\/lumen-1200-sahkotakka-olohuone.jpg?fit=900%2C900&ssl=1","datePublished":"2025-10-30T12:51:43+00:00","dateModified":"2025-11-03T13:20:12+00:00","description":"Upean aito tuli! Italiassa valmistettu 1200 mm leve\u00e4 s\u00e4hk\u00f6takka aidoilla polttopuilla, uskomattoman upealla liekill\u00e4 ja hiillos valaistuksella.","breadcrumb":{"@id":"https:\/\/lanordica.fi\/product\/lumen-1200-sahkotakka\/#breadcrumb"},"inLanguage":"fi","potentialAction":[{"@type":"ReadAction","target":["https:\/\/lanordica.fi\/product\/lumen-1200-sahkotakka\/"]}]},{"@type":"ImageObject","inLanguage":"fi","@id":"https:\/\/lanordica.fi\/product\/lumen-1200-sahkotakka\/#primaryimage","url":"https:\/\/i0.wp.com\/lanordica.fi\/wp-content\/uploads\/2025\/10\/lumen-1200-sahkotakka-olohuone.jpg?fit=900%2C900&ssl=1","contentUrl":"https:\/\/i0.wp.com\/lanordica.fi\/wp-content\/uploads\/2025\/10\/lumen-1200-sahkotakka-olohuone.jpg?fit=900%2C900&ssl=1","width":900,"height":900},{"@type":"BreadcrumbList","@id":"https:\/\/lanordica.fi\/product\/lumen-1200-sahkotakka\/#breadcrumb","itemListElement":[{"@type":"ListItem","position":1,"name":"Home","item":"https:\/\/lanordica.fi\/"},{"@type":"ListItem","position":2,"name":"Kauppa","item":"https:\/\/lanordica.fi\/shop\/"},{"@type":"ListItem","position":3,"name":"Lumen 1200 &#8211; S\u00e4hk\u00f6takka"}]},{"@type":"WebSite","@id":"https:\/\/lanordica.fi\/#website","url":"https:\/\/lanordica.fi\/","name":"La Nordica - Suomi","description":"L\u00e4mp\u00f6\u00e4 kotiisi","publisher":{"@id":"https:\/\/lanordica.fi\/#organization"},"potentialAction":[{"@type":"SearchAction","target":{"@type":"EntryPoint","urlTemplate":"https:\/\/lanordica.fi\/?s={search_term_string}"},"query-input":{"@type":"PropertyValueSpecification","valueRequired":true,"valueName":"search_term_string"}}],"inLanguage":"fi"},{"@type":"Organization","@id":"https:\/\/lanordica.fi\/#organization","name":"La Nordica - Suomi","url":"https:\/\/lanordica.fi\/","logo":{"@type":"ImageObject","inLanguage":"fi","@id":"https:\/\/lanordica.fi\/#\/schema\/logo\/image\/","url":"https:\/\/i0.wp.com\/lanordica.fi\/wp-content\/uploads\/2018\/03\/lanordica-fi.png?fit=768%2C282&ssl=1","contentUrl":"https:\/\/i0.wp.com\/lanordica.fi\/wp-content\/uploads\/2018\/03\/lanordica-fi.png?fit=768%2C282&ssl=1","width":768,"height":282,"caption":"La Nordica - Suomi"},"image":{"@id":"https:\/\/lanordica.fi\/#\/schema\/logo\/image\/"}}]}},"jetpack_publicize_connections":[],"jetpack_sharing_enabled":true,"jetpack_likes_enabled":true,"_links":{"self":[{"href":"https:\/\/lanordica.fi\/fi\/wp-json\/wp\/v2\/product\/13636","targetHints":{"allow":["GET"]}}],"collection":[{"href":"https:\/\/lanordica.fi\/fi\/wp-json\/wp\/v2\/product"}],"about":[{"href":"https:\/\/lanordica.fi\/fi\/wp-json\/wp\/v2\/types\/product"}],"version-history":[{"count":3,"href":"https:\/\/lanordica.fi\/fi\/wp-json\/wp\/v2\/product\/13636\/revisions"}],"predecessor-version":[{"id":13699,"href":"https:\/\/lanordica.fi\/fi\/wp-json\/wp\/v2\/product\/13636\/revisions\/13699"}],"wp:featuredmedia":[{"embeddable":true,"href":"https:\/\/lanordica.fi\/fi\/wp-json\/wp\/v2\/media\/13642"}],"wp:attachment":[{"href":"https:\/\/lanordica.fi\/fi\/wp-json\/wp\/v2\/media?parent=13636"}],"wp:term":[{"taxonomy":"product_brand","embeddable":true,"href":"https:\/\/lanordica.fi\/fi\/wp-json\/wp\/v2\/product_brand?post=13636"},{"taxonomy":"product_cat","embeddable":true,"href":"https:\/\/lanordica.fi\/fi\/wp-json\/wp\/v2\/product_cat?post=13636"},{"taxonomy":"product_tag","embeddable":true,"href":"https:\/\/lanordica.fi\/fi\/wp-json\/wp\/v2\/product_tag?post=13636"}],"curies":[{"name":"wp","href":"https:\/\/api.w.org\/{rel}","templated":true}]}}