{"id":13388,"date":"2025-10-01T07:17:44","date_gmt":"2025-10-01T07:17:44","guid":{"rendered":"https:\/\/lanordica.fi\/?post_type=product&#038;p=13388"},"modified":"2025-11-03T19:20:33","modified_gmt":"2025-11-03T19:20:33","slug":"extraflame-sytytysvastus-300-w-kopio","status":"publish","type":"product","link":"https:\/\/lanordica.fi\/fi\/product\/extraflame-sytytysvastus-300-w-kopio\/","title":{"rendered":"ExtraFlame sytytysvastus 300 W Kierrekiinnitys"},"content":{"rendered":"","protected":false},"excerpt":{"rendered":"<div class=\"elementor-element elementor-element-a32fffe elementor-widget elementor-widget-woocommerce-product-short-description\" data-id=\"a32fffe\" data-element_type=\"widget\" data-widget_type=\"woocommerce-product-short-description.default\">\n<div class=\"elementor-widget-container\">\n<div class=\"woocommerce-product-details__short-description\">\n<p>Sytytysvastus malleihin joissa kierrekiinnitys. Pituus 155 mm, kierteen juuresta 144 mm. Paksuus 9,9 mm.<\/p>\n<p>Sopii esim malleihin:<\/p>\n<ul>\n<li>Gabriella Plus<\/li>\n<li>Giusy 5.0<\/li>\n<li>Giusy EVO Plus 2.0<\/li>\n<li>Giusy Evo 2.0<\/li>\n<li>Giusy Plus 5.0<\/li>\n<li>Ketty 5.0<\/li>\n<li>Ketty Evo 2.0<\/li>\n<li>Klaudia<\/li>\n<li>Klaudia Plus<\/li>\n<li>Sabry<\/li>\n<li>Serafina Evo<\/li>\n<\/ul>\n<\/div>\n<\/div>\n<\/div>\n","protected":false},"featured_media":13389,"template":"","meta":{"_monsterinsights_skip_tracking":false,"_monsterinsights_sitenote_active":false,"_monsterinsights_sitenote_note":"","_monsterinsights_sitenote_category":0,"jetpack_publicize_message":"","jetpack_publicize_feature_enabled":true,"jetpack_social_post_already_shared":true,"jetpack_social_options":{"image_generator_settings":{"template":"highway","default_image_id":0,"font":"","enabled":false},"version":2},"_wpas_customize_per_network":false},"product_brand":[],"product_cat":[1586,1580],"product_tag":[1583],"class_list":{"0":"post-13388","1":"product","2":"type-product","3":"status-publish","4":"has-post-thumbnail","6":"product_cat-extraflame-varaosat","7":"product_cat-varaosat","8":"product_tag-sytytysvastus","9":"product_shipping_class-pikkupaketti","11":"first","12":"instock","13":"taxable","14":"shipping-taxable","15":"purchasable","16":"product-type-simple"},"yoast_head":"<!-- This site is optimized with the Yoast SEO plugin v27.5 - https:\/\/yoast.com\/product\/yoast-seo-wordpress\/ -->\n<title>ExtraFlame sytytysvastus 300 W Kierrekiinnitys - La Nordica - Suomi<\/title>\n<meta name=\"description\" content=\"Yleismallin 10 mm \/ 155 mm sytytysvastus 300 W teholla, ExtraFlame pellettitakkoihin.\" \/>\n<meta name=\"robots\" content=\"index, follow, max-snippet:-1, max-image-preview:large, max-video-preview:-1\" \/>\n<link rel=\"canonical\" href=\"https:\/\/lanordica.fi\/fi\/product\/extraflame-sytytysvastus-300-w-kopio\/\" \/>\n<meta property=\"og:locale\" content=\"fi_FI\" \/>\n<meta property=\"og:type\" content=\"article\" \/>\n<meta property=\"og:title\" content=\"ExtraFlame sytytysvastus 300 W Kierrekiinnitys - La Nordica - Suomi\" \/>\n<meta property=\"og:description\" content=\"Yleismallin 10 mm \/ 155 mm sytytysvastus 300 W teholla, ExtraFlame pellettitakkoihin.\" \/>\n<meta property=\"og:url\" content=\"https:\/\/lanordica.fi\/fi\/product\/extraflame-sytytysvastus-300-w-kopio\/\" \/>\n<meta property=\"og:site_name\" content=\"La Nordica - Suomi\" \/>\n<meta property=\"article:modified_time\" content=\"2025-11-03T19:20:33+00:00\" \/>\n<meta property=\"og:image\" content=\"https:\/\/lanordica.fi\/wp-content\/uploads\/2025\/10\/extraflame-sytytysvastus-kierteilla.jpg\" \/>\n\t<meta property=\"og:image:width\" content=\"900\" \/>\n\t<meta property=\"og:image:height\" content=\"900\" \/>\n\t<meta property=\"og:image:type\" content=\"image\/jpeg\" \/>\n<meta name=\"twitter:card\" content=\"summary_large_image\" \/>\n<meta name=\"twitter:label1\" content=\"Arvioitu lukuaika\" \/>\n\t<meta name=\"twitter:data1\" content=\"1 minuutti\" \/>\n<script type=\"application\/ld+json\" class=\"yoast-schema-graph\">{\"@context\":\"https:\\\/\\\/schema.org\",\"@graph\":[{\"@type\":\"WebPage\",\"@id\":\"https:\\\/\\\/lanordica.fi\\\/product\\\/extraflame-sytytysvastus-300-w-kopio\\\/\",\"url\":\"https:\\\/\\\/lanordica.fi\\\/product\\\/extraflame-sytytysvastus-300-w-kopio\\\/\",\"name\":\"ExtraFlame sytytysvastus 300 W Kierrekiinnitys - La Nordica - Suomi\",\"isPartOf\":{\"@id\":\"https:\\\/\\\/lanordica.fi\\\/#website\"},\"primaryImageOfPage\":{\"@id\":\"https:\\\/\\\/lanordica.fi\\\/product\\\/extraflame-sytytysvastus-300-w-kopio\\\/#primaryimage\"},\"image\":{\"@id\":\"https:\\\/\\\/lanordica.fi\\\/product\\\/extraflame-sytytysvastus-300-w-kopio\\\/#primaryimage\"},\"thumbnailUrl\":\"https:\\\/\\\/i0.wp.com\\\/lanordica.fi\\\/wp-content\\\/uploads\\\/2025\\\/10\\\/extraflame-sytytysvastus-kierteilla.jpg?fit=900%2C900&ssl=1\",\"datePublished\":\"2025-10-01T07:17:44+00:00\",\"dateModified\":\"2025-11-03T19:20:33+00:00\",\"description\":\"Yleismallin 10 mm \\\/ 155 mm sytytysvastus 300 W teholla, ExtraFlame pellettitakkoihin.\",\"breadcrumb\":{\"@id\":\"https:\\\/\\\/lanordica.fi\\\/product\\\/extraflame-sytytysvastus-300-w-kopio\\\/#breadcrumb\"},\"inLanguage\":\"fi\",\"potentialAction\":[{\"@type\":\"ReadAction\",\"target\":[\"https:\\\/\\\/lanordica.fi\\\/product\\\/extraflame-sytytysvastus-300-w-kopio\\\/\"]}]},{\"@type\":\"ImageObject\",\"inLanguage\":\"fi\",\"@id\":\"https:\\\/\\\/lanordica.fi\\\/product\\\/extraflame-sytytysvastus-300-w-kopio\\\/#primaryimage\",\"url\":\"https:\\\/\\\/i0.wp.com\\\/lanordica.fi\\\/wp-content\\\/uploads\\\/2025\\\/10\\\/extraflame-sytytysvastus-kierteilla.jpg?fit=900%2C900&ssl=1\",\"contentUrl\":\"https:\\\/\\\/i0.wp.com\\\/lanordica.fi\\\/wp-content\\\/uploads\\\/2025\\\/10\\\/extraflame-sytytysvastus-kierteilla.jpg?fit=900%2C900&ssl=1\",\"width\":900,\"height\":900},{\"@type\":\"BreadcrumbList\",\"@id\":\"https:\\\/\\\/lanordica.fi\\\/product\\\/extraflame-sytytysvastus-300-w-kopio\\\/#breadcrumb\",\"itemListElement\":[{\"@type\":\"ListItem\",\"position\":1,\"name\":\"Home\",\"item\":\"https:\\\/\\\/lanordica.fi\\\/\"},{\"@type\":\"ListItem\",\"position\":2,\"name\":\"Kauppa\",\"item\":\"https:\\\/\\\/lanordica.fi\\\/shop\\\/\"},{\"@type\":\"ListItem\",\"position\":3,\"name\":\"ExtraFlame sytytysvastus 300 W Kierrekiinnitys\"}]},{\"@type\":\"WebSite\",\"@id\":\"https:\\\/\\\/lanordica.fi\\\/#website\",\"url\":\"https:\\\/\\\/lanordica.fi\\\/\",\"name\":\"La Nordica - Suomi\",\"description\":\"L\u00e4mp\u00f6\u00e4 kotiisi\",\"publisher\":{\"@id\":\"https:\\\/\\\/lanordica.fi\\\/#organization\"},\"potentialAction\":[{\"@type\":\"SearchAction\",\"target\":{\"@type\":\"EntryPoint\",\"urlTemplate\":\"https:\\\/\\\/lanordica.fi\\\/?s={search_term_string}\"},\"query-input\":{\"@type\":\"PropertyValueSpecification\",\"valueRequired\":true,\"valueName\":\"search_term_string\"}}],\"inLanguage\":\"fi\"},{\"@type\":\"Organization\",\"@id\":\"https:\\\/\\\/lanordica.fi\\\/#organization\",\"name\":\"La Nordica - Suomi\",\"url\":\"https:\\\/\\\/lanordica.fi\\\/\",\"logo\":{\"@type\":\"ImageObject\",\"inLanguage\":\"fi\",\"@id\":\"https:\\\/\\\/lanordica.fi\\\/#\\\/schema\\\/logo\\\/image\\\/\",\"url\":\"https:\\\/\\\/i0.wp.com\\\/lanordica.fi\\\/wp-content\\\/uploads\\\/2018\\\/03\\\/lanordica-fi.png?fit=768%2C282&ssl=1\",\"contentUrl\":\"https:\\\/\\\/i0.wp.com\\\/lanordica.fi\\\/wp-content\\\/uploads\\\/2018\\\/03\\\/lanordica-fi.png?fit=768%2C282&ssl=1\",\"width\":768,\"height\":282,\"caption\":\"La Nordica - Suomi\"},\"image\":{\"@id\":\"https:\\\/\\\/lanordica.fi\\\/#\\\/schema\\\/logo\\\/image\\\/\"}}]}<\/script>\n<!-- \/ Yoast SEO plugin. -->","yoast_head_json":{"title":"ExtraFlame sytytysvastus 300 W Kierrekiinnitys - La Nordica - Suomi","description":"Yleismallin 10 mm \/ 155 mm sytytysvastus 300 W teholla, ExtraFlame pellettitakkoihin.","robots":{"index":"index","follow":"follow","max-snippet":"max-snippet:-1","max-image-preview":"max-image-preview:large","max-video-preview":"max-video-preview:-1"},"canonical":"https:\/\/lanordica.fi\/fi\/product\/extraflame-sytytysvastus-300-w-kopio\/","og_locale":"fi_FI","og_type":"article","og_title":"ExtraFlame sytytysvastus 300 W Kierrekiinnitys - La Nordica - Suomi","og_description":"Yleismallin 10 mm \/ 155 mm sytytysvastus 300 W teholla, ExtraFlame pellettitakkoihin.","og_url":"https:\/\/lanordica.fi\/fi\/product\/extraflame-sytytysvastus-300-w-kopio\/","og_site_name":"La Nordica - Suomi","article_modified_time":"2025-11-03T19:20:33+00:00","og_image":[{"width":900,"height":900,"url":"https:\/\/lanordica.fi\/wp-content\/uploads\/2025\/10\/extraflame-sytytysvastus-kierteilla.jpg","type":"image\/jpeg"}],"twitter_card":"summary_large_image","twitter_misc":{"Arvioitu lukuaika":"1 minuutti"},"schema":{"@context":"https:\/\/schema.org","@graph":[{"@type":"WebPage","@id":"https:\/\/lanordica.fi\/product\/extraflame-sytytysvastus-300-w-kopio\/","url":"https:\/\/lanordica.fi\/product\/extraflame-sytytysvastus-300-w-kopio\/","name":"ExtraFlame sytytysvastus 300 W Kierrekiinnitys - La Nordica - Suomi","isPartOf":{"@id":"https:\/\/lanordica.fi\/#website"},"primaryImageOfPage":{"@id":"https:\/\/lanordica.fi\/product\/extraflame-sytytysvastus-300-w-kopio\/#primaryimage"},"image":{"@id":"https:\/\/lanordica.fi\/product\/extraflame-sytytysvastus-300-w-kopio\/#primaryimage"},"thumbnailUrl":"https:\/\/i0.wp.com\/lanordica.fi\/wp-content\/uploads\/2025\/10\/extraflame-sytytysvastus-kierteilla.jpg?fit=900%2C900&ssl=1","datePublished":"2025-10-01T07:17:44+00:00","dateModified":"2025-11-03T19:20:33+00:00","description":"Yleismallin 10 mm \/ 155 mm sytytysvastus 300 W teholla, ExtraFlame pellettitakkoihin.","breadcrumb":{"@id":"https:\/\/lanordica.fi\/product\/extraflame-sytytysvastus-300-w-kopio\/#breadcrumb"},"inLanguage":"fi","potentialAction":[{"@type":"ReadAction","target":["https:\/\/lanordica.fi\/product\/extraflame-sytytysvastus-300-w-kopio\/"]}]},{"@type":"ImageObject","inLanguage":"fi","@id":"https:\/\/lanordica.fi\/product\/extraflame-sytytysvastus-300-w-kopio\/#primaryimage","url":"https:\/\/i0.wp.com\/lanordica.fi\/wp-content\/uploads\/2025\/10\/extraflame-sytytysvastus-kierteilla.jpg?fit=900%2C900&ssl=1","contentUrl":"https:\/\/i0.wp.com\/lanordica.fi\/wp-content\/uploads\/2025\/10\/extraflame-sytytysvastus-kierteilla.jpg?fit=900%2C900&ssl=1","width":900,"height":900},{"@type":"BreadcrumbList","@id":"https:\/\/lanordica.fi\/product\/extraflame-sytytysvastus-300-w-kopio\/#breadcrumb","itemListElement":[{"@type":"ListItem","position":1,"name":"Home","item":"https:\/\/lanordica.fi\/"},{"@type":"ListItem","position":2,"name":"Kauppa","item":"https:\/\/lanordica.fi\/shop\/"},{"@type":"ListItem","position":3,"name":"ExtraFlame sytytysvastus 300 W Kierrekiinnitys"}]},{"@type":"WebSite","@id":"https:\/\/lanordica.fi\/#website","url":"https:\/\/lanordica.fi\/","name":"La Nordica - Suomi","description":"L\u00e4mp\u00f6\u00e4 kotiisi","publisher":{"@id":"https:\/\/lanordica.fi\/#organization"},"potentialAction":[{"@type":"SearchAction","target":{"@type":"EntryPoint","urlTemplate":"https:\/\/lanordica.fi\/?s={search_term_string}"},"query-input":{"@type":"PropertyValueSpecification","valueRequired":true,"valueName":"search_term_string"}}],"inLanguage":"fi"},{"@type":"Organization","@id":"https:\/\/lanordica.fi\/#organization","name":"La Nordica - Suomi","url":"https:\/\/lanordica.fi\/","logo":{"@type":"ImageObject","inLanguage":"fi","@id":"https:\/\/lanordica.fi\/#\/schema\/logo\/image\/","url":"https:\/\/i0.wp.com\/lanordica.fi\/wp-content\/uploads\/2018\/03\/lanordica-fi.png?fit=768%2C282&ssl=1","contentUrl":"https:\/\/i0.wp.com\/lanordica.fi\/wp-content\/uploads\/2018\/03\/lanordica-fi.png?fit=768%2C282&ssl=1","width":768,"height":282,"caption":"La Nordica - Suomi"},"image":{"@id":"https:\/\/lanordica.fi\/#\/schema\/logo\/image\/"}}]}},"jetpack_publicize_connections":[],"jetpack_sharing_enabled":true,"jetpack_likes_enabled":true,"_links":{"self":[{"href":"https:\/\/lanordica.fi\/fi\/wp-json\/wp\/v2\/product\/13388","targetHints":{"allow":["GET"]}}],"collection":[{"href":"https:\/\/lanordica.fi\/fi\/wp-json\/wp\/v2\/product"}],"about":[{"href":"https:\/\/lanordica.fi\/fi\/wp-json\/wp\/v2\/types\/product"}],"version-history":[{"count":3,"href":"https:\/\/lanordica.fi\/fi\/wp-json\/wp\/v2\/product\/13388\/revisions"}],"predecessor-version":[{"id":13832,"href":"https:\/\/lanordica.fi\/fi\/wp-json\/wp\/v2\/product\/13388\/revisions\/13832"}],"wp:featuredmedia":[{"embeddable":true,"href":"https:\/\/lanordica.fi\/fi\/wp-json\/wp\/v2\/media\/13389"}],"wp:attachment":[{"href":"https:\/\/lanordica.fi\/fi\/wp-json\/wp\/v2\/media?parent=13388"}],"wp:term":[{"taxonomy":"product_brand","embeddable":true,"href":"https:\/\/lanordica.fi\/fi\/wp-json\/wp\/v2\/product_brand?post=13388"},{"taxonomy":"product_cat","embeddable":true,"href":"https:\/\/lanordica.fi\/fi\/wp-json\/wp\/v2\/product_cat?post=13388"},{"taxonomy":"product_tag","embeddable":true,"href":"https:\/\/lanordica.fi\/fi\/wp-json\/wp\/v2\/product_tag?post=13388"}],"curies":[{"name":"wp","href":"https:\/\/api.w.org\/{rel}","templated":true}]}}