{"id":13382,"date":"2025-10-01T07:13:18","date_gmt":"2025-10-01T07:13:18","guid":{"rendered":"https:\/\/lanordica.fi\/?post_type=product&#038;p=13382"},"modified":"2026-02-07T09:25:40","modified_gmt":"2026-02-07T09:25:40","slug":"extraflame-sytytysvastus-300-w","status":"publish","type":"product","link":"https:\/\/lanordica.fi\/fi\/product\/extraflame-sytytysvastus-300-w\/","title":{"rendered":"ExtraFlame sytytysvastus 300 W"},"content":{"rendered":"","protected":false},"excerpt":{"rendered":"<div class=\"elementor-element elementor-element-a32fffe elementor-widget elementor-widget-woocommerce-product-short-description\" data-id=\"a32fffe\" data-element_type=\"widget\" data-widget_type=\"woocommerce-product-short-description.default\">\n<div class=\"elementor-widget-container\">\n<div class=\"woocommerce-product-details__short-description\">\n<p>Yleismallin 10 mm \/ 155 mm sytytysvastus 300 W teholla, ExtraFlame pellettitakkoihin. Uusimmassa vastusversiossa pikaliittimet. 300 W vastus k\u00e4y kaikkien vanhojen 200 W, 250 W ja 280 W tilalle. Vanhoihin takkamalleihin voidaan johtojen p\u00e4ihin joko vaihtaa pikaliittimet, tai liitt\u00e4\u00e4 vastus yleismallisilla s\u00e4hk\u00f6liittimill\u00e4. Mittaa vastuksen et\u00e4isyys ennen vanhan irrottamista. Vastus tulee olla v\u00e4hint\u00e4\u00e4n 8 mm vastuksen putken p\u00e4\u00e4st\u00e4, tai kauempana. K\u00e4yt\u00e4 s\u00e4hk\u00f6asennuksessa ammattitaitoista s\u00e4hk\u00f6asentajaa.<\/p>\n<p><a href=\"https:\/\/lanordica.fi\/wp-content\/uploads\/2025\/10\/Extraflame-sytytysvastuksen-vaihto-2026.pdf\">Extraflame sytytysvastuksen vaihtoohje.pdf<\/a><\/p>\n<p>Sopii esim malleihin:<\/p>\n<ul>\n<li>Anna Bella<\/li>\n<li>Baby Fiamma<\/li>\n<li>Bella ja Bella Lux<\/li>\n<li>Clementina<\/li>\n<li>Contessa<\/li>\n<li>Delizia Forno<\/li>\n<li>Divina ja Divina Plus<\/li>\n<li>Duchessa<\/li>\n<li>Ecologica (pitk\u00e4 johto jatketaan liittimill\u00e4)<\/li>\n<li>Emma ja Emma Plus<\/li>\n<li>Esmeralda<\/li>\n<li>Giusy<\/li>\n<li>Isabella<\/li>\n<li>Karolina<\/li>\n<li>Ketty<\/li>\n<li>Luisella<\/li>\n<li>Melinda<\/li>\n<li>Preziosa<\/li>\n<li>Rosy<\/li>\n<li>Viviana<\/li>\n<\/ul>\n<\/div>\n<\/div>\n<\/div>\n","protected":false},"featured_media":13387,"template":"","meta":{"_monsterinsights_skip_tracking":false,"_monsterinsights_sitenote_active":false,"_monsterinsights_sitenote_note":"","_monsterinsights_sitenote_category":0,"jetpack_publicize_message":"","jetpack_publicize_feature_enabled":true,"jetpack_social_post_already_shared":true,"jetpack_social_options":{"image_generator_settings":{"template":"highway","default_image_id":0,"font":"","enabled":false},"version":2},"_wpas_customize_per_network":false},"product_brand":[],"product_cat":[1586,1580],"product_tag":[1583],"class_list":{"0":"post-13382","1":"product","2":"type-product","3":"status-publish","4":"has-post-thumbnail","6":"product_cat-extraflame-varaosat","7":"product_cat-varaosat","8":"product_tag-sytytysvastus","9":"product_shipping_class-pikkupaketti","11":"first","12":"instock","13":"taxable","14":"shipping-taxable","15":"purchasable","16":"product-type-simple"},"yoast_head":"<!-- This site is optimized with the Yoast SEO plugin v27.5 - https:\/\/yoast.com\/product\/yoast-seo-wordpress\/ -->\n<title>ExtraFlame sytytysvastus 300 W - La Nordica - Suomi<\/title>\n<meta name=\"description\" content=\"Yleismallin 10 mm \/ 155 mm sytytysvastus 300 W teholla, ExtraFlame pellettitakkoihin.\" \/>\n<meta name=\"robots\" content=\"index, follow, max-snippet:-1, max-image-preview:large, max-video-preview:-1\" \/>\n<link rel=\"canonical\" href=\"https:\/\/lanordica.fi\/fi\/product\/extraflame-sytytysvastus-300-w\/\" \/>\n<meta property=\"og:locale\" content=\"fi_FI\" \/>\n<meta property=\"og:type\" content=\"article\" \/>\n<meta property=\"og:title\" content=\"ExtraFlame sytytysvastus 300 W - La Nordica - Suomi\" \/>\n<meta property=\"og:description\" content=\"Yleismallin 10 mm \/ 155 mm sytytysvastus 300 W teholla, ExtraFlame pellettitakkoihin.\" \/>\n<meta property=\"og:url\" content=\"https:\/\/lanordica.fi\/fi\/product\/extraflame-sytytysvastus-300-w\/\" \/>\n<meta property=\"og:site_name\" content=\"La Nordica - Suomi\" \/>\n<meta property=\"article:modified_time\" content=\"2026-02-07T09:25:40+00:00\" \/>\n<meta property=\"og:image\" content=\"https:\/\/lanordica.fi\/wp-content\/uploads\/2025\/10\/Extraflame-pellettitakka-sytytysvastus.png\" \/>\n\t<meta property=\"og:image:width\" content=\"1280\" \/>\n\t<meta property=\"og:image:height\" content=\"1280\" \/>\n\t<meta property=\"og:image:type\" content=\"image\/png\" \/>\n<meta name=\"twitter:card\" content=\"summary_large_image\" \/>\n<meta name=\"twitter:label1\" content=\"Arvioitu lukuaika\" \/>\n\t<meta name=\"twitter:data1\" content=\"1 minuutti\" \/>\n<script type=\"application\/ld+json\" class=\"yoast-schema-graph\">{\"@context\":\"https:\\\/\\\/schema.org\",\"@graph\":[{\"@type\":\"WebPage\",\"@id\":\"https:\\\/\\\/lanordica.fi\\\/product\\\/extraflame-sytytysvastus-300-w\\\/\",\"url\":\"https:\\\/\\\/lanordica.fi\\\/product\\\/extraflame-sytytysvastus-300-w\\\/\",\"name\":\"ExtraFlame sytytysvastus 300 W - La Nordica - Suomi\",\"isPartOf\":{\"@id\":\"https:\\\/\\\/lanordica.fi\\\/#website\"},\"primaryImageOfPage\":{\"@id\":\"https:\\\/\\\/lanordica.fi\\\/product\\\/extraflame-sytytysvastus-300-w\\\/#primaryimage\"},\"image\":{\"@id\":\"https:\\\/\\\/lanordica.fi\\\/product\\\/extraflame-sytytysvastus-300-w\\\/#primaryimage\"},\"thumbnailUrl\":\"https:\\\/\\\/i0.wp.com\\\/lanordica.fi\\\/wp-content\\\/uploads\\\/2025\\\/10\\\/Extraflame-pellettitakka-sytytysvastus.png?fit=1280%2C1280&ssl=1\",\"datePublished\":\"2025-10-01T07:13:18+00:00\",\"dateModified\":\"2026-02-07T09:25:40+00:00\",\"description\":\"Yleismallin 10 mm \\\/ 155 mm sytytysvastus 300 W teholla, ExtraFlame pellettitakkoihin.\",\"breadcrumb\":{\"@id\":\"https:\\\/\\\/lanordica.fi\\\/product\\\/extraflame-sytytysvastus-300-w\\\/#breadcrumb\"},\"inLanguage\":\"fi\",\"potentialAction\":[{\"@type\":\"ReadAction\",\"target\":[\"https:\\\/\\\/lanordica.fi\\\/product\\\/extraflame-sytytysvastus-300-w\\\/\"]}]},{\"@type\":\"ImageObject\",\"inLanguage\":\"fi\",\"@id\":\"https:\\\/\\\/lanordica.fi\\\/product\\\/extraflame-sytytysvastus-300-w\\\/#primaryimage\",\"url\":\"https:\\\/\\\/i0.wp.com\\\/lanordica.fi\\\/wp-content\\\/uploads\\\/2025\\\/10\\\/Extraflame-pellettitakka-sytytysvastus.png?fit=1280%2C1280&ssl=1\",\"contentUrl\":\"https:\\\/\\\/i0.wp.com\\\/lanordica.fi\\\/wp-content\\\/uploads\\\/2025\\\/10\\\/Extraflame-pellettitakka-sytytysvastus.png?fit=1280%2C1280&ssl=1\",\"width\":1280,\"height\":1280},{\"@type\":\"BreadcrumbList\",\"@id\":\"https:\\\/\\\/lanordica.fi\\\/product\\\/extraflame-sytytysvastus-300-w\\\/#breadcrumb\",\"itemListElement\":[{\"@type\":\"ListItem\",\"position\":1,\"name\":\"Home\",\"item\":\"https:\\\/\\\/lanordica.fi\\\/\"},{\"@type\":\"ListItem\",\"position\":2,\"name\":\"Kauppa\",\"item\":\"https:\\\/\\\/lanordica.fi\\\/shop\\\/\"},{\"@type\":\"ListItem\",\"position\":3,\"name\":\"ExtraFlame sytytysvastus 300 W\"}]},{\"@type\":\"WebSite\",\"@id\":\"https:\\\/\\\/lanordica.fi\\\/#website\",\"url\":\"https:\\\/\\\/lanordica.fi\\\/\",\"name\":\"La Nordica - Suomi\",\"description\":\"L\u00e4mp\u00f6\u00e4 kotiisi\",\"publisher\":{\"@id\":\"https:\\\/\\\/lanordica.fi\\\/#organization\"},\"potentialAction\":[{\"@type\":\"SearchAction\",\"target\":{\"@type\":\"EntryPoint\",\"urlTemplate\":\"https:\\\/\\\/lanordica.fi\\\/?s={search_term_string}\"},\"query-input\":{\"@type\":\"PropertyValueSpecification\",\"valueRequired\":true,\"valueName\":\"search_term_string\"}}],\"inLanguage\":\"fi\"},{\"@type\":\"Organization\",\"@id\":\"https:\\\/\\\/lanordica.fi\\\/#organization\",\"name\":\"La Nordica - Suomi\",\"url\":\"https:\\\/\\\/lanordica.fi\\\/\",\"logo\":{\"@type\":\"ImageObject\",\"inLanguage\":\"fi\",\"@id\":\"https:\\\/\\\/lanordica.fi\\\/#\\\/schema\\\/logo\\\/image\\\/\",\"url\":\"https:\\\/\\\/i0.wp.com\\\/lanordica.fi\\\/wp-content\\\/uploads\\\/2018\\\/03\\\/lanordica-fi.png?fit=768%2C282&ssl=1\",\"contentUrl\":\"https:\\\/\\\/i0.wp.com\\\/lanordica.fi\\\/wp-content\\\/uploads\\\/2018\\\/03\\\/lanordica-fi.png?fit=768%2C282&ssl=1\",\"width\":768,\"height\":282,\"caption\":\"La Nordica - Suomi\"},\"image\":{\"@id\":\"https:\\\/\\\/lanordica.fi\\\/#\\\/schema\\\/logo\\\/image\\\/\"}}]}<\/script>\n<!-- \/ Yoast SEO plugin. -->","yoast_head_json":{"title":"ExtraFlame sytytysvastus 300 W - La Nordica - Suomi","description":"Yleismallin 10 mm \/ 155 mm sytytysvastus 300 W teholla, ExtraFlame pellettitakkoihin.","robots":{"index":"index","follow":"follow","max-snippet":"max-snippet:-1","max-image-preview":"max-image-preview:large","max-video-preview":"max-video-preview:-1"},"canonical":"https:\/\/lanordica.fi\/fi\/product\/extraflame-sytytysvastus-300-w\/","og_locale":"fi_FI","og_type":"article","og_title":"ExtraFlame sytytysvastus 300 W - La Nordica - Suomi","og_description":"Yleismallin 10 mm \/ 155 mm sytytysvastus 300 W teholla, ExtraFlame pellettitakkoihin.","og_url":"https:\/\/lanordica.fi\/fi\/product\/extraflame-sytytysvastus-300-w\/","og_site_name":"La Nordica - Suomi","article_modified_time":"2026-02-07T09:25:40+00:00","og_image":[{"width":1280,"height":1280,"url":"https:\/\/lanordica.fi\/wp-content\/uploads\/2025\/10\/Extraflame-pellettitakka-sytytysvastus.png","type":"image\/png"}],"twitter_card":"summary_large_image","twitter_misc":{"Arvioitu lukuaika":"1 minuutti"},"schema":{"@context":"https:\/\/schema.org","@graph":[{"@type":"WebPage","@id":"https:\/\/lanordica.fi\/product\/extraflame-sytytysvastus-300-w\/","url":"https:\/\/lanordica.fi\/product\/extraflame-sytytysvastus-300-w\/","name":"ExtraFlame sytytysvastus 300 W - La Nordica - Suomi","isPartOf":{"@id":"https:\/\/lanordica.fi\/#website"},"primaryImageOfPage":{"@id":"https:\/\/lanordica.fi\/product\/extraflame-sytytysvastus-300-w\/#primaryimage"},"image":{"@id":"https:\/\/lanordica.fi\/product\/extraflame-sytytysvastus-300-w\/#primaryimage"},"thumbnailUrl":"https:\/\/i0.wp.com\/lanordica.fi\/wp-content\/uploads\/2025\/10\/Extraflame-pellettitakka-sytytysvastus.png?fit=1280%2C1280&ssl=1","datePublished":"2025-10-01T07:13:18+00:00","dateModified":"2026-02-07T09:25:40+00:00","description":"Yleismallin 10 mm \/ 155 mm sytytysvastus 300 W teholla, ExtraFlame pellettitakkoihin.","breadcrumb":{"@id":"https:\/\/lanordica.fi\/product\/extraflame-sytytysvastus-300-w\/#breadcrumb"},"inLanguage":"fi","potentialAction":[{"@type":"ReadAction","target":["https:\/\/lanordica.fi\/product\/extraflame-sytytysvastus-300-w\/"]}]},{"@type":"ImageObject","inLanguage":"fi","@id":"https:\/\/lanordica.fi\/product\/extraflame-sytytysvastus-300-w\/#primaryimage","url":"https:\/\/i0.wp.com\/lanordica.fi\/wp-content\/uploads\/2025\/10\/Extraflame-pellettitakka-sytytysvastus.png?fit=1280%2C1280&ssl=1","contentUrl":"https:\/\/i0.wp.com\/lanordica.fi\/wp-content\/uploads\/2025\/10\/Extraflame-pellettitakka-sytytysvastus.png?fit=1280%2C1280&ssl=1","width":1280,"height":1280},{"@type":"BreadcrumbList","@id":"https:\/\/lanordica.fi\/product\/extraflame-sytytysvastus-300-w\/#breadcrumb","itemListElement":[{"@type":"ListItem","position":1,"name":"Home","item":"https:\/\/lanordica.fi\/"},{"@type":"ListItem","position":2,"name":"Kauppa","item":"https:\/\/lanordica.fi\/shop\/"},{"@type":"ListItem","position":3,"name":"ExtraFlame sytytysvastus 300 W"}]},{"@type":"WebSite","@id":"https:\/\/lanordica.fi\/#website","url":"https:\/\/lanordica.fi\/","name":"La Nordica - Suomi","description":"L\u00e4mp\u00f6\u00e4 kotiisi","publisher":{"@id":"https:\/\/lanordica.fi\/#organization"},"potentialAction":[{"@type":"SearchAction","target":{"@type":"EntryPoint","urlTemplate":"https:\/\/lanordica.fi\/?s={search_term_string}"},"query-input":{"@type":"PropertyValueSpecification","valueRequired":true,"valueName":"search_term_string"}}],"inLanguage":"fi"},{"@type":"Organization","@id":"https:\/\/lanordica.fi\/#organization","name":"La Nordica - Suomi","url":"https:\/\/lanordica.fi\/","logo":{"@type":"ImageObject","inLanguage":"fi","@id":"https:\/\/lanordica.fi\/#\/schema\/logo\/image\/","url":"https:\/\/i0.wp.com\/lanordica.fi\/wp-content\/uploads\/2018\/03\/lanordica-fi.png?fit=768%2C282&ssl=1","contentUrl":"https:\/\/i0.wp.com\/lanordica.fi\/wp-content\/uploads\/2018\/03\/lanordica-fi.png?fit=768%2C282&ssl=1","width":768,"height":282,"caption":"La Nordica - Suomi"},"image":{"@id":"https:\/\/lanordica.fi\/#\/schema\/logo\/image\/"}}]}},"jetpack_publicize_connections":[],"jetpack_sharing_enabled":true,"jetpack_likes_enabled":true,"_links":{"self":[{"href":"https:\/\/lanordica.fi\/fi\/wp-json\/wp\/v2\/product\/13382","targetHints":{"allow":["GET"]}}],"collection":[{"href":"https:\/\/lanordica.fi\/fi\/wp-json\/wp\/v2\/product"}],"about":[{"href":"https:\/\/lanordica.fi\/fi\/wp-json\/wp\/v2\/types\/product"}],"version-history":[{"count":3,"href":"https:\/\/lanordica.fi\/fi\/wp-json\/wp\/v2\/product\/13382\/revisions"}],"predecessor-version":[{"id":13835,"href":"https:\/\/lanordica.fi\/fi\/wp-json\/wp\/v2\/product\/13382\/revisions\/13835"}],"wp:featuredmedia":[{"embeddable":true,"href":"https:\/\/lanordica.fi\/fi\/wp-json\/wp\/v2\/media\/13387"}],"wp:attachment":[{"href":"https:\/\/lanordica.fi\/fi\/wp-json\/wp\/v2\/media?parent=13382"}],"wp:term":[{"taxonomy":"product_brand","embeddable":true,"href":"https:\/\/lanordica.fi\/fi\/wp-json\/wp\/v2\/product_brand?post=13382"},{"taxonomy":"product_cat","embeddable":true,"href":"https:\/\/lanordica.fi\/fi\/wp-json\/wp\/v2\/product_cat?post=13382"},{"taxonomy":"product_tag","embeddable":true,"href":"https:\/\/lanordica.fi\/fi\/wp-json\/wp\/v2\/product_tag?post=13382"}],"curies":[{"name":"wp","href":"https:\/\/api.w.org\/{rel}","templated":true}]}}