{"id":11614,"date":"2025-04-15T09:15:31","date_gmt":"2025-04-15T09:15:31","guid":{"rendered":"https:\/\/lanordica.fi\/?post_type=product&#038;p=11614"},"modified":"2026-05-08T09:22:03","modified_gmt":"2026-05-08T09:22:03","slug":"gardenia-xxl","status":"publish","type":"product","link":"https:\/\/lanordica.fi\/fi\/product\/gardenia-xxl\/","title":{"rendered":"Gardenia XXL &#8211; UUTUUS!"},"content":{"rendered":"<p>Mitat (L x K x S):\u00a0<span class=\"valore \">1074 x 861 x 669 mm*<\/span><br \/>\nTeho: 10,5 kW*<br \/>\nPaino: 202\/222 kg<br \/>\nTulipes\u00e4n koko: 296 x 306 x 460 mm*<br \/>\nLuukun koko: 225 x 210 mm*<br \/>\nUunin koko: 436 x 418 x 430 mm \/ 78 l<br \/>\nL\u00e4mmitysala: 301 m\u00b3*<br \/>\nHormiliitos: 150 mm p\u00e4\u00e4lt\u00e4 tai takaa<br \/>\nS\u00e4\u00e4dett\u00e4v\u00e4 ensi\u00f6ilma: kyll\u00e4<br \/>\nS\u00e4\u00e4dett\u00e4v\u00e4 toisioilma: kyll\u00e4<br \/>\nTertiaari-ilma: esis\u00e4\u00e4detty<br \/>\nJ\u00e4lkipoltto: kyll\u00e4<br \/>\nHy\u00f6tysuhde: 89,2 &#8211; 88,6 %*<br \/>\nPolttoaineen kulutus: 2,48 kg\/h<br \/>\nSavukaasujen keskil\u00e4mp\u00f6tila: 176,6 \u00b0C<br \/>\nCO p\u00e4\u00e4st\u00f6t: 9,7 %<br \/>\nHiukkasp\u00e4\u00e4st\u00f6t: 10 mg\/m\u00b3 (13% O2)<\/p>\n<p>Suojaet\u00e4isyydet:<\/p>\n<p>Suojaet\u00e4isyys \u2013 pohja dB = 0 mm<br \/>\nSuojaet\u00e4isyys \u2013 edess\u00e4 oleva lattia dF = 1000 mm<br \/>\nSuojaet\u00e4isyys \u2013 katto dC = 750 mm<br \/>\nSuojaet\u00e4isyys \u2013 taakse dR = 400 mm<br \/>\nSuojaet\u00e4isyys \u2013 sivu dS = 400 mm<br \/>\nSuojaet\u00e4isyys \u2013 sivun s\u00e4teilyalue dL = 1000 mm<br \/>\nSuojaet\u00e4isyys \u2013 eteen dP = 1000 mm<\/p>\n<p>Suojaet\u00e4isyydell\u00e4 tarkoitetaan et\u00e4isyytt\u00e4 palavaan materiaaliin<br \/>\nPalamaton materiaali ei vaadi suojaet\u00e4isyytt\u00e4<br \/>\n*Edess\u00e4 olevan lattian osalta tulee noudattaa Suomen paloturvalakia (kipin\u00e4suoja 400 mm eteen, 100 mm sivuille luukusta). Vaikka tuotteelle olisi annettu suojaet\u00e4isyydeksi 0 mm, se ei kumoa paloturvalakiin m\u00e4\u00e4ritelty\u00e4 kipin\u00e4pellin vaatimusta.<\/p>\n<p>K\u00e4ytt\u00f6ohje: Kyll\u00e4, alkuper\u00e4isen ohjeen Suomi-k\u00e4\u00e4nn\u00f6s<br \/>\n<a href=\"https:\/\/www.lanordica-extraflame.com\/en\/products\/woodburning-cookers\/gardenia-50-petra\">Valmistajan alkuper\u00e4iset sivut<\/a><br \/>\n<a href=\"https:\/\/www.lanordica-extraflame.com\/sites\/default\/files\/documenti_temp\/007193177-000_dop_gardenia_5.0_petra_0.pdf\">Suoritustasoilmoitus.pdf<\/a><br \/>\n<a href=\"https:\/\/www.lanordica-extraflame.com\/sites\/default\/files\/documenti_temp\/005280306-000_deco_gardenia_5.0_petra.pdf\">Ecodesing hyv\u00e4ksynt\u00e4.pdf<\/a><\/p>\n<p><strong>Hellan mukana toimitetaan uunipelti, uuniritil\u00e4 sek\u00e4 pizzakivi<\/strong><\/p>\n","protected":false},"excerpt":{"rendered":"<p>T\u00e4m\u00e4 tuote t\u00e4ytt\u00e4\u00e4 kaikki uusimmat p\u00e4\u00e4st\u00f6vaatimukset.<\/p>\n<p>Perinteist\u00e4 romantiikkaa huokuva iso puuhella tehokkaalla paistouunilla! Gardenia XXL paistouuni on omaa luokkaansa. Uuni on kokonaan valurautaa, joka mahdollistaa tasaisen paistol\u00e4mp\u00f6tilan, ja uuni pysyy kuumana my\u00f6s tulen sammuttua. Valurautainen hiottu keittotaso, jossa irrotettavat keittorinkulat. Tulipes\u00e4, luukut ja 12 cm seisontajalat my\u00f6s valurautaa. Tulipes\u00e4ss\u00e4 my\u00f6s keraamiset Nordiker elementit, jotka varaavat l\u00e4mp\u00f6\u00e4, nostavat tulipes\u00e4n l\u00e4mp\u00f6tilaa ja n\u00e4in ollen puunpolton hy\u00f6tysuhdetta (yli 80 %). Leve\u00e4 43 cm paistouuni. Ulosvedett\u00e4v\u00e4 iso tuhka-astia. Kuumentumattomat kahvat.<\/p>\n<p><strong>Takuu 2+3 vuotta<\/strong> kaikille tuotteille jotka hankitaan t\u00e4lle sivulle listatusta myym\u00e4l\u00e4st\u00e4.<br \/>\nLis\u00e4takuun rekister\u00f6inti <a href=\"https:\/\/lanordica.fi\/rekisteroi-lanordican-lisatakuu\/\">t\u00e4st\u00e4<\/a><\/p>\n","protected":false},"featured_media":11624,"template":"","meta":{"_monsterinsights_skip_tracking":false,"_monsterinsights_sitenote_active":false,"_monsterinsights_sitenote_note":"","_monsterinsights_sitenote_category":0,"jetpack_publicize_message":"","jetpack_publicize_feature_enabled":true,"jetpack_social_post_already_shared":true,"jetpack_social_options":{"image_generator_settings":{"template":"highway","default_image_id":0,"font":"","enabled":false},"version":2},"_wpas_customize_per_network":false},"product_brand":[],"product_cat":[1373,1575],"product_tag":[1398,1397,1466,1381,1461,1389,1392,1379,1462],"class_list":{"0":"post-11614","1":"product","2":"type-product","3":"status-publish","4":"has-post-thumbnail","6":"product_cat-puuhellat","7":"product_cat-uutuudet","8":"product_tag-keittolevy","9":"product_tag-musta","10":"product_tag-paaltalahto","11":"product_tag-puuhella","12":"product_tag-takalahto","13":"product_tag-uuni","14":"product_tag-uunipelti","15":"product_tag-vuolukivi","16":"product_tag-ylalahto","17":"product_shipping_class-puuhella","19":"first","20":"onbackorder","21":"taxable","22":"shipping-taxable","23":"purchasable","24":"product-type-variable"},"yoast_head":"<!-- This site is optimized with the Yoast SEO plugin v27.5 - https:\/\/yoast.com\/product\/yoast-seo-wordpress\/ -->\n<title>Gardenia XXL - UUTUUS! puuliesi - La Nordica - Suomi<\/title>\n<meta name=\"description\" content=\"Gardenia on romanttistyylinen perinteinen puuhella mustalla ter\u00e4skuorella tai vuolukiviverrhoilulla.\" \/>\n<meta name=\"robots\" content=\"index, follow, max-snippet:-1, max-image-preview:large, max-video-preview:-1\" \/>\n<link rel=\"canonical\" href=\"https:\/\/lanordica.fi\/fi\/product\/gardenia-xxl\/\" \/>\n<meta property=\"og:locale\" content=\"fi_FI\" \/>\n<meta property=\"og:type\" content=\"article\" \/>\n<meta property=\"og:title\" content=\"Gardenia XXL - UUTUUS! puuliesi - La Nordica - Suomi\" \/>\n<meta property=\"og:description\" content=\"Gardenia on romanttistyylinen perinteinen puuhella mustalla ter\u00e4skuorella tai vuolukiviverrhoilulla.\" \/>\n<meta property=\"og:url\" content=\"https:\/\/lanordica.fi\/fi\/product\/gardenia-xxl\/\" \/>\n<meta property=\"og:site_name\" content=\"La Nordica - Suomi\" \/>\n<meta property=\"article:modified_time\" content=\"2026-05-08T09:22:03+00:00\" \/>\n<meta property=\"og:image\" content=\"https:\/\/lanordica.fi\/wp-content\/uploads\/2025\/04\/Gardenia-XXL-vuolukivi-pk.jpg\" \/>\n\t<meta property=\"og:image:width\" content=\"900\" \/>\n\t<meta property=\"og:image:height\" content=\"900\" \/>\n\t<meta property=\"og:image:type\" content=\"image\/jpeg\" \/>\n<meta name=\"twitter:card\" content=\"summary_large_image\" \/>\n<meta name=\"twitter:label1\" content=\"Arvioitu lukuaika\" \/>\n\t<meta name=\"twitter:data1\" content=\"2 minuuttia\" \/>\n<script type=\"application\/ld+json\" class=\"yoast-schema-graph\">{\"@context\":\"https:\\\/\\\/schema.org\",\"@graph\":[{\"@type\":\"WebPage\",\"@id\":\"https:\\\/\\\/lanordica.fi\\\/product\\\/gardenia-xxl\\\/\",\"url\":\"https:\\\/\\\/lanordica.fi\\\/product\\\/gardenia-xxl\\\/\",\"name\":\"Gardenia XXL - UUTUUS! puuliesi - La Nordica - Suomi\",\"isPartOf\":{\"@id\":\"https:\\\/\\\/lanordica.fi\\\/#website\"},\"primaryImageOfPage\":{\"@id\":\"https:\\\/\\\/lanordica.fi\\\/product\\\/gardenia-xxl\\\/#primaryimage\"},\"image\":{\"@id\":\"https:\\\/\\\/lanordica.fi\\\/product\\\/gardenia-xxl\\\/#primaryimage\"},\"thumbnailUrl\":\"https:\\\/\\\/i0.wp.com\\\/lanordica.fi\\\/wp-content\\\/uploads\\\/2025\\\/04\\\/Gardenia-XXL-vuolukivi-pk.jpg?fit=900%2C900&ssl=1\",\"datePublished\":\"2025-04-15T09:15:31+00:00\",\"dateModified\":\"2026-05-08T09:22:03+00:00\",\"description\":\"Gardenia on romanttistyylinen perinteinen puuhella mustalla ter\u00e4skuorella tai vuolukiviverrhoilulla.\",\"breadcrumb\":{\"@id\":\"https:\\\/\\\/lanordica.fi\\\/product\\\/gardenia-xxl\\\/#breadcrumb\"},\"inLanguage\":\"fi\",\"potentialAction\":[{\"@type\":\"ReadAction\",\"target\":[\"https:\\\/\\\/lanordica.fi\\\/product\\\/gardenia-xxl\\\/\"]}]},{\"@type\":\"ImageObject\",\"inLanguage\":\"fi\",\"@id\":\"https:\\\/\\\/lanordica.fi\\\/product\\\/gardenia-xxl\\\/#primaryimage\",\"url\":\"https:\\\/\\\/i0.wp.com\\\/lanordica.fi\\\/wp-content\\\/uploads\\\/2025\\\/04\\\/Gardenia-XXL-vuolukivi-pk.jpg?fit=900%2C900&ssl=1\",\"contentUrl\":\"https:\\\/\\\/i0.wp.com\\\/lanordica.fi\\\/wp-content\\\/uploads\\\/2025\\\/04\\\/Gardenia-XXL-vuolukivi-pk.jpg?fit=900%2C900&ssl=1\",\"width\":900,\"height\":900},{\"@type\":\"BreadcrumbList\",\"@id\":\"https:\\\/\\\/lanordica.fi\\\/product\\\/gardenia-xxl\\\/#breadcrumb\",\"itemListElement\":[{\"@type\":\"ListItem\",\"position\":1,\"name\":\"Home\",\"item\":\"https:\\\/\\\/lanordica.fi\\\/\"},{\"@type\":\"ListItem\",\"position\":2,\"name\":\"Kauppa\",\"item\":\"https:\\\/\\\/lanordica.fi\\\/shop\\\/\"},{\"@type\":\"ListItem\",\"position\":3,\"name\":\"Gardenia XXL &#8211; UUTUUS!\"}]},{\"@type\":\"WebSite\",\"@id\":\"https:\\\/\\\/lanordica.fi\\\/#website\",\"url\":\"https:\\\/\\\/lanordica.fi\\\/\",\"name\":\"La Nordica - Suomi\",\"description\":\"L\u00e4mp\u00f6\u00e4 kotiisi\",\"publisher\":{\"@id\":\"https:\\\/\\\/lanordica.fi\\\/#organization\"},\"potentialAction\":[{\"@type\":\"SearchAction\",\"target\":{\"@type\":\"EntryPoint\",\"urlTemplate\":\"https:\\\/\\\/lanordica.fi\\\/?s={search_term_string}\"},\"query-input\":{\"@type\":\"PropertyValueSpecification\",\"valueRequired\":true,\"valueName\":\"search_term_string\"}}],\"inLanguage\":\"fi\"},{\"@type\":\"Organization\",\"@id\":\"https:\\\/\\\/lanordica.fi\\\/#organization\",\"name\":\"La Nordica - Suomi\",\"url\":\"https:\\\/\\\/lanordica.fi\\\/\",\"logo\":{\"@type\":\"ImageObject\",\"inLanguage\":\"fi\",\"@id\":\"https:\\\/\\\/lanordica.fi\\\/#\\\/schema\\\/logo\\\/image\\\/\",\"url\":\"https:\\\/\\\/i0.wp.com\\\/lanordica.fi\\\/wp-content\\\/uploads\\\/2018\\\/03\\\/lanordica-fi.png?fit=768%2C282&ssl=1\",\"contentUrl\":\"https:\\\/\\\/i0.wp.com\\\/lanordica.fi\\\/wp-content\\\/uploads\\\/2018\\\/03\\\/lanordica-fi.png?fit=768%2C282&ssl=1\",\"width\":768,\"height\":282,\"caption\":\"La Nordica - Suomi\"},\"image\":{\"@id\":\"https:\\\/\\\/lanordica.fi\\\/#\\\/schema\\\/logo\\\/image\\\/\"}}]}<\/script>\n<!-- \/ Yoast SEO plugin. -->","yoast_head_json":{"title":"Gardenia XXL - UUTUUS! puuliesi - La Nordica - Suomi","description":"Gardenia on romanttistyylinen perinteinen puuhella mustalla ter\u00e4skuorella tai vuolukiviverrhoilulla.","robots":{"index":"index","follow":"follow","max-snippet":"max-snippet:-1","max-image-preview":"max-image-preview:large","max-video-preview":"max-video-preview:-1"},"canonical":"https:\/\/lanordica.fi\/fi\/product\/gardenia-xxl\/","og_locale":"fi_FI","og_type":"article","og_title":"Gardenia XXL - UUTUUS! puuliesi - La Nordica - Suomi","og_description":"Gardenia on romanttistyylinen perinteinen puuhella mustalla ter\u00e4skuorella tai vuolukiviverrhoilulla.","og_url":"https:\/\/lanordica.fi\/fi\/product\/gardenia-xxl\/","og_site_name":"La Nordica - Suomi","article_modified_time":"2026-05-08T09:22:03+00:00","og_image":[{"width":900,"height":900,"url":"https:\/\/lanordica.fi\/wp-content\/uploads\/2025\/04\/Gardenia-XXL-vuolukivi-pk.jpg","type":"image\/jpeg"}],"twitter_card":"summary_large_image","twitter_misc":{"Arvioitu lukuaika":"2 minuuttia"},"schema":{"@context":"https:\/\/schema.org","@graph":[{"@type":"WebPage","@id":"https:\/\/lanordica.fi\/product\/gardenia-xxl\/","url":"https:\/\/lanordica.fi\/product\/gardenia-xxl\/","name":"Gardenia XXL - UUTUUS! puuliesi - La Nordica - Suomi","isPartOf":{"@id":"https:\/\/lanordica.fi\/#website"},"primaryImageOfPage":{"@id":"https:\/\/lanordica.fi\/product\/gardenia-xxl\/#primaryimage"},"image":{"@id":"https:\/\/lanordica.fi\/product\/gardenia-xxl\/#primaryimage"},"thumbnailUrl":"https:\/\/i0.wp.com\/lanordica.fi\/wp-content\/uploads\/2025\/04\/Gardenia-XXL-vuolukivi-pk.jpg?fit=900%2C900&ssl=1","datePublished":"2025-04-15T09:15:31+00:00","dateModified":"2026-05-08T09:22:03+00:00","description":"Gardenia on romanttistyylinen perinteinen puuhella mustalla ter\u00e4skuorella tai vuolukiviverrhoilulla.","breadcrumb":{"@id":"https:\/\/lanordica.fi\/product\/gardenia-xxl\/#breadcrumb"},"inLanguage":"fi","potentialAction":[{"@type":"ReadAction","target":["https:\/\/lanordica.fi\/product\/gardenia-xxl\/"]}]},{"@type":"ImageObject","inLanguage":"fi","@id":"https:\/\/lanordica.fi\/product\/gardenia-xxl\/#primaryimage","url":"https:\/\/i0.wp.com\/lanordica.fi\/wp-content\/uploads\/2025\/04\/Gardenia-XXL-vuolukivi-pk.jpg?fit=900%2C900&ssl=1","contentUrl":"https:\/\/i0.wp.com\/lanordica.fi\/wp-content\/uploads\/2025\/04\/Gardenia-XXL-vuolukivi-pk.jpg?fit=900%2C900&ssl=1","width":900,"height":900},{"@type":"BreadcrumbList","@id":"https:\/\/lanordica.fi\/product\/gardenia-xxl\/#breadcrumb","itemListElement":[{"@type":"ListItem","position":1,"name":"Home","item":"https:\/\/lanordica.fi\/"},{"@type":"ListItem","position":2,"name":"Kauppa","item":"https:\/\/lanordica.fi\/shop\/"},{"@type":"ListItem","position":3,"name":"Gardenia XXL &#8211; UUTUUS!"}]},{"@type":"WebSite","@id":"https:\/\/lanordica.fi\/#website","url":"https:\/\/lanordica.fi\/","name":"La Nordica - Suomi","description":"L\u00e4mp\u00f6\u00e4 kotiisi","publisher":{"@id":"https:\/\/lanordica.fi\/#organization"},"potentialAction":[{"@type":"SearchAction","target":{"@type":"EntryPoint","urlTemplate":"https:\/\/lanordica.fi\/?s={search_term_string}"},"query-input":{"@type":"PropertyValueSpecification","valueRequired":true,"valueName":"search_term_string"}}],"inLanguage":"fi"},{"@type":"Organization","@id":"https:\/\/lanordica.fi\/#organization","name":"La Nordica - Suomi","url":"https:\/\/lanordica.fi\/","logo":{"@type":"ImageObject","inLanguage":"fi","@id":"https:\/\/lanordica.fi\/#\/schema\/logo\/image\/","url":"https:\/\/i0.wp.com\/lanordica.fi\/wp-content\/uploads\/2018\/03\/lanordica-fi.png?fit=768%2C282&ssl=1","contentUrl":"https:\/\/i0.wp.com\/lanordica.fi\/wp-content\/uploads\/2018\/03\/lanordica-fi.png?fit=768%2C282&ssl=1","width":768,"height":282,"caption":"La Nordica - Suomi"},"image":{"@id":"https:\/\/lanordica.fi\/#\/schema\/logo\/image\/"}}]}},"jetpack_publicize_connections":[],"jetpack_sharing_enabled":true,"jetpack_likes_enabled":true,"_links":{"self":[{"href":"https:\/\/lanordica.fi\/fi\/wp-json\/wp\/v2\/product\/11614","targetHints":{"allow":["GET"]}}],"collection":[{"href":"https:\/\/lanordica.fi\/fi\/wp-json\/wp\/v2\/product"}],"about":[{"href":"https:\/\/lanordica.fi\/fi\/wp-json\/wp\/v2\/types\/product"}],"version-history":[{"count":3,"href":"https:\/\/lanordica.fi\/fi\/wp-json\/wp\/v2\/product\/11614\/revisions"}],"predecessor-version":[{"id":14129,"href":"https:\/\/lanordica.fi\/fi\/wp-json\/wp\/v2\/product\/11614\/revisions\/14129"}],"wp:featuredmedia":[{"embeddable":true,"href":"https:\/\/lanordica.fi\/fi\/wp-json\/wp\/v2\/media\/11624"}],"wp:attachment":[{"href":"https:\/\/lanordica.fi\/fi\/wp-json\/wp\/v2\/media?parent=11614"}],"wp:term":[{"taxonomy":"product_brand","embeddable":true,"href":"https:\/\/lanordica.fi\/fi\/wp-json\/wp\/v2\/product_brand?post=11614"},{"taxonomy":"product_cat","embeddable":true,"href":"https:\/\/lanordica.fi\/fi\/wp-json\/wp\/v2\/product_cat?post=11614"},{"taxonomy":"product_tag","embeddable":true,"href":"https:\/\/lanordica.fi\/fi\/wp-json\/wp\/v2\/product_tag?post=11614"}],"curies":[{"name":"wp","href":"https:\/\/api.w.org\/{rel}","templated":true}]}}