{"id":1093,"date":"2019-05-17T09:28:14","date_gmt":"2019-05-17T09:28:14","guid":{"rendered":"https:\/\/lanordica.fi\/?post_type=product&#038;p=1093"},"modified":"2026-05-08T09:10:06","modified_gmt":"2026-05-08T09:10:06","slug":"liu-infinity-valkoinen-kaakeliuuni-uutuus","status":"publish","type":"product","link":"https:\/\/lanordica.fi\/fi\/product\/liu-infinity-valkoinen-kaakeliuuni-uutuus\/","title":{"rendered":"Liu &#8211; Kaakeliuuni"},"content":{"rendered":"<p>Mitat (L x K x S): 537 x 1125 x 503 mm<br \/>\nTeho: 7,5 kW<br \/>\nPaino: 195 kg<br \/>\nTulipes\u00e4n koko: 285 x 470 x 300 mm<br \/>\nLuukun koko: 270 x 375 mm<br \/>\nL\u00e4mmitysala: 215 m\u00b3<br \/>\nHormiliitos: 130 mm p\u00e4\u00e4lt\u00e4<br \/>\nS\u00e4\u00e4dett\u00e4v\u00e4 ensi\u00f6ilma: kyll\u00e4<br \/>\nS\u00e4\u00e4dett\u00e4v\u00e4 toisioilma: kyll\u00e4<br \/>\nTertiaari-ilma: esis\u00e4\u00e4detty<br \/>\nJ\u00e4lkipoltto: kyll\u00e4<br \/>\nHy\u00f6tysuhde: 85 %<br \/>\nPolttoaineen kulutus: 2 kg\/h<br \/>\nSavukaasujen keskil\u00e4mp\u00f6tila: 247 \u02daC<br \/>\nCO p\u00e4\u00e4st\u00f6t: 0,10 %<br \/>\nHiukkasp\u00e4\u00e4st\u00f6t: 22,7 mg\/m\u00b3 (13% O2)<\/p>\n<p>Suojaet\u00e4isyydet:<\/p>\n<p>Suojaet\u00e4isyys \u2013 pohja dB = 0 mm<br \/>\nSuojaet\u00e4isyys \u2013 edess\u00e4 oleva lattia dF = 1000 mm<br \/>\nSuojaet\u00e4isyys \u2013 katto dC = 750 mm<br \/>\nSuojaet\u00e4isyys \u2013 taakse dR = 300 mm<br \/>\nSuojaet\u00e4isyys \u2013 sivu dS = 400 mm<br \/>\nSuojaet\u00e4isyys \u2013 sivun s\u00e4teilyalue dL = 1000 mm<br \/>\nSuojaet\u00e4isyys \u2013 eteen dP = 1000 mm<\/p>\n<p>Suojaet\u00e4isyydell\u00e4 tarkoitetaan et\u00e4isyytt\u00e4 palavaan materiaaliin<br \/>\nPalamaton materiaali ei vaadi suojaet\u00e4isyytt\u00e4<br \/>\n*Edess\u00e4 olevan lattian osalta tulee noudattaa Suomen paloturvalakia (kipin\u00e4suoja 400 mm eteen, 100 mm sivuille luukusta). Vaikka tuotteelle olisi annettu suojaet\u00e4isyydeksi 0 mm, se ei kumoa paloturvalakiin m\u00e4\u00e4ritelty\u00e4 kipin\u00e4pellin vaatimusta.<\/p>\n<p>K\u00e4ytt\u00f6ohje: Kyll\u00e4, alkuper\u00e4isen ohjeen Suomi-k\u00e4\u00e4nn\u00f6s<br \/>\n<a href=\"https:\/\/www.lanordica-extraflame.com\/en\/products\/wood-stoves\/liu\">Valmistajan alkuper\u00e4iset sivut<\/a><br \/>\n<a href=\"https:\/\/www.lanordica-extraflame.com\/sites\/default\/files\/documenti_temp\/007193027-000_dop_liu_0.pdf\">Suoritustasoilmoitus.pdf<\/a><\/p>\n","protected":false},"excerpt":{"rendered":"<p>Tyylik\u00e4s uutuus!<\/p>\n<p>Korkeaan tulipes\u00e4\u00e4n mahtuu jopa 45 cm polttopuu (suositusmaksimipituus 38 cm). Valurautaiset luukut, ja arinat. Tulipes\u00e4 on kest\u00e4v\u00e4\u00e4 Nordicer\u00a9 keramiikka, joka parantaa polttotapahtumaa ja mahdollistaa puhtaan polton. Tyylik\u00e4s, ergonominen ja kuumentumaton ruostumaton luukunkahva. Kaareva tulipes\u00e4n luukku ja lasi. Takan kuoret ovat Italiassa k\u00e4sity\u00f6n\u00e4 valmistettua keramiikka, jossa emaloitu kiilt\u00e4v\u00e4 pinta. Ulosvedett\u00e4v\u00e4 tuhka-astia rakoarinoiden alla. S\u00e4\u00e4dett\u00e4v\u00e4 ensi\u00f6ilma sytytykseen, s\u00e4\u00e4dett\u00e4v\u00e4 toisioilma poltton s\u00e4\u00e4t\u00e4miseen, sek\u00e4 esis\u00e4\u00e4detty kolmioilma palamattomien savukaasujen j\u00e4lkipolttoon. Keraaminen tulipes\u00e4n lasi. Mahdollisuus ottaa paloilma ulkoa. Hormiliit\u00e4nt\u00e4 p\u00e4\u00e4lt\u00e4<\/p>\n","protected":false},"featured_media":1089,"template":"","meta":{"_monsterinsights_skip_tracking":false,"_monsterinsights_sitenote_active":false,"_monsterinsights_sitenote_note":"","_monsterinsights_sitenote_category":0,"jetpack_publicize_message":"","jetpack_publicize_feature_enabled":true,"jetpack_social_post_already_shared":true,"jetpack_social_options":{"image_generator_settings":{"template":"highway","default_image_id":0,"font":"","enabled":false},"version":2},"_wpas_customize_per_network":false},"product_brand":[],"product_cat":[1372],"product_tag":[1507,1441,1378,1427],"class_list":{"0":"post-1093","1":"product","2":"type-product","3":"status-publish","4":"has-post-thumbnail","6":"product_cat-takat-ja-kamiinat","7":"product_tag-kaakeliuuni","8":"product_tag-kamiina","9":"product_tag-takka","10":"product_tag-valkoinen","11":"product_shipping_class-takka-tai-kamiina","13":"first","14":"instock","15":"taxable","16":"shipping-taxable","17":"purchasable","18":"product-type-variable"},"yoast_head":"<!-- This site is optimized with the Yoast SEO plugin v27.5 - https:\/\/yoast.com\/product\/yoast-seo-wordpress\/ -->\n<title>Liu - Kaakeliuuni - La Nordica - Suomi<\/title>\n<meta name=\"description\" content=\"Kaakelitakka punaisena tai valkoisena. Korkeaan tulipes\u00e4\u00e4n mahtuu jopa 45 cm polttopuu (suositusmaksimipituus 38 cm).\" \/>\n<meta name=\"robots\" content=\"index, follow, max-snippet:-1, max-image-preview:large, max-video-preview:-1\" \/>\n<link rel=\"canonical\" href=\"https:\/\/lanordica.fi\/fi\/product\/liu-infinity-valkoinen-kaakeliuuni-uutuus\/\" \/>\n<meta property=\"og:locale\" content=\"fi_FI\" \/>\n<meta property=\"og:type\" content=\"article\" \/>\n<meta property=\"og:title\" content=\"Liu - Kaakeliuuni - La Nordica - Suomi\" \/>\n<meta property=\"og:description\" content=\"Kaakelitakka punaisena tai valkoisena. Korkeaan tulipes\u00e4\u00e4n mahtuu jopa 45 cm polttopuu (suositusmaksimipituus 38 cm).\" \/>\n<meta property=\"og:url\" content=\"https:\/\/lanordica.fi\/fi\/product\/liu-infinity-valkoinen-kaakeliuuni-uutuus\/\" \/>\n<meta property=\"og:site_name\" content=\"La Nordica - Suomi\" \/>\n<meta property=\"article:modified_time\" content=\"2026-05-08T09:10:06+00:00\" \/>\n<meta property=\"og:image\" content=\"https:\/\/lanordica.fi\/wp-content\/uploads\/2019\/05\/LaNordica_liu_valkoinen_-tuotekuva.jpg\" \/>\n\t<meta property=\"og:image:width\" content=\"1200\" \/>\n\t<meta property=\"og:image:height\" content=\"1183\" \/>\n\t<meta property=\"og:image:type\" content=\"image\/jpeg\" \/>\n<meta name=\"twitter:card\" content=\"summary_large_image\" \/>\n<meta name=\"twitter:label1\" content=\"Arvioitu lukuaika\" \/>\n\t<meta name=\"twitter:data1\" content=\"2 minuuttia\" \/>\n<script type=\"application\/ld+json\" class=\"yoast-schema-graph\">{\"@context\":\"https:\\\/\\\/schema.org\",\"@graph\":[{\"@type\":\"WebPage\",\"@id\":\"https:\\\/\\\/lanordica.fi\\\/product\\\/liu-infinity-valkoinen-kaakeliuuni-uutuus\\\/\",\"url\":\"https:\\\/\\\/lanordica.fi\\\/product\\\/liu-infinity-valkoinen-kaakeliuuni-uutuus\\\/\",\"name\":\"Liu - Kaakeliuuni - La Nordica - Suomi\",\"isPartOf\":{\"@id\":\"https:\\\/\\\/lanordica.fi\\\/#website\"},\"primaryImageOfPage\":{\"@id\":\"https:\\\/\\\/lanordica.fi\\\/product\\\/liu-infinity-valkoinen-kaakeliuuni-uutuus\\\/#primaryimage\"},\"image\":{\"@id\":\"https:\\\/\\\/lanordica.fi\\\/product\\\/liu-infinity-valkoinen-kaakeliuuni-uutuus\\\/#primaryimage\"},\"thumbnailUrl\":\"https:\\\/\\\/i0.wp.com\\\/lanordica.fi\\\/wp-content\\\/uploads\\\/2019\\\/05\\\/LaNordica_liu_valkoinen_-tuotekuva.jpg?fit=1200%2C1183&ssl=1\",\"datePublished\":\"2019-05-17T09:28:14+00:00\",\"dateModified\":\"2026-05-08T09:10:06+00:00\",\"description\":\"Kaakelitakka punaisena tai valkoisena. Korkeaan tulipes\u00e4\u00e4n mahtuu jopa 45 cm polttopuu (suositusmaksimipituus 38 cm).\",\"breadcrumb\":{\"@id\":\"https:\\\/\\\/lanordica.fi\\\/product\\\/liu-infinity-valkoinen-kaakeliuuni-uutuus\\\/#breadcrumb\"},\"inLanguage\":\"fi\",\"potentialAction\":[{\"@type\":\"ReadAction\",\"target\":[\"https:\\\/\\\/lanordica.fi\\\/product\\\/liu-infinity-valkoinen-kaakeliuuni-uutuus\\\/\"]}]},{\"@type\":\"ImageObject\",\"inLanguage\":\"fi\",\"@id\":\"https:\\\/\\\/lanordica.fi\\\/product\\\/liu-infinity-valkoinen-kaakeliuuni-uutuus\\\/#primaryimage\",\"url\":\"https:\\\/\\\/i0.wp.com\\\/lanordica.fi\\\/wp-content\\\/uploads\\\/2019\\\/05\\\/LaNordica_liu_valkoinen_-tuotekuva.jpg?fit=1200%2C1183&ssl=1\",\"contentUrl\":\"https:\\\/\\\/i0.wp.com\\\/lanordica.fi\\\/wp-content\\\/uploads\\\/2019\\\/05\\\/LaNordica_liu_valkoinen_-tuotekuva.jpg?fit=1200%2C1183&ssl=1\",\"width\":1200,\"height\":1183,\"caption\":\"Liu La Nordica - kaakelitakka\"},{\"@type\":\"BreadcrumbList\",\"@id\":\"https:\\\/\\\/lanordica.fi\\\/product\\\/liu-infinity-valkoinen-kaakeliuuni-uutuus\\\/#breadcrumb\",\"itemListElement\":[{\"@type\":\"ListItem\",\"position\":1,\"name\":\"Home\",\"item\":\"https:\\\/\\\/lanordica.fi\\\/\"},{\"@type\":\"ListItem\",\"position\":2,\"name\":\"Kauppa\",\"item\":\"https:\\\/\\\/lanordica.fi\\\/shop\\\/\"},{\"@type\":\"ListItem\",\"position\":3,\"name\":\"Liu &#8211; Kaakeliuuni\"}]},{\"@type\":\"WebSite\",\"@id\":\"https:\\\/\\\/lanordica.fi\\\/#website\",\"url\":\"https:\\\/\\\/lanordica.fi\\\/\",\"name\":\"La Nordica - Suomi\",\"description\":\"L\u00e4mp\u00f6\u00e4 kotiisi\",\"publisher\":{\"@id\":\"https:\\\/\\\/lanordica.fi\\\/#organization\"},\"potentialAction\":[{\"@type\":\"SearchAction\",\"target\":{\"@type\":\"EntryPoint\",\"urlTemplate\":\"https:\\\/\\\/lanordica.fi\\\/?s={search_term_string}\"},\"query-input\":{\"@type\":\"PropertyValueSpecification\",\"valueRequired\":true,\"valueName\":\"search_term_string\"}}],\"inLanguage\":\"fi\"},{\"@type\":\"Organization\",\"@id\":\"https:\\\/\\\/lanordica.fi\\\/#organization\",\"name\":\"La Nordica - Suomi\",\"url\":\"https:\\\/\\\/lanordica.fi\\\/\",\"logo\":{\"@type\":\"ImageObject\",\"inLanguage\":\"fi\",\"@id\":\"https:\\\/\\\/lanordica.fi\\\/#\\\/schema\\\/logo\\\/image\\\/\",\"url\":\"https:\\\/\\\/i0.wp.com\\\/lanordica.fi\\\/wp-content\\\/uploads\\\/2018\\\/03\\\/lanordica-fi.png?fit=768%2C282&ssl=1\",\"contentUrl\":\"https:\\\/\\\/i0.wp.com\\\/lanordica.fi\\\/wp-content\\\/uploads\\\/2018\\\/03\\\/lanordica-fi.png?fit=768%2C282&ssl=1\",\"width\":768,\"height\":282,\"caption\":\"La Nordica - Suomi\"},\"image\":{\"@id\":\"https:\\\/\\\/lanordica.fi\\\/#\\\/schema\\\/logo\\\/image\\\/\"}}]}<\/script>\n<!-- \/ Yoast SEO plugin. -->","yoast_head_json":{"title":"Liu - Kaakeliuuni - La Nordica - Suomi","description":"Kaakelitakka punaisena tai valkoisena. Korkeaan tulipes\u00e4\u00e4n mahtuu jopa 45 cm polttopuu (suositusmaksimipituus 38 cm).","robots":{"index":"index","follow":"follow","max-snippet":"max-snippet:-1","max-image-preview":"max-image-preview:large","max-video-preview":"max-video-preview:-1"},"canonical":"https:\/\/lanordica.fi\/fi\/product\/liu-infinity-valkoinen-kaakeliuuni-uutuus\/","og_locale":"fi_FI","og_type":"article","og_title":"Liu - Kaakeliuuni - La Nordica - Suomi","og_description":"Kaakelitakka punaisena tai valkoisena. Korkeaan tulipes\u00e4\u00e4n mahtuu jopa 45 cm polttopuu (suositusmaksimipituus 38 cm).","og_url":"https:\/\/lanordica.fi\/fi\/product\/liu-infinity-valkoinen-kaakeliuuni-uutuus\/","og_site_name":"La Nordica - Suomi","article_modified_time":"2026-05-08T09:10:06+00:00","og_image":[{"width":1200,"height":1183,"url":"https:\/\/lanordica.fi\/wp-content\/uploads\/2019\/05\/LaNordica_liu_valkoinen_-tuotekuva.jpg","type":"image\/jpeg"}],"twitter_card":"summary_large_image","twitter_misc":{"Arvioitu lukuaika":"2 minuuttia"},"schema":{"@context":"https:\/\/schema.org","@graph":[{"@type":"WebPage","@id":"https:\/\/lanordica.fi\/product\/liu-infinity-valkoinen-kaakeliuuni-uutuus\/","url":"https:\/\/lanordica.fi\/product\/liu-infinity-valkoinen-kaakeliuuni-uutuus\/","name":"Liu - Kaakeliuuni - La Nordica - Suomi","isPartOf":{"@id":"https:\/\/lanordica.fi\/#website"},"primaryImageOfPage":{"@id":"https:\/\/lanordica.fi\/product\/liu-infinity-valkoinen-kaakeliuuni-uutuus\/#primaryimage"},"image":{"@id":"https:\/\/lanordica.fi\/product\/liu-infinity-valkoinen-kaakeliuuni-uutuus\/#primaryimage"},"thumbnailUrl":"https:\/\/i0.wp.com\/lanordica.fi\/wp-content\/uploads\/2019\/05\/LaNordica_liu_valkoinen_-tuotekuva.jpg?fit=1200%2C1183&ssl=1","datePublished":"2019-05-17T09:28:14+00:00","dateModified":"2026-05-08T09:10:06+00:00","description":"Kaakelitakka punaisena tai valkoisena. Korkeaan tulipes\u00e4\u00e4n mahtuu jopa 45 cm polttopuu (suositusmaksimipituus 38 cm).","breadcrumb":{"@id":"https:\/\/lanordica.fi\/product\/liu-infinity-valkoinen-kaakeliuuni-uutuus\/#breadcrumb"},"inLanguage":"fi","potentialAction":[{"@type":"ReadAction","target":["https:\/\/lanordica.fi\/product\/liu-infinity-valkoinen-kaakeliuuni-uutuus\/"]}]},{"@type":"ImageObject","inLanguage":"fi","@id":"https:\/\/lanordica.fi\/product\/liu-infinity-valkoinen-kaakeliuuni-uutuus\/#primaryimage","url":"https:\/\/i0.wp.com\/lanordica.fi\/wp-content\/uploads\/2019\/05\/LaNordica_liu_valkoinen_-tuotekuva.jpg?fit=1200%2C1183&ssl=1","contentUrl":"https:\/\/i0.wp.com\/lanordica.fi\/wp-content\/uploads\/2019\/05\/LaNordica_liu_valkoinen_-tuotekuva.jpg?fit=1200%2C1183&ssl=1","width":1200,"height":1183,"caption":"Liu La Nordica - kaakelitakka"},{"@type":"BreadcrumbList","@id":"https:\/\/lanordica.fi\/product\/liu-infinity-valkoinen-kaakeliuuni-uutuus\/#breadcrumb","itemListElement":[{"@type":"ListItem","position":1,"name":"Home","item":"https:\/\/lanordica.fi\/"},{"@type":"ListItem","position":2,"name":"Kauppa","item":"https:\/\/lanordica.fi\/shop\/"},{"@type":"ListItem","position":3,"name":"Liu &#8211; Kaakeliuuni"}]},{"@type":"WebSite","@id":"https:\/\/lanordica.fi\/#website","url":"https:\/\/lanordica.fi\/","name":"La Nordica - Suomi","description":"L\u00e4mp\u00f6\u00e4 kotiisi","publisher":{"@id":"https:\/\/lanordica.fi\/#organization"},"potentialAction":[{"@type":"SearchAction","target":{"@type":"EntryPoint","urlTemplate":"https:\/\/lanordica.fi\/?s={search_term_string}"},"query-input":{"@type":"PropertyValueSpecification","valueRequired":true,"valueName":"search_term_string"}}],"inLanguage":"fi"},{"@type":"Organization","@id":"https:\/\/lanordica.fi\/#organization","name":"La Nordica - Suomi","url":"https:\/\/lanordica.fi\/","logo":{"@type":"ImageObject","inLanguage":"fi","@id":"https:\/\/lanordica.fi\/#\/schema\/logo\/image\/","url":"https:\/\/i0.wp.com\/lanordica.fi\/wp-content\/uploads\/2018\/03\/lanordica-fi.png?fit=768%2C282&ssl=1","contentUrl":"https:\/\/i0.wp.com\/lanordica.fi\/wp-content\/uploads\/2018\/03\/lanordica-fi.png?fit=768%2C282&ssl=1","width":768,"height":282,"caption":"La Nordica - Suomi"},"image":{"@id":"https:\/\/lanordica.fi\/#\/schema\/logo\/image\/"}}]}},"jetpack_publicize_connections":[],"jetpack_sharing_enabled":true,"jetpack_likes_enabled":true,"_links":{"self":[{"href":"https:\/\/lanordica.fi\/fi\/wp-json\/wp\/v2\/product\/1093","targetHints":{"allow":["GET"]}}],"collection":[{"href":"https:\/\/lanordica.fi\/fi\/wp-json\/wp\/v2\/product"}],"about":[{"href":"https:\/\/lanordica.fi\/fi\/wp-json\/wp\/v2\/types\/product"}],"version-history":[{"count":6,"href":"https:\/\/lanordica.fi\/fi\/wp-json\/wp\/v2\/product\/1093\/revisions"}],"predecessor-version":[{"id":14117,"href":"https:\/\/lanordica.fi\/fi\/wp-json\/wp\/v2\/product\/1093\/revisions\/14117"}],"wp:featuredmedia":[{"embeddable":true,"href":"https:\/\/lanordica.fi\/fi\/wp-json\/wp\/v2\/media\/1089"}],"wp:attachment":[{"href":"https:\/\/lanordica.fi\/fi\/wp-json\/wp\/v2\/media?parent=1093"}],"wp:term":[{"taxonomy":"product_brand","embeddable":true,"href":"https:\/\/lanordica.fi\/fi\/wp-json\/wp\/v2\/product_brand?post=1093"},{"taxonomy":"product_cat","embeddable":true,"href":"https:\/\/lanordica.fi\/fi\/wp-json\/wp\/v2\/product_cat?post=1093"},{"taxonomy":"product_tag","embeddable":true,"href":"https:\/\/lanordica.fi\/fi\/wp-json\/wp\/v2\/product_tag?post=1093"}],"curies":[{"name":"wp","href":"https:\/\/api.w.org\/{rel}","templated":true}]}}