{"id":10481,"date":"2024-12-05T11:54:59","date_gmt":"2024-12-05T11:54:59","guid":{"rendered":"https:\/\/lanordica.fi\/?post_type=product&#038;p=10481"},"modified":"2024-12-13T12:02:07","modified_gmt":"2024-12-13T12:02:07","slug":"valurautapata-le-cucinotte","status":"publish","type":"product","link":"https:\/\/lanordica.fi\/fi\/product\/valurautapata-le-cucinotte\/","title":{"rendered":"Valurautapata &#8211; Le Cucinotte"},"content":{"rendered":"<h4>Tekniset tiedot<\/h4>\n<p>Tilavuus Py\u00f6re\u00e4 24 cm: 4 litraa<br \/>\nTilavuus Ovali 29 cm: 4 litraa<br \/>\nTilavuus Py\u00f6re\u00e4 28 cm: 6 litraa<br \/>\nTilavuus Ovali 33 cm: 6 litraa<br \/>\nMateriaali: Valurauta<br \/>\nPinta: Emaloitu<br \/>\nKansi: Kyll\u00e4<br \/>\nK\u00e4ytt\u00f6: Uunissa, Grilliss\u00e4, S\u00e4hk\u00f6liedell\u00e4, Keraamiliedell\u00e4, Kaasuliedell\u00e4, Induktioliedell\u00e4<\/p>\n<p>&nbsp;<\/p>\n","protected":false},"excerpt":{"rendered":"<p>Vie ruoanlaittosi uudelle tasolle!<br \/>\nLa Nordica Cucinotta valurautainen kattila on aito Italialainen tuote. Korkealuokkainen materiaali ja ajaton muotoilu. Tuotteen ominaisuuksia on tasainen l\u00e4mpeneminen, ja l\u00e4mm\u00f6n s\u00e4ilytys. Kattilalla on my\u00f6s helppo valmistaa ruokaa miedoilla l\u00e4mp\u00f6tiloilla tasaisen l\u00e4mm\u00f6n ansiosta, jolloin ruoan luonnolliset aromit s\u00e4ilyv\u00e4t paremmin. La Cucinotta kattila on ideaali perinteisille resepteille.<\/p>\n<p>Charmikas, s\u00f6p\u00f6 ja perinteinen!<br \/>\nValitse laatu ja l\u00f6yd\u00e4 valurautakattilan uusi tapa valmistaa ruokaa!<\/p>\n<p>Kattila sopii kaikentyyppisille liesille!<\/p>\n<div id=\"v-Bqt7waAK-1\" class=\"video-player\"><iframe title='VideoPress Video Player' aria-label='VideoPress Video Player' width='390' height='696' src='https:\/\/videopress.com\/embed\/Bqt7waAK?hd=1&amp;cover=1&amp;loop=0&amp;autoPlay=0&amp;permalink=1&amp;muted=0&amp;controls=1&amp;playsinline=0&amp;useAverageColor=0&amp;preloadContent=metadata' frameborder='0' allowfullscreen data-resize-to-parent=\"true\" allow='clipboard-write'><\/iframe><script src='https:\/\/s0.wp.com\/wp-content\/plugins\/video\/assets\/js\/next\/videopress-iframe.js'><\/script><\/div>\n","protected":false},"featured_media":10490,"template":"","meta":{"_monsterinsights_skip_tracking":false,"_monsterinsights_sitenote_active":false,"_monsterinsights_sitenote_note":"","_monsterinsights_sitenote_category":0,"jetpack_publicize_message":"","jetpack_publicize_feature_enabled":true,"jetpack_social_post_already_shared":true,"jetpack_social_options":{"image_generator_settings":{"template":"highway","default_image_id":0,"font":"","enabled":false},"version":2},"_wpas_customize_per_network":false},"product_brand":[],"product_cat":[1391],"product_tag":[1547,1576],"class_list":{"0":"post-10481","1":"product","2":"type-product","3":"status-publish","4":"has-post-thumbnail","6":"product_cat-lisatarvikkeet","7":"product_tag-kattila","8":"product_tag-valurautakattila","9":"product_shipping_class-posti-mh","11":"first","12":"instock","13":"taxable","14":"shipping-taxable","15":"purchasable","16":"product-type-variable"},"yoast_head":"<!-- This site is optimized with the Yoast SEO plugin v27.5 - https:\/\/yoast.com\/product\/yoast-seo-wordpress\/ -->\n<title>Valurautapata - Le Cucinotte - La Nordica - Suomi<\/title>\n<meta name=\"description\" content=\"Aito Italialainen valurautapata. Py\u00f6re\u00e4t ja ovalit mallit. Kaksi eri tilavuutta. Emaloitu pinta. Tuote kest\u00e4\u00e4 ruoanlaittoa sukupolvelta toiselle.\" \/>\n<meta name=\"robots\" content=\"index, follow, max-snippet:-1, max-image-preview:large, max-video-preview:-1\" \/>\n<link rel=\"canonical\" href=\"https:\/\/lanordica.fi\/fi\/product\/valurautapata-le-cucinotte\/\" \/>\n<meta property=\"og:locale\" content=\"fi_FI\" \/>\n<meta property=\"og:type\" content=\"article\" \/>\n<meta property=\"og:title\" content=\"Valurautapata - Le Cucinotte - La Nordica - Suomi\" \/>\n<meta property=\"og:description\" content=\"Aito Italialainen valurautapata. Py\u00f6re\u00e4t ja ovalit mallit. Kaksi eri tilavuutta. Emaloitu pinta. Tuote kest\u00e4\u00e4 ruoanlaittoa sukupolvelta toiselle.\" \/>\n<meta property=\"og:url\" content=\"https:\/\/lanordica.fi\/fi\/product\/valurautapata-le-cucinotte\/\" \/>\n<meta property=\"og:site_name\" content=\"La Nordica - Suomi\" \/>\n<meta property=\"article:modified_time\" content=\"2024-12-13T12:02:07+00:00\" \/>\n<meta property=\"og:image\" content=\"https:\/\/lanordica.fi\/wp-content\/uploads\/2024\/12\/Valurautapata-punainen.jpg\" \/>\n\t<meta property=\"og:image:width\" content=\"900\" \/>\n\t<meta property=\"og:image:height\" content=\"900\" \/>\n\t<meta property=\"og:image:type\" content=\"image\/jpeg\" \/>\n<meta name=\"twitter:card\" content=\"summary_large_image\" \/>\n<meta name=\"twitter:label1\" content=\"Arvioitu lukuaika\" \/>\n\t<meta name=\"twitter:data1\" content=\"1 minuutti\" \/>\n<script type=\"application\/ld+json\" class=\"yoast-schema-graph\">{\"@context\":\"https:\\\/\\\/schema.org\",\"@graph\":[{\"@type\":\"WebPage\",\"@id\":\"https:\\\/\\\/lanordica.fi\\\/product\\\/valurautapata-le-cucinotte\\\/\",\"url\":\"https:\\\/\\\/lanordica.fi\\\/product\\\/valurautapata-le-cucinotte\\\/\",\"name\":\"Valurautapata - Le Cucinotte - La Nordica - Suomi\",\"isPartOf\":{\"@id\":\"https:\\\/\\\/lanordica.fi\\\/#website\"},\"primaryImageOfPage\":{\"@id\":\"https:\\\/\\\/lanordica.fi\\\/product\\\/valurautapata-le-cucinotte\\\/#primaryimage\"},\"image\":{\"@id\":\"https:\\\/\\\/lanordica.fi\\\/product\\\/valurautapata-le-cucinotte\\\/#primaryimage\"},\"thumbnailUrl\":\"https:\\\/\\\/i0.wp.com\\\/lanordica.fi\\\/wp-content\\\/uploads\\\/2024\\\/12\\\/Valurautapata-punainen.jpg?fit=900%2C900&ssl=1\",\"datePublished\":\"2024-12-05T11:54:59+00:00\",\"dateModified\":\"2024-12-13T12:02:07+00:00\",\"description\":\"Aito Italialainen valurautapata. Py\u00f6re\u00e4t ja ovalit mallit. Kaksi eri tilavuutta. Emaloitu pinta. Tuote kest\u00e4\u00e4 ruoanlaittoa sukupolvelta toiselle.\",\"breadcrumb\":{\"@id\":\"https:\\\/\\\/lanordica.fi\\\/product\\\/valurautapata-le-cucinotte\\\/#breadcrumb\"},\"inLanguage\":\"fi\",\"potentialAction\":[{\"@type\":\"ReadAction\",\"target\":[\"https:\\\/\\\/lanordica.fi\\\/product\\\/valurautapata-le-cucinotte\\\/\"]}]},{\"@type\":\"ImageObject\",\"inLanguage\":\"fi\",\"@id\":\"https:\\\/\\\/lanordica.fi\\\/product\\\/valurautapata-le-cucinotte\\\/#primaryimage\",\"url\":\"https:\\\/\\\/i0.wp.com\\\/lanordica.fi\\\/wp-content\\\/uploads\\\/2024\\\/12\\\/Valurautapata-punainen.jpg?fit=900%2C900&ssl=1\",\"contentUrl\":\"https:\\\/\\\/i0.wp.com\\\/lanordica.fi\\\/wp-content\\\/uploads\\\/2024\\\/12\\\/Valurautapata-punainen.jpg?fit=900%2C900&ssl=1\",\"width\":900,\"height\":900},{\"@type\":\"BreadcrumbList\",\"@id\":\"https:\\\/\\\/lanordica.fi\\\/product\\\/valurautapata-le-cucinotte\\\/#breadcrumb\",\"itemListElement\":[{\"@type\":\"ListItem\",\"position\":1,\"name\":\"Home\",\"item\":\"https:\\\/\\\/lanordica.fi\\\/\"},{\"@type\":\"ListItem\",\"position\":2,\"name\":\"Kauppa\",\"item\":\"https:\\\/\\\/lanordica.fi\\\/shop\\\/\"},{\"@type\":\"ListItem\",\"position\":3,\"name\":\"Valurautapata &#8211; Le Cucinotte\"}]},{\"@type\":\"WebSite\",\"@id\":\"https:\\\/\\\/lanordica.fi\\\/#website\",\"url\":\"https:\\\/\\\/lanordica.fi\\\/\",\"name\":\"La Nordica - Suomi\",\"description\":\"L\u00e4mp\u00f6\u00e4 kotiisi\",\"publisher\":{\"@id\":\"https:\\\/\\\/lanordica.fi\\\/#organization\"},\"potentialAction\":[{\"@type\":\"SearchAction\",\"target\":{\"@type\":\"EntryPoint\",\"urlTemplate\":\"https:\\\/\\\/lanordica.fi\\\/?s={search_term_string}\"},\"query-input\":{\"@type\":\"PropertyValueSpecification\",\"valueRequired\":true,\"valueName\":\"search_term_string\"}}],\"inLanguage\":\"fi\"},{\"@type\":\"Organization\",\"@id\":\"https:\\\/\\\/lanordica.fi\\\/#organization\",\"name\":\"La Nordica - Suomi\",\"url\":\"https:\\\/\\\/lanordica.fi\\\/\",\"logo\":{\"@type\":\"ImageObject\",\"inLanguage\":\"fi\",\"@id\":\"https:\\\/\\\/lanordica.fi\\\/#\\\/schema\\\/logo\\\/image\\\/\",\"url\":\"https:\\\/\\\/i0.wp.com\\\/lanordica.fi\\\/wp-content\\\/uploads\\\/2018\\\/03\\\/lanordica-fi.png?fit=768%2C282&ssl=1\",\"contentUrl\":\"https:\\\/\\\/i0.wp.com\\\/lanordica.fi\\\/wp-content\\\/uploads\\\/2018\\\/03\\\/lanordica-fi.png?fit=768%2C282&ssl=1\",\"width\":768,\"height\":282,\"caption\":\"La Nordica - Suomi\"},\"image\":{\"@id\":\"https:\\\/\\\/lanordica.fi\\\/#\\\/schema\\\/logo\\\/image\\\/\"}}]}<\/script>\n<!-- \/ Yoast SEO plugin. -->","yoast_head_json":{"title":"Valurautapata - Le Cucinotte - La Nordica - Suomi","description":"Aito Italialainen valurautapata. Py\u00f6re\u00e4t ja ovalit mallit. Kaksi eri tilavuutta. Emaloitu pinta. Tuote kest\u00e4\u00e4 ruoanlaittoa sukupolvelta toiselle.","robots":{"index":"index","follow":"follow","max-snippet":"max-snippet:-1","max-image-preview":"max-image-preview:large","max-video-preview":"max-video-preview:-1"},"canonical":"https:\/\/lanordica.fi\/fi\/product\/valurautapata-le-cucinotte\/","og_locale":"fi_FI","og_type":"article","og_title":"Valurautapata - Le Cucinotte - La Nordica - Suomi","og_description":"Aito Italialainen valurautapata. Py\u00f6re\u00e4t ja ovalit mallit. Kaksi eri tilavuutta. Emaloitu pinta. Tuote kest\u00e4\u00e4 ruoanlaittoa sukupolvelta toiselle.","og_url":"https:\/\/lanordica.fi\/fi\/product\/valurautapata-le-cucinotte\/","og_site_name":"La Nordica - Suomi","article_modified_time":"2024-12-13T12:02:07+00:00","og_image":[{"width":900,"height":900,"url":"https:\/\/lanordica.fi\/wp-content\/uploads\/2024\/12\/Valurautapata-punainen.jpg","type":"image\/jpeg"}],"twitter_card":"summary_large_image","twitter_misc":{"Arvioitu lukuaika":"1 minuutti"},"schema":{"@context":"https:\/\/schema.org","@graph":[{"@type":"WebPage","@id":"https:\/\/lanordica.fi\/product\/valurautapata-le-cucinotte\/","url":"https:\/\/lanordica.fi\/product\/valurautapata-le-cucinotte\/","name":"Valurautapata - Le Cucinotte - La Nordica - Suomi","isPartOf":{"@id":"https:\/\/lanordica.fi\/#website"},"primaryImageOfPage":{"@id":"https:\/\/lanordica.fi\/product\/valurautapata-le-cucinotte\/#primaryimage"},"image":{"@id":"https:\/\/lanordica.fi\/product\/valurautapata-le-cucinotte\/#primaryimage"},"thumbnailUrl":"https:\/\/i0.wp.com\/lanordica.fi\/wp-content\/uploads\/2024\/12\/Valurautapata-punainen.jpg?fit=900%2C900&ssl=1","datePublished":"2024-12-05T11:54:59+00:00","dateModified":"2024-12-13T12:02:07+00:00","description":"Aito Italialainen valurautapata. Py\u00f6re\u00e4t ja ovalit mallit. Kaksi eri tilavuutta. Emaloitu pinta. Tuote kest\u00e4\u00e4 ruoanlaittoa sukupolvelta toiselle.","breadcrumb":{"@id":"https:\/\/lanordica.fi\/product\/valurautapata-le-cucinotte\/#breadcrumb"},"inLanguage":"fi","potentialAction":[{"@type":"ReadAction","target":["https:\/\/lanordica.fi\/product\/valurautapata-le-cucinotte\/"]}]},{"@type":"ImageObject","inLanguage":"fi","@id":"https:\/\/lanordica.fi\/product\/valurautapata-le-cucinotte\/#primaryimage","url":"https:\/\/i0.wp.com\/lanordica.fi\/wp-content\/uploads\/2024\/12\/Valurautapata-punainen.jpg?fit=900%2C900&ssl=1","contentUrl":"https:\/\/i0.wp.com\/lanordica.fi\/wp-content\/uploads\/2024\/12\/Valurautapata-punainen.jpg?fit=900%2C900&ssl=1","width":900,"height":900},{"@type":"BreadcrumbList","@id":"https:\/\/lanordica.fi\/product\/valurautapata-le-cucinotte\/#breadcrumb","itemListElement":[{"@type":"ListItem","position":1,"name":"Home","item":"https:\/\/lanordica.fi\/"},{"@type":"ListItem","position":2,"name":"Kauppa","item":"https:\/\/lanordica.fi\/shop\/"},{"@type":"ListItem","position":3,"name":"Valurautapata &#8211; Le Cucinotte"}]},{"@type":"WebSite","@id":"https:\/\/lanordica.fi\/#website","url":"https:\/\/lanordica.fi\/","name":"La Nordica - Suomi","description":"L\u00e4mp\u00f6\u00e4 kotiisi","publisher":{"@id":"https:\/\/lanordica.fi\/#organization"},"potentialAction":[{"@type":"SearchAction","target":{"@type":"EntryPoint","urlTemplate":"https:\/\/lanordica.fi\/?s={search_term_string}"},"query-input":{"@type":"PropertyValueSpecification","valueRequired":true,"valueName":"search_term_string"}}],"inLanguage":"fi"},{"@type":"Organization","@id":"https:\/\/lanordica.fi\/#organization","name":"La Nordica - Suomi","url":"https:\/\/lanordica.fi\/","logo":{"@type":"ImageObject","inLanguage":"fi","@id":"https:\/\/lanordica.fi\/#\/schema\/logo\/image\/","url":"https:\/\/i0.wp.com\/lanordica.fi\/wp-content\/uploads\/2018\/03\/lanordica-fi.png?fit=768%2C282&ssl=1","contentUrl":"https:\/\/i0.wp.com\/lanordica.fi\/wp-content\/uploads\/2018\/03\/lanordica-fi.png?fit=768%2C282&ssl=1","width":768,"height":282,"caption":"La Nordica - Suomi"},"image":{"@id":"https:\/\/lanordica.fi\/#\/schema\/logo\/image\/"}}]}},"jetpack_publicize_connections":[],"jetpack_sharing_enabled":true,"jetpack_likes_enabled":true,"_links":{"self":[{"href":"https:\/\/lanordica.fi\/fi\/wp-json\/wp\/v2\/product\/10481","targetHints":{"allow":["GET"]}}],"collection":[{"href":"https:\/\/lanordica.fi\/fi\/wp-json\/wp\/v2\/product"}],"about":[{"href":"https:\/\/lanordica.fi\/fi\/wp-json\/wp\/v2\/types\/product"}],"version-history":[{"count":4,"href":"https:\/\/lanordica.fi\/fi\/wp-json\/wp\/v2\/product\/10481\/revisions"}],"predecessor-version":[{"id":10535,"href":"https:\/\/lanordica.fi\/fi\/wp-json\/wp\/v2\/product\/10481\/revisions\/10535"}],"wp:featuredmedia":[{"embeddable":true,"href":"https:\/\/lanordica.fi\/fi\/wp-json\/wp\/v2\/media\/10490"}],"wp:attachment":[{"href":"https:\/\/lanordica.fi\/fi\/wp-json\/wp\/v2\/media?parent=10481"}],"wp:term":[{"taxonomy":"product_brand","embeddable":true,"href":"https:\/\/lanordica.fi\/fi\/wp-json\/wp\/v2\/product_brand?post=10481"},{"taxonomy":"product_cat","embeddable":true,"href":"https:\/\/lanordica.fi\/fi\/wp-json\/wp\/v2\/product_cat?post=10481"},{"taxonomy":"product_tag","embeddable":true,"href":"https:\/\/lanordica.fi\/fi\/wp-json\/wp\/v2\/product_tag?post=10481"}],"curies":[{"name":"wp","href":"https:\/\/api.w.org\/{rel}","templated":true}]}}