{"id":1025,"date":"2019-03-19T09:45:39","date_gmt":"2019-03-19T09:45:39","guid":{"rendered":"https:\/\/lanordica.fi\/?post_type=product&#038;p=1025"},"modified":"2025-04-15T07:17:35","modified_gmt":"2025-04-15T07:17:35","slug":"rosa-xxl-vuolukivi","status":"publish","type":"product","link":"https:\/\/lanordica.fi\/fi\/product\/rosa-xxl-vuolukivi\/","title":{"rendered":"Rosa XXL Vuolukivi"},"content":{"rendered":"<p>Mitat (L x K x S): 1074 x 861 x 669 mm<br \/>\nTeho: 8,5 kW<br \/>\nPaino: 275 kg<br \/>\nTulipes\u00e4n koko: 296 x 306 x 460 mm<br \/>\nLuukun koko: 225 x 210 mm<br \/>\nUunin koko: 436 x 418 x 430 mm<br \/>\nL\u00e4mmitysala: 244 m\u00b3<br \/>\nHormiliitos: 150 mm p\u00e4\u00e4lt\u00e4<br \/>\nS\u00e4\u00e4dett\u00e4v\u00e4 ensi\u00f6ilma: kyll\u00e4<br \/>\nS\u00e4\u00e4dett\u00e4v\u00e4 toisioilma: kyll\u00e4<br \/>\nTertiaari-ilma: esis\u00e4\u00e4detty<br \/>\nJ\u00e4lkipoltto: kyll\u00e4<br \/>\nHy\u00f6tysuhde: 85 %<br \/>\nPolttoaineen kulutus: 2,3 kg\/h<br \/>\nSavukaasujen keskil\u00e4mp\u00f6tila: 232 \u00b0C<br \/>\nCO p\u00e4\u00e4st\u00f6t: 0,11 %<br \/>\nHiukkasp\u00e4\u00e4st\u00f6t: 30 mg\/m\u00b3 (13% O2)<\/p>\n<p>Suojaet\u00e4isyydet:<br \/>\nTaakse: 300 mm<br \/>\nSivuille: 250 mm<br \/>\nEteen: 1000 mm<\/p>\n<p>K\u00e4ytt\u00f6ohje: Kyll\u00e4, alkuper\u00e4isen ohjeen Suomi-k\u00e4\u00e4nn\u00f6s<br \/>\n<a href=\"https:\/\/www.lanordica-extraflame.com\/en\/products\/woodburning-cookers\/rosa-xxl-petra\">Valmistajan alkuper\u00e4iset sivut<\/a><br \/>\n<a href=\"https:\/\/www.lanordica-extraflame.com\/sites\/default\/files\/documenti_temp\/000000165-002_dop_rosa_xxl_1.pdf\">Suoritustasoilmoitus.pdf<\/a><\/p>\n<p><strong>Takuu 2 vuotta (+3 vuotta rekister\u00f6idylle tuotteelle). <a href=\"https:\/\/lanordicasuomi.com\/rekisteroi-lanordican-lisatakuu\/\">Takuuehdot<\/a><br \/>\n<\/strong><\/p>\n<p><strong>Hellan mukana toimitetaan uunipelti sek\u00e4 uuniritil\u00e4<\/strong><\/p>\n","protected":false},"excerpt":{"rendered":"<p>T\u00e4m\u00e4 tuote t\u00e4ytt\u00e4\u00e4 <a href=\"https:\/\/eur-lex.europa.eu\/legal-content\/FI\/TXT\/?uri=CELEX%3A32015R1185&amp;qid=1605877565931\">2022 Ekosuunnittelu vaatimukset<\/a><\/p>\n<p>Isokokoinen puuhella eritt\u00e4in suurella paistouunilla ja vuolukivikuorilla. Kuoret tuovat 70 kg lis\u00e4painoa, ja niill\u00e4 hella saadaan pysym\u00e4\u00e4n pidemp\u00e4\u00e4n l\u00e4mpim\u00e4n\u00e4 kuin ter\u00e4skuoriversio <a href=\"https:\/\/lanordica.fi\/product\/rosa-xxl\/\">Rosa XXL<\/a>. Tulipes\u00e4n luukussa j\u00e4\u00e4hdytetty tuplalasi. P\u00e4\u00e4ll\u00e4 kaksi keittolevy\u00e4. Kuumentumattomat luukun kahvat. Tehokas polttotapahtuma mahdollistaa pitk\u00e4n ja puhtaan polton. S\u00e4\u00e4dett\u00e4v\u00e4 toissijainen paloilma pit\u00e4\u00e4 lasiluukun puhtaana. Tulipes\u00e4n alapuolella ulosvedett\u00e4v\u00e4 tuhka-astia. Hellan alla ulosvedett\u00e4v\u00e4 s\u00e4ilytystila. Irrotettavat turvakahvat kiert\u00e4v\u00e4t hellan ymp\u00e4ri. Hormiliitos keskell\u00e4, p\u00e4\u00e4lt\u00e4 tai takaa. Uunin alapuolella olevat keraamiset koristelaatat voidaan vaihtaa mukana toimitettaviin mustiin laattoihin.<\/p>\n<p>&nbsp;<\/p>\n<p>&nbsp;<\/p>\n","protected":false},"featured_media":1026,"template":"","meta":{"_monsterinsights_skip_tracking":false,"_monsterinsights_sitenote_active":false,"_monsterinsights_sitenote_note":"","_monsterinsights_sitenote_category":0,"jetpack_publicize_message":"","jetpack_publicize_feature_enabled":true,"jetpack_social_post_already_shared":true,"jetpack_social_options":{"image_generator_settings":{"template":"highway","default_image_id":0,"font":"","enabled":false},"version":2},"_wpas_customize_per_network":false},"product_brand":[],"product_cat":[1373],"product_tag":[1398,1466,1381,1411,1461,1408,1389,1392,1379,1453,1462],"class_list":{"0":"post-1025","1":"product","2":"type-product","3":"status-publish","4":"has-post-thumbnail","6":"product_cat-puuhellat","7":"product_tag-keittolevy","8":"product_tag-paaltalahto","9":"product_tag-puuhella","10":"product_tag-rosa-xxl","11":"product_tag-takalahto","12":"product_tag-tuplalasi","13":"product_tag-uuni","14":"product_tag-uunipelti","15":"product_tag-vuolukivi","16":"product_tag-xxl","17":"product_tag-ylalahto","18":"product_shipping_class-puuhella","20":"first","21":"onbackorder","22":"taxable","23":"shipping-taxable","24":"purchasable","25":"product-type-simple"},"yoast_head":"<!-- This site is optimized with the Yoast SEO plugin v27.5 - https:\/\/yoast.com\/product\/yoast-seo-wordpress\/ -->\n<title>Rosa XXL Vuolukivi - La Nordica - Suomi<\/title>\n<meta name=\"description\" content=\"Isokokoinen puuhella eritt\u00e4in suurella paistouunilla ja vuolukivikuorilla. Kuoret tuovat 70 kg lis\u00e4painoa, joilla hella pysyy l\u00e4mpim\u00e4n\u00e4\" \/>\n<meta name=\"robots\" content=\"index, follow, max-snippet:-1, max-image-preview:large, max-video-preview:-1\" \/>\n<link rel=\"canonical\" href=\"https:\/\/lanordica.fi\/fi\/product\/rosa-xxl-vuolukivi\/\" \/>\n<meta property=\"og:locale\" content=\"fi_FI\" \/>\n<meta property=\"og:type\" content=\"article\" \/>\n<meta property=\"og:title\" content=\"Rosa XXL Vuolukivi - La Nordica - Suomi\" \/>\n<meta property=\"og:description\" content=\"Isokokoinen puuhella eritt\u00e4in suurella paistouunilla ja vuolukivikuorilla. Kuoret tuovat 70 kg lis\u00e4painoa, joilla hella pysyy l\u00e4mpim\u00e4n\u00e4\" \/>\n<meta property=\"og:url\" content=\"https:\/\/lanordica.fi\/fi\/product\/rosa-xxl-vuolukivi\/\" \/>\n<meta property=\"og:site_name\" content=\"La Nordica - Suomi\" \/>\n<meta property=\"article:modified_time\" content=\"2025-04-15T07:17:35+00:00\" \/>\n<meta property=\"og:image\" content=\"https:\/\/lanordica.fi\/wp-content\/uploads\/2019\/03\/Rosa-XXL-vuolukivi-puuliesi.jpg\" \/>\n\t<meta property=\"og:image:width\" content=\"1200\" \/>\n\t<meta property=\"og:image:height\" content=\"1183\" \/>\n\t<meta property=\"og:image:type\" content=\"image\/jpeg\" \/>\n<meta name=\"twitter:card\" content=\"summary_large_image\" \/>\n<meta name=\"twitter:label1\" content=\"Arvioitu lukuaika\" \/>\n\t<meta name=\"twitter:data1\" content=\"1 minuutti\" \/>\n<script type=\"application\/ld+json\" class=\"yoast-schema-graph\">{\"@context\":\"https:\\\/\\\/schema.org\",\"@graph\":[{\"@type\":\"WebPage\",\"@id\":\"https:\\\/\\\/lanordica.fi\\\/product\\\/rosa-xxl-vuolukivi\\\/\",\"url\":\"https:\\\/\\\/lanordica.fi\\\/product\\\/rosa-xxl-vuolukivi\\\/\",\"name\":\"Rosa XXL Vuolukivi - La Nordica - Suomi\",\"isPartOf\":{\"@id\":\"https:\\\/\\\/lanordica.fi\\\/#website\"},\"primaryImageOfPage\":{\"@id\":\"https:\\\/\\\/lanordica.fi\\\/product\\\/rosa-xxl-vuolukivi\\\/#primaryimage\"},\"image\":{\"@id\":\"https:\\\/\\\/lanordica.fi\\\/product\\\/rosa-xxl-vuolukivi\\\/#primaryimage\"},\"thumbnailUrl\":\"https:\\\/\\\/i0.wp.com\\\/lanordica.fi\\\/wp-content\\\/uploads\\\/2019\\\/03\\\/Rosa-XXL-vuolukivi-puuliesi.jpg?fit=1200%2C1183&ssl=1\",\"datePublished\":\"2019-03-19T09:45:39+00:00\",\"dateModified\":\"2025-04-15T07:17:35+00:00\",\"description\":\"Isokokoinen puuhella eritt\u00e4in suurella paistouunilla ja vuolukivikuorilla. Kuoret tuovat 70 kg lis\u00e4painoa, joilla hella pysyy l\u00e4mpim\u00e4n\u00e4\",\"breadcrumb\":{\"@id\":\"https:\\\/\\\/lanordica.fi\\\/product\\\/rosa-xxl-vuolukivi\\\/#breadcrumb\"},\"inLanguage\":\"fi\",\"potentialAction\":[{\"@type\":\"ReadAction\",\"target\":[\"https:\\\/\\\/lanordica.fi\\\/product\\\/rosa-xxl-vuolukivi\\\/\"]}]},{\"@type\":\"ImageObject\",\"inLanguage\":\"fi\",\"@id\":\"https:\\\/\\\/lanordica.fi\\\/product\\\/rosa-xxl-vuolukivi\\\/#primaryimage\",\"url\":\"https:\\\/\\\/i0.wp.com\\\/lanordica.fi\\\/wp-content\\\/uploads\\\/2019\\\/03\\\/Rosa-XXL-vuolukivi-puuliesi.jpg?fit=1200%2C1183&ssl=1\",\"contentUrl\":\"https:\\\/\\\/i0.wp.com\\\/lanordica.fi\\\/wp-content\\\/uploads\\\/2019\\\/03\\\/Rosa-XXL-vuolukivi-puuliesi.jpg?fit=1200%2C1183&ssl=1\",\"width\":1200,\"height\":1183},{\"@type\":\"BreadcrumbList\",\"@id\":\"https:\\\/\\\/lanordica.fi\\\/product\\\/rosa-xxl-vuolukivi\\\/#breadcrumb\",\"itemListElement\":[{\"@type\":\"ListItem\",\"position\":1,\"name\":\"Home\",\"item\":\"https:\\\/\\\/lanordica.fi\\\/\"},{\"@type\":\"ListItem\",\"position\":2,\"name\":\"Kauppa\",\"item\":\"https:\\\/\\\/lanordica.fi\\\/shop\\\/\"},{\"@type\":\"ListItem\",\"position\":3,\"name\":\"Rosa XXL Vuolukivi\"}]},{\"@type\":\"WebSite\",\"@id\":\"https:\\\/\\\/lanordica.fi\\\/#website\",\"url\":\"https:\\\/\\\/lanordica.fi\\\/\",\"name\":\"La Nordica - Suomi\",\"description\":\"L\u00e4mp\u00f6\u00e4 kotiisi\",\"publisher\":{\"@id\":\"https:\\\/\\\/lanordica.fi\\\/#organization\"},\"potentialAction\":[{\"@type\":\"SearchAction\",\"target\":{\"@type\":\"EntryPoint\",\"urlTemplate\":\"https:\\\/\\\/lanordica.fi\\\/?s={search_term_string}\"},\"query-input\":{\"@type\":\"PropertyValueSpecification\",\"valueRequired\":true,\"valueName\":\"search_term_string\"}}],\"inLanguage\":\"fi\"},{\"@type\":\"Organization\",\"@id\":\"https:\\\/\\\/lanordica.fi\\\/#organization\",\"name\":\"La Nordica - Suomi\",\"url\":\"https:\\\/\\\/lanordica.fi\\\/\",\"logo\":{\"@type\":\"ImageObject\",\"inLanguage\":\"fi\",\"@id\":\"https:\\\/\\\/lanordica.fi\\\/#\\\/schema\\\/logo\\\/image\\\/\",\"url\":\"https:\\\/\\\/i0.wp.com\\\/lanordica.fi\\\/wp-content\\\/uploads\\\/2018\\\/03\\\/lanordica-fi.png?fit=768%2C282&ssl=1\",\"contentUrl\":\"https:\\\/\\\/i0.wp.com\\\/lanordica.fi\\\/wp-content\\\/uploads\\\/2018\\\/03\\\/lanordica-fi.png?fit=768%2C282&ssl=1\",\"width\":768,\"height\":282,\"caption\":\"La Nordica - Suomi\"},\"image\":{\"@id\":\"https:\\\/\\\/lanordica.fi\\\/#\\\/schema\\\/logo\\\/image\\\/\"}}]}<\/script>\n<!-- \/ Yoast SEO plugin. -->","yoast_head_json":{"title":"Rosa XXL Vuolukivi - La Nordica - Suomi","description":"Isokokoinen puuhella eritt\u00e4in suurella paistouunilla ja vuolukivikuorilla. Kuoret tuovat 70 kg lis\u00e4painoa, joilla hella pysyy l\u00e4mpim\u00e4n\u00e4","robots":{"index":"index","follow":"follow","max-snippet":"max-snippet:-1","max-image-preview":"max-image-preview:large","max-video-preview":"max-video-preview:-1"},"canonical":"https:\/\/lanordica.fi\/fi\/product\/rosa-xxl-vuolukivi\/","og_locale":"fi_FI","og_type":"article","og_title":"Rosa XXL Vuolukivi - La Nordica - Suomi","og_description":"Isokokoinen puuhella eritt\u00e4in suurella paistouunilla ja vuolukivikuorilla. Kuoret tuovat 70 kg lis\u00e4painoa, joilla hella pysyy l\u00e4mpim\u00e4n\u00e4","og_url":"https:\/\/lanordica.fi\/fi\/product\/rosa-xxl-vuolukivi\/","og_site_name":"La Nordica - Suomi","article_modified_time":"2025-04-15T07:17:35+00:00","og_image":[{"width":1200,"height":1183,"url":"https:\/\/lanordica.fi\/wp-content\/uploads\/2019\/03\/Rosa-XXL-vuolukivi-puuliesi.jpg","type":"image\/jpeg"}],"twitter_card":"summary_large_image","twitter_misc":{"Arvioitu lukuaika":"1 minuutti"},"schema":{"@context":"https:\/\/schema.org","@graph":[{"@type":"WebPage","@id":"https:\/\/lanordica.fi\/product\/rosa-xxl-vuolukivi\/","url":"https:\/\/lanordica.fi\/product\/rosa-xxl-vuolukivi\/","name":"Rosa XXL Vuolukivi - La Nordica - Suomi","isPartOf":{"@id":"https:\/\/lanordica.fi\/#website"},"primaryImageOfPage":{"@id":"https:\/\/lanordica.fi\/product\/rosa-xxl-vuolukivi\/#primaryimage"},"image":{"@id":"https:\/\/lanordica.fi\/product\/rosa-xxl-vuolukivi\/#primaryimage"},"thumbnailUrl":"https:\/\/i0.wp.com\/lanordica.fi\/wp-content\/uploads\/2019\/03\/Rosa-XXL-vuolukivi-puuliesi.jpg?fit=1200%2C1183&ssl=1","datePublished":"2019-03-19T09:45:39+00:00","dateModified":"2025-04-15T07:17:35+00:00","description":"Isokokoinen puuhella eritt\u00e4in suurella paistouunilla ja vuolukivikuorilla. Kuoret tuovat 70 kg lis\u00e4painoa, joilla hella pysyy l\u00e4mpim\u00e4n\u00e4","breadcrumb":{"@id":"https:\/\/lanordica.fi\/product\/rosa-xxl-vuolukivi\/#breadcrumb"},"inLanguage":"fi","potentialAction":[{"@type":"ReadAction","target":["https:\/\/lanordica.fi\/product\/rosa-xxl-vuolukivi\/"]}]},{"@type":"ImageObject","inLanguage":"fi","@id":"https:\/\/lanordica.fi\/product\/rosa-xxl-vuolukivi\/#primaryimage","url":"https:\/\/i0.wp.com\/lanordica.fi\/wp-content\/uploads\/2019\/03\/Rosa-XXL-vuolukivi-puuliesi.jpg?fit=1200%2C1183&ssl=1","contentUrl":"https:\/\/i0.wp.com\/lanordica.fi\/wp-content\/uploads\/2019\/03\/Rosa-XXL-vuolukivi-puuliesi.jpg?fit=1200%2C1183&ssl=1","width":1200,"height":1183},{"@type":"BreadcrumbList","@id":"https:\/\/lanordica.fi\/product\/rosa-xxl-vuolukivi\/#breadcrumb","itemListElement":[{"@type":"ListItem","position":1,"name":"Home","item":"https:\/\/lanordica.fi\/"},{"@type":"ListItem","position":2,"name":"Kauppa","item":"https:\/\/lanordica.fi\/shop\/"},{"@type":"ListItem","position":3,"name":"Rosa XXL Vuolukivi"}]},{"@type":"WebSite","@id":"https:\/\/lanordica.fi\/#website","url":"https:\/\/lanordica.fi\/","name":"La Nordica - Suomi","description":"L\u00e4mp\u00f6\u00e4 kotiisi","publisher":{"@id":"https:\/\/lanordica.fi\/#organization"},"potentialAction":[{"@type":"SearchAction","target":{"@type":"EntryPoint","urlTemplate":"https:\/\/lanordica.fi\/?s={search_term_string}"},"query-input":{"@type":"PropertyValueSpecification","valueRequired":true,"valueName":"search_term_string"}}],"inLanguage":"fi"},{"@type":"Organization","@id":"https:\/\/lanordica.fi\/#organization","name":"La Nordica - Suomi","url":"https:\/\/lanordica.fi\/","logo":{"@type":"ImageObject","inLanguage":"fi","@id":"https:\/\/lanordica.fi\/#\/schema\/logo\/image\/","url":"https:\/\/i0.wp.com\/lanordica.fi\/wp-content\/uploads\/2018\/03\/lanordica-fi.png?fit=768%2C282&ssl=1","contentUrl":"https:\/\/i0.wp.com\/lanordica.fi\/wp-content\/uploads\/2018\/03\/lanordica-fi.png?fit=768%2C282&ssl=1","width":768,"height":282,"caption":"La Nordica - Suomi"},"image":{"@id":"https:\/\/lanordica.fi\/#\/schema\/logo\/image\/"}}]}},"jetpack_publicize_connections":[],"jetpack_sharing_enabled":true,"jetpack_likes_enabled":true,"_links":{"self":[{"href":"https:\/\/lanordica.fi\/fi\/wp-json\/wp\/v2\/product\/1025","targetHints":{"allow":["GET"]}}],"collection":[{"href":"https:\/\/lanordica.fi\/fi\/wp-json\/wp\/v2\/product"}],"about":[{"href":"https:\/\/lanordica.fi\/fi\/wp-json\/wp\/v2\/types\/product"}],"version-history":[{"count":6,"href":"https:\/\/lanordica.fi\/fi\/wp-json\/wp\/v2\/product\/1025\/revisions"}],"predecessor-version":[{"id":11587,"href":"https:\/\/lanordica.fi\/fi\/wp-json\/wp\/v2\/product\/1025\/revisions\/11587"}],"wp:featuredmedia":[{"embeddable":true,"href":"https:\/\/lanordica.fi\/fi\/wp-json\/wp\/v2\/media\/1026"}],"wp:attachment":[{"href":"https:\/\/lanordica.fi\/fi\/wp-json\/wp\/v2\/media?parent=1025"}],"wp:term":[{"taxonomy":"product_brand","embeddable":true,"href":"https:\/\/lanordica.fi\/fi\/wp-json\/wp\/v2\/product_brand?post=1025"},{"taxonomy":"product_cat","embeddable":true,"href":"https:\/\/lanordica.fi\/fi\/wp-json\/wp\/v2\/product_cat?post=1025"},{"taxonomy":"product_tag","embeddable":true,"href":"https:\/\/lanordica.fi\/fi\/wp-json\/wp\/v2\/product_tag?post=1025"}],"curies":[{"name":"wp","href":"https:\/\/api.w.org\/{rel}","templated":true}]}}