{"id":10134,"date":"2024-09-24T10:26:21","date_gmt":"2024-09-24T10:26:21","guid":{"rendered":"https:\/\/lanordica.fi\/?post_type=product&#038;p=10134"},"modified":"2025-04-15T07:07:23","modified_gmt":"2025-04-15T07:07:23","slug":"rosa-5-0-maiolica","status":"publish","type":"product","link":"https:\/\/lanordica.fi\/fi\/product\/rosa-5-0-maiolica\/","title":{"rendered":"Rosa 5.0 Maiolica"},"content":{"rendered":"<p>Mitat (L x K x S): 1030 x 851 x 666 mm<br \/>\nTeho: 8,8 kW<br \/>\nPaino:\u00a0 204 kg<br \/>\nTulipes\u00e4n koko:\u00a0 mm<br \/>\nLuukun koko:\u00a0 mm<br \/>\nUunin koko:\u00a0 mm<br \/>\nL\u00e4mmitysala: 252 m\u00b3<br \/>\nHormiliitos: 150 mm p\u00e4\u00e4lt\u00e4 tai takaa (oikea reuna)<br \/>\nS\u00e4\u00e4dett\u00e4v\u00e4 ensi\u00f6ilma: kyll\u00e4<br \/>\nS\u00e4\u00e4dett\u00e4v\u00e4 toisioilma: kyll\u00e4<br \/>\nTertiaari-ilma: esis\u00e4\u00e4detty<br \/>\nJ\u00e4lkipoltto: kyll\u00e4<br \/>\nHy\u00f6tysuhde: 85,4 %<br \/>\nPolttoaineen kulutus: 2,3 kg\/h<br \/>\nSavukaasujen keskil\u00e4mp\u00f6tila: 192 \u00b0C<br \/>\nCO p\u00e4\u00e4st\u00f6t: 0,067 %<br \/>\nHiukkasp\u00e4\u00e4st\u00f6t: 44 mg\/m\u00b3 (13% O2)<\/p>\n<p>Suojaet\u00e4isyydet:<br \/>\nTaakse: 400 mm<br \/>\nSivuille: 300 mm<br \/>\nEteen: 1000 mm<\/p>\n<p>K\u00e4ytt\u00f6ohje: Kyll\u00e4, alkuper\u00e4isen ohjeen Suomi-k\u00e4\u00e4nn\u00f6s<br \/>\n<a href=\"https:\/\/www.lanordica-extraflame.com\/en\/products\/woodburning-cookers\/rosa-50-maiolica\">Valmistajan alkuper\u00e4iset sivut<\/a><br \/>\n<a href=\"https:\/\/www.lanordica-extraflame.com\/sites\/default\/files\/documenti_temp\/007193126-000_dop_rosa_5.0_maiolica_0.pdf\">Suoritustasoilmoitus.pdf<\/a><br \/>\n<a href=\"https:\/\/www.lanordica-extraflame.com\/sites\/default\/files\/documenti_temp\/005280256-000_deco_rosa_5.0_maiolica.pdf\">Ecodesing todistus.pdf<\/a><\/p>\n<p><strong>Hellan mukana toimitetaan Uunipelti<\/strong><\/p>\n","protected":false},"excerpt":{"rendered":"<p>T\u00e4m\u00e4 tuote t\u00e4ytt\u00e4\u00e4 <a href=\"https:\/\/eur-lex.europa.eu\/legal-content\/FI\/TXT\/?uri=CELEX%3A32015R1185&amp;qid=1605877565931\">2022 Ekosuunnittelu vaatimukset<\/a><\/p>\n<p>Massiivisin keraamikoristein varusteltu Rosa. Suuri pes\u00e4 lasiluukulla mahdollistaa n\u00e4kym\u00e4n tulelle. Suurempi uuni kuin Rosetta hellassa. Puuns\u00e4ilytyslaatikko mahdollistaa kaiken hy\u00f6dyn niin kotona kuin m\u00f6kill\u00e4kin.Tulipes\u00e4ss\u00e4 huippuunsa hiottu polttotekniikka, jolla poltat isojakin puita mahdollisimman pitk\u00e4\u00e4n, jopa illasta aamuun asti yhdell\u00e4 puunlis\u00e4yksell\u00e4! Uunin alla haudutuslaatikko, jossa voit hauduttaa erilaisia laatikkoruokia. L\u00e4mp\u00f6tilaa s\u00e4\u00e4d\u00e4t k\u00e4tev\u00e4sti ilmans\u00e4\u00e4t\u00f6venttiili.<\/p>\n<p><strong>Takuu 2+3 vuotta<\/strong> kaikille tuotteille jotka hankitaan t\u00e4lle sivulle listatusta myym\u00e4l\u00e4st\u00e4.<br \/>\nLis\u00e4takuun rekister\u00f6inti <a href=\"https:\/\/lanordica.fi\/rekisteroi-lanordican-lisatakuu\/\">t\u00e4st\u00e4<\/a><\/p>\n<p><strong>Hellan mukana toimitetaan uunipelti<\/strong><\/p>\n","protected":false},"featured_media":10139,"template":"","meta":{"_monsterinsights_skip_tracking":false,"_monsterinsights_sitenote_active":false,"_monsterinsights_sitenote_note":"","_monsterinsights_sitenote_category":0,"jetpack_publicize_message":"","jetpack_publicize_feature_enabled":true,"jetpack_social_post_already_shared":true,"jetpack_social_options":{"image_generator_settings":{"template":"highway","default_image_id":0,"font":"","enabled":false},"version":2},"_wpas_customize_per_network":false},"product_brand":[],"product_cat":[1373],"product_tag":[1405,1398,1466,1469,1381,1396,1425,1461,1389,1392,1427,1462],"class_list":{"0":"post-10134","1":"product","2":"type-product","3":"status-publish","4":"has-post-thumbnail","6":"product_cat-puuhellat","7":"product_tag-kaakeli","8":"product_tag-keittolevy","9":"product_tag-paaltalahto","10":"product_tag-punainen","11":"product_tag-puuhella","12":"product_tag-rosetta","13":"product_tag-ruskea","14":"product_tag-takalahto","15":"product_tag-uuni","16":"product_tag-uunipelti","17":"product_tag-valkoinen","18":"product_tag-ylalahto","19":"product_shipping_class-puuhella","21":"first","22":"instock","23":"taxable","24":"shipping-taxable","25":"purchasable","26":"product-type-variable"},"yoast_head":"<!-- This site is optimized with the Yoast SEO plugin v27.6 - https:\/\/yoast.com\/product\/yoast-seo-wordpress\/ -->\n<title>Rosa 5.0 Maiolica - La Nordica - Suomi<\/title>\n<meta name=\"description\" content=\"Rosa Maiolica on varustettu massiivisilla Italiassa k\u00e4sin valmistetuilla keraamisilla kuorilla. Maiolica kuoret peitt\u00e4v\u00e4t my\u00f6s nurkat.\" \/>\n<meta name=\"robots\" content=\"index, follow, max-snippet:-1, max-image-preview:large, max-video-preview:-1\" \/>\n<link rel=\"canonical\" href=\"https:\/\/lanordica.fi\/fi\/product\/rosa-5-0-maiolica\/\" \/>\n<meta property=\"og:locale\" content=\"fi_FI\" \/>\n<meta property=\"og:type\" content=\"article\" \/>\n<meta property=\"og:title\" content=\"Rosa 5.0 Maiolica - La Nordica - Suomi\" \/>\n<meta property=\"og:description\" content=\"Rosa Maiolica on varustettu massiivisilla Italiassa k\u00e4sin valmistetuilla keraamisilla kuorilla. Maiolica kuoret peitt\u00e4v\u00e4t my\u00f6s nurkat.\" \/>\n<meta property=\"og:url\" content=\"https:\/\/lanordica.fi\/fi\/product\/rosa-5-0-maiolica\/\" \/>\n<meta property=\"og:site_name\" content=\"La Nordica - Suomi\" \/>\n<meta property=\"article:modified_time\" content=\"2025-04-15T07:07:23+00:00\" \/>\n<meta property=\"og:image\" content=\"https:\/\/lanordica.fi\/wp-content\/uploads\/2024\/09\/rosa5.0_maiolica_boxprinc-min_0.jpg\" \/>\n\t<meta property=\"og:image:width\" content=\"582\" \/>\n\t<meta property=\"og:image:height\" content=\"542\" \/>\n\t<meta property=\"og:image:type\" content=\"image\/jpeg\" \/>\n<meta name=\"twitter:card\" content=\"summary_large_image\" \/>\n<meta name=\"twitter:label1\" content=\"Arvioitu lukuaika\" \/>\n\t<meta name=\"twitter:data1\" content=\"1 minuutti\" \/>\n<script type=\"application\/ld+json\" class=\"yoast-schema-graph\">{\"@context\":\"https:\\\/\\\/schema.org\",\"@graph\":[{\"@type\":\"WebPage\",\"@id\":\"https:\\\/\\\/lanordica.fi\\\/product\\\/rosa-5-0-maiolica\\\/\",\"url\":\"https:\\\/\\\/lanordica.fi\\\/product\\\/rosa-5-0-maiolica\\\/\",\"name\":\"Rosa 5.0 Maiolica - La Nordica - Suomi\",\"isPartOf\":{\"@id\":\"https:\\\/\\\/lanordica.fi\\\/#website\"},\"primaryImageOfPage\":{\"@id\":\"https:\\\/\\\/lanordica.fi\\\/product\\\/rosa-5-0-maiolica\\\/#primaryimage\"},\"image\":{\"@id\":\"https:\\\/\\\/lanordica.fi\\\/product\\\/rosa-5-0-maiolica\\\/#primaryimage\"},\"thumbnailUrl\":\"https:\\\/\\\/i0.wp.com\\\/lanordica.fi\\\/wp-content\\\/uploads\\\/2024\\\/09\\\/rosa5.0_maiolica_boxprinc-min_0.jpg?fit=582%2C542&ssl=1\",\"datePublished\":\"2024-09-24T10:26:21+00:00\",\"dateModified\":\"2025-04-15T07:07:23+00:00\",\"description\":\"Rosa Maiolica on varustettu massiivisilla Italiassa k\u00e4sin valmistetuilla keraamisilla kuorilla. Maiolica kuoret peitt\u00e4v\u00e4t my\u00f6s nurkat.\",\"breadcrumb\":{\"@id\":\"https:\\\/\\\/lanordica.fi\\\/product\\\/rosa-5-0-maiolica\\\/#breadcrumb\"},\"inLanguage\":\"fi\",\"potentialAction\":[{\"@type\":\"ReadAction\",\"target\":[\"https:\\\/\\\/lanordica.fi\\\/product\\\/rosa-5-0-maiolica\\\/\"]}]},{\"@type\":\"ImageObject\",\"inLanguage\":\"fi\",\"@id\":\"https:\\\/\\\/lanordica.fi\\\/product\\\/rosa-5-0-maiolica\\\/#primaryimage\",\"url\":\"https:\\\/\\\/i0.wp.com\\\/lanordica.fi\\\/wp-content\\\/uploads\\\/2024\\\/09\\\/rosa5.0_maiolica_boxprinc-min_0.jpg?fit=582%2C542&ssl=1\",\"contentUrl\":\"https:\\\/\\\/i0.wp.com\\\/lanordica.fi\\\/wp-content\\\/uploads\\\/2024\\\/09\\\/rosa5.0_maiolica_boxprinc-min_0.jpg?fit=582%2C542&ssl=1\",\"width\":582,\"height\":542},{\"@type\":\"BreadcrumbList\",\"@id\":\"https:\\\/\\\/lanordica.fi\\\/product\\\/rosa-5-0-maiolica\\\/#breadcrumb\",\"itemListElement\":[{\"@type\":\"ListItem\",\"position\":1,\"name\":\"Home\",\"item\":\"https:\\\/\\\/lanordica.fi\\\/\"},{\"@type\":\"ListItem\",\"position\":2,\"name\":\"Kauppa\",\"item\":\"https:\\\/\\\/lanordica.fi\\\/shop\\\/\"},{\"@type\":\"ListItem\",\"position\":3,\"name\":\"Rosa 5.0 Maiolica\"}]},{\"@type\":\"WebSite\",\"@id\":\"https:\\\/\\\/lanordica.fi\\\/#website\",\"url\":\"https:\\\/\\\/lanordica.fi\\\/\",\"name\":\"La Nordica - Suomi\",\"description\":\"L\u00e4mp\u00f6\u00e4 kotiisi\",\"publisher\":{\"@id\":\"https:\\\/\\\/lanordica.fi\\\/#organization\"},\"potentialAction\":[{\"@type\":\"SearchAction\",\"target\":{\"@type\":\"EntryPoint\",\"urlTemplate\":\"https:\\\/\\\/lanordica.fi\\\/?s={search_term_string}\"},\"query-input\":{\"@type\":\"PropertyValueSpecification\",\"valueRequired\":true,\"valueName\":\"search_term_string\"}}],\"inLanguage\":\"fi\"},{\"@type\":\"Organization\",\"@id\":\"https:\\\/\\\/lanordica.fi\\\/#organization\",\"name\":\"La Nordica - Suomi\",\"url\":\"https:\\\/\\\/lanordica.fi\\\/\",\"logo\":{\"@type\":\"ImageObject\",\"inLanguage\":\"fi\",\"@id\":\"https:\\\/\\\/lanordica.fi\\\/#\\\/schema\\\/logo\\\/image\\\/\",\"url\":\"https:\\\/\\\/i0.wp.com\\\/lanordica.fi\\\/wp-content\\\/uploads\\\/2018\\\/03\\\/lanordica-fi.png?fit=768%2C282&ssl=1\",\"contentUrl\":\"https:\\\/\\\/i0.wp.com\\\/lanordica.fi\\\/wp-content\\\/uploads\\\/2018\\\/03\\\/lanordica-fi.png?fit=768%2C282&ssl=1\",\"width\":768,\"height\":282,\"caption\":\"La Nordica - Suomi\"},\"image\":{\"@id\":\"https:\\\/\\\/lanordica.fi\\\/#\\\/schema\\\/logo\\\/image\\\/\"}}]}<\/script>\n<!-- \/ Yoast SEO plugin. -->","yoast_head_json":{"title":"Rosa 5.0 Maiolica - La Nordica - Suomi","description":"Rosa Maiolica on varustettu massiivisilla Italiassa k\u00e4sin valmistetuilla keraamisilla kuorilla. Maiolica kuoret peitt\u00e4v\u00e4t my\u00f6s nurkat.","robots":{"index":"index","follow":"follow","max-snippet":"max-snippet:-1","max-image-preview":"max-image-preview:large","max-video-preview":"max-video-preview:-1"},"canonical":"https:\/\/lanordica.fi\/fi\/product\/rosa-5-0-maiolica\/","og_locale":"fi_FI","og_type":"article","og_title":"Rosa 5.0 Maiolica - La Nordica - Suomi","og_description":"Rosa Maiolica on varustettu massiivisilla Italiassa k\u00e4sin valmistetuilla keraamisilla kuorilla. Maiolica kuoret peitt\u00e4v\u00e4t my\u00f6s nurkat.","og_url":"https:\/\/lanordica.fi\/fi\/product\/rosa-5-0-maiolica\/","og_site_name":"La Nordica - Suomi","article_modified_time":"2025-04-15T07:07:23+00:00","og_image":[{"width":582,"height":542,"url":"https:\/\/lanordica.fi\/wp-content\/uploads\/2024\/09\/rosa5.0_maiolica_boxprinc-min_0.jpg","type":"image\/jpeg"}],"twitter_card":"summary_large_image","twitter_misc":{"Arvioitu lukuaika":"1 minuutti"},"schema":{"@context":"https:\/\/schema.org","@graph":[{"@type":"WebPage","@id":"https:\/\/lanordica.fi\/product\/rosa-5-0-maiolica\/","url":"https:\/\/lanordica.fi\/product\/rosa-5-0-maiolica\/","name":"Rosa 5.0 Maiolica - La Nordica - Suomi","isPartOf":{"@id":"https:\/\/lanordica.fi\/#website"},"primaryImageOfPage":{"@id":"https:\/\/lanordica.fi\/product\/rosa-5-0-maiolica\/#primaryimage"},"image":{"@id":"https:\/\/lanordica.fi\/product\/rosa-5-0-maiolica\/#primaryimage"},"thumbnailUrl":"https:\/\/i0.wp.com\/lanordica.fi\/wp-content\/uploads\/2024\/09\/rosa5.0_maiolica_boxprinc-min_0.jpg?fit=582%2C542&ssl=1","datePublished":"2024-09-24T10:26:21+00:00","dateModified":"2025-04-15T07:07:23+00:00","description":"Rosa Maiolica on varustettu massiivisilla Italiassa k\u00e4sin valmistetuilla keraamisilla kuorilla. Maiolica kuoret peitt\u00e4v\u00e4t my\u00f6s nurkat.","breadcrumb":{"@id":"https:\/\/lanordica.fi\/product\/rosa-5-0-maiolica\/#breadcrumb"},"inLanguage":"fi","potentialAction":[{"@type":"ReadAction","target":["https:\/\/lanordica.fi\/product\/rosa-5-0-maiolica\/"]}]},{"@type":"ImageObject","inLanguage":"fi","@id":"https:\/\/lanordica.fi\/product\/rosa-5-0-maiolica\/#primaryimage","url":"https:\/\/i0.wp.com\/lanordica.fi\/wp-content\/uploads\/2024\/09\/rosa5.0_maiolica_boxprinc-min_0.jpg?fit=582%2C542&ssl=1","contentUrl":"https:\/\/i0.wp.com\/lanordica.fi\/wp-content\/uploads\/2024\/09\/rosa5.0_maiolica_boxprinc-min_0.jpg?fit=582%2C542&ssl=1","width":582,"height":542},{"@type":"BreadcrumbList","@id":"https:\/\/lanordica.fi\/product\/rosa-5-0-maiolica\/#breadcrumb","itemListElement":[{"@type":"ListItem","position":1,"name":"Home","item":"https:\/\/lanordica.fi\/"},{"@type":"ListItem","position":2,"name":"Kauppa","item":"https:\/\/lanordica.fi\/shop\/"},{"@type":"ListItem","position":3,"name":"Rosa 5.0 Maiolica"}]},{"@type":"WebSite","@id":"https:\/\/lanordica.fi\/#website","url":"https:\/\/lanordica.fi\/","name":"La Nordica - Suomi","description":"L\u00e4mp\u00f6\u00e4 kotiisi","publisher":{"@id":"https:\/\/lanordica.fi\/#organization"},"potentialAction":[{"@type":"SearchAction","target":{"@type":"EntryPoint","urlTemplate":"https:\/\/lanordica.fi\/?s={search_term_string}"},"query-input":{"@type":"PropertyValueSpecification","valueRequired":true,"valueName":"search_term_string"}}],"inLanguage":"fi"},{"@type":"Organization","@id":"https:\/\/lanordica.fi\/#organization","name":"La Nordica - Suomi","url":"https:\/\/lanordica.fi\/","logo":{"@type":"ImageObject","inLanguage":"fi","@id":"https:\/\/lanordica.fi\/#\/schema\/logo\/image\/","url":"https:\/\/i0.wp.com\/lanordica.fi\/wp-content\/uploads\/2018\/03\/lanordica-fi.png?fit=768%2C282&ssl=1","contentUrl":"https:\/\/i0.wp.com\/lanordica.fi\/wp-content\/uploads\/2018\/03\/lanordica-fi.png?fit=768%2C282&ssl=1","width":768,"height":282,"caption":"La Nordica - Suomi"},"image":{"@id":"https:\/\/lanordica.fi\/#\/schema\/logo\/image\/"}}]}},"jetpack_publicize_connections":[],"jetpack_sharing_enabled":true,"jetpack_likes_enabled":true,"_links":{"self":[{"href":"https:\/\/lanordica.fi\/fi\/wp-json\/wp\/v2\/product\/10134","targetHints":{"allow":["GET"]}}],"collection":[{"href":"https:\/\/lanordica.fi\/fi\/wp-json\/wp\/v2\/product"}],"about":[{"href":"https:\/\/lanordica.fi\/fi\/wp-json\/wp\/v2\/types\/product"}],"version-history":[{"count":3,"href":"https:\/\/lanordica.fi\/fi\/wp-json\/wp\/v2\/product\/10134\/revisions"}],"predecessor-version":[{"id":11573,"href":"https:\/\/lanordica.fi\/fi\/wp-json\/wp\/v2\/product\/10134\/revisions\/11573"}],"wp:featuredmedia":[{"embeddable":true,"href":"https:\/\/lanordica.fi\/fi\/wp-json\/wp\/v2\/media\/10139"}],"wp:attachment":[{"href":"https:\/\/lanordica.fi\/fi\/wp-json\/wp\/v2\/media?parent=10134"}],"wp:term":[{"taxonomy":"product_brand","embeddable":true,"href":"https:\/\/lanordica.fi\/fi\/wp-json\/wp\/v2\/product_brand?post=10134"},{"taxonomy":"product_cat","embeddable":true,"href":"https:\/\/lanordica.fi\/fi\/wp-json\/wp\/v2\/product_cat?post=10134"},{"taxonomy":"product_tag","embeddable":true,"href":"https:\/\/lanordica.fi\/fi\/wp-json\/wp\/v2\/product_tag?post=10134"}],"curies":[{"name":"wp","href":"https:\/\/api.w.org\/{rel}","templated":true}]}}